{"id":19124,"date":"2024-11-24T16:54:29","date_gmt":"2024-11-24T16:54:29","guid":{"rendered":"https:\/\/suresms.com\/?page_id=19124"},"modified":"2024-11-24T17:09:19","modified_gmt":"2024-11-24T17:09:19","slug":"caracteristiques-2","status":"publish","type":"page","link":"https:\/\/suresms.com\/fr\/politikker\/","title":{"rendered":"Politiques"},"content":{"rendered":"<!-- Flexy Breadcrumb -->\r\n\t\t\t<div class=\"fbc fbc-page\">\r\n\r\n\t\t\t\t<!-- Breadcrumb wrapper -->\r\n\t\t\t\t<div class=\"fbc-wrap\">\r\n\r\n\t\t\t\t\t<!-- Ordered list-->\r\n\t\t\t\t\t<ol class=\"fbc-items\" itemscope itemtype=\"https:\/\/schema.org\/BreadcrumbList\">\r\n\t\t\t\t\t\t            <li itemprop=\"itemListElement\" itemscope itemtype=\"https:\/\/schema.org\/ListItem\">\r\n                <span itemprop=\"name\">\r\n                    <!-- Home Link -->\r\n                    <a itemprop=\"item\" href=\"https:\/\/suresms.com\/fr\/\">\r\n                    \r\n                                                    <i class=\"fa fa-home\" aria-hidden=\"true\"><\/i>Accueil                    <\/a>\r\n                <\/span>\r\n                <meta itemprop=\"position\" content=\"1\" \/><!-- Meta Position-->\r\n             <\/li><li><span class=\"fbc-separator\">\/<\/span><\/li><li class=\"active\" itemprop=\"itemListElement\" itemscope itemtype=\"https:\/\/schema.org\/ListItem\"><span itemprop=\"name\" title=\"Politiques\">Politiques<\/span><meta itemprop=\"position\" content=\"2\" \/><\/li>\t\t\t\t\t<\/ol>\r\n\t\t\t\t\t<div class=\"clearfix\"><\/div>\r\n\t\t\t\t<\/div>\r\n\t\t\t<\/div>\r\n\t\t\t\n\t<h1>Politiques<\/h1>\n<p>Chez SureSMS, nous accordons une grande importance \u00e0 la transparence et \u00e0 la responsabilit\u00e9. Nous avons rassembl\u00e9 nos politiques ici afin que vous puissiez facilement trouver des informations sur la fa\u00e7on dont nous prot\u00e9geons vos droits, traitons les donn\u00e9es et veillons \u00e0 ce que nos services r\u00e9pondent aux normes les plus \u00e9lev\u00e9es.<\/p>\n<h3>Nos politiques<\/h3>\n<ul>\n<li><strong><a href=\"https:\/\/suresms.com\/fr\/a-propos-de-suresms\/politique-de-confidentialite\/\">Politique de confidentialit\u00e9<\/a>:<\/strong> Nous prenons votre vie priv\u00e9e au s\u00e9rieux. Lisez comment nous prot\u00e9geons vos donn\u00e9es personnelles et veillons \u00e0 ce qu'elles soient trait\u00e9es conform\u00e9ment aux lois applicables.<\/li>\n<li><strong><a href=\"https:\/\/suresms.com\/fr\/gdpr\/\">Politique de traitement des donn\u00e9es<\/a>:<\/strong> Nous assurons un traitement s\u00fbr et responsable de vos donn\u00e9es, y compris le stockage, le traitement et le partage des informations.<\/li>\n<li><strong><a href=\"https:\/\/suresms.com\/fr\/a-propos-de-suresms\/cookies-et-politique-de-la-vie-privee-suresmes\/\">Cookies et suivi<\/a>:<\/strong> Pour vous offrir la meilleure exp\u00e9rience utilisateur possible, nous utilisons des cookies. Vous pouvez lire ici comment ils sont utilis\u00e9s et comment vous pouvez personnaliser vos pr\u00e9f\u00e9rences.<\/li>\n<li><strong><a href=\"https:\/\/suresms.com\/fr\/caracteristiques-2\/politique-de-confidentialite-2\/\">Politique anti-spam<\/a>:<\/strong> Nous respectons votre bo\u00eete de r\u00e9ception. Voyez comment nous nous y prenons pour \u00e9viter les spams et vous garantir des communications pertinentes.<\/li>\n<\/ul>\n<p>Vous pouvez toujours nous contacter si vous avez des questions ou si vous souhaitez obtenir de plus amples informations sur nos politiques. Notre objectif est de faire en sorte que vous vous sentiez en s\u00e9curit\u00e9 et bien inform\u00e9 lorsque vous utilisez nos services.<\/p>","protected":false},"excerpt":{"rendered":"<p>Politiques Chez SureSMS, nous accordons une grande importance \u00e0 la transparence et \u00e0 la responsabilit\u00e9. Nous avons rassembl\u00e9 nos politiques ici afin que vous puissiez facilement trouver des informations sur la fa\u00e7on dont nous prot\u00e9geons vos droits, traitons les donn\u00e9es et garantissons que nos services r\u00e9pondent aux normes les plus \u00e9lev\u00e9es. Nos politiques Politique de confidentialit\u00e9 : Nous prenons votre vie priv\u00e9e au s\u00e9rieux. Lisez comment nous prot\u00e9geons vos donn\u00e9es personnelles ... <a title=\"Politiques\" class=\"read-more\" href=\"https:\/\/suresms.com\/fr\/politikker\/\" aria-label=\"Plus d&#039;informations sur Politikker\">En savoir plus<\/a><\/p>","protected":false},"author":1,"featured_media":0,"parent":0,"menu_order":3,"comment_status":"closed","ping_status":"closed","template":"","meta":{"_fl_builder_enabled":"1","_fl_builder_data":null,"_fl_builder_draft":null,"_fl_builder_data_settings":null,"_fl_builder_css":"","_fl_builder_css_version":"","_fl_builder_js":"","footnotes":""},"categories":[],"tags":[],"class_list":["post-19124","page","type-page","status-publish"],"yoast_head":"<!-- This site is optimized with the Yoast SEO Premium plugin v27.3 (Yoast SEO v27.3) - https:\/\/yoast.com\/product\/yoast-seo-premium-wordpress\/ -->\r\n<title>Sms markedsf\u00f8ring | Hvad betyder dette ? \u2192 Brug suresms.com<\/title>\r\n<meta name=\"description\" content=\"Hvad betyder det? F\u00e5 den n\u00f8dvendige hj\u00e6lp lige her til sms markedsf\u00f8ring. Suresms.com giver gode r\u00e5d, n\u00e5r det g\u00e6lder markedsf\u00f8ring.\" \/>\r\n<meta name=\"robots\" content=\"index, follow, max-snippet:-1, max-image-preview:large, max-video-preview:-1\" \/>\r\n<link rel=\"canonical\" href=\"https:\/\/suresms.com\/fr\/caracteristiques-2\/\" \/>\r\n<meta property=\"og:locale\" content=\"fr_FR\" \/>\r\n<meta property=\"og:type\" content=\"article\" \/>\r\n<meta property=\"og:title\" content=\"Fleksibele SMS l\u00f8sninger til udviklere og virksomheder\" \/>\r\n<meta property=\"og:description\" content=\"Se de mange funktioner og features, som f\u00f8lger med vores SureSMS L\u00f8sning. Find inspiration til , hvordan du let kan bruge SMS&#039;er til kkommunikation med alle typer brugere og systemer.\" \/>\r\n<meta property=\"og:url\" content=\"https:\/\/suresms.com\/fr\/caracteristiques-2\/\" \/>\r\n<meta property=\"article:publisher\" content=\"https:\/\/www.facebook.com\/p\/SureSMS-100044607956149\/\" \/>\r\n<meta property=\"article:modified_time\" content=\"2024-11-24T17:09:19+00:00\" \/>\r\n<meta property=\"og:image\" content=\"https:\/\/suresms.com\/wp-content\/uploads\/2016\/06\/SMS-til-butikker.jpg\" \/>\r\n\t<meta property=\"og:image:width\" content=\"400\" \/>\r\n\t<meta property=\"og:image:height\" content=\"266\" \/>\r\n\t<meta property=\"og:image:type\" content=\"image\/jpeg\" \/>\r\n<meta name=\"twitter:card\" content=\"summary_large_image\" \/>\r\n<meta name=\"twitter:title\" content=\"Politikker\" \/>\r\n<meta name=\"twitter:label1\" content=\"Dur\u00e9e de lecture estim\u00e9e\" \/>\n\t<meta name=\"twitter:data1\" content=\"7 minutes\" \/>\r\n<script type=\"application\/ld+json\" class=\"yoast-schema-graph\">{\"@context\":\"https:\\\/\\\/schema.org\",\"@graph\":[{\"@type\":\"WebPage\",\"@id\":\"https:\\\/\\\/suresms.com\\\/politikker\\\/\",\"url\":\"https:\\\/\\\/suresms.com\\\/politikker\\\/\",\"name\":\"Sms markedsf\u00f8ring | Hvad betyder dette ? \u2192 Brug suresms.com\",\"isPartOf\":{\"@id\":\"https:\\\/\\\/suresms.com\\\/en\\\/#website\"},\"datePublished\":\"2024-11-24T16:54:29+00:00\",\"dateModified\":\"2024-11-24T17:09:19+00:00\",\"description\":\"Hvad betyder det? F\u00e5 den n\u00f8dvendige hj\u00e6lp lige her til sms markedsf\u00f8ring. Suresms.com giver gode r\u00e5d, n\u00e5r det g\u00e6lder markedsf\u00f8ring.\",\"breadcrumb\":{\"@id\":\"https:\\\/\\\/suresms.com\\\/politikker\\\/#breadcrumb\"},\"inLanguage\":\"fr-FR\",\"potentialAction\":[{\"@type\":\"ReadAction\",\"target\":[\"https:\\\/\\\/suresms.com\\\/politikker\\\/\"]}]},{\"@type\":\"BreadcrumbList\",\"@id\":\"https:\\\/\\\/suresms.com\\\/politikker\\\/#breadcrumb\",\"itemListElement\":[{\"@type\":\"ListItem\",\"position\":1,\"name\":\"Home\",\"item\":\"https:\\\/\\\/suresms.com\\\/dk\\\/\"},{\"@type\":\"ListItem\",\"position\":2,\"name\":\"Politikker\"}]},{\"@type\":\"WebSite\",\"@id\":\"https:\\\/\\\/suresms.com\\\/en\\\/#website\",\"url\":\"https:\\\/\\\/suresms.com\\\/en\\\/\",\"name\":\"SureSMS\",\"description\":\"Professionel SMS Gateway\",\"publisher\":{\"@id\":\"https:\\\/\\\/suresms.com\\\/en\\\/#organization\"},\"potentialAction\":[{\"@type\":\"SearchAction\",\"target\":{\"@type\":\"EntryPoint\",\"urlTemplate\":\"https:\\\/\\\/suresms.com\\\/en\\\/?s={search_term_string}\"},\"query-input\":{\"@type\":\"PropertyValueSpecification\",\"valueRequired\":true,\"valueName\":\"search_term_string\"}}],\"inLanguage\":\"fr-FR\"},{\"@type\":\"Organization\",\"@id\":\"https:\\\/\\\/suresms.com\\\/en\\\/#organization\",\"name\":\"SureSMS\",\"url\":\"https:\\\/\\\/suresms.com\\\/en\\\/\",\"logo\":{\"@type\":\"ImageObject\",\"inLanguage\":\"fr-FR\",\"@id\":\"https:\\\/\\\/suresms.com\\\/en\\\/#\\\/schema\\\/logo\\\/image\\\/\",\"url\":\"https:\\\/\\\/suresms.com\\\/wp-content\\\/uploads\\\/2024\\\/11\\\/suresms-300x65-1.png\",\"contentUrl\":\"https:\\\/\\\/suresms.com\\\/wp-content\\\/uploads\\\/2024\\\/11\\\/suresms-300x65-1.png\",\"width\":300,\"height\":65,\"caption\":\"SureSMS\"},\"image\":{\"@id\":\"https:\\\/\\\/suresms.com\\\/en\\\/#\\\/schema\\\/logo\\\/image\\\/\"},\"sameAs\":[\"https:\\\/\\\/www.facebook.com\\\/p\\\/SureSMS-100044607956149\\\/\"]}]}<\/script>\r\n<!-- \/ Yoast SEO Premium plugin. -->","yoast_head_json":{"title":"SMS marketing | Qu'est-ce que cela signifie ? \u2192 Utiliser suresms.com","description":"Qu'est-ce que cela signifie ? Obtenez l'aide dont vous avez besoin pour le marketing par SMS. Suresms.com offre de bons conseils en mati\u00e8re de marketing.","robots":{"index":"index","follow":"follow","max-snippet":"max-snippet:-1","max-image-preview":"max-image-preview:large","max-video-preview":"max-video-preview:-1"},"canonical":"https:\/\/suresms.com\/fr\/caracteristiques-2\/","og_locale":"fr_FR","og_type":"article","og_title":"Fleksibele SMS l\u00f8sninger til udviklere og virksomheder","og_description":"Se de mange funktioner og features, som f\u00f8lger med vores SureSMS L\u00f8sning. Find inspiration til , hvordan du let kan bruge SMS'er til kkommunikation med alle typer brugere og systemer.","og_url":"https:\/\/suresms.com\/fr\/caracteristiques-2\/","article_publisher":"https:\/\/www.facebook.com\/p\/SureSMS-100044607956149\/","article_modified_time":"2024-11-24T17:09:19+00:00","og_image":[{"width":400,"height":266,"url":"https:\/\/suresms.com\/wp-content\/uploads\/2016\/06\/SMS-til-butikker.jpg","type":"image\/jpeg"}],"twitter_card":"summary_large_image","twitter_title":"Politikker","twitter_misc":{"Dur\u00e9e de lecture estim\u00e9e":"7 minutes"},"schema":{"@context":"https:\/\/schema.org","@graph":[{"@type":"WebPage","@id":"https:\/\/suresms.com\/politikker\/","url":"https:\/\/suresms.com\/politikker\/","name":"SMS marketing | Qu'est-ce que cela signifie ? \u2192 Utiliser suresms.com","isPartOf":{"@id":"https:\/\/suresms.com\/en\/#website"},"datePublished":"2024-11-24T16:54:29+00:00","dateModified":"2024-11-24T17:09:19+00:00","description":"Qu'est-ce que cela signifie ? Obtenez l'aide dont vous avez besoin pour le marketing par SMS. Suresms.com offre de bons conseils en mati\u00e8re de marketing.","breadcrumb":{"@id":"https:\/\/suresms.com\/politikker\/#breadcrumb"},"inLanguage":"fr-FR","potentialAction":[{"@type":"ReadAction","target":["https:\/\/suresms.com\/politikker\/"]}]},{"@type":"BreadcrumbList","@id":"https:\/\/suresms.com\/politikker\/#breadcrumb","itemListElement":[{"@type":"ListItem","position":1,"name":"Home","item":"https:\/\/suresms.com\/dk\/"},{"@type":"ListItem","position":2,"name":"Politikker"}]},{"@type":"WebSite","@id":"https:\/\/suresms.com\/en\/#website","url":"https:\/\/suresms.com\/en\/","name":"SureSMS","description":"Passerelle SMS professionnelle","publisher":{"@id":"https:\/\/suresms.com\/en\/#organization"},"potentialAction":[{"@type":"SearchAction","target":{"@type":"EntryPoint","urlTemplate":"https:\/\/suresms.com\/en\/?s={search_term_string}"},"query-input":{"@type":"PropertyValueSpecification","valueRequired":true,"valueName":"search_term_string"}}],"inLanguage":"fr-FR"},{"@type":"Organization","@id":"https:\/\/suresms.com\/en\/#organization","name":"SureSMS","url":"https:\/\/suresms.com\/en\/","logo":{"@type":"ImageObject","inLanguage":"fr-FR","@id":"https:\/\/suresms.com\/en\/#\/schema\/logo\/image\/","url":"https:\/\/suresms.com\/wp-content\/uploads\/2024\/11\/suresms-300x65-1.png","contentUrl":"https:\/\/suresms.com\/wp-content\/uploads\/2024\/11\/suresms-300x65-1.png","width":300,"height":65,"caption":"SureSMS"},"image":{"@id":"https:\/\/suresms.com\/en\/#\/schema\/logo\/image\/"},"sameAs":["https:\/\/www.facebook.com\/p\/SureSMS-100044607956149\/"]}]}},"_links":{"self":[{"href":"https:\/\/suresms.com\/fr\/wp-json\/wp\/v2\/pages\/19124","targetHints":{"allow":["GET"]}}],"collection":[{"href":"https:\/\/suresms.com\/fr\/wp-json\/wp\/v2\/pages"}],"about":[{"href":"https:\/\/suresms.com\/fr\/wp-json\/wp\/v2\/types\/page"}],"author":[{"embeddable":true,"href":"https:\/\/suresms.com\/fr\/wp-json\/wp\/v2\/users\/1"}],"replies":[{"embeddable":true,"href":"https:\/\/suresms.com\/fr\/wp-json\/wp\/v2\/comments?post=19124"}],"version-history":[{"count":4,"href":"https:\/\/suresms.com\/fr\/wp-json\/wp\/v2\/pages\/19124\/revisions"}],"predecessor-version":[{"id":19138,"href":"https:\/\/suresms.com\/fr\/wp-json\/wp\/v2\/pages\/19124\/revisions\/19138"}],"wp:attachment":[{"href":"https:\/\/suresms.com\/fr\/wp-json\/wp\/v2\/media?parent=19124"}],"wp:term":[{"taxonomy":"category","embeddable":true,"href":"https:\/\/suresms.com\/fr\/wp-json\/wp\/v2\/categories?post=19124"},{"taxonomy":"post_tag","embeddable":true,"href":"https:\/\/suresms.com\/fr\/wp-json\/wp\/v2\/tags?post=19124"}],"curies":[{"name":"wp","href":"https:\/\/api.w.org\/{rel}","templated":true}]}}