{"id":19014,"date":"2024-11-19T19:02:34","date_gmt":"2024-11-19T19:02:34","guid":{"rendered":"https:\/\/suresms.com\/?page_id=19014"},"modified":"2025-01-04T23:12:33","modified_gmt":"2025-01-04T23:12:33","slug":"solution-sms-pour-les-systemes-de-bibliotheques-partagees-2","status":"publish","type":"page","link":"https:\/\/suresms.com\/fr\/integrationer\/fagsystem-sms-integration\/businnes-central\/","title":{"rendered":"Solution SMS pour Business Central"},"content":{"rendered":"<h1>\n\t\tCentre d'affaires\n\t<\/h1>\n<p><strong>Int\u00e9gration avec Business Central : communication efficace par SMS<\/strong><\/p>\n<p>Notre module SMS pour Business Central offre aux entreprises un moyen simple et efficace d'int\u00e9grer la communication par SMS directement dans leur syst\u00e8me commercial existant. Cette int\u00e9gration est con\u00e7ue pour faciliter l'envoi et le suivi des messages SMS, que ce soit \u00e0 des clients, des partenaires ou des employ\u00e9s. Voici ce \u00e0 quoi vous pouvez vous attendre :<\/p>\n<hr \/>\n<h3><strong>Caract\u00e9ristiques et options<\/strong><\/h3>\n<p><strong>1. Envoyer des SMS directement depuis Business Central<\/strong><\/p>\n<ul>\n<li>Envoyer des messages \u00e0 partir de diff\u00e9rents modules, tels que les commandes de vente, les devis et les ordres de service.<\/li>\n<li>D\u00e9finir des messages par d\u00e9faut pour commencer et terminer les commandes, par exemple \"Votre article est pr\u00eat \u00e0 \u00eatre enlev\u00e9\".<\/li>\n<\/ul>\n<p><strong>2. Journal et mise \u00e0 jour de l'\u00e9tat des lieux<\/strong><\/p>\n<ul>\n<li>Tous les messages envoy\u00e9s sont stock\u00e9s dans un journal \u00e0 partir duquel vous pouvez consulter et r\u00e9cup\u00e9rer l'\u00e9tat de la livraison.<\/li>\n<li>Possibilit\u00e9 de mettre \u00e0 jour manuellement le statut afin de savoir si les messages ont \u00e9t\u00e9 d\u00e9livr\u00e9s.<\/li>\n<\/ul>\n<p><strong>3. Processus automatis\u00e9s<\/strong><\/p>\n<ul>\n<li>D\u00e9finir des r\u00e8gles pour l'utilisation des num\u00e9ros de t\u00e9l\u00e9phone mobile, par exemple ceux du d\u00e9biteur ou d'une personne de contact par d\u00e9faut.<\/li>\n<li>Outils de reporting pour la distribution de masse sur la base de crit\u00e8res sp\u00e9cifiques, par exemple pour des campagnes ou des rappels.<\/li>\n<\/ul>\n<p><strong>4. solution en nuage ou sur site<\/strong><\/p>\n<ul>\n<li>Le module fonctionne \u00e0 la fois sur les installations cloud et sur site de Business Central.<\/li>\n<\/ul>\n<hr \/>\n<h3><strong>Avantages de l'int\u00e9gration<\/strong><\/h3>\n<ul>\n<li><strong>Gain de temps :<\/strong> \u00c9vitez de vous connecter manuellement \u00e0 des plates-formes SMS externes. Tout est disponible directement dans Business Central.<\/li>\n<li><strong>Une meilleure exp\u00e9rience client :<\/strong> Tenez vos clients inform\u00e9s gr\u00e2ce \u00e0 des messages rapides et pr\u00e9cis sur l'\u00e9tat des commandes et les rendez-vous.<\/li>\n<li><strong>Une administration claire :<\/strong> Obtenez une vue d'ensemble compl\u00e8te de vos messages SMS avec des mises \u00e0 jour du journal et de l'\u00e9tat.<\/li>\n<li><strong>Flexibilit\u00e9 :<\/strong> Personnalisez les messages en fonction de vos besoins et processus sp\u00e9cifiques.<\/li>\n<\/ul>\n<hr \/>\n<h3><strong>Prix<\/strong><\/h3>\n<p>Le module co\u00fbte <strong>100 kr. par mois<\/strong>. Avec un prix aussi bas, vous pouvez rapidement gagner du temps et rationaliser votre communication. Pour les entreprises qui utilisent d\u00e9j\u00e0 le SMS dans le cadre de leurs activit\u00e9s, les \u00e9conomies en termes de temps de travail et de ressources sont consid\u00e9rables.<\/p>\n<hr \/>\n<h3><strong>Commencer<\/strong><\/h3>\n<p>Contactez-nous pour une d\u00e9monstration ou si vous avez des questions sur la fa\u00e7on dont le module peut \u00eatre mis en \u0153uvre dans votre solution. Nous serons heureux de vous aider \u00e0 configurer et \u00e0 personnaliser le module en fonction de vos besoins.<\/p>\n<p>Remplissez le formulaire ci-dessous ou appelez-nous d\u00e8s aujourd'hui pour plus d'informations.<\/p>","protected":false},"excerpt":{"rendered":"<p>Business Central Integration for Business Central : Communication SMS efficace Notre module SMS pour Business Central offre aux entreprises un moyen simple et efficace d'int\u00e9grer la communication SMS directement dans leur syst\u00e8me d'entreprise existant. Cette int\u00e9gration est con\u00e7ue pour faciliter l'envoi et le suivi de messages SMS, que ce soit \u00e0 des clients, des partenaires ou des employ\u00e9s. Voici ... <a title=\"Solution SMS pour Business Central\" class=\"read-more\" href=\"https:\/\/suresms.com\/fr\/integrationer\/fagsystem-sms-integration\/businnes-central\/\" aria-label=\"En savoir plus sur la solution SMS pour Business Central\">En savoir plus<\/a><\/p>","protected":false},"author":1,"featured_media":0,"parent":18069,"menu_order":0,"comment_status":"closed","ping_status":"closed","template":"","meta":{"_fl_builder_enabled":"1","_fl_builder_data":null,"_fl_builder_draft":null,"_fl_builder_data_settings":null,"_fl_builder_css":"","_fl_builder_css_version":"","_fl_builder_js":"","footnotes":""},"categories":[],"tags":[],"class_list":["post-19014","page","type-page","status-publish"],"yoast_head":"<!-- This site is optimized with the Yoast SEO Premium plugin v27.3 (Yoast SEO v27.3) - https:\/\/yoast.com\/product\/yoast-seo-premium-wordpress\/ -->\r\n<title>Fbs \u2192 Nem oprettelse og hurtige resultater med dette system<\/title>\r\n<meta name=\"description\" content=\"Find et nemt online system med SMS services og f\u00e5 hurtigt kontakt til dine kunder. Ny og effektiv SMS l\u00f8sning til fbs.\" \/>\r\n<meta name=\"robots\" content=\"index, follow, max-snippet:-1, max-image-preview:large, max-video-preview:-1\" \/>\r\n<link rel=\"canonical\" href=\"https:\/\/suresms.com\/fr\/integrations\/cms-content-management-system-sms-integration-2\/solution-sms-pour-les-systemes-de-bibliotheques-partagees-2\/\" \/>\r\n<meta property=\"og:locale\" content=\"fr_FR\" \/>\r\n<meta property=\"og:type\" content=\"article\" \/>\r\n<meta property=\"og:title\" content=\"SMS L\u00f8sning til F\u00e6lles Bibliotekssystem (FBS) Cicero\" \/>\r\n<meta property=\"og:description\" content=\"Lige nu udrulles Cicero (FBS) p\u00e5 folkebiblioteker og p\u00e6dagogiske l\u00e6ringscentre rundt omkring i landet. SureSMS leverer en kvalitets SMS l\u00f8sning fuldt integrerbar med det nye system. Nem ops\u00e6tning, gratis oprettelse og intet abonnement. 14 \u00f8re pr. SMS.\" \/>\r\n<meta property=\"og:url\" content=\"https:\/\/suresms.com\/fr\/integrations\/cms-content-management-system-sms-integration-2\/solution-sms-pour-les-systemes-de-bibliotheques-partagees-2\/\" \/>\r\n<meta property=\"article:publisher\" content=\"https:\/\/www.facebook.com\/p\/SureSMS-100044607956149\/\" \/>\r\n<meta property=\"article:modified_time\" content=\"2025-01-04T23:12:33+00:00\" \/>\r\n<meta property=\"og:image\" content=\"https:\/\/suresms.com\/wp-content\/uploads\/2016\/10\/SMS-Loesning-til-FBS-1.jpg\" \/>\r\n\t<meta property=\"og:image:width\" content=\"1200\" \/>\r\n\t<meta property=\"og:image:height\" content=\"600\" \/>\r\n\t<meta property=\"og:image:type\" content=\"image\/jpeg\" \/>\r\n<meta name=\"twitter:card\" content=\"summary_large_image\" \/>\r\n<meta name=\"twitter:title\" content=\"SMS l\u00f8sning til Business Central\" \/>\r\n<meta name=\"twitter:label1\" content=\"Dur\u00e9e de lecture estim\u00e9e\" \/>\n\t<meta name=\"twitter:data1\" content=\"5 minutes\" \/>\r\n<script type=\"application\/ld+json\" class=\"yoast-schema-graph\">{\"@context\":\"https:\\\/\\\/schema.org\",\"@graph\":[{\"@type\":\"WebPage\",\"@id\":\"https:\\\/\\\/suresms.com\\\/dk\\\/integrationer\\\/fagsystem-sms-integration\\\/businnes-central\\\/\",\"url\":\"https:\\\/\\\/suresms.com\\\/dk\\\/integrationer\\\/fagsystem-sms-integration\\\/businnes-central\\\/\",\"name\":\"Fbs \u2192 Nem oprettelse og hurtige resultater med dette system\",\"isPartOf\":{\"@id\":\"https:\\\/\\\/suresms.com\\\/en\\\/#website\"},\"datePublished\":\"2024-11-19T19:02:34+00:00\",\"dateModified\":\"2025-01-04T23:12:33+00:00\",\"description\":\"Find et nemt online system med SMS services og f\u00e5 hurtigt kontakt til dine kunder. Ny og effektiv SMS l\u00f8sning til fbs.\",\"breadcrumb\":{\"@id\":\"https:\\\/\\\/suresms.com\\\/dk\\\/integrationer\\\/fagsystem-sms-integration\\\/businnes-central\\\/#breadcrumb\"},\"inLanguage\":\"fr-FR\",\"potentialAction\":[{\"@type\":\"ReadAction\",\"target\":[\"https:\\\/\\\/suresms.com\\\/dk\\\/integrationer\\\/fagsystem-sms-integration\\\/businnes-central\\\/\"]}]},{\"@type\":\"BreadcrumbList\",\"@id\":\"https:\\\/\\\/suresms.com\\\/dk\\\/integrationer\\\/fagsystem-sms-integration\\\/businnes-central\\\/#breadcrumb\",\"itemListElement\":[{\"@type\":\"ListItem\",\"position\":1,\"name\":\"Home\",\"item\":\"https:\\\/\\\/suresms.com\\\/dk\\\/\"},{\"@type\":\"ListItem\",\"position\":2,\"name\":\"Integrationer\",\"item\":\"https:\\\/\\\/suresms.com\\\/dk\\\/integrationer\\\/\"},{\"@type\":\"ListItem\",\"position\":3,\"name\":\"SMS integration til fagsystemer\",\"item\":\"https:\\\/\\\/suresms.com\\\/dk\\\/integrationer\\\/fagsystem-sms-integration\\\/\"},{\"@type\":\"ListItem\",\"position\":4,\"name\":\"SMS l\u00f8sning til Business Central\"}]},{\"@type\":\"WebSite\",\"@id\":\"https:\\\/\\\/suresms.com\\\/en\\\/#website\",\"url\":\"https:\\\/\\\/suresms.com\\\/en\\\/\",\"name\":\"SureSMS\",\"description\":\"Professionel SMS Gateway\",\"publisher\":{\"@id\":\"https:\\\/\\\/suresms.com\\\/en\\\/#organization\"},\"potentialAction\":[{\"@type\":\"SearchAction\",\"target\":{\"@type\":\"EntryPoint\",\"urlTemplate\":\"https:\\\/\\\/suresms.com\\\/en\\\/?s={search_term_string}\"},\"query-input\":{\"@type\":\"PropertyValueSpecification\",\"valueRequired\":true,\"valueName\":\"search_term_string\"}}],\"inLanguage\":\"fr-FR\"},{\"@type\":\"Organization\",\"@id\":\"https:\\\/\\\/suresms.com\\\/en\\\/#organization\",\"name\":\"SureSMS\",\"url\":\"https:\\\/\\\/suresms.com\\\/en\\\/\",\"logo\":{\"@type\":\"ImageObject\",\"inLanguage\":\"fr-FR\",\"@id\":\"https:\\\/\\\/suresms.com\\\/en\\\/#\\\/schema\\\/logo\\\/image\\\/\",\"url\":\"https:\\\/\\\/suresms.com\\\/wp-content\\\/uploads\\\/2024\\\/11\\\/suresms-300x65-1.png\",\"contentUrl\":\"https:\\\/\\\/suresms.com\\\/wp-content\\\/uploads\\\/2024\\\/11\\\/suresms-300x65-1.png\",\"width\":300,\"height\":65,\"caption\":\"SureSMS\"},\"image\":{\"@id\":\"https:\\\/\\\/suresms.com\\\/en\\\/#\\\/schema\\\/logo\\\/image\\\/\"},\"sameAs\":[\"https:\\\/\\\/www.facebook.com\\\/p\\\/SureSMS-100044607956149\\\/\"]}]}<\/script>\r\n<!-- \/ Yoast SEO Premium plugin. -->","yoast_head_json":{"title":"Fbs \u2192 Cr\u00e9ation facile et r\u00e9sultats rapides avec ce syst\u00e8me","description":"Trouvez un syst\u00e8me en ligne simple avec des services SMS et communiquez rapidement avec vos clients. Une nouvelle solution SMS efficace pour les entreprises.","robots":{"index":"index","follow":"follow","max-snippet":"max-snippet:-1","max-image-preview":"max-image-preview:large","max-video-preview":"max-video-preview:-1"},"canonical":"https:\/\/suresms.com\/fr\/integrations\/cms-content-management-system-sms-integration-2\/solution-sms-pour-les-systemes-de-bibliotheques-partagees-2\/","og_locale":"fr_FR","og_type":"article","og_title":"SMS L\u00f8sning til F\u00e6lles Bibliotekssystem (FBS) Cicero","og_description":"Lige nu udrulles Cicero (FBS) p\u00e5 folkebiblioteker og p\u00e6dagogiske l\u00e6ringscentre rundt omkring i landet. SureSMS leverer en kvalitets SMS l\u00f8sning fuldt integrerbar med det nye system. Nem ops\u00e6tning, gratis oprettelse og intet abonnement. 14 \u00f8re pr. SMS.","og_url":"https:\/\/suresms.com\/fr\/integrations\/cms-content-management-system-sms-integration-2\/solution-sms-pour-les-systemes-de-bibliotheques-partagees-2\/","article_publisher":"https:\/\/www.facebook.com\/p\/SureSMS-100044607956149\/","article_modified_time":"2025-01-04T23:12:33+00:00","og_image":[{"width":1200,"height":600,"url":"https:\/\/suresms.com\/wp-content\/uploads\/2016\/10\/SMS-Loesning-til-FBS-1.jpg","type":"image\/jpeg"}],"twitter_card":"summary_large_image","twitter_title":"SMS l\u00f8sning til Business Central","twitter_misc":{"Dur\u00e9e de lecture estim\u00e9e":"5 minutes"},"schema":{"@context":"https:\/\/schema.org","@graph":[{"@type":"WebPage","@id":"https:\/\/suresms.com\/dk\/integrationer\/fagsystem-sms-integration\/businnes-central\/","url":"https:\/\/suresms.com\/dk\/integrationer\/fagsystem-sms-integration\/businnes-central\/","name":"Fbs \u2192 Cr\u00e9ation facile et r\u00e9sultats rapides avec ce syst\u00e8me","isPartOf":{"@id":"https:\/\/suresms.com\/en\/#website"},"datePublished":"2024-11-19T19:02:34+00:00","dateModified":"2025-01-04T23:12:33+00:00","description":"Trouvez un syst\u00e8me en ligne simple avec des services SMS et communiquez rapidement avec vos clients. Une nouvelle solution SMS efficace pour les entreprises.","breadcrumb":{"@id":"https:\/\/suresms.com\/dk\/integrationer\/fagsystem-sms-integration\/businnes-central\/#breadcrumb"},"inLanguage":"fr-FR","potentialAction":[{"@type":"ReadAction","target":["https:\/\/suresms.com\/dk\/integrationer\/fagsystem-sms-integration\/businnes-central\/"]}]},{"@type":"BreadcrumbList","@id":"https:\/\/suresms.com\/dk\/integrationer\/fagsystem-sms-integration\/businnes-central\/#breadcrumb","itemListElement":[{"@type":"ListItem","position":1,"name":"Home","item":"https:\/\/suresms.com\/dk\/"},{"@type":"ListItem","position":2,"name":"Integrationer","item":"https:\/\/suresms.com\/dk\/integrationer\/"},{"@type":"ListItem","position":3,"name":"SMS integration til fagsystemer","item":"https:\/\/suresms.com\/dk\/integrationer\/fagsystem-sms-integration\/"},{"@type":"ListItem","position":4,"name":"SMS l\u00f8sning til Business Central"}]},{"@type":"WebSite","@id":"https:\/\/suresms.com\/en\/#website","url":"https:\/\/suresms.com\/en\/","name":"SureSMS","description":"Passerelle SMS professionnelle","publisher":{"@id":"https:\/\/suresms.com\/en\/#organization"},"potentialAction":[{"@type":"SearchAction","target":{"@type":"EntryPoint","urlTemplate":"https:\/\/suresms.com\/en\/?s={search_term_string}"},"query-input":{"@type":"PropertyValueSpecification","valueRequired":true,"valueName":"search_term_string"}}],"inLanguage":"fr-FR"},{"@type":"Organization","@id":"https:\/\/suresms.com\/en\/#organization","name":"SureSMS","url":"https:\/\/suresms.com\/en\/","logo":{"@type":"ImageObject","inLanguage":"fr-FR","@id":"https:\/\/suresms.com\/en\/#\/schema\/logo\/image\/","url":"https:\/\/suresms.com\/wp-content\/uploads\/2024\/11\/suresms-300x65-1.png","contentUrl":"https:\/\/suresms.com\/wp-content\/uploads\/2024\/11\/suresms-300x65-1.png","width":300,"height":65,"caption":"SureSMS"},"image":{"@id":"https:\/\/suresms.com\/en\/#\/schema\/logo\/image\/"},"sameAs":["https:\/\/www.facebook.com\/p\/SureSMS-100044607956149\/"]}]}},"_links":{"self":[{"href":"https:\/\/suresms.com\/fr\/wp-json\/wp\/v2\/pages\/19014","targetHints":{"allow":["GET"]}}],"collection":[{"href":"https:\/\/suresms.com\/fr\/wp-json\/wp\/v2\/pages"}],"about":[{"href":"https:\/\/suresms.com\/fr\/wp-json\/wp\/v2\/types\/page"}],"author":[{"embeddable":true,"href":"https:\/\/suresms.com\/fr\/wp-json\/wp\/v2\/users\/1"}],"replies":[{"embeddable":true,"href":"https:\/\/suresms.com\/fr\/wp-json\/wp\/v2\/comments?post=19014"}],"version-history":[{"count":5,"href":"https:\/\/suresms.com\/fr\/wp-json\/wp\/v2\/pages\/19014\/revisions"}],"predecessor-version":[{"id":19883,"href":"https:\/\/suresms.com\/fr\/wp-json\/wp\/v2\/pages\/19014\/revisions\/19883"}],"up":[{"embeddable":true,"href":"https:\/\/suresms.com\/fr\/wp-json\/wp\/v2\/pages\/18069"}],"wp:attachment":[{"href":"https:\/\/suresms.com\/fr\/wp-json\/wp\/v2\/media?parent=19014"}],"wp:term":[{"taxonomy":"category","embeddable":true,"href":"https:\/\/suresms.com\/fr\/wp-json\/wp\/v2\/categories?post=19014"},{"taxonomy":"post_tag","embeddable":true,"href":"https:\/\/suresms.com\/fr\/wp-json\/wp\/v2\/tags?post=19014"}],"curies":[{"name":"wp","href":"https:\/\/api.w.org\/{rel}","templated":true}]}}