{"id":18649,"date":"2016-03-02T16:42:36","date_gmt":"2016-03-02T14:42:36","guid":{"rendered":"https:\/\/www.suresms.com\/dk\/?page_id=2100"},"modified":"2025-11-13T14:19:35","modified_gmt":"2025-11-13T14:19:35","slug":"groupe-sms","status":"publish","type":"page","link":"https:\/\/suresms.com\/fr\/funktioner\/gruppe-sms\/","title":{"rendered":"SMS de groupe : cr\u00e9er et envoyer des SMS \u00e0 des groupes"},"content":{"rendered":"<!-- Flexy Breadcrumb -->\r\n\t\t\t<div class=\"fbc fbc-page\">\r\n\r\n\t\t\t\t<!-- Breadcrumb wrapper -->\r\n\t\t\t\t<div class=\"fbc-wrap\">\r\n\r\n\t\t\t\t\t<!-- Ordered list-->\r\n\t\t\t\t\t<ol class=\"fbc-items\" itemscope itemtype=\"https:\/\/schema.org\/BreadcrumbList\">\r\n\t\t\t\t\t\t            <li itemprop=\"itemListElement\" itemscope itemtype=\"https:\/\/schema.org\/ListItem\">\r\n                <span itemprop=\"name\">\r\n                    <!-- Home Link -->\r\n                    <a itemprop=\"item\" href=\"https:\/\/suresms.com\/fr\/\">\r\n                    \r\n                                                    <i class=\"fa fa-home\" aria-hidden=\"true\"><\/i>Accueil                    <\/a>\r\n                <\/span>\r\n                <meta itemprop=\"position\" content=\"1\" \/><!-- Meta Position-->\r\n             <\/li><li><span class=\"fbc-separator\">\/<\/span><\/li><li class=\"active\" itemprop=\"itemListElement\" itemscope itemtype=\"https:\/\/schema.org\/ListItem\"><span itemprop=\"name\" title=\"SMS de groupe : cr\u00e9er et envoyer des SMS \u00e0 des groupes\">SMS de groupe : Cr\u00e9er &amp;...<\/span><meta itemprop=\"position\" content=\"2\" \/><\/li>\t\t\t\t\t<\/ol>\r\n\t\t\t\t\t<div class=\"clearfix\"><\/div>\r\n\t\t\t\t<\/div>\r\n\t\t\t<\/div>\r\n\t\t\t\n\t<h1><strong>SMS de groupe... Une fonction - de nombreuses possibilit\u00e9s<\/strong><\/h1>\n\t\t\t\t<img decoding=\"async\" src=\"https:\/\/suresms.com\/wp-content\/uploads\/2020\/11\/TeenagersTexting-1-1.png\" alt=\"Groupe SMS\" itemprop=\"image\" height=\"311\" width=\"948\" title=\"AdolescentsTextes\" onerror=\"this.style.display='none'\" loading=\"lazy\" \/>\n\t<h4>Groupes - Listes - Clubs de clients - Bulletins d'information... Les noms ne manquent pas ! Avec un compte SMS de groupe chez SureSMS, vous pouvez facilement et rapidement envoyer de nombreux messages \u00e0 des clients, des utilisateurs, des employ\u00e9s, des membres et plus encore. Lisez ci-dessous comment r\u00e9ussir avec les SMS de groupe.<\/h4>\n\t<p>Vous n'avez pas trouv\u00e9 ce que vous cherchiez ? Vous trouverez ci-dessous deux guides rapides sur les SMS group\u00e9s sur Android et iPhone.<\/p>\n\t\t\t\t\t<a href=\"#\"  id=\"fl-accordion--label-0\" tabindex=\"0\" aria-controls=\"fl-accordion--panel-0\">SMS de groupe sur Android<\/a>\n\t\t\t\t\t\t\t\t\t\t\t<a href=\"#\" id=\"fl-accordion--icon-0\"  tabindex=\"0\"><i title=\"\u00c9largir\">\u00c9largir<\/i><\/a>\n\t\t\t\t\t<h2>SMS de groupe sur Android<\/h2>\n<p>Il est possible d'envoyer un SMS \u00e0 un groupe \u00e0 partir de l'application SMS habituelle de votre t\u00e9l\u00e9phone Android. La mani\u00e8re exacte de proc\u00e9der d\u00e9pend un peu de l'interface utilisateur, notamment de la version d'Android et du t\u00e9l\u00e9phone que vous poss\u00e9dez. Mais en g\u00e9n\u00e9ral, ce guide fonctionne si vous faites preuve d'un peu de cr\u00e9ativit\u00e9 pour comprendre l'intention. Parfois, les boutons se trouvent \u00e0 des endroits diff\u00e9rents et portent des noms l\u00e9g\u00e8rement diff\u00e9rents.<\/p>\n<p>L'inconv\u00e9nient des SMS group\u00e9s sur Android est que les r\u00e9ponses vont dans le fil de discussion de l'individu. Vous ne pouvez donc pas voir les r\u00e9ponses \u00e0 votre SMS dans le m\u00eame fil de discussion que celui o\u00f9 il a \u00e9t\u00e9 envoy\u00e9.<\/p>\n<p>Tout d'abord, vous devez modifier la fa\u00e7on dont vous envoyez les messages de groupe :<\/p>\n<ol>\n<li>\n<ol>\n<li>Vous devez d'abord ouvrir \"Messages\"<\/li>\n<\/ol>\n<\/li>\n<\/ol>\n<p>&nbsp;<\/p>\n<ol>\n<li>\n<ol>\n<li>Puis tapez sur plus <img decoding=\"async\" src=\"https:\/\/lh3.googleusercontent.com\/371ki_ho7Q7_dJxxV12NuChwxiAZagKhHiP1EKLXEGmTJjm5pOTKd9hkWdvSZm5eKw=w36-h36\" alt=\"Plus d&#039;informations\" \/> et ensuite sur<\/li>\n<\/ol>\n<\/li>\n<\/ol>\n<p>&nbsp;<\/p>\n<ol>\n<li>\n<ol>\n<li>Param\u00e8tres et pr\u00e9f\u00e9rences <img loading=\"lazy\" decoding=\"async\" src=\"https:\/\/lh3.googleusercontent.com\/3_l97rr0GvhSP2XV5OoCkV2ZDTIisAOczrSdzNCBxhIKWrjXjHucxNwocghoUa39gw=w36-h36\" alt=\"SMS de groupe \u00e9tape 2\" width=\"24\" height=\"24\" \/>Avanc\u00e9 <img loading=\"lazy\" decoding=\"async\" src=\"https:\/\/lh3.googleusercontent.com\/3_l97rr0GvhSP2XV5OoCkV2ZDTIisAOczrSdzNCBxhIKWrjXjHucxNwocghoUa39gw=w36-h36\" alt=\"SMS de groupe \u00e9tape 1\" width=\"24\" height=\"24\" \/>Messagerie de groupe<\/li>\n<\/ol>\n<\/li>\n<\/ol>\n<p>&nbsp;<\/p>\n<ol>\n<li>\n<ol>\n<li>Ensuite, s\u00e9lectionnez \"bulk SMS\" ou \"group SMS\" par d\u00e9faut.<\/li>\n<\/ol>\n<\/li>\n<\/ol>\n<p>&nbsp;<\/p>\n<p>Vous pouvez d\u00e9sormais s\u00e9lectionner plusieurs destinataires ou groupes lors de la cr\u00e9ation d'un nouveau SMS.<\/p>\n<p>&nbsp;<\/p>\n\t\t\t\t\t<a href=\"#\"  id=\"fl-accordion--label-0\" tabindex=\"0\" aria-controls=\"fl-accordion--panel-0\">SMS de groupe sur iPhone<\/a>\n\t\t\t\t\t\t\t\t\t\t\t<a href=\"#\" id=\"fl-accordion--icon-0\"  tabindex=\"0\"><i title=\"\u00c9largir\">\u00c9largir<\/i><\/a>\n\t\t\t\t\t<p>Apple a cr\u00e9\u00e9 un guide tr\u00e8s int\u00e9ressant sur l'envoi de SMS group\u00e9s \u00e0 partir de l'iPhone. Vous pouvez le consulter ici : <a href=\"https:\/\/support.apple.com\/da-dk\/HT202724\" target=\"_blank\" rel=\"noopener\">SMS group\u00e9s depuis l'iPhone.<\/a><\/p>\n\t<h2>A propos des sms de groupe<\/h2>\n<p>L'envoi de messages textuels group\u00e9s \u00e0 des clients, des utilisateurs, des membres et d'autres groupes est l'une des fonctions les plus utilis\u00e9es de notre solution. Qu'il s'agisse d'une entreprise qui envoie des offres \u00e0 ses clients, d'une organisation qui envoie des bulletins d'information et des \u00e9v\u00e9nements \u00e0 ses membres ou d'une agence d'int\u00e9rim qui envoie des informations \u00e0 ses employ\u00e9s sur leurs prochaines missions. Les groupes et les listes sont un moyen simple et peu co\u00fbteux d'envoyer des informations qui sont r\u00e9ellement LUES par le destinataire !<\/p>\n<p>Acc\u00e9dez \u00e0 notre exp\u00e9diteur de SMS directement \u00e0 partir de notre site web. A partir de l\u00e0, il est facile et rapide de cr\u00e9er un groupe et d'envoyer des SMS \u00e0 l'ensemble du groupe. Vous \u00e9conomisez du temps de saisie et vous avez un aper\u00e7u rapide et facile des SMS envoy\u00e9s. Et tout cela peut se faire directement depuis votre ordinateur.<\/p>\n\t<h2>Les avantages des SMS de groupe<\/h2>\n\n<ul> \t\n<li>Tous vos destinataires re\u00e7oivent instantan\u00e9ment les informations dont ils ont besoin.<\/li>\n\n<li>D\u00e9cidez de votre propre nom d'exp\u00e9diteur, par exemple Biblioth\u00e8que - Cela permet de donner une image de marque \u00e0 votre entreprise\/produit.<\/li>\n\n<li>Fusionner des fonctions - par exemple \"Ch\u00e8re Nina...\" ou d'autres informations<\/li>\n\n<li>Importer facilement tous les destinataires \u00e0 partir d'Excel (via des fichiers .csv).<\/li>\n\n<li>Programmez vos envois de SMS et diffusez vos informations au bon moment.<\/li>\n\n<li>Cr\u00e9ez un nombre illimit\u00e9 de groupes et de contacts.<\/li>\n\n<li>Consultez l'historique de l'\u00e9tat des livraisons \u00e0 tous vos destinataires.<\/li>\n<\/ul>\n<p>Si vous pr\u00e9f\u00e9rez travailler \u00e0 partir d'un iPad, d'une tablette ou d'un t\u00e9l\u00e9phone portable, ce n'est pas un probl\u00e8me. Notre interface web fonctionne \u00e0 partir de tous les appareils et dans tous les navigateurs.<\/p>\n\t<p>Regardez notre courte vid\u00e9o d'instruction ci-dessous :<\/p>\n\t\t\t\t\t<video src=\"https:\/\/suresms.com\/wp-content\/uploads\/2024\/10\/Dokumentation-Skabeloner-i-beskeder.mp4\" alt=\"hosted-video-thumbnail\"><\/video>\n\t<p><strong>Cr\u00e9er des contacts et des groupes :<\/strong><\/p>\n<ol>\n<li>Cr\u00e9ez vos contacts dans le carnet d'adresses.<\/li>\n<li>Cr\u00e9ez un groupe et s\u00e9lectionnez les contacts qui doivent en faire partie.<\/li>\n<li>R\u00e9digez votre message et appuyez sur \"envoyer\" !<\/li>\n<li>Vous venez d'envoyer un SMS group\u00e9.<\/li>\n<\/ol>\nSur la gauche, vous pouvez rapidement cr\u00e9er un compte de test avec 50 SMS gratuits et essayer vous-m\u00eame les SMS group\u00e9s.\u00a0<strong><br \/>\n<\/strong>\n<p>Vous pouvez \u00e9galement lire l'int\u00e9gralit\u00e9 de la <a href=\"https:\/\/suresms.com\/fr\/documents\/documents-10\/documents-17\/\">le guide ici.\u00a0<\/a><\/p>\n\t<h3>Plus de fonctionnalit\u00e9s avec les SMS de groupe.<\/h3>\n\t<ul>\n\t\t<li>\t\t\t\t\n\t\t<h3>Tous les groupes que vous souhaitez<\/h3><p>Dans notre GroupSMS sender, le nombre de groupes n'est pas limit\u00e9. Vous pouvez cr\u00e9er tous les groupes que vous souhaitez. Tous les destinataires peuvent \u00eatre dans le m\u00eame groupe et vous pouvez avoir des groupes avec seulement quelques personnes.<\/p><\/li><li>\t\t\t\t\n\t\t<h3>Tous les destinataires que vous souhaitez<\/h3><p>Le nombre de destinataires n'est pas limit\u00e9. Vous pouvez cr\u00e9er tous les destinataires que vous souhaitez. Certains de nos clients ont jusqu'\u00e0 100 000 destinataires dans leur groupe et ils envoient un SMS \u00e0 tous les destinataires en m\u00eame temps.<\/p><\/li><li>\t\t\t\t\n\t\t<h3>Facilit\u00e9 d'inscription<\/h3><p>Il existe de nombreuses fa\u00e7ons de rejoindre un groupe. Nous avons fait en sorte que vous puissiez placer le formulaire d'inscription sur votre propre site web, que vous puissiez vous inscrire par SMS ou par courrier \u00e9lectronique, et nous avons \u00e9galement fait en sorte que vous puissiez facilement utiliser un code QR pour vous inscrire si vous \u00eates dans un magasin physique, par exemple.<\/p><\/li><li>\t\t\t\t\n\t\t<h3>Envoyer par SMS<\/h3><p>Notre SMS de groupe explore \u00e9galement l'envoi par SMS. Cela signifie que vous envoyez un SMS \u00e0 SureSMS, qui envoie ensuite le m\u00eame SMS \u00e0 toute la liste.<\/p><\/li>\t<\/ul>\n\t<p>&nbsp;<\/p>\n<p><a href=\"mailto:support@suresms.com\">Nous \u00e9crire<\/a>si vous avez des questions sur la fonction SMS de groupe.<\/p>\n\t<h4><strong>\u00a0Voici quelques exemples de la fa\u00e7on dont nos clients utilisent aujourd'hui la fonction \"SMS group\u00e9s\".<\/strong><\/h4>\n\n<ul> \t\n<li>Une entreprise de transport de taille moyenne situ\u00e9e dans le Jutland utilise des SMS group\u00e9s pour envoyer des missions \u00e0 ses chauffeurs. Les SMS envoy\u00e9s contiennent des informations logistiques sur les marchandises, le lieu et l'enl\u00e8vement.<\/li>\n\n<li>Une soci\u00e9t\u00e9 de jeux en ligne gagne de nouveaux clients en envoyant \u00e0 ses utilisateurs des SMS group\u00e9s contenant des liens vers des jeux en ligne possibles.<\/li>\n\n<li>Dans un h\u00f4pital danois, le responsable de la cantine envoie r\u00e9guli\u00e8rement des SMS group\u00e9s au personnel chanceux pour l'informer des \u00e9v\u00e9nements sociaux et des \u00e9v\u00e9nements importants : \"Aujourd'hui, il y a du g\u00e2teau \u00e0 la cantine !\" ou \"Demain, nous c\u00e9l\u00e9brons l'\u00e9t\u00e9 avec un barbecue dans la cour ! ou \"Demain, nous c\u00e9l\u00e9brons l'\u00e9t\u00e9 avec un barbecue dans la cour !\".<\/li>\n<\/ul>","protected":false},"excerpt":{"rendered":"<p>SMS de groupe... Une fonction - de nombreuses possibilit\u00e9s Groupes - Listes - Clubs de clients - Bulletins d'information... Les noms ne manquent pas ! Avec un compte SMS de groupe chez SureSMS, vous pouvez facilement et rapidement envoyer de nombreux messages \u00e0 des clients, des utilisateurs, des employ\u00e9s, des membres et plus encore. Lisez ci-dessous comment r\u00e9ussir avec les SMS de groupe. N'est-ce pas ce que vous ... <a title=\"SMS de groupe : cr\u00e9er et envoyer des SMS \u00e0 des groupes\" class=\"read-more\" href=\"https:\/\/suresms.com\/fr\/funktioner\/gruppe-sms\/\" aria-label=\"En savoir plus sur SMS de groupe : cr\u00e9er et envoyer \u00e0 des groupes\">En savoir plus<\/a><\/p>","protected":false},"author":1,"featured_media":0,"parent":958,"menu_order":12,"comment_status":"closed","ping_status":"closed","template":"","meta":{"_fl_builder_enabled":"1","_fl_builder_data":null,"_fl_builder_draft":null,"_fl_builder_data_settings":null,"_fl_builder_css":"","_fl_builder_css_version":"","_fl_builder_js":"","footnotes":""},"categories":[17],"tags":[],"class_list":{"0":"post-18649","1":"page","2":"type-page","3":"status-publish","5":"category-linkfracornorstone"},"yoast_head":"<!-- This site is optimized with the Yoast SEO Premium plugin v27.3 (Yoast SEO v27.3) - https:\/\/yoast.com\/product\/yoast-seo-premium-wordpress\/ -->\r\n<title>Gruppe SMS: Opret &amp; send til grupper - gratis konto<\/title>\r\n<meta name=\"description\" content=\"L\u00e6s om vores gruppe SMS sender og dens utallige gratis funktioner. Kraftig og fleksibel .SMS gateway med ubegr\u00e6nset antal grupper.\" \/>\r\n<meta name=\"robots\" content=\"index, follow, max-snippet:-1, max-image-preview:large, max-video-preview:-1\" \/>\r\n<link rel=\"canonical\" href=\"https:\/\/suresms.com\/fr\/caracteristiques\/groupe-sms\/\" \/>\r\n<meta property=\"og:locale\" content=\"fr_FR\" \/>\r\n<meta property=\"og:type\" content=\"article\" \/>\r\n<meta property=\"og:title\" content=\"Gruppe SMS: Opret &amp; send til grupper\" \/>\r\n<meta property=\"og:description\" content=\"L\u00e6s om vores gruppe SMS sender og dens utallige gratis funktioner. Kraftig og fleksibel .SMS gateway med ubegr\u00e6nset antal grupper.\" \/>\r\n<meta property=\"og:url\" content=\"https:\/\/suresms.com\/fr\/caracteristiques\/groupe-sms\/\" \/>\r\n<meta property=\"article:publisher\" content=\"https:\/\/www.facebook.com\/p\/SureSMS-100044607956149\/\" \/>\r\n<meta property=\"article:modified_time\" content=\"2025-11-13T14:19:35+00:00\" \/>\r\n<meta property=\"og:image\" content=\"https:\/\/suresms.com\/wp-content\/uploads\/2020\/11\/TeenagersTexting-1-1.png\" \/>\r\n<meta name=\"twitter:card\" content=\"summary_large_image\" \/>\r\n<meta name=\"twitter:label1\" content=\"Dur\u00e9e de lecture estim\u00e9e\" \/>\n\t<meta name=\"twitter:data1\" content=\"7 minutes\" \/>\r\n<script type=\"application\/ld+json\" class=\"yoast-schema-graph\">{\"@context\":\"https:\\\/\\\/schema.org\",\"@graph\":[{\"@type\":\"WebPage\",\"@id\":\"https:\\\/\\\/suresms.com\\\/dk\\\/funktioner\\\/gruppe-sms\\\/\",\"url\":\"https:\\\/\\\/suresms.com\\\/dk\\\/funktioner\\\/gruppe-sms\\\/\",\"name\":\"Gruppe SMS: Opret &amp; send til grupper - gratis konto\",\"isPartOf\":{\"@id\":\"https:\\\/\\\/suresms.com\\\/en\\\/#website\"},\"primaryImageOfPage\":{\"@id\":\"https:\\\/\\\/suresms.com\\\/dk\\\/funktioner\\\/gruppe-sms\\\/#primaryimage\"},\"image\":{\"@id\":\"https:\\\/\\\/suresms.com\\\/dk\\\/funktioner\\\/gruppe-sms\\\/#primaryimage\"},\"thumbnailUrl\":\"https:\\\/\\\/suresms.com\\\/wp-content\\\/uploads\\\/2020\\\/11\\\/TeenagersTexting-1-1.png\",\"datePublished\":\"2016-03-02T14:42:36+00:00\",\"dateModified\":\"2025-11-13T14:19:35+00:00\",\"description\":\"L\u00e6s om vores gruppe SMS sender og dens utallige gratis funktioner. Kraftig og fleksibel .SMS gateway med ubegr\u00e6nset antal grupper.\",\"breadcrumb\":{\"@id\":\"https:\\\/\\\/suresms.com\\\/dk\\\/funktioner\\\/gruppe-sms\\\/#breadcrumb\"},\"inLanguage\":\"fr-FR\",\"potentialAction\":[{\"@type\":\"ReadAction\",\"target\":[\"https:\\\/\\\/suresms.com\\\/dk\\\/funktioner\\\/gruppe-sms\\\/\"]}]},{\"@type\":\"ImageObject\",\"inLanguage\":\"fr-FR\",\"@id\":\"https:\\\/\\\/suresms.com\\\/dk\\\/funktioner\\\/gruppe-sms\\\/#primaryimage\",\"url\":\"https:\\\/\\\/suresms.com\\\/wp-content\\\/uploads\\\/2020\\\/11\\\/TeenagersTexting-1-1.png\",\"contentUrl\":\"https:\\\/\\\/suresms.com\\\/wp-content\\\/uploads\\\/2020\\\/11\\\/TeenagersTexting-1-1.png\"},{\"@type\":\"BreadcrumbList\",\"@id\":\"https:\\\/\\\/suresms.com\\\/dk\\\/funktioner\\\/gruppe-sms\\\/#breadcrumb\",\"itemListElement\":[{\"@type\":\"ListItem\",\"position\":1,\"name\":\"Home\",\"item\":\"https:\\\/\\\/suresms.com\\\/dk\\\/\"},{\"@type\":\"ListItem\",\"position\":2,\"name\":\"Funktioner\",\"item\":\"https:\\\/\\\/suresms.com\\\/dk\\\/funktioner\\\/\"},{\"@type\":\"ListItem\",\"position\":3,\"name\":\"Gruppe SMS: Opret &amp; send til grupper\"}]},{\"@type\":\"WebSite\",\"@id\":\"https:\\\/\\\/suresms.com\\\/en\\\/#website\",\"url\":\"https:\\\/\\\/suresms.com\\\/en\\\/\",\"name\":\"SureSMS\",\"description\":\"Professionel SMS Gateway\",\"publisher\":{\"@id\":\"https:\\\/\\\/suresms.com\\\/en\\\/#organization\"},\"potentialAction\":[{\"@type\":\"SearchAction\",\"target\":{\"@type\":\"EntryPoint\",\"urlTemplate\":\"https:\\\/\\\/suresms.com\\\/en\\\/?s={search_term_string}\"},\"query-input\":{\"@type\":\"PropertyValueSpecification\",\"valueRequired\":true,\"valueName\":\"search_term_string\"}}],\"inLanguage\":\"fr-FR\"},{\"@type\":\"Organization\",\"@id\":\"https:\\\/\\\/suresms.com\\\/en\\\/#organization\",\"name\":\"SureSMS\",\"url\":\"https:\\\/\\\/suresms.com\\\/en\\\/\",\"logo\":{\"@type\":\"ImageObject\",\"inLanguage\":\"fr-FR\",\"@id\":\"https:\\\/\\\/suresms.com\\\/en\\\/#\\\/schema\\\/logo\\\/image\\\/\",\"url\":\"https:\\\/\\\/suresms.com\\\/wp-content\\\/uploads\\\/2024\\\/11\\\/suresms-300x65-1.png\",\"contentUrl\":\"https:\\\/\\\/suresms.com\\\/wp-content\\\/uploads\\\/2024\\\/11\\\/suresms-300x65-1.png\",\"width\":300,\"height\":65,\"caption\":\"SureSMS\"},\"image\":{\"@id\":\"https:\\\/\\\/suresms.com\\\/en\\\/#\\\/schema\\\/logo\\\/image\\\/\"},\"sameAs\":[\"https:\\\/\\\/www.facebook.com\\\/p\\\/SureSMS-100044607956149\\\/\"]}]}<\/script>\r\n<!-- \/ Yoast SEO Premium plugin. -->","yoast_head_json":{"title":"SMS de groupe : Cr\u00e9er et envoyer des SMS \u00e0 des groupes - compte gratuit","description":"D\u00e9couvrez notre exp\u00e9diteur de SMS de groupe et ses innombrables fonctionnalit\u00e9s gratuites. Passerelle SMS puissante et flexible avec un nombre illimit\u00e9 de groupes.","robots":{"index":"index","follow":"follow","max-snippet":"max-snippet:-1","max-image-preview":"max-image-preview:large","max-video-preview":"max-video-preview:-1"},"canonical":"https:\/\/suresms.com\/fr\/caracteristiques\/groupe-sms\/","og_locale":"fr_FR","og_type":"article","og_title":"Gruppe SMS: Opret &amp; send til grupper","og_description":"L\u00e6s om vores gruppe SMS sender og dens utallige gratis funktioner. Kraftig og fleksibel .SMS gateway med ubegr\u00e6nset antal grupper.","og_url":"https:\/\/suresms.com\/fr\/caracteristiques\/groupe-sms\/","article_publisher":"https:\/\/www.facebook.com\/p\/SureSMS-100044607956149\/","article_modified_time":"2025-11-13T14:19:35+00:00","og_image":[{"url":"https:\/\/suresms.com\/wp-content\/uploads\/2020\/11\/TeenagersTexting-1-1.png","type":"","width":"","height":""}],"twitter_card":"summary_large_image","twitter_misc":{"Dur\u00e9e de lecture estim\u00e9e":"7 minutes"},"schema":{"@context":"https:\/\/schema.org","@graph":[{"@type":"WebPage","@id":"https:\/\/suresms.com\/dk\/funktioner\/gruppe-sms\/","url":"https:\/\/suresms.com\/dk\/funktioner\/gruppe-sms\/","name":"SMS de groupe : Cr\u00e9er et envoyer des SMS \u00e0 des groupes - compte gratuit","isPartOf":{"@id":"https:\/\/suresms.com\/en\/#website"},"primaryImageOfPage":{"@id":"https:\/\/suresms.com\/dk\/funktioner\/gruppe-sms\/#primaryimage"},"image":{"@id":"https:\/\/suresms.com\/dk\/funktioner\/gruppe-sms\/#primaryimage"},"thumbnailUrl":"https:\/\/suresms.com\/wp-content\/uploads\/2020\/11\/TeenagersTexting-1-1.png","datePublished":"2016-03-02T14:42:36+00:00","dateModified":"2025-11-13T14:19:35+00:00","description":"D\u00e9couvrez notre exp\u00e9diteur de SMS de groupe et ses innombrables fonctionnalit\u00e9s gratuites. Passerelle SMS puissante et flexible avec un nombre illimit\u00e9 de groupes.","breadcrumb":{"@id":"https:\/\/suresms.com\/dk\/funktioner\/gruppe-sms\/#breadcrumb"},"inLanguage":"fr-FR","potentialAction":[{"@type":"ReadAction","target":["https:\/\/suresms.com\/dk\/funktioner\/gruppe-sms\/"]}]},{"@type":"ImageObject","inLanguage":"fr-FR","@id":"https:\/\/suresms.com\/dk\/funktioner\/gruppe-sms\/#primaryimage","url":"https:\/\/suresms.com\/wp-content\/uploads\/2020\/11\/TeenagersTexting-1-1.png","contentUrl":"https:\/\/suresms.com\/wp-content\/uploads\/2020\/11\/TeenagersTexting-1-1.png"},{"@type":"BreadcrumbList","@id":"https:\/\/suresms.com\/dk\/funktioner\/gruppe-sms\/#breadcrumb","itemListElement":[{"@type":"ListItem","position":1,"name":"Home","item":"https:\/\/suresms.com\/dk\/"},{"@type":"ListItem","position":2,"name":"Funktioner","item":"https:\/\/suresms.com\/dk\/funktioner\/"},{"@type":"ListItem","position":3,"name":"Gruppe SMS: Opret &amp; send til grupper"}]},{"@type":"WebSite","@id":"https:\/\/suresms.com\/en\/#website","url":"https:\/\/suresms.com\/en\/","name":"SureSMS","description":"Passerelle SMS professionnelle","publisher":{"@id":"https:\/\/suresms.com\/en\/#organization"},"potentialAction":[{"@type":"SearchAction","target":{"@type":"EntryPoint","urlTemplate":"https:\/\/suresms.com\/en\/?s={search_term_string}"},"query-input":{"@type":"PropertyValueSpecification","valueRequired":true,"valueName":"search_term_string"}}],"inLanguage":"fr-FR"},{"@type":"Organization","@id":"https:\/\/suresms.com\/en\/#organization","name":"SureSMS","url":"https:\/\/suresms.com\/en\/","logo":{"@type":"ImageObject","inLanguage":"fr-FR","@id":"https:\/\/suresms.com\/en\/#\/schema\/logo\/image\/","url":"https:\/\/suresms.com\/wp-content\/uploads\/2024\/11\/suresms-300x65-1.png","contentUrl":"https:\/\/suresms.com\/wp-content\/uploads\/2024\/11\/suresms-300x65-1.png","width":300,"height":65,"caption":"SureSMS"},"image":{"@id":"https:\/\/suresms.com\/en\/#\/schema\/logo\/image\/"},"sameAs":["https:\/\/www.facebook.com\/p\/SureSMS-100044607956149\/"]}]}},"_links":{"self":[{"href":"https:\/\/suresms.com\/fr\/wp-json\/wp\/v2\/pages\/18649","targetHints":{"allow":["GET"]}}],"collection":[{"href":"https:\/\/suresms.com\/fr\/wp-json\/wp\/v2\/pages"}],"about":[{"href":"https:\/\/suresms.com\/fr\/wp-json\/wp\/v2\/types\/page"}],"author":[{"embeddable":true,"href":"https:\/\/suresms.com\/fr\/wp-json\/wp\/v2\/users\/1"}],"replies":[{"embeddable":true,"href":"https:\/\/suresms.com\/fr\/wp-json\/wp\/v2\/comments?post=18649"}],"version-history":[{"count":9,"href":"https:\/\/suresms.com\/fr\/wp-json\/wp\/v2\/pages\/18649\/revisions"}],"predecessor-version":[{"id":23543,"href":"https:\/\/suresms.com\/fr\/wp-json\/wp\/v2\/pages\/18649\/revisions\/23543"}],"up":[{"embeddable":true,"href":"https:\/\/suresms.com\/fr\/wp-json\/wp\/v2\/pages\/958"}],"wp:attachment":[{"href":"https:\/\/suresms.com\/fr\/wp-json\/wp\/v2\/media?parent=18649"}],"wp:term":[{"taxonomy":"category","embeddable":true,"href":"https:\/\/suresms.com\/fr\/wp-json\/wp\/v2\/categories?post=18649"},{"taxonomy":"post_tag","embeddable":true,"href":"https:\/\/suresms.com\/fr\/wp-json\/wp\/v2\/tags?post=18649"}],"curies":[{"name":"wp","href":"https:\/\/api.w.org\/{rel}","templated":true}]}}