{"id":18648,"date":"2015-12-14T15:47:13","date_gmt":"2015-12-14T13:47:13","guid":{"rendered":"https:\/\/www.suresms.com\/dk\/?page_id=1404"},"modified":"2024-12-05T15:38:05","modified_gmt":"2024-12-05T15:38:05","slug":"envoi-de-messages-textuels-programmes","status":"publish","type":"page","link":"https:\/\/suresms.com\/fr\/funktioner\/send-tidsindstillede-sms-beskeder\/","title":{"rendered":"SMS programm\u00e9s - Programmer des messages"},"content":{"rendered":"<!-- Flexy Breadcrumb -->\r\n\t\t\t<div class=\"fbc fbc-page\">\r\n\r\n\t\t\t\t<!-- Breadcrumb wrapper -->\r\n\t\t\t\t<div class=\"fbc-wrap\">\r\n\r\n\t\t\t\t\t<!-- Ordered list-->\r\n\t\t\t\t\t<ol class=\"fbc-items\" itemscope itemtype=\"https:\/\/schema.org\/BreadcrumbList\">\r\n\t\t\t\t\t\t            <li itemprop=\"itemListElement\" itemscope itemtype=\"https:\/\/schema.org\/ListItem\">\r\n                <span itemprop=\"name\">\r\n                    <!-- Home Link -->\r\n                    <a itemprop=\"item\" href=\"https:\/\/suresms.com\/fr\/\">\r\n                    \r\n                                                    <i class=\"fa fa-home\" aria-hidden=\"true\"><\/i>Accueil                    <\/a>\r\n                <\/span>\r\n                <meta itemprop=\"position\" content=\"1\" \/><!-- Meta Position-->\r\n             <\/li><li><span class=\"fbc-separator\">\/<\/span><\/li><li class=\"active\" itemprop=\"itemListElement\" itemscope itemtype=\"https:\/\/schema.org\/ListItem\"><span itemprop=\"name\" title=\"SMS programm\u00e9s - Programmer des messages\">Messages SMS programm\u00e9s -...<\/span><meta itemprop=\"position\" content=\"2\" \/><\/li>\t\t\t\t\t<\/ol>\r\n\t\t\t\t\t<div class=\"clearfix\"><\/div>\r\n\t\t\t\t<\/div>\r\n\t\t\t<\/div>\r\n\t\t\t\n<h2>\n\t\tProgrammation des messages\n\t<\/h2>\n\t<p>SureSMS dispose d'un calendrier int\u00e9gr\u00e9. Cette fonction vous permet de d\u00e9cider et de fixer l'heure d'envoi de vos messages.<\/p>\n\t\t<h3>Rappels par SMS<\/h3><p>L'utilisation la plus courante des passerelles SMS au Danemark aujourd'hui est probablement l'envoi de rappels. Vous connaissez probablement cette pratique chez votre coiffeur, votre dentiste, votre garagiste, \u00e0 la biblioth\u00e8que et dans bien d'autres endroits.<\/p>\n<p>En r\u00e8gle g\u00e9n\u00e9rale, le syst\u00e8me utilis\u00e9 par le coiffeur, le dentiste ou la biblioth\u00e8que (le syst\u00e8me source) est connect\u00e9 \u00e0 une passerelle SMS. Lorsqu'un \u00e9v\u00e9nement se produit dans le syst\u00e8me source - par exemple, le retour d'un livre - le syst\u00e8me source envoie un message \u00e0 la passerelle SMS pour qu'elle envoie un message. La responsabilit\u00e9 de la passerelle SMS est d'assurer la livraison du message par SMS.<\/p>\n\t\t<h3>Planifiez l'envoi de vos messages SMS<\/h3><p>Permettre \u00e0 notre passerelle d'envoyer des messages et des rappels programm\u00e9s \u00e0 vos utilisateurs est une fonctionnalit\u00e9 simple et facile que beaucoup de nos clients appr\u00e9cient.<\/p>\n<p>Qu'il s'agisse d'un professeur de yoga qui envoie des messages sur ses cours ou d'un dentiste qui envoie des notifications sur ses examens. Il s'agit d'une fonctionnalit\u00e9 classique de Gateway qui offre de nombreuses possibilit\u00e9s.<\/p>\n\t\t<h3>Programmation de l'envoi des listes<\/h3><p>SureSMS dispose d'une fonction PREMIUM qui permet de programmer l'envoi de messages tous les jours, tous les jours de la semaine, toutes les semaines, tous les mois ou tous les ans. Chez nous, tous nos clients sont des clients Premium !<\/p>\n\t\t<h3>Votre ordinateur ne doit pas \u00eatre allum\u00e9<\/h3><p>Le syst\u00e8me enverra les messages, que votre ordinateur soit allum\u00e9 ou non, car le message se trouve d\u00e9j\u00e0 sur notre serveur.<\/p>\n<p>Et nos serveurs sont TOUJOURS op\u00e9rationnels !<\/p>\n\t\t<h3>Annuler les messages programm\u00e9s<\/h3><p>Vous pouvez toujours supprimer les messages dont vous avez programm\u00e9 l'envoi. Tout comme vous avez une bo\u00eete de r\u00e9ception et une bo\u00eete d'envoi dans votre client de messagerie, vous disposez \u00e9galement d'un dossier \"Messages programm\u00e9s\" dans lequel sont stock\u00e9s tous les messages que vous avez programm\u00e9s \u00e0 l'avenir. Il est facile et clair de trouver et de modifier le message.<\/p>\n\t<iframe loading=\"lazy\" src=\"https:\/\/youtube.com\/embed\/98gDGwR5hYU?rel=0\" width=\"560\" height=\"315\" frameborder=\"0\" allowfullscreen=\"allowfullscreen\"><\/iframe>\n\t<p><strong>Simplicit\u00e9 de programmation des envois de SMS<\/strong><\/p>\n<ol>\n<li>Tapez votre message dans le champ de texte<\/li>\n<li>Cliquez sur le bouton \"Plus\" dans le menu<\/li>\n<li>S\u00e9lectionner la date et l'heure d'exp\u00e9dition<\/li>\n<li>Cliquez sur envoyer !<\/li>\n<\/ol>\n<p>Vous n'avez pas encore de compte ? A partir de cette page, vous pouvez rapidement cr\u00e9er un compte test avec 50 SMS gratuits !<\/p>\n\t<h4><strong>Voici quelques exemples d'utilisation de cette fonction par nos clients : \"Timed SMS\" (SMS \u00e0 heure fixe)<\/strong><\/h4>\n<ul>\n<li>Un podologue agr\u00e9\u00e9 par l'\u00c9tat utilise des messages SMS programm\u00e9s pour envoyer des notifications \u00e0 ses clients afin qu'ils n'oublient pas leur rendez-vous. Cela signifie moins d'annulations pour une petite entreprise qui d\u00e9pend financi\u00e8rement d'un calendrier bien rempli.<\/li>\n<li>Une entreprise du Jutland qui vend des v\u00eatements d'entreprise utilise la fonction SMS \u00e0 heure fixe pour envoyer des messages \u00e0 ses clients au sujet de la collecte des marchandises.<\/li>\n<li>\"N'oubliez pas de vous inscrire \u00e0 la natation pour b\u00e9b\u00e9s\" est l'un des messages qu'un club sportif local envoie via notre site web quelques jours avant le d\u00e9but du prochain cours.<\/li>\n<\/ul>","protected":false},"excerpt":{"rendered":"<p>Programmation des messages SureSMS dispose d'un calendrier int\u00e9gr\u00e9. Cette fonction vous permet de d\u00e9cider et de fixer l'heure d'envoi de vos messages. Rappels par SMS L'envoi de rappels est probablement l'utilisation la plus courante des passerelles SMS au Danemark aujourd'hui. Vous connaissez sans doute cela chez votre coiffeur, votre dentiste, votre garagiste, \u00e0 la biblioth\u00e8que... <a title=\"SMS programm\u00e9s - Programmer des messages\" class=\"read-more\" href=\"https:\/\/suresms.com\/fr\/funktioner\/send-tidsindstillede-sms-beskeder\/\" aria-label=\"En savoir plus sur Scheduled SMS - Programmer des messages\">En savoir plus<\/a><\/p>","protected":false},"author":1,"featured_media":0,"parent":958,"menu_order":9,"comment_status":"closed","ping_status":"closed","template":"","meta":{"_fl_builder_enabled":"1","_fl_builder_data":null,"_fl_builder_draft":null,"_fl_builder_data_settings":null,"_fl_builder_css":"","_fl_builder_css_version":"","_fl_builder_js":"","footnotes":""},"categories":[17],"tags":[],"class_list":{"0":"post-18648","1":"page","2":"type-page","3":"status-publish","5":"category-linkfracornorstone"},"yoast_head":"<!-- This site is optimized with the Yoast SEO Premium plugin v27.3 (Yoast SEO v27.3) - https:\/\/yoast.com\/product\/yoast-seo-premium-wordpress\/ -->\r\n<title>Tidsindstillet SMS | Send nemt tidsindstillede SMS beskeder \u2713<\/title>\r\n<meta name=\"description\" content=\"Planl\u00e6g og afsend tidsbestemte SMS fra SureSMS WEB portal. Send p\u00e5mindelser om aftaler, f\u00f8dselsdagshilsener. Integreret funktion i vores gratis abonnement.\" \/>\r\n<meta name=\"robots\" content=\"index, follow, max-snippet:-1, max-image-preview:large, max-video-preview:-1\" \/>\r\n<link rel=\"canonical\" href=\"https:\/\/suresms.com\/fr\/caracteristiques\/envoi-de-messages-textuels-programmes\/\" \/>\r\n<meta property=\"og:locale\" content=\"fr_FR\" \/>\r\n<meta property=\"og:type\" content=\"article\" \/>\r\n<meta property=\"og:title\" content=\"Tidsindstillede SMS&#039;er - Planl\u00e6g beskeder\" \/>\r\n<meta property=\"og:description\" content=\"Planl\u00e6g og afsend tidsbestemte SMS fra SureSMS WEB portal. Send p\u00e5mindelser om aftaler, f\u00f8dselsdagshilsener. Integreret funktion i vores gratis abonnement.\" \/>\r\n<meta property=\"og:url\" content=\"https:\/\/suresms.com\/fr\/caracteristiques\/envoi-de-messages-textuels-programmes\/\" \/>\r\n<meta property=\"article:publisher\" content=\"https:\/\/www.facebook.com\/p\/SureSMS-100044607956149\/\" \/>\r\n<meta property=\"article:modified_time\" content=\"2024-12-05T15:38:05+00:00\" \/>\r\n<meta name=\"twitter:card\" content=\"summary_large_image\" \/>\r\n<meta name=\"twitter:label1\" content=\"Dur\u00e9e de lecture estim\u00e9e\" \/>\n\t<meta name=\"twitter:data1\" content=\"7 minutes\" \/>\r\n<script type=\"application\/ld+json\" class=\"yoast-schema-graph\">{\"@context\":\"https:\\\/\\\/schema.org\",\"@graph\":[{\"@type\":\"WebPage\",\"@id\":\"https:\\\/\\\/suresms.com\\\/dk\\\/funktioner\\\/send-tidsindstillede-sms-beskeder\\\/\",\"url\":\"https:\\\/\\\/suresms.com\\\/dk\\\/funktioner\\\/send-tidsindstillede-sms-beskeder\\\/\",\"name\":\"Tidsindstillet SMS | Send nemt tidsindstillede SMS beskeder \u2713\",\"isPartOf\":{\"@id\":\"https:\\\/\\\/suresms.com\\\/en\\\/#website\"},\"datePublished\":\"2015-12-14T13:47:13+00:00\",\"dateModified\":\"2024-12-05T15:38:05+00:00\",\"description\":\"Planl\u00e6g og afsend tidsbestemte SMS fra SureSMS WEB portal. Send p\u00e5mindelser om aftaler, f\u00f8dselsdagshilsener. Integreret funktion i vores gratis abonnement.\",\"breadcrumb\":{\"@id\":\"https:\\\/\\\/suresms.com\\\/dk\\\/funktioner\\\/send-tidsindstillede-sms-beskeder\\\/#breadcrumb\"},\"inLanguage\":\"fr-FR\",\"potentialAction\":[{\"@type\":\"ReadAction\",\"target\":[\"https:\\\/\\\/suresms.com\\\/dk\\\/funktioner\\\/send-tidsindstillede-sms-beskeder\\\/\"]}]},{\"@type\":\"BreadcrumbList\",\"@id\":\"https:\\\/\\\/suresms.com\\\/dk\\\/funktioner\\\/send-tidsindstillede-sms-beskeder\\\/#breadcrumb\",\"itemListElement\":[{\"@type\":\"ListItem\",\"position\":1,\"name\":\"Home\",\"item\":\"https:\\\/\\\/suresms.com\\\/dk\\\/\"},{\"@type\":\"ListItem\",\"position\":2,\"name\":\"Funktioner\",\"item\":\"https:\\\/\\\/suresms.com\\\/dk\\\/funktioner\\\/\"},{\"@type\":\"ListItem\",\"position\":3,\"name\":\"Tidsindstillede SMS&#039;er &#8211; Planl\u00e6g beskeder\"}]},{\"@type\":\"WebSite\",\"@id\":\"https:\\\/\\\/suresms.com\\\/en\\\/#website\",\"url\":\"https:\\\/\\\/suresms.com\\\/en\\\/\",\"name\":\"SureSMS\",\"description\":\"Professionel SMS Gateway\",\"publisher\":{\"@id\":\"https:\\\/\\\/suresms.com\\\/en\\\/#organization\"},\"potentialAction\":[{\"@type\":\"SearchAction\",\"target\":{\"@type\":\"EntryPoint\",\"urlTemplate\":\"https:\\\/\\\/suresms.com\\\/en\\\/?s={search_term_string}\"},\"query-input\":{\"@type\":\"PropertyValueSpecification\",\"valueRequired\":true,\"valueName\":\"search_term_string\"}}],\"inLanguage\":\"fr-FR\"},{\"@type\":\"Organization\",\"@id\":\"https:\\\/\\\/suresms.com\\\/en\\\/#organization\",\"name\":\"SureSMS\",\"url\":\"https:\\\/\\\/suresms.com\\\/en\\\/\",\"logo\":{\"@type\":\"ImageObject\",\"inLanguage\":\"fr-FR\",\"@id\":\"https:\\\/\\\/suresms.com\\\/en\\\/#\\\/schema\\\/logo\\\/image\\\/\",\"url\":\"https:\\\/\\\/suresms.com\\\/wp-content\\\/uploads\\\/2024\\\/11\\\/suresms-300x65-1.png\",\"contentUrl\":\"https:\\\/\\\/suresms.com\\\/wp-content\\\/uploads\\\/2024\\\/11\\\/suresms-300x65-1.png\",\"width\":300,\"height\":65,\"caption\":\"SureSMS\"},\"image\":{\"@id\":\"https:\\\/\\\/suresms.com\\\/en\\\/#\\\/schema\\\/logo\\\/image\\\/\"},\"sameAs\":[\"https:\\\/\\\/www.facebook.com\\\/p\\\/SureSMS-100044607956149\\\/\"]}]}<\/script>\r\n<!-- \/ Yoast SEO Premium plugin. -->","yoast_head_json":{"title":"SMS \u00e0 heure fixe | Envoyer facilement des SMS \u00e0 heure fixe \u2713","description":"Programmez et envoyez des SMS \u00e0 heure fixe \u00e0 partir du portail WEB SureSMS. Envoyez des rappels de rendez-vous, des v\u0153ux d'anniversaire. Fonctionnalit\u00e9 int\u00e9gr\u00e9e dans notre abonnement gratuit.","robots":{"index":"index","follow":"follow","max-snippet":"max-snippet:-1","max-image-preview":"max-image-preview:large","max-video-preview":"max-video-preview:-1"},"canonical":"https:\/\/suresms.com\/fr\/caracteristiques\/envoi-de-messages-textuels-programmes\/","og_locale":"fr_FR","og_type":"article","og_title":"Tidsindstillede SMS&#039;er - Planl\u00e6g beskeder","og_description":"Planl\u00e6g og afsend tidsbestemte SMS fra SureSMS WEB portal. Send p\u00e5mindelser om aftaler, f\u00f8dselsdagshilsener. Integreret funktion i vores gratis abonnement.","og_url":"https:\/\/suresms.com\/fr\/caracteristiques\/envoi-de-messages-textuels-programmes\/","article_publisher":"https:\/\/www.facebook.com\/p\/SureSMS-100044607956149\/","article_modified_time":"2024-12-05T15:38:05+00:00","twitter_card":"summary_large_image","twitter_misc":{"Dur\u00e9e de lecture estim\u00e9e":"7 minutes"},"schema":{"@context":"https:\/\/schema.org","@graph":[{"@type":"WebPage","@id":"https:\/\/suresms.com\/dk\/funktioner\/send-tidsindstillede-sms-beskeder\/","url":"https:\/\/suresms.com\/dk\/funktioner\/send-tidsindstillede-sms-beskeder\/","name":"SMS \u00e0 heure fixe | Envoyer facilement des SMS \u00e0 heure fixe \u2713","isPartOf":{"@id":"https:\/\/suresms.com\/en\/#website"},"datePublished":"2015-12-14T13:47:13+00:00","dateModified":"2024-12-05T15:38:05+00:00","description":"Programmez et envoyez des SMS \u00e0 heure fixe \u00e0 partir du portail WEB SureSMS. Envoyez des rappels de rendez-vous, des v\u0153ux d'anniversaire. Fonctionnalit\u00e9 int\u00e9gr\u00e9e dans notre abonnement gratuit.","breadcrumb":{"@id":"https:\/\/suresms.com\/dk\/funktioner\/send-tidsindstillede-sms-beskeder\/#breadcrumb"},"inLanguage":"fr-FR","potentialAction":[{"@type":"ReadAction","target":["https:\/\/suresms.com\/dk\/funktioner\/send-tidsindstillede-sms-beskeder\/"]}]},{"@type":"BreadcrumbList","@id":"https:\/\/suresms.com\/dk\/funktioner\/send-tidsindstillede-sms-beskeder\/#breadcrumb","itemListElement":[{"@type":"ListItem","position":1,"name":"Home","item":"https:\/\/suresms.com\/dk\/"},{"@type":"ListItem","position":2,"name":"Funktioner","item":"https:\/\/suresms.com\/dk\/funktioner\/"},{"@type":"ListItem","position":3,"name":"Tidsindstillede SMS&#039;er &#8211; Planl\u00e6g beskeder"}]},{"@type":"WebSite","@id":"https:\/\/suresms.com\/en\/#website","url":"https:\/\/suresms.com\/en\/","name":"SureSMS","description":"Passerelle SMS professionnelle","publisher":{"@id":"https:\/\/suresms.com\/en\/#organization"},"potentialAction":[{"@type":"SearchAction","target":{"@type":"EntryPoint","urlTemplate":"https:\/\/suresms.com\/en\/?s={search_term_string}"},"query-input":{"@type":"PropertyValueSpecification","valueRequired":true,"valueName":"search_term_string"}}],"inLanguage":"fr-FR"},{"@type":"Organization","@id":"https:\/\/suresms.com\/en\/#organization","name":"SureSMS","url":"https:\/\/suresms.com\/en\/","logo":{"@type":"ImageObject","inLanguage":"fr-FR","@id":"https:\/\/suresms.com\/en\/#\/schema\/logo\/image\/","url":"https:\/\/suresms.com\/wp-content\/uploads\/2024\/11\/suresms-300x65-1.png","contentUrl":"https:\/\/suresms.com\/wp-content\/uploads\/2024\/11\/suresms-300x65-1.png","width":300,"height":65,"caption":"SureSMS"},"image":{"@id":"https:\/\/suresms.com\/en\/#\/schema\/logo\/image\/"},"sameAs":["https:\/\/www.facebook.com\/p\/SureSMS-100044607956149\/"]}]}},"_links":{"self":[{"href":"https:\/\/suresms.com\/fr\/wp-json\/wp\/v2\/pages\/18648","targetHints":{"allow":["GET"]}}],"collection":[{"href":"https:\/\/suresms.com\/fr\/wp-json\/wp\/v2\/pages"}],"about":[{"href":"https:\/\/suresms.com\/fr\/wp-json\/wp\/v2\/types\/page"}],"author":[{"embeddable":true,"href":"https:\/\/suresms.com\/fr\/wp-json\/wp\/v2\/users\/1"}],"replies":[{"embeddable":true,"href":"https:\/\/suresms.com\/fr\/wp-json\/wp\/v2\/comments?post=18648"}],"version-history":[{"count":3,"href":"https:\/\/suresms.com\/fr\/wp-json\/wp\/v2\/pages\/18648\/revisions"}],"predecessor-version":[{"id":19442,"href":"https:\/\/suresms.com\/fr\/wp-json\/wp\/v2\/pages\/18648\/revisions\/19442"}],"up":[{"embeddable":true,"href":"https:\/\/suresms.com\/fr\/wp-json\/wp\/v2\/pages\/958"}],"wp:attachment":[{"href":"https:\/\/suresms.com\/fr\/wp-json\/wp\/v2\/media?parent=18648"}],"wp:term":[{"taxonomy":"category","embeddable":true,"href":"https:\/\/suresms.com\/fr\/wp-json\/wp\/v2\/categories?post=18648"},{"taxonomy":"post_tag","embeddable":true,"href":"https:\/\/suresms.com\/fr\/wp-json\/wp\/v2\/tags?post=18648"}],"curies":[{"name":"wp","href":"https:\/\/api.w.org\/{rel}","templated":true}]}}