{"id":18594,"date":"2013-11-26T08:53:12","date_gmt":"2013-11-26T06:53:12","guid":{"rendered":"http:\/\/suresms-gateway.dk\/?page_id=9"},"modified":"2025-11-19T10:58:14","modified_gmt":"2025-11-19T10:58:14","slug":"a-propos-de-suresms","status":"publish","type":"page","link":"https:\/\/suresms.com\/fr\/om-suresms\/","title":{"rendered":"\u00c0 propos de SureSMS"},"content":{"rendered":"<h1>\n\t\t\t\u00c0 propos de SureSMS\t<\/h1>\n\t<p>Chez Sure SMS, nous cr\u00e9ons des solutions SMS flexibles et durables pour les utilisateurs professionnels. Nous offrons une API bien document\u00e9e pour une passerelle SMS stable pour les d\u00e9veloppeurs.<br \/>Nous sommes bons dans ce que nous faisons ! Et nous pensons qu'avec un bon savoir-faire et une attention particuli\u00e8re aux nouvelles solutions technologiques, nous cr\u00e9ons les meilleures solutions en \u00e9troite collaboration avec nos clients.<\/p>\n\t\t\t\t<img decoding=\"async\" src=\"https:\/\/suresms.com\/wp-content\/uploads\/2013\/11\/startup550x250px.jpg\" alt=\"A propos de la collaboration avec les clients suresms\" itemprop=\"image\" height=\"250\" width=\"500\" title=\"sur la coop\u00e9ration avec Suresms\" onerror=\"this.style.display='none'\" loading=\"lazy\" \/>\n<h3>Travailler avec nous<\/h3>Nous sommes convaincus que nous obtenons les meilleurs r\u00e9sultats si nous agissons en fonction du retour d'information de nos clients !<br \/>\nC'est pourquoi il ne suffit pas de vous fournir une passerelle fiable qui offre la meilleure qualit\u00e9 et le meilleur temps de disponibilit\u00e9 pour la livraison des SMS.<br \/>\nAvec nous, vous pouvez en attendre un peu plus. Notre assistance est toujours ax\u00e9e sur le service et personnalis\u00e9e. Nous n'avons PAS de lignes t\u00e9l\u00e9phoniques et nos clients doivent toujours pouvoir entrer facilement en contact avec un employ\u00e9 comp\u00e9tent et en chair et en os qui peut les aider gratuitement \u00e0 r\u00e9soudre des probl\u00e8mes sp\u00e9cifiques ou \u00e0 leur donner des conseils.<br \/>\nChez SureSMS, nous faisons avancer les choses !\n\t\t\t\t<img decoding=\"async\" src=\"https:\/\/suresms.com\/wp-content\/uploads\/2013\/11\/bordfodbold-500x250px1.jpg\" alt=\"\u00c0 propos de la passerelle SMS SureSMS\" itemprop=\"image\" height=\"250\" width=\"500\" title=\"Football de table 500x250px\" onerror=\"this.style.display='none'\" loading=\"lazy\" \/>\n<h3>Notre \u00e9quipe<\/h3>Nous sommes une \u00e9quipe de d\u00e9veloppeurs et d'op\u00e9rateurs danois exp\u00e9riment\u00e9s et hautement qualifi\u00e9s qui travaillent depuis plus de 20 ans avec les passerelles SMS et l'infrastructure, y compris les r\u00e9seaux, la s\u00e9curit\u00e9 et les serveurs.<br \/>\nEn collaboration avec nos sp\u00e9cialistes de la communication et de la vente, nous travaillons avec ambition pour offrir le meilleur service \u00e0 nos clients.<br \/>\nDepuis notre si\u00e8ge \u00e0 Hvidovre, au Danemark, nous travaillons avec nos d\u00e9veloppeurs dans le monde entier pour d\u00e9velopper en permanence notre produit, notre service et notre communication afin de transmettre vos messages en toute s\u00e9curit\u00e9 \u00e0 n'importe quel t\u00e9l\u00e9phone portable dans le monde.\n<h3>\n\t\t\tEnvoyer un message\t<\/h3>\n<h3>\n\t\t\tC'est ici que nous vivons\t<\/h3>\n<h3>\n\t\t\tSureSMS ApS\t<\/h3>\n\t<h5>Industrialholmen 82<br \/>DK-2650 Hvidovre, Danemark<\/h5>\n\n<h5>CONTACT :<br \/>Tel : +45 50 322 322<br \/>Courriel : info@suresms.com<br \/>CVR : 33263104<\/h5>\n\t\t<h3>L'histoire de SureSMS<\/h3><p>SureSMS Aps est une entreprise danoise situ\u00e9e \u00e0 Hvidovre qui envoie des messages SMS depuis 2003. Nous aidons les entreprises au Danemark et \u00e0 l'\u00e9tranger \u00e0 fournir des solutions SMS de la plus haute qualit\u00e9.<\/p>\n<h4>\n\t\t<a href=\"https:\/\/suresms.com\/fr\/contact\/\" title=\"Chez SureSMS, vous b\u00e9n\u00e9ficiez toujours d&#039;une assistance gratuite. Appelez-nous au 50 322 322 ou envoyez-nous un e-mail ICI !\"  target=\"_self\">\n\t\t\tChez SureSMS, vous b\u00e9n\u00e9ficiez toujours d'une assistance gratuite. Appelez-nous au 50 322 322 ou envoyez-nous un e-mail ICI !\t\t<\/a>\n\t<\/h4>","protected":false},"excerpt":{"rendered":"<p>A propos de SureSMS Chez Sure SMS, nous cr\u00e9ons des solutions SMS flexibles et durables pour les utilisateurs professionnels. Nous offrons une API bien document\u00e9e pour une passerelle SMS stable pour les d\u00e9veloppeurs. Et nous croyons qu'avec un bon savoir-faire et une attention particuli\u00e8re aux nouvelles solutions technologiques, nous cr\u00e9ons les meilleures solutions en \u00e9troite collaboration avec ... <a title=\"\u00c0 propos de SureSMS\" class=\"read-more\" href=\"https:\/\/suresms.com\/fr\/om-suresms\/\" aria-label=\"En savoir plus sur Om SureSMS\">En savoir plus<\/a><\/p>","protected":false},"author":1,"featured_media":0,"parent":0,"menu_order":7,"comment_status":"closed","ping_status":"closed","template":"","meta":{"_fl_builder_enabled":"1","_fl_builder_data":null,"_fl_builder_draft":null,"_fl_builder_data_settings":null,"_fl_builder_css":"","_fl_builder_css_version":"","_fl_builder_js":"","footnotes":""},"categories":[],"tags":[],"class_list":["post-18594","page","type-page","status-publish"],"yoast_head":"<!-- This site is optimized with the Yoast SEO Premium plugin v27.3 (Yoast SEO v27.3) - https:\/\/yoast.com\/product\/yoast-seo-premium-wordpress\/ -->\r\n<title>Om SureSMS - F\u00e5 et indblik i vores erfaring og kompetencer<\/title>\r\n<meta name=\"description\" content=\"L\u00e6s her om SureSMS. Med 13 \u00e5rs erfaring p\u00e5 SMS markedet, er vi den professionelle l\u00f8sning til virksomheder og udviklere. SMS GAteway med kunden i centrum.\" \/>\r\n<meta name=\"robots\" content=\"index, follow, max-snippet:-1, max-image-preview:large, max-video-preview:-1\" \/>\r\n<link rel=\"canonical\" href=\"https:\/\/suresms.com\/fr\/a-propos-de-suresms\/\" \/>\r\n<meta property=\"og:locale\" content=\"fr_FR\" \/>\r\n<meta property=\"og:type\" content=\"article\" \/>\r\n<meta property=\"og:title\" content=\"Om SureSMS\" \/>\r\n<meta property=\"og:description\" content=\"L\u00e6s om SureSMS en professionel SMS Gateway med kvalitetsl\u00f8sninger til professionelle.\" \/>\r\n<meta property=\"og:url\" content=\"https:\/\/suresms.com\/fr\/a-propos-de-suresms\/\" \/>\r\n<meta property=\"article:publisher\" content=\"https:\/\/www.facebook.com\/p\/SureSMS-100044607956149\/\" \/>\r\n<meta property=\"article:modified_time\" content=\"2025-11-19T10:58:14+00:00\" \/>\r\n<meta name=\"twitter:card\" content=\"summary_large_image\" \/>\r\n<meta name=\"twitter:image\" content=\"https:\/\/suresms.com\/wp-content\/uploads\/2013\/11\/startup550x250px.jpg\" \/>\r\n<meta name=\"twitter:label1\" content=\"Dur\u00e9e de lecture estim\u00e9e\" \/>\n\t<meta name=\"twitter:data1\" content=\"3 minutes\" \/>\r\n<script type=\"application\/ld+json\" class=\"yoast-schema-graph\">{\"@context\":\"https:\\\/\\\/schema.org\",\"@graph\":[{\"@type\":\"WebPage\",\"@id\":\"https:\\\/\\\/suresms.com\\\/dk\\\/om-suresms\\\/\",\"url\":\"https:\\\/\\\/suresms.com\\\/dk\\\/om-suresms\\\/\",\"name\":\"Om SureSMS - F\u00e5 et indblik i vores erfaring og kompetencer\",\"isPartOf\":{\"@id\":\"https:\\\/\\\/suresms.com\\\/en\\\/#website\"},\"primaryImageOfPage\":{\"@id\":\"https:\\\/\\\/suresms.com\\\/dk\\\/om-suresms\\\/#primaryimage\"},\"image\":{\"@id\":\"https:\\\/\\\/suresms.com\\\/dk\\\/om-suresms\\\/#primaryimage\"},\"thumbnailUrl\":\"https:\\\/\\\/suresms.com\\\/wp-content\\\/uploads\\\/2013\\\/11\\\/startup550x250px.jpg\",\"datePublished\":\"2013-11-26T06:53:12+00:00\",\"dateModified\":\"2025-11-19T10:58:14+00:00\",\"description\":\"L\u00e6s her om SureSMS. Med 13 \u00e5rs erfaring p\u00e5 SMS markedet, er vi den professionelle l\u00f8sning til virksomheder og udviklere. SMS GAteway med kunden i centrum.\",\"breadcrumb\":{\"@id\":\"https:\\\/\\\/suresms.com\\\/dk\\\/om-suresms\\\/#breadcrumb\"},\"inLanguage\":\"fr-FR\",\"potentialAction\":[{\"@type\":\"ReadAction\",\"target\":[\"https:\\\/\\\/suresms.com\\\/dk\\\/om-suresms\\\/\"]}]},{\"@type\":\"ImageObject\",\"inLanguage\":\"fr-FR\",\"@id\":\"https:\\\/\\\/suresms.com\\\/dk\\\/om-suresms\\\/#primaryimage\",\"url\":\"https:\\\/\\\/suresms.com\\\/wp-content\\\/uploads\\\/2013\\\/11\\\/startup550x250px.jpg\",\"contentUrl\":\"https:\\\/\\\/suresms.com\\\/wp-content\\\/uploads\\\/2013\\\/11\\\/startup550x250px.jpg\"},{\"@type\":\"BreadcrumbList\",\"@id\":\"https:\\\/\\\/suresms.com\\\/dk\\\/om-suresms\\\/#breadcrumb\",\"itemListElement\":[{\"@type\":\"ListItem\",\"position\":1,\"name\":\"Home\",\"item\":\"https:\\\/\\\/suresms.com\\\/dk\\\/\"},{\"@type\":\"ListItem\",\"position\":2,\"name\":\"Om SureSMS\"}]},{\"@type\":\"WebSite\",\"@id\":\"https:\\\/\\\/suresms.com\\\/en\\\/#website\",\"url\":\"https:\\\/\\\/suresms.com\\\/en\\\/\",\"name\":\"SureSMS\",\"description\":\"Professionel SMS Gateway\",\"publisher\":{\"@id\":\"https:\\\/\\\/suresms.com\\\/en\\\/#organization\"},\"potentialAction\":[{\"@type\":\"SearchAction\",\"target\":{\"@type\":\"EntryPoint\",\"urlTemplate\":\"https:\\\/\\\/suresms.com\\\/en\\\/?s={search_term_string}\"},\"query-input\":{\"@type\":\"PropertyValueSpecification\",\"valueRequired\":true,\"valueName\":\"search_term_string\"}}],\"inLanguage\":\"fr-FR\"},{\"@type\":\"Organization\",\"@id\":\"https:\\\/\\\/suresms.com\\\/en\\\/#organization\",\"name\":\"SureSMS\",\"url\":\"https:\\\/\\\/suresms.com\\\/en\\\/\",\"logo\":{\"@type\":\"ImageObject\",\"inLanguage\":\"fr-FR\",\"@id\":\"https:\\\/\\\/suresms.com\\\/en\\\/#\\\/schema\\\/logo\\\/image\\\/\",\"url\":\"https:\\\/\\\/suresms.com\\\/wp-content\\\/uploads\\\/2024\\\/11\\\/suresms-300x65-1.png\",\"contentUrl\":\"https:\\\/\\\/suresms.com\\\/wp-content\\\/uploads\\\/2024\\\/11\\\/suresms-300x65-1.png\",\"width\":300,\"height\":65,\"caption\":\"SureSMS\"},\"image\":{\"@id\":\"https:\\\/\\\/suresms.com\\\/en\\\/#\\\/schema\\\/logo\\\/image\\\/\"},\"sameAs\":[\"https:\\\/\\\/www.facebook.com\\\/p\\\/SureSMS-100044607956149\\\/\"]}]}<\/script>\r\n<!-- \/ Yoast SEO Premium plugin. -->","yoast_head_json":{"title":"A propos de SureSMS - D\u00e9couvrez notre exp\u00e9rience et nos comp\u00e9tences","description":"Cliquez ici pour en savoir plus sur SureSMS. Avec 13 ans d'exp\u00e9rience sur le march\u00e9 des SMS, nous sommes la solution professionnelle pour les entreprises et les d\u00e9veloppeurs. SMS GAteway avec le client au centre.","robots":{"index":"index","follow":"follow","max-snippet":"max-snippet:-1","max-image-preview":"max-image-preview:large","max-video-preview":"max-video-preview:-1"},"canonical":"https:\/\/suresms.com\/fr\/a-propos-de-suresms\/","og_locale":"fr_FR","og_type":"article","og_title":"Om SureSMS","og_description":"L\u00e6s om SureSMS en professionel SMS Gateway med kvalitetsl\u00f8sninger til professionelle.","og_url":"https:\/\/suresms.com\/fr\/a-propos-de-suresms\/","article_publisher":"https:\/\/www.facebook.com\/p\/SureSMS-100044607956149\/","article_modified_time":"2025-11-19T10:58:14+00:00","twitter_card":"summary_large_image","twitter_image":"https:\/\/suresms.com\/wp-content\/uploads\/2013\/11\/startup550x250px.jpg","twitter_misc":{"Dur\u00e9e de lecture estim\u00e9e":"3 minutes"},"schema":{"@context":"https:\/\/schema.org","@graph":[{"@type":"WebPage","@id":"https:\/\/suresms.com\/dk\/om-suresms\/","url":"https:\/\/suresms.com\/dk\/om-suresms\/","name":"A propos de SureSMS - D\u00e9couvrez notre exp\u00e9rience et nos comp\u00e9tences","isPartOf":{"@id":"https:\/\/suresms.com\/en\/#website"},"primaryImageOfPage":{"@id":"https:\/\/suresms.com\/dk\/om-suresms\/#primaryimage"},"image":{"@id":"https:\/\/suresms.com\/dk\/om-suresms\/#primaryimage"},"thumbnailUrl":"https:\/\/suresms.com\/wp-content\/uploads\/2013\/11\/startup550x250px.jpg","datePublished":"2013-11-26T06:53:12+00:00","dateModified":"2025-11-19T10:58:14+00:00","description":"Cliquez ici pour en savoir plus sur SureSMS. Avec 13 ans d'exp\u00e9rience sur le march\u00e9 des SMS, nous sommes la solution professionnelle pour les entreprises et les d\u00e9veloppeurs. SMS GAteway avec le client au centre.","breadcrumb":{"@id":"https:\/\/suresms.com\/dk\/om-suresms\/#breadcrumb"},"inLanguage":"fr-FR","potentialAction":[{"@type":"ReadAction","target":["https:\/\/suresms.com\/dk\/om-suresms\/"]}]},{"@type":"ImageObject","inLanguage":"fr-FR","@id":"https:\/\/suresms.com\/dk\/om-suresms\/#primaryimage","url":"https:\/\/suresms.com\/wp-content\/uploads\/2013\/11\/startup550x250px.jpg","contentUrl":"https:\/\/suresms.com\/wp-content\/uploads\/2013\/11\/startup550x250px.jpg"},{"@type":"BreadcrumbList","@id":"https:\/\/suresms.com\/dk\/om-suresms\/#breadcrumb","itemListElement":[{"@type":"ListItem","position":1,"name":"Home","item":"https:\/\/suresms.com\/dk\/"},{"@type":"ListItem","position":2,"name":"Om SureSMS"}]},{"@type":"WebSite","@id":"https:\/\/suresms.com\/en\/#website","url":"https:\/\/suresms.com\/en\/","name":"SureSMS","description":"Passerelle SMS professionnelle","publisher":{"@id":"https:\/\/suresms.com\/en\/#organization"},"potentialAction":[{"@type":"SearchAction","target":{"@type":"EntryPoint","urlTemplate":"https:\/\/suresms.com\/en\/?s={search_term_string}"},"query-input":{"@type":"PropertyValueSpecification","valueRequired":true,"valueName":"search_term_string"}}],"inLanguage":"fr-FR"},{"@type":"Organization","@id":"https:\/\/suresms.com\/en\/#organization","name":"SureSMS","url":"https:\/\/suresms.com\/en\/","logo":{"@type":"ImageObject","inLanguage":"fr-FR","@id":"https:\/\/suresms.com\/en\/#\/schema\/logo\/image\/","url":"https:\/\/suresms.com\/wp-content\/uploads\/2024\/11\/suresms-300x65-1.png","contentUrl":"https:\/\/suresms.com\/wp-content\/uploads\/2024\/11\/suresms-300x65-1.png","width":300,"height":65,"caption":"SureSMS"},"image":{"@id":"https:\/\/suresms.com\/en\/#\/schema\/logo\/image\/"},"sameAs":["https:\/\/www.facebook.com\/p\/SureSMS-100044607956149\/"]}]}},"_links":{"self":[{"href":"https:\/\/suresms.com\/fr\/wp-json\/wp\/v2\/pages\/18594","targetHints":{"allow":["GET"]}}],"collection":[{"href":"https:\/\/suresms.com\/fr\/wp-json\/wp\/v2\/pages"}],"about":[{"href":"https:\/\/suresms.com\/fr\/wp-json\/wp\/v2\/types\/page"}],"author":[{"embeddable":true,"href":"https:\/\/suresms.com\/fr\/wp-json\/wp\/v2\/users\/1"}],"replies":[{"embeddable":true,"href":"https:\/\/suresms.com\/fr\/wp-json\/wp\/v2\/comments?post=18594"}],"version-history":[{"count":7,"href":"https:\/\/suresms.com\/fr\/wp-json\/wp\/v2\/pages\/18594\/revisions"}],"predecessor-version":[{"id":23554,"href":"https:\/\/suresms.com\/fr\/wp-json\/wp\/v2\/pages\/18594\/revisions\/23554"}],"wp:attachment":[{"href":"https:\/\/suresms.com\/fr\/wp-json\/wp\/v2\/media?parent=18594"}],"wp:term":[{"taxonomy":"category","embeddable":true,"href":"https:\/\/suresms.com\/fr\/wp-json\/wp\/v2\/categories?post=18594"},{"taxonomy":"post_tag","embeddable":true,"href":"https:\/\/suresms.com\/fr\/wp-json\/wp\/v2\/tags?post=18594"}],"curies":[{"name":"wp","href":"https:\/\/api.w.org\/{rel}","templated":true}]}}