{"id":18593,"date":"2013-11-26T08:52:42","date_gmt":"2013-11-26T06:52:42","guid":{"rendered":"http:\/\/suresms-gateway.dk\/?page_id=5"},"modified":"2025-10-28T16:16:08","modified_gmt":"2025-10-28T16:16:08","slug":"compte-test-sms-gratuit","status":"publish","type":"page","link":"https:\/\/suresms.com\/fr\/bestil\/gratis-sms-testkonto\/","title":{"rendered":"Compte de test SMS gratuit"},"content":{"rendered":"<h2>Compte SMS gratuit - envoi de 50 SMS gratuits<\/h2>\n<p>Chez SureSMS, nous offrons \u00e0 tous les nouveaux clients la possibilit\u00e9 d'essayer notre service sans payer. En cr\u00e9ant un compte de test SMS GRATUIT, vous pouvez essayer notre passerelle SMS moderne et stable.<\/p>\n<p>Vous avez acc\u00e8s \u00e0 toutes les fonctionnalit\u00e9s de notre syst\u00e8me pendant 14 jours. Cependant, vous n'avez pas acc\u00e8s \u00e0 notre solution bidirectionnelle. Si vous d\u00e9cidez d'utiliser SureSMS, votre compte sera automatiquement transform\u00e9 en compte normal. Vous pouvez le faire en versant de l'argent sur votre compte par carte de cr\u00e9dit ou en \u00e9tablissant un accord de facturation.<\/p>\n<p>Lors de la cr\u00e9ation du compte, votre identifiant sera un num\u00e9ro de t\u00e9l\u00e9phone que vous indiquerez ici. Vous recevrez un SMS avec votre code sur le num\u00e9ro, pensez donc \u00e0 utiliser un num\u00e9ro de t\u00e9l\u00e9phone mobile auquel vous avez acc\u00e8s d\u00e8s maintenant. Une fois connect\u00e9, vous pouvez demander un autre exp\u00e9diteur.<\/p>\n<p>L'identifiant et le mot de passe sont envoy\u00e9s imm\u00e9diatement, de sorte que vous \u00eates op\u00e9rationnel en 2 minutes.<\/p>\n<p>Passez un bon moment.<\/p>\n\t\t\t<a href=\"https:\/\/app.suresms.com\/account\/signup\" target=\"_blank\" rel=\"noopener\">\n\t\t\t\t\t\t\tCr\u00e9er un compte gratuit\n\t\t\t\t\t<\/a>\n\t<h2>\u00a0SMS bon march\u00e9 et grande stabilit\u00e9 op\u00e9rationnelle<\/h2>\n<p>En tant que client de SureSMS, vous pouvez vous attendre \u00e0 des prix parmi les plus comp\u00e9titifs du march\u00e9. Nous proposons \u00e0 tous nos clients des prix avantageux par SMS, associ\u00e9s \u00e0 une grande stabilit\u00e9 op\u00e9rationnelle.<\/p>\n<p>Il ne sert \u00e0 rien d'\u00e9conomiser de l'argent si seulement la moiti\u00e9 des messages sont livr\u00e9s, mais avec SureSMS, vous pouvez \u00eatre s\u00fbr que la qualit\u00e9 est au rendez-vous. Nous pratiquons des prix bas et fournissons un service de tr\u00e8s haute qualit\u00e9. <a href=\"https:\/\/suresms.com\/fr\/\">Passerelle SMS stable<\/a>.<\/p>\n\t<h2>Conversion facile \u00e0 partir d'autres fournisseurs<\/h2>\n<p>SureSMS a une grande exp\u00e9rience des r\u00e9seaux, de la s\u00e9curit\u00e9 et des passerelles. Il nous est donc facile de g\u00e9rer et de s\u00e9curiser le processus de passage de votre fournisseur actuel \u00e0 notre passerelle.<\/p>\n<p>Bien que le changement de fournisseur de SMS puisse \u00eatre une d\u00e9cision importante pour de nombreux clients, nous pouvons g\u00e9rer la conversion de mani\u00e8re \u00e9tonnamment simple et rapide. Ce n'est pas aussi compliqu\u00e9 qu'on le pense.<\/p>\n\t<h4><strong>En cas de probl\u00e8me, nous offrons une assistance 24 heures sur 24 et 7 jours sur 7.<\/strong><\/h4>\n\t\t\t<a href=\"https:\/\/suresms.com\/fr\/contact\/\" target=\"_self\">\n\t\t\t\t\t\tVoir les coordonn\u00e9es ici\n\t\t\t\t\t<\/a>\n<h3>\n\t\t\tOu \u00e9crivez \u00e0 notre service d'assistance ici. Nous vous r\u00e9pondrons dans les plus brefs d\u00e9lais !\t<\/h3>\n\t\n<div class=\"wpcf7 no-js\" id=\"wpcf7-f2264-o1\" lang=\"da-DK\" dir=\"ltr\" data-wpcf7-id=\"2264\">\n<div class=\"screen-reader-response\"><p role=\"status\" aria-live=\"polite\" aria-atomic=\"true\"><\/p> <ul><\/ul><\/div>\n<form action=\"\/fr\/wp-json\/wp\/v2\/pages\/18593#wpcf7-f2264-o1\" method=\"post\" class=\"wpcf7-form init\" aria-label=\"Formulaire de contact\" enctype=\"multipart\/form-data\" novalidate=\"novalidate\" data-status=\"init\" data-trp-original-action=\"\/fr\/wp-json\/wp\/v2\/pages\/18593#wpcf7-f2264-o1\">\n<fieldset class=\"hidden-fields-container\"><input type=\"hidden\" name=\"_wpcf7\" value=\"2264\" \/><input type=\"hidden\" name=\"_wpcf7_version\" value=\"6.1.5\" \/><input type=\"hidden\" name=\"_wpcf7_locale\" value=\"da_DK\" \/><input type=\"hidden\" name=\"_wpcf7_unit_tag\" value=\"wpcf7-f2264-o1\" \/><input type=\"hidden\" name=\"_wpcf7_container_post\" value=\"0\" \/><input type=\"hidden\" name=\"_wpcf7_posted_data_hash\" value=\"\" \/>\n<\/fieldset>\n<p>Nom de l'entreprise (obligatoire)\n<\/p>\n<p><span class=\"wpcf7-form-control-wrap\" data-name=\"your-name\"><input size=\"40\" maxlength=\"400\" class=\"wpcf7-form-control wpcf7-text wpcf7-validates-as-required\" aria-required=\"true\" aria-invalid=\"false\" value=\"\" type=\"text\" name=\"your-name\" \/><\/span>\n<\/p>\n<p>Votre nom (obligatoire)\n<\/p>\n<p><span class=\"wpcf7-form-control-wrap\" data-name=\"dit-navn\"><input size=\"40\" maxlength=\"400\" class=\"wpcf7-form-control wpcf7-text wpcf7-validates-as-required\" aria-required=\"true\" aria-invalid=\"false\" value=\"\" type=\"text\" name=\"dit-navn\" \/><\/span>\n<\/p>\n<p>Votre email (obligatoire)\n<\/p>\n<p><span class=\"wpcf7-form-control-wrap\" data-name=\"your-email\"><input size=\"40\" maxlength=\"400\" class=\"wpcf7-form-control wpcf7-email wpcf7-validates-as-required wpcf7-text wpcf7-validates-as-email\" aria-required=\"true\" aria-invalid=\"false\" value=\"\" type=\"email\" name=\"your-email\" \/><\/span>\n<\/p>\n<p>Num\u00e9ro de t\u00e9l\u00e9phone (obligatoire)\n<\/p>\n<p><span class=\"wpcf7-form-control-wrap\" data-name=\"tel-616\"><input size=\"40\" maxlength=\"400\" class=\"wpcf7-form-control wpcf7-tel wpcf7-validates-as-required wpcf7-text wpcf7-validates-as-tel\" aria-required=\"true\" aria-invalid=\"false\" value=\"\" type=\"tel\" name=\"tel-616\" \/><\/span>\n<\/p>\n<p>Sujet\n<\/p>\n<p><span class=\"wpcf7-form-control-wrap\" data-name=\"your-subject\"><input size=\"40\" maxlength=\"400\" class=\"wpcf7-form-control wpcf7-text\" aria-invalid=\"false\" value=\"\" type=\"text\" name=\"your-subject\" \/><\/span>\n<\/p>\n<p>Votre message\n<\/p>\n<p><span class=\"wpcf7-form-control-wrap\" data-name=\"your-message\"><textarea cols=\"40\" rows=\"10\" maxlength=\"2000\" class=\"wpcf7-form-control wpcf7-textarea\" aria-invalid=\"false\" name=\"your-message\"><\/textarea><\/span>\n<\/p>\n<p>T\u00e9l\u00e9charger n'importe quel fichier\n<\/p>\n<p><span class=\"wpcf7-form-control-wrap\" data-name=\"file-948\"><input size=\"40\" class=\"wpcf7-form-control wpcf7-file\" id=\"Uploadfil\" accept=\"audio\/*,video\/*,image\/*\" aria-invalid=\"false\" type=\"file\" name=\"file-948\" \/><\/span>\n<\/p>\n<p><div class=\"cf7-cf-turnstile\" style=\"margin-top: 0px; margin-bottom: -15px;\"> <div id=\"cf-turnstile-cf7-3390497603\" class=\"cf-turnstile\" data-sitekey=\"0x4AAAAAAB8YGArd9ML-HbMW\" data-theme=\"light\" data-language=\"auto\" data-size=\"normal\" data-retry=\"auto\" data-retry-interval=\"1000\" data-refresh-expired=\"auto\" data-action=\"contact-form-7\" data-appearance=\"always\"><\/div> <script>document.addEventListener(\"DOMContentLoaded\", function() { setTimeout(function(){ var e=document.getElementById(\"cf-turnstile-cf7-3390497603\"); e&&!e.innerHTML.trim()&&(turnstile.remove(\"#cf-turnstile-cf7-3390497603\"), turnstile.render(\"#cf-turnstile-cf7-3390497603\", {sitekey:\"0x4AAAAAAB8YGArd9ML-HbMW\"})); }, 100); });<\/script> <br class=\"cf-turnstile-br cf-turnstile-br-cf7-3390497603\"> <style>#cf-turnstile-cf7-3390497603 { margin-left: -15px; }<\/style> <script>document.addEventListener(\"DOMContentLoaded\",function(){document.querySelectorAll('.wpcf7-form').forEach(function(e){e.addEventListener('submit',function(){if(document.getElementById('cf-turnstile-cf7-3390497603')){setTimeout(function(){turnstile.reset('#cf-turnstile-cf7-3390497603');},1000)}})})});<\/script> <\/div>\n<\/p>\n<p><input class=\"wpcf7-form-control wpcf7-submit has-spinner\" type=\"submit\" value=\"Envoyer\" \/>\n<\/p><div class=\"wpcf7-response-output\" aria-hidden=\"true\"><\/div>\n<input type=\"hidden\" name=\"trp-form-language\" value=\"fr\"\/><\/form>\n<\/div>","protected":false},"excerpt":{"rendered":"<p>Compte SMS gratuit - envoyez 50 SMS gratuitement Chez SureSMS, nous offrons \u00e0 tous les nouveaux clients la possibilit\u00e9 d'essayer notre service sans payer. En cr\u00e9ant un compte de test SMS GRATUIT, vous pouvez essayer notre passerelle SMS moderne et stable. Vous avez acc\u00e8s \u00e0 toutes les fonctionnalit\u00e9s de notre syst\u00e8me pendant 14 jours. Cependant, pas notre solution bidirectionnelle. ... <a title=\"Compte de test SMS gratuit\" class=\"read-more\" href=\"https:\/\/suresms.com\/fr\/bestil\/gratis-sms-testkonto\/\" aria-label=\"Plus d&#039;informations sur Gratis SMS testkonto\">En savoir plus<\/a><\/p>","protected":false},"author":1,"featured_media":0,"parent":19266,"menu_order":23,"comment_status":"closed","ping_status":"closed","template":"","meta":{"_fl_builder_enabled":"1","_fl_builder_data":null,"_fl_builder_draft":null,"_fl_builder_data_settings":null,"_fl_builder_css":"","_fl_builder_css_version":"","_fl_builder_js":"","footnotes":""},"class_list":["post-18593","page","type-page","status-publish"],"yoast_head":"<!-- This site is optimized with the Yoast SEO Premium plugin v27.3 (Yoast SEO v27.3) - https:\/\/yoast.com\/product\/yoast-seo-premium-wordpress\/ -->\r\n<title>Gratis testkonto med 50 SMS&#039;er - Pr\u00f8v SMS gateway og send gratis sms<\/title>\r\n<meta name=\"description\" content=\"F\u00e5 en gratis sms testkonto og send SMS til dine kunder. N\u00e5r du opretter, kvitterer vi med 100 SMS&#039;er, s\u00e5 du kan f\u00e5 en fornemmelse af vores SureSMS gateway\" \/>\r\n<meta name=\"robots\" content=\"index, follow, max-snippet:-1, max-image-preview:large, max-video-preview:-1\" \/>\r\n<link rel=\"canonical\" href=\"https:\/\/suresms.com\/fr\/commande\/compte-test-sms-gratuit\/\" \/>\r\n<meta property=\"og:locale\" content=\"fr_FR\" \/>\r\n<meta property=\"og:type\" content=\"article\" \/>\r\n<meta property=\"og:title\" content=\"Gratis SMS testkonto\" \/>\r\n<meta property=\"og:description\" content=\"F\u00e5 en gratis sms testkonto og send SMS til dine kunder. N\u00e5r du opretter, kvitterer vi med 100 SMS&#039;er, s\u00e5 du kan f\u00e5 en fornemmelse af vores SureSMS gateway\" \/>\r\n<meta property=\"og:url\" content=\"https:\/\/suresms.com\/fr\/commande\/compte-test-sms-gratuit\/\" \/>\r\n<meta property=\"article:publisher\" content=\"https:\/\/www.facebook.com\/p\/SureSMS-100044607956149\/\" \/>\r\n<meta property=\"article:modified_time\" content=\"2025-10-28T16:16:08+00:00\" \/>\r\n<meta name=\"twitter:card\" content=\"summary_large_image\" \/>\r\n<meta name=\"twitter:label1\" content=\"Dur\u00e9e de lecture estim\u00e9e\" \/>\n\t<meta name=\"twitter:data1\" content=\"4 minutes\" \/>\r\n<script type=\"application\/ld+json\" class=\"yoast-schema-graph\">{\"@context\":\"https:\\\/\\\/schema.org\",\"@graph\":[{\"@type\":\"WebPage\",\"@id\":\"https:\\\/\\\/suresms.com\\\/dk\\\/bestil\\\/gratis-sms-testkonto\\\/\",\"url\":\"https:\\\/\\\/suresms.com\\\/dk\\\/bestil\\\/gratis-sms-testkonto\\\/\",\"name\":\"Gratis testkonto med 50 SMS'er - Pr\u00f8v SMS gateway og send gratis sms\",\"isPartOf\":{\"@id\":\"https:\\\/\\\/suresms.com\\\/en\\\/#website\"},\"datePublished\":\"2013-11-26T06:52:42+00:00\",\"dateModified\":\"2025-10-28T16:16:08+00:00\",\"description\":\"F\u00e5 en gratis sms testkonto og send SMS til dine kunder. N\u00e5r du opretter, kvitterer vi med 100 SMS'er, s\u00e5 du kan f\u00e5 en fornemmelse af vores SureSMS gateway\",\"breadcrumb\":{\"@id\":\"https:\\\/\\\/suresms.com\\\/dk\\\/bestil\\\/gratis-sms-testkonto\\\/#breadcrumb\"},\"inLanguage\":\"fr-FR\",\"potentialAction\":[{\"@type\":\"ReadAction\",\"target\":[\"https:\\\/\\\/suresms.com\\\/dk\\\/bestil\\\/gratis-sms-testkonto\\\/\"]}]},{\"@type\":\"BreadcrumbList\",\"@id\":\"https:\\\/\\\/suresms.com\\\/dk\\\/bestil\\\/gratis-sms-testkonto\\\/#breadcrumb\",\"itemListElement\":[{\"@type\":\"ListItem\",\"position\":1,\"name\":\"Home\",\"item\":\"https:\\\/\\\/suresms.com\\\/dk\\\/\"},{\"@type\":\"ListItem\",\"position\":2,\"name\":\"Bestil\",\"item\":\"https:\\\/\\\/suresms.com\\\/bestil\\\/\"},{\"@type\":\"ListItem\",\"position\":3,\"name\":\"Gratis SMS testkonto\"}]},{\"@type\":\"WebSite\",\"@id\":\"https:\\\/\\\/suresms.com\\\/en\\\/#website\",\"url\":\"https:\\\/\\\/suresms.com\\\/en\\\/\",\"name\":\"SureSMS\",\"description\":\"Professionel SMS Gateway\",\"publisher\":{\"@id\":\"https:\\\/\\\/suresms.com\\\/en\\\/#organization\"},\"potentialAction\":[{\"@type\":\"SearchAction\",\"target\":{\"@type\":\"EntryPoint\",\"urlTemplate\":\"https:\\\/\\\/suresms.com\\\/en\\\/?s={search_term_string}\"},\"query-input\":{\"@type\":\"PropertyValueSpecification\",\"valueRequired\":true,\"valueName\":\"search_term_string\"}}],\"inLanguage\":\"fr-FR\"},{\"@type\":\"Organization\",\"@id\":\"https:\\\/\\\/suresms.com\\\/en\\\/#organization\",\"name\":\"SureSMS\",\"url\":\"https:\\\/\\\/suresms.com\\\/en\\\/\",\"logo\":{\"@type\":\"ImageObject\",\"inLanguage\":\"fr-FR\",\"@id\":\"https:\\\/\\\/suresms.com\\\/en\\\/#\\\/schema\\\/logo\\\/image\\\/\",\"url\":\"https:\\\/\\\/suresms.com\\\/wp-content\\\/uploads\\\/2024\\\/11\\\/suresms-300x65-1.png\",\"contentUrl\":\"https:\\\/\\\/suresms.com\\\/wp-content\\\/uploads\\\/2024\\\/11\\\/suresms-300x65-1.png\",\"width\":300,\"height\":65,\"caption\":\"SureSMS\"},\"image\":{\"@id\":\"https:\\\/\\\/suresms.com\\\/en\\\/#\\\/schema\\\/logo\\\/image\\\/\"},\"sameAs\":[\"https:\\\/\\\/www.facebook.com\\\/p\\\/SureSMS-100044607956149\\\/\"]}]}<\/script>\r\n<!-- \/ Yoast SEO Premium plugin. -->","yoast_head_json":{"title":"Compte d'essai gratuit avec 50 SMS - Essayez la passerelle SMS et envoyez des messages texte gratuits.","description":"Obtenez un compte de test SMS gratuit et envoyez des SMS \u00e0 vos clients. Lorsque vous vous inscrivez, nous vous envoyons 100 SMS pour que vous puissiez vous familiariser avec notre passerelle SureSMS.","robots":{"index":"index","follow":"follow","max-snippet":"max-snippet:-1","max-image-preview":"max-image-preview:large","max-video-preview":"max-video-preview:-1"},"canonical":"https:\/\/suresms.com\/fr\/commande\/compte-test-sms-gratuit\/","og_locale":"fr_FR","og_type":"article","og_title":"Gratis SMS testkonto","og_description":"F\u00e5 en gratis sms testkonto og send SMS til dine kunder. N\u00e5r du opretter, kvitterer vi med 100 SMS'er, s\u00e5 du kan f\u00e5 en fornemmelse af vores SureSMS gateway","og_url":"https:\/\/suresms.com\/fr\/commande\/compte-test-sms-gratuit\/","article_publisher":"https:\/\/www.facebook.com\/p\/SureSMS-100044607956149\/","article_modified_time":"2025-10-28T16:16:08+00:00","twitter_card":"summary_large_image","twitter_misc":{"Dur\u00e9e de lecture estim\u00e9e":"4 minutes"},"schema":{"@context":"https:\/\/schema.org","@graph":[{"@type":"WebPage","@id":"https:\/\/suresms.com\/dk\/bestil\/gratis-sms-testkonto\/","url":"https:\/\/suresms.com\/dk\/bestil\/gratis-sms-testkonto\/","name":"Compte d'essai gratuit avec 50 SMS - Essayez la passerelle SMS et envoyez des messages texte gratuits.","isPartOf":{"@id":"https:\/\/suresms.com\/en\/#website"},"datePublished":"2013-11-26T06:52:42+00:00","dateModified":"2025-10-28T16:16:08+00:00","description":"Obtenez un compte de test SMS gratuit et envoyez des SMS \u00e0 vos clients. Lorsque vous vous inscrivez, nous vous envoyons 100 SMS pour que vous puissiez vous familiariser avec notre passerelle SureSMS.","breadcrumb":{"@id":"https:\/\/suresms.com\/dk\/bestil\/gratis-sms-testkonto\/#breadcrumb"},"inLanguage":"fr-FR","potentialAction":[{"@type":"ReadAction","target":["https:\/\/suresms.com\/dk\/bestil\/gratis-sms-testkonto\/"]}]},{"@type":"BreadcrumbList","@id":"https:\/\/suresms.com\/dk\/bestil\/gratis-sms-testkonto\/#breadcrumb","itemListElement":[{"@type":"ListItem","position":1,"name":"Home","item":"https:\/\/suresms.com\/dk\/"},{"@type":"ListItem","position":2,"name":"Bestil","item":"https:\/\/suresms.com\/bestil\/"},{"@type":"ListItem","position":3,"name":"Gratis SMS testkonto"}]},{"@type":"WebSite","@id":"https:\/\/suresms.com\/en\/#website","url":"https:\/\/suresms.com\/en\/","name":"SureSMS","description":"Passerelle SMS professionnelle","publisher":{"@id":"https:\/\/suresms.com\/en\/#organization"},"potentialAction":[{"@type":"SearchAction","target":{"@type":"EntryPoint","urlTemplate":"https:\/\/suresms.com\/en\/?s={search_term_string}"},"query-input":{"@type":"PropertyValueSpecification","valueRequired":true,"valueName":"search_term_string"}}],"inLanguage":"fr-FR"},{"@type":"Organization","@id":"https:\/\/suresms.com\/en\/#organization","name":"SureSMS","url":"https:\/\/suresms.com\/en\/","logo":{"@type":"ImageObject","inLanguage":"fr-FR","@id":"https:\/\/suresms.com\/en\/#\/schema\/logo\/image\/","url":"https:\/\/suresms.com\/wp-content\/uploads\/2024\/11\/suresms-300x65-1.png","contentUrl":"https:\/\/suresms.com\/wp-content\/uploads\/2024\/11\/suresms-300x65-1.png","width":300,"height":65,"caption":"SureSMS"},"image":{"@id":"https:\/\/suresms.com\/en\/#\/schema\/logo\/image\/"},"sameAs":["https:\/\/www.facebook.com\/p\/SureSMS-100044607956149\/"]}]}},"_links":{"self":[{"href":"https:\/\/suresms.com\/fr\/wp-json\/wp\/v2\/pages\/18593","targetHints":{"allow":["GET"]}}],"collection":[{"href":"https:\/\/suresms.com\/fr\/wp-json\/wp\/v2\/pages"}],"about":[{"href":"https:\/\/suresms.com\/fr\/wp-json\/wp\/v2\/types\/page"}],"author":[{"embeddable":true,"href":"https:\/\/suresms.com\/fr\/wp-json\/wp\/v2\/users\/1"}],"replies":[{"embeddable":true,"href":"https:\/\/suresms.com\/fr\/wp-json\/wp\/v2\/comments?post=18593"}],"version-history":[{"count":16,"href":"https:\/\/suresms.com\/fr\/wp-json\/wp\/v2\/pages\/18593\/revisions"}],"predecessor-version":[{"id":23522,"href":"https:\/\/suresms.com\/fr\/wp-json\/wp\/v2\/pages\/18593\/revisions\/23522"}],"up":[{"embeddable":true,"href":"https:\/\/suresms.com\/fr\/wp-json\/wp\/v2\/pages\/19266"}],"wp:attachment":[{"href":"https:\/\/suresms.com\/fr\/wp-json\/wp\/v2\/media?parent=18593"}],"curies":[{"name":"wp","href":"https:\/\/api.w.org\/{rel}","templated":true}]}}