{"id":18361,"date":"2024-09-18T07:51:10","date_gmt":"2024-09-18T05:51:10","guid":{"rendered":"https:\/\/www.suresms.com\/dk\/?page_id=18361"},"modified":"2025-10-21T12:59:30","modified_gmt":"2025-10-21T12:59:30","slug":"campagne-active","status":"publish","type":"page","link":"https:\/\/suresms.com\/fr\/integrationer\/marketing-automation\/activecampaign\/","title":{"rendered":"Int\u00e9gration des SMS pour ActiveCampaign"},"content":{"rendered":"\n\n\t\t\t\t<!-- Flexy Breadcrumb -->\r\n\t\t\t<div class=\"fbc fbc-page\">\r\n\r\n\t\t\t\t<!-- Breadcrumb wrapper -->\r\n\t\t\t\t<div class=\"fbc-wrap\">\r\n\r\n\t\t\t\t\t<!-- Ordered list-->\r\n\t\t\t\t\t<ol class=\"fbc-items\" itemscope itemtype=\"https:\/\/schema.org\/BreadcrumbList\">\r\n\t\t\t\t\t\t            <li itemprop=\"itemListElement\" itemscope itemtype=\"https:\/\/schema.org\/ListItem\">\r\n                <span itemprop=\"name\">\r\n                    <!-- Home Link -->\r\n                    <a itemprop=\"item\" href=\"https:\/\/suresms.com\">\r\n                    \r\n                                                    <i class=\"fa fa-home\" aria-hidden=\"true\"><\/i>Home                    <\/a>\r\n                <\/span>\r\n                <meta itemprop=\"position\" content=\"1\" \/><!-- Meta Position-->\r\n             <\/li><li><span class=\"fbc-separator\">\/<\/span><\/li><li class=\"active\" itemprop=\"itemListElement\" itemscope itemtype=\"https:\/\/schema.org\/ListItem\"><span itemprop=\"name\" title=\"SMS integration til ActiveCampaign\">SMS integration til ActiveCampaign<\/span><meta itemprop=\"position\" content=\"2\" \/><\/li>\t\t\t\t\t<\/ol>\r\n\t\t\t\t\t<div class=\"clearfix\"><\/div>\r\n\t\t\t\t<\/div>\r\n\t\t\t<\/div>\r\n\t\t\t\n\t\t<h1><strong>SMS-integration til ActiveCampaign \u00bb SureSMS<\/strong><\/h1>\n\t\t\t\t<img decoding=\"async\" src=\"https:\/\/suresms.com\/wp-content\/uploads\/2021\/08\/Product-Image-01-1.png\" alt=\"Product Image 01\" itemprop=\"image\" height=\"286\" width=\"980\" title=\"Product Image 01\" onerror=\"this.style.display='none'\" loading=\"lazy\" \/>\n\t<p><strong>Updater dine kunder fra ActiveCampaign til SureSMS eller send SMS direkte fra ActiveCampaign i dine flows.<\/strong><\/p>\n\t\t\t\t<img decoding=\"async\" src=\"https:\/\/suresms.com\/wp-content\/uploads\/2021\/10\/SMS-active-Campaign-01-1.png\" alt=\"SMS active Campaign 01\" itemprop=\"image\" height=\"728\" width=\"756\" title=\"SMS active Campaign 01\" onerror=\"this.style.display='none'\" loading=\"lazy\" \/>\n\t\t<h3>SMS-integration til ActiveCampaign<\/h3><p>Er du p\u00e5 udkig efter en <a href=\"https:\/\/suresms.com\/dk\/integrationer\/marketing-automation\/\">SMS-integration<\/a> til din marketing automation software? S\u00e5 er du kommet til det rette sted. Hos SureSMS er vi en SMS-gateway med direkte forbindelse til alle teleselskaber i Danmark samt mere end 1900 teleselskaber verden over.<\/p>\n<p>Vores SMS-platform har en direkte integration med ActiveCampaign &#8211; en s\u00e5kaldt CX app, s\u00e5 du kan klare al din automation \u00e9t sted &#8211; inklusiv din SMS-kommunikation.<\/p>\n\t\t<h3>Hvad er ActiveCampaign?<\/h3><p>ActiveCampaign er en marketing automation software, som samler flere af dine marketingaktiviteter \u00e9t sted. Her kan du automatisere marketingaktiviteter inden for kategorierne e-mailmarketing, marketingautomatisering, salgsautomation og CRM.<\/p>\n<p>Det er en utrolig brugervenlig platform, selv hvis du ikke har arbejdet med ovenst\u00e5ende f\u00f8r, og netop brugervenligheden, samt de mange muligheder i ActiveCampaign, g\u00f8r det til en yderst popul\u00e6r platform for mange marketeers.<\/p>\n<p>\u00c9n af de muligheder, du finder i ActiveCampaign, er SMS-marketing. Dog er ActiveCampaigns egen SMS-platform begr\u00e6nset i sine funktioner, og derudover har platformen ikke en direkte forbindelse til de danske teleselskaber, hvorfor du ikke kan forvente en lige s\u00e5 h\u00f8j leveringsfrekvens, som det er tilf\u00e6ldet hos SureSMS.<\/p>\n\t\t<h3>Hvorfor en SMS-integration til AC?<\/h3><p>Langt de fleste, der bruger ActiveCampaign, har valgt dette marketing automation-system, fordi det tilbyder et v\u00e6ld af muligheder og funktioner inden for marketing automation, e-mailmarketing, leadgenerering, lead scoring, site tracking og meget mere.<\/p>\n\t\t\t\t<img decoding=\"async\" src=\"https:\/\/suresms.com\/wp-content\/uploads\/2021\/10\/AC-sync-SureSMS-1.png\" alt=\"AC sync SureSMS\" itemprop=\"image\" height=\"162\" width=\"387\" title=\"AC sync SureSMS\" onerror=\"this.style.display='none'\" loading=\"lazy\" \/>\n\t<p>Selvom ActiveCampaign markedsf\u00f8rer sig p\u00e5 muligheden for at sende SMS&#8217;er direkte i systemet, har vi en d\u00e5rlig nyhed til dig, som markedsf\u00f8rer dig p\u00e5 det danske marked: ActiveCampaign kan ikke sende SMS&#8217;er i Danmark. I hvert fald ikke endnu, men m\u00e5ske det en dag bliver en mulighed.<\/p>\n<p>Derudover skal du ogs\u00e5 gennem en relativt kompliceret godkendelsesproces, f\u00f8r du f\u00e5r lov at sende SMS&#8217;er fra systemet, da de har en del krav hertil. Til sidst m\u00e5 det ogs\u00e5 n\u00e6vnes, at du kun kan sende 250 SMS&#8217;er ad gangen. Skal du sende et tilbud til 5.000 kontakter, kr\u00e6ver det alts\u00e5 en del arbejde, da det s\u00e5 skal sendes ud 250 ad gangen.<\/p>\n<p>Den gode nyhed er, at ActiveCampaign gerne lader sig integrere med tredjepartssystemer som SureSMS. Denne integration har vi lavet mange gange f\u00f8r, og vi hj\u00e6lper ogs\u00e5 gerne dig med din.<\/p>\n\t\t<h2>S\u00e5dan virker SMS-marketing i ActiveCampaign<\/h2><p>N\u00e5r du v\u00e6lger at integrere SureSMS med din ActiveCampaign-konto, kan det g\u00f8res p\u00e5 to forskellige m\u00e5der: 1) Du kan synkronisere dine kontakter fra ActiveCampaign over i SureSMS eller 2) Du kan sende SMS-beskeder direkte fra din ActiveCampaign-konto.<\/p>\n<h3>Synkronisering af kontakter<\/h3>\n<p>V\u00e6lger du at f\u00e5 en integration, hvor kontakterne skal synkroniseres mellem ActiveCampaign og SureSMS, g\u00f8res det helt lavpraktisk ved hj\u00e6lp af automations i AC. Dine automations sikrer, at n\u00e5r en kontakt tilf\u00f8jes eller fjernes fra en liste i enten ActiveCampaign eller SureSMS, bliver de tilsvarende tilf\u00f8jet eller fjernet i det modsatte program. P\u00e5 den m\u00e5de er de to lister hele tiden synkroniseret &#8211; ogs\u00e5 hvis en kontakt v\u00e6lger at framelde SMS&#8217;er (ogs\u00e5 kaldet <em>opt out<\/em>). Vi klarer gerne ops\u00e6tningen af disse automations for dig i led med, at vi integrerer de to platforme.<\/p>\n<p><strong>Fordelen <\/strong>ved denne l\u00f8sning er, at du udvider dine muligheder med SMS-kommunikationen. I SureSMS er der nemlig en del muligheder, som ikke findes i ActiveCampaign. For eksempel kan du her se data omkring \u00e5bnings- og klikrater, og s\u00e5 har du mulighed for at sende vedh\u00e6ftninger med.<\/p>\n<p><strong>Ulempen<\/strong> ved denne l\u00f8sning er naturligvis, at du har to forskellige systemer med den samme liste og derfor ogs\u00e5 skal arbejde p\u00e5 to forskellige platforme. Det kan naturligvis skabe irritation, men vi oplever dog sj\u00e6ldent, at det er et problem for vores kunder.<\/p>\n<h3>Send SMS direkte fra ActiveCampaign<\/h3>\n<p>Det er ogs\u00e5 muligt at lave din SMS-integration mellem ActiveCampaign og SureSMS, s\u00e5ledes at du sender dine SMS&#8217;er direkte fra ActiveCampaign, men stadig via vores SMS-API. Ved denne l\u00f8sning har du stadig dine rapporteringsfunktioner inde i SureSMS, men du skal alts\u00e5 ind i ActiveCampaigns system for at se resultatet af din udsendelse.<\/p>\n<p><strong>Fordelen<\/strong> ved denne l\u00f8sning er, at du kun skal arbejde p\u00e5 \u00e9n platform. Denne l\u00f8sning er derfor god, hvis du arbejder meget med SMS som en del af dine automations.<\/p>\n<p><strong>Ulempen <\/strong>er naturligvis, at du mister nogle funktioner, som ikke kan lade sig g\u00f8re i ActiveCampaign. Denne l\u00f8sning er for eksempel ikke ideel, hvis du arbejder meget med bulk afsendelser &#8211; alts\u00e5 afsendelse af mange SMS-beskeder til mange kontakter p\u00e5 \u00e9n gang.<\/p>\n\t\t\t\t<img decoding=\"async\" src=\"https:\/\/suresms.com\/wp-content\/uploads\/2021\/12\/blog-2-21-1.png\" alt=\"blog-2-2[1]\" itemprop=\"image\" height=\"1080\" width=\"1920\" title=\"blog-2-2[1]\" onerror=\"this.style.display='none'\" loading=\"lazy\" \/>\n\t<strong>Bestil ops\u00e6tningsvejledning<br \/>\n<\/strong>F\u00e5 tilsendt en detaljeret vejledning i ops\u00e6tning med SureSMS\n\n<div class=\"wpcf7 no-js\" id=\"wpcf7-f13762-o1\" lang=\"en-GB\" dir=\"ltr\" data-wpcf7-id=\"13762\">\n<div class=\"screen-reader-response\"><p role=\"status\" aria-live=\"polite\" aria-atomic=\"true\"><\/p> <ul><\/ul><\/div>\n<form action=\"\/fr\/wp-json\/wp\/v2\/pages\/18361#wpcf7-f13762-o1\" method=\"post\" class=\"wpcf7-form init\" aria-label=\"Formulaire de contact\" novalidate=\"novalidate\" data-status=\"init\">\n<fieldset class=\"hidden-fields-container\"><input type=\"hidden\" name=\"_wpcf7\" value=\"13762\" \/><input type=\"hidden\" name=\"_wpcf7_version\" value=\"6.1.5\" \/><input type=\"hidden\" name=\"_wpcf7_locale\" value=\"en_GB\" \/><input type=\"hidden\" name=\"_wpcf7_unit_tag\" value=\"wpcf7-f13762-o1\" \/><input type=\"hidden\" name=\"_wpcf7_container_post\" value=\"0\" \/><input type=\"hidden\" name=\"_wpcf7_posted_data_hash\" value=\"\" \/>\n<\/fieldset>\n<p><label><span class=\"wpcf7-form-control-wrap\" data-name=\"your-name\"><input size=\"40\" maxlength=\"400\" class=\"wpcf7-form-control wpcf7-text wpcf7-validates-as-required wpctf7-my-custom-class\" aria-required=\"true\" aria-invalid=\"false\" placeholder=\"Dit navn\" value=\"\" type=\"text\" name=\"your-name\" \/><\/span><\/label>\n<\/p>\n<p><span class=\"wpcf7-form-control-wrap\" data-name=\"email\"><input size=\"40\" maxlength=\"400\" class=\"wpcf7-form-control wpcf7-email wpcf7-validates-as-required wpcf7-text wpcf7-validates-as-email wpctf7-my-custom-class\" aria-required=\"true\" aria-invalid=\"false\" placeholder=\"E-mail*\" value=\"\" type=\"email\" name=\"email\" \/><\/span>\n<\/p>\n<p><div class=\"cf7-cf-turnstile\" style=\"margin-top: 0px; margin-bottom: -15px;\"> <div id=\"cf-turnstile-cf7-2667392466\" class=\"cf-turnstile\" data-sitekey=\"0x4AAAAAAB8YGArd9ML-HbMW\" data-theme=\"light\" data-language=\"auto\" data-size=\"normal\" data-retry=\"auto\" data-retry-interval=\"1000\" data-refresh-expired=\"auto\" data-action=\"contact-form-7\" data-appearance=\"always\"><\/div> <script>document.addEventListener(\"DOMContentLoaded\", function() { setTimeout(function(){ var e=document.getElementById(\"cf-turnstile-cf7-2667392466\"); e&&!e.innerHTML.trim()&&(turnstile.remove(\"#cf-turnstile-cf7-2667392466\"), turnstile.render(\"#cf-turnstile-cf7-2667392466\", {sitekey:\"0x4AAAAAAB8YGArd9ML-HbMW\"})); }, 100); });<\/script> <br class=\"cf-turnstile-br cf-turnstile-br-cf7-2667392466\"> <style>#cf-turnstile-cf7-2667392466 { margin-left: -15px; }<\/style> <script>document.addEventListener(\"DOMContentLoaded\",function(){document.querySelectorAll('.wpcf7-form').forEach(function(e){e.addEventListener('submit',function(){if(document.getElementById('cf-turnstile-cf7-2667392466')){setTimeout(function(){turnstile.reset('#cf-turnstile-cf7-2667392466');},1000)}})})});<\/script> <\/div><br\/><input class=\"wpcf7-form-control wpcf7-submit has-spinner\" type=\"submit\" value=\"Bestil vejledning\" \/>\n<\/p><div class=\"wpcf7-response-output\" aria-hidden=\"true\"><\/div>\n<\/form>\n<\/div>\n\n\t\t\t<a href=\"https:\/\/calendly.com\/gm--nzwp\/30min\" target=\"_blank\" rel=\"noopener\">\n\t\t\t\t\t\t\tBook en demo\n\t\t\t\t\t<\/a>\n\t<p>med Glen<\/p>\n\t<p><strong>Bestil ops\u00e6tningsvejledning<br \/><\/strong>F\u00e5 tilsendt en detaljeret vejledning i ops\u00e6tning af ActiveCampaing med SureSMS<\/p>\n\n<div class=\"wpcf7 no-js\" id=\"wpcf7-f13762-o2\" lang=\"en-GB\" dir=\"ltr\" data-wpcf7-id=\"13762\">\n<div class=\"screen-reader-response\"><p role=\"status\" aria-live=\"polite\" aria-atomic=\"true\"><\/p> <ul><\/ul><\/div>\n<form action=\"\/fr\/wp-json\/wp\/v2\/pages\/18361#wpcf7-f13762-o2\" method=\"post\" class=\"wpcf7-form init\" aria-label=\"Formulaire de contact\" novalidate=\"novalidate\" data-status=\"init\">\n<fieldset class=\"hidden-fields-container\"><input type=\"hidden\" name=\"_wpcf7\" value=\"13762\" \/><input type=\"hidden\" name=\"_wpcf7_version\" value=\"6.1.5\" \/><input type=\"hidden\" name=\"_wpcf7_locale\" value=\"en_GB\" \/><input type=\"hidden\" name=\"_wpcf7_unit_tag\" value=\"wpcf7-f13762-o2\" \/><input type=\"hidden\" name=\"_wpcf7_container_post\" value=\"0\" \/><input type=\"hidden\" name=\"_wpcf7_posted_data_hash\" value=\"\" \/>\n<\/fieldset>\n<p><label><span class=\"wpcf7-form-control-wrap\" data-name=\"your-name\"><input size=\"40\" maxlength=\"400\" class=\"wpcf7-form-control wpcf7-text wpcf7-validates-as-required wpctf7-my-custom-class\" aria-required=\"true\" aria-invalid=\"false\" placeholder=\"Dit navn\" value=\"\" type=\"text\" name=\"your-name\" \/><\/span><\/label>\n<\/p>\n<p><span class=\"wpcf7-form-control-wrap\" data-name=\"email\"><input size=\"40\" maxlength=\"400\" class=\"wpcf7-form-control wpcf7-email wpcf7-validates-as-required wpcf7-text wpcf7-validates-as-email wpctf7-my-custom-class\" aria-required=\"true\" aria-invalid=\"false\" placeholder=\"E-mail*\" value=\"\" type=\"email\" name=\"email\" \/><\/span>\n<\/p>\n<p><div class=\"cf7-cf-turnstile\" style=\"margin-top: 0px; margin-bottom: -15px;\"> <div id=\"cf-turnstile-cf7-3767075236\" class=\"cf-turnstile\" data-sitekey=\"0x4AAAAAAB8YGArd9ML-HbMW\" data-theme=\"light\" data-language=\"auto\" data-size=\"normal\" data-retry=\"auto\" data-retry-interval=\"1000\" data-refresh-expired=\"auto\" data-action=\"contact-form-7\" data-appearance=\"always\"><\/div> <script>document.addEventListener(\"DOMContentLoaded\", function() { setTimeout(function(){ var e=document.getElementById(\"cf-turnstile-cf7-3767075236\"); e&&!e.innerHTML.trim()&&(turnstile.remove(\"#cf-turnstile-cf7-3767075236\"), turnstile.render(\"#cf-turnstile-cf7-3767075236\", {sitekey:\"0x4AAAAAAB8YGArd9ML-HbMW\"})); }, 100); });<\/script> <br class=\"cf-turnstile-br cf-turnstile-br-cf7-3767075236\"> <style>#cf-turnstile-cf7-3767075236 { margin-left: -15px; }<\/style> <script>document.addEventListener(\"DOMContentLoaded\",function(){document.querySelectorAll('.wpcf7-form').forEach(function(e){e.addEventListener('submit',function(){if(document.getElementById('cf-turnstile-cf7-3767075236')){setTimeout(function(){turnstile.reset('#cf-turnstile-cf7-3767075236');},1000)}})})});<\/script> <\/div><br\/><input class=\"wpcf7-form-control wpcf7-submit has-spinner\" type=\"submit\" value=\"Bestil vejledning\" \/>\n<\/p><div class=\"wpcf7-response-output\" aria-hidden=\"true\"><\/div>\n<\/form>\n<\/div>\n\n\t\t\t\t<img decoding=\"async\" src=\"https:\/\/suresms.com\/wp-content\/uploads\/2024\/09\/Glen100x118.png\" alt=\"Glen100x118\" itemprop=\"image\" title=\"Glen100x118\" onerror=\"this.style.display='none'\" loading=\"lazy\" \/>\n\t\t\t<a href=\"https:\/\/calendly.com\/gm--nzwp\/30min\" target=\"_self\">\n\t\t\t\t\t\t\tBook en demo\n\t\t\t\t\t<\/a>\n\t<p>med Glen<\/p>\n\n","protected":false},"excerpt":{"rendered":"<p>Int\u00e9gration SMS pour ActiveCampaign \" SureSMS Mettez \u00e0 jour vos clients depuis ActiveCampaign vers SureSMS ou envoyez des SMS directement depuis ActiveCampaign dans vos flux. Int\u00e9gration SMS pour ActiveCampaign Vous cherchez une int\u00e9gration SMS pour votre logiciel d'automatisation du marketing ? Alors vous \u00eates au bon endroit. Chez SureSMS, nous sommes une passerelle SMS avec une connexion directe \u00e0 tous les ... <a title=\"Int\u00e9gration des SMS pour ActiveCampaign\" class=\"read-more\" href=\"https:\/\/suresms.com\/fr\/integrationer\/marketing-automation\/activecampaign\/\" aria-label=\"En savoir plus sur l&#039;int\u00e9gration des SMS dans ActiveCampaign\">En savoir plus<\/a><\/p>","protected":false},"author":1,"featured_media":0,"parent":13367,"menu_order":1,"comment_status":"closed","ping_status":"closed","template":"","meta":{"_fl_builder_enabled":"1","_fl_builder_data":null,"_fl_builder_draft":null,"_fl_builder_data_settings":null,"_fl_builder_css":"","_fl_builder_css_version":"","_fl_builder_js":"","footnotes":""},"categories":[],"tags":[],"class_list":["post-18361","page","type-page","status-publish"],"yoast_head":"<!-- This site is optimized with the Yoast SEO Premium plugin v27.3 (Yoast SEO v27.3) - https:\/\/yoast.com\/product\/yoast-seo-premium-wordpress\/ -->\r\n<title>SMS integration til ActiveCampaign -<\/title>\r\n<meta name=\"description\" content=\"Integrer i dag, og kom i gang med at skabe v\u00e6rdifulde automations og kampagner! En \u00e5bningsrate p\u00e5 98 % lyver ikke \u2713\" \/>\r\n<meta name=\"robots\" content=\"index, follow, max-snippet:-1, max-image-preview:large, max-video-preview:-1\" \/>\r\n<link rel=\"canonical\" href=\"https:\/\/suresms.com\/fr\/integrations\/automatisation-du-marketing\/campagne-active\/\" \/>\r\n<meta property=\"og:locale\" content=\"fr_FR\" \/>\r\n<meta property=\"og:type\" content=\"article\" \/>\r\n<meta property=\"og:title\" content=\"SMS integration til ActiveCampaign\" \/>\r\n<meta property=\"og:description\" content=\"Integrer i dag, og kom i gang med at skabe v\u00e6rdifulde automations og kampagner! En \u00e5bningsrate p\u00e5 98 % lyver ikke \u2713\" \/>\r\n<meta property=\"og:url\" content=\"https:\/\/suresms.com\/fr\/integrations\/automatisation-du-marketing\/campagne-active\/\" \/>\r\n<meta property=\"article:publisher\" content=\"https:\/\/www.facebook.com\/p\/SureSMS-100044607956149\/\" \/>\r\n<meta property=\"article:modified_time\" content=\"2025-10-21T12:59:30+00:00\" \/>\r\n<meta property=\"og:image\" content=\"https:\/\/suresms.com\/wp-content\/uploads\/2021\/08\/Product-Image-01-1.png\" \/>\r\n<meta name=\"twitter:card\" content=\"summary_large_image\" \/>\r\n<meta name=\"twitter:label1\" content=\"Dur\u00e9e de lecture estim\u00e9e\" \/>\n\t<meta name=\"twitter:data1\" content=\"7 minutes\" \/>\r\n<script type=\"application\/ld+json\" class=\"yoast-schema-graph\">{\"@context\":\"https:\\\/\\\/schema.org\",\"@graph\":[{\"@type\":\"WebPage\",\"@id\":\"https:\\\/\\\/suresms.com\\\/dk\\\/integrationer\\\/marketing-automation\\\/activecampaign\\\/\",\"url\":\"https:\\\/\\\/suresms.com\\\/dk\\\/integrationer\\\/marketing-automation\\\/activecampaign\\\/\",\"name\":\"SMS integration til ActiveCampaign -\",\"isPartOf\":{\"@id\":\"https:\\\/\\\/suresms.com\\\/en\\\/#website\"},\"primaryImageOfPage\":{\"@id\":\"https:\\\/\\\/suresms.com\\\/dk\\\/integrationer\\\/marketing-automation\\\/activecampaign\\\/#primaryimage\"},\"image\":{\"@id\":\"https:\\\/\\\/suresms.com\\\/dk\\\/integrationer\\\/marketing-automation\\\/activecampaign\\\/#primaryimage\"},\"thumbnailUrl\":\"https:\\\/\\\/suresms.com\\\/wp-content\\\/uploads\\\/2021\\\/08\\\/Product-Image-01-1.png\",\"datePublished\":\"2024-09-18T05:51:10+00:00\",\"dateModified\":\"2025-10-21T12:59:30+00:00\",\"description\":\"Integrer i dag, og kom i gang med at skabe v\u00e6rdifulde automations og kampagner! En \u00e5bningsrate p\u00e5 98 % lyver ikke \u2713\",\"breadcrumb\":{\"@id\":\"https:\\\/\\\/suresms.com\\\/dk\\\/integrationer\\\/marketing-automation\\\/activecampaign\\\/#breadcrumb\"},\"inLanguage\":\"fr-FR\",\"potentialAction\":[{\"@type\":\"ReadAction\",\"target\":[\"https:\\\/\\\/suresms.com\\\/dk\\\/integrationer\\\/marketing-automation\\\/activecampaign\\\/\"]}]},{\"@type\":\"ImageObject\",\"inLanguage\":\"fr-FR\",\"@id\":\"https:\\\/\\\/suresms.com\\\/dk\\\/integrationer\\\/marketing-automation\\\/activecampaign\\\/#primaryimage\",\"url\":\"https:\\\/\\\/suresms.com\\\/wp-content\\\/uploads\\\/2021\\\/08\\\/Product-Image-01-1.png\",\"contentUrl\":\"https:\\\/\\\/suresms.com\\\/wp-content\\\/uploads\\\/2021\\\/08\\\/Product-Image-01-1.png\"},{\"@type\":\"BreadcrumbList\",\"@id\":\"https:\\\/\\\/suresms.com\\\/dk\\\/integrationer\\\/marketing-automation\\\/activecampaign\\\/#breadcrumb\",\"itemListElement\":[{\"@type\":\"ListItem\",\"position\":1,\"name\":\"Home\",\"item\":\"https:\\\/\\\/suresms.com\\\/dk\\\/\"},{\"@type\":\"ListItem\",\"position\":2,\"name\":\"Integrationer\",\"item\":\"https:\\\/\\\/suresms.com\\\/dk\\\/integrationer\\\/\"},{\"@type\":\"ListItem\",\"position\":3,\"name\":\"SMS integration til Marketing Automation\",\"item\":\"https:\\\/\\\/suresms.com\\\/dk\\\/integrationer\\\/marketing-automation\\\/\"},{\"@type\":\"ListItem\",\"position\":4,\"name\":\"SMS integration til ActiveCampaign\"}]},{\"@type\":\"WebSite\",\"@id\":\"https:\\\/\\\/suresms.com\\\/en\\\/#website\",\"url\":\"https:\\\/\\\/suresms.com\\\/en\\\/\",\"name\":\"SureSMS\",\"description\":\"Professionel SMS Gateway\",\"publisher\":{\"@id\":\"https:\\\/\\\/suresms.com\\\/en\\\/#organization\"},\"potentialAction\":[{\"@type\":\"SearchAction\",\"target\":{\"@type\":\"EntryPoint\",\"urlTemplate\":\"https:\\\/\\\/suresms.com\\\/en\\\/?s={search_term_string}\"},\"query-input\":{\"@type\":\"PropertyValueSpecification\",\"valueRequired\":true,\"valueName\":\"search_term_string\"}}],\"inLanguage\":\"fr-FR\"},{\"@type\":\"Organization\",\"@id\":\"https:\\\/\\\/suresms.com\\\/en\\\/#organization\",\"name\":\"SureSMS\",\"url\":\"https:\\\/\\\/suresms.com\\\/en\\\/\",\"logo\":{\"@type\":\"ImageObject\",\"inLanguage\":\"fr-FR\",\"@id\":\"https:\\\/\\\/suresms.com\\\/en\\\/#\\\/schema\\\/logo\\\/image\\\/\",\"url\":\"https:\\\/\\\/suresms.com\\\/wp-content\\\/uploads\\\/2024\\\/11\\\/suresms-300x65-1.png\",\"contentUrl\":\"https:\\\/\\\/suresms.com\\\/wp-content\\\/uploads\\\/2024\\\/11\\\/suresms-300x65-1.png\",\"width\":300,\"height\":65,\"caption\":\"SureSMS\"},\"image\":{\"@id\":\"https:\\\/\\\/suresms.com\\\/en\\\/#\\\/schema\\\/logo\\\/image\\\/\"},\"sameAs\":[\"https:\\\/\\\/www.facebook.com\\\/p\\\/SureSMS-100044607956149\\\/\"]}]}<\/script>\r\n<!-- \/ Yoast SEO Premium plugin. -->","yoast_head_json":{"title":"Int\u00e9gration des SMS pour ActiveCampaign","description":"Int\u00e9grez d\u00e8s aujourd'hui et commencez \u00e0 cr\u00e9er des automatisations et des campagnes de grande valeur ! Un taux d'ouverture de 98 % ne ment pas \u2713","robots":{"index":"index","follow":"follow","max-snippet":"max-snippet:-1","max-image-preview":"max-image-preview:large","max-video-preview":"max-video-preview:-1"},"canonical":"https:\/\/suresms.com\/fr\/integrations\/automatisation-du-marketing\/campagne-active\/","og_locale":"fr_FR","og_type":"article","og_title":"SMS integration til ActiveCampaign","og_description":"Integrer i dag, og kom i gang med at skabe v\u00e6rdifulde automations og kampagner! En \u00e5bningsrate p\u00e5 98 % lyver ikke \u2713","og_url":"https:\/\/suresms.com\/fr\/integrations\/automatisation-du-marketing\/campagne-active\/","article_publisher":"https:\/\/www.facebook.com\/p\/SureSMS-100044607956149\/","article_modified_time":"2025-10-21T12:59:30+00:00","og_image":[{"url":"https:\/\/suresms.com\/wp-content\/uploads\/2021\/08\/Product-Image-01-1.png","type":"","width":"","height":""}],"twitter_card":"summary_large_image","twitter_misc":{"Dur\u00e9e de lecture estim\u00e9e":"7 minutes"},"schema":{"@context":"https:\/\/schema.org","@graph":[{"@type":"WebPage","@id":"https:\/\/suresms.com\/dk\/integrationer\/marketing-automation\/activecampaign\/","url":"https:\/\/suresms.com\/dk\/integrationer\/marketing-automation\/activecampaign\/","name":"Int\u00e9gration des SMS pour ActiveCampaign","isPartOf":{"@id":"https:\/\/suresms.com\/en\/#website"},"primaryImageOfPage":{"@id":"https:\/\/suresms.com\/dk\/integrationer\/marketing-automation\/activecampaign\/#primaryimage"},"image":{"@id":"https:\/\/suresms.com\/dk\/integrationer\/marketing-automation\/activecampaign\/#primaryimage"},"thumbnailUrl":"https:\/\/suresms.com\/wp-content\/uploads\/2021\/08\/Product-Image-01-1.png","datePublished":"2024-09-18T05:51:10+00:00","dateModified":"2025-10-21T12:59:30+00:00","description":"Int\u00e9grez d\u00e8s aujourd'hui et commencez \u00e0 cr\u00e9er des automatisations et des campagnes de grande valeur ! Un taux d'ouverture de 98 % ne ment pas \u2713","breadcrumb":{"@id":"https:\/\/suresms.com\/dk\/integrationer\/marketing-automation\/activecampaign\/#breadcrumb"},"inLanguage":"fr-FR","potentialAction":[{"@type":"ReadAction","target":["https:\/\/suresms.com\/dk\/integrationer\/marketing-automation\/activecampaign\/"]}]},{"@type":"ImageObject","inLanguage":"fr-FR","@id":"https:\/\/suresms.com\/dk\/integrationer\/marketing-automation\/activecampaign\/#primaryimage","url":"https:\/\/suresms.com\/wp-content\/uploads\/2021\/08\/Product-Image-01-1.png","contentUrl":"https:\/\/suresms.com\/wp-content\/uploads\/2021\/08\/Product-Image-01-1.png"},{"@type":"BreadcrumbList","@id":"https:\/\/suresms.com\/dk\/integrationer\/marketing-automation\/activecampaign\/#breadcrumb","itemListElement":[{"@type":"ListItem","position":1,"name":"Home","item":"https:\/\/suresms.com\/dk\/"},{"@type":"ListItem","position":2,"name":"Integrationer","item":"https:\/\/suresms.com\/dk\/integrationer\/"},{"@type":"ListItem","position":3,"name":"SMS integration til Marketing Automation","item":"https:\/\/suresms.com\/dk\/integrationer\/marketing-automation\/"},{"@type":"ListItem","position":4,"name":"SMS integration til ActiveCampaign"}]},{"@type":"WebSite","@id":"https:\/\/suresms.com\/en\/#website","url":"https:\/\/suresms.com\/en\/","name":"SureSMS","description":"Passerelle SMS professionnelle","publisher":{"@id":"https:\/\/suresms.com\/en\/#organization"},"potentialAction":[{"@type":"SearchAction","target":{"@type":"EntryPoint","urlTemplate":"https:\/\/suresms.com\/en\/?s={search_term_string}"},"query-input":{"@type":"PropertyValueSpecification","valueRequired":true,"valueName":"search_term_string"}}],"inLanguage":"fr-FR"},{"@type":"Organization","@id":"https:\/\/suresms.com\/en\/#organization","name":"SureSMS","url":"https:\/\/suresms.com\/en\/","logo":{"@type":"ImageObject","inLanguage":"fr-FR","@id":"https:\/\/suresms.com\/en\/#\/schema\/logo\/image\/","url":"https:\/\/suresms.com\/wp-content\/uploads\/2024\/11\/suresms-300x65-1.png","contentUrl":"https:\/\/suresms.com\/wp-content\/uploads\/2024\/11\/suresms-300x65-1.png","width":300,"height":65,"caption":"SureSMS"},"image":{"@id":"https:\/\/suresms.com\/en\/#\/schema\/logo\/image\/"},"sameAs":["https:\/\/www.facebook.com\/p\/SureSMS-100044607956149\/"]}]}},"_links":{"self":[{"href":"https:\/\/suresms.com\/fr\/wp-json\/wp\/v2\/pages\/18361","targetHints":{"allow":["GET"]}}],"collection":[{"href":"https:\/\/suresms.com\/fr\/wp-json\/wp\/v2\/pages"}],"about":[{"href":"https:\/\/suresms.com\/fr\/wp-json\/wp\/v2\/types\/page"}],"author":[{"embeddable":true,"href":"https:\/\/suresms.com\/fr\/wp-json\/wp\/v2\/users\/1"}],"replies":[{"embeddable":true,"href":"https:\/\/suresms.com\/fr\/wp-json\/wp\/v2\/comments?post=18361"}],"version-history":[{"count":7,"href":"https:\/\/suresms.com\/fr\/wp-json\/wp\/v2\/pages\/18361\/revisions"}],"predecessor-version":[{"id":23497,"href":"https:\/\/suresms.com\/fr\/wp-json\/wp\/v2\/pages\/18361\/revisions\/23497"}],"up":[{"embeddable":true,"href":"https:\/\/suresms.com\/fr\/wp-json\/wp\/v2\/pages\/13367"}],"wp:attachment":[{"href":"https:\/\/suresms.com\/fr\/wp-json\/wp\/v2\/media?parent=18361"}],"wp:term":[{"taxonomy":"category","embeddable":true,"href":"https:\/\/suresms.com\/fr\/wp-json\/wp\/v2\/categories?post=18361"},{"taxonomy":"post_tag","embeddable":true,"href":"https:\/\/suresms.com\/fr\/wp-json\/wp\/v2\/tags?post=18361"}],"curies":[{"name":"wp","href":"https:\/\/api.w.org\/{rel}","templated":true}]}}