{"id":18292,"date":"2024-08-26T13:27:40","date_gmt":"2024-08-26T11:27:40","guid":{"rendered":"https:\/\/www.suresms.com\/dk\/?page_id=18292"},"modified":"2025-01-15T14:18:17","modified_gmt":"2025-01-15T14:18:17","slug":"documents-18","status":"publish","type":"page","link":"https:\/\/suresms.com\/fr\/docs\/addressbook\/contacts\/","title":{"rendered":"Contacts"},"content":{"rendered":"<!-- Flexy Breadcrumb -->\r\n\t\t\t<div class=\"fbc fbc-page\">\r\n\r\n\t\t\t\t<!-- Breadcrumb wrapper -->\r\n\t\t\t\t<div class=\"fbc-wrap\">\r\n\r\n\t\t\t\t\t<!-- Ordered list-->\r\n\t\t\t\t\t<ol class=\"fbc-items\" itemscope itemtype=\"https:\/\/schema.org\/BreadcrumbList\">\r\n\t\t\t\t\t\t            <li itemprop=\"itemListElement\" itemscope itemtype=\"https:\/\/schema.org\/ListItem\">\r\n                <span itemprop=\"name\">\r\n                    <!-- Home Link -->\r\n                    <a itemprop=\"item\" href=\"https:\/\/suresms.com\/fr\/\">\r\n                    \r\n                                                    <i class=\"fa fa-home\" aria-hidden=\"true\"><\/i>Accueil                    <\/a>\r\n                <\/span>\r\n                <meta itemprop=\"position\" content=\"1\" \/><!-- Meta Position-->\r\n             <\/li><li><span class=\"fbc-separator\">\/<\/span><\/li><li class=\"active\" itemprop=\"itemListElement\" itemscope itemtype=\"https:\/\/schema.org\/ListItem\"><span itemprop=\"name\" title=\"Contacts\">Contacts<\/span><meta itemprop=\"position\" content=\"2\" \/><\/li>\t\t\t\t\t<\/ol>\r\n\t\t\t\t\t<div class=\"clearfix\"><\/div>\r\n\t\t\t\t<\/div>\r\n\t\t\t<\/div>\r\n\t\t\t\n<h1>\n\t\tContacts\n\t<\/h1>\n\t<p>Vous trouverez ici des informations sur le carnet d'adresses de SureSMS. Le carnet d'adresses se compose de contacts et de groupes. Vous pouvez en savoir plus sur <a href=\"https:\/\/suresms.com\/fr\/documents\/documents-10\/documents-17\/\">Groupe ici<\/a>. Vous trouverez ci-dessous comment cr\u00e9er, modifier et supprimer un contact dans votre carnet d'adresses.<\/p>\n<h2>\n\t\tListe des contacts\n\t<\/h2>\n\t<p>Commen\u00e7ons par regarder l'\u00e9cran o\u00f9 s'affiche la liste des contacts. La capture d'\u00e9cran pourrait ressembler \u00e0 ceci :<\/p>\n\t<p>Comme vous pouvez le voir, la liste contient d'abord un petit carr\u00e9 dans lequel vous pouvez s\u00e9lectionner un contact. Puis les informations suivantes : nom complet du contact, code du pays et num\u00e9ro de t\u00e9l\u00e9phone.<\/p>\n<p>Si vous avez saisi un courriel pour le contact, il appara\u00eetra ici. Les informations suppl\u00e9mentaires que vous avez \u00e9ventuellement saisies apparaissent \u00e9galement - nous y reviendrons plus tard. Vous pouvez ensuite voir un chiffre indiquant le nombre de groupes auxquels le contact appartient et la date de cr\u00e9ation du contact.<\/p>\n<p>Si vous cliquez sur le crayon \u00e0 c\u00f4t\u00e9 du commutateur, vous avez la possibilit\u00e9 de corriger cette information.<\/p>\n\t\t\t\t<img loading=\"lazy\" decoding=\"async\" src=\"https:\/\/suresms.com\/wp-content\/uploads\/2024\/08\/Skaermbillede-2024-08-26-133800-1.png\" alt=\"La liste du carnet d&#039;adresses\" itemprop=\"image\" height=\"1097\" width=\"2012\" title=\"Capture d&#039;\u00e9cran 2024-08-26 133800\" onerror=\"this.style.display='none'\"  \/>\n\t\t\t\t<img decoding=\"async\" src=\"https:\/\/suresms.com\/wp-content\/plugins\/bb-plugin\/img\/pixel.png\" alt=\"\" itemprop=\"image\" onerror=\"this.style.display='none'\"  \/>\n\t<p>En haut de la liste se trouve une barre d'action. Tout d'abord, vous pouvez rechercher vos contacts dans le champ de recherche et choisir le nombre de contacts que vous souhaitez voir \u00e0 la fois. Il y a \u00e9galement un bouton \"Filtrer\". Si vous cliquez dessus, le menu de filtrage s'affiche et vous ne pouvez voir que les contacts appartenant \u00e0 un groupe sp\u00e9cifique. Comme illustr\u00e9 ci-dessus.<\/p>\n<h2>\n\t\tCr\u00e9er, modifier ou supprimer un contact\n\t<\/h2>\n\t<p>Pour cr\u00e9er un contact, cliquez sur \"Options\" dans le coin sup\u00e9rieur droit. S\u00e9lectionnez ensuite\u00a0<em>Cr\u00e9er un nouveau<\/em>.<\/p>\n\t<p>Remplissez l'\u00e9cran avec les coordonn\u00e9es de votre nouveau contact, comme illustr\u00e9 dans la vid\u00e9o de droite.<\/p>\n<p>Le nom complet, le code du pays et le num\u00e9ro de t\u00e9l\u00e9phone sont obligatoires. L'adresse \u00e9lectronique et les informations compl\u00e9mentaires sont facultatives.<\/p>\n<p>Cliquez sur le crayon \u00e0 c\u00f4t\u00e9 du contact si vous souhaitez corriger les informations le concernant.<\/p>\n<p><em>N'OUBLIEZ PAS de cliquer sur Enregistrer apr\u00e8s avoir modifi\u00e9 les groupes auxquels appartient le contact.<\/em><\/p>\n\t\t\t\t\t<video src=\"https:\/\/suresms.com\/wp-content\/uploads\/2024\/08\/Dokumentation-Opret-ret-og-slet-kontakt-1.mp4\" alt=\"hosted-video-thumbnail\"><\/video>\n\t\t<h2>\n\t\tImporter ou exporter une liste de contacts\n\t<\/h2>\n\t<p>Il est possible d'importer des contacts \u00e0 partir d'un fichier. Il peut s'agir d'un fichier CSV provenant de votre syst\u00e8me d'affiliation, de votre comptabilit\u00e9 ou de votre syst\u00e8me CRM. Les contacts sont import\u00e9s soit \"en plus\" des contacts existants, soit sous la forme d'une importation enti\u00e8rement nouvelle - c'est vous qui choisissez.<\/p>\n\t<p>Connectez-vous \u00e0 votre compte SureSMS ici : <a href=\"https:\/\/app.suresms.com\" target=\"_blank\" rel=\"noopener\">https:\/\/app.suresms.com<\/a><\/p>\n<p>Dans le menu, s\u00e9lectionnez <em>Carnet d'adresses-&gt; Contacts<\/em><\/p>\n<p>Cliquez sur l'ic\u00f4ne <em>Choix <\/em>dans le coin sup\u00e9rieur droit<\/p>\n<p>S\u00e9lectionner l'\u00e9l\u00e9ment de menu\u00a0<em>Importation d'un fichier<\/em><\/p>\n<p>S\u00e9lectionnez le fichier sur votre ordinateur local<\/p>\n<p>Cliquez sur le bouton\u00a0<em>Analyseurs<\/em><\/p>\n<p>Cliquez sur l'ic\u00f4ne\u00a0<em>Importation<\/em><\/p>\n<p>Vous pouvez maintenant voir vos nouveaux contacts dans le carnet d'adresses.<\/p>\n<p>&nbsp;<\/p>\n<p>&nbsp;<\/p>\n\t\t\t\t\t<video src=\"https:\/\/suresms.com\/wp-content\/uploads\/2024\/10\/Dokumentation-Import-af-kontakter-til-adressebogen.mp4\" alt=\"hosted-video-thumbnail\"><\/video>\n\t\t<h2>\n\t\tAjouter des balises \u00e0 un contact\n\t<\/h2>\n\t<p>Il est possible d'ajouter des \u00e9tiquettes \u00e0 un contact. Cette \u00e9tiquette peut \u00eatre utilis\u00e9e pour segmenter l'envoi ult\u00e9rieurement. Par exemple, si vous \u00eates m\u00e9canicien, vous pouvez ajouter une \u00e9tiquette qui indique la marque de la voiture du destinataire. Si vous avez une boutique en ligne qui vend des animaux de compagnie, vous pouvez ajouter l'animal de compagnie du contact - chat, chien, blaireau :-).<\/p>\n<p>Ajouter une \u00e9tiquette \u00e0 partir de l'aper\u00e7u des contacts en cochant les contacts qui devraient avoir une \u00e9tiquette.<\/p>\n<p>&nbsp;<\/p>\n\t\t\t\t<img decoding=\"async\" src=\"https:\/\/suresms.com\/wp-content\/plugins\/bb-plugin\/img\/pixel.png\" alt=\"\" itemprop=\"image\" onerror=\"this.style.display='none'\"  \/>\n\t<p>Cliquez ensuite sur\u00a0<em>Choix<\/em> dans le coin sup\u00e9rieur droit et cliquez sur \"Ajouter une balise\"<\/p>\n<p>&nbsp;<\/p>\n\t\t\t\t<img decoding=\"async\" src=\"https:\/\/suresms.com\/wp-content\/plugins\/bb-plugin\/img\/pixel.png\" alt=\"\" itemprop=\"image\" onerror=\"this.style.display='none'\"  \/>\n\t<p>Saisissez ensuite l'\u00e9tiquette que vous souhaitez attacher au contact. Dans ce cas, nous avons choisi <em>Ketchers\u00a0<\/em>comme un autocollant.<\/p>\n<p>&nbsp;<\/p>","protected":false},"excerpt":{"rendered":"<p>Contacts Vous trouverez ici des informations sur le carnet d'adresses de SureSMS. Le carnet d'adresses se compose de contacts et de groupes. Pour en savoir plus sur les groupes, cliquez ici. Vous trouverez ci-dessous comment cr\u00e9er, modifier et supprimer un contact dans votre carnet d'adresses. Liste des contacts Commen\u00e7ons par regarder l'\u00e9cran o\u00f9 vous voyez la liste des contacts. La capture d'\u00e9cran... <a title=\"Contacts\" class=\"read-more\" href=\"https:\/\/suresms.com\/fr\/docs\/addressbook\/contacts\/\" aria-label=\"En savoir plus sur Kontakter\">En savoir plus<\/a><\/p>","protected":false},"author":1,"featured_media":0,"parent":18172,"menu_order":0,"comment_status":"closed","ping_status":"closed","template":"","meta":{"_fl_builder_enabled":"1","_fl_builder_data":null,"_fl_builder_draft":null,"_fl_builder_data_settings":null,"_fl_builder_css":"","_fl_builder_css_version":"","_fl_builder_js":"","footnotes":""},"categories":[],"tags":[],"class_list":["post-18292","page","type-page","status-publish"],"yoast_head":"<!-- This site is optimized with the Yoast SEO Premium plugin v27.3 (Yoast SEO v27.3) - https:\/\/yoast.com\/product\/yoast-seo-premium-wordpress\/ -->\r\n<title>Kontakter -<\/title>\r\n<meta name=\"robots\" content=\"index, follow, max-snippet:-1, max-image-preview:large, max-video-preview:-1\" \/>\r\n<link rel=\"canonical\" href=\"https:\/\/suresms.com\/fr\/documents\/documents-10\/documents-18\/\" \/>\r\n<meta property=\"og:locale\" content=\"fr_FR\" \/>\r\n<meta property=\"og:type\" content=\"article\" \/>\r\n<meta property=\"og:title\" content=\"Kontakter\" \/>\r\n<meta property=\"og:description\" content=\"Kontakter Her kan du l\u00e6se om adressebogen i SureSMS. Adressebogen best\u00e5r af Kontakter og Grupper. Du kan l\u00e6se om Grupper her. Herunder kan du l\u00e6se hvordan du opretter, retter og sletter en kontakt i din adressebog. Liste over kontakter Lad os starte med at se p\u00e5 det sk\u00e6rmbillede hvor man ser listen af kontakter. Sk\u00e6rmbilledet ... Lire la suite\" \/>\r\n<meta property=\"og:url\" content=\"https:\/\/suresms.com\/fr\/documents\/documents-10\/documents-18\/\" \/>\r\n<meta property=\"article:publisher\" content=\"https:\/\/www.facebook.com\/p\/SureSMS-100044607956149\/\" \/>\r\n<meta property=\"article:modified_time\" content=\"2025-01-15T14:18:17+00:00\" \/>\r\n<meta property=\"og:image\" content=\"https:\/\/suresms.com\/wp-content\/uploads\/2024\/08\/Skaermbillede-2024-08-26-133800-1.png\" \/>\r\n<meta name=\"twitter:card\" content=\"summary_large_image\" \/>\r\n<meta name=\"twitter:label1\" content=\"Dur\u00e9e de lecture estim\u00e9e\" \/>\n\t<meta name=\"twitter:data1\" content=\"3 minutes\" \/>\r\n<script type=\"application\/ld+json\" class=\"yoast-schema-graph\">{\"@context\":\"https:\\\/\\\/schema.org\",\"@graph\":[{\"@type\":\"WebPage\",\"@id\":\"https:\\\/\\\/suresms.com\\\/dk\\\/docs\\\/addressbook\\\/contacts\\\/\",\"url\":\"https:\\\/\\\/suresms.com\\\/dk\\\/docs\\\/addressbook\\\/contacts\\\/\",\"name\":\"Kontakter -\",\"isPartOf\":{\"@id\":\"https:\\\/\\\/suresms.com\\\/en\\\/#website\"},\"primaryImageOfPage\":{\"@id\":\"https:\\\/\\\/suresms.com\\\/dk\\\/docs\\\/addressbook\\\/contacts\\\/#primaryimage\"},\"image\":{\"@id\":\"https:\\\/\\\/suresms.com\\\/dk\\\/docs\\\/addressbook\\\/contacts\\\/#primaryimage\"},\"thumbnailUrl\":\"https:\\\/\\\/suresms.com\\\/wp-content\\\/uploads\\\/2024\\\/08\\\/Skaermbillede-2024-08-26-133800-1.png\",\"datePublished\":\"2024-08-26T11:27:40+00:00\",\"dateModified\":\"2025-01-15T14:18:17+00:00\",\"breadcrumb\":{\"@id\":\"https:\\\/\\\/suresms.com\\\/dk\\\/docs\\\/addressbook\\\/contacts\\\/#breadcrumb\"},\"inLanguage\":\"fr-FR\",\"potentialAction\":[{\"@type\":\"ReadAction\",\"target\":[\"https:\\\/\\\/suresms.com\\\/dk\\\/docs\\\/addressbook\\\/contacts\\\/\"]}]},{\"@type\":\"ImageObject\",\"inLanguage\":\"fr-FR\",\"@id\":\"https:\\\/\\\/suresms.com\\\/dk\\\/docs\\\/addressbook\\\/contacts\\\/#primaryimage\",\"url\":\"https:\\\/\\\/suresms.com\\\/wp-content\\\/uploads\\\/2024\\\/08\\\/Skaermbillede-2024-08-26-133800-1.png\",\"contentUrl\":\"https:\\\/\\\/suresms.com\\\/wp-content\\\/uploads\\\/2024\\\/08\\\/Skaermbillede-2024-08-26-133800-1.png\"},{\"@type\":\"BreadcrumbList\",\"@id\":\"https:\\\/\\\/suresms.com\\\/dk\\\/docs\\\/addressbook\\\/contacts\\\/#breadcrumb\",\"itemListElement\":[{\"@type\":\"ListItem\",\"position\":1,\"name\":\"Home\",\"item\":\"https:\\\/\\\/suresms.com\\\/dk\\\/\"},{\"@type\":\"ListItem\",\"position\":2,\"name\":\"Dokumentation\",\"item\":\"https:\\\/\\\/suresms.com\\\/dk\\\/docs\\\/\"},{\"@type\":\"ListItem\",\"position\":3,\"name\":\"Adressebog\",\"item\":\"https:\\\/\\\/suresms.com\\\/dk\\\/docs\\\/addressbook\\\/\"},{\"@type\":\"ListItem\",\"position\":4,\"name\":\"Kontakter\"}]},{\"@type\":\"WebSite\",\"@id\":\"https:\\\/\\\/suresms.com\\\/en\\\/#website\",\"url\":\"https:\\\/\\\/suresms.com\\\/en\\\/\",\"name\":\"SureSMS\",\"description\":\"Professionel SMS Gateway\",\"publisher\":{\"@id\":\"https:\\\/\\\/suresms.com\\\/en\\\/#organization\"},\"potentialAction\":[{\"@type\":\"SearchAction\",\"target\":{\"@type\":\"EntryPoint\",\"urlTemplate\":\"https:\\\/\\\/suresms.com\\\/en\\\/?s={search_term_string}\"},\"query-input\":{\"@type\":\"PropertyValueSpecification\",\"valueRequired\":true,\"valueName\":\"search_term_string\"}}],\"inLanguage\":\"fr-FR\"},{\"@type\":\"Organization\",\"@id\":\"https:\\\/\\\/suresms.com\\\/en\\\/#organization\",\"name\":\"SureSMS\",\"url\":\"https:\\\/\\\/suresms.com\\\/en\\\/\",\"logo\":{\"@type\":\"ImageObject\",\"inLanguage\":\"fr-FR\",\"@id\":\"https:\\\/\\\/suresms.com\\\/en\\\/#\\\/schema\\\/logo\\\/image\\\/\",\"url\":\"https:\\\/\\\/suresms.com\\\/wp-content\\\/uploads\\\/2024\\\/11\\\/suresms-300x65-1.png\",\"contentUrl\":\"https:\\\/\\\/suresms.com\\\/wp-content\\\/uploads\\\/2024\\\/11\\\/suresms-300x65-1.png\",\"width\":300,\"height\":65,\"caption\":\"SureSMS\"},\"image\":{\"@id\":\"https:\\\/\\\/suresms.com\\\/en\\\/#\\\/schema\\\/logo\\\/image\\\/\"},\"sameAs\":[\"https:\\\/\\\/www.facebook.com\\\/p\\\/SureSMS-100044607956149\\\/\"]}]}<\/script>\r\n<!-- \/ Yoast SEO Premium plugin. -->","yoast_head_json":{"title":"Contacts -","robots":{"index":"index","follow":"follow","max-snippet":"max-snippet:-1","max-image-preview":"max-image-preview:large","max-video-preview":"max-video-preview:-1"},"canonical":"https:\/\/suresms.com\/fr\/documents\/documents-10\/documents-18\/","og_locale":"fr_FR","og_type":"article","og_title":"Kontakter","og_description":"Kontakter Her kan du l\u00e6se om adressebogen i SureSMS. Adressebogen best\u00e5r af Kontakter og Grupper. Du kan l\u00e6se om Grupper her. Herunder kan du l\u00e6se hvordan du opretter, retter og sletter en kontakt i din adressebog. Liste over kontakter Lad os starte med at se p\u00e5 det sk\u00e6rmbillede hvor man ser listen af kontakter. Sk\u00e6rmbilledet ... Lire la suite","og_url":"https:\/\/suresms.com\/fr\/documents\/documents-10\/documents-18\/","article_publisher":"https:\/\/www.facebook.com\/p\/SureSMS-100044607956149\/","article_modified_time":"2025-01-15T14:18:17+00:00","og_image":[{"url":"https:\/\/suresms.com\/wp-content\/uploads\/2024\/08\/Skaermbillede-2024-08-26-133800-1.png","type":"","width":"","height":""}],"twitter_card":"summary_large_image","twitter_misc":{"Dur\u00e9e de lecture estim\u00e9e":"3 minutes"},"schema":{"@context":"https:\/\/schema.org","@graph":[{"@type":"WebPage","@id":"https:\/\/suresms.com\/dk\/docs\/addressbook\/contacts\/","url":"https:\/\/suresms.com\/dk\/docs\/addressbook\/contacts\/","name":"Contacts -","isPartOf":{"@id":"https:\/\/suresms.com\/en\/#website"},"primaryImageOfPage":{"@id":"https:\/\/suresms.com\/dk\/docs\/addressbook\/contacts\/#primaryimage"},"image":{"@id":"https:\/\/suresms.com\/dk\/docs\/addressbook\/contacts\/#primaryimage"},"thumbnailUrl":"https:\/\/suresms.com\/wp-content\/uploads\/2024\/08\/Skaermbillede-2024-08-26-133800-1.png","datePublished":"2024-08-26T11:27:40+00:00","dateModified":"2025-01-15T14:18:17+00:00","breadcrumb":{"@id":"https:\/\/suresms.com\/dk\/docs\/addressbook\/contacts\/#breadcrumb"},"inLanguage":"fr-FR","potentialAction":[{"@type":"ReadAction","target":["https:\/\/suresms.com\/dk\/docs\/addressbook\/contacts\/"]}]},{"@type":"ImageObject","inLanguage":"fr-FR","@id":"https:\/\/suresms.com\/dk\/docs\/addressbook\/contacts\/#primaryimage","url":"https:\/\/suresms.com\/wp-content\/uploads\/2024\/08\/Skaermbillede-2024-08-26-133800-1.png","contentUrl":"https:\/\/suresms.com\/wp-content\/uploads\/2024\/08\/Skaermbillede-2024-08-26-133800-1.png"},{"@type":"BreadcrumbList","@id":"https:\/\/suresms.com\/dk\/docs\/addressbook\/contacts\/#breadcrumb","itemListElement":[{"@type":"ListItem","position":1,"name":"Home","item":"https:\/\/suresms.com\/dk\/"},{"@type":"ListItem","position":2,"name":"Dokumentation","item":"https:\/\/suresms.com\/dk\/docs\/"},{"@type":"ListItem","position":3,"name":"Adressebog","item":"https:\/\/suresms.com\/dk\/docs\/addressbook\/"},{"@type":"ListItem","position":4,"name":"Kontakter"}]},{"@type":"WebSite","@id":"https:\/\/suresms.com\/en\/#website","url":"https:\/\/suresms.com\/en\/","name":"SureSMS","description":"Passerelle SMS professionnelle","publisher":{"@id":"https:\/\/suresms.com\/en\/#organization"},"potentialAction":[{"@type":"SearchAction","target":{"@type":"EntryPoint","urlTemplate":"https:\/\/suresms.com\/en\/?s={search_term_string}"},"query-input":{"@type":"PropertyValueSpecification","valueRequired":true,"valueName":"search_term_string"}}],"inLanguage":"fr-FR"},{"@type":"Organization","@id":"https:\/\/suresms.com\/en\/#organization","name":"SureSMS","url":"https:\/\/suresms.com\/en\/","logo":{"@type":"ImageObject","inLanguage":"fr-FR","@id":"https:\/\/suresms.com\/en\/#\/schema\/logo\/image\/","url":"https:\/\/suresms.com\/wp-content\/uploads\/2024\/11\/suresms-300x65-1.png","contentUrl":"https:\/\/suresms.com\/wp-content\/uploads\/2024\/11\/suresms-300x65-1.png","width":300,"height":65,"caption":"SureSMS"},"image":{"@id":"https:\/\/suresms.com\/en\/#\/schema\/logo\/image\/"},"sameAs":["https:\/\/www.facebook.com\/p\/SureSMS-100044607956149\/"]}]}},"_links":{"self":[{"href":"https:\/\/suresms.com\/fr\/wp-json\/wp\/v2\/pages\/18292","targetHints":{"allow":["GET"]}}],"collection":[{"href":"https:\/\/suresms.com\/fr\/wp-json\/wp\/v2\/pages"}],"about":[{"href":"https:\/\/suresms.com\/fr\/wp-json\/wp\/v2\/types\/page"}],"author":[{"embeddable":true,"href":"https:\/\/suresms.com\/fr\/wp-json\/wp\/v2\/users\/1"}],"replies":[{"embeddable":true,"href":"https:\/\/suresms.com\/fr\/wp-json\/wp\/v2\/comments?post=18292"}],"version-history":[{"count":8,"href":"https:\/\/suresms.com\/fr\/wp-json\/wp\/v2\/pages\/18292\/revisions"}],"predecessor-version":[{"id":21535,"href":"https:\/\/suresms.com\/fr\/wp-json\/wp\/v2\/pages\/18292\/revisions\/21535"}],"up":[{"embeddable":true,"href":"https:\/\/suresms.com\/fr\/wp-json\/wp\/v2\/pages\/18172"}],"wp:attachment":[{"href":"https:\/\/suresms.com\/fr\/wp-json\/wp\/v2\/media?parent=18292"}],"wp:term":[{"taxonomy":"category","embeddable":true,"href":"https:\/\/suresms.com\/fr\/wp-json\/wp\/v2\/categories?post=18292"},{"taxonomy":"post_tag","embeddable":true,"href":"https:\/\/suresms.com\/fr\/wp-json\/wp\/v2\/tags?post=18292"}],"curies":[{"name":"wp","href":"https:\/\/api.w.org\/{rel}","templated":true}]}}