{"id":18282,"date":"2024-08-23T10:33:06","date_gmt":"2024-08-23T08:33:06","guid":{"rendered":"https:\/\/www.suresms.com\/dk\/?page_id=18282"},"modified":"2025-01-04T23:31:25","modified_gmt":"2025-01-04T23:31:25","slug":"documents-16","status":"publish","type":"page","link":"https:\/\/suresms.com\/fr\/docs\/finance\/online-payment\/","title":{"rendered":"Paiement en ligne"},"content":{"rendered":"<!-- Flexy Breadcrumb -->\r\n\t\t\t<div class=\"fbc fbc-page\">\r\n\r\n\t\t\t\t<!-- Breadcrumb wrapper -->\r\n\t\t\t\t<div class=\"fbc-wrap\">\r\n\r\n\t\t\t\t\t<!-- Ordered list-->\r\n\t\t\t\t\t<ol class=\"fbc-items\" itemscope itemtype=\"https:\/\/schema.org\/BreadcrumbList\">\r\n\t\t\t\t\t\t            <li itemprop=\"itemListElement\" itemscope itemtype=\"https:\/\/schema.org\/ListItem\">\r\n                <span itemprop=\"name\">\r\n                    <!-- Home Link -->\r\n                    <a itemprop=\"item\" href=\"https:\/\/suresms.com\/fr\/\">\r\n                    \r\n                                                    <i class=\"fa fa-home\" aria-hidden=\"true\"><\/i>Accueil                    <\/a>\r\n                <\/span>\r\n                <meta itemprop=\"position\" content=\"1\" \/><!-- Meta Position-->\r\n             <\/li><li><span class=\"fbc-separator\">\/<\/span><\/li><li class=\"active\" itemprop=\"itemListElement\" itemscope itemtype=\"https:\/\/schema.org\/ListItem\"><span itemprop=\"name\" title=\"Paiement en ligne\">Paiement en ligne<\/span><meta itemprop=\"position\" content=\"2\" \/><\/li>\t\t\t\t\t<\/ol>\r\n\t\t\t\t\t<div class=\"clearfix\"><\/div>\r\n\t\t\t\t<\/div>\r\n\t\t\t<\/div>\r\n\t\t\t\n<h1>\n\t\tPaiement en ligne\n\t<\/h1>\n\t<p>Lisez ici comment effectuer un paiement en ligne.<\/p>\n\t<p>Dans le coin sup\u00e9rieur gauche de toutes les captures d'\u00e9cran, vous pouvez voir votre solde. Par exemple, il peut ressembler \u00e0 ceci :<\/p>\n<p><a href=\"https:\/\/suresms.com\/wp-content\/uploads\/2024\/08\/Skaermbillede-2024-08-23-102341.png\"><img loading=\"lazy\" decoding=\"async\" src=\"https:\/\/suresms.com\/wp-content\/uploads\/2024\/08\/Skaermbillede-2024-08-23-102341.png\" alt=\"\" width=\"322\" height=\"92\" \/><\/a><\/p>\n<p>Il peut \u00e9galement \u00eatre indiqu\u00e9 \"Illimit\u00e9\". Si c'est le cas, cela signifie que votre compte SureSMS est factur\u00e9 et que vous recevrez une facture chaque mois ou trimestre apr\u00e8s utilisation.<\/p>\n\t<p>Si vous souhaitez d\u00e9poser de l'argent sur votre compte, vous devez le faire :<\/p>\n<ol> \t\n<li>Cliquez sur l'\u00e9l\u00e9ment de menu <em>Financier\/Financier<\/em><\/li>\n\n<li>Cliquez sur l'\u00e9l\u00e9ment de menu\u00a0<em>Effectuer un paiement en ligne<\/em><\/li>\n\n<li>Dans Montant, indiquez la somme que vous souhaitez d\u00e9poser (vous devez indiquer un minimum de 10 DKK et un maximum de 5 000 DKK).<\/li>\n\n<li>Cliquez ensuite sur\u00a0<em>Accepter le montant<\/em><\/li>\n<\/ol>\n\t\t\t\t<img loading=\"lazy\" decoding=\"async\" src=\"https:\/\/suresms.com\/wp-content\/uploads\/2024\/08\/Skaermbillede-2024-08-23-102906-1.png\" alt=\"Capture d&#039;\u00e9cran 2024-08-23 102906\" itemprop=\"image\" height=\"536\" width=\"1149\" title=\"Capture d&#039;\u00e9cran 2024-08-23 102906\" onerror=\"this.style.display='none'\"  \/>\n\t<p>5. Cliquez maintenant sur\u00a0<em>Paiement complet<\/em><\/p>\n<p>6. La fen\u00eatre ci-dessous appara\u00eet. S\u00e9lectionnez la m\u00e9thode de paiement souhait\u00e9e.<\/p>\n\t\t\t\t<img loading=\"lazy\" decoding=\"async\" src=\"https:\/\/suresms.com\/wp-content\/uploads\/2024\/08\/Skaermbillede-2024-08-23-103028-1.png\" alt=\"Paiement - s\u00e9lectionner le mode de paiement\" itemprop=\"image\" height=\"752\" width=\"1340\" title=\"Capture d&#039;\u00e9cran 2024-08-23 103028\" onerror=\"this.style.display='none'\"  \/>\n\t<p>7. Compl\u00e9tez le flux de paiement sur epay avec la m\u00e9thode de paiement souhait\u00e9e.<\/p>","protected":false},"excerpt":{"rendered":"<p>Paiement en ligne Lisez ici comment effectuer un paiement en ligne. Dans le coin sup\u00e9rieur gauche de toutes les captures d'\u00e9cran, vous pouvez voir votre solde. Par exemple, il peut ressembler \u00e0 ceci : Il peut \u00e9galement \u00eatre indiqu\u00e9 \"Illimit\u00e9\". Si c'est le cas, cela signifie que votre compte SureSMS est factur\u00e9 et que vous recevez une facture chaque mois ou... <a title=\"Paiement en ligne\" class=\"read-more\" href=\"https:\/\/suresms.com\/fr\/docs\/finance\/online-payment\/\" aria-label=\"En savoir plus sur Betaling online\">En savoir plus<\/a><\/p>","protected":false},"author":1,"featured_media":0,"parent":18128,"menu_order":0,"comment_status":"closed","ping_status":"closed","template":"","meta":{"_fl_builder_enabled":"1","_fl_builder_data":null,"_fl_builder_draft":null,"_fl_builder_data_settings":null,"_fl_builder_css":"","_fl_builder_css_version":"","_fl_builder_js":"","footnotes":""},"categories":[],"tags":[],"class_list":["post-18282","page","type-page","status-publish"],"yoast_head":"<!-- This site is optimized with the Yoast SEO Premium plugin v27.3 (Yoast SEO v27.3) - https:\/\/yoast.com\/product\/yoast-seo-premium-wordpress\/ -->\r\n<title>Betaling online -<\/title>\r\n<meta name=\"robots\" content=\"index, follow, max-snippet:-1, max-image-preview:large, max-video-preview:-1\" \/>\r\n<link rel=\"canonical\" href=\"https:\/\/suresms.com\/fr\/documents\/documents-3\/documents-16\/\" \/>\r\n<meta property=\"og:locale\" content=\"fr_FR\" \/>\r\n<meta property=\"og:type\" content=\"article\" \/>\r\n<meta property=\"og:title\" content=\"Betaling online\" \/>\r\n<meta property=\"og:description\" content=\"Online betaling L\u00e6s her hvordan du gennemf\u00f8re en online betaling. \u00d8verst i venstre hj\u00f8rne p\u00e5 alle sk\u00e6rmbilleder, kan du se din saldo. Det kan f.eks. se s\u00e5ledes ud: Der kan ogs\u00e5 st\u00e5 &#8220;Ubegr\u00e6nset&#8221;. Hvis der g\u00f8r det, betyder det, at din SureSMS konto er p\u00e5 fakturering og at du modtager en faktura hver m\u00e5ned eller ... Lire la suite\" \/>\r\n<meta property=\"og:url\" content=\"https:\/\/suresms.com\/fr\/documents\/documents-3\/documents-16\/\" \/>\r\n<meta property=\"article:publisher\" content=\"https:\/\/www.facebook.com\/p\/SureSMS-100044607956149\/\" \/>\r\n<meta property=\"article:modified_time\" content=\"2025-01-04T23:31:25+00:00\" \/>\r\n<meta property=\"og:image\" content=\"https:\/\/suresms.com\/wp-content\/uploads\/2024\/08\/Skaermbillede-2024-08-23-102341.png\" \/>\r\n<meta name=\"twitter:card\" content=\"summary_large_image\" \/>\r\n<meta name=\"twitter:label1\" content=\"Dur\u00e9e de lecture estim\u00e9e\" \/>\n\t<meta name=\"twitter:data1\" content=\"1 minute\" \/>\r\n<script type=\"application\/ld+json\" class=\"yoast-schema-graph\">{\"@context\":\"https:\\\/\\\/schema.org\",\"@graph\":[{\"@type\":\"WebPage\",\"@id\":\"https:\\\/\\\/suresms.com\\\/dk\\\/docs\\\/finance\\\/online-payment\\\/\",\"url\":\"https:\\\/\\\/suresms.com\\\/dk\\\/docs\\\/finance\\\/online-payment\\\/\",\"name\":\"Betaling online -\",\"isPartOf\":{\"@id\":\"https:\\\/\\\/suresms.com\\\/en\\\/#website\"},\"primaryImageOfPage\":{\"@id\":\"https:\\\/\\\/suresms.com\\\/dk\\\/docs\\\/finance\\\/online-payment\\\/#primaryimage\"},\"image\":{\"@id\":\"https:\\\/\\\/suresms.com\\\/dk\\\/docs\\\/finance\\\/online-payment\\\/#primaryimage\"},\"thumbnailUrl\":\"https:\\\/\\\/suresms.com\\\/wp-content\\\/uploads\\\/2024\\\/08\\\/Skaermbillede-2024-08-23-102341.png\",\"datePublished\":\"2024-08-23T08:33:06+00:00\",\"dateModified\":\"2025-01-04T23:31:25+00:00\",\"breadcrumb\":{\"@id\":\"https:\\\/\\\/suresms.com\\\/dk\\\/docs\\\/finance\\\/online-payment\\\/#breadcrumb\"},\"inLanguage\":\"fr-FR\",\"potentialAction\":[{\"@type\":\"ReadAction\",\"target\":[\"https:\\\/\\\/suresms.com\\\/dk\\\/docs\\\/finance\\\/online-payment\\\/\"]}]},{\"@type\":\"ImageObject\",\"inLanguage\":\"fr-FR\",\"@id\":\"https:\\\/\\\/suresms.com\\\/dk\\\/docs\\\/finance\\\/online-payment\\\/#primaryimage\",\"url\":\"https:\\\/\\\/suresms.com\\\/wp-content\\\/uploads\\\/2024\\\/08\\\/Skaermbillede-2024-08-23-102341.png\",\"contentUrl\":\"https:\\\/\\\/suresms.com\\\/wp-content\\\/uploads\\\/2024\\\/08\\\/Skaermbillede-2024-08-23-102341.png\"},{\"@type\":\"BreadcrumbList\",\"@id\":\"https:\\\/\\\/suresms.com\\\/dk\\\/docs\\\/finance\\\/online-payment\\\/#breadcrumb\",\"itemListElement\":[{\"@type\":\"ListItem\",\"position\":1,\"name\":\"Home\",\"item\":\"https:\\\/\\\/suresms.com\\\/dk\\\/\"},{\"@type\":\"ListItem\",\"position\":2,\"name\":\"Dokumentation\",\"item\":\"https:\\\/\\\/suresms.com\\\/dk\\\/docs\\\/\"},{\"@type\":\"ListItem\",\"position\":3,\"name\":\"\u00d8konomi\",\"item\":\"https:\\\/\\\/suresms.com\\\/dk\\\/docs\\\/finance\\\/\"},{\"@type\":\"ListItem\",\"position\":4,\"name\":\"Betaling online\"}]},{\"@type\":\"WebSite\",\"@id\":\"https:\\\/\\\/suresms.com\\\/en\\\/#website\",\"url\":\"https:\\\/\\\/suresms.com\\\/en\\\/\",\"name\":\"SureSMS\",\"description\":\"Professionel SMS Gateway\",\"publisher\":{\"@id\":\"https:\\\/\\\/suresms.com\\\/en\\\/#organization\"},\"potentialAction\":[{\"@type\":\"SearchAction\",\"target\":{\"@type\":\"EntryPoint\",\"urlTemplate\":\"https:\\\/\\\/suresms.com\\\/en\\\/?s={search_term_string}\"},\"query-input\":{\"@type\":\"PropertyValueSpecification\",\"valueRequired\":true,\"valueName\":\"search_term_string\"}}],\"inLanguage\":\"fr-FR\"},{\"@type\":\"Organization\",\"@id\":\"https:\\\/\\\/suresms.com\\\/en\\\/#organization\",\"name\":\"SureSMS\",\"url\":\"https:\\\/\\\/suresms.com\\\/en\\\/\",\"logo\":{\"@type\":\"ImageObject\",\"inLanguage\":\"fr-FR\",\"@id\":\"https:\\\/\\\/suresms.com\\\/en\\\/#\\\/schema\\\/logo\\\/image\\\/\",\"url\":\"https:\\\/\\\/suresms.com\\\/wp-content\\\/uploads\\\/2024\\\/11\\\/suresms-300x65-1.png\",\"contentUrl\":\"https:\\\/\\\/suresms.com\\\/wp-content\\\/uploads\\\/2024\\\/11\\\/suresms-300x65-1.png\",\"width\":300,\"height\":65,\"caption\":\"SureSMS\"},\"image\":{\"@id\":\"https:\\\/\\\/suresms.com\\\/en\\\/#\\\/schema\\\/logo\\\/image\\\/\"},\"sameAs\":[\"https:\\\/\\\/www.facebook.com\\\/p\\\/SureSMS-100044607956149\\\/\"]}]}<\/script>\r\n<!-- \/ Yoast SEO Premium plugin. -->","yoast_head_json":{"title":"Paiement en ligne -","robots":{"index":"index","follow":"follow","max-snippet":"max-snippet:-1","max-image-preview":"max-image-preview:large","max-video-preview":"max-video-preview:-1"},"canonical":"https:\/\/suresms.com\/fr\/documents\/documents-3\/documents-16\/","og_locale":"fr_FR","og_type":"article","og_title":"Betaling online","og_description":"Online betaling L\u00e6s her hvordan du gennemf\u00f8re en online betaling. \u00d8verst i venstre hj\u00f8rne p\u00e5 alle sk\u00e6rmbilleder, kan du se din saldo. Det kan f.eks. se s\u00e5ledes ud: Der kan ogs\u00e5 st\u00e5 &#8220;Ubegr\u00e6nset&#8221;. Hvis der g\u00f8r det, betyder det, at din SureSMS konto er p\u00e5 fakturering og at du modtager en faktura hver m\u00e5ned eller ... Lire la suite","og_url":"https:\/\/suresms.com\/fr\/documents\/documents-3\/documents-16\/","article_publisher":"https:\/\/www.facebook.com\/p\/SureSMS-100044607956149\/","article_modified_time":"2025-01-04T23:31:25+00:00","og_image":[{"url":"https:\/\/suresms.com\/wp-content\/uploads\/2024\/08\/Skaermbillede-2024-08-23-102341.png","type":"","width":"","height":""}],"twitter_card":"summary_large_image","twitter_misc":{"Dur\u00e9e de lecture estim\u00e9e":"1 minute"},"schema":{"@context":"https:\/\/schema.org","@graph":[{"@type":"WebPage","@id":"https:\/\/suresms.com\/dk\/docs\/finance\/online-payment\/","url":"https:\/\/suresms.com\/dk\/docs\/finance\/online-payment\/","name":"Paiement en ligne -","isPartOf":{"@id":"https:\/\/suresms.com\/en\/#website"},"primaryImageOfPage":{"@id":"https:\/\/suresms.com\/dk\/docs\/finance\/online-payment\/#primaryimage"},"image":{"@id":"https:\/\/suresms.com\/dk\/docs\/finance\/online-payment\/#primaryimage"},"thumbnailUrl":"https:\/\/suresms.com\/wp-content\/uploads\/2024\/08\/Skaermbillede-2024-08-23-102341.png","datePublished":"2024-08-23T08:33:06+00:00","dateModified":"2025-01-04T23:31:25+00:00","breadcrumb":{"@id":"https:\/\/suresms.com\/dk\/docs\/finance\/online-payment\/#breadcrumb"},"inLanguage":"fr-FR","potentialAction":[{"@type":"ReadAction","target":["https:\/\/suresms.com\/dk\/docs\/finance\/online-payment\/"]}]},{"@type":"ImageObject","inLanguage":"fr-FR","@id":"https:\/\/suresms.com\/dk\/docs\/finance\/online-payment\/#primaryimage","url":"https:\/\/suresms.com\/wp-content\/uploads\/2024\/08\/Skaermbillede-2024-08-23-102341.png","contentUrl":"https:\/\/suresms.com\/wp-content\/uploads\/2024\/08\/Skaermbillede-2024-08-23-102341.png"},{"@type":"BreadcrumbList","@id":"https:\/\/suresms.com\/dk\/docs\/finance\/online-payment\/#breadcrumb","itemListElement":[{"@type":"ListItem","position":1,"name":"Home","item":"https:\/\/suresms.com\/dk\/"},{"@type":"ListItem","position":2,"name":"Dokumentation","item":"https:\/\/suresms.com\/dk\/docs\/"},{"@type":"ListItem","position":3,"name":"\u00d8konomi","item":"https:\/\/suresms.com\/dk\/docs\/finance\/"},{"@type":"ListItem","position":4,"name":"Betaling online"}]},{"@type":"WebSite","@id":"https:\/\/suresms.com\/en\/#website","url":"https:\/\/suresms.com\/en\/","name":"SureSMS","description":"Passerelle SMS professionnelle","publisher":{"@id":"https:\/\/suresms.com\/en\/#organization"},"potentialAction":[{"@type":"SearchAction","target":{"@type":"EntryPoint","urlTemplate":"https:\/\/suresms.com\/en\/?s={search_term_string}"},"query-input":{"@type":"PropertyValueSpecification","valueRequired":true,"valueName":"search_term_string"}}],"inLanguage":"fr-FR"},{"@type":"Organization","@id":"https:\/\/suresms.com\/en\/#organization","name":"SureSMS","url":"https:\/\/suresms.com\/en\/","logo":{"@type":"ImageObject","inLanguage":"fr-FR","@id":"https:\/\/suresms.com\/en\/#\/schema\/logo\/image\/","url":"https:\/\/suresms.com\/wp-content\/uploads\/2024\/11\/suresms-300x65-1.png","contentUrl":"https:\/\/suresms.com\/wp-content\/uploads\/2024\/11\/suresms-300x65-1.png","width":300,"height":65,"caption":"SureSMS"},"image":{"@id":"https:\/\/suresms.com\/en\/#\/schema\/logo\/image\/"},"sameAs":["https:\/\/www.facebook.com\/p\/SureSMS-100044607956149\/"]}]}},"_links":{"self":[{"href":"https:\/\/suresms.com\/fr\/wp-json\/wp\/v2\/pages\/18282","targetHints":{"allow":["GET"]}}],"collection":[{"href":"https:\/\/suresms.com\/fr\/wp-json\/wp\/v2\/pages"}],"about":[{"href":"https:\/\/suresms.com\/fr\/wp-json\/wp\/v2\/types\/page"}],"author":[{"embeddable":true,"href":"https:\/\/suresms.com\/fr\/wp-json\/wp\/v2\/users\/1"}],"replies":[{"embeddable":true,"href":"https:\/\/suresms.com\/fr\/wp-json\/wp\/v2\/comments?post=18282"}],"version-history":[{"count":4,"href":"https:\/\/suresms.com\/fr\/wp-json\/wp\/v2\/pages\/18282\/revisions"}],"predecessor-version":[{"id":20455,"href":"https:\/\/suresms.com\/fr\/wp-json\/wp\/v2\/pages\/18282\/revisions\/20455"}],"up":[{"embeddable":true,"href":"https:\/\/suresms.com\/fr\/wp-json\/wp\/v2\/pages\/18128"}],"wp:attachment":[{"href":"https:\/\/suresms.com\/fr\/wp-json\/wp\/v2\/media?parent=18282"}],"wp:term":[{"taxonomy":"category","embeddable":true,"href":"https:\/\/suresms.com\/fr\/wp-json\/wp\/v2\/categories?post=18282"},{"taxonomy":"post_tag","embeddable":true,"href":"https:\/\/suresms.com\/fr\/wp-json\/wp\/v2\/tags?post=18282"}],"curies":[{"name":"wp","href":"https:\/\/api.w.org\/{rel}","templated":true}]}}