{"id":18273,"date":"2024-08-22T13:53:26","date_gmt":"2024-08-22T11:53:26","guid":{"rendered":"https:\/\/www.suresms.com\/dk\/?page_id=18273"},"modified":"2024-08-22T13:53:26","modified_gmt":"2024-08-22T11:53:26","slug":"documents-14","status":"publish","type":"page","link":"https:\/\/suresms.com\/fr\/docs\/troubleshooting\/","title":{"rendered":"D\u00e9pannage"},"content":{"rendered":"<!-- Flexy Breadcrumb -->\r\n\t\t\t<div class=\"fbc fbc-page\">\r\n\r\n\t\t\t\t<!-- Breadcrumb wrapper -->\r\n\t\t\t\t<div class=\"fbc-wrap\">\r\n\r\n\t\t\t\t\t<!-- Ordered list-->\r\n\t\t\t\t\t<ol class=\"fbc-items\" itemscope itemtype=\"https:\/\/schema.org\/BreadcrumbList\">\r\n\t\t\t\t\t\t            <li itemprop=\"itemListElement\" itemscope itemtype=\"https:\/\/schema.org\/ListItem\">\r\n                <span itemprop=\"name\">\r\n                    <!-- Home Link -->\r\n                    <a itemprop=\"item\" href=\"https:\/\/suresms.com\/fr\/\">\r\n                    \r\n                                                    <i class=\"fa fa-home\" aria-hidden=\"true\"><\/i>Accueil                    <\/a>\r\n                <\/span>\r\n                <meta itemprop=\"position\" content=\"1\" \/><!-- Meta Position-->\r\n             <\/li><li><span class=\"fbc-separator\">\/<\/span><\/li><li class=\"active\" itemprop=\"itemListElement\" itemscope itemtype=\"https:\/\/schema.org\/ListItem\"><span itemprop=\"name\" title=\"D\u00e9pannage\">D\u00e9pannage<\/span><meta itemprop=\"position\" content=\"2\" \/><\/li>\t\t\t\t\t<\/ol>\r\n\t\t\t\t\t<div class=\"clearfix\"><\/div>\r\n\t\t\t\t<\/div>\r\n\t\t\t<\/div>\r\n\t\t\t\n<h1>\n\t\tD\u00e9pannage\n\t<\/h1>\n\t<p>Vous trouverez ci-dessous divers articles qui peuvent vous aider \u00e0 r\u00e9soudre les probl\u00e8mes. Il peut s'agir d'un d\u00e9pannage dans l'application SureSMS, sur votre t\u00e9l\u00e9phone ou dans les r\u00e9seaux des op\u00e9rateurs.<\/p>\n\t<a href=\"https:\/\/suresms.com\/fr\/documents\/documents-14\/documents-15\/\" target=\"_self\" aria-label=\"Aller sur https:\/\/www.suresms.com\/dk\/docs\/troubleshooting\/min-sms-bliver-ikke-modtaget-pa-telefonen\/\" rel=\"noopener\"><\/a>\n\t\t<h3>Mon SMS n'est pas re\u00e7u sur mon t\u00e9l\u00e9phone<\/h3>\t\t\t\n\t\t\t\t<p>Si vous voyez une coche verte \u00e0 c\u00f4t\u00e9 de votre SMS envoy\u00e9 dans SureSMS, mais qu'il n'est toujours pas visible sur votre t\u00e9l\u00e9phone, c'est peut-\u00eatre parce que votre t\u00e9l\u00e9phone bloque le message SMS.\u00a0<\/p>","protected":false},"excerpt":{"rendered":"<p>D\u00e9pannage Vous trouverez ci-dessous divers articles qui peuvent vous aider \u00e0 r\u00e9soudre des probl\u00e8mes. Il peut s'agir d'un d\u00e9pannage dans l'application SureSMS, sur votre t\u00e9l\u00e9phone ou sur les r\u00e9seaux des op\u00e9rateurs. Mon SMS n'est pas re\u00e7u sur mon t\u00e9l\u00e9phone Si vous voyez une coche verte \u00e0 c\u00f4t\u00e9 de votre SMS envoy\u00e9 dans SureSMS, mais qu'il n'est toujours pas visible sur votre t\u00e9l\u00e9phone, vous pouvez ... <a title=\"D\u00e9pannage\" class=\"read-more\" href=\"https:\/\/suresms.com\/fr\/docs\/troubleshooting\/\" aria-label=\"En savoir plus sur Fejlfinding\">En savoir plus<\/a><\/p>","protected":false},"author":1,"featured_media":0,"parent":18121,"menu_order":0,"comment_status":"closed","ping_status":"closed","template":"","meta":{"_fl_builder_enabled":"1","_fl_builder_data":null,"_fl_builder_draft":null,"_fl_builder_data_settings":null,"_fl_builder_css":"","_fl_builder_css_version":"","_fl_builder_js":"","footnotes":""},"categories":[],"tags":[],"class_list":["post-18273","page","type-page","status-publish"],"yoast_head":"<!-- This site is optimized with the Yoast SEO Premium plugin v27.3 (Yoast SEO v27.3) - https:\/\/yoast.com\/product\/yoast-seo-premium-wordpress\/ -->\r\n<title>Fejlfinding -<\/title>\r\n<meta name=\"robots\" content=\"index, follow, max-snippet:-1, max-image-preview:large, max-video-preview:-1\" \/>\r\n<link rel=\"canonical\" href=\"https:\/\/suresms.com\/fr\/documents\/documents-14\/\" \/>\r\n<meta property=\"og:locale\" content=\"fr_FR\" \/>\r\n<meta property=\"og:type\" content=\"article\" \/>\r\n<meta property=\"og:title\" content=\"Fejlfinding\" \/>\r\n<meta property=\"og:description\" content=\"Fejlfinding Herunder finder du forskellige artikler der kan hj\u00e6lpe dig med fejlfinding. Det kan v\u00e6re b\u00e5de fejlfinding i SureSMS app&#8217;en, p\u00e5 din telefon eller i operat\u00f8rernes netv\u00e6rk. Min SMS bliver ikke modtaget p\u00e5 telefonen Hvis du i SureSMS ser et gr\u00f8nt flueben udfor din afsendte SMS, men den stadig ikke kan ses p\u00e5 telefonen, kan ... Lire la suite\" \/>\r\n<meta property=\"og:url\" content=\"https:\/\/suresms.com\/fr\/documents\/documents-14\/\" \/>\r\n<meta property=\"article:publisher\" content=\"https:\/\/www.facebook.com\/p\/SureSMS-100044607956149\/\" \/>\r\n<meta name=\"twitter:card\" content=\"summary_large_image\" \/>\r\n<meta name=\"twitter:label1\" content=\"Dur\u00e9e de lecture estim\u00e9e\" \/>\n\t<meta name=\"twitter:data1\" content=\"1 minute\" \/>\r\n<script type=\"application\/ld+json\" class=\"yoast-schema-graph\">{\"@context\":\"https:\\\/\\\/schema.org\",\"@graph\":[{\"@type\":\"WebPage\",\"@id\":\"https:\\\/\\\/suresms.com\\\/dk\\\/docs\\\/troubleshooting\\\/\",\"url\":\"https:\\\/\\\/suresms.com\\\/dk\\\/docs\\\/troubleshooting\\\/\",\"name\":\"Fejlfinding -\",\"isPartOf\":{\"@id\":\"https:\\\/\\\/suresms.com\\\/en\\\/#website\"},\"datePublished\":\"2024-08-22T11:53:26+00:00\",\"breadcrumb\":{\"@id\":\"https:\\\/\\\/suresms.com\\\/dk\\\/docs\\\/troubleshooting\\\/#breadcrumb\"},\"inLanguage\":\"fr-FR\",\"potentialAction\":[{\"@type\":\"ReadAction\",\"target\":[\"https:\\\/\\\/suresms.com\\\/dk\\\/docs\\\/troubleshooting\\\/\"]}]},{\"@type\":\"BreadcrumbList\",\"@id\":\"https:\\\/\\\/suresms.com\\\/dk\\\/docs\\\/troubleshooting\\\/#breadcrumb\",\"itemListElement\":[{\"@type\":\"ListItem\",\"position\":1,\"name\":\"Home\",\"item\":\"https:\\\/\\\/suresms.com\\\/dk\\\/\"},{\"@type\":\"ListItem\",\"position\":2,\"name\":\"Dokumentation\",\"item\":\"https:\\\/\\\/suresms.com\\\/dk\\\/docs\\\/\"},{\"@type\":\"ListItem\",\"position\":3,\"name\":\"Fejlfinding\"}]},{\"@type\":\"WebSite\",\"@id\":\"https:\\\/\\\/suresms.com\\\/en\\\/#website\",\"url\":\"https:\\\/\\\/suresms.com\\\/en\\\/\",\"name\":\"SureSMS\",\"description\":\"Professionel SMS Gateway\",\"publisher\":{\"@id\":\"https:\\\/\\\/suresms.com\\\/en\\\/#organization\"},\"potentialAction\":[{\"@type\":\"SearchAction\",\"target\":{\"@type\":\"EntryPoint\",\"urlTemplate\":\"https:\\\/\\\/suresms.com\\\/en\\\/?s={search_term_string}\"},\"query-input\":{\"@type\":\"PropertyValueSpecification\",\"valueRequired\":true,\"valueName\":\"search_term_string\"}}],\"inLanguage\":\"fr-FR\"},{\"@type\":\"Organization\",\"@id\":\"https:\\\/\\\/suresms.com\\\/en\\\/#organization\",\"name\":\"SureSMS\",\"url\":\"https:\\\/\\\/suresms.com\\\/en\\\/\",\"logo\":{\"@type\":\"ImageObject\",\"inLanguage\":\"fr-FR\",\"@id\":\"https:\\\/\\\/suresms.com\\\/en\\\/#\\\/schema\\\/logo\\\/image\\\/\",\"url\":\"https:\\\/\\\/suresms.com\\\/wp-content\\\/uploads\\\/2024\\\/11\\\/suresms-300x65-1.png\",\"contentUrl\":\"https:\\\/\\\/suresms.com\\\/wp-content\\\/uploads\\\/2024\\\/11\\\/suresms-300x65-1.png\",\"width\":300,\"height\":65,\"caption\":\"SureSMS\"},\"image\":{\"@id\":\"https:\\\/\\\/suresms.com\\\/en\\\/#\\\/schema\\\/logo\\\/image\\\/\"},\"sameAs\":[\"https:\\\/\\\/www.facebook.com\\\/p\\\/SureSMS-100044607956149\\\/\"]}]}<\/script>\r\n<!-- \/ Yoast SEO Premium plugin. -->","yoast_head_json":{"title":"D\u00e9pannage","robots":{"index":"index","follow":"follow","max-snippet":"max-snippet:-1","max-image-preview":"max-image-preview:large","max-video-preview":"max-video-preview:-1"},"canonical":"https:\/\/suresms.com\/fr\/documents\/documents-14\/","og_locale":"fr_FR","og_type":"article","og_title":"Fejlfinding","og_description":"Fejlfinding Herunder finder du forskellige artikler der kan hj\u00e6lpe dig med fejlfinding. Det kan v\u00e6re b\u00e5de fejlfinding i SureSMS app&#8217;en, p\u00e5 din telefon eller i operat\u00f8rernes netv\u00e6rk. Min SMS bliver ikke modtaget p\u00e5 telefonen Hvis du i SureSMS ser et gr\u00f8nt flueben udfor din afsendte SMS, men den stadig ikke kan ses p\u00e5 telefonen, kan ... Lire la suite","og_url":"https:\/\/suresms.com\/fr\/documents\/documents-14\/","article_publisher":"https:\/\/www.facebook.com\/p\/SureSMS-100044607956149\/","twitter_card":"summary_large_image","twitter_misc":{"Dur\u00e9e de lecture estim\u00e9e":"1 minute"},"schema":{"@context":"https:\/\/schema.org","@graph":[{"@type":"WebPage","@id":"https:\/\/suresms.com\/dk\/docs\/troubleshooting\/","url":"https:\/\/suresms.com\/dk\/docs\/troubleshooting\/","name":"D\u00e9pannage","isPartOf":{"@id":"https:\/\/suresms.com\/en\/#website"},"datePublished":"2024-08-22T11:53:26+00:00","breadcrumb":{"@id":"https:\/\/suresms.com\/dk\/docs\/troubleshooting\/#breadcrumb"},"inLanguage":"fr-FR","potentialAction":[{"@type":"ReadAction","target":["https:\/\/suresms.com\/dk\/docs\/troubleshooting\/"]}]},{"@type":"BreadcrumbList","@id":"https:\/\/suresms.com\/dk\/docs\/troubleshooting\/#breadcrumb","itemListElement":[{"@type":"ListItem","position":1,"name":"Home","item":"https:\/\/suresms.com\/dk\/"},{"@type":"ListItem","position":2,"name":"Dokumentation","item":"https:\/\/suresms.com\/dk\/docs\/"},{"@type":"ListItem","position":3,"name":"Fejlfinding"}]},{"@type":"WebSite","@id":"https:\/\/suresms.com\/en\/#website","url":"https:\/\/suresms.com\/en\/","name":"SureSMS","description":"Passerelle SMS professionnelle","publisher":{"@id":"https:\/\/suresms.com\/en\/#organization"},"potentialAction":[{"@type":"SearchAction","target":{"@type":"EntryPoint","urlTemplate":"https:\/\/suresms.com\/en\/?s={search_term_string}"},"query-input":{"@type":"PropertyValueSpecification","valueRequired":true,"valueName":"search_term_string"}}],"inLanguage":"fr-FR"},{"@type":"Organization","@id":"https:\/\/suresms.com\/en\/#organization","name":"SureSMS","url":"https:\/\/suresms.com\/en\/","logo":{"@type":"ImageObject","inLanguage":"fr-FR","@id":"https:\/\/suresms.com\/en\/#\/schema\/logo\/image\/","url":"https:\/\/suresms.com\/wp-content\/uploads\/2024\/11\/suresms-300x65-1.png","contentUrl":"https:\/\/suresms.com\/wp-content\/uploads\/2024\/11\/suresms-300x65-1.png","width":300,"height":65,"caption":"SureSMS"},"image":{"@id":"https:\/\/suresms.com\/en\/#\/schema\/logo\/image\/"},"sameAs":["https:\/\/www.facebook.com\/p\/SureSMS-100044607956149\/"]}]}},"_links":{"self":[{"href":"https:\/\/suresms.com\/fr\/wp-json\/wp\/v2\/pages\/18273","targetHints":{"allow":["GET"]}}],"collection":[{"href":"https:\/\/suresms.com\/fr\/wp-json\/wp\/v2\/pages"}],"about":[{"href":"https:\/\/suresms.com\/fr\/wp-json\/wp\/v2\/types\/page"}],"author":[{"embeddable":true,"href":"https:\/\/suresms.com\/fr\/wp-json\/wp\/v2\/users\/1"}],"replies":[{"embeddable":true,"href":"https:\/\/suresms.com\/fr\/wp-json\/wp\/v2\/comments?post=18273"}],"version-history":[{"count":0,"href":"https:\/\/suresms.com\/fr\/wp-json\/wp\/v2\/pages\/18273\/revisions"}],"up":[{"embeddable":true,"href":"https:\/\/suresms.com\/fr\/wp-json\/wp\/v2\/pages\/18121"}],"wp:attachment":[{"href":"https:\/\/suresms.com\/fr\/wp-json\/wp\/v2\/media?parent=18273"}],"wp:term":[{"taxonomy":"category","embeddable":true,"href":"https:\/\/suresms.com\/fr\/wp-json\/wp\/v2\/categories?post=18273"},{"taxonomy":"post_tag","embeddable":true,"href":"https:\/\/suresms.com\/fr\/wp-json\/wp\/v2\/tags?post=18273"}],"curies":[{"name":"wp","href":"https:\/\/api.w.org\/{rel}","templated":true}]}}