{"id":18251,"date":"2024-08-14T07:53:04","date_gmt":"2024-08-14T05:53:04","guid":{"rendered":"https:\/\/www.suresms.com\/dk\/?page_id=18251"},"modified":"2025-01-04T23:03:07","modified_gmt":"2025-01-04T23:03:07","slug":"sms-from-klaviyo-3","status":"publish","type":"page","link":"https:\/\/suresms.com\/fr\/integrationer\/marketing-automation\/mailchimp\/","title":{"rendered":"Int\u00e9gration de SMS pour MailChimp"},"content":{"rendered":"<!-- Flexy Breadcrumb -->\r\n\t\t\t<div class=\"fbc fbc-page\">\r\n\r\n\t\t\t\t<!-- Breadcrumb wrapper -->\r\n\t\t\t\t<div class=\"fbc-wrap\">\r\n\r\n\t\t\t\t\t<!-- Ordered list-->\r\n\t\t\t\t\t<ol class=\"fbc-items\" itemscope itemtype=\"https:\/\/schema.org\/BreadcrumbList\">\r\n\t\t\t\t\t\t            <li itemprop=\"itemListElement\" itemscope itemtype=\"https:\/\/schema.org\/ListItem\">\r\n                <span itemprop=\"name\">\r\n                    <!-- Home Link -->\r\n                    <a itemprop=\"item\" href=\"https:\/\/suresms.com\/fr\/\">\r\n                    \r\n                                                    <i class=\"fa fa-home\" aria-hidden=\"true\"><\/i>Accueil                    <\/a>\r\n                <\/span>\r\n                <meta itemprop=\"position\" content=\"1\" \/><!-- Meta Position-->\r\n             <\/li><li><span class=\"fbc-separator\">\/<\/span><\/li><li class=\"active\" itemprop=\"itemListElement\" itemscope itemtype=\"https:\/\/schema.org\/ListItem\"><span itemprop=\"name\" title=\"Int\u00e9gration de SMS pour MailChimp\">Int\u00e9gration de SMS pour MailChimp<\/span><meta itemprop=\"position\" content=\"2\" \/><\/li>\t\t\t\t\t<\/ol>\r\n\t\t\t\t\t<div class=\"clearfix\"><\/div>\r\n\t\t\t\t<\/div>\r\n\t\t\t<\/div>\r\n\t\t\t\n\t\t\t\t<img loading=\"lazy\" decoding=\"async\" src=\"https:\/\/suresms.com\/wp-content\/uploads\/2024\/08\/MailchimpSureSMS-1.png\" alt=\"MailChimp et SureSMS\" itemprop=\"image\" height=\"200\" width=\"980\" title=\"Mailchimp+SureSMS\" onerror=\"this.style.display='none'\"  \/>\n\t<p><strong>Envoyer des SMS directement depuis MailChimp<\/strong><\/p>\n\t<p>Instructions de commande pour l'installation de MailChimp SMS<\/p>\n\n<div class=\"wpcf7 no-js\" id=\"wpcf7-f13762-o1\" lang=\"en-GB\" dir=\"ltr\" data-wpcf7-id=\"13762\">\n<div class=\"screen-reader-response\"><p role=\"status\" aria-live=\"polite\" aria-atomic=\"true\"><\/p> <ul><\/ul><\/div>\n<form action=\"\/fr\/wp-json\/wp\/v2\/pages\/18251#wpcf7-f13762-o1\" method=\"post\" class=\"wpcf7-form init\" aria-label=\"Formulaire de contact\" novalidate=\"novalidate\" data-status=\"init\" data-trp-original-action=\"\/fr\/wp-json\/wp\/v2\/pages\/18251#wpcf7-f13762-o1\">\n<fieldset class=\"hidden-fields-container\"><input type=\"hidden\" name=\"_wpcf7\" value=\"13762\" \/><input type=\"hidden\" name=\"_wpcf7_version\" value=\"6.1.5\" \/><input type=\"hidden\" name=\"_wpcf7_locale\" value=\"en_GB\" \/><input type=\"hidden\" name=\"_wpcf7_unit_tag\" value=\"wpcf7-f13762-o1\" \/><input type=\"hidden\" name=\"_wpcf7_container_post\" value=\"0\" \/><input type=\"hidden\" name=\"_wpcf7_posted_data_hash\" value=\"\" \/>\n<\/fieldset>\n<p><label><span class=\"wpcf7-form-control-wrap\" data-name=\"your-name\"><input size=\"40\" maxlength=\"400\" class=\"wpcf7-form-control wpcf7-text wpcf7-validates-as-required wpctf7-my-custom-class\" aria-required=\"true\" aria-invalid=\"false\" placeholder=\"Votre nom\" value=\"\" type=\"text\" name=\"your-name\" \/><\/span><\/label>\n<\/p>\n<p><span class=\"wpcf7-form-control-wrap\" data-name=\"email\"><input size=\"40\" maxlength=\"400\" class=\"wpcf7-form-control wpcf7-email wpcf7-validates-as-required wpcf7-text wpcf7-validates-as-email wpctf7-my-custom-class\" aria-required=\"true\" aria-invalid=\"false\" placeholder=\"E-mail*.\" value=\"\" type=\"email\" name=\"email\" \/><\/span>\n<\/p>\n<p><div class=\"cf7-cf-turnstile\" style=\"margin-top: 0px; margin-bottom: -15px;\"> <div id=\"cf-turnstile-cf7-2413205390\" class=\"cf-turnstile\" data-sitekey=\"0x4AAAAAAB8YGArd9ML-HbMW\" data-theme=\"light\" data-language=\"auto\" data-size=\"normal\" data-retry=\"auto\" data-retry-interval=\"1000\" data-refresh-expired=\"auto\" data-action=\"contact-form-7\" data-appearance=\"always\"><\/div> <script>document.addEventListener(\"DOMContentLoaded\", function() { setTimeout(function(){ var e=document.getElementById(\"cf-turnstile-cf7-2413205390\"); e&&!e.innerHTML.trim()&&(turnstile.remove(\"#cf-turnstile-cf7-2413205390\"), turnstile.render(\"#cf-turnstile-cf7-2413205390\", {sitekey:\"0x4AAAAAAB8YGArd9ML-HbMW\"})); }, 100); });<\/script> <br class=\"cf-turnstile-br cf-turnstile-br-cf7-2413205390\"> <style>#cf-turnstile-cf7-2413205390 { margin-left: -15px; }<\/style> <script>document.addEventListener(\"DOMContentLoaded\",function(){document.querySelectorAll('.wpcf7-form').forEach(function(e){e.addEventListener('submit',function(){if(document.getElementById('cf-turnstile-cf7-2413205390')){setTimeout(function(){turnstile.reset('#cf-turnstile-cf7-2413205390');},1000)}})})});<\/script> <\/div><br\/><input class=\"wpcf7-form-control wpcf7-submit has-spinner\" type=\"submit\" value=\"Orientations pour les commandes\" \/>\n<\/p><div class=\"wpcf7-response-output\" aria-hidden=\"true\"><\/div>\n<input type=\"hidden\" name=\"trp-form-language\" value=\"fr\"\/><\/form>\n<\/div>\n\n\t<p>Vous \u00eates \u00e0 la recherche d'un <a href=\"https:\/\/suresms.com\/fr\/integrations\/automatisation-du-marketing\/\">Int\u00e9gration des SMS<\/a> pour votre logiciel d'automatisation du marketing ? Dans ce cas, vous \u00eates au bon endroit. SureSMS est une passerelle SMS avec une connexion directe \u00e0 tous les op\u00e9rateurs t\u00e9l\u00e9phoniques du Danemark et \u00e0 plus de 1900 op\u00e9rateurs t\u00e9l\u00e9phoniques dans le monde.<\/p>\n<p>Notre plateforme SMS est directement int\u00e9gr\u00e9e \u00e0 MailChimp, ce qui vous permet de g\u00e9rer toute votre automatisation en un seul endroit, y compris votre communication par SMS.<\/p>\n\t\t<h3>Qu'est-ce que mailchimp ?<\/h3><p>Mailchimp est une plateforme marketing tout-en-un qui aide les entreprises \u00e0 automatiser et \u00e0 g\u00e9rer leurs campagnes et communications par courriel. La plateforme offre des outils faciles \u00e0 utiliser pour la conception des courriels, la segmentation cibl\u00e9e des clients et l'analyse d\u00e9taill\u00e9e des r\u00e9sultats de la campagne.<\/p>\n<p>Les atouts de Mailchimp sont son interface intuitive \"glisser-d\u00e9poser\", ses options d'int\u00e9gration avec de nombreux outils tiers et ses fonctions d'automatisation avanc\u00e9es qui facilitent la personnalisation du contenu pour diff\u00e9rents publics.<\/p>\n<p>En outre, Mailchimp propose des plans d'abonnement flexibles qui conviennent aux petites et grandes entreprises, ce qui en fait un outil accessible \u00e0 tout type d'entreprise.<\/p>\n\t\t\t\t<img loading=\"lazy\" decoding=\"async\" src=\"https:\/\/suresms.com\/wp-content\/uploads\/2024\/08\/MailchimpSureSMS-sqare-1.png\" alt=\"mailchimp+suresms - square\" itemprop=\"image\" height=\"340\" width=\"453\" title=\"Mailchimp+SureSMS - sqare\" onerror=\"this.style.display='none'\"  \/>\n\t\t<h3>Pourquoi utiliser une int\u00e9gration SMS pour MailChimp ?<\/h3><p>La grande majorit\u00e9 des utilisateurs de MailChimp ont choisi ce syst\u00e8me d'automatisation du marketing parce qu'il offre une multitude d'options et de fonctionnalit\u00e9s en mati\u00e8re d'automatisation du marketing, d'email marketing, de g\u00e9n\u00e9ration de leads, de scoring de leads, de suivi de site et bien plus encore.<\/p>\n\t<p>Bien que MailChimp se targue d'offrir la possibilit\u00e9 d'envoyer des SMS directement dans le syst\u00e8me, nous avons une mauvaise nouvelle pour ceux d'entre vous qui font du marketing sur les march\u00e9s danois et nordiques : <a href=\"https:\/\/mailchimp.com\/help\/about-sms-marketing\/\" target=\"_blank\" rel=\"noopener\">MailChimp ne peut pas envoyer de messages SMS au Danemark<\/a>. Du moins pas encore, mais peut-\u00eatre qu'un jour ce sera une option.<\/p>\n<p>Vous devez \u00e9galement passer par un processus d'autorisation relativement compliqu\u00e9 avant de pouvoir envoyer des messages SMS \u00e0 partir du syst\u00e8me, car il y a un certain nombre d'exigences \u00e0 respecter.<\/p>\n<p>La bonne nouvelle, c'est que MailChimp est heureux de s'int\u00e9grer \u00e0 des syst\u00e8mes tiers tels que SureSMS. Nous avons d\u00e9j\u00e0 r\u00e9alis\u00e9 cette int\u00e9gration \u00e0 de nombreuses reprises et nous sommes heureux de vous aider \u00e0 r\u00e9aliser la v\u00f4tre.<\/p>\n\t\t<h2>Mise en place de SMS \u00e0 partir de MailChimp<\/h2><p>Il est possible de cr\u00e9er votre int\u00e9gration SMS entre MailChimp et SureSMS afin d'envoyer vos messages SMS directement \u00e0 partir de MailChimp, mais toujours via notre API SMS. Avec cette solution, vous disposez toujours de vos fonctions de reporting dans SureSMS, mais les messages sont envoy\u00e9s depuis MailChimp.<\/p>\n<p>Cela se fait en utilisant la fonctionnalit\u00e9 de MailChimp appel\u00e9e Webhooks. Lisez ci-dessous comment la configurer.<\/p>","protected":false},"excerpt":{"rendered":"<p>Envoyer des SMS directement \u00e0 partir de MailChimp Instructions de commande pour configurer MailChimp SMS Vous cherchez une int\u00e9gration SMS pour votre logiciel d'automatisation du marketing ? Alors vous \u00eates au bon endroit. SureSMS est une passerelle SMS avec une connexion directe \u00e0 tous les op\u00e9rateurs t\u00e9l\u00e9phoniques du Danemark et \u00e0 plus de 1900 op\u00e9rateurs t\u00e9l\u00e9phoniques dans le monde. Notre plateforme SMS dispose d'une ... <a title=\"Int\u00e9gration de SMS pour MailChimp\" class=\"read-more\" href=\"https:\/\/suresms.com\/fr\/integrationer\/marketing-automation\/mailchimp\/\" aria-label=\"En savoir plus sur l&#039;int\u00e9gration de SMS pour MailChimp\">En savoir plus<\/a><\/p>","protected":false},"author":1,"featured_media":0,"parent":13367,"menu_order":1,"comment_status":"closed","ping_status":"closed","template":"","meta":{"_fl_builder_enabled":"1","_fl_builder_data":null,"_fl_builder_draft":null,"_fl_builder_data_settings":null,"_fl_builder_css":"","_fl_builder_css_version":"","_fl_builder_js":"","footnotes":""},"categories":[],"tags":[],"class_list":["post-18251","page","type-page","status-publish"],"yoast_head":"<!-- This site is optimized with the Yoast SEO Premium plugin v27.3 (Yoast SEO v27.3) - https:\/\/yoast.com\/product\/yoast-seo-premium-wordpress\/ -->\r\n<title>MailChimp SMS l\u00f8sning til danske og nordiske kunder<\/title>\r\n<meta name=\"description\" content=\"Integrer SMS i MailChimp i dag. Gratis konto, nem ops\u00e6tning, kom hurtigt i gang med at skabe v\u00e6rdifulde automations og kampagner! En \u00e5bningsrate p\u00e5 98 %.\" \/>\r\n<meta name=\"robots\" content=\"index, follow, max-snippet:-1, max-image-preview:large, max-video-preview:-1\" \/>\r\n<link rel=\"canonical\" href=\"https:\/\/suresms.com\/fr\/integrations\/automatisation-du-marketing\/sms-from-klaviyo-3\/\" \/>\r\n<meta property=\"og:locale\" content=\"fr_FR\" \/>\r\n<meta property=\"og:type\" content=\"article\" \/>\r\n<meta property=\"og:title\" content=\"SMS integration til MailChimp\" \/>\r\n<meta property=\"og:description\" content=\"Integrer SMS i MailChimp i dag. Gratis konto, nem ops\u00e6tning, kom hurtigt i gang med at skabe v\u00e6rdifulde automations og kampagner! En \u00e5bningsrate p\u00e5 98 %.\" \/>\r\n<meta property=\"og:url\" content=\"https:\/\/suresms.com\/fr\/integrations\/automatisation-du-marketing\/sms-from-klaviyo-3\/\" \/>\r\n<meta property=\"article:publisher\" content=\"https:\/\/www.facebook.com\/p\/SureSMS-100044607956149\/\" \/>\r\n<meta property=\"article:modified_time\" content=\"2025-01-04T23:03:07+00:00\" \/>\r\n<meta property=\"og:image\" content=\"https:\/\/suresms.com\/wp-content\/uploads\/2024\/08\/MailchimpSureSMS-1.png\" \/>\r\n<meta name=\"twitter:card\" content=\"summary_large_image\" \/>\r\n<meta name=\"twitter:label1\" content=\"Dur\u00e9e de lecture estim\u00e9e\" \/>\n\t<meta name=\"twitter:data1\" content=\"9 minutes\" \/>\r\n<script type=\"application\/ld+json\" class=\"yoast-schema-graph\">{\"@context\":\"https:\\\/\\\/schema.org\",\"@graph\":[{\"@type\":\"WebPage\",\"@id\":\"https:\\\/\\\/suresms.com\\\/dk\\\/integrationer\\\/marketing-automation\\\/mailchimp\\\/\",\"url\":\"https:\\\/\\\/suresms.com\\\/dk\\\/integrationer\\\/marketing-automation\\\/mailchimp\\\/\",\"name\":\"MailChimp SMS l\u00f8sning til danske og nordiske kunder\",\"isPartOf\":{\"@id\":\"https:\\\/\\\/suresms.com\\\/en\\\/#website\"},\"primaryImageOfPage\":{\"@id\":\"https:\\\/\\\/suresms.com\\\/dk\\\/integrationer\\\/marketing-automation\\\/mailchimp\\\/#primaryimage\"},\"image\":{\"@id\":\"https:\\\/\\\/suresms.com\\\/dk\\\/integrationer\\\/marketing-automation\\\/mailchimp\\\/#primaryimage\"},\"thumbnailUrl\":\"https:\\\/\\\/suresms.com\\\/wp-content\\\/uploads\\\/2024\\\/08\\\/MailchimpSureSMS-1.png\",\"datePublished\":\"2024-08-14T05:53:04+00:00\",\"dateModified\":\"2025-01-04T23:03:07+00:00\",\"description\":\"Integrer SMS i MailChimp i dag. Gratis konto, nem ops\u00e6tning, kom hurtigt i gang med at skabe v\u00e6rdifulde automations og kampagner! En \u00e5bningsrate p\u00e5 98 %.\",\"breadcrumb\":{\"@id\":\"https:\\\/\\\/suresms.com\\\/dk\\\/integrationer\\\/marketing-automation\\\/mailchimp\\\/#breadcrumb\"},\"inLanguage\":\"fr-FR\",\"potentialAction\":[{\"@type\":\"ReadAction\",\"target\":[\"https:\\\/\\\/suresms.com\\\/dk\\\/integrationer\\\/marketing-automation\\\/mailchimp\\\/\"]}]},{\"@type\":\"ImageObject\",\"inLanguage\":\"fr-FR\",\"@id\":\"https:\\\/\\\/suresms.com\\\/dk\\\/integrationer\\\/marketing-automation\\\/mailchimp\\\/#primaryimage\",\"url\":\"https:\\\/\\\/suresms.com\\\/wp-content\\\/uploads\\\/2024\\\/08\\\/MailchimpSureSMS-1.png\",\"contentUrl\":\"https:\\\/\\\/suresms.com\\\/wp-content\\\/uploads\\\/2024\\\/08\\\/MailchimpSureSMS-1.png\"},{\"@type\":\"BreadcrumbList\",\"@id\":\"https:\\\/\\\/suresms.com\\\/dk\\\/integrationer\\\/marketing-automation\\\/mailchimp\\\/#breadcrumb\",\"itemListElement\":[{\"@type\":\"ListItem\",\"position\":1,\"name\":\"Home\",\"item\":\"https:\\\/\\\/suresms.com\\\/dk\\\/\"},{\"@type\":\"ListItem\",\"position\":2,\"name\":\"Integrationer\",\"item\":\"https:\\\/\\\/suresms.com\\\/dk\\\/integrationer\\\/\"},{\"@type\":\"ListItem\",\"position\":3,\"name\":\"SMS integration til Marketing Automation\",\"item\":\"https:\\\/\\\/suresms.com\\\/dk\\\/integrationer\\\/marketing-automation\\\/\"},{\"@type\":\"ListItem\",\"position\":4,\"name\":\"SMS integration til MailChimp\"}]},{\"@type\":\"WebSite\",\"@id\":\"https:\\\/\\\/suresms.com\\\/en\\\/#website\",\"url\":\"https:\\\/\\\/suresms.com\\\/en\\\/\",\"name\":\"SureSMS\",\"description\":\"Professionel SMS Gateway\",\"publisher\":{\"@id\":\"https:\\\/\\\/suresms.com\\\/en\\\/#organization\"},\"potentialAction\":[{\"@type\":\"SearchAction\",\"target\":{\"@type\":\"EntryPoint\",\"urlTemplate\":\"https:\\\/\\\/suresms.com\\\/en\\\/?s={search_term_string}\"},\"query-input\":{\"@type\":\"PropertyValueSpecification\",\"valueRequired\":true,\"valueName\":\"search_term_string\"}}],\"inLanguage\":\"fr-FR\"},{\"@type\":\"Organization\",\"@id\":\"https:\\\/\\\/suresms.com\\\/en\\\/#organization\",\"name\":\"SureSMS\",\"url\":\"https:\\\/\\\/suresms.com\\\/en\\\/\",\"logo\":{\"@type\":\"ImageObject\",\"inLanguage\":\"fr-FR\",\"@id\":\"https:\\\/\\\/suresms.com\\\/en\\\/#\\\/schema\\\/logo\\\/image\\\/\",\"url\":\"https:\\\/\\\/suresms.com\\\/wp-content\\\/uploads\\\/2024\\\/11\\\/suresms-300x65-1.png\",\"contentUrl\":\"https:\\\/\\\/suresms.com\\\/wp-content\\\/uploads\\\/2024\\\/11\\\/suresms-300x65-1.png\",\"width\":300,\"height\":65,\"caption\":\"SureSMS\"},\"image\":{\"@id\":\"https:\\\/\\\/suresms.com\\\/en\\\/#\\\/schema\\\/logo\\\/image\\\/\"},\"sameAs\":[\"https:\\\/\\\/www.facebook.com\\\/p\\\/SureSMS-100044607956149\\\/\"]}]}<\/script>\r\n<!-- \/ Yoast SEO Premium plugin. -->","yoast_head_json":{"title":"Solution SMS de MailChimp pour les clients danois et nordiques","description":"Int\u00e9grez les SMS dans MailChimp d\u00e8s aujourd'hui. Compte gratuit, configuration facile, commencez \u00e0 cr\u00e9er des automatismes et des campagnes de valeur rapidement ! Un taux d'ouverture de 98 %.","robots":{"index":"index","follow":"follow","max-snippet":"max-snippet:-1","max-image-preview":"max-image-preview:large","max-video-preview":"max-video-preview:-1"},"canonical":"https:\/\/suresms.com\/fr\/integrations\/automatisation-du-marketing\/sms-from-klaviyo-3\/","og_locale":"fr_FR","og_type":"article","og_title":"SMS integration til MailChimp","og_description":"Integrer SMS i MailChimp i dag. Gratis konto, nem ops\u00e6tning, kom hurtigt i gang med at skabe v\u00e6rdifulde automations og kampagner! En \u00e5bningsrate p\u00e5 98 %.","og_url":"https:\/\/suresms.com\/fr\/integrations\/automatisation-du-marketing\/sms-from-klaviyo-3\/","article_publisher":"https:\/\/www.facebook.com\/p\/SureSMS-100044607956149\/","article_modified_time":"2025-01-04T23:03:07+00:00","og_image":[{"url":"https:\/\/suresms.com\/wp-content\/uploads\/2024\/08\/MailchimpSureSMS-1.png","type":"","width":"","height":""}],"twitter_card":"summary_large_image","twitter_misc":{"Dur\u00e9e de lecture estim\u00e9e":"9 minutes"},"schema":{"@context":"https:\/\/schema.org","@graph":[{"@type":"WebPage","@id":"https:\/\/suresms.com\/dk\/integrationer\/marketing-automation\/mailchimp\/","url":"https:\/\/suresms.com\/dk\/integrationer\/marketing-automation\/mailchimp\/","name":"Solution SMS de MailChimp pour les clients danois et nordiques","isPartOf":{"@id":"https:\/\/suresms.com\/en\/#website"},"primaryImageOfPage":{"@id":"https:\/\/suresms.com\/dk\/integrationer\/marketing-automation\/mailchimp\/#primaryimage"},"image":{"@id":"https:\/\/suresms.com\/dk\/integrationer\/marketing-automation\/mailchimp\/#primaryimage"},"thumbnailUrl":"https:\/\/suresms.com\/wp-content\/uploads\/2024\/08\/MailchimpSureSMS-1.png","datePublished":"2024-08-14T05:53:04+00:00","dateModified":"2025-01-04T23:03:07+00:00","description":"Int\u00e9grez les SMS dans MailChimp d\u00e8s aujourd'hui. Compte gratuit, configuration facile, commencez \u00e0 cr\u00e9er des automatismes et des campagnes de valeur rapidement ! Un taux d'ouverture de 98 %.","breadcrumb":{"@id":"https:\/\/suresms.com\/dk\/integrationer\/marketing-automation\/mailchimp\/#breadcrumb"},"inLanguage":"fr-FR","potentialAction":[{"@type":"ReadAction","target":["https:\/\/suresms.com\/dk\/integrationer\/marketing-automation\/mailchimp\/"]}]},{"@type":"ImageObject","inLanguage":"fr-FR","@id":"https:\/\/suresms.com\/dk\/integrationer\/marketing-automation\/mailchimp\/#primaryimage","url":"https:\/\/suresms.com\/wp-content\/uploads\/2024\/08\/MailchimpSureSMS-1.png","contentUrl":"https:\/\/suresms.com\/wp-content\/uploads\/2024\/08\/MailchimpSureSMS-1.png"},{"@type":"BreadcrumbList","@id":"https:\/\/suresms.com\/dk\/integrationer\/marketing-automation\/mailchimp\/#breadcrumb","itemListElement":[{"@type":"ListItem","position":1,"name":"Home","item":"https:\/\/suresms.com\/dk\/"},{"@type":"ListItem","position":2,"name":"Integrationer","item":"https:\/\/suresms.com\/dk\/integrationer\/"},{"@type":"ListItem","position":3,"name":"SMS integration til Marketing Automation","item":"https:\/\/suresms.com\/dk\/integrationer\/marketing-automation\/"},{"@type":"ListItem","position":4,"name":"SMS integration til MailChimp"}]},{"@type":"WebSite","@id":"https:\/\/suresms.com\/en\/#website","url":"https:\/\/suresms.com\/en\/","name":"SureSMS","description":"Passerelle SMS professionnelle","publisher":{"@id":"https:\/\/suresms.com\/en\/#organization"},"potentialAction":[{"@type":"SearchAction","target":{"@type":"EntryPoint","urlTemplate":"https:\/\/suresms.com\/en\/?s={search_term_string}"},"query-input":{"@type":"PropertyValueSpecification","valueRequired":true,"valueName":"search_term_string"}}],"inLanguage":"fr-FR"},{"@type":"Organization","@id":"https:\/\/suresms.com\/en\/#organization","name":"SureSMS","url":"https:\/\/suresms.com\/en\/","logo":{"@type":"ImageObject","inLanguage":"fr-FR","@id":"https:\/\/suresms.com\/en\/#\/schema\/logo\/image\/","url":"https:\/\/suresms.com\/wp-content\/uploads\/2024\/11\/suresms-300x65-1.png","contentUrl":"https:\/\/suresms.com\/wp-content\/uploads\/2024\/11\/suresms-300x65-1.png","width":300,"height":65,"caption":"SureSMS"},"image":{"@id":"https:\/\/suresms.com\/en\/#\/schema\/logo\/image\/"},"sameAs":["https:\/\/www.facebook.com\/p\/SureSMS-100044607956149\/"]}]}},"_links":{"self":[{"href":"https:\/\/suresms.com\/fr\/wp-json\/wp\/v2\/pages\/18251","targetHints":{"allow":["GET"]}}],"collection":[{"href":"https:\/\/suresms.com\/fr\/wp-json\/wp\/v2\/pages"}],"about":[{"href":"https:\/\/suresms.com\/fr\/wp-json\/wp\/v2\/types\/page"}],"author":[{"embeddable":true,"href":"https:\/\/suresms.com\/fr\/wp-json\/wp\/v2\/users\/1"}],"replies":[{"embeddable":true,"href":"https:\/\/suresms.com\/fr\/wp-json\/wp\/v2\/comments?post=18251"}],"version-history":[{"count":5,"href":"https:\/\/suresms.com\/fr\/wp-json\/wp\/v2\/pages\/18251\/revisions"}],"predecessor-version":[{"id":19723,"href":"https:\/\/suresms.com\/fr\/wp-json\/wp\/v2\/pages\/18251\/revisions\/19723"}],"up":[{"embeddable":true,"href":"https:\/\/suresms.com\/fr\/wp-json\/wp\/v2\/pages\/13367"}],"wp:attachment":[{"href":"https:\/\/suresms.com\/fr\/wp-json\/wp\/v2\/media?parent=18251"}],"wp:term":[{"taxonomy":"category","embeddable":true,"href":"https:\/\/suresms.com\/fr\/wp-json\/wp\/v2\/categories?post=18251"},{"taxonomy":"post_tag","embeddable":true,"href":"https:\/\/suresms.com\/fr\/wp-json\/wp\/v2\/tags?post=18251"}],"curies":[{"name":"wp","href":"https:\/\/api.w.org\/{rel}","templated":true}]}}