{"id":18183,"date":"2024-07-10T18:12:05","date_gmt":"2024-07-10T16:12:05","guid":{"rendered":"https:\/\/www.suresms.com\/dk\/?page_id=18183"},"modified":"2026-02-17T05:14:01","modified_gmt":"2026-02-17T05:14:01","slug":"documents-12","status":"publish","type":"page","link":"https:\/\/suresms.com\/fr\/docs\/message\/newmessage\/","title":{"rendered":"Nouveau message"},"content":{"rendered":"<!-- Flexy Breadcrumb -->\r\n\t\t\t<div class=\"fbc fbc-page\">\r\n\r\n\t\t\t\t<!-- Breadcrumb wrapper -->\r\n\t\t\t\t<div class=\"fbc-wrap\">\r\n\r\n\t\t\t\t\t<!-- Ordered list-->\r\n\t\t\t\t\t<ol class=\"fbc-items\" itemscope itemtype=\"https:\/\/schema.org\/BreadcrumbList\">\r\n\t\t\t\t\t\t            <li itemprop=\"itemListElement\" itemscope itemtype=\"https:\/\/schema.org\/ListItem\">\r\n                <span itemprop=\"name\">\r\n                    <!-- Home Link -->\r\n                    <a itemprop=\"item\" href=\"https:\/\/suresms.com\/fr\/\">\r\n                    \r\n                                                    <i class=\"fa fa-home\" aria-hidden=\"true\"><\/i>Accueil                    <\/a>\r\n                <\/span>\r\n                <meta itemprop=\"position\" content=\"1\" \/><!-- Meta Position-->\r\n             <\/li><li><span class=\"fbc-separator\">\/<\/span><\/li><li class=\"active\" itemprop=\"itemListElement\" itemscope itemtype=\"https:\/\/schema.org\/ListItem\"><span itemprop=\"name\" title=\"Nouveau message\">Nouveau message<\/span><meta itemprop=\"position\" content=\"2\" \/><\/li>\t\t\t\t\t<\/ol>\r\n\t\t\t\t\t<div class=\"clearfix\"><\/div>\r\n\t\t\t\t<\/div>\r\n\t\t\t<\/div>\r\n\t\t\t\n<h1>\n\t\t\tNouveau message\t<\/h1>\n\t<p>Ci-dessous vous pouvez lire la capture d'\u00e9cran\u00a0<em>Nouveau message<\/em>. Chaque domaine est expliqu\u00e9 et des liens approfondis sont disponibles pour certaines descriptions.<\/p>\n<h2>\n\t\t\tCr\u00e9er un nouveau message\t<\/h2>\n\t<p>Commen\u00e7ons par regarder la nouvelle capture d'\u00e9cran de l'envoi de messages. Vous trouverez ci-dessous la capture d'\u00e9cran compl\u00e8te de\u00a0<em>Nouveau message.\u00a0<\/em>L'explication suivante se r\u00e9f\u00e8re \u00e0 cet \u00e9cran et aux diff\u00e9rents \u00e9l\u00e9ments qu'il contient.<\/p>\n<figure itemscope itemtype=\"https:\/\/schema.org\/ImageObject\">\n\t\t\t\t<img decoding=\"async\" src=\"https:\/\/suresms.com\/wp-content\/uploads\/2024\/07\/Ny-besked-skaermbillede-1.png\" alt=\"Capture d&#039;\u00e9cran du nouveau message\" height=\"2152\" width=\"2277\" title=\"Capture d&#039;\u00e9cran du nouveau message\" onerror=\"this.style.display='none'\" loading=\"lazy\" \/>\n\t<\/figure>\n\t<p><strong><em>Code du pays :\u00a0<\/em><\/strong>S\u00e9lectionnez le code pays du destinataire. Si vous effectuez une s\u00e9lection dans les groupes du carnet d'adresses, ce champ n'est pas utilis\u00e9 car chaque contact du carnet d'adresses a son propre code pays. Si vous souhaitez simplement saisir un num\u00e9ro dans le champ du destinataire, le code pays doit \u00eatre correct. Le syst\u00e8me se souvient de temps en temps du code du pays.<\/p>\n<p><strong><em>Num\u00e9ro de t\u00e9l\u00e9phone<\/em><\/strong>: Entrez ici le num\u00e9ro de t\u00e9l\u00e9phone. Sans espace, ni trait d'union, ni rien d'autre. Vous pouvez \u00e9galement le coller. Par exemple, vous pouvez s\u00e9lectionner plusieurs num\u00e9ros dans Excel et les placer tous dans ce champ.<\/p>\n<p><strong><em>Message :\u00a0<\/em><\/strong>C'est ici que vous \u00e9crivez le message lui-m\u00eame. Sous le message, vous pouvez voir le nombre de caract\u00e8res que vous avez tap\u00e9s, le nombre de SMS qu'il produira et le co\u00fbt d'envoi du message.<\/p>\n<h2>\n\t\t\tUtiliser des mod\u00e8les\t<\/h2>\n\t<p>Il est possible de cr\u00e9er des mod\u00e8les dans le syst\u00e8me. Les mod\u00e8les sont des messages standard qui sont stock\u00e9s dans le syst\u00e8me et qui peuvent \u00eatre s\u00e9lectionn\u00e9s lors de l'envoi d'un message. Par exemple, il peut s'agir de \"N'oubliez pas votre rendez-vous de demain\". Il vous suffit alors de s\u00e9lectionner le bon mod\u00e8le et d'appuyer sur \"Envoyer\".<\/p>\n\t<p>Connectez-vous \u00e0 votre compte SureSMS ici : <a href=\"https:\/\/app.suresms.com\" target=\"_blank\" rel=\"noopener\">https:\/\/app.suresms.com<\/a><\/p>\n<p>Dans le menu, s\u00e9lectionnez <em>Nouveau message\u00a0<\/em><\/p>\n<p>Cliquez sur l'ic\u00f4ne <em>Choix<\/em> \u00e0 droite au-dessus du champ de message lui-m\u00eame<\/p>\n<p>Cliquez sur l'ic\u00f4ne <em>G\u00e9rer les mod\u00e8les<\/em><\/p>\n<p>Vous pouvez maintenant cr\u00e9er, modifier et supprimer les mod\u00e8les.<\/p>\n<p>Lorsque vous devez utiliser un mod\u00e8le, proc\u00e9dez de la m\u00eame mani\u00e8re, mais s\u00e9lectionnez <em>Utiliser le mod\u00e8le<\/em> dans le menu. S\u00e9lectionnez ensuite le mod\u00e8le que vous souhaitez utiliser et cliquez sur ok.<\/p>\n\t\t\t\t\t<video src=\"https:\/\/suresms.com\/wp-content\/uploads\/2024\/10\/Dokumentation-Skabeloner-i-beskeder.mp4\" alt=\"hosted-video-thumbnail\"><\/video>\n\t\t<h2>\n\t\t\tFusionner les informations dans le message\t<\/h2>\n\t<p>Connectez-vous \u00e0 votre compte SureSMS ici : <a href=\"https:\/\/app.suresms.com\" target=\"_blank\" rel=\"noopener\">https:\/\/app.suresms.com<\/a><\/p>\n<p>Dans le menu, s\u00e9lectionnez <em>Nouveau message\u00a0<\/em><\/p>\n<p>Cliquez sur l'ic\u00f4ne <em>Choix<\/em> \u00e0 droite au-dessus du champ de message lui-m\u00eame<\/p>\n<p>Cliquez sur l'ic\u00f4ne <em>G\u00e9rer les mod\u00e8les<\/em><\/p>\n<p>Vous pouvez maintenant cr\u00e9er, modifier et supprimer les mod\u00e8les.<\/p>\n<p>Lorsque vous devez utiliser un mod\u00e8le, proc\u00e9dez de la m\u00eame mani\u00e8re, mais s\u00e9lectionnez <em>Utiliser le mod\u00e8le<\/em> dans le menu. S\u00e9lectionnez ensuite le mod\u00e8le que vous souhaitez utiliser et cliquez sur ok.<\/p>\n\t\t\t\t\t<video src=\"https:\/\/suresms.com\/wp-content\/uploads\/2024\/10\/Dokumentation-Skabeloner-i-beskeder.mp4\" alt=\"hosted-video-thumbnail\"><\/video>\n\t\t<h2>\n\t\t\tAjouter des liens aux messages\t<\/h2>\n\t<p>Il est possible d'ajouter des liens \u00e0 vos messages. Vous pouvez ajouter diff\u00e9rents types de liens :<\/p>\n<p>1. des liens r\u00e9guliers vers des sites web, mais o\u00f9 vous pouvez mesurer le nombre de personnes qui cliquent sur le lien.<\/p>\n<p>2. Lien vers des fichiers tels que des fichiers PDF<\/p>\n<p>3. Liens MobilePay pour le paiement direct dans le message SMS<\/p>\n<p>Dans cette vid\u00e9o, vous pouvez voir comment ajouter les diff\u00e9rents types de liens.<\/p>\n\t\t\t\t\t<video src=\"https:\/\/suresms.com\/wp-content\/uploads\/2026\/02\/Dokumentation-Ny-besked-Tilfoejelse-af-Links-i-beskeder.mp4\" alt=\"hosted-video-thumbnail\"><\/video>\n\t\t<h2>\n\t\t\tCr\u00e9er un num\u00e9ro de t\u00e9l\u00e9phone entrant\t<\/h2>\n\t<p>Si vous souhaitez recevoir des SMS de r\u00e9ponse directement sur la plateforme SureSMS ou sur un e-mail, vous avez besoin d'une solution SMS bidirectionnelle. La partie la plus importante de cette solution est que vous devez avoir un num\u00e9ro de t\u00e9l\u00e9phone avec SureSMS sur lequel vous pouvez recevoir des messages SMS. Cela co\u00fbte 99,- DKK par mois. Il n'y a pas d'annulation sur un num\u00e9ro.<\/p>\n\t<p>Connectez-vous \u00e0 votre compte SureSMS ici : <a href=\"https:\/\/app.suresms.com\" target=\"_blank\" rel=\"noopener\">https:\/\/app.suresms.com<\/a><\/p>\n<p>Assurez-vous d'avoir plus de 99,- sur votre compte, sinon passez au paiement en ligne.<\/p>\n<p>Dans le menu, s\u00e9lectionnez <em>Param\u00e8tres -&gt; Nom de l'exp\u00e9diteur<\/em> et ensuite\u00a0<em>Choix\u00a0<\/em>dans le coin sup\u00e9rieur droit.<\/p>\n<p>S\u00e9lectionner <em>Num\u00e9ro du SMS entrant <\/em>dans le sous-menu<\/p>\n<p>S\u00e9lectionnez le num\u00e9ro entrant souhait\u00e9 dans la liste des num\u00e9ros disponibles<\/p>\n<p>Cliquez sur l'ic\u00f4ne <em>Commande<\/em><\/p>\n<p>Votre num\u00e9ro entrant est imm\u00e9diatement actif.<\/p>\n\t\t\t\t\t<video src=\"https:\/\/suresms.com\/wp-content\/uploads\/2024\/07\/Dokumentation-Bestil-indgaaende-SMS-nummer.mp4\" alt=\"hosted-video-thumbnail\"><\/video>\n\t\t\t\t\t\t\t\t\t\tSi vous souhaitez recevoir les SMS entrants par courrier \u00e9lectronique \n\t\t\t\t\t<p>Cliquez sur l'ic\u00f4ne\u00a0<em>Param\u00e8tres et pr\u00e9f\u00e9rences<\/em> dans le menu<\/p>\n<p>Cliquez sur l'ic\u00f4ne\u00a0<em>Compte<\/em><\/p>\n<p>Cliquez sur l'ic\u00f4ne <em>Param\u00e8tres du compte<\/em><\/p>\n<p>Cliquez sur \"modifier\"<\/p>\n<p>Cocher la case\u00a0<em>Envoi de SMS entrants sous forme de courrier \u00e9lectronique<\/em><\/p>\n<p>Assurez-vous que l'adresse \u00e9lectronique est correcte<\/p>\n<p>Cliquez sur l'ic\u00f4ne <em>Pierre pr\u00e9cieuse<\/em><\/p>\n<h2>\n\t\t\tSupprimer un num\u00e9ro de t\u00e9l\u00e9phone entrant\t<\/h2>\n\t<p>Si vous n'avez plus besoin d'un num\u00e9ro de SMS entrant, il est pr\u00e9f\u00e9rable de le supprimer. Vous \u00e9viterez ainsi que vos destinataires ne vous envoient des messages par erreur et vous \u00e9conomiserez de l'argent. Lisez ci-dessous comment supprimer un num\u00e9ro de SMS entrant.<\/p>\n\t<p>Connectez-vous \u00e0 votre compte SureSMS ici : <a href=\"https:\/\/app.suresms.com\" target=\"_blank\" rel=\"noopener\">https:\/\/app.suresms.com<\/a><\/p>\n<p>Assurez-vous d'avoir plus de 99,- sur votre compte, sinon passez au paiement en ligne.<\/p>\n<p>Dans le menu, s\u00e9lectionnez <em>Param\u00e8tres -&gt; Nom de l'exp\u00e9diteur<\/em><\/p>\n<p>Cliquez sur l'ic\u00f4ne <em>Supprimer <\/em>en regard du num\u00e9ro ou du nom que vous souhaitez supprimer<\/p>\n<p>Saisissez \u00e0 nouveau le num\u00e9ro ou le nom et cliquez sur <em>OK<\/em><\/p>\n<p>Votre num\u00e9ro sera imm\u00e9diatement supprim\u00e9. La facturation du num\u00e9ro se fait tous les 1er du mois.<\/p>\n<p>Les sommes vers\u00e9es ne vous seront pas rembours\u00e9es.\u00a0<\/p>\n\t\t\t\t\t<video src=\"https:\/\/suresms.com\/wp-content\/uploads\/2024\/07\/Dokumentation-Slet-afsendernavn-og-indgaaende-SMS-nummer.mp4\" alt=\"hosted-video-thumbnail\"><\/video>\n\t\t<h2>\n\t\t\tImporter des messages \u00e0 partir d'un fichier\t<\/h2>\n\t<p>Vous pouvez cr\u00e9er un fichier CSV contenant tous vos messages, l'importer et l'envoyer directement \u00e0 partir de l'onglet Nouveau message. Voici comment proc\u00e9der.<\/p>\n<p>Tout d'abord, cr\u00e9ez un fichier CSV avec les colonnes suivantes<\/p>\nColonne 1 : code pays<br \/>\nColonne 2 : Num\u00e9ro de t\u00e9l\u00e9phone<br \/>\nColonne 3 : Le message \u00e0 envoyer<br \/>\nColonne 4 : heure d'envoi du message (facultatif)\n<p>Au-dessus du champ destinataire, cliquez sur <em>Choix<\/em> puis appuyez sur <em>Importer \u00e0 partir d'un fichier.\u00a0<\/em><\/p>\n<p>Faites glisser votre fichier dans le champ de t\u00e9l\u00e9chargement et cliquez sur <em>Importation.<\/em><\/p>\n<p>Examinez les messages \u00e0 envoyer. S'ils sont corrects, cliquez sur Envoyer.<\/p>","protected":false},"excerpt":{"rendered":"<p>Nouveau message Vous trouverez ci-dessous des informations sur l'\u00e9cran Nouveau message. Chaque champ est expliqu\u00e9 et des liens approfondis sont disponibles pour certaines descriptions. Cr\u00e9er un nouveau message Commen\u00e7ons par examiner l'\u00e9cran d'envoi d'un nouveau message. Vous trouverez ci-dessous une capture d'\u00e9cran compl\u00e8te de l'\u00e9cran Nouveau message. Les explications suivantes se r\u00e9f\u00e8rent \u00e0 cette capture d'\u00e9cran et aux diff\u00e9rents ... <a title=\"Nouveau message\" class=\"read-more\" href=\"https:\/\/suresms.com\/fr\/docs\/message\/newmessage\/\" aria-label=\"Plus d&#039;informations sur Ny besked\">En savoir plus<\/a><\/p>","protected":false},"author":1,"featured_media":0,"parent":18168,"menu_order":0,"comment_status":"closed","ping_status":"closed","template":"","meta":{"_fl_builder_enabled":"1","_fl_builder_data":null,"_fl_builder_draft":null,"_fl_builder_data_settings":null,"_fl_builder_css":"","_fl_builder_css_version":"","_fl_builder_js":"","footnotes":""},"categories":[],"tags":[],"class_list":["post-18183","page","type-page","status-publish"],"yoast_head":"<!-- This site is optimized with the Yoast SEO Premium plugin v27.3 (Yoast SEO v27.3) - https:\/\/yoast.com\/product\/yoast-seo-premium-wordpress\/ -->\r\n<title>Ny besked -<\/title>\r\n<meta name=\"robots\" content=\"index, follow, max-snippet:-1, max-image-preview:large, max-video-preview:-1\" \/>\r\n<link rel=\"canonical\" href=\"https:\/\/suresms.com\/fr\/documents\/documents-9\/documents-12\/\" \/>\r\n<meta property=\"og:locale\" content=\"fr_FR\" \/>\r\n<meta property=\"og:type\" content=\"article\" \/>\r\n<meta property=\"og:title\" content=\"Ny besked\" \/>\r\n<meta property=\"og:description\" content=\"Ny besked Herunder kan du l\u00e6se om sk\u00e6rmbilledet\u00a0Ny besked. Hvert felt er forklaret og uddybende link er tilg\u00e6ngelige for nogle beskrivelser. Opret ny besked Lad os starte med at se sk\u00e6rmbilledet for afsendelse af ny besked. Herunder kan du se det fulde sk\u00e6rmbillede af\u00a0Ny besked.\u00a0I den efterf\u00f8lgende forklaring refereres til dette sk\u00e6rmbillede og de forskellige ... Lire la suite\" \/>\r\n<meta property=\"og:url\" content=\"https:\/\/suresms.com\/fr\/documents\/documents-9\/documents-12\/\" \/>\r\n<meta property=\"article:publisher\" content=\"https:\/\/www.facebook.com\/p\/SureSMS-100044607956149\/\" \/>\r\n<meta property=\"article:modified_time\" content=\"2026-02-17T05:14:01+00:00\" \/>\r\n<meta property=\"og:image\" content=\"https:\/\/suresms.com\/wp-content\/uploads\/2024\/07\/Ny-besked-skaermbillede-1.png\" \/>\r\n<meta name=\"twitter:card\" content=\"summary_large_image\" \/>\r\n<meta name=\"twitter:label1\" content=\"Dur\u00e9e de lecture estim\u00e9e\" \/>\n\t<meta name=\"twitter:data1\" content=\"3 minutes\" \/>\r\n<script type=\"application\/ld+json\" class=\"yoast-schema-graph\">{\"@context\":\"https:\\\/\\\/schema.org\",\"@graph\":[{\"@type\":\"WebPage\",\"@id\":\"https:\\\/\\\/suresms.com\\\/dk\\\/docs\\\/message\\\/newmessage\\\/\",\"url\":\"https:\\\/\\\/suresms.com\\\/dk\\\/docs\\\/message\\\/newmessage\\\/\",\"name\":\"Ny besked -\",\"isPartOf\":{\"@id\":\"https:\\\/\\\/suresms.com\\\/en\\\/#website\"},\"primaryImageOfPage\":{\"@id\":\"https:\\\/\\\/suresms.com\\\/dk\\\/docs\\\/message\\\/newmessage\\\/#primaryimage\"},\"image\":{\"@id\":\"https:\\\/\\\/suresms.com\\\/dk\\\/docs\\\/message\\\/newmessage\\\/#primaryimage\"},\"thumbnailUrl\":\"https:\\\/\\\/suresms.com\\\/wp-content\\\/uploads\\\/2024\\\/07\\\/Ny-besked-skaermbillede-1.png\",\"datePublished\":\"2024-07-10T16:12:05+00:00\",\"dateModified\":\"2026-02-17T05:14:01+00:00\",\"breadcrumb\":{\"@id\":\"https:\\\/\\\/suresms.com\\\/dk\\\/docs\\\/message\\\/newmessage\\\/#breadcrumb\"},\"inLanguage\":\"fr-FR\",\"potentialAction\":[{\"@type\":\"ReadAction\",\"target\":[\"https:\\\/\\\/suresms.com\\\/dk\\\/docs\\\/message\\\/newmessage\\\/\"]}]},{\"@type\":\"ImageObject\",\"inLanguage\":\"fr-FR\",\"@id\":\"https:\\\/\\\/suresms.com\\\/dk\\\/docs\\\/message\\\/newmessage\\\/#primaryimage\",\"url\":\"https:\\\/\\\/suresms.com\\\/wp-content\\\/uploads\\\/2024\\\/07\\\/Ny-besked-skaermbillede-1.png\",\"contentUrl\":\"https:\\\/\\\/suresms.com\\\/wp-content\\\/uploads\\\/2024\\\/07\\\/Ny-besked-skaermbillede-1.png\"},{\"@type\":\"BreadcrumbList\",\"@id\":\"https:\\\/\\\/suresms.com\\\/dk\\\/docs\\\/message\\\/newmessage\\\/#breadcrumb\",\"itemListElement\":[{\"@type\":\"ListItem\",\"position\":1,\"name\":\"Home\",\"item\":\"https:\\\/\\\/suresms.com\\\/dk\\\/\"},{\"@type\":\"ListItem\",\"position\":2,\"name\":\"Dokumentation\",\"item\":\"https:\\\/\\\/suresms.com\\\/dk\\\/docs\\\/\"},{\"@type\":\"ListItem\",\"position\":3,\"name\":\"Beskeder\",\"item\":\"https:\\\/\\\/suresms.com\\\/dk\\\/docs\\\/message\\\/\"},{\"@type\":\"ListItem\",\"position\":4,\"name\":\"Ny besked\"}]},{\"@type\":\"WebSite\",\"@id\":\"https:\\\/\\\/suresms.com\\\/en\\\/#website\",\"url\":\"https:\\\/\\\/suresms.com\\\/en\\\/\",\"name\":\"SureSMS\",\"description\":\"Professionel SMS Gateway\",\"publisher\":{\"@id\":\"https:\\\/\\\/suresms.com\\\/en\\\/#organization\"},\"potentialAction\":[{\"@type\":\"SearchAction\",\"target\":{\"@type\":\"EntryPoint\",\"urlTemplate\":\"https:\\\/\\\/suresms.com\\\/en\\\/?s={search_term_string}\"},\"query-input\":{\"@type\":\"PropertyValueSpecification\",\"valueRequired\":true,\"valueName\":\"search_term_string\"}}],\"inLanguage\":\"fr-FR\"},{\"@type\":\"Organization\",\"@id\":\"https:\\\/\\\/suresms.com\\\/en\\\/#organization\",\"name\":\"SureSMS\",\"url\":\"https:\\\/\\\/suresms.com\\\/en\\\/\",\"logo\":{\"@type\":\"ImageObject\",\"inLanguage\":\"fr-FR\",\"@id\":\"https:\\\/\\\/suresms.com\\\/en\\\/#\\\/schema\\\/logo\\\/image\\\/\",\"url\":\"https:\\\/\\\/suresms.com\\\/wp-content\\\/uploads\\\/2024\\\/11\\\/suresms-300x65-1.png\",\"contentUrl\":\"https:\\\/\\\/suresms.com\\\/wp-content\\\/uploads\\\/2024\\\/11\\\/suresms-300x65-1.png\",\"width\":300,\"height\":65,\"caption\":\"SureSMS\"},\"image\":{\"@id\":\"https:\\\/\\\/suresms.com\\\/en\\\/#\\\/schema\\\/logo\\\/image\\\/\"},\"sameAs\":[\"https:\\\/\\\/www.facebook.com\\\/p\\\/SureSMS-100044607956149\\\/\"]}]}<\/script>\r\n<!-- \/ Yoast SEO Premium plugin. -->","yoast_head_json":{"title":"Nouveau message","robots":{"index":"index","follow":"follow","max-snippet":"max-snippet:-1","max-image-preview":"max-image-preview:large","max-video-preview":"max-video-preview:-1"},"canonical":"https:\/\/suresms.com\/fr\/documents\/documents-9\/documents-12\/","og_locale":"fr_FR","og_type":"article","og_title":"Ny besked","og_description":"Ny besked Herunder kan du l\u00e6se om sk\u00e6rmbilledet\u00a0Ny besked. Hvert felt er forklaret og uddybende link er tilg\u00e6ngelige for nogle beskrivelser. Opret ny besked Lad os starte med at se sk\u00e6rmbilledet for afsendelse af ny besked. Herunder kan du se det fulde sk\u00e6rmbillede af\u00a0Ny besked.\u00a0I den efterf\u00f8lgende forklaring refereres til dette sk\u00e6rmbillede og de forskellige ... Lire la suite","og_url":"https:\/\/suresms.com\/fr\/documents\/documents-9\/documents-12\/","article_publisher":"https:\/\/www.facebook.com\/p\/SureSMS-100044607956149\/","article_modified_time":"2026-02-17T05:14:01+00:00","og_image":[{"url":"https:\/\/suresms.com\/wp-content\/uploads\/2024\/07\/Ny-besked-skaermbillede-1.png","type":"","width":"","height":""}],"twitter_card":"summary_large_image","twitter_misc":{"Dur\u00e9e de lecture estim\u00e9e":"3 minutes"},"schema":{"@context":"https:\/\/schema.org","@graph":[{"@type":"WebPage","@id":"https:\/\/suresms.com\/dk\/docs\/message\/newmessage\/","url":"https:\/\/suresms.com\/dk\/docs\/message\/newmessage\/","name":"Nouveau message","isPartOf":{"@id":"https:\/\/suresms.com\/en\/#website"},"primaryImageOfPage":{"@id":"https:\/\/suresms.com\/dk\/docs\/message\/newmessage\/#primaryimage"},"image":{"@id":"https:\/\/suresms.com\/dk\/docs\/message\/newmessage\/#primaryimage"},"thumbnailUrl":"https:\/\/suresms.com\/wp-content\/uploads\/2024\/07\/Ny-besked-skaermbillede-1.png","datePublished":"2024-07-10T16:12:05+00:00","dateModified":"2026-02-17T05:14:01+00:00","breadcrumb":{"@id":"https:\/\/suresms.com\/dk\/docs\/message\/newmessage\/#breadcrumb"},"inLanguage":"fr-FR","potentialAction":[{"@type":"ReadAction","target":["https:\/\/suresms.com\/dk\/docs\/message\/newmessage\/"]}]},{"@type":"ImageObject","inLanguage":"fr-FR","@id":"https:\/\/suresms.com\/dk\/docs\/message\/newmessage\/#primaryimage","url":"https:\/\/suresms.com\/wp-content\/uploads\/2024\/07\/Ny-besked-skaermbillede-1.png","contentUrl":"https:\/\/suresms.com\/wp-content\/uploads\/2024\/07\/Ny-besked-skaermbillede-1.png"},{"@type":"BreadcrumbList","@id":"https:\/\/suresms.com\/dk\/docs\/message\/newmessage\/#breadcrumb","itemListElement":[{"@type":"ListItem","position":1,"name":"Home","item":"https:\/\/suresms.com\/dk\/"},{"@type":"ListItem","position":2,"name":"Dokumentation","item":"https:\/\/suresms.com\/dk\/docs\/"},{"@type":"ListItem","position":3,"name":"Beskeder","item":"https:\/\/suresms.com\/dk\/docs\/message\/"},{"@type":"ListItem","position":4,"name":"Ny besked"}]},{"@type":"WebSite","@id":"https:\/\/suresms.com\/en\/#website","url":"https:\/\/suresms.com\/en\/","name":"SureSMS","description":"Passerelle SMS professionnelle","publisher":{"@id":"https:\/\/suresms.com\/en\/#organization"},"potentialAction":[{"@type":"SearchAction","target":{"@type":"EntryPoint","urlTemplate":"https:\/\/suresms.com\/en\/?s={search_term_string}"},"query-input":{"@type":"PropertyValueSpecification","valueRequired":true,"valueName":"search_term_string"}}],"inLanguage":"fr-FR"},{"@type":"Organization","@id":"https:\/\/suresms.com\/en\/#organization","name":"SureSMS","url":"https:\/\/suresms.com\/en\/","logo":{"@type":"ImageObject","inLanguage":"fr-FR","@id":"https:\/\/suresms.com\/en\/#\/schema\/logo\/image\/","url":"https:\/\/suresms.com\/wp-content\/uploads\/2024\/11\/suresms-300x65-1.png","contentUrl":"https:\/\/suresms.com\/wp-content\/uploads\/2024\/11\/suresms-300x65-1.png","width":300,"height":65,"caption":"SureSMS"},"image":{"@id":"https:\/\/suresms.com\/en\/#\/schema\/logo\/image\/"},"sameAs":["https:\/\/www.facebook.com\/p\/SureSMS-100044607956149\/"]}]}},"_links":{"self":[{"href":"https:\/\/suresms.com\/fr\/wp-json\/wp\/v2\/pages\/18183","targetHints":{"allow":["GET"]}}],"collection":[{"href":"https:\/\/suresms.com\/fr\/wp-json\/wp\/v2\/pages"}],"about":[{"href":"https:\/\/suresms.com\/fr\/wp-json\/wp\/v2\/types\/page"}],"author":[{"embeddable":true,"href":"https:\/\/suresms.com\/fr\/wp-json\/wp\/v2\/users\/1"}],"replies":[{"embeddable":true,"href":"https:\/\/suresms.com\/fr\/wp-json\/wp\/v2\/comments?post=18183"}],"version-history":[{"count":5,"href":"https:\/\/suresms.com\/fr\/wp-json\/wp\/v2\/pages\/18183\/revisions"}],"predecessor-version":[{"id":23828,"href":"https:\/\/suresms.com\/fr\/wp-json\/wp\/v2\/pages\/18183\/revisions\/23828"}],"up":[{"embeddable":true,"href":"https:\/\/suresms.com\/fr\/wp-json\/wp\/v2\/pages\/18168"}],"wp:attachment":[{"href":"https:\/\/suresms.com\/fr\/wp-json\/wp\/v2\/media?parent=18183"}],"wp:term":[{"taxonomy":"category","embeddable":true,"href":"https:\/\/suresms.com\/fr\/wp-json\/wp\/v2\/categories?post=18183"},{"taxonomy":"post_tag","embeddable":true,"href":"https:\/\/suresms.com\/fr\/wp-json\/wp\/v2\/tags?post=18183"}],"curies":[{"name":"wp","href":"https:\/\/api.w.org\/{rel}","templated":true}]}}