{"id":18159,"date":"2024-07-05T10:02:03","date_gmt":"2024-07-05T08:02:03","guid":{"rendered":"https:\/\/www.suresms.com\/dk\/?page_id=18159"},"modified":"2025-07-31T10:42:20","modified_gmt":"2025-07-31T10:42:20","slug":"documents-8","status":"publish","type":"page","link":"https:\/\/suresms.com\/fr\/docs\/account\/sendername\/","title":{"rendered":"Nom de l'exp\u00e9diteur"},"content":{"rendered":"<!-- Flexy Breadcrumb -->\r\n\t\t\t<div class=\"fbc fbc-page\">\r\n\r\n\t\t\t\t<!-- Breadcrumb wrapper -->\r\n\t\t\t\t<div class=\"fbc-wrap\">\r\n\r\n\t\t\t\t\t<!-- Ordered list-->\r\n\t\t\t\t\t<ol class=\"fbc-items\" itemscope itemtype=\"https:\/\/schema.org\/BreadcrumbList\">\r\n\t\t\t\t\t\t            <li itemprop=\"itemListElement\" itemscope itemtype=\"https:\/\/schema.org\/ListItem\">\r\n                <span itemprop=\"name\">\r\n                    <!-- Home Link -->\r\n                    <a itemprop=\"item\" href=\"https:\/\/suresms.com\/fr\/\">\r\n                    \r\n                                                    <i class=\"fa fa-home\" aria-hidden=\"true\"><\/i>Accueil                    <\/a>\r\n                <\/span>\r\n                <meta itemprop=\"position\" content=\"1\" \/><!-- Meta Position-->\r\n             <\/li><li><span class=\"fbc-separator\">\/<\/span><\/li><li class=\"active\" itemprop=\"itemListElement\" itemscope itemtype=\"https:\/\/schema.org\/ListItem\"><span itemprop=\"name\" title=\"Nom de l&#039;exp\u00e9diteur\">Nom de l'exp\u00e9diteur<\/span><meta itemprop=\"position\" content=\"2\" \/><\/li>\t\t\t\t\t<\/ol>\r\n\t\t\t\t\t<div class=\"clearfix\"><\/div>\r\n\t\t\t\t<\/div>\r\n\t\t\t<\/div>\r\n\t\t\t\n<h1>\n\t\t\tNom de l'exp\u00e9diteur et num\u00e9ro de t\u00e9l\u00e9phone entrant\t<\/h1>\n\t<p>Vous pouvez commander un num\u00e9ro de t\u00e9l\u00e9phone diff\u00e9rent comme nom d'exp\u00e9diteur ou un texte comme nom d'exp\u00e9diteur. Il est \u00e9galement possible de commander un num\u00e9ro de t\u00e9l\u00e9phone entrant. Lisez ci-dessous pour savoir comment proc\u00e9der.<\/p>\n<h2>\n\t\t\tCr\u00e9er le nom de l'exp\u00e9diteur \t<\/h2>\n\t<p>Vous pouvez choisir d'utiliser un nom d'exp\u00e9diteur lors de l'envoi de votre SMS. Par exemple, SMS-Service ou MyCompany comme exp\u00e9diteur. Dans ce cas, le destinataire ne pourra pas r\u00e9pondre \u00e0 votre SMS. Vous pouvez \u00e9galement choisir d'utiliser un num\u00e9ro de t\u00e9l\u00e9phone. Il peut s'agir du num\u00e9ro de portable de l'association ou du service client\u00e8le de l'entreprise. Dans ce cas, si le num\u00e9ro est un num\u00e9ro de t\u00e9l\u00e9phone mobile, le destinataire pourra r\u00e9pondre \u00e0 votre SMS et la r\u00e9ponse sera envoy\u00e9e \u00e0 ce t\u00e9l\u00e9phone.<\/p>\n\t<p>Connectez-vous \u00e0 votre compte SureSMS ici : <a href=\"https:\/\/app.suresms.com\" target=\"_blank\" rel=\"noopener\">https:\/\/app.suresms.com<\/a><\/p>\n<p>Dans le menu, s\u00e9lectionnez <em>Param\u00e8tres -&gt; Nom de l'exp\u00e9diteur<\/em><\/p>\nDans le menu, vous pouvez maintenant choisir entre<br \/>\n<em>Nouveau nom de l'exp\u00e9diteur<br \/>\n<\/em>Par exemple, si vous souhaitez que l'exp\u00e9diteur soit le nom de votre entreprise ou de votre service.\n<em>Enregistrez votre propre num\u00e9ro<br \/>\n<\/em>Si vous souhaitez avoir la possibilit\u00e9 d'envoyer \u00e0 partir d'un autre num\u00e9ro de t\u00e9l\u00e9phone. Lorsque vous s\u00e9lectionnez cette option, un SMS est envoy\u00e9 au num\u00e9ro et le destinataire doit confirmer que vous pouvez envoyer en son nom avant que le num\u00e9ro ne soit activ\u00e9.\n<em>Num\u00e9ro de t\u00e9l\u00e9phone du SMS entrant<br \/>\n<\/em>Si vous souhaitez recevoir des SMS sur la plateforme SureSMS, s\u00e9lectionnez cette option. Un num\u00e9ro entrant co\u00fbte 99,- par mois.\n<p>Cliquez sur l'ic\u00f4ne <em>Commande<\/em><\/p>\n\t\t\t\t\t<video src=\"https:\/\/suresms.com\/wp-content\/uploads\/2025\/07\/OK-Dokumentation-Opret-nyt-afsendernavn.mp4\" alt=\"hosted-video-thumbnail\"><\/video>\n\t\t<h2>\n\t\t\tSupprimer le nom de l'exp\u00e9diteur\t<\/h2>\n\t<p>Connectez-vous \u00e0 votre compte SureSMS ici : <a href=\"https:\/\/app.suresms.com\" target=\"_blank\" rel=\"noopener\">https:\/\/app.suresms.com<\/a><\/p>\n<p>Dans le menu, s\u00e9lectionnez <em>Param\u00e8tres -&gt; Nom de l'exp\u00e9diteur<\/em><\/p>\n<p>Recherchez le nom de l'exp\u00e9diteur que vous souhaitez supprimer.<\/p>\n<p>Cliquez sur la corbeille \u00e0 c\u00f4t\u00e9 du nom.<\/p>\n<p>Saisissez \u00e0 nouveau le nom de l'exp\u00e9diteur dans le champ et cliquez sur Supprimer.<\/p>\n\t\t\t\t\t<video src=\"https:\/\/suresms.com\/wp-content\/uploads\/2025\/07\/OK-Dokumentation-Slet-afsendernavn.mp4\" alt=\"hosted-video-thumbnail\"><\/video>\n\t\t<h2>\n\t\t\tCr\u00e9er un num\u00e9ro de t\u00e9l\u00e9phone entrant\t<\/h2>\n\t<p>Si vous souhaitez recevoir des SMS de r\u00e9ponse directement sur la plateforme SureSMS ou sur un e-mail, vous avez besoin d'une solution SMS bidirectionnelle. La partie la plus importante de cette solution est que vous devez avoir un num\u00e9ro de t\u00e9l\u00e9phone avec SureSMS sur lequel vous pouvez recevoir des messages SMS. Cela co\u00fbte 99,- DKK par mois. Il n'y a pas d'annulation sur un num\u00e9ro.<\/p>\n\t<p>Connectez-vous \u00e0 votre compte SureSMS ici : <a href=\"https:\/\/app.suresms.com\" target=\"_blank\" rel=\"noopener\">https:\/\/app.suresms.com<\/a><\/p>\n<p>Assurez-vous d'avoir plus de 99,- sur votre compte, sinon passez au paiement en ligne.<\/p>\n<p>Dans le menu, s\u00e9lectionnez <em>Param\u00e8tres -&gt; Nom de l'exp\u00e9diteur<\/em> et ensuite\u00a0<em>Choix\u00a0<\/em>dans le coin sup\u00e9rieur droit.<\/p>\n<p>S\u00e9lectionner <em>Num\u00e9ro du SMS entrant <\/em>dans le sous-menu<\/p>\n<p>S\u00e9lectionnez le num\u00e9ro entrant souhait\u00e9 dans la liste des num\u00e9ros disponibles<\/p>\n<p>Cliquez sur l'ic\u00f4ne <em>Commande<\/em><\/p>\n<p>Votre num\u00e9ro entrant est imm\u00e9diatement actif.<\/p>\n\t\t\t\t\t\t\t\t\t\tSi vous souhaitez recevoir les SMS entrants par courrier \u00e9lectronique \n\t\t\t\t\t<p>Cliquez sur l'ic\u00f4ne\u00a0<em>Param\u00e8tres et pr\u00e9f\u00e9rences<\/em> dans le menu<\/p>\n<p>Cliquez sur l'ic\u00f4ne\u00a0<em>Compte<\/em><\/p>\n<p>Cliquez sur l'ic\u00f4ne <em>Param\u00e8tres du compte<\/em><\/p>\n<p>Cliquez sur \"modifier\"<\/p>\n<p>Cocher la case\u00a0<em>Envoi de SMS entrants sous forme de courrier \u00e9lectronique<\/em><\/p>\n<p>Assurez-vous que l'adresse \u00e9lectronique est correcte<\/p>\n<p>Cliquez sur l'ic\u00f4ne <em>Pierre pr\u00e9cieuse<\/em><\/p>\n\t\t\t\t\t<video src=\"https:\/\/suresms.com\/wp-content\/uploads\/2024\/07\/Dokumentation-Bestil-indgaaende-SMS-nummer.mp4\" alt=\"hosted-video-thumbnail\"><\/video>\n\t\t<h2>\n\t\t\tSupprimer un num\u00e9ro de t\u00e9l\u00e9phone entrant\t<\/h2>\n\t<p>Si vous n'avez plus besoin d'un num\u00e9ro de SMS entrant, il est pr\u00e9f\u00e9rable de le supprimer. Vous \u00e9viterez ainsi que vos destinataires ne vous envoient des messages par erreur et vous \u00e9conomiserez de l'argent. Lisez ci-dessous comment supprimer un num\u00e9ro de SMS entrant.<\/p>\n\t<p>Connectez-vous \u00e0 votre compte SureSMS ici : <a href=\"https:\/\/app.suresms.com\" target=\"_blank\" rel=\"noopener\">https:\/\/app.suresms.com<\/a><\/p>\n<p>Assurez-vous d'avoir plus de 99,- sur votre compte, sinon passez au paiement en ligne.<\/p>\n<p>Dans le menu, s\u00e9lectionnez <em>Param\u00e8tres -&gt; Nom de l'exp\u00e9diteur<\/em><\/p>\n<p>Cliquez sur l'ic\u00f4ne <em>Supprimer <\/em>en regard du num\u00e9ro ou du nom que vous souhaitez supprimer<\/p>\n<p>Saisissez \u00e0 nouveau le num\u00e9ro ou le nom et cliquez sur <em>OK<\/em><\/p>\n<p>Votre num\u00e9ro sera imm\u00e9diatement supprim\u00e9. La facturation du num\u00e9ro se fait tous les 1er du mois.<\/p>\n<p>Les sommes vers\u00e9es ne vous seront pas rembours\u00e9es.\u00a0<\/p>\n\t\t\t\t\t<video src=\"https:\/\/suresms.com\/wp-content\/uploads\/2024\/07\/Dokumentation-Slet-afsendernavn-og-indgaaende-SMS-nummer.mp4\" alt=\"hosted-video-thumbnail\"><\/video>","protected":false},"excerpt":{"rendered":"<p>Nom de l'exp\u00e9diteur et num\u00e9ro de t\u00e9l\u00e9phone entrant Vous pouvez commander un autre num\u00e9ro de t\u00e9l\u00e9phone comme nom de l'exp\u00e9diteur ou un texte comme nom de l'exp\u00e9diteur. Il est \u00e9galement possible de commander un num\u00e9ro de t\u00e9l\u00e9phone entrant. Lisez ci-dessous pour savoir comment proc\u00e9der. Cr\u00e9er un nom d'exp\u00e9diteur Vous pouvez choisir d'utiliser un nom d'exp\u00e9diteur lors de l'envoi de votre SMS. Par exemple, SMS-Service ou MyCompany comme exp\u00e9diteur. Dans ce cas, ... <a title=\"Nom de l&#039;exp\u00e9diteur\" class=\"read-more\" href=\"https:\/\/suresms.com\/fr\/docs\/account\/sendername\/\" aria-label=\"Plus d&#039;informations sur Afsendernavn\">En savoir plus<\/a><\/p>","protected":false},"author":1,"featured_media":0,"parent":18156,"menu_order":0,"comment_status":"closed","ping_status":"closed","template":"","meta":{"_fl_builder_enabled":"1","_fl_builder_data":null,"_fl_builder_draft":null,"_fl_builder_data_settings":null,"_fl_builder_css":"","_fl_builder_css_version":"","_fl_builder_js":"","footnotes":""},"categories":[],"tags":[],"class_list":["post-18159","page","type-page","status-publish"],"yoast_head":"<!-- This site is optimized with the Yoast SEO Premium plugin v27.3 (Yoast SEO v27.3) - https:\/\/yoast.com\/product\/yoast-seo-premium-wordpress\/ -->\r\n<title>Afsendernavn -<\/title>\r\n<meta name=\"robots\" content=\"index, follow, max-snippet:-1, max-image-preview:large, max-video-preview:-1\" \/>\r\n<link rel=\"canonical\" href=\"https:\/\/suresms.com\/fr\/documents\/documents-7\/documents-8\/\" \/>\r\n<meta property=\"og:locale\" content=\"fr_FR\" \/>\r\n<meta property=\"og:type\" content=\"article\" \/>\r\n<meta property=\"og:title\" content=\"Afsendernavn\" \/>\r\n<meta property=\"og:description\" content=\"Afsendernavn og indg\u00e5ende telefonnummer Du kan bestille et andet telefonnummer som afsendernavn eller du kan bestille en tekst som afsendernavn. Det er ogs\u00e5 muligt at bestille et indg\u00e5ende telefonnummer. L\u00e6s herunder hvordan. Opret afsendernavn Du kan v\u00e6lge at bruge et afsendernavn n\u00e5r du sender din SMS. F.eks. SMS-Service eller MitFirma som afsender. G\u00f8r du det, ... Lire la suite\" \/>\r\n<meta property=\"og:url\" content=\"https:\/\/suresms.com\/fr\/documents\/documents-7\/documents-8\/\" \/>\r\n<meta property=\"article:publisher\" content=\"https:\/\/www.facebook.com\/p\/SureSMS-100044607956149\/\" \/>\r\n<meta property=\"article:modified_time\" content=\"2025-07-31T10:42:20+00:00\" \/>\r\n<meta name=\"twitter:card\" content=\"summary_large_image\" \/>\r\n<meta name=\"twitter:label1\" content=\"Dur\u00e9e de lecture estim\u00e9e\" \/>\n\t<meta name=\"twitter:data1\" content=\"1 minute\" \/>\r\n<script type=\"application\/ld+json\" class=\"yoast-schema-graph\">{\"@context\":\"https:\\\/\\\/schema.org\",\"@graph\":[{\"@type\":\"WebPage\",\"@id\":\"https:\\\/\\\/suresms.com\\\/dk\\\/docs\\\/account\\\/sendername\\\/\",\"url\":\"https:\\\/\\\/suresms.com\\\/dk\\\/docs\\\/account\\\/sendername\\\/\",\"name\":\"Afsendernavn -\",\"isPartOf\":{\"@id\":\"https:\\\/\\\/suresms.com\\\/en\\\/#website\"},\"datePublished\":\"2024-07-05T08:02:03+00:00\",\"dateModified\":\"2025-07-31T10:42:20+00:00\",\"breadcrumb\":{\"@id\":\"https:\\\/\\\/suresms.com\\\/dk\\\/docs\\\/account\\\/sendername\\\/#breadcrumb\"},\"inLanguage\":\"fr-FR\",\"potentialAction\":[{\"@type\":\"ReadAction\",\"target\":[\"https:\\\/\\\/suresms.com\\\/dk\\\/docs\\\/account\\\/sendername\\\/\"]}]},{\"@type\":\"BreadcrumbList\",\"@id\":\"https:\\\/\\\/suresms.com\\\/dk\\\/docs\\\/account\\\/sendername\\\/#breadcrumb\",\"itemListElement\":[{\"@type\":\"ListItem\",\"position\":1,\"name\":\"Home\",\"item\":\"https:\\\/\\\/suresms.com\\\/dk\\\/\"},{\"@type\":\"ListItem\",\"position\":2,\"name\":\"Dokumentation\",\"item\":\"https:\\\/\\\/suresms.com\\\/dk\\\/docs\\\/\"},{\"@type\":\"ListItem\",\"position\":3,\"name\":\"Konto\",\"item\":\"https:\\\/\\\/suresms.com\\\/dk\\\/docs\\\/account\\\/\"},{\"@type\":\"ListItem\",\"position\":4,\"name\":\"Afsendernavn\"}]},{\"@type\":\"WebSite\",\"@id\":\"https:\\\/\\\/suresms.com\\\/en\\\/#website\",\"url\":\"https:\\\/\\\/suresms.com\\\/en\\\/\",\"name\":\"SureSMS\",\"description\":\"Professionel SMS Gateway\",\"publisher\":{\"@id\":\"https:\\\/\\\/suresms.com\\\/en\\\/#organization\"},\"potentialAction\":[{\"@type\":\"SearchAction\",\"target\":{\"@type\":\"EntryPoint\",\"urlTemplate\":\"https:\\\/\\\/suresms.com\\\/en\\\/?s={search_term_string}\"},\"query-input\":{\"@type\":\"PropertyValueSpecification\",\"valueRequired\":true,\"valueName\":\"search_term_string\"}}],\"inLanguage\":\"fr-FR\"},{\"@type\":\"Organization\",\"@id\":\"https:\\\/\\\/suresms.com\\\/en\\\/#organization\",\"name\":\"SureSMS\",\"url\":\"https:\\\/\\\/suresms.com\\\/en\\\/\",\"logo\":{\"@type\":\"ImageObject\",\"inLanguage\":\"fr-FR\",\"@id\":\"https:\\\/\\\/suresms.com\\\/en\\\/#\\\/schema\\\/logo\\\/image\\\/\",\"url\":\"https:\\\/\\\/suresms.com\\\/wp-content\\\/uploads\\\/2024\\\/11\\\/suresms-300x65-1.png\",\"contentUrl\":\"https:\\\/\\\/suresms.com\\\/wp-content\\\/uploads\\\/2024\\\/11\\\/suresms-300x65-1.png\",\"width\":300,\"height\":65,\"caption\":\"SureSMS\"},\"image\":{\"@id\":\"https:\\\/\\\/suresms.com\\\/en\\\/#\\\/schema\\\/logo\\\/image\\\/\"},\"sameAs\":[\"https:\\\/\\\/www.facebook.com\\\/p\\\/SureSMS-100044607956149\\\/\"]}]}<\/script>\r\n<!-- \/ Yoast SEO Premium plugin. -->","yoast_head_json":{"title":"Nom de l'exp\u00e9diteur","robots":{"index":"index","follow":"follow","max-snippet":"max-snippet:-1","max-image-preview":"max-image-preview:large","max-video-preview":"max-video-preview:-1"},"canonical":"https:\/\/suresms.com\/fr\/documents\/documents-7\/documents-8\/","og_locale":"fr_FR","og_type":"article","og_title":"Afsendernavn","og_description":"Afsendernavn og indg\u00e5ende telefonnummer Du kan bestille et andet telefonnummer som afsendernavn eller du kan bestille en tekst som afsendernavn. Det er ogs\u00e5 muligt at bestille et indg\u00e5ende telefonnummer. L\u00e6s herunder hvordan. Opret afsendernavn Du kan v\u00e6lge at bruge et afsendernavn n\u00e5r du sender din SMS. F.eks. SMS-Service eller MitFirma som afsender. G\u00f8r du det, ... Lire la suite","og_url":"https:\/\/suresms.com\/fr\/documents\/documents-7\/documents-8\/","article_publisher":"https:\/\/www.facebook.com\/p\/SureSMS-100044607956149\/","article_modified_time":"2025-07-31T10:42:20+00:00","twitter_card":"summary_large_image","twitter_misc":{"Dur\u00e9e de lecture estim\u00e9e":"1 minute"},"schema":{"@context":"https:\/\/schema.org","@graph":[{"@type":"WebPage","@id":"https:\/\/suresms.com\/dk\/docs\/account\/sendername\/","url":"https:\/\/suresms.com\/dk\/docs\/account\/sendername\/","name":"Nom de l'exp\u00e9diteur","isPartOf":{"@id":"https:\/\/suresms.com\/en\/#website"},"datePublished":"2024-07-05T08:02:03+00:00","dateModified":"2025-07-31T10:42:20+00:00","breadcrumb":{"@id":"https:\/\/suresms.com\/dk\/docs\/account\/sendername\/#breadcrumb"},"inLanguage":"fr-FR","potentialAction":[{"@type":"ReadAction","target":["https:\/\/suresms.com\/dk\/docs\/account\/sendername\/"]}]},{"@type":"BreadcrumbList","@id":"https:\/\/suresms.com\/dk\/docs\/account\/sendername\/#breadcrumb","itemListElement":[{"@type":"ListItem","position":1,"name":"Home","item":"https:\/\/suresms.com\/dk\/"},{"@type":"ListItem","position":2,"name":"Dokumentation","item":"https:\/\/suresms.com\/dk\/docs\/"},{"@type":"ListItem","position":3,"name":"Konto","item":"https:\/\/suresms.com\/dk\/docs\/account\/"},{"@type":"ListItem","position":4,"name":"Afsendernavn"}]},{"@type":"WebSite","@id":"https:\/\/suresms.com\/en\/#website","url":"https:\/\/suresms.com\/en\/","name":"SureSMS","description":"Passerelle SMS professionnelle","publisher":{"@id":"https:\/\/suresms.com\/en\/#organization"},"potentialAction":[{"@type":"SearchAction","target":{"@type":"EntryPoint","urlTemplate":"https:\/\/suresms.com\/en\/?s={search_term_string}"},"query-input":{"@type":"PropertyValueSpecification","valueRequired":true,"valueName":"search_term_string"}}],"inLanguage":"fr-FR"},{"@type":"Organization","@id":"https:\/\/suresms.com\/en\/#organization","name":"SureSMS","url":"https:\/\/suresms.com\/en\/","logo":{"@type":"ImageObject","inLanguage":"fr-FR","@id":"https:\/\/suresms.com\/en\/#\/schema\/logo\/image\/","url":"https:\/\/suresms.com\/wp-content\/uploads\/2024\/11\/suresms-300x65-1.png","contentUrl":"https:\/\/suresms.com\/wp-content\/uploads\/2024\/11\/suresms-300x65-1.png","width":300,"height":65,"caption":"SureSMS"},"image":{"@id":"https:\/\/suresms.com\/en\/#\/schema\/logo\/image\/"},"sameAs":["https:\/\/www.facebook.com\/p\/SureSMS-100044607956149\/"]}]}},"_links":{"self":[{"href":"https:\/\/suresms.com\/fr\/wp-json\/wp\/v2\/pages\/18159","targetHints":{"allow":["GET"]}}],"collection":[{"href":"https:\/\/suresms.com\/fr\/wp-json\/wp\/v2\/pages"}],"about":[{"href":"https:\/\/suresms.com\/fr\/wp-json\/wp\/v2\/types\/page"}],"author":[{"embeddable":true,"href":"https:\/\/suresms.com\/fr\/wp-json\/wp\/v2\/users\/1"}],"replies":[{"embeddable":true,"href":"https:\/\/suresms.com\/fr\/wp-json\/wp\/v2\/comments?post=18159"}],"version-history":[{"count":1,"href":"https:\/\/suresms.com\/fr\/wp-json\/wp\/v2\/pages\/18159\/revisions"}],"predecessor-version":[{"id":23457,"href":"https:\/\/suresms.com\/fr\/wp-json\/wp\/v2\/pages\/18159\/revisions\/23457"}],"up":[{"embeddable":true,"href":"https:\/\/suresms.com\/fr\/wp-json\/wp\/v2\/pages\/18156"}],"wp:attachment":[{"href":"https:\/\/suresms.com\/fr\/wp-json\/wp\/v2\/media?parent=18159"}],"wp:term":[{"taxonomy":"category","embeddable":true,"href":"https:\/\/suresms.com\/fr\/wp-json\/wp\/v2\/categories?post=18159"},{"taxonomy":"post_tag","embeddable":true,"href":"https:\/\/suresms.com\/fr\/wp-json\/wp\/v2\/tags?post=18159"}],"curies":[{"name":"wp","href":"https:\/\/api.w.org\/{rel}","templated":true}]}}