{"id":18150,"date":"2024-07-04T16:57:18","date_gmt":"2024-07-04T14:57:18","guid":{"rendered":"https:\/\/www.suresms.com\/dk\/?page_id=18150"},"modified":"2025-01-03T15:26:59","modified_gmt":"2025-01-03T15:26:59","slug":"documents-6","status":"publish","type":"page","link":"https:\/\/suresms.com\/fr\/docs\/finance\/invoice-statement\/invoice\/","title":{"rendered":"Facture"},"content":{"rendered":"<!-- Flexy Breadcrumb -->\r\n\t\t\t<div class=\"fbc fbc-page\">\r\n\r\n\t\t\t\t<!-- Breadcrumb wrapper -->\r\n\t\t\t\t<div class=\"fbc-wrap\">\r\n\r\n\t\t\t\t\t<!-- Ordered list-->\r\n\t\t\t\t\t<ol class=\"fbc-items\" itemscope itemtype=\"https:\/\/schema.org\/BreadcrumbList\">\r\n\t\t\t\t\t\t            <li itemprop=\"itemListElement\" itemscope itemtype=\"https:\/\/schema.org\/ListItem\">\r\n                <span itemprop=\"name\">\r\n                    <!-- Home Link -->\r\n                    <a itemprop=\"item\" href=\"https:\/\/suresms.com\/fr\/\">\r\n                    \r\n                                                    <i class=\"fa fa-home\" aria-hidden=\"true\"><\/i>Accueil                    <\/a>\r\n                <\/span>\r\n                <meta itemprop=\"position\" content=\"1\" \/><!-- Meta Position-->\r\n             <\/li><li><span class=\"fbc-separator\">\/<\/span><\/li><li class=\"active\" itemprop=\"itemListElement\" itemscope itemtype=\"https:\/\/schema.org\/ListItem\"><span itemprop=\"name\" title=\"Facture\">Facture<\/span><meta itemprop=\"position\" content=\"2\" \/><\/li>\t\t\t\t\t<\/ol>\r\n\t\t\t\t\t<div class=\"clearfix\"><\/div>\r\n\t\t\t\t<\/div>\r\n\t\t\t<\/div>\r\n\t\t\t\n<h1>\n\t\tFacture\n\t<\/h1>\n\t<p>D\u00e9couvrez comment r\u00e9cup\u00e9rer vos factures s'il vous en manque pour votre comptabilit\u00e9.<\/p>\n\t<p>Connectez-vous \u00e0 votre compte SureSMS ici : <a href=\"https:\/\/app.suresms.com\" target=\"_blank\" rel=\"noopener\">https:\/\/app.suresms.com<\/a><\/p>\n<p>Dans le menu, s\u00e9lectionnez <em>Financier -&gt; Historique des paiements<\/em><\/p>\n<p>Cochez les factures que vous souhaitez recevoir<\/p>\n<p>Dans le coin sup\u00e9rieur droit, cliquez sur <em>\"Choix\"<\/em><\/p>\n<p>S\u00e9lectionner <em>Envoi de factures par courrier \u00e9lectronique <\/em>Dans le sous-menu<\/p>\n<p>Saisissez l'adresse \u00e9lectronique \u00e0 laquelle vous souhaitez que la d\u00e9claration soit envoy\u00e9e<\/p>\n<p>Cliquer sur OK<\/p>\n\t\t\t\t\t<video src=\"https:\/\/suresms.com\/wp-content\/uploads\/2024\/07\/Dokumentation-Saadan-henter-du-dine-fakturaer.mp4\" alt=\"hosted-video-thumbnail\"><\/video>","protected":false},"excerpt":{"rendered":"<p>Facture Voyez ici comment r\u00e9cup\u00e9rer vos factures s'il vous en manque pour votre comptabilit\u00e9. Connectez-vous \u00e0 votre compte SureSMS ici : https:\/\/app.suresms.com Dans le menu, s\u00e9lectionnez Finances -&gt; Historique des paiements Cochez les factures que vous souhaitez recevoir Dans le coin sup\u00e9rieur droit, cliquez sur \"Options\" S\u00e9lectionnez Envoyer les factures par e-mail Dans le sous-menu, entrez le ... <a title=\"Facture\" class=\"read-more\" href=\"https:\/\/suresms.com\/fr\/docs\/finance\/invoice-statement\/invoice\/\" aria-label=\"En savoir plus sur Faktura\">En savoir plus<\/a><\/p>","protected":false},"author":1,"featured_media":0,"parent":18132,"menu_order":0,"comment_status":"closed","ping_status":"closed","template":"","meta":{"_fl_builder_enabled":"1","_fl_builder_data":null,"_fl_builder_draft":null,"_fl_builder_data_settings":null,"_fl_builder_css":"","_fl_builder_css_version":"","_fl_builder_js":"","footnotes":""},"categories":[],"tags":[],"class_list":["post-18150","page","type-page","status-publish"],"yoast_head":"<!-- This site is optimized with the Yoast SEO Premium plugin v27.3 (Yoast SEO v27.3) - https:\/\/yoast.com\/product\/yoast-seo-premium-wordpress\/ -->\r\n<title>Faktura -<\/title>\r\n<meta name=\"robots\" content=\"index, follow, max-snippet:-1, max-image-preview:large, max-video-preview:-1\" \/>\r\n<link rel=\"canonical\" href=\"https:\/\/suresms.com\/fr\/documents\/documents-3\/documents-4\/documents-6\/\" \/>\r\n<meta property=\"og:locale\" content=\"fr_FR\" \/>\r\n<meta property=\"og:type\" content=\"article\" \/>\r\n<meta property=\"og:title\" content=\"Faktura\" \/>\r\n<meta property=\"og:description\" content=\"Faktura Se her hvordan du hente dine fakturaer, hvis du mangler nogle til din bogf\u00f8ring. Log ind p\u00e5 din SureSMS konto her : https:\/\/app.suresms.com I menuen v\u00e6lger du Financiel -&gt; Betalingshistorik S\u00e6t flueben ved de fakturaer du gerne vil have I \u00f8verste h\u00f8jre hj\u00f8rne klikker du p\u00e5 &#8220;Valg&#8221; V\u00e6lg Email fakturaer I undermenuen Indtast den ... Lire la suite\" \/>\r\n<meta property=\"og:url\" content=\"https:\/\/suresms.com\/fr\/documents\/documents-3\/documents-4\/documents-6\/\" \/>\r\n<meta property=\"article:publisher\" content=\"https:\/\/www.facebook.com\/p\/SureSMS-100044607956149\/\" \/>\r\n<meta property=\"article:modified_time\" content=\"2025-01-03T15:26:59+00:00\" \/>\r\n<meta name=\"twitter:card\" content=\"summary_large_image\" \/>\r\n<meta name=\"twitter:label1\" content=\"Dur\u00e9e de lecture estim\u00e9e\" \/>\n\t<meta name=\"twitter:data1\" content=\"1 minute\" \/>\r\n<script type=\"application\/ld+json\" class=\"yoast-schema-graph\">{\"@context\":\"https:\\\/\\\/schema.org\",\"@graph\":[{\"@type\":\"WebPage\",\"@id\":\"https:\\\/\\\/suresms.com\\\/dk\\\/docs\\\/finance\\\/invoice-statement\\\/invoice\\\/\",\"url\":\"https:\\\/\\\/suresms.com\\\/dk\\\/docs\\\/finance\\\/invoice-statement\\\/invoice\\\/\",\"name\":\"Faktura -\",\"isPartOf\":{\"@id\":\"https:\\\/\\\/suresms.com\\\/en\\\/#website\"},\"datePublished\":\"2024-07-04T14:57:18+00:00\",\"dateModified\":\"2025-01-03T15:26:59+00:00\",\"breadcrumb\":{\"@id\":\"https:\\\/\\\/suresms.com\\\/dk\\\/docs\\\/finance\\\/invoice-statement\\\/invoice\\\/#breadcrumb\"},\"inLanguage\":\"fr-FR\",\"potentialAction\":[{\"@type\":\"ReadAction\",\"target\":[\"https:\\\/\\\/suresms.com\\\/dk\\\/docs\\\/finance\\\/invoice-statement\\\/invoice\\\/\"]}]},{\"@type\":\"BreadcrumbList\",\"@id\":\"https:\\\/\\\/suresms.com\\\/dk\\\/docs\\\/finance\\\/invoice-statement\\\/invoice\\\/#breadcrumb\",\"itemListElement\":[{\"@type\":\"ListItem\",\"position\":1,\"name\":\"Home\",\"item\":\"https:\\\/\\\/suresms.com\\\/dk\\\/\"},{\"@type\":\"ListItem\",\"position\":2,\"name\":\"Dokumentation\",\"item\":\"https:\\\/\\\/suresms.com\\\/dk\\\/docs\\\/\"},{\"@type\":\"ListItem\",\"position\":3,\"name\":\"\u00d8konomi\",\"item\":\"https:\\\/\\\/suresms.com\\\/dk\\\/docs\\\/finance\\\/\"},{\"@type\":\"ListItem\",\"position\":4,\"name\":\"Faktura og kontoudtog\",\"item\":\"https:\\\/\\\/suresms.com\\\/dk\\\/docs\\\/finance\\\/invoice-statement\\\/\"},{\"@type\":\"ListItem\",\"position\":5,\"name\":\"Faktura\"}]},{\"@type\":\"WebSite\",\"@id\":\"https:\\\/\\\/suresms.com\\\/en\\\/#website\",\"url\":\"https:\\\/\\\/suresms.com\\\/en\\\/\",\"name\":\"SureSMS\",\"description\":\"Professionel SMS Gateway\",\"publisher\":{\"@id\":\"https:\\\/\\\/suresms.com\\\/en\\\/#organization\"},\"potentialAction\":[{\"@type\":\"SearchAction\",\"target\":{\"@type\":\"EntryPoint\",\"urlTemplate\":\"https:\\\/\\\/suresms.com\\\/en\\\/?s={search_term_string}\"},\"query-input\":{\"@type\":\"PropertyValueSpecification\",\"valueRequired\":true,\"valueName\":\"search_term_string\"}}],\"inLanguage\":\"fr-FR\"},{\"@type\":\"Organization\",\"@id\":\"https:\\\/\\\/suresms.com\\\/en\\\/#organization\",\"name\":\"SureSMS\",\"url\":\"https:\\\/\\\/suresms.com\\\/en\\\/\",\"logo\":{\"@type\":\"ImageObject\",\"inLanguage\":\"fr-FR\",\"@id\":\"https:\\\/\\\/suresms.com\\\/en\\\/#\\\/schema\\\/logo\\\/image\\\/\",\"url\":\"https:\\\/\\\/suresms.com\\\/wp-content\\\/uploads\\\/2024\\\/11\\\/suresms-300x65-1.png\",\"contentUrl\":\"https:\\\/\\\/suresms.com\\\/wp-content\\\/uploads\\\/2024\\\/11\\\/suresms-300x65-1.png\",\"width\":300,\"height\":65,\"caption\":\"SureSMS\"},\"image\":{\"@id\":\"https:\\\/\\\/suresms.com\\\/en\\\/#\\\/schema\\\/logo\\\/image\\\/\"},\"sameAs\":[\"https:\\\/\\\/www.facebook.com\\\/p\\\/SureSMS-100044607956149\\\/\"]}]}<\/script>\r\n<!-- \/ Yoast SEO Premium plugin. -->","yoast_head_json":{"title":"Facture -","robots":{"index":"index","follow":"follow","max-snippet":"max-snippet:-1","max-image-preview":"max-image-preview:large","max-video-preview":"max-video-preview:-1"},"canonical":"https:\/\/suresms.com\/fr\/documents\/documents-3\/documents-4\/documents-6\/","og_locale":"fr_FR","og_type":"article","og_title":"Faktura","og_description":"Faktura Se her hvordan du hente dine fakturaer, hvis du mangler nogle til din bogf\u00f8ring. Log ind p\u00e5 din SureSMS konto her : https:\/\/app.suresms.com I menuen v\u00e6lger du Financiel -&gt; Betalingshistorik S\u00e6t flueben ved de fakturaer du gerne vil have I \u00f8verste h\u00f8jre hj\u00f8rne klikker du p\u00e5 &#8220;Valg&#8221; V\u00e6lg Email fakturaer I undermenuen Indtast den ... Lire la suite","og_url":"https:\/\/suresms.com\/fr\/documents\/documents-3\/documents-4\/documents-6\/","article_publisher":"https:\/\/www.facebook.com\/p\/SureSMS-100044607956149\/","article_modified_time":"2025-01-03T15:26:59+00:00","twitter_card":"summary_large_image","twitter_misc":{"Dur\u00e9e de lecture estim\u00e9e":"1 minute"},"schema":{"@context":"https:\/\/schema.org","@graph":[{"@type":"WebPage","@id":"https:\/\/suresms.com\/dk\/docs\/finance\/invoice-statement\/invoice\/","url":"https:\/\/suresms.com\/dk\/docs\/finance\/invoice-statement\/invoice\/","name":"Facture -","isPartOf":{"@id":"https:\/\/suresms.com\/en\/#website"},"datePublished":"2024-07-04T14:57:18+00:00","dateModified":"2025-01-03T15:26:59+00:00","breadcrumb":{"@id":"https:\/\/suresms.com\/dk\/docs\/finance\/invoice-statement\/invoice\/#breadcrumb"},"inLanguage":"fr-FR","potentialAction":[{"@type":"ReadAction","target":["https:\/\/suresms.com\/dk\/docs\/finance\/invoice-statement\/invoice\/"]}]},{"@type":"BreadcrumbList","@id":"https:\/\/suresms.com\/dk\/docs\/finance\/invoice-statement\/invoice\/#breadcrumb","itemListElement":[{"@type":"ListItem","position":1,"name":"Home","item":"https:\/\/suresms.com\/dk\/"},{"@type":"ListItem","position":2,"name":"Dokumentation","item":"https:\/\/suresms.com\/dk\/docs\/"},{"@type":"ListItem","position":3,"name":"\u00d8konomi","item":"https:\/\/suresms.com\/dk\/docs\/finance\/"},{"@type":"ListItem","position":4,"name":"Faktura og kontoudtog","item":"https:\/\/suresms.com\/dk\/docs\/finance\/invoice-statement\/"},{"@type":"ListItem","position":5,"name":"Faktura"}]},{"@type":"WebSite","@id":"https:\/\/suresms.com\/en\/#website","url":"https:\/\/suresms.com\/en\/","name":"SureSMS","description":"Passerelle SMS professionnelle","publisher":{"@id":"https:\/\/suresms.com\/en\/#organization"},"potentialAction":[{"@type":"SearchAction","target":{"@type":"EntryPoint","urlTemplate":"https:\/\/suresms.com\/en\/?s={search_term_string}"},"query-input":{"@type":"PropertyValueSpecification","valueRequired":true,"valueName":"search_term_string"}}],"inLanguage":"fr-FR"},{"@type":"Organization","@id":"https:\/\/suresms.com\/en\/#organization","name":"SureSMS","url":"https:\/\/suresms.com\/en\/","logo":{"@type":"ImageObject","inLanguage":"fr-FR","@id":"https:\/\/suresms.com\/en\/#\/schema\/logo\/image\/","url":"https:\/\/suresms.com\/wp-content\/uploads\/2024\/11\/suresms-300x65-1.png","contentUrl":"https:\/\/suresms.com\/wp-content\/uploads\/2024\/11\/suresms-300x65-1.png","width":300,"height":65,"caption":"SureSMS"},"image":{"@id":"https:\/\/suresms.com\/en\/#\/schema\/logo\/image\/"},"sameAs":["https:\/\/www.facebook.com\/p\/SureSMS-100044607956149\/"]}]}},"_links":{"self":[{"href":"https:\/\/suresms.com\/fr\/wp-json\/wp\/v2\/pages\/18150","targetHints":{"allow":["GET"]}}],"collection":[{"href":"https:\/\/suresms.com\/fr\/wp-json\/wp\/v2\/pages"}],"about":[{"href":"https:\/\/suresms.com\/fr\/wp-json\/wp\/v2\/types\/page"}],"author":[{"embeddable":true,"href":"https:\/\/suresms.com\/fr\/wp-json\/wp\/v2\/users\/1"}],"replies":[{"embeddable":true,"href":"https:\/\/suresms.com\/fr\/wp-json\/wp\/v2\/comments?post=18150"}],"version-history":[{"count":1,"href":"https:\/\/suresms.com\/fr\/wp-json\/wp\/v2\/pages\/18150\/revisions"}],"predecessor-version":[{"id":19586,"href":"https:\/\/suresms.com\/fr\/wp-json\/wp\/v2\/pages\/18150\/revisions\/19586"}],"up":[{"embeddable":true,"href":"https:\/\/suresms.com\/fr\/wp-json\/wp\/v2\/pages\/18132"}],"wp:attachment":[{"href":"https:\/\/suresms.com\/fr\/wp-json\/wp\/v2\/media?parent=18150"}],"wp:term":[{"taxonomy":"category","embeddable":true,"href":"https:\/\/suresms.com\/fr\/wp-json\/wp\/v2\/categories?post=18150"},{"taxonomy":"post_tag","embeddable":true,"href":"https:\/\/suresms.com\/fr\/wp-json\/wp\/v2\/tags?post=18150"}],"curies":[{"name":"wp","href":"https:\/\/api.w.org\/{rel}","templated":true}]}}