{"id":18121,"date":"2024-07-04T14:34:42","date_gmt":"2024-07-04T12:34:42","guid":{"rendered":"https:\/\/www.suresms.com\/dk\/?page_id=18121"},"modified":"2025-11-11T10:39:49","modified_gmt":"2025-11-11T10:39:49","slug":"documents","status":"publish","type":"page","link":"https:\/\/suresms.com\/fr\/docs\/","title":{"rendered":"Documentation"},"content":{"rendered":"<h1>\n\t\t\tComment utiliser l'application SureSMS\t<\/h1>\n\t<p>Vous trouverez ci-dessous des descriptions des diff\u00e9rentes fonctions du menu. Vous trouverez \u00e9galement une section avec des guides sur la fa\u00e7on de mettre en place des solutions plus complexes.<\/p>\n\t<a href=\"https:\/\/suresms.com\/fr\/documents\/documents-9\/\" target=\"_self\"  aria-label=\"Aller sur https:\/\/suresms.com\/dk\/docs\/message\/\"><\/a>\n\t\t<h3>Messagerie<\/h3>\t\t\t\n\t\t\t\t<p>Lisez comment envoyer un nouveau message. O\u00f9 vous voyez vos messages envoy\u00e9s et re\u00e7us.\u00a0<\/p>\n\t<a href=\"https:\/\/suresms.com\/fr\/documents\/documents-10\/\" target=\"_self\"  aria-label=\"Aller sur https:\/\/suresms.com\/dk\/docs\/addressbook\/\"><\/a>\n\t\t<h3>Carnet d'adresses<\/h3>\t\t\t\n\t\t\t\t<p>En savoir plus sur les contacts et l'importation de contacts. En savoir plus sur les groupes et sur la fa\u00e7on d'organiser vos contacts en groupes.\u00a0<\/p>\n\t<a href=\"https:\/\/suresms.com\/fr\/documents\/documents-11\/\" target=\"_self\"  aria-label=\"Aller sur https:\/\/suresms.com\/dk\/docs\/report\/\"><\/a>\n\t\t<h3>Rapports<\/h3>\t\t\t\n\t\t\t\t<p>D\u00e9couvrez les rapports que vous pouvez extraire du syst\u00e8me. Exporter des rapports.<\/p>\n\t<a href=\"https:\/\/suresms.com\/fr\/documents\/documents-14\/\" target=\"_self\"  aria-label=\"Aller sur https:\/\/suresms.com\/dk\/docs\/troubleshooting\/\"><\/a>\n\t\t<h3>D\u00e9pannage<\/h3>\t\t\t\n\t\t\t\t<p>Si vous rencontrez des erreurs dans les syst\u00e8mes, voici un certain nombre de guides pour trouver et corriger les erreurs.<\/p>\n\t<a href=\"https:\/\/suresms.com\/fr\/documents\/documents-3\/\" target=\"_self\"  aria-label=\"Aller sur https:\/\/suresms.com\/dk\/docs\/finance\/\"><\/a>\n\t\t<h3>L'\u00e9conomie<\/h3>\t\t\t\n\t\t\t\t<p>Apprenez \u00e0 consulter votre consommation, \u00e0 t\u00e9l\u00e9charger vos factures et \u00e0 commander un extrait de compte.\u00a0<\/p>\n\t\t<h3>Int\u00e9grations<\/h3>\t\t\t\n\t\t\t\t<p>Apprenez \u00e0 mettre en place des int\u00e9grations avec d'autres syst\u00e8mes.\u00a0<\/p>\n\t<a href=\"https:\/\/suresms.com\/fr\/documents\/documents-7\/\" target=\"_self\"  aria-label=\"Aller sur https:\/\/suresms.com\/dk\/docs\/account\/\"><\/a>\n\t\t<h3>Compte<\/h3>\t\t\t\n\t\t\t\t<p>D\u00e9couvrez comment configurer votre compte et quels sont les param\u00e8tres que vous pouvez d\u00e9finir.<\/p>\n<h1>\n\t\t\tGuides d'installation\t<\/h1>\n\t<p>Vous trouverez ci-dessous des instructions sur la fa\u00e7on de configurer SureSMS pour qu'il fasse diff\u00e9rentes choses.<\/p>\n\t<a href=\"https:\/\/suresms.com\/fr\/documents\/guides\/quelques_boites_et_codes\/\" target=\"_self\"  aria-label=\"Aller sur https:\/\/suresms.com\/dk\/docs\/guides\/noglebokse_og_koder\/\"><\/a>\n\t\t<h3>Bo\u00eetes \u00e0 cl\u00e9s et codes<\/h3>\t\t\t\n\t\t\t\t<p>Vous pouvez configurer SureSMS pour qu'il envoie un SMS avec un code \u00e0 une bo\u00eete \u00e0 cl\u00e9s ou \u00e0 un cadenas. Vous pouvez ainsi savoir qui a eu acc\u00e8s et quand.\u00a0<\/p>\n\t<a href=\"https:\/\/suresms.com\/fr\/documents\/guides\/sms-2-sms-setup\/\" target=\"_self\"  aria-label=\"Aller sur https:\/\/suresms.com\/dk\/docs\/guides\/sms-2-sms-opstning\/\"><\/a>\n\t\t<h3>SMS-2-SMS setup<\/h3>\t\t\t\n\t\t\t\t<p>Si vous souhaitez configurer SureSMS de mani\u00e8re \u00e0 pouvoir envoyer un SMS \u00e0 SureSMS qui sera envoy\u00e9 \u00e0 toute une liste de contacts, voici un guide de configuration.\u00a0<\/p>\n\t<a href=\"https:\/\/suresms.com\/fr\/documents\/guides\/obtenez-des-inscriptions-a-votre-liste-de-sms\/\" target=\"_self\"  aria-label=\"Aller sur https:\/\/suresms.com\/dk\/docs\/guides\/faa-tilmeldinger-til-din-sms-liste\/\"><\/a>\n\t\t<h3>Obtenez des inscriptions \u00e0 votre liste de SMS<\/h3>\t\t\t\n\t\t\t\t<p>Description de la mani\u00e8re dont une personne peut s'inscrire elle-m\u00eame \u00e0 votre liste de SMS. En envoyant un SMS, avec un code QR ou en remplissant un formulaire.\u00a0<\/p>","protected":false},"excerpt":{"rendered":"<p>Comment utiliser l'application SureSMS Vous trouverez ci-dessous des descriptions des diff\u00e9rentes fonctions du menu. Vous trouverez \u00e9galement une section contenant des guides sur la mani\u00e8re de mettre en place des solutions plus complexes. Messages Lisez comment envoyer un nouveau message. O\u00f9 vous voyez vos messages envoy\u00e9s et re\u00e7us.  Carnet d'adresses En savoir plus sur les contacts et l'importation ... <a title=\"Documentation\" class=\"read-more\" href=\"https:\/\/suresms.com\/fr\/docs\/\" aria-label=\"Plus d&#039;informations sur Dokumentation\">En savoir plus<\/a><\/p>","protected":false},"author":1,"featured_media":0,"parent":0,"menu_order":0,"comment_status":"closed","ping_status":"closed","template":"","meta":{"_fl_builder_enabled":"1","_fl_builder_data":null,"_fl_builder_draft":null,"_fl_builder_data_settings":null,"_fl_builder_css":"","_fl_builder_css_version":"","_fl_builder_js":"","footnotes":""},"categories":[17],"tags":[],"class_list":{"0":"post-18121","1":"page","2":"type-page","3":"status-publish","5":"category-linkfracornorstone"},"yoast_head":"<!-- This site is optimized with the Yoast SEO Premium plugin v27.3 (Yoast SEO v27.3) - https:\/\/yoast.com\/product\/yoast-seo-premium-wordpress\/ -->\r\n<title>Dokumentation -<\/title>\r\n<meta name=\"robots\" content=\"index, follow, max-snippet:-1, max-image-preview:large, max-video-preview:-1\" \/>\r\n<link rel=\"canonical\" href=\"https:\/\/suresms.com\/fr\/documents\/\" \/>\r\n<meta property=\"og:locale\" content=\"fr_FR\" \/>\r\n<meta property=\"og:type\" content=\"article\" \/>\r\n<meta property=\"og:title\" content=\"Dokumentation\" \/>\r\n<meta property=\"og:description\" content=\"S\u00e5dan bruger du SureSMS applikationen Herunder finder du beskrivelse af de forskellige funktioner i menuen. Du finder ligeledes en sektion med guides der fort\u00e6ller hvordan man laver ops\u00e6tning af mere komplekse l\u00f8sninger. Beskeder L\u00e6s hvordan du sender en ny besked. Hvor du ser dine afsendte og modtaget beskeder.\u00a0 Adressebog L\u00e6s om kontakter og import af ... Lire la suite\" \/>\r\n<meta property=\"og:url\" content=\"https:\/\/suresms.com\/fr\/documents\/\" \/>\r\n<meta property=\"article:publisher\" content=\"https:\/\/www.facebook.com\/p\/SureSMS-100044607956149\/\" \/>\r\n<meta property=\"article:modified_time\" content=\"2025-11-11T10:39:49+00:00\" \/>\r\n<meta name=\"twitter:card\" content=\"summary_large_image\" \/>\r\n<meta name=\"twitter:label1\" content=\"Dur\u00e9e de lecture estim\u00e9e\" \/>\n\t<meta name=\"twitter:data1\" content=\"1 minute\" \/>\r\n<script type=\"application\/ld+json\" class=\"yoast-schema-graph\">{\"@context\":\"https:\\\/\\\/schema.org\",\"@graph\":[{\"@type\":\"WebPage\",\"@id\":\"https:\\\/\\\/suresms.com\\\/dk\\\/docs\\\/\",\"url\":\"https:\\\/\\\/suresms.com\\\/dk\\\/docs\\\/\",\"name\":\"Dokumentation -\",\"isPartOf\":{\"@id\":\"https:\\\/\\\/suresms.com\\\/en\\\/#website\"},\"datePublished\":\"2024-07-04T12:34:42+00:00\",\"dateModified\":\"2025-11-11T10:39:49+00:00\",\"breadcrumb\":{\"@id\":\"https:\\\/\\\/suresms.com\\\/dk\\\/docs\\\/#breadcrumb\"},\"inLanguage\":\"fr-FR\",\"potentialAction\":[{\"@type\":\"ReadAction\",\"target\":[\"https:\\\/\\\/suresms.com\\\/dk\\\/docs\\\/\"]}]},{\"@type\":\"BreadcrumbList\",\"@id\":\"https:\\\/\\\/suresms.com\\\/dk\\\/docs\\\/#breadcrumb\",\"itemListElement\":[{\"@type\":\"ListItem\",\"position\":1,\"name\":\"Home\",\"item\":\"https:\\\/\\\/suresms.com\\\/dk\\\/\"},{\"@type\":\"ListItem\",\"position\":2,\"name\":\"Dokumentation\"}]},{\"@type\":\"WebSite\",\"@id\":\"https:\\\/\\\/suresms.com\\\/en\\\/#website\",\"url\":\"https:\\\/\\\/suresms.com\\\/en\\\/\",\"name\":\"SureSMS\",\"description\":\"Professionel SMS Gateway\",\"publisher\":{\"@id\":\"https:\\\/\\\/suresms.com\\\/en\\\/#organization\"},\"potentialAction\":[{\"@type\":\"SearchAction\",\"target\":{\"@type\":\"EntryPoint\",\"urlTemplate\":\"https:\\\/\\\/suresms.com\\\/en\\\/?s={search_term_string}\"},\"query-input\":{\"@type\":\"PropertyValueSpecification\",\"valueRequired\":true,\"valueName\":\"search_term_string\"}}],\"inLanguage\":\"fr-FR\"},{\"@type\":\"Organization\",\"@id\":\"https:\\\/\\\/suresms.com\\\/en\\\/#organization\",\"name\":\"SureSMS\",\"url\":\"https:\\\/\\\/suresms.com\\\/en\\\/\",\"logo\":{\"@type\":\"ImageObject\",\"inLanguage\":\"fr-FR\",\"@id\":\"https:\\\/\\\/suresms.com\\\/en\\\/#\\\/schema\\\/logo\\\/image\\\/\",\"url\":\"https:\\\/\\\/suresms.com\\\/wp-content\\\/uploads\\\/2024\\\/11\\\/suresms-300x65-1.png\",\"contentUrl\":\"https:\\\/\\\/suresms.com\\\/wp-content\\\/uploads\\\/2024\\\/11\\\/suresms-300x65-1.png\",\"width\":300,\"height\":65,\"caption\":\"SureSMS\"},\"image\":{\"@id\":\"https:\\\/\\\/suresms.com\\\/en\\\/#\\\/schema\\\/logo\\\/image\\\/\"},\"sameAs\":[\"https:\\\/\\\/www.facebook.com\\\/p\\\/SureSMS-100044607956149\\\/\"]}]}<\/script>\r\n<!-- \/ Yoast SEO Premium plugin. -->","yoast_head_json":{"title":"Documentation","robots":{"index":"index","follow":"follow","max-snippet":"max-snippet:-1","max-image-preview":"max-image-preview:large","max-video-preview":"max-video-preview:-1"},"canonical":"https:\/\/suresms.com\/fr\/documents\/","og_locale":"fr_FR","og_type":"article","og_title":"Dokumentation","og_description":"S\u00e5dan bruger du SureSMS applikationen Herunder finder du beskrivelse af de forskellige funktioner i menuen. Du finder ligeledes en sektion med guides der fort\u00e6ller hvordan man laver ops\u00e6tning af mere komplekse l\u00f8sninger. Beskeder L\u00e6s hvordan du sender en ny besked. Hvor du ser dine afsendte og modtaget beskeder.\u00a0 Adressebog L\u00e6s om kontakter og import af ... Lire la suite","og_url":"https:\/\/suresms.com\/fr\/documents\/","article_publisher":"https:\/\/www.facebook.com\/p\/SureSMS-100044607956149\/","article_modified_time":"2025-11-11T10:39:49+00:00","twitter_card":"summary_large_image","twitter_misc":{"Dur\u00e9e de lecture estim\u00e9e":"1 minute"},"schema":{"@context":"https:\/\/schema.org","@graph":[{"@type":"WebPage","@id":"https:\/\/suresms.com\/dk\/docs\/","url":"https:\/\/suresms.com\/dk\/docs\/","name":"Documentation","isPartOf":{"@id":"https:\/\/suresms.com\/en\/#website"},"datePublished":"2024-07-04T12:34:42+00:00","dateModified":"2025-11-11T10:39:49+00:00","breadcrumb":{"@id":"https:\/\/suresms.com\/dk\/docs\/#breadcrumb"},"inLanguage":"fr-FR","potentialAction":[{"@type":"ReadAction","target":["https:\/\/suresms.com\/dk\/docs\/"]}]},{"@type":"BreadcrumbList","@id":"https:\/\/suresms.com\/dk\/docs\/#breadcrumb","itemListElement":[{"@type":"ListItem","position":1,"name":"Home","item":"https:\/\/suresms.com\/dk\/"},{"@type":"ListItem","position":2,"name":"Dokumentation"}]},{"@type":"WebSite","@id":"https:\/\/suresms.com\/en\/#website","url":"https:\/\/suresms.com\/en\/","name":"SureSMS","description":"Passerelle SMS professionnelle","publisher":{"@id":"https:\/\/suresms.com\/en\/#organization"},"potentialAction":[{"@type":"SearchAction","target":{"@type":"EntryPoint","urlTemplate":"https:\/\/suresms.com\/en\/?s={search_term_string}"},"query-input":{"@type":"PropertyValueSpecification","valueRequired":true,"valueName":"search_term_string"}}],"inLanguage":"fr-FR"},{"@type":"Organization","@id":"https:\/\/suresms.com\/en\/#organization","name":"SureSMS","url":"https:\/\/suresms.com\/en\/","logo":{"@type":"ImageObject","inLanguage":"fr-FR","@id":"https:\/\/suresms.com\/en\/#\/schema\/logo\/image\/","url":"https:\/\/suresms.com\/wp-content\/uploads\/2024\/11\/suresms-300x65-1.png","contentUrl":"https:\/\/suresms.com\/wp-content\/uploads\/2024\/11\/suresms-300x65-1.png","width":300,"height":65,"caption":"SureSMS"},"image":{"@id":"https:\/\/suresms.com\/en\/#\/schema\/logo\/image\/"},"sameAs":["https:\/\/www.facebook.com\/p\/SureSMS-100044607956149\/"]}]}},"_links":{"self":[{"href":"https:\/\/suresms.com\/fr\/wp-json\/wp\/v2\/pages\/18121","targetHints":{"allow":["GET"]}}],"collection":[{"href":"https:\/\/suresms.com\/fr\/wp-json\/wp\/v2\/pages"}],"about":[{"href":"https:\/\/suresms.com\/fr\/wp-json\/wp\/v2\/types\/page"}],"author":[{"embeddable":true,"href":"https:\/\/suresms.com\/fr\/wp-json\/wp\/v2\/users\/1"}],"replies":[{"embeddable":true,"href":"https:\/\/suresms.com\/fr\/wp-json\/wp\/v2\/comments?post=18121"}],"version-history":[{"count":9,"href":"https:\/\/suresms.com\/fr\/wp-json\/wp\/v2\/pages\/18121\/revisions"}],"predecessor-version":[{"id":23537,"href":"https:\/\/suresms.com\/fr\/wp-json\/wp\/v2\/pages\/18121\/revisions\/23537"}],"wp:attachment":[{"href":"https:\/\/suresms.com\/fr\/wp-json\/wp\/v2\/media?parent=18121"}],"wp:term":[{"taxonomy":"category","embeddable":true,"href":"https:\/\/suresms.com\/fr\/wp-json\/wp\/v2\/categories?post=18121"},{"taxonomy":"post_tag","embeddable":true,"href":"https:\/\/suresms.com\/fr\/wp-json\/wp\/v2\/tags?post=18121"}],"curies":[{"name":"wp","href":"https:\/\/api.w.org\/{rel}","templated":true}]}}