{"id":17217,"date":"2024-05-18T11:31:03","date_gmt":"2024-05-18T09:31:03","guid":{"rendered":"https:\/\/www.suresms.com\/dk\/?page_id=17217"},"modified":"2024-05-18T11:31:03","modified_gmt":"2024-05-18T09:31:03","slug":"lien-sms-4","status":"publish","type":"page","link":"https:\/\/suresms.com\/fr\/integrationer\/cms-content-management-system-sms-integration\/sms-integration-wordpress-wp-sms\/","title":{"rendered":"Int\u00e9gration de SMS pour WordPress avec WP-SMS"},"content":{"rendered":"<!-- Flexy Breadcrumb -->\r\n\t\t\t<div class=\"fbc fbc-page\">\r\n\r\n\t\t\t\t<!-- Breadcrumb wrapper -->\r\n\t\t\t\t<div class=\"fbc-wrap\">\r\n\r\n\t\t\t\t\t<!-- Ordered list-->\r\n\t\t\t\t\t<ol class=\"fbc-items\" itemscope itemtype=\"https:\/\/schema.org\/BreadcrumbList\">\r\n\t\t\t\t\t\t            <li itemprop=\"itemListElement\" itemscope itemtype=\"https:\/\/schema.org\/ListItem\">\r\n                <span itemprop=\"name\">\r\n                    <!-- Home Link -->\r\n                    <a itemprop=\"item\" href=\"https:\/\/suresms.com\/fr\/\">\r\n                    \r\n                                                    <i class=\"fa fa-home\" aria-hidden=\"true\"><\/i>Accueil                    <\/a>\r\n                <\/span>\r\n                <meta itemprop=\"position\" content=\"1\" \/><!-- Meta Position-->\r\n             <\/li><li><span class=\"fbc-separator\">\/<\/span><\/li><li class=\"active\" itemprop=\"itemListElement\" itemscope itemtype=\"https:\/\/schema.org\/ListItem\"><span itemprop=\"name\" title=\"Int\u00e9gration de SMS pour WordPress avec WP-SMS\">Int\u00e9gration de SMS pour WordPress...<\/span><meta itemprop=\"position\" content=\"2\" \/><\/li>\t\t\t\t\t<\/ol>\r\n\t\t\t\t\t<div class=\"clearfix\"><\/div>\r\n\t\t\t\t<\/div>\r\n\t\t\t<\/div>\r\n\t\t\t\n\t<h1><strong>Int\u00e9gration de SMS pour WordPress avec WP-SMS<\/strong><\/h1>\n\t\t\t\t<img loading=\"lazy\" decoding=\"async\" src=\"https:\/\/www.suresms.com\/dk\/wp-content\/uploads\/2022\/02\/WpSMS-SureSMS-1.png\" alt=\"SMS WordPress avec WP-SMS\" itemprop=\"image\" height=\"460\" width=\"1281\" title=\"WpSMS-SureSMS\" onerror=\"this.style.display='none'\"  \/>\n<h2>\n\t\tQu'est-ce que WP-SMS (et WordPress) ?\n\t<\/h2>\n\t<p>WP-SMS est le premier plugin SMS pour WordPress, et pour une bonne raison. Avec une interface facile \u00e0 utiliser, une gamme de fonctionnalit\u00e9s puissantes et un excellent support, WP-SMS offre tout ce dont vous avez besoin pour rationaliser votre communication par SMS. Et le meilleur dans tout \u00e7a ? La version de base est enti\u00e8rement gratuite ! Pour des fonctionnalit\u00e9s avanc\u00e9es qui vous permettront d'aller plus loin dans votre strat\u00e9gie SMS, vous pouvez passer \u00e0 la version Pro. Essayez WP-SMS d\u00e8s aujourd'hui et d\u00e9couvrez comment nous pouvons am\u00e9liorer la communication de votre entreprise.<\/p>\n\t<p><strong>Sans raccourcisseur d'URL de marque<\/strong><\/p>\n\t\t\t\t<img loading=\"lazy\" decoding=\"async\" src=\"https:\/\/www.suresms.com\/wp-content\/uploads\/2024\/05\/Uden-url-shortner.png\" alt=\"Sans raccourcisseur d&#039;URL\" itemprop=\"image\" height=\"614\" width=\"720\" title=\"Sans raccourcisseur d&#039;url\" onerror=\"this.style.display='none'\"  \/>\n\t<p><strong>Envoi de SMS depuis WP-SMS<\/strong><\/p>\n\t\t\t\t<img loading=\"lazy\" decoding=\"async\" src=\"https:\/\/www.suresms.com\/dk\/wp-content\/uploads\/2022\/02\/Wp_SMS-send.png\" alt=\"Capture d&#039;\u00e9cran\" itemprop=\"image\" height=\"1185\" width=\"1359\" title=\"Envoi de Wp_SMS\" onerror=\"this.style.display='none'\"  \/>\n<h2>\n\t\tWP-SMS et SureSMS\n\t<\/h2>\n\t<p>Le plugin WordPress WP-SMS (<a href=\"https:\/\/wp-sms-pro.com\/\">https:\/\/wp-sms-pro.com\/)<\/a> ne peut pas envoyer de messages SMS lui-m\u00eame. Afin d'envoyer des messages SMS, le plugin doit \u00eatre connect\u00e9 \u00e0 une passerelle SMS telle que SureSMS. WP-SMS utilise les nombreuses possibilit\u00e9s de WordPress et vous permet d'envoyer des messages \u00e0 partir de nombreux endroits et plugins diff\u00e9rents. La passerelle SMS veille \u00e0 ce que le message soit transmis au destinataire.<\/p>\n<p>&nbsp;<\/p>\n<h2>\n\t\tWP-SMS et autres plugins\n\t<\/h2>\n\t<p>L'un des grands avantages de WP-SMS est qu'il peut \u00eatre int\u00e9gr\u00e9 \u00e0 d'autres plugins WordPress. Ci-dessous, vous pouvez voir les diff\u00e9rentes int\u00e9grations.<\/p>\n\t\t\t\t\t<a href=\"javascript:void(0);\" id=\"fl-accordion--label-0\" tabindex=\"0\" aria-controls=\"fl-accordion--panel-0\">WooCommerce<\/a>\n\t\t\t\t\t\t\t\t\t\t\t<a href=\"#\" id=\"fl-accordion--icon-0\" tabindex=\"-1\" aria-controls=\"fl-accordion--panel-0\"><i>\u00c9largir<\/i><\/a>\n\t\t\t\t\t<ul role=\"list\">\n<li>Ajouter le num\u00e9ro de t\u00e9l\u00e9phone sur la page de paiement<\/li>\n<li>OTP (One Time Password) v\u00e9rifier le num\u00e9ro de t\u00e9l\u00e9phone mobile du client<\/li>\n<li>Notifier les nouveaux produits<\/li>\n<li>Informer l'administration des nouvelles commandes<\/li>\n<li>Notifier les clients lorsqu'ils passent leur commande<\/li>\n<li>Informer les clients des modifications apport\u00e9es \u00e0 leur commande<\/li>\n<\/ul>\n\t\t\t\t\t<a href=\"javascript:void(0);\" id=\"fl-accordion--label-1\" tabindex=\"0\" aria-controls=\"fl-accordion--panel-1\">BuddyPress<\/a>\n\t\t\t\t\t\t\t\t\t\t\t<a href=\"#\" id=\"fl-accordion--icon-1\" tabindex=\"-1\" aria-controls=\"fl-accordion--panel-1\"><i>\u00c9largir<\/i><\/a>\n\t\t\t\t\t<ul>\n<li>Ajouter\/utiliser le champ du num\u00e9ro de t\u00e9l\u00e9phone existant dans.<\/li>\n<li>Envoyer des SMS aux utilisateurs lorsque quelqu'un les mentionne dans des messages<\/li>\n<li>Envoyer des SMS aux utilisateurs lorsqu'ils re\u00e7oivent une r\u00e9ponse \u00e0 une activit\u00e9 ou \u00e0 un commentaire<\/li>\n<li>Envoyer un SMS de bienvenue aux nouveaux utilisateurs<\/li>\n<li>Notifications priv\u00e9es par SMS<\/li>\n<\/ul>\n\t\t\t\t\t<a href=\"javascript:void(0);\" id=\"fl-accordion--label-2\" tabindex=\"0\" aria-controls=\"fl-accordion--panel-2\">GravityForms<\/a>\n\t\t\t\t\t\t\t\t\t\t\t<a href=\"#\" id=\"fl-accordion--icon-2\" tabindex=\"-1\" aria-controls=\"fl-accordion--panel-2\"><i>\u00c9largir<\/i><\/a>\n\t\t\t\t\t<ul>\n<li>Envoyer un SMS \u00e0 l'administrateur lorsque quelqu'un remplit un formulaire<\/li>\n<li>Envoyer un SMS \u00e0 la valeur d'un champ lorsque quelqu'un remplit un formulaire<br \/>\n(Par exemple, vous pouvez demander un num\u00e9ro de t\u00e9l\u00e9phone et envoyer un SMS lorsqu'ils approuvent le formulaire).<\/li>\n<\/ul>\n\t\t\t\t\t<a href=\"javascript:void(0);\" id=\"fl-accordion--label-3\" tabindex=\"0\" aria-controls=\"fl-accordion--panel-3\">Formulaire de contact 7<\/a>\n\t\t\t\t\t\t\t\t\t\t\t<a href=\"#\" id=\"fl-accordion--icon-3\" tabindex=\"-1\" aria-controls=\"fl-accordion--panel-3\"><i>\u00c9largir<\/i><\/a>\n\t\t\t\t\t<ul>\n<li>Envoyer un SMS \u00e0 l'administrateur lorsque quelqu'un remplit un formulaire<\/li>\n<li>Envoyer un SMS \u00e0 la valeur d'un champ lorsque quelqu'un remplit un formulaire<br \/>\n(Par exemple, vous pouvez demander un num\u00e9ro de t\u00e9l\u00e9phone et envoyer un SMS lorsqu'ils approuvent le formulaire).<\/li>\n<\/ul>\n\t\t\t\t\t<a href=\"javascript:void(0);\" id=\"fl-accordion--label-4\" tabindex=\"0\" aria-controls=\"fl-accordion--panel-4\">BookingPress<\/a>\n\t\t\t\t\t\t\t\t\t\t\t<a href=\"#\" id=\"fl-accordion--icon-4\" tabindex=\"-1\" aria-controls=\"fl-accordion--panel-4\"><i>\u00c9largir<\/i><\/a>\n\t\t\t\t\t<ul data-sourcepos=\"5:1-11:0\">\n<li data-sourcepos=\"5:1-5:18\">Nouvelles nominations<\/li>\n<li data-sourcepos=\"6:1-6:23\">Nominations approuv\u00e9es<\/li>\n<li data-sourcepos=\"7:1-7:23\">Rendez-vous annul\u00e9s<\/li>\n<li data-sourcepos=\"8:1-8:26\">Rendez-vous report\u00e9s<\/li>\n<li data-sourcepos=\"9:1-9:23\">Prochains rendez-vous<\/li>\n<li data-sourcepos=\"10:1-11:0\">Rendez-vous manqu\u00e9s<\/li>\n<\/ul>\n\t\t\t\t\t<a href=\"javascript:void(0);\" id=\"fl-accordion--label-5\" tabindex=\"0\" aria-controls=\"fl-accordion--panel-5\">WooCommerce Appointments<\/a>\n\t\t\t\t\t\t\t\t\t\t\t<a href=\"#\" id=\"fl-accordion--icon-5\" tabindex=\"-1\" aria-controls=\"fl-accordion--panel-5\"><i>\u00c9largir<\/i><\/a>\n\t\t\t\t\t<ul data-sourcepos=\"5:1-11:0\">\n<li data-sourcepos=\"5:1-5:18\">Nouvelles nominations<\/li>\n<li data-sourcepos=\"6:1-6:23\">Nominations approuv\u00e9es<\/li>\n<li data-sourcepos=\"7:1-7:23\">Rendez-vous annul\u00e9s<\/li>\n<li data-sourcepos=\"8:1-8:26\">Rendez-vous report\u00e9s<\/li>\n<li data-sourcepos=\"9:1-9:23\">Prochains rendez-vous<\/li>\n<li data-sourcepos=\"10:1-11:0\">Rendez-vous manqu\u00e9s<\/li>\n<\/ul>\n\t\t\t\t\t<a href=\"javascript:void(0);\" id=\"fl-accordion--label-6\" tabindex=\"0\" aria-controls=\"fl-accordion--panel-6\">Calendrier de r\u00e9servation<\/a>\n\t\t\t\t\t\t\t\t\t\t\t<a href=\"#\" id=\"fl-accordion--icon-6\" tabindex=\"-1\" aria-controls=\"fl-accordion--panel-6\"><i>\u00c9largir<\/i><\/a>\n\t\t\t\t\t<ul data-sourcepos=\"5:1-11:0\">\n<li data-sourcepos=\"5:1-5:18\">Nouvelles nominations<\/li>\n<li data-sourcepos=\"6:1-6:23\">Nominations approuv\u00e9es<\/li>\n<li data-sourcepos=\"7:1-7:23\">Rendez-vous annul\u00e9s<\/li>\n<li data-sourcepos=\"8:1-8:26\">Rendez-vous report\u00e9s<\/li>\n<li data-sourcepos=\"9:1-9:23\">Prochains rendez-vous<\/li>\n<li data-sourcepos=\"10:1-11:0\">Rendez-vous manqu\u00e9s<\/li>\n<\/ul>\n\t\t\t\t\t<a href=\"javascript:void(0);\" id=\"fl-accordion--label-7\" tabindex=\"0\" aria-controls=\"fl-accordion--panel-7\">Voir toutes les int\u00e9grations ici<\/a>\n\t\t\t\t\t\t\t\t\t\t\t<a href=\"#\" id=\"fl-accordion--icon-7\" tabindex=\"-1\" aria-controls=\"fl-accordion--panel-7\"><i>\u00c9largir<\/i><\/a>\n\t\t\t\t\t<p><a href=\"https:\/\/wp-sms-pro.com\/product-category\/add-ons\/\" target=\"_blank\" rel=\"noopener\">https:\/\/wp-sms-pro.com\/product-category\/add-ons\/<\/a><\/p>\n<h2>\n\t\tMise en place de WP-SMS\n\t<\/h2>\n\t<p>Pour utiliser WP-SMS dans WordPress, vous devez installer WP-SMS dans votre installation WordPress et le relier \u00e0 votre compte SureSMS. Ci-dessous, vous pouvez lire comment<\/p>\n<ol>\n<li>Installation dans SureSMS<\/li>\n<li>Installer WP-SMS et le configurer<\/li>\n<\/ol>\n<h3>\n\t\tConfiguration dans SureSMS\n\t<\/h3>\n\t<p>Pour utiliser SureSMS \u00e0 partir de WP-SMS, vous avez besoin d'un compte SureSMS et d'une cl\u00e9 API de SureSMS.<\/p>\n<ol>\n<li>Connectez-vous \u00e0 votre compte SureSMS ici <a href=\"https:\/\/app.suresms.com\" target=\"_blank\" rel=\"noopener\">https:\/\/app.suresms.com<\/a><br \/>\nSi vous n'avez pas de compte, vous pouvez en cr\u00e9er un ici <a href=\"https:\/\/suresms.com\/fr\/compte-test-sms-gratuit\/\" target=\"_blank\" rel=\"noopener\">Cr\u00e9er un compte pour la passerelle SMS<\/a><\/li>\n<li>S\u00e9lectionnez les cl\u00e9s API dans le menu<\/li>\n<li>Cliquez sur Options dans le coin sup\u00e9rieur droit et s\u00e9lectionnez \"SureSMS API key\" dans le menu.<\/li>\n<li>Dans le nom, vous pouvez \u00e9crire par exemple WP-SMS\/WooCommerce si vous avez besoin d'utiliser WP-SMS \u00e0 partir de WooCommerce.<\/li>\n<li>Cliquez sur Enregistrer<\/li>\n<\/ol>\n\t\t\t\t<img loading=\"lazy\" decoding=\"async\" src=\"https:\/\/www.suresms.com\/wp-content\/uploads\/2024\/05\/SPIKey.png\" alt=\"Cl\u00e9 APIK\" itemprop=\"image\" height=\"216\" width=\"1045\" title=\"SPIKey\" onerror=\"this.style.display='none'\"  \/>\n\t<p>Copiez la cl\u00e9 de l'API afin de l'avoir sous la main pour plus tard.<\/p>\n<p>Nous avons maintenant termin\u00e9 avec SureSMS.<\/p>\n<h3>\n\t\tMise en place de WP-SMS\n\t<\/h3>\n\t<h3>Installez et activez le plugin WP-SMS sur votre site WordPress<\/h3>\n<p>Allez dans le tableau de bord de WordPress, trouvez la section \"Plugins\", cliquez sur \"Ajouter un nouveau\" et recherchez WP-SMS. Installez et activez le plugin.<\/p>\n\t<h3>Configurer WP-SMS avec votre passerelle SMS<\/h3>\n<p>Dans le panneau de configuration de WP-SMS, entrez les informations n\u00e9cessaires \u00e0 l'int\u00e9gration avec la passerelle SMS que vous avez choisie :<\/p>\n<p><strong>Nom de la passerelle :<\/strong> S\u00e9lectionnez SureSMS dans la liste des passerelles prises en charge.<\/p>\n\t\t\t\t<img loading=\"lazy\" decoding=\"async\" src=\"https:\/\/www.suresms.com\/wp-content\/uploads\/2024\/05\/WP-SMS-opsaetning.jpg\" alt=\"Configuration de WP-SMS\" itemprop=\"image\" height=\"1173\" width=\"1615\" title=\"Configuration de WP-SMS\" onerror=\"this.style.display='none'\"  \/>\n\t<strong>Nom d'utilisateur API<\/strong> Tapez ici \"APIkey\" sans les guillemets<br \/>\n<strong>Mot de passe API<\/strong>: ici vous collez la cl\u00e9 API que vous avez copi\u00e9e de SureSMS<br \/>\n<strong>Num\u00e9ro de l'exp\u00e9diteur<\/strong>D\u00e9finissez votre propre num\u00e9ro ou l'un des identifiants d'exp\u00e9diteur autoris\u00e9 que vous avez sur votre compte SureSMS (voir ici). <a href=\"https:\/\/app.suresms.com\/Message\/SenderData\" target=\"_blank\" rel=\"noopener\">https:\/\/app.suresms.com\/Message\/SenderData<\/a>)<br \/>\n<strong>Cl\u00e9 API<\/strong> : ici vous collez la cl\u00e9 API que vous avez copi\u00e9e de SureSMS\n<h3>\n\t\tTest de l'installation\n\t<\/h3>\n\t<p>Vous \u00eates maintenant pr\u00eat \u00e0 tester votre int\u00e9gration. La fa\u00e7on dont vous la testez d\u00e9pend des int\u00e9grations et des fonctionnalit\u00e9s que vous avez choisi d'utiliser dans WP-SMS. Cependant, une fois que vous avez envoy\u00e9 un message texte de test \u00e0 partir de la m\u00e9thode choisie, vous pouvez voir l'\u00e9tat de votre message sur SureSMS \u00e0 l'adresse suivante <a href=\"https:\/\/app.suresms.com\/Message\/OutBoundSMS\" target=\"_blank\" rel=\"noopener\">Page des messages sortants dans SureSMS<\/a>.<\/p>\n\t\t\t\t<img decoding=\"async\" src=\"https:\/\/www.suresms.com\/dk\/wp-content\/plugins\/bb-plugin\/img\/pixel.png\" alt=\"\" itemprop=\"image\" onerror=\"this.style.display='none'\"  \/>","protected":false},"excerpt":{"rendered":"<p>Int\u00e9gration SMS pour WordPress avec WP-SMS Qu'est-ce que WP-SMS (et WordPress) WP-SMS est le plugin SMS leader pour WordPress, et pour de bonnes raisons. Avec une interface facile \u00e0 utiliser, une gamme de fonctionnalit\u00e9s puissantes et un excellent support, WP-SMS offre tout ce dont vous avez besoin pour rationaliser votre communication par SMS. Et le meilleur ? La version de base est compl\u00e8tement... <a title=\"Int\u00e9gration de SMS pour WordPress avec WP-SMS\" class=\"read-more\" href=\"https:\/\/suresms.com\/fr\/integrationer\/cms-content-management-system-sms-integration\/sms-integration-wordpress-wp-sms\/\" aria-label=\"En savoir plus sur l&#039;int\u00e9gration des SMS pour WordPress avec WP-SMS\">En savoir plus<\/a><\/p>","protected":false},"author":1,"featured_media":0,"parent":14437,"menu_order":12,"comment_status":"closed","ping_status":"closed","template":"","meta":{"_fl_builder_enabled":"1","_fl_builder_data":null,"_fl_builder_draft":null,"_fl_builder_data_settings":null,"_fl_builder_css":"","_fl_builder_css_version":"","_fl_builder_js":"","footnotes":""},"categories":[],"tags":[],"class_list":["post-17217","page","type-page","status-publish"],"yoast_head":"<!-- This site is optimized with the Yoast SEO Premium plugin v27.3 (Yoast SEO v27.3) - https:\/\/yoast.com\/product\/yoast-seo-premium-wordpress\/ -->\r\n<title>SMS integration til WordPress med WP-SMS - gratis konto<\/title>\r\n<meta name=\"description\" content=\"Du kan sende b\u00e5de sms links, billeder, videoer og lydfiler med vores SMS gateway. Uanede muligheder for rigt indhold.\" \/>\r\n<meta name=\"robots\" content=\"index, follow, max-snippet:-1, max-image-preview:large, max-video-preview:-1\" \/>\r\n<link rel=\"canonical\" href=\"https:\/\/suresms.com\/fr\/integrations\/cms-systeme-de-gestion-de-contenu-integration-sms\/lien-sms-4\/\" \/>\r\n<meta property=\"og:locale\" content=\"fr_FR\" \/>\r\n<meta property=\"og:type\" content=\"article\" \/>\r\n<meta property=\"og:title\" content=\"SMS integration til WordPress med WP-SMS\" \/>\r\n<meta property=\"og:description\" content=\"Du kan sende b\u00e5de sms links, billeder, videoer og lydfiler med vores SMS gateway. Uanede muligheder for rigt indhold.\" \/>\r\n<meta property=\"og:url\" content=\"https:\/\/suresms.com\/fr\/integrations\/cms-systeme-de-gestion-de-contenu-integration-sms\/lien-sms-4\/\" \/>\r\n<meta property=\"article:publisher\" content=\"https:\/\/www.facebook.com\/p\/SureSMS-100044607956149\/\" \/>\r\n<meta property=\"og:image\" content=\"https:\/\/www.suresms.com\/dk\/wp-content\/uploads\/2022\/02\/WpSMS-SureSMS-1.png\" \/>\r\n<meta name=\"twitter:card\" content=\"summary_large_image\" \/>\r\n<meta name=\"twitter:label1\" content=\"Dur\u00e9e de lecture estim\u00e9e\" \/>\n\t<meta name=\"twitter:data1\" content=\"10 minutes\" \/>\r\n<script type=\"application\/ld+json\" class=\"yoast-schema-graph\">{\"@context\":\"https:\\\/\\\/schema.org\",\"@graph\":[{\"@type\":\"WebPage\",\"@id\":\"https:\\\/\\\/suresms.com\\\/dk\\\/integrationer\\\/cms-content-management-system-sms-integration\\\/sms-integration-wordpress-wp-sms\\\/\",\"url\":\"https:\\\/\\\/suresms.com\\\/dk\\\/integrationer\\\/cms-content-management-system-sms-integration\\\/sms-integration-wordpress-wp-sms\\\/\",\"name\":\"SMS integration til WordPress med WP-SMS - gratis konto\",\"isPartOf\":{\"@id\":\"https:\\\/\\\/suresms.com\\\/en\\\/#website\"},\"primaryImageOfPage\":{\"@id\":\"https:\\\/\\\/suresms.com\\\/dk\\\/integrationer\\\/cms-content-management-system-sms-integration\\\/sms-integration-wordpress-wp-sms\\\/#primaryimage\"},\"image\":{\"@id\":\"https:\\\/\\\/suresms.com\\\/dk\\\/integrationer\\\/cms-content-management-system-sms-integration\\\/sms-integration-wordpress-wp-sms\\\/#primaryimage\"},\"thumbnailUrl\":\"https:\\\/\\\/www.suresms.com\\\/dk\\\/wp-content\\\/uploads\\\/2022\\\/02\\\/WpSMS-SureSMS-1.png\",\"datePublished\":\"2024-05-18T09:31:03+00:00\",\"description\":\"Du kan sende b\u00e5de sms links, billeder, videoer og lydfiler med vores SMS gateway. Uanede muligheder for rigt indhold.\",\"breadcrumb\":{\"@id\":\"https:\\\/\\\/suresms.com\\\/dk\\\/integrationer\\\/cms-content-management-system-sms-integration\\\/sms-integration-wordpress-wp-sms\\\/#breadcrumb\"},\"inLanguage\":\"fr-FR\",\"potentialAction\":[{\"@type\":\"ReadAction\",\"target\":[\"https:\\\/\\\/suresms.com\\\/dk\\\/integrationer\\\/cms-content-management-system-sms-integration\\\/sms-integration-wordpress-wp-sms\\\/\"]}]},{\"@type\":\"ImageObject\",\"inLanguage\":\"fr-FR\",\"@id\":\"https:\\\/\\\/suresms.com\\\/dk\\\/integrationer\\\/cms-content-management-system-sms-integration\\\/sms-integration-wordpress-wp-sms\\\/#primaryimage\",\"url\":\"https:\\\/\\\/www.suresms.com\\\/dk\\\/wp-content\\\/uploads\\\/2022\\\/02\\\/WpSMS-SureSMS-1.png\",\"contentUrl\":\"https:\\\/\\\/www.suresms.com\\\/dk\\\/wp-content\\\/uploads\\\/2022\\\/02\\\/WpSMS-SureSMS-1.png\"},{\"@type\":\"BreadcrumbList\",\"@id\":\"https:\\\/\\\/suresms.com\\\/dk\\\/integrationer\\\/cms-content-management-system-sms-integration\\\/sms-integration-wordpress-wp-sms\\\/#breadcrumb\",\"itemListElement\":[{\"@type\":\"ListItem\",\"position\":1,\"name\":\"Home\",\"item\":\"https:\\\/\\\/suresms.com\\\/dk\\\/\"},{\"@type\":\"ListItem\",\"position\":2,\"name\":\"Integrationer\",\"item\":\"https:\\\/\\\/suresms.com\\\/dk\\\/integrationer\\\/\"},{\"@type\":\"ListItem\",\"position\":3,\"name\":\"SMS integration til Content Management Systemer (CMS systemer)\",\"item\":\"https:\\\/\\\/suresms.com\\\/dk\\\/integrationer\\\/cms-content-management-system-sms-integration\\\/\"},{\"@type\":\"ListItem\",\"position\":4,\"name\":\"SMS integration til WordPress med WP-SMS\"}]},{\"@type\":\"WebSite\",\"@id\":\"https:\\\/\\\/suresms.com\\\/en\\\/#website\",\"url\":\"https:\\\/\\\/suresms.com\\\/en\\\/\",\"name\":\"SureSMS\",\"description\":\"Professionel SMS Gateway\",\"publisher\":{\"@id\":\"https:\\\/\\\/suresms.com\\\/en\\\/#organization\"},\"potentialAction\":[{\"@type\":\"SearchAction\",\"target\":{\"@type\":\"EntryPoint\",\"urlTemplate\":\"https:\\\/\\\/suresms.com\\\/en\\\/?s={search_term_string}\"},\"query-input\":{\"@type\":\"PropertyValueSpecification\",\"valueRequired\":true,\"valueName\":\"search_term_string\"}}],\"inLanguage\":\"fr-FR\"},{\"@type\":\"Organization\",\"@id\":\"https:\\\/\\\/suresms.com\\\/en\\\/#organization\",\"name\":\"SureSMS\",\"url\":\"https:\\\/\\\/suresms.com\\\/en\\\/\",\"logo\":{\"@type\":\"ImageObject\",\"inLanguage\":\"fr-FR\",\"@id\":\"https:\\\/\\\/suresms.com\\\/en\\\/#\\\/schema\\\/logo\\\/image\\\/\",\"url\":\"https:\\\/\\\/suresms.com\\\/wp-content\\\/uploads\\\/2024\\\/11\\\/suresms-300x65-1.png\",\"contentUrl\":\"https:\\\/\\\/suresms.com\\\/wp-content\\\/uploads\\\/2024\\\/11\\\/suresms-300x65-1.png\",\"width\":300,\"height\":65,\"caption\":\"SureSMS\"},\"image\":{\"@id\":\"https:\\\/\\\/suresms.com\\\/en\\\/#\\\/schema\\\/logo\\\/image\\\/\"},\"sameAs\":[\"https:\\\/\\\/www.facebook.com\\\/p\\\/SureSMS-100044607956149\\\/\"]}]}<\/script>\r\n<!-- \/ Yoast SEO Premium plugin. -->","yoast_head_json":{"title":"Int\u00e9gration SMS pour WordPress avec WP-SMS - compte gratuit","description":"Vous pouvez envoyer des liens SMS, des images, des vid\u00e9os et des fichiers audio avec notre passerelle SMS. Des possibilit\u00e9s infinies pour un contenu riche.","robots":{"index":"index","follow":"follow","max-snippet":"max-snippet:-1","max-image-preview":"max-image-preview:large","max-video-preview":"max-video-preview:-1"},"canonical":"https:\/\/suresms.com\/fr\/integrations\/cms-systeme-de-gestion-de-contenu-integration-sms\/lien-sms-4\/","og_locale":"fr_FR","og_type":"article","og_title":"SMS integration til WordPress med WP-SMS","og_description":"Du kan sende b\u00e5de sms links, billeder, videoer og lydfiler med vores SMS gateway. Uanede muligheder for rigt indhold.","og_url":"https:\/\/suresms.com\/fr\/integrations\/cms-systeme-de-gestion-de-contenu-integration-sms\/lien-sms-4\/","article_publisher":"https:\/\/www.facebook.com\/p\/SureSMS-100044607956149\/","og_image":[{"url":"https:\/\/www.suresms.com\/dk\/wp-content\/uploads\/2022\/02\/WpSMS-SureSMS-1.png","type":"","width":"","height":""}],"twitter_card":"summary_large_image","twitter_misc":{"Dur\u00e9e de lecture estim\u00e9e":"10 minutes"},"schema":{"@context":"https:\/\/schema.org","@graph":[{"@type":"WebPage","@id":"https:\/\/suresms.com\/dk\/integrationer\/cms-content-management-system-sms-integration\/sms-integration-wordpress-wp-sms\/","url":"https:\/\/suresms.com\/dk\/integrationer\/cms-content-management-system-sms-integration\/sms-integration-wordpress-wp-sms\/","name":"Int\u00e9gration SMS pour WordPress avec WP-SMS - compte gratuit","isPartOf":{"@id":"https:\/\/suresms.com\/en\/#website"},"primaryImageOfPage":{"@id":"https:\/\/suresms.com\/dk\/integrationer\/cms-content-management-system-sms-integration\/sms-integration-wordpress-wp-sms\/#primaryimage"},"image":{"@id":"https:\/\/suresms.com\/dk\/integrationer\/cms-content-management-system-sms-integration\/sms-integration-wordpress-wp-sms\/#primaryimage"},"thumbnailUrl":"https:\/\/www.suresms.com\/dk\/wp-content\/uploads\/2022\/02\/WpSMS-SureSMS-1.png","datePublished":"2024-05-18T09:31:03+00:00","description":"Vous pouvez envoyer des liens SMS, des images, des vid\u00e9os et des fichiers audio avec notre passerelle SMS. Des possibilit\u00e9s infinies pour un contenu riche.","breadcrumb":{"@id":"https:\/\/suresms.com\/dk\/integrationer\/cms-content-management-system-sms-integration\/sms-integration-wordpress-wp-sms\/#breadcrumb"},"inLanguage":"fr-FR","potentialAction":[{"@type":"ReadAction","target":["https:\/\/suresms.com\/dk\/integrationer\/cms-content-management-system-sms-integration\/sms-integration-wordpress-wp-sms\/"]}]},{"@type":"ImageObject","inLanguage":"fr-FR","@id":"https:\/\/suresms.com\/dk\/integrationer\/cms-content-management-system-sms-integration\/sms-integration-wordpress-wp-sms\/#primaryimage","url":"https:\/\/www.suresms.com\/dk\/wp-content\/uploads\/2022\/02\/WpSMS-SureSMS-1.png","contentUrl":"https:\/\/www.suresms.com\/dk\/wp-content\/uploads\/2022\/02\/WpSMS-SureSMS-1.png"},{"@type":"BreadcrumbList","@id":"https:\/\/suresms.com\/dk\/integrationer\/cms-content-management-system-sms-integration\/sms-integration-wordpress-wp-sms\/#breadcrumb","itemListElement":[{"@type":"ListItem","position":1,"name":"Home","item":"https:\/\/suresms.com\/dk\/"},{"@type":"ListItem","position":2,"name":"Integrationer","item":"https:\/\/suresms.com\/dk\/integrationer\/"},{"@type":"ListItem","position":3,"name":"SMS integration til Content Management Systemer (CMS systemer)","item":"https:\/\/suresms.com\/dk\/integrationer\/cms-content-management-system-sms-integration\/"},{"@type":"ListItem","position":4,"name":"SMS integration til WordPress med WP-SMS"}]},{"@type":"WebSite","@id":"https:\/\/suresms.com\/en\/#website","url":"https:\/\/suresms.com\/en\/","name":"SureSMS","description":"Passerelle SMS professionnelle","publisher":{"@id":"https:\/\/suresms.com\/en\/#organization"},"potentialAction":[{"@type":"SearchAction","target":{"@type":"EntryPoint","urlTemplate":"https:\/\/suresms.com\/en\/?s={search_term_string}"},"query-input":{"@type":"PropertyValueSpecification","valueRequired":true,"valueName":"search_term_string"}}],"inLanguage":"fr-FR"},{"@type":"Organization","@id":"https:\/\/suresms.com\/en\/#organization","name":"SureSMS","url":"https:\/\/suresms.com\/en\/","logo":{"@type":"ImageObject","inLanguage":"fr-FR","@id":"https:\/\/suresms.com\/en\/#\/schema\/logo\/image\/","url":"https:\/\/suresms.com\/wp-content\/uploads\/2024\/11\/suresms-300x65-1.png","contentUrl":"https:\/\/suresms.com\/wp-content\/uploads\/2024\/11\/suresms-300x65-1.png","width":300,"height":65,"caption":"SureSMS"},"image":{"@id":"https:\/\/suresms.com\/en\/#\/schema\/logo\/image\/"},"sameAs":["https:\/\/www.facebook.com\/p\/SureSMS-100044607956149\/"]}]}},"_links":{"self":[{"href":"https:\/\/suresms.com\/fr\/wp-json\/wp\/v2\/pages\/17217","targetHints":{"allow":["GET"]}}],"collection":[{"href":"https:\/\/suresms.com\/fr\/wp-json\/wp\/v2\/pages"}],"about":[{"href":"https:\/\/suresms.com\/fr\/wp-json\/wp\/v2\/types\/page"}],"author":[{"embeddable":true,"href":"https:\/\/suresms.com\/fr\/wp-json\/wp\/v2\/users\/1"}],"replies":[{"embeddable":true,"href":"https:\/\/suresms.com\/fr\/wp-json\/wp\/v2\/comments?post=17217"}],"version-history":[{"count":0,"href":"https:\/\/suresms.com\/fr\/wp-json\/wp\/v2\/pages\/17217\/revisions"}],"up":[{"embeddable":true,"href":"https:\/\/suresms.com\/fr\/wp-json\/wp\/v2\/pages\/14437"}],"wp:attachment":[{"href":"https:\/\/suresms.com\/fr\/wp-json\/wp\/v2\/media?parent=17217"}],"wp:term":[{"taxonomy":"category","embeddable":true,"href":"https:\/\/suresms.com\/fr\/wp-json\/wp\/v2\/categories?post=17217"},{"taxonomy":"post_tag","embeddable":true,"href":"https:\/\/suresms.com\/fr\/wp-json\/wp\/v2\/tags?post=17217"}],"curies":[{"name":"wp","href":"https:\/\/api.w.org\/{rel}","templated":true}]}}