{"id":16543,"date":"2023-01-25T10:38:05","date_gmt":"2023-01-25T08:38:05","guid":{"rendered":"https:\/\/www.suresms.com\/dk\/?page_id=16543"},"modified":"2024-12-06T13:05:55","modified_gmt":"2024-12-06T13:05:55","slug":"lien-sms","status":"publish","type":"page","link":"https:\/\/suresms.com\/fr\/funktioner\/sms-link\/","title":{"rendered":"Lien SMS"},"content":{"rendered":"<!-- Flexy Breadcrumb -->\r\n\t\t\t<div class=\"fbc fbc-page\">\r\n\r\n\t\t\t\t<!-- Breadcrumb wrapper -->\r\n\t\t\t\t<div class=\"fbc-wrap\">\r\n\r\n\t\t\t\t\t<!-- Ordered list-->\r\n\t\t\t\t\t<ol class=\"fbc-items\" itemscope itemtype=\"https:\/\/schema.org\/BreadcrumbList\">\r\n\t\t\t\t\t\t            <li itemprop=\"itemListElement\" itemscope itemtype=\"https:\/\/schema.org\/ListItem\">\r\n                <span itemprop=\"name\">\r\n                    <!-- Home Link -->\r\n                    <a itemprop=\"item\" href=\"https:\/\/suresms.com\/fr\/\">\r\n                    \r\n                                                    <i class=\"fa fa-home\" aria-hidden=\"true\"><\/i>Accueil                    <\/a>\r\n                <\/span>\r\n                <meta itemprop=\"position\" content=\"1\" \/><!-- Meta Position-->\r\n             <\/li><li><span class=\"fbc-separator\">\/<\/span><\/li><li class=\"active\" itemprop=\"itemListElement\" itemscope itemtype=\"https:\/\/schema.org\/ListItem\"><span itemprop=\"name\" title=\"Lien SMS\">Lien SMS<\/span><meta itemprop=\"position\" content=\"2\" \/><\/li>\t\t\t\t\t<\/ol>\r\n\t\t\t\t\t<div class=\"clearfix\"><\/div>\r\n\t\t\t\t<\/div>\r\n\t\t\t<\/div>\r\n\t\t\t\n<h1>\n\t\tLien SMS\n\t<\/h1>\n\t<h4>Les vid\u00e9os, les fichiers PDF, les images et les liens peuvent tous \u00eatre inclus dans un message SMS. C'est aussi simple que de joindre un fichier lors de l'envoi d'un courrier \u00e9lectronique.<\/h4>\n<p>Avec SureSMS, vous avez la possibilit\u00e9 unique d'envoyer des liens dans votre message SMS. Nous avons cr\u00e9\u00e9 notre propre raccourcisseur d'URL qui permet d'afficher des vid\u00e9os, des fichiers PDF, des images et bien plus encore dans les messages SMS.<\/p>\n\t<ul>\n\t\t<li>\t\t\t\t\n\t\t<h3>Ins\u00e9rer un lien dans les messages<\/h3><p>Vous avez la possibilit\u00e9 d'ins\u00e9rer un lien dans votre message gr\u00e2ce \u00e0 notre module de lien sp\u00e9cial. En utilisant notre raccourcisseur d'URL, vous pouvez cr\u00e9er un lien tr\u00e8s court et \u00e9conomiser de nombreux caract\u00e8res.<\/p><\/li><li>\t\t\t\t\n\t\t<h3>Utilisez votre propre nom de domaine<\/h3><p>Avec notre module sp\u00e9cial \"branded-url\", vous avez la possibilit\u00e9 de cr\u00e9er un lien court dans vos messages qui contient votre propre nom de domaine. Cela se traduit g\u00e9n\u00e9ralement par un taux de clics 30% plus \u00e9lev\u00e9 car votre lien est plus digne de confiance.\u00a0<\/p><\/li><li>\t\t\t\t\n\t\t<h3>Joindre des fichiers<\/h3><p>Seule passerelle SMS danoise, SureSMS vous permet d'ins\u00e9rer des fichiers lorsque vous envoyez un SMS. Il peut s'agir d'un fichier PDF ou d'une vid\u00e9o, par exemple.\u00a0<\/p><\/li><li>\t\t\t\t\n\t\t<h3>Lien MobilePay<\/h3><p>Si vous recevez des paiements de vos destinataires, vous avez \u00e9galement la possibilit\u00e9 d'ins\u00e9rer un lien MobilePay dans le message. L'utilisateur n'a plus qu'\u00e0 glisser son doigt dans le message et le paiement est effectu\u00e9.<\/p><\/li><li>\t\t\t\t\n\t\t<h3>Lien de t\u00e9l\u00e9chargement<\/h3><p>Si vous envoyez des SMS marketing, il est indispensable que les personnes puissent se d\u00e9sinscrire de votre liste. Cette op\u00e9ration est facilit\u00e9e par des liens figurant dans le message SMS.<\/p><\/li>\t<\/ul>\n\t<p>Dans la capture d'\u00e9cran ci-dessous, vous pouvez voir \u00e0 quel point il est facile d'ins\u00e9rer un lien avec votre propre URL dans le message.<\/p>\n\t\t\t\t<img loading=\"lazy\" decoding=\"async\" src=\"https:\/\/suresms.com\/wp-content\/uploads\/2023\/01\/Tilfoej-link-1.png\" alt=\"Ajouter un lien au message\" itemprop=\"image\" height=\"498\" width=\"1416\" title=\"Ajouter un lien\" onerror=\"this.style.display='none'\"  \/>\n\t<p>Si vous choisissez de cr\u00e9er un lien, vous pouvez le faire de deux mani\u00e8res.<\/p>\nSoit vous \u00e9crivez le lien directement dans les messages, par exemple : https:\/\/mitdomain.dk\/kampagne1.<br \/>\nVous pouvez \u00e9galement choisir d'ins\u00e9rer un lien normal. Dans ce cas, vous tapez https:\/\/mitdomain.dk\/kampagne1 dans le champ du lien, mais lorsque le destinataire re\u00e7oit le message, celui-ci indique https:\/\/a-l.ink\/HdB6sg.\n<p>Lire la suite <a href=\"https:\/\/suresms.com\/fr\/caracteristiques\/lien-sms-3\/\">URL de marque ici<\/a>o\u00f9 vous utilisez un lien qui ressemble \u00e0 ceci : https:\/\/m.mitfomain.dk\/fhdcd<\/p>\n<p>Lorsqu'il clique sur le lien, une page s'ouvre sur notre serveur o\u00f9 nous v\u00e9rifions qui a cliqu\u00e9, \u00e0 partir de quel t\u00e9l\u00e9phone, \u00e0 quelle heure et bien d'autres choses encore. L'utilisateur est ensuite renvoy\u00e9 \u00e0 l'adresse finale. Cela nous permet de savoir qui a cliqu\u00e9 et de vous le signaler.<\/p>\n\t<h2>Suivi des liens dans le marketing par SMS<\/h2>\n<p>Gr\u00e2ce \u00e0 la fonctionnalit\u00e9 de lien sp\u00e9cial de notre exp\u00e9diteur de SMS, vous avez \u00e9galement la possibilit\u00e9 d'effectuer un suivi. Vous pouvez voir qui a cliqu\u00e9 sur un lien, combien de temps ils ont regard\u00e9 une vid\u00e9o, combien de fois ils ont cliqu\u00e9 et quand. Autant d'informations pr\u00e9cieuses pour vos activit\u00e9s de marketing.<\/p>\n<ol> \t\n<li>Des liens plus courts et plus clairs se traduisent par un taux de clics plus \u00e9lev\u00e9 : Lorsque vos liens sont plus courts et plus \"jolis\", ils paraissent plus cr\u00e9dibles et plus transparents. Cela peut entra\u00eener un taux de clics moyen plus \u00e9lev\u00e9, car les destinataires sont plus enclins \u00e0 cliquer sur le lien.<\/li>\n\n<li>Fournit des donn\u00e9es pr\u00e9cieuses sur les campagnes, telles que les taux de clics et les conversions : en utilisant le suivi des liens dans vos campagnes SMS, vous obtenez des informations pr\u00e9cieuses sur les performances des campagnes en termes de taux de clics et de conversions. Ces informations peuvent \u00eatre utilis\u00e9es pour planifier et optimiser les campagnes futures.<\/li>\n\n<li>Fournit une vue d'ensemble des taux de rebond des campagnes : en utilisant des liens de d\u00e9sabonnement, vous pouvez rapidement voir quelles sont les campagnes que vos destinataires n'aiment pas. Cette connaissance peut \u00eatre utilis\u00e9e pour optimiser les campagnes futures ou pour abandonner celles qui ne donnent pas de bons r\u00e9sultats. Le suivi des liens vous permet de savoir lesquelles de vos campagnes SMS sont performantes et lesquelles pourraient n\u00e9cessiter plus de travail \u00e0 l'avenir.<\/li>\n<\/ol>\n\t<h2>Se d\u00e9sinscrire par SMS via un lien<\/h2>\n<p>Le lien dans le SMS peut \u00e9galement \u00eatre utilis\u00e9 si les destinataires souhaitent se d\u00e9sabonner de votre lettre d'information. Ce lien est automatiquement ins\u00e9r\u00e9 si vous cochez la case correspondante lors de l'envoi. Le destinataire n'a plus qu'\u00e0 cliquer sur le lien pour se d\u00e9sinscrire de la lettre d'information.<\/p>\n\t<h4><strong>\u00a0Voici quelques exemples de la fa\u00e7on dont nos clients utilisent aujourd'hui la fonction \"SMS group\u00e9s\".<\/strong><\/h4>\n\n<ul> \t\n<li>Une entreprise de transport de taille moyenne situ\u00e9e dans le Jutland utilise des SMS group\u00e9s pour envoyer des missions \u00e0 ses chauffeurs. Les SMS envoy\u00e9s contiennent des informations logistiques sur les marchandises, le lieu et l'enl\u00e8vement.<\/li>\n\n<li>Une soci\u00e9t\u00e9 de jeux en ligne gagne de nouveaux clients en envoyant \u00e0 ses utilisateurs des SMS group\u00e9s contenant des liens vers des jeux en ligne possibles.<\/li>\n\n<li>Dans un h\u00f4pital danois, le responsable de la cantine envoie r\u00e9guli\u00e8rement des SMS group\u00e9s au personnel chanceux pour l'informer des \u00e9v\u00e9nements sociaux et des \u00e9v\u00e9nements importants : \"Aujourd'hui, il y a du g\u00e2teau \u00e0 la cantine !\" ou \"Demain, nous c\u00e9l\u00e9brons l'\u00e9t\u00e9 avec un barbecue dans la cour ! ou \"Demain, nous c\u00e9l\u00e9brons l'\u00e9t\u00e9 avec un barbecue dans la cour !\".<\/li>\n<\/ul>","protected":false},"excerpt":{"rendered":"<p>Lien SMS Les vid\u00e9os, les fichiers PDF, les images et les liens peuvent tous \u00eatre inclus dans un message SMS. C'est aussi simple que de joindre un fichier lors de l'envoi d'un e-mail. Avec SureSMS, vous avez la possibilit\u00e9 unique d'envoyer des liens dans votre message SMS. Nous avons cr\u00e9\u00e9 notre propre raccourcisseur d'URL... <a title=\"Lien SMS\" class=\"read-more\" href=\"https:\/\/suresms.com\/fr\/funktioner\/sms-link\/\" aria-label=\"En savoir plus sur le lien SMS\">En savoir plus<\/a><\/p>","protected":false},"author":1,"featured_media":0,"parent":958,"menu_order":12,"comment_status":"closed","ping_status":"closed","template":"","meta":{"_fl_builder_enabled":"1","_fl_builder_data":null,"_fl_builder_draft":null,"_fl_builder_data_settings":null,"_fl_builder_css":"","_fl_builder_css_version":"","_fl_builder_js":"","footnotes":""},"categories":[17],"tags":[],"class_list":{"0":"post-16543","1":"page","2":"type-page","3":"status-publish","5":"category-linkfracornorstone"},"yoast_head":"<!-- This site is optimized with the Yoast SEO Premium plugin v27.3 (Yoast SEO v27.3) - https:\/\/yoast.com\/product\/yoast-seo-premium-wordpress\/ -->\r\n<title>SMS link - gratis konto<\/title>\r\n<meta name=\"description\" content=\"Du kan sende b\u00e5de sms links, billeder, videoer og lydfiler med vores SMS gateway. Uanede muligheder for rigt indhold.\" \/>\r\n<meta name=\"robots\" content=\"index, follow, max-snippet:-1, max-image-preview:large, max-video-preview:-1\" \/>\r\n<link rel=\"canonical\" href=\"https:\/\/suresms.com\/fr\/caracteristiques\/lien-sms\/\" \/>\r\n<meta property=\"og:locale\" content=\"fr_FR\" \/>\r\n<meta property=\"og:type\" content=\"article\" \/>\r\n<meta property=\"og:title\" content=\"SMS link\" \/>\r\n<meta property=\"og:description\" content=\"Du kan sende b\u00e5de sms links, billeder, videoer og lydfiler med vores SMS gateway. Uanede muligheder for rigt indhold.\" \/>\r\n<meta property=\"og:url\" content=\"https:\/\/suresms.com\/fr\/caracteristiques\/lien-sms\/\" \/>\r\n<meta property=\"article:publisher\" content=\"https:\/\/www.facebook.com\/p\/SureSMS-100044607956149\/\" \/>\r\n<meta property=\"article:modified_time\" content=\"2024-12-06T13:05:55+00:00\" \/>\r\n<meta property=\"og:image\" content=\"https:\/\/suresms.com\/wp-content\/uploads\/2023\/01\/Tilfoej-link-1.png\" \/>\r\n<meta name=\"twitter:card\" content=\"summary_large_image\" \/>\r\n<meta name=\"twitter:label1\" content=\"Dur\u00e9e de lecture estim\u00e9e\" \/>\n\t<meta name=\"twitter:data1\" content=\"5 minutes\" \/>\r\n<script type=\"application\/ld+json\" class=\"yoast-schema-graph\">{\"@context\":\"https:\\\/\\\/schema.org\",\"@graph\":[{\"@type\":\"WebPage\",\"@id\":\"https:\\\/\\\/suresms.com\\\/dk\\\/funktioner\\\/sms-link\\\/\",\"url\":\"https:\\\/\\\/suresms.com\\\/dk\\\/funktioner\\\/sms-link\\\/\",\"name\":\"SMS link - gratis konto\",\"isPartOf\":{\"@id\":\"https:\\\/\\\/suresms.com\\\/en\\\/#website\"},\"primaryImageOfPage\":{\"@id\":\"https:\\\/\\\/suresms.com\\\/dk\\\/funktioner\\\/sms-link\\\/#primaryimage\"},\"image\":{\"@id\":\"https:\\\/\\\/suresms.com\\\/dk\\\/funktioner\\\/sms-link\\\/#primaryimage\"},\"thumbnailUrl\":\"https:\\\/\\\/suresms.com\\\/wp-content\\\/uploads\\\/2023\\\/01\\\/Tilfoej-link-1.png\",\"datePublished\":\"2023-01-25T08:38:05+00:00\",\"dateModified\":\"2024-12-06T13:05:55+00:00\",\"description\":\"Du kan sende b\u00e5de sms links, billeder, videoer og lydfiler med vores SMS gateway. Uanede muligheder for rigt indhold.\",\"breadcrumb\":{\"@id\":\"https:\\\/\\\/suresms.com\\\/dk\\\/funktioner\\\/sms-link\\\/#breadcrumb\"},\"inLanguage\":\"fr-FR\",\"potentialAction\":[{\"@type\":\"ReadAction\",\"target\":[\"https:\\\/\\\/suresms.com\\\/dk\\\/funktioner\\\/sms-link\\\/\"]}]},{\"@type\":\"ImageObject\",\"inLanguage\":\"fr-FR\",\"@id\":\"https:\\\/\\\/suresms.com\\\/dk\\\/funktioner\\\/sms-link\\\/#primaryimage\",\"url\":\"https:\\\/\\\/suresms.com\\\/wp-content\\\/uploads\\\/2023\\\/01\\\/Tilfoej-link-1.png\",\"contentUrl\":\"https:\\\/\\\/suresms.com\\\/wp-content\\\/uploads\\\/2023\\\/01\\\/Tilfoej-link-1.png\"},{\"@type\":\"BreadcrumbList\",\"@id\":\"https:\\\/\\\/suresms.com\\\/dk\\\/funktioner\\\/sms-link\\\/#breadcrumb\",\"itemListElement\":[{\"@type\":\"ListItem\",\"position\":1,\"name\":\"Home\",\"item\":\"https:\\\/\\\/suresms.com\\\/dk\\\/\"},{\"@type\":\"ListItem\",\"position\":2,\"name\":\"Funktioner\",\"item\":\"https:\\\/\\\/suresms.com\\\/dk\\\/funktioner\\\/\"},{\"@type\":\"ListItem\",\"position\":3,\"name\":\"SMS link\"}]},{\"@type\":\"WebSite\",\"@id\":\"https:\\\/\\\/suresms.com\\\/en\\\/#website\",\"url\":\"https:\\\/\\\/suresms.com\\\/en\\\/\",\"name\":\"SureSMS\",\"description\":\"Professionel SMS Gateway\",\"publisher\":{\"@id\":\"https:\\\/\\\/suresms.com\\\/en\\\/#organization\"},\"potentialAction\":[{\"@type\":\"SearchAction\",\"target\":{\"@type\":\"EntryPoint\",\"urlTemplate\":\"https:\\\/\\\/suresms.com\\\/en\\\/?s={search_term_string}\"},\"query-input\":{\"@type\":\"PropertyValueSpecification\",\"valueRequired\":true,\"valueName\":\"search_term_string\"}}],\"inLanguage\":\"fr-FR\"},{\"@type\":\"Organization\",\"@id\":\"https:\\\/\\\/suresms.com\\\/en\\\/#organization\",\"name\":\"SureSMS\",\"url\":\"https:\\\/\\\/suresms.com\\\/en\\\/\",\"logo\":{\"@type\":\"ImageObject\",\"inLanguage\":\"fr-FR\",\"@id\":\"https:\\\/\\\/suresms.com\\\/en\\\/#\\\/schema\\\/logo\\\/image\\\/\",\"url\":\"https:\\\/\\\/suresms.com\\\/wp-content\\\/uploads\\\/2024\\\/11\\\/suresms-300x65-1.png\",\"contentUrl\":\"https:\\\/\\\/suresms.com\\\/wp-content\\\/uploads\\\/2024\\\/11\\\/suresms-300x65-1.png\",\"width\":300,\"height\":65,\"caption\":\"SureSMS\"},\"image\":{\"@id\":\"https:\\\/\\\/suresms.com\\\/en\\\/#\\\/schema\\\/logo\\\/image\\\/\"},\"sameAs\":[\"https:\\\/\\\/www.facebook.com\\\/p\\\/SureSMS-100044607956149\\\/\"]}]}<\/script>\r\n<!-- \/ Yoast SEO Premium plugin. -->","yoast_head_json":{"title":"Lien SMS - compte gratuit","description":"Vous pouvez envoyer des liens SMS, des images, des vid\u00e9os et des fichiers audio avec notre passerelle SMS. Des possibilit\u00e9s infinies pour un contenu riche.","robots":{"index":"index","follow":"follow","max-snippet":"max-snippet:-1","max-image-preview":"max-image-preview:large","max-video-preview":"max-video-preview:-1"},"canonical":"https:\/\/suresms.com\/fr\/caracteristiques\/lien-sms\/","og_locale":"fr_FR","og_type":"article","og_title":"SMS link","og_description":"Du kan sende b\u00e5de sms links, billeder, videoer og lydfiler med vores SMS gateway. Uanede muligheder for rigt indhold.","og_url":"https:\/\/suresms.com\/fr\/caracteristiques\/lien-sms\/","article_publisher":"https:\/\/www.facebook.com\/p\/SureSMS-100044607956149\/","article_modified_time":"2024-12-06T13:05:55+00:00","og_image":[{"url":"https:\/\/suresms.com\/wp-content\/uploads\/2023\/01\/Tilfoej-link-1.png","type":"","width":"","height":""}],"twitter_card":"summary_large_image","twitter_misc":{"Dur\u00e9e de lecture estim\u00e9e":"5 minutes"},"schema":{"@context":"https:\/\/schema.org","@graph":[{"@type":"WebPage","@id":"https:\/\/suresms.com\/dk\/funktioner\/sms-link\/","url":"https:\/\/suresms.com\/dk\/funktioner\/sms-link\/","name":"Lien SMS - compte gratuit","isPartOf":{"@id":"https:\/\/suresms.com\/en\/#website"},"primaryImageOfPage":{"@id":"https:\/\/suresms.com\/dk\/funktioner\/sms-link\/#primaryimage"},"image":{"@id":"https:\/\/suresms.com\/dk\/funktioner\/sms-link\/#primaryimage"},"thumbnailUrl":"https:\/\/suresms.com\/wp-content\/uploads\/2023\/01\/Tilfoej-link-1.png","datePublished":"2023-01-25T08:38:05+00:00","dateModified":"2024-12-06T13:05:55+00:00","description":"Vous pouvez envoyer des liens SMS, des images, des vid\u00e9os et des fichiers audio avec notre passerelle SMS. Des possibilit\u00e9s infinies pour un contenu riche.","breadcrumb":{"@id":"https:\/\/suresms.com\/dk\/funktioner\/sms-link\/#breadcrumb"},"inLanguage":"fr-FR","potentialAction":[{"@type":"ReadAction","target":["https:\/\/suresms.com\/dk\/funktioner\/sms-link\/"]}]},{"@type":"ImageObject","inLanguage":"fr-FR","@id":"https:\/\/suresms.com\/dk\/funktioner\/sms-link\/#primaryimage","url":"https:\/\/suresms.com\/wp-content\/uploads\/2023\/01\/Tilfoej-link-1.png","contentUrl":"https:\/\/suresms.com\/wp-content\/uploads\/2023\/01\/Tilfoej-link-1.png"},{"@type":"BreadcrumbList","@id":"https:\/\/suresms.com\/dk\/funktioner\/sms-link\/#breadcrumb","itemListElement":[{"@type":"ListItem","position":1,"name":"Home","item":"https:\/\/suresms.com\/dk\/"},{"@type":"ListItem","position":2,"name":"Funktioner","item":"https:\/\/suresms.com\/dk\/funktioner\/"},{"@type":"ListItem","position":3,"name":"SMS link"}]},{"@type":"WebSite","@id":"https:\/\/suresms.com\/en\/#website","url":"https:\/\/suresms.com\/en\/","name":"SureSMS","description":"Passerelle SMS professionnelle","publisher":{"@id":"https:\/\/suresms.com\/en\/#organization"},"potentialAction":[{"@type":"SearchAction","target":{"@type":"EntryPoint","urlTemplate":"https:\/\/suresms.com\/en\/?s={search_term_string}"},"query-input":{"@type":"PropertyValueSpecification","valueRequired":true,"valueName":"search_term_string"}}],"inLanguage":"fr-FR"},{"@type":"Organization","@id":"https:\/\/suresms.com\/en\/#organization","name":"SureSMS","url":"https:\/\/suresms.com\/en\/","logo":{"@type":"ImageObject","inLanguage":"fr-FR","@id":"https:\/\/suresms.com\/en\/#\/schema\/logo\/image\/","url":"https:\/\/suresms.com\/wp-content\/uploads\/2024\/11\/suresms-300x65-1.png","contentUrl":"https:\/\/suresms.com\/wp-content\/uploads\/2024\/11\/suresms-300x65-1.png","width":300,"height":65,"caption":"SureSMS"},"image":{"@id":"https:\/\/suresms.com\/en\/#\/schema\/logo\/image\/"},"sameAs":["https:\/\/www.facebook.com\/p\/SureSMS-100044607956149\/"]}]}},"_links":{"self":[{"href":"https:\/\/suresms.com\/fr\/wp-json\/wp\/v2\/pages\/16543","targetHints":{"allow":["GET"]}}],"collection":[{"href":"https:\/\/suresms.com\/fr\/wp-json\/wp\/v2\/pages"}],"about":[{"href":"https:\/\/suresms.com\/fr\/wp-json\/wp\/v2\/types\/page"}],"author":[{"embeddable":true,"href":"https:\/\/suresms.com\/fr\/wp-json\/wp\/v2\/users\/1"}],"replies":[{"embeddable":true,"href":"https:\/\/suresms.com\/fr\/wp-json\/wp\/v2\/comments?post=16543"}],"version-history":[{"count":2,"href":"https:\/\/suresms.com\/fr\/wp-json\/wp\/v2\/pages\/16543\/revisions"}],"predecessor-version":[{"id":19497,"href":"https:\/\/suresms.com\/fr\/wp-json\/wp\/v2\/pages\/16543\/revisions\/19497"}],"up":[{"embeddable":true,"href":"https:\/\/suresms.com\/fr\/wp-json\/wp\/v2\/pages\/958"}],"wp:attachment":[{"href":"https:\/\/suresms.com\/fr\/wp-json\/wp\/v2\/media?parent=16543"}],"wp:term":[{"taxonomy":"category","embeddable":true,"href":"https:\/\/suresms.com\/fr\/wp-json\/wp\/v2\/categories?post=16543"},{"taxonomy":"post_tag","embeddable":true,"href":"https:\/\/suresms.com\/fr\/wp-json\/wp\/v2\/tags?post=16543"}],"curies":[{"name":"wp","href":"https:\/\/api.w.org\/{rel}","templated":true}]}}