{"id":1654,"date":"2016-02-01T18:43:38","date_gmt":"2016-02-01T16:43:38","guid":{"rendered":"https:\/\/www.suresms.com\/dk\/?page_id=1654"},"modified":"2025-01-22T16:11:08","modified_gmt":"2025-01-22T16:11:08","slug":"rejets-de-la-branche","status":"publish","type":"page","link":"https:\/\/suresms.com\/fr\/branchelosninger\/","title":{"rendered":"Solutions pour l'industrie"},"content":{"rendered":"<h1>Industry solutions - Solution SMS Premium pour votre entreprise<\/h1>\n<p>Chez SureSMS, nous fournissons des solutions SMS flexibles et stables pour de nombreux secteurs et organisations. Pour nous, travailler avec nos clients est un partenariat o\u00f9 nous adaptons les produits et les services \u00e0 leurs besoins afin qu'ensemble nous puissions am\u00e9liorer votre communication et votre comp\u00e9titivit\u00e9.<\/p>\n<p>Sur cette page, nous avons rassembl\u00e9 quelques-uns des types d'industries et de professionnels qui utilisent nos services SMS en ligne. Trouvez l'inspiration pour savoir comment nous pouvons aider votre entreprise.<\/p>\n<p>Pour en savoir plus sur les avantages et les caract\u00e9ristiques, consultez les pages individuelles.<\/p>\n\t\t<h3><a href=\"https:\/\/suresms.com\/fr\/rejets-de-la-branche\/sms-pour-les-entreprises-de-services\/\" target=\"_self\">Soci\u00e9t\u00e9s de services<\/a><\/h3>\n\t\t\t\t<a href=\"https:\/\/suresms.com\/fr\/rejets-de-la-branche\/sms-pour-les-entreprises-de-services\/\"  target=\"_self\" itemprop=\"url\">\n\t\t\t\t<img loading=\"lazy\" decoding=\"async\" src=\"https:\/\/suresms.com\/wp-content\/uploads\/2016\/06\/sms-til-service-snippet.jpg\" alt=\"SMS pour les entreprises de services, les services automobiles, les coiffeurs et les dentistes\" itemprop=\"image\" height=\"266\" width=\"400\" title=\"SMS pour le service\" onerror=\"this.style.display='none'\"  \/>\n\t\t\t\t<\/a>\n<a href=\"https:\/\/suresms.com\/fr\/rejets-de-la-branche\/sms-pour-les-entreprises-de-services\/\"  target=\"_self\">A propos des SMS pour les entreprises de services<\/a>\t\n\t\t<h3><a href=\"https:\/\/suresms.com\/fr\/rejets-de-la-branche\/sms-pour-les-entreprises-de-transport-et-de-logistique\/\" target=\"_self\">L'industrie des transports<\/a><\/h3>\n\t\t\t\t<a href=\"https:\/\/suresms.com\/fr\/rejets-de-la-branche\/sms-pour-les-entreprises-de-transport-et-de-logistique\/\"  target=\"_self\" itemprop=\"url\">\n\t\t\t\t<img loading=\"lazy\" decoding=\"async\" src=\"https:\/\/suresms.com\/wp-content\/uploads\/2016\/02\/SMS-til-Transport-snippet.jpg\" alt=\"SMS pour les entreprises de transport et de logistique\" itemprop=\"image\" height=\"266\" width=\"400\" title=\"SMS aux entreprises de transport\" onerror=\"this.style.display='none'\"  \/>\n\t\t\t\t<\/a>\n<a href=\"https:\/\/suresms.com\/fr\/rejets-de-la-branche\/sms-pour-les-entreprises-de-transport-et-de-logistique\/\"  target=\"_self\">En savoir plus sur les SMS pour l'industrie du transport<\/a>\t\n\t\t<h3><a href=\"https:\/\/suresms.com\/fr\/rejets-de-la-branche\/sms-pour-les-entreprises\/\" target=\"_self\">Commerces et entreprises<\/a><\/h3>\n\t\t\t\t<a href=\"https:\/\/suresms.com\/fr\/rejets-de-la-branche\/sms-pour-les-entreprises\/\"  target=\"_self\" itemprop=\"url\">\n\t\t\t\t<img loading=\"lazy\" decoding=\"async\" src=\"https:\/\/suresms.com\/wp-content\/uploads\/2015\/02\/sms-til-butikker-snippet.jpg\" alt=\"SMS aux clients en ligne vers les boutiques et les magasins\" itemprop=\"image\" height=\"267\" width=\"400\" title=\"SMS aux magasins snippet\" onerror=\"this.style.display='none'\"  \/>\n\t\t\t\t<\/a>\n<a href=\"https:\/\/suresms.com\/fr\/rejets-de-la-branche\/sms-pour-les-entreprises\/\"  target=\"_self\">En savoir plus sur les SMS vers les magasins et les boutiques<\/a>\t\n\t\t<h3><a href=\"https:\/\/suresms.com\/fr\/rejets-de-la-branche\/sms-pour-les-institutions-publiques\/\" target=\"_self\">Institutions publiques<\/a><\/h3>\n\t\t\t\t<a href=\"https:\/\/suresms.com\/fr\/rejets-de-la-branche\/sms-pour-les-institutions-publiques\/\"  target=\"_self\" itemprop=\"url\">\n\t\t\t\t<img loading=\"lazy\" decoding=\"async\" src=\"https:\/\/suresms.com\/wp-content\/uploads\/2016\/02\/sms-til-offentlige-snippet.jpg\" alt=\"SMS aux institutions publiques de l&#039;\u00c9tat et de la municipalit\u00e9\" itemprop=\"image\" height=\"266\" width=\"400\" title=\"SMS pour les institutions publiques\" onerror=\"this.style.display='none'\"  \/>\n\t\t\t\t<\/a>\n<a href=\"https:\/\/suresms.com\/fr\/rejets-de-la-branche\/sms-pour-les-institutions-publiques\/\"  target=\"_self\">En savoir plus sur les SMS pour les institutions publiques<\/a>\t\n\t\t<h3><a href=\"https:\/\/suresms.com\/fr\/rejets-de-la-branche\/sms-pour-les-entreprises-en-ligne-et-les-services-web-2\/\" target=\"_self\">Entreprises en ligne<\/a><\/h3>\n\t\t\t\t<a href=\"https:\/\/suresms.com\/fr\/rejets-de-la-branche\/sms-pour-les-entreprises-en-ligne-et-les-services-web-2\/\"  target=\"_self\" itemprop=\"url\">\n\t\t\t\t<img loading=\"lazy\" decoding=\"async\" src=\"https:\/\/suresms.com\/wp-content\/uploads\/2016\/06\/SMS-til-butikker.jpg\" alt=\"SMS pour les entreprises en ligne et les services web\" itemprop=\"image\" height=\"266\" width=\"400\" title=\"SMS pour les entreprises en ligne et les services web\" onerror=\"this.style.display='none'\"  \/>\n\t\t\t\t<\/a>\n<a href=\"https:\/\/suresms.com\/fr\/rejets-de-la-branche\/sms-pour-les-entreprises-en-ligne-et-les-services-web-2\/\"  target=\"_self\">En savoir plus sur les SMS pour les services en ligne<\/a>\t\n\t\t<h3><a href=\"https:\/\/suresms.com\/fr\/rejets-de-la-branche\/sms-pour-les-entreprises-manufacturieres\/\" target=\"_self\">Production et affaires<\/a><\/h3>\n\t\t\t\t<a href=\"https:\/\/suresms.com\/fr\/rejets-de-la-branche\/sms-pour-les-entreprises-manufacturieres\/\"  target=\"_self\" itemprop=\"url\">\n\t\t\t\t<img loading=\"lazy\" decoding=\"async\" src=\"https:\/\/suresms.com\/wp-content\/uploads\/2016\/06\/sms-til-produktionsvirksomheder-snippet.jpg\" alt=\"SMS pour les entreprises industrielles et commerciales\" itemprop=\"image\" height=\"266\" width=\"400\" title=\"SMS pour les entreprises manufacturi\u00e8res\" onerror=\"this.style.display='none'\"  \/>\n\t\t\t\t<\/a>\n<a href=\"https:\/\/suresms.com\/fr\/rejets-de-la-branche\/sms-pour-les-entreprises-manufacturieres\/\"  target=\"_self\">A propos de SMS for Business &amp; Enterprise<\/a>\t\n\t\t<h3><a href=\"https:\/\/suresms.com\/fr\/rejets-de-la-branche\/clubs-sms\/\" target=\"_self\">Clubs et associations<\/a><\/h3>\n\t\t\t\t<a href=\"https:\/\/suresms.com\/fr\/rejets-de-la-branche\/clubs-sms\/\"  target=\"_self\" itemprop=\"url\">\n\t\t\t\t<img loading=\"lazy\" decoding=\"async\" src=\"https:\/\/suresms.com\/wp-content\/uploads\/2015\/02\/sms-til-klubber-snippet.jpg\" alt=\"envoyer des sms en ligne clubs et associations\" itemprop=\"image\" height=\"266\" width=\"400\" title=\"SMS aux clubs\" onerror=\"this.style.display='none'\"  \/>\n\t\t\t\t<\/a>\n<a href=\"https:\/\/suresms.com\/fr\/rejets-de-la-branche\/clubs-sms\/\"  target=\"_self\">En savoir plus sur les SMS pour les clubs et associations <\/a>\t\n\t\t<h3><a href=\"https:\/\/suresms.com\/fr\/rejets-de-la-branche\/message-texte-durgence\/\" target=\"_self\">SMS d'urgence pour tous<\/a><\/h3>\n\t\t\t\t<a href=\"https:\/\/suresms.com\/fr\/rejets-de-la-branche\/message-texte-durgence\/\"  target=\"_self\" itemprop=\"url\">\n\t\t\t\t<img loading=\"lazy\" decoding=\"async\" src=\"https:\/\/suresms.com\/wp-content\/uploads\/2023\/07\/Emergency-BW-1.png\" alt=\"SMS d&#039;urgence\" itemprop=\"image\" height=\"333\" width=\"500\" title=\"Urgence BW\" onerror=\"this.style.display='none'\"  \/>\n\t\t\t\t<\/a>\n<a href=\"https:\/\/suresms.com\/fr\/rejets-de-la-branche\/message-texte-durgence\/\"  target=\"_self\">En savoir plus sur nos SMS d'urgence<\/a>\t\n\t<h3>Envoyez un SMS lorsqu'il y a des nouvelles sur votre site web<\/h3>\n<p>Il s'agit d'une fonction utile pour les associations, les organisations commerciales et les commer\u00e7ants, et elle est \u00e0 la fois facile et peu co\u00fbteuse \u00e0 mettre en place. Avec notre passerelle SMS, vous pouvez choisir d'envoyer un SMS \u00e0 tous les clients ou seulement \u00e0 des groupes d'utilisateurs. Gr\u00e2ce \u00e0 notre API SureSMS, le SMS est envoy\u00e9 automatiquement lorsque vous mettez \u00e0 jour votre site web. Si vous disposez d\u00e9j\u00e0 d'une newsletter ou d'un module d'envoi de newsletters, vous pouvez utiliser notre module email2sms pour faire en sorte que vos utilisateurs re\u00e7oivent le SMS \u00e0 partir de votre module de news.<\/p>\n<p><a href=\"https:\/\/suresms.com\/fr\/a-propos-de-suresms\/support-suresms\/\">Appeler l'\u00e9quipe d'assistance<\/a> pour un entretien. Nous serons heureux de vous aider \u00e0 mettre en place une solution adapt\u00e9e \u00e0 vos besoins.<\/p>\n\t\t\t\t<a href=\"https:\/\/suresms.com\/fr\/a-propos-de-suresms\/support-suresms\/\"  target=\"_self\" itemprop=\"url\">\n\t\t\t\t<img loading=\"lazy\" decoding=\"async\" src=\"https:\/\/suresms.com\/wp-content\/uploads\/bb-plugin\/cache\/Not-there1-panorama-46ce722cf3951d9002e2059616f3f7fe-.jpg\" alt=\"Quelle solution SMS en ligne\" itemprop=\"image\" height=\"266\" width=\"500\" title=\"solution de sms en ligne en cas de doute\" onerror=\"this.style.display='none'\"  \/>\n\t\t\t\t<\/a>\n<h3><a href=\"https:\/\/suresms.com\/fr\/a-propos-de-suresms\/support-suresms\/\" target=\"_self\">Je ne suis pas l\u00e0<\/a><\/h3>Je ne me reconnais pas vraiment dans vos bo\u00eetes.<br \/>\nJ'ai besoin d'une solution SMS que je ne sais pas si vous fournissez.\n<p>&nbsp;<\/p>\n<a title=\"Assistance SureSMS 24\/7\" href=\"https:\/\/suresms.com\/fr\/a-propos-de-suresms\/support-suresms\/\">Contactez notre \u00e9quipe d'assistance.<\/a> Nous avons certainement une solution pour vous, et nous aimons les d\u00e9fis.<br \/>\nNous sommes pr\u00eats \u00e0 vous apporter nos connaissances, notre aide et nos conseils professionnels gratuits sept jours sur sept.\n\t\t\t\t<a href=\"https:\/\/suresms.com\/fr\/commande\/compte-test-sms-gratuit\/\"  target=\"_self\" itemprop=\"url\">\n\t\t\t\t<img loading=\"lazy\" decoding=\"async\" src=\"https:\/\/suresms.com\/wp-content\/uploads\/bb-plugin\/cache\/test-stor-panorama-de3cf342ba8c1b45016354f59526e95d-.jpg\" alt=\"Compte d&#039;essai gratuit pour Sure SMS\" itemprop=\"image\" height=\"266\" width=\"500\" title=\"Cr\u00e9er un compte d&#039;essai gratuit Sure SMS\" onerror=\"this.style.display='none'\"  \/>\n\t\t\t\t<\/a>\n<h3><a href=\"https:\/\/suresms.com\/fr\/commande\/compte-test-sms-gratuit\/\" target=\"_self\">Cr\u00e9ez un compte d'essai gratuit MAINTENANT !<\/a><\/h3>Vous pouvez cr\u00e9er un compte gratuitement et essayer notre syst\u00e8me. Suivez le lien et obtenez imm\u00e9diatement un compte d'essai comprenant 50 SMS gratuits. Il s'agit d'un service de SureSMS pour vous, sans co\u00fbt financier ni obligation.<br \/>\nPour des raisons de s\u00e9curit\u00e9, nous v\u00e9rifions chaque compte manuellement et il peut parfois y avoir un court temps d'attente. Nous vous demandons de faire preuve de compr\u00e9hension \u00e0 cet \u00e9gard.","protected":false},"excerpt":{"rendered":"<p>Solutions sectorielles - Des solutions SMS haut de gamme pour votre entreprise Chez SureSMS, nous fournissons des solutions SMS flexibles et stables pour de nombreux secteurs et organisations. Pour nous, travailler avec nos clients est un partenariat dans lequel nous adaptons les produits et les services \u00e0 leurs besoins afin qu'ensemble nous puissions am\u00e9liorer votre communication et votre comp\u00e9titivit\u00e9. Sur cette page, nous avons rassembl\u00e9 quelques ... <a title=\"Solutions pour l&#039;industrie\" class=\"read-more\" href=\"https:\/\/suresms.com\/fr\/branchelosninger\/\" aria-label=\"En savoir plus sur les solutions pour l&#039;industrie\">En savoir plus<\/a><\/p>","protected":false},"author":1,"featured_media":0,"parent":0,"menu_order":7,"comment_status":"closed","ping_status":"closed","template":"","meta":{"_fl_builder_enabled":"1","_fl_builder_data":null,"_fl_builder_draft":null,"_fl_builder_data_settings":null,"_fl_builder_css":"","_fl_builder_css_version":"","_fl_builder_js":"","footnotes":""},"categories":[],"tags":[],"class_list":["post-1654","page","type-page","status-publish"],"yoast_head":"<!-- This site is optimized with the Yoast SEO Premium plugin v27.3 (Yoast SEO v27.3) - https:\/\/yoast.com\/product\/yoast-seo-premium-wordpress\/ -->\r\n<title>En SMS-l\u00f8sning til dig! SureSMS - Find din SMS-l\u00f8sning her<\/title>\r\n<meta name=\"description\" content=\"Find din SMS l\u00f8sning her! Hos SureSMS tager vi udgangspunkt i kunden. Bedste SMS l\u00f8sning til Transport virksomheder, offentlige institutioner og klubber.\" \/>\r\n<meta name=\"robots\" content=\"index, follow, max-snippet:-1, max-image-preview:large, max-video-preview:-1\" \/>\r\n<link rel=\"canonical\" href=\"https:\/\/suresms.com\/fr\/rejets-de-la-branche\/\" \/>\r\n<meta property=\"og:locale\" content=\"fr_FR\" \/>\r\n<meta property=\"og:type\" content=\"article\" \/>\r\n<meta property=\"og:title\" content=\"Branchel\u00f8sninger\" \/>\r\n<meta property=\"og:description\" content=\"Find din SMS l\u00f8sning her! Hos SureSMS tager vi udgangspunkt i kunden. Bedste SMS l\u00f8sning til Transport virksomheder, offentlige institutioner og klubber.\" \/>\r\n<meta property=\"og:url\" content=\"https:\/\/suresms.com\/fr\/rejets-de-la-branche\/\" \/>\r\n<meta property=\"article:publisher\" content=\"https:\/\/www.facebook.com\/p\/SureSMS-100044607956149\/\" \/>\r\n<meta property=\"article:modified_time\" content=\"2025-01-22T16:11:08+00:00\" \/>\r\n<meta property=\"og:image\" content=\"https:\/\/suresms.com\/wp-content\/uploads\/2016\/06\/sms-til-service-snippet.jpg\" \/>\r\n\t<meta property=\"og:image:width\" content=\"400\" \/>\r\n\t<meta property=\"og:image:height\" content=\"266\" \/>\r\n\t<meta property=\"og:image:type\" content=\"image\/jpeg\" \/>\r\n<meta name=\"twitter:card\" content=\"summary_large_image\" \/>\r\n<meta name=\"twitter:label1\" content=\"Dur\u00e9e de lecture estim\u00e9e\" \/>\n\t<meta name=\"twitter:data1\" content=\"9 minutes\" \/>\r\n<script type=\"application\/ld+json\" class=\"yoast-schema-graph\">{\"@context\":\"https:\\\/\\\/schema.org\",\"@graph\":[{\"@type\":\"WebPage\",\"@id\":\"https:\\\/\\\/suresms.com\\\/dk\\\/branchelosninger\\\/\",\"url\":\"https:\\\/\\\/suresms.com\\\/dk\\\/branchelosninger\\\/\",\"name\":\"En SMS-l\u00f8sning til dig! SureSMS - Find din SMS-l\u00f8sning her\",\"isPartOf\":{\"@id\":\"https:\\\/\\\/suresms.com\\\/en\\\/#website\"},\"primaryImageOfPage\":{\"@id\":\"https:\\\/\\\/suresms.com\\\/dk\\\/branchelosninger\\\/#primaryimage\"},\"image\":{\"@id\":\"https:\\\/\\\/suresms.com\\\/dk\\\/branchelosninger\\\/#primaryimage\"},\"thumbnailUrl\":\"https:\\\/\\\/suresms.com\\\/wp-content\\\/uploads\\\/2016\\\/06\\\/sms-til-service-snippet.jpg\",\"datePublished\":\"2016-02-01T16:43:38+00:00\",\"dateModified\":\"2025-01-22T16:11:08+00:00\",\"description\":\"Find din SMS l\u00f8sning her! Hos SureSMS tager vi udgangspunkt i kunden. Bedste SMS l\u00f8sning til Transport virksomheder, offentlige institutioner og klubber.\",\"breadcrumb\":{\"@id\":\"https:\\\/\\\/suresms.com\\\/dk\\\/branchelosninger\\\/#breadcrumb\"},\"inLanguage\":\"fr-FR\",\"potentialAction\":[{\"@type\":\"ReadAction\",\"target\":[\"https:\\\/\\\/suresms.com\\\/dk\\\/branchelosninger\\\/\"]}]},{\"@type\":\"ImageObject\",\"inLanguage\":\"fr-FR\",\"@id\":\"https:\\\/\\\/suresms.com\\\/dk\\\/branchelosninger\\\/#primaryimage\",\"url\":\"https:\\\/\\\/suresms.com\\\/wp-content\\\/uploads\\\/2016\\\/06\\\/sms-til-service-snippet.jpg\",\"contentUrl\":\"https:\\\/\\\/suresms.com\\\/wp-content\\\/uploads\\\/2016\\\/06\\\/sms-til-service-snippet.jpg\"},{\"@type\":\"BreadcrumbList\",\"@id\":\"https:\\\/\\\/suresms.com\\\/dk\\\/branchelosninger\\\/#breadcrumb\",\"itemListElement\":[{\"@type\":\"ListItem\",\"position\":1,\"name\":\"Home\",\"item\":\"https:\\\/\\\/suresms.com\\\/dk\\\/\"},{\"@type\":\"ListItem\",\"position\":2,\"name\":\"Branchel\u00f8sninger\"}]},{\"@type\":\"WebSite\",\"@id\":\"https:\\\/\\\/suresms.com\\\/en\\\/#website\",\"url\":\"https:\\\/\\\/suresms.com\\\/en\\\/\",\"name\":\"SureSMS\",\"description\":\"Professionel SMS Gateway\",\"publisher\":{\"@id\":\"https:\\\/\\\/suresms.com\\\/en\\\/#organization\"},\"potentialAction\":[{\"@type\":\"SearchAction\",\"target\":{\"@type\":\"EntryPoint\",\"urlTemplate\":\"https:\\\/\\\/suresms.com\\\/en\\\/?s={search_term_string}\"},\"query-input\":{\"@type\":\"PropertyValueSpecification\",\"valueRequired\":true,\"valueName\":\"search_term_string\"}}],\"inLanguage\":\"fr-FR\"},{\"@type\":\"Organization\",\"@id\":\"https:\\\/\\\/suresms.com\\\/en\\\/#organization\",\"name\":\"SureSMS\",\"url\":\"https:\\\/\\\/suresms.com\\\/en\\\/\",\"logo\":{\"@type\":\"ImageObject\",\"inLanguage\":\"fr-FR\",\"@id\":\"https:\\\/\\\/suresms.com\\\/en\\\/#\\\/schema\\\/logo\\\/image\\\/\",\"url\":\"https:\\\/\\\/suresms.com\\\/wp-content\\\/uploads\\\/2024\\\/11\\\/suresms-300x65-1.png\",\"contentUrl\":\"https:\\\/\\\/suresms.com\\\/wp-content\\\/uploads\\\/2024\\\/11\\\/suresms-300x65-1.png\",\"width\":300,\"height\":65,\"caption\":\"SureSMS\"},\"image\":{\"@id\":\"https:\\\/\\\/suresms.com\\\/en\\\/#\\\/schema\\\/logo\\\/image\\\/\"},\"sameAs\":[\"https:\\\/\\\/www.facebook.com\\\/p\\\/SureSMS-100044607956149\\\/\"]}]}<\/script>\r\n<!-- \/ Yoast SEO Premium plugin. -->","yoast_head_json":{"title":"Une solution SMS pour vous ! SureSMS - Trouvez votre solution SMS ici","description":"Trouvez votre solution SMS ici ! Chez SureSMS, nous prenons le client comme point de d\u00e9part. La meilleure solution SMS pour les entreprises de transport, les institutions publiques et les clubs.","robots":{"index":"index","follow":"follow","max-snippet":"max-snippet:-1","max-image-preview":"max-image-preview:large","max-video-preview":"max-video-preview:-1"},"canonical":"https:\/\/suresms.com\/fr\/rejets-de-la-branche\/","og_locale":"fr_FR","og_type":"article","og_title":"Branchel\u00f8sninger","og_description":"Find din SMS l\u00f8sning her! Hos SureSMS tager vi udgangspunkt i kunden. Bedste SMS l\u00f8sning til Transport virksomheder, offentlige institutioner og klubber.","og_url":"https:\/\/suresms.com\/fr\/rejets-de-la-branche\/","article_publisher":"https:\/\/www.facebook.com\/p\/SureSMS-100044607956149\/","article_modified_time":"2025-01-22T16:11:08+00:00","og_image":[{"width":400,"height":266,"url":"https:\/\/suresms.com\/wp-content\/uploads\/2016\/06\/sms-til-service-snippet.jpg","type":"image\/jpeg"}],"twitter_card":"summary_large_image","twitter_misc":{"Dur\u00e9e de lecture estim\u00e9e":"9 minutes"},"schema":{"@context":"https:\/\/schema.org","@graph":[{"@type":"WebPage","@id":"https:\/\/suresms.com\/dk\/branchelosninger\/","url":"https:\/\/suresms.com\/dk\/branchelosninger\/","name":"Une solution SMS pour vous ! SureSMS - Trouvez votre solution SMS ici","isPartOf":{"@id":"https:\/\/suresms.com\/en\/#website"},"primaryImageOfPage":{"@id":"https:\/\/suresms.com\/dk\/branchelosninger\/#primaryimage"},"image":{"@id":"https:\/\/suresms.com\/dk\/branchelosninger\/#primaryimage"},"thumbnailUrl":"https:\/\/suresms.com\/wp-content\/uploads\/2016\/06\/sms-til-service-snippet.jpg","datePublished":"2016-02-01T16:43:38+00:00","dateModified":"2025-01-22T16:11:08+00:00","description":"Trouvez votre solution SMS ici ! Chez SureSMS, nous prenons le client comme point de d\u00e9part. La meilleure solution SMS pour les entreprises de transport, les institutions publiques et les clubs.","breadcrumb":{"@id":"https:\/\/suresms.com\/dk\/branchelosninger\/#breadcrumb"},"inLanguage":"fr-FR","potentialAction":[{"@type":"ReadAction","target":["https:\/\/suresms.com\/dk\/branchelosninger\/"]}]},{"@type":"ImageObject","inLanguage":"fr-FR","@id":"https:\/\/suresms.com\/dk\/branchelosninger\/#primaryimage","url":"https:\/\/suresms.com\/wp-content\/uploads\/2016\/06\/sms-til-service-snippet.jpg","contentUrl":"https:\/\/suresms.com\/wp-content\/uploads\/2016\/06\/sms-til-service-snippet.jpg"},{"@type":"BreadcrumbList","@id":"https:\/\/suresms.com\/dk\/branchelosninger\/#breadcrumb","itemListElement":[{"@type":"ListItem","position":1,"name":"Home","item":"https:\/\/suresms.com\/dk\/"},{"@type":"ListItem","position":2,"name":"Branchel\u00f8sninger"}]},{"@type":"WebSite","@id":"https:\/\/suresms.com\/en\/#website","url":"https:\/\/suresms.com\/en\/","name":"SureSMS","description":"Passerelle SMS professionnelle","publisher":{"@id":"https:\/\/suresms.com\/en\/#organization"},"potentialAction":[{"@type":"SearchAction","target":{"@type":"EntryPoint","urlTemplate":"https:\/\/suresms.com\/en\/?s={search_term_string}"},"query-input":{"@type":"PropertyValueSpecification","valueRequired":true,"valueName":"search_term_string"}}],"inLanguage":"fr-FR"},{"@type":"Organization","@id":"https:\/\/suresms.com\/en\/#organization","name":"SureSMS","url":"https:\/\/suresms.com\/en\/","logo":{"@type":"ImageObject","inLanguage":"fr-FR","@id":"https:\/\/suresms.com\/en\/#\/schema\/logo\/image\/","url":"https:\/\/suresms.com\/wp-content\/uploads\/2024\/11\/suresms-300x65-1.png","contentUrl":"https:\/\/suresms.com\/wp-content\/uploads\/2024\/11\/suresms-300x65-1.png","width":300,"height":65,"caption":"SureSMS"},"image":{"@id":"https:\/\/suresms.com\/en\/#\/schema\/logo\/image\/"},"sameAs":["https:\/\/www.facebook.com\/p\/SureSMS-100044607956149\/"]}]}},"_links":{"self":[{"href":"https:\/\/suresms.com\/fr\/wp-json\/wp\/v2\/pages\/1654","targetHints":{"allow":["GET"]}}],"collection":[{"href":"https:\/\/suresms.com\/fr\/wp-json\/wp\/v2\/pages"}],"about":[{"href":"https:\/\/suresms.com\/fr\/wp-json\/wp\/v2\/types\/page"}],"author":[{"embeddable":true,"href":"https:\/\/suresms.com\/fr\/wp-json\/wp\/v2\/users\/1"}],"replies":[{"embeddable":true,"href":"https:\/\/suresms.com\/fr\/wp-json\/wp\/v2\/comments?post=1654"}],"version-history":[{"count":11,"href":"https:\/\/suresms.com\/fr\/wp-json\/wp\/v2\/pages\/1654\/revisions"}],"predecessor-version":[{"id":21943,"href":"https:\/\/suresms.com\/fr\/wp-json\/wp\/v2\/pages\/1654\/revisions\/21943"}],"wp:attachment":[{"href":"https:\/\/suresms.com\/fr\/wp-json\/wp\/v2\/media?parent=1654"}],"wp:term":[{"taxonomy":"category","embeddable":true,"href":"https:\/\/suresms.com\/fr\/wp-json\/wp\/v2\/categories?post=1654"},{"taxonomy":"post_tag","embeddable":true,"href":"https:\/\/suresms.com\/fr\/wp-json\/wp\/v2\/tags?post=1654"}],"curies":[{"name":"wp","href":"https:\/\/api.w.org\/{rel}","templated":true}]}}