{"id":16272,"date":"2022-11-25T16:09:25","date_gmt":"2022-11-25T14:09:25","guid":{"rendered":"https:\/\/www.suresms.com\/dk\/?page_id=16272"},"modified":"2026-02-25T14:22:47","modified_gmt":"2026-02-25T14:22:47","slug":"controle-dacces-physique","status":"publish","type":"page","link":"https:\/\/suresms.com\/fr\/integrationer\/fysisk-adgangs-kontrol\/","title":{"rendered":"Int\u00e9gration des SMS pour les produits physiques"},"content":{"rendered":"<!-- Flexy Breadcrumb -->\r\n\t\t\t<div class=\"fbc fbc-page\">\r\n\r\n\t\t\t\t<!-- Breadcrumb wrapper -->\r\n\t\t\t\t<div class=\"fbc-wrap\">\r\n\r\n\t\t\t\t\t<!-- Ordered list-->\r\n\t\t\t\t\t<ol class=\"fbc-items\" itemscope itemtype=\"https:\/\/schema.org\/BreadcrumbList\">\r\n\t\t\t\t\t\t            <li itemprop=\"itemListElement\" itemscope itemtype=\"https:\/\/schema.org\/ListItem\">\r\n                <span itemprop=\"name\">\r\n                    <!-- Home Link -->\r\n                    <a itemprop=\"item\" href=\"https:\/\/suresms.com\/fr\/\">\r\n                    \r\n                                                    <i class=\"fa fa-home\" aria-hidden=\"true\"><\/i>Accueil                    <\/a>\r\n                <\/span>\r\n                <meta itemprop=\"position\" content=\"1\" \/><!-- Meta Position-->\r\n             <\/li><li><span class=\"fbc-separator\">\/<\/span><\/li><li class=\"active\" itemprop=\"itemListElement\" itemscope itemtype=\"https:\/\/schema.org\/ListItem\"><span itemprop=\"name\" title=\"Int\u00e9gration des SMS pour les produits physiques\">Int\u00e9gration des SMS pour les...<\/span><meta itemprop=\"position\" content=\"2\" \/><\/li>\t\t\t\t\t<\/ol>\r\n\t\t\t\t\t<div class=\"clearfix\"><\/div>\r\n\t\t\t\t<\/div>\r\n\t\t\t<\/div>\r\n\t\t\t\n\t\t<h1>Faites en sorte que votre magasin ne soit pas surveill\u00e9<\/h1>\n\t<h3>Gr\u00e2ce \u00e0 l'int\u00e9gration des SMS \u00e0 la porte de votre magasin, \u00e0 des toilettes ou \u00e0 une salle de sport, par exemple, les clients peuvent se servir eux-m\u00eames en dehors des heures d'ouverture.\nPossibilit\u00e9 de restreindre l'acc\u00e8s en fonction de l'heure et des num\u00e9ros de t\u00e9l\u00e9phone. Ajoutez une s\u00e9curit\u00e9 suppl\u00e9mentaire avec MitID ou acceptez les paiements via Mobilepay.<\/h3>\n\t\t<h3>Les clients peuvent venir dans votre magasin quand cela leur convient<\/h3><ul>\n<li>\n<ul>\n<li>Augmenter les revenus gr\u00e2ce \u00e0 des heures d'ouverture plus longues<\/li>\n<\/ul>\n<\/li>\n<\/ul>\n<ul>\n<li>\n<ul>\n<li>Am\u00e9liorer le service \u00e0 la client\u00e8le et fid\u00e9liser les clients<\/li>\n<li>Voir quels clients ont visit\u00e9 votre magasin<\/li>\n<\/ul>\n<\/li>\n<\/ul>\n<p>&nbsp;<\/p>\n<figure itemscope itemtype=\"https:\/\/schema.org\/ImageObject\">\n\t\t\t\t<img decoding=\"async\" src=\"https:\/\/suresms.com\/wp-content\/uploads\/2022\/11\/Keypad-fritlagt-lille-1.png\" alt=\"Clavier Salto c1000 avec mitID\" height=\"525\" width=\"600\" title=\"Clavier expos\u00e9 - petit\" onerror=\"this.style.display='none'\" loading=\"lazy\" \/>\n\t<\/figure>\n<figure itemscope itemtype=\"https:\/\/schema.org\/ImageObject\">\n\t\t\t\t<img decoding=\"async\" src=\"https:\/\/suresms.com\/wp-content\/uploads\/2026\/02\/Ubemandet-illustration-01-1.png\" alt=\"Illustration sans pilote - 01\" height=\"413\" width=\"998\" title=\"Illustration sans pilote - 01\" onerror=\"this.style.display='none'\" loading=\"lazy\" \/>\n\t<\/figure>\n\t<h2>Trois \u00e9tapes simples<\/h2>\n<ul>\n<li>Le client scanne un code QR et l'application SMS s'ouvre avec un message pr\u00e9-rempli.<\/li>\n<li>Le client envoie le message SMS d'un simple clic sur \"Envoyer\".<\/li>\n<li>Le client re\u00e7oit un SMS avec le code PIN<\/li>\n<li>Le client introduit le code PIN sur le clavier et la porte s'ouvre.<\/li>\n<\/ul>\n<p>Tout simplement.<\/p>\n\t<h3>Magasins de fleurs...<\/h3>\n<p>&nbsp;<\/p>\n<figure itemscope itemtype=\"https:\/\/schema.org\/ImageObject\">\n\t\t\t\t<img decoding=\"async\" src=\"https:\/\/suresms.com\/wp-content\/uploads\/2026\/02\/Butik-Blomster.png\" alt=\"Acheter des fleurs\" height=\"200\" width=\"200\" title=\"Acheter des fleurs\" onerror=\"this.style.display='none'\" loading=\"lazy\" \/>\n\t<\/figure>\n\t<h3>Poissonneries<\/h3>\n<p>&nbsp;<\/p>\n<figure itemscope itemtype=\"https:\/\/schema.org\/ImageObject\">\n\t\t\t\t<img decoding=\"async\" src=\"https:\/\/suresms.com\/wp-content\/uploads\/2026\/02\/Butik-Fiskehandler.png\" alt=\"Boutique Poissonnerie\" height=\"201\" width=\"200\" title=\"Boutique Poissonnerie\" onerror=\"this.style.display='none'\" loading=\"lazy\" \/>\n\t<\/figure>\n\t<h3>Magasins d'occasion<\/h3>\n<p>&nbsp;<\/p>\n<figure itemscope itemtype=\"https:\/\/schema.org\/ImageObject\">\n\t\t\t\t<img decoding=\"async\" src=\"https:\/\/suresms.com\/wp-content\/uploads\/2026\/02\/Butik-Toejbutik.png\" alt=\"Boutique-Magasin de v\u00eatements\" height=\"201\" width=\"200\" title=\"Boutique-Magasin de v\u00eatements\" onerror=\"this.style.display='none'\" loading=\"lazy\" \/>\n\t<\/figure>\n\t<h3>Votre magasin ?<\/h3>\n<figure itemscope itemtype=\"https:\/\/schema.org\/ImageObject\">\n\t\t\t\t<img decoding=\"async\" src=\"https:\/\/suresms.com\/wp-content\/uploads\/2026\/02\/Butik-DinButik.png\" alt=\"Magasin-votre-magasin\" height=\"200\" width=\"200\" title=\"Magasin-votre-magasin\" onerror=\"this.style.display='none'\" loading=\"lazy\" \/>\n\t<\/figure>\n\t<h2>Options suppl\u00e9mentaires - plus de s\u00e9curit\u00e9 pour vous<\/h2>\n<p>Si vous avez besoin d'une s\u00e9curit\u00e9 suppl\u00e9mentaire pour savoir exactement qui entre dans votre magasin, nous avons des modules qui peuvent augmenter la s\u00e9curit\u00e9. Vous pouvez notamment choisir :<\/p>\n\t\t<h3>R\u00e9glage de l'heure<\/h3><p>Si vous ne souhaitez pas \u00e9tendre vos heures d'ouverture \u00e0 toute la journ\u00e9e, mais seulement \u00e0 quelques heures avant et apr\u00e8s la pr\u00e9sence du personnel, vous pouvez le faire en programmant des horaires. Vous pouvez configurer le syst\u00e8me pour qu'il n'\u00e9mette des codes sur la porte qu'\u00e0 certaines p\u00e9riodes.<\/p>\n\t<figure itemscope itemtype=\"https:\/\/schema.org\/ImageObject\">\n\t\t\t\t<img decoding=\"async\" src=\"https:\/\/suresms.com\/wp-content\/uploads\/2026\/02\/Smartwatch-100x126-1.png\" alt=\"Montre intelligente - 100x126\" height=\"126\" width=\"100\" title=\"Montre intelligente - 100x126\" onerror=\"this.style.display='none'\" loading=\"lazy\" \/>\n\t<\/figure>\n\t\t<h3>MitID<\/h3><p>La s\u00e9curit\u00e9 la plus forte est assur\u00e9e par l'authentification MitID. Le client est invit\u00e9 \u00e0 se connecter \u00e0 MitID sur son t\u00e9l\u00e9phone et le num\u00e9ro CPR est stock\u00e9 sur le client. De cette mani\u00e8re, vous pouvez \u00eatre absolument s\u00fbr de l'identit\u00e9 des personnes qui entrent dans votre magasin.<\/p>\n\t<figure itemscope itemtype=\"https:\/\/schema.org\/ImageObject\">\n\t\t\t\t<img decoding=\"async\" src=\"https:\/\/suresms.com\/wp-content\/uploads\/2026\/02\/Mitid-100x100-1.png\" alt=\"Mitid - 100x100\" height=\"100\" width=\"100\" title=\"Mitid - 100x100\" onerror=\"this.style.display='none'\" loading=\"lazy\" \/>\n\t<\/figure>\n\t\t<h3>Num\u00e9ros approuv\u00e9s<\/h3><p>Vous pouvez cr\u00e9er des listes de num\u00e9ros pouvant recevoir un code. Par exemple, si vous disposez d'une liste de membres ou de clients r\u00e9guliers, vous pouvez t\u00e9l\u00e9charger cette liste et vous assurer que seules les personnes figurant sur cette liste peuvent recevoir un code.<\/p>\n\t<figure itemscope itemtype=\"https:\/\/schema.org\/ImageObject\">\n\t\t\t\t<img decoding=\"async\" src=\"https:\/\/suresms.com\/wp-content\/uploads\/2026\/02\/Godkendte-numre-100x100-1.png\" alt=\"Num\u00e9ros approuv\u00e9s - 100x100\" height=\"100\" width=\"100\" title=\"Num\u00e9ros approuv\u00e9s - 100x100\" onerror=\"this.style.display='none'\" loading=\"lazy\" \/>\n\t<\/figure>\n\t\t<h3>Suivi et notification<\/h3><p>Vous recevez un SMS lorsque quelqu'un entre dans le magasin. Combin\u00e9 \u00e0 la vid\u00e9osurveillance, vous pouvez voir ce qui se passe dans le magasin au moment m\u00eame o\u00f9 cela se produit.<\/p>\n\t<figure itemscope itemtype=\"https:\/\/schema.org\/ImageObject\">\n\t\t\t\t<img decoding=\"async\" src=\"https:\/\/suresms.com\/wp-content\/uploads\/2026\/02\/Overvaagning-og-advisering-100x100-1.png\" alt=\"Surveillance et notification - 100x100\" height=\"100\" width=\"100\" title=\"Surveillance et notification - 100x100\" onerror=\"this.style.display='none'\" loading=\"lazy\" \/>\n\t<\/figure>\n\t\t<h3>Commencer<\/h3><p>Cette solution est une combinaison de logiciel et de mat\u00e9riel. SureSMS a cr\u00e9\u00e9 une plate-forme logicielle qui prend en charge le clavier Conlan C1000LP.<\/p>\n<p>Cela signifie que vous devez disposer d'un clavier et d'une serrure de porte dans votre magasin, mais aussi d'un compte sur SureSMS pour tirer pleinement parti de la solution.<\/p>\n<p>Nous ne fournissons que le logiciel, vous avez donc besoin d'un serrurier pour vous aider \u00e0 l'installer.<\/p>\n<p>Vous trouverez ci-dessous une liste de serruriers qui ont d\u00e9j\u00e0 install\u00e9 une solution et qui peuvent vous aider \u00e0 d\u00e9marrer.<\/p>\n<p>&nbsp;<\/p>\n\t\t\t\t<table>\n\t\t\t\t\t<thead>\n\t\t\t\t\t\t\t\t\t\t\t\t\t\t<tr>\n\t\t\t\t\t\t\t\t\t\t\t\t\t\t\t<th rowspan=\"\" colspan=\"\">\n\t\t\t\t\t\t\t\t\t\t Nom de l'entreprise \n\t\t\t\t\t\t\t\t\t\t\t\t\t\t\t\t\t<\/th>\n\t\t\t\t\t\t\t\t\t\t\t\t\t\t<th rowspan=\"\" colspan=\"\">\n\t\t\t\t\t\t\t\t\t\t Domaine d'int\u00e9r\u00eat \n\t\t\t\t\t\t\t\t\t\t\t\t\t\t\t\t\t<\/th>\n\t\t\t\t\t\t\t\t\t\t\t\t\t\t<th rowspan=\"\" colspan=\"\">\n\t\t\t\t\t\t\t\t\t\t Page d'accueil \n\t\t\t\t\t\t\t\t\t\t\t\t\t\t\t\t\t<\/th>\n\t\t\t\t\t\t\t\t\t\t\t<\/tr><\/thead>\n\t\t\t\t\t<tbody>\n\t\t\t\t\t\t\t\t\t\t\t\t\t\t\t<tr>\n\t\t\t\t\t\t\t\t\t\t\t\t\t\t\t\t\t\t\t\t<td colspan=\"\" rowspan=\"\">\n\t\t\t\t\t\t\t\t\t\t\t\t\t\t\t S\u00e9curisation de la PS \n\t\t\t\t\t\t\t\t\t\t\t\t\t\t\t\t\t\t\t\t\t\t\t\t<\/td>\n\t\t\t\t\t\t\t\t\t\t\t\t\t\t\t\t<td colspan=\"\" rowspan=\"\">\n\t\t\t\t\t\t\t\t\t\t\t\t\t\t\t\t\t\t\t\t\t\t\t Jutland du Nord et du Centre \n\t\t\t\t\t\t\t\t\t\t\t\t\t\t\t\t\t\t\t\t\t\t\t<\/td>\n\t\t\t\t\t\t\t\t\t\t\t\t\t\t\t\t<td colspan=\"\" rowspan=\"\">\n\t\t\t\t\t\t\t\t\t\t\t\t\t<a href=\"https:\/\/spst.dk\/\" target=\"_self\">\n\t\t\t\t\t\t\t\t\t\t\t\t\t\t <blockquote class=\"wp-embedded-content\" data-secret=\"ewV3eMWptK\"><a href=\"https:\/\/spst.dk\/\">Page d'accueil<\/a><\/blockquote><iframe loading=\"lazy\" class=\"wp-embedded-content\" sandbox=\"allow-scripts\" security=\"restricted\" style=\"position: absolute; visibility: hidden;\" title=\"\u201cHome\u201d - SP Sikring &amp; El-Teknik ApS\" src=\"https:\/\/spst.dk\/embed\/#?secret=IlC3UvtDzb#?secret=ewV3eMWptK\" data-secret=\"ewV3eMWptK\" width=\"600\" height=\"338\" frameborder=\"0\" marginwidth=\"0\" marginheight=\"0\" scrolling=\"no\"><\/iframe> \n\t\t\t\t\t\t\t\t\t\t\t\t\t\t\t\t\t\t\t\t\t\t\t\t\t\t\t<\/a>\n\t\t\t\t\t\t\t\t\t\t\t\t\t\t\t\t\t\t\t<\/td>\n\t\t\t\t\t\t\t\t\t\t\t\t\t\t\t<\/tr><tr>\n\t\t\t\t\t\t\t\t\t\t\t\t\t\t\t\t\t\t\t\t<td colspan=\"\" rowspan=\"\">\n\t\t\t\t\t\t\t\t\t\t\t\t\t\t\t\t\t\t\t\t\t\t\t Verrouiller.com \n\t\t\t\t\t\t\t\t\t\t\t\t\t\t\t\t\t\t\t\t\t\t\t<\/td>\n\t\t\t\t\t\t\t\t\t\t\t\t\t\t\t\t<td colspan=\"\" rowspan=\"\">\n\t\t\t\t\t\t\t\t\t\t\t\t\t\t\t\t\t\t\t\t\t\t\t Funen et la r\u00e9gion du triangle \n\t\t\t\t\t\t\t\t\t\t\t\t\t\t\t\t\t\t\t\t\t\t\t<\/td>\n\t\t\t\t\t\t\t\t\t\t\t\t\t\t\t\t<td colspan=\"\" rowspan=\"\">\n\t\t\t\t\t\t\t\t\t\t\t\t\t<a href=\"https:\/\/laas.dk\" target=\"_self\">\n\t\t\t\t\t\t\t\t\t\t\t\t\t\t https:\/\/laas.dk \n\t\t\t\t\t\t\t\t\t\t\t\t\t\t\t\t\t\t\t\t\t\t\t\t\t\t\t<\/a>\n\t\t\t\t\t\t\t\t\t\t\t\t\t\t\t\t\t\t\t<\/td>\n\t\t\t\t\t\t\t\t\t\t\t\t\t\t\t<\/tr><tr>\n\t\t\t\t\t\t\t\t\t\t\t\t\t\t\t\t\t\t\t\t<td colspan=\"\" rowspan=\"\">\n\t\t\t\t\t\t\t\t\t\t\t\t\t\t\t\t\t\t\t\t\t\t\t Serrures de sac \n\t\t\t\t\t\t\t\t\t\t\t\t\t\t\t\t\t\t\t\t\t\t\t<\/td>\n\t\t\t\t\t\t\t\t\t\t\t\t\t\t\t\t<td colspan=\"\" rowspan=\"\">\n\t\t\t\t\t\t\t\t\t\t\t\t\t\t\t\t\t\t\t\t\t\t\t Z\u00e9lande et \u00eeles \n\t\t\t\t\t\t\t\t\t\t\t\t\t\t\t\t\t\t\t\t\t\t\t<\/td>\n\t\t\t\t\t\t\t\t\t\t\t\t\t\t\t\t<td colspan=\"\" rowspan=\"\">\n\t\t\t\t\t\t\t\t\t\t\t\t\t<a href=\"https:\/\/bagger-laase.dk\" target=\"_self\">\n\t\t\t\t\t\t\t\t\t\t\t\t\t\t <blockquote class=\"wp-embedded-content\" data-secret=\"aBOeeiGcCw\"><a href=\"https:\/\/bagger-laase.dk\/\">Page d'accueil<\/a><\/blockquote><iframe loading=\"lazy\" class=\"wp-embedded-content\" sandbox=\"allow-scripts\" security=\"restricted\" style=\"position: absolute; visibility: hidden;\" title=\"\u201cHome\u201d - Bagger L\u00e5se &amp; Alarm A\/S\" src=\"https:\/\/bagger-laase.dk\/embed#?secret=7rj7TFzG10#?secret=aBOeeiGcCw\" data-secret=\"aBOeeiGcCw\" width=\"600\" height=\"338\" frameborder=\"0\" marginwidth=\"0\" marginheight=\"0\" scrolling=\"no\"><\/iframe> \n\t\t\t\t\t\t\t\t\t\t\t\t\t\t\t\t\t\t\t\t\t\t\t\t\t\t\t<\/a>\n\t\t\t\t\t\t\t\t\t\t\t\t\t\t\t\t\t\t\t<\/td>\n\t\t\t\t\t\t\t\t\t\t\t<\/tr><\/tbody>\n\t\t\t\t<\/table>\n\t\t\t\t\t\t\t\t\t\t<h4 tabindex=\"0\">Combien cela co\u00fbte-t-il ?<\/h4>\n\t\t\t\t\t<p>Malheureusement, il est difficile de dire ce que cela co\u00fbte du d\u00e9but \u00e0 la fin. Toutefois, nous pouvons dire qu'un clavier et une g\u00e2che co\u00fbtent g\u00e9n\u00e9ralement environ 2 000 DKK. L'installation du serrurier d\u00e9pend beaucoup de l'endroit o\u00f9 il sera install\u00e9.\u00a0<\/p>\n<p>Le prix du logiciel est de 950 euros pour l'enregistrement et de 99 euros par mois. En outre, il en co\u00fbte 31 \u00f8re par code envoy\u00e9 (1 DKK si vous utilisez MitID).<\/p>\n\t\t<h3>Guide<\/h3><p>Vous trouverez ici les instructions pour le clavier Conlan<\/p>\n<p><a href=\"https:\/\/www.conlan.eu\/download\/doc\/en\/Stand-Alone\/C1000LP-Manual.pdf\">Conlan C1000LP - Manuel<\/a> - mis \u00e0 jour sur le site web de Conlan.<\/p>\n<p>Mais nous avons aussi notre propre copie locale qui tra\u00eene. <a href=\"https:\/\/suresms.com\/wp-content\/uploads\/2026\/01\/C1000LP-Manual.pdf\">ici<\/a>, si la documentation de Conlan est introuvable.<\/p>\n<p>Vous pouvez t\u00e9l\u00e9charger le guide de mise en place <a href=\"https:\/\/suresms.com\/wp-content\/uploads\/2026\/01\/Vejledning-i-opsaetning-af-Conlan-NemID-doer.pdf\">SureSMS ici.<\/a><\/p>","protected":false},"excerpt":{"rendered":"<p>Rendez votre magasin sans personnel Gr\u00e2ce \u00e0 l'int\u00e9gration de SMS \u00e0 la porte de votre magasin, \u00e0 des toilettes ou \u00e0 une salle de sport, par exemple, les clients peuvent se servir eux-m\u00eames en dehors des heures d'ouverture. Possibilit\u00e9 de restreindre l'acc\u00e8s en fonction de l'heure et des num\u00e9ros de t\u00e9l\u00e9phone. Ajoutez une s\u00e9curit\u00e9 suppl\u00e9mentaire avec MyID ou acceptez les paiements via Mobilepay. Les clients peuvent venir dans votre magasin quand cela leur convient Augmentez votre chiffre d'affaires avec... <a title=\"Int\u00e9gration des SMS pour les produits physiques\" class=\"read-more\" href=\"https:\/\/suresms.com\/fr\/integrationer\/fysisk-adgangs-kontrol\/\" aria-label=\"En savoir plus sur l&#039;int\u00e9gration des SMS pour les produits physiques\">En savoir plus<\/a><\/p>","protected":false},"author":1,"featured_media":0,"parent":9400,"menu_order":1,"comment_status":"closed","ping_status":"closed","template":"","meta":{"_fl_builder_enabled":"1","_fl_builder_data":null,"_fl_builder_draft":null,"_fl_builder_data_settings":null,"_fl_builder_css":"","_fl_builder_css_version":"","_fl_builder_js":"","footnotes":""},"categories":[],"tags":[],"class_list":["post-16272","page","type-page","status-publish"],"yoast_head":"<!-- This site is optimized with the Yoast SEO Premium plugin v27.3 (Yoast SEO v27.3) - https:\/\/yoast.com\/product\/yoast-seo-premium-wordpress\/ -->\r\n<title>SMS integration til fysiske produkter - SMS integrationer til 2000+ systemer<\/title>\r\n<meta name=\"description\" content=\"SMS integrationer med 2000+ systemer. Mange forskellige muligheder og gratis ops\u00e6tning. API, webservice, JSON og meget mere\" \/>\r\n<meta name=\"robots\" content=\"index, follow, max-snippet:-1, max-image-preview:large, max-video-preview:-1\" \/>\r\n<link rel=\"canonical\" href=\"https:\/\/suresms.com\/fr\/integrations\/controle-dacces-physique\/\" \/>\r\n<meta property=\"og:locale\" content=\"fr_FR\" \/>\r\n<meta property=\"og:type\" content=\"article\" \/>\r\n<meta property=\"og:title\" content=\"SMS integration til fysiske produkter\" \/>\r\n<meta property=\"og:description\" content=\"SMS integrationer med 2000+ systemer. Mange forskellige muligheder og gratis ops\u00e6tning. API, webservice, JSON og meget mere\" \/>\r\n<meta property=\"og:url\" content=\"https:\/\/suresms.com\/fr\/integrations\/controle-dacces-physique\/\" \/>\r\n<meta property=\"article:publisher\" content=\"https:\/\/www.facebook.com\/p\/SureSMS-100044607956149\/\" \/>\r\n<meta property=\"article:modified_time\" content=\"2026-02-25T14:22:47+00:00\" \/>\r\n<meta property=\"og:image\" content=\"https:\/\/suresms.com\/wp-content\/uploads\/2022\/11\/Keypad-fritlagt-lille-1.png\" \/>\r\n<meta name=\"twitter:card\" content=\"summary_large_image\" \/>\r\n<meta name=\"twitter:label1\" content=\"Dur\u00e9e de lecture estim\u00e9e\" \/>\n\t<meta name=\"twitter:data1\" content=\"5 minutes\" \/>\r\n<script type=\"application\/ld+json\" class=\"yoast-schema-graph\">{\"@context\":\"https:\\\/\\\/schema.org\",\"@graph\":[{\"@type\":\"WebPage\",\"@id\":\"https:\\\/\\\/suresms.com\\\/dk\\\/integrationer\\\/fysisk-adgangs-kontrol\\\/\",\"url\":\"https:\\\/\\\/suresms.com\\\/dk\\\/integrationer\\\/fysisk-adgangs-kontrol\\\/\",\"name\":\"SMS integration til fysiske produkter - SMS integrationer til 2000+ systemer\",\"isPartOf\":{\"@id\":\"https:\\\/\\\/suresms.com\\\/en\\\/#website\"},\"primaryImageOfPage\":{\"@id\":\"https:\\\/\\\/suresms.com\\\/dk\\\/integrationer\\\/fysisk-adgangs-kontrol\\\/#primaryimage\"},\"image\":{\"@id\":\"https:\\\/\\\/suresms.com\\\/dk\\\/integrationer\\\/fysisk-adgangs-kontrol\\\/#primaryimage\"},\"thumbnailUrl\":\"https:\\\/\\\/suresms.com\\\/wp-content\\\/uploads\\\/2022\\\/11\\\/Keypad-fritlagt-lille-1.png\",\"datePublished\":\"2022-11-25T14:09:25+00:00\",\"dateModified\":\"2026-02-25T14:22:47+00:00\",\"description\":\"SMS integrationer med 2000+ systemer. Mange forskellige muligheder og gratis ops\u00e6tning. API, webservice, JSON og meget mere\",\"breadcrumb\":{\"@id\":\"https:\\\/\\\/suresms.com\\\/dk\\\/integrationer\\\/fysisk-adgangs-kontrol\\\/#breadcrumb\"},\"inLanguage\":\"fr-FR\",\"potentialAction\":[{\"@type\":\"ReadAction\",\"target\":[\"https:\\\/\\\/suresms.com\\\/dk\\\/integrationer\\\/fysisk-adgangs-kontrol\\\/\"]}]},{\"@type\":\"ImageObject\",\"inLanguage\":\"fr-FR\",\"@id\":\"https:\\\/\\\/suresms.com\\\/dk\\\/integrationer\\\/fysisk-adgangs-kontrol\\\/#primaryimage\",\"url\":\"https:\\\/\\\/suresms.com\\\/wp-content\\\/uploads\\\/2022\\\/11\\\/Keypad-fritlagt-lille-1.png\",\"contentUrl\":\"https:\\\/\\\/suresms.com\\\/wp-content\\\/uploads\\\/2022\\\/11\\\/Keypad-fritlagt-lille-1.png\"},{\"@type\":\"BreadcrumbList\",\"@id\":\"https:\\\/\\\/suresms.com\\\/dk\\\/integrationer\\\/fysisk-adgangs-kontrol\\\/#breadcrumb\",\"itemListElement\":[{\"@type\":\"ListItem\",\"position\":1,\"name\":\"Home\",\"item\":\"https:\\\/\\\/suresms.com\\\/dk\\\/\"},{\"@type\":\"ListItem\",\"position\":2,\"name\":\"Integrationer\",\"item\":\"https:\\\/\\\/suresms.com\\\/dk\\\/integrationer\\\/\"},{\"@type\":\"ListItem\",\"position\":3,\"name\":\"SMS integration til fysiske produkter\"}]},{\"@type\":\"WebSite\",\"@id\":\"https:\\\/\\\/suresms.com\\\/en\\\/#website\",\"url\":\"https:\\\/\\\/suresms.com\\\/en\\\/\",\"name\":\"SureSMS\",\"description\":\"Professionel SMS Gateway\",\"publisher\":{\"@id\":\"https:\\\/\\\/suresms.com\\\/en\\\/#organization\"},\"potentialAction\":[{\"@type\":\"SearchAction\",\"target\":{\"@type\":\"EntryPoint\",\"urlTemplate\":\"https:\\\/\\\/suresms.com\\\/en\\\/?s={search_term_string}\"},\"query-input\":{\"@type\":\"PropertyValueSpecification\",\"valueRequired\":true,\"valueName\":\"search_term_string\"}}],\"inLanguage\":\"fr-FR\"},{\"@type\":\"Organization\",\"@id\":\"https:\\\/\\\/suresms.com\\\/en\\\/#organization\",\"name\":\"SureSMS\",\"url\":\"https:\\\/\\\/suresms.com\\\/en\\\/\",\"logo\":{\"@type\":\"ImageObject\",\"inLanguage\":\"fr-FR\",\"@id\":\"https:\\\/\\\/suresms.com\\\/en\\\/#\\\/schema\\\/logo\\\/image\\\/\",\"url\":\"https:\\\/\\\/suresms.com\\\/wp-content\\\/uploads\\\/2024\\\/11\\\/suresms-300x65-1.png\",\"contentUrl\":\"https:\\\/\\\/suresms.com\\\/wp-content\\\/uploads\\\/2024\\\/11\\\/suresms-300x65-1.png\",\"width\":300,\"height\":65,\"caption\":\"SureSMS\"},\"image\":{\"@id\":\"https:\\\/\\\/suresms.com\\\/en\\\/#\\\/schema\\\/logo\\\/image\\\/\"},\"sameAs\":[\"https:\\\/\\\/www.facebook.com\\\/p\\\/SureSMS-100044607956149\\\/\"]}]}<\/script>\r\n<!-- \/ Yoast SEO Premium plugin. -->","yoast_head_json":{"title":"Int\u00e9gration SMS pour produits physiques - Int\u00e9grations SMS pour plus de 2000 syst\u00e8mes","description":"Int\u00e9grations SMS avec plus de 2000 syst\u00e8mes. Nombreuses options et installation gratuite. API, service web, JSON et bien plus encore.","robots":{"index":"index","follow":"follow","max-snippet":"max-snippet:-1","max-image-preview":"max-image-preview:large","max-video-preview":"max-video-preview:-1"},"canonical":"https:\/\/suresms.com\/fr\/integrations\/controle-dacces-physique\/","og_locale":"fr_FR","og_type":"article","og_title":"SMS integration til fysiske produkter","og_description":"SMS integrationer med 2000+ systemer. Mange forskellige muligheder og gratis ops\u00e6tning. API, webservice, JSON og meget mere","og_url":"https:\/\/suresms.com\/fr\/integrations\/controle-dacces-physique\/","article_publisher":"https:\/\/www.facebook.com\/p\/SureSMS-100044607956149\/","article_modified_time":"2026-02-25T14:22:47+00:00","og_image":[{"url":"https:\/\/suresms.com\/wp-content\/uploads\/2022\/11\/Keypad-fritlagt-lille-1.png","type":"","width":"","height":""}],"twitter_card":"summary_large_image","twitter_misc":{"Dur\u00e9e de lecture estim\u00e9e":"5 minutes"},"schema":{"@context":"https:\/\/schema.org","@graph":[{"@type":"WebPage","@id":"https:\/\/suresms.com\/dk\/integrationer\/fysisk-adgangs-kontrol\/","url":"https:\/\/suresms.com\/dk\/integrationer\/fysisk-adgangs-kontrol\/","name":"Int\u00e9gration SMS pour produits physiques - Int\u00e9grations SMS pour plus de 2000 syst\u00e8mes","isPartOf":{"@id":"https:\/\/suresms.com\/en\/#website"},"primaryImageOfPage":{"@id":"https:\/\/suresms.com\/dk\/integrationer\/fysisk-adgangs-kontrol\/#primaryimage"},"image":{"@id":"https:\/\/suresms.com\/dk\/integrationer\/fysisk-adgangs-kontrol\/#primaryimage"},"thumbnailUrl":"https:\/\/suresms.com\/wp-content\/uploads\/2022\/11\/Keypad-fritlagt-lille-1.png","datePublished":"2022-11-25T14:09:25+00:00","dateModified":"2026-02-25T14:22:47+00:00","description":"Int\u00e9grations SMS avec plus de 2000 syst\u00e8mes. Nombreuses options et installation gratuite. API, service web, JSON et bien plus encore.","breadcrumb":{"@id":"https:\/\/suresms.com\/dk\/integrationer\/fysisk-adgangs-kontrol\/#breadcrumb"},"inLanguage":"fr-FR","potentialAction":[{"@type":"ReadAction","target":["https:\/\/suresms.com\/dk\/integrationer\/fysisk-adgangs-kontrol\/"]}]},{"@type":"ImageObject","inLanguage":"fr-FR","@id":"https:\/\/suresms.com\/dk\/integrationer\/fysisk-adgangs-kontrol\/#primaryimage","url":"https:\/\/suresms.com\/wp-content\/uploads\/2022\/11\/Keypad-fritlagt-lille-1.png","contentUrl":"https:\/\/suresms.com\/wp-content\/uploads\/2022\/11\/Keypad-fritlagt-lille-1.png"},{"@type":"BreadcrumbList","@id":"https:\/\/suresms.com\/dk\/integrationer\/fysisk-adgangs-kontrol\/#breadcrumb","itemListElement":[{"@type":"ListItem","position":1,"name":"Home","item":"https:\/\/suresms.com\/dk\/"},{"@type":"ListItem","position":2,"name":"Integrationer","item":"https:\/\/suresms.com\/dk\/integrationer\/"},{"@type":"ListItem","position":3,"name":"SMS integration til fysiske produkter"}]},{"@type":"WebSite","@id":"https:\/\/suresms.com\/en\/#website","url":"https:\/\/suresms.com\/en\/","name":"SureSMS","description":"Passerelle SMS professionnelle","publisher":{"@id":"https:\/\/suresms.com\/en\/#organization"},"potentialAction":[{"@type":"SearchAction","target":{"@type":"EntryPoint","urlTemplate":"https:\/\/suresms.com\/en\/?s={search_term_string}"},"query-input":{"@type":"PropertyValueSpecification","valueRequired":true,"valueName":"search_term_string"}}],"inLanguage":"fr-FR"},{"@type":"Organization","@id":"https:\/\/suresms.com\/en\/#organization","name":"SureSMS","url":"https:\/\/suresms.com\/en\/","logo":{"@type":"ImageObject","inLanguage":"fr-FR","@id":"https:\/\/suresms.com\/en\/#\/schema\/logo\/image\/","url":"https:\/\/suresms.com\/wp-content\/uploads\/2024\/11\/suresms-300x65-1.png","contentUrl":"https:\/\/suresms.com\/wp-content\/uploads\/2024\/11\/suresms-300x65-1.png","width":300,"height":65,"caption":"SureSMS"},"image":{"@id":"https:\/\/suresms.com\/en\/#\/schema\/logo\/image\/"},"sameAs":["https:\/\/www.facebook.com\/p\/SureSMS-100044607956149\/"]}]}},"_links":{"self":[{"href":"https:\/\/suresms.com\/fr\/wp-json\/wp\/v2\/pages\/16272","targetHints":{"allow":["GET"]}}],"collection":[{"href":"https:\/\/suresms.com\/fr\/wp-json\/wp\/v2\/pages"}],"about":[{"href":"https:\/\/suresms.com\/fr\/wp-json\/wp\/v2\/types\/page"}],"author":[{"embeddable":true,"href":"https:\/\/suresms.com\/fr\/wp-json\/wp\/v2\/users\/1"}],"replies":[{"embeddable":true,"href":"https:\/\/suresms.com\/fr\/wp-json\/wp\/v2\/comments?post=16272"}],"version-history":[{"count":9,"href":"https:\/\/suresms.com\/fr\/wp-json\/wp\/v2\/pages\/16272\/revisions"}],"predecessor-version":[{"id":23843,"href":"https:\/\/suresms.com\/fr\/wp-json\/wp\/v2\/pages\/16272\/revisions\/23843"}],"up":[{"embeddable":true,"href":"https:\/\/suresms.com\/fr\/wp-json\/wp\/v2\/pages\/9400"}],"wp:attachment":[{"href":"https:\/\/suresms.com\/fr\/wp-json\/wp\/v2\/media?parent=16272"}],"wp:term":[{"taxonomy":"category","embeddable":true,"href":"https:\/\/suresms.com\/fr\/wp-json\/wp\/v2\/categories?post=16272"},{"taxonomy":"post_tag","embeddable":true,"href":"https:\/\/suresms.com\/fr\/wp-json\/wp\/v2\/tags?post=16272"}],"curies":[{"name":"wp","href":"https:\/\/api.w.org\/{rel}","templated":true}]}}