{"id":15941,"date":"2022-09-05T16:47:14","date_gmt":"2022-09-05T14:47:14","guid":{"rendered":"https:\/\/www.suresms.com\/dk\/?page_id=15941"},"modified":"2026-03-25T15:49:14","modified_gmt":"2026-03-25T15:49:14","slug":"systeme-dachat-ideal","status":"publish","type":"page","link":"https:\/\/suresms.com\/fr\/integrationer\/shop-systemer\/ideal-shop-shoppingsystem\/","title":{"rendered":"Int\u00e9gration des SMS pour ideal.shop"},"content":{"rendered":"<!-- Flexy Breadcrumb -->\r\n\t\t\t<div class=\"fbc fbc-page\">\r\n\r\n\t\t\t\t<!-- Breadcrumb wrapper -->\r\n\t\t\t\t<div class=\"fbc-wrap\">\r\n\r\n\t\t\t\t\t<!-- Ordered list-->\r\n\t\t\t\t\t<ol class=\"fbc-items\" itemscope itemtype=\"https:\/\/schema.org\/BreadcrumbList\">\r\n\t\t\t\t\t\t            <li itemprop=\"itemListElement\" itemscope itemtype=\"https:\/\/schema.org\/ListItem\">\r\n                <span itemprop=\"name\">\r\n                    <!-- Home Link -->\r\n                    <a itemprop=\"item\" href=\"https:\/\/suresms.com\/fr\/\">\r\n                    \r\n                                                    <i class=\"fa fa-home\" aria-hidden=\"true\"><\/i>Accueil                    <\/a>\r\n                <\/span>\r\n                <meta itemprop=\"position\" content=\"1\" \/><!-- Meta Position-->\r\n             <\/li><li><span class=\"fbc-separator\">\/<\/span><\/li><li class=\"active\" itemprop=\"itemListElement\" itemscope itemtype=\"https:\/\/schema.org\/ListItem\"><span itemprop=\"name\" title=\"Int\u00e9gration des SMS pour ideal.shop\">Int\u00e9gration des SMS pour ideal.shop<\/span><meta itemprop=\"position\" content=\"2\" \/><\/li>\t\t\t\t\t<\/ol>\r\n\t\t\t\t\t<div class=\"clearfix\"><\/div>\r\n\t\t\t\t<\/div>\r\n\t\t\t<\/div>\r\n\t\t\t\n\t\t<h1><strong>Int\u00e9gration des SMS pour ideal.shop<\/strong><\/h1>\n<figure itemscope itemtype=\"https:\/\/schema.org\/ImageObject\">\n\t\t\t\t<img decoding=\"async\" src=\"https:\/\/suresms.com\/wp-content\/uploads\/2022\/09\/ideal.shop-suresms-1.png\" alt=\"ideal-shop-suresms\" height=\"200\" width=\"350\" title=\"id\u00e9al.shop-suresms\" onerror=\"this.style.display='none'\" loading=\"lazy\" \/>\n\t<\/figure>\n\t<figure itemscope itemtype=\"https:\/\/schema.org\/ImageObject\">\n\t\t\t\t<img decoding=\"async\" src=\"https:\/\/suresms.com\/wp-content\/uploads\/2026\/03\/idealshop_logo_400x400-300x300.png\" alt=\"idealshop_logo_400x400\" height=\"300\" width=\"300\" title=\"idealshop_logo_400x400\" onerror=\"this.style.display='none'\" loading=\"lazy\" \/>\n\t<\/figure>\n\t\t<h3>SMS de ideal.shop<\/h3><p>SureSMS a cr\u00e9\u00e9 une int\u00e9gration cl\u00e9 en main pour <a href=\"https:\/\/www.ideal.shop\/\">id\u00e9al.boutique<\/a>afin que les nouveaux clients que vous obtenez dans votre ideal.shop soient automatiquement transf\u00e9r\u00e9s sur votre compte SureSMS. A partir de SureSMS, vous pouvez envoyer des SMS \u00e0 vos clients (ceux qui ont accept\u00e9 les SMS).<\/p>\n<p>Toutes les fonctionnalit\u00e9s SMS de SureSMS fonctionnent \u00e9galement avec les clients de votre boutique id\u00e9ale.<\/p>\n<p>L'objectif d'ideal.shop est de cr\u00e9er un syst\u00e8me de boutique unique qui peut \u00eatre utilis\u00e9 par tout le monde. Facile \u00e0 utiliser, il offre n\u00e9anmoins de nombreuses fonctionnalit\u00e9s.<\/p>\n<p>Le SMS de ideal.shop est id\u00e9al !<\/p>\n\t<h3>Obtenez l'autorisation d'envoyer des SMS \u00e0 vos clients<\/h3>\nLors de la mise en place de l'int\u00e9gration entre ideal.shop et SureSMS, il est tr\u00e8s important que vos clients aient la possibilit\u00e9 de s'inscrire pour recevoir des SMS. Sans cette \u201cautorisation\u201d, vous ne pouvez pas l\u00e9galement leur envoyer des messages SMS.\nVous obtenez les autorisations dans le flux de paiement, o\u00f9 vous demandez \u00e9galement aux clients s'ils souhaitent recevoir des bulletins d'information.\nSelon la loi, les clients doivent pouvoir se d\u00e9sinscrire des listes de SMS et d'e-mails. Ils peuvent le faire dans SureSMS en cochant la case au moment de l'envoi. C'est incroyablement facile.\nUne fois que le client a effectu\u00e9 cette op\u00e9ration, vous pouvez envoyer des SMS \u00e0 partir d'ideal.shop.\n\t<h3>\u00c9coute des SMS<\/h3>\n<p>Une fois l'int\u00e9gration configur\u00e9e et activ\u00e9e, un groupe appel\u00e9 ideal.shop est automatiquement cr\u00e9\u00e9 dans votre compte SureSMS. Cette liste contient tous les clients de votre boutique qui ont accept\u00e9 de recevoir des messages SMS.<\/p>\n<figure itemscope itemtype=\"https:\/\/schema.org\/ImageObject\">\n\t\t\t\t<img decoding=\"async\" src=\"https:\/\/suresms.com\/wp-content\/uploads\/2022\/09\/Screenshot-2022-09-05-170530-1.png\" alt=\"Capture d&#039;\u00e9cran 2022-09-05 170530\" height=\"1315\" width=\"1968\" title=\"Capture d&#039;\u00e9cran 2022-09-05 170530\" onerror=\"this.style.display='none'\" loading=\"lazy\" \/>\n\t<\/figure>\n\t<p>Dans SureSMS, vous pouvez voir le nom, l'adresse \u00e9lectronique et le num\u00e9ro de t\u00e9l\u00e9phone du destinataire. Vous pouvez \u00e9galement utiliser nos autres m\u00e9thodes pour inscrire des destinataires sur votre liste SMS. Par exemple, les utilisateurs s'inscrivent directement sur votre site web et n'ont pas besoin d'acheter quoi que ce soit pour figurer sur la liste.<\/p>\n\t<strong>Guide de configuration de la commande<br \/>\n<\/strong>Obtenir un guide d\u00e9taill\u00e9 sur la fa\u00e7on de s'installer avec SureSMS\n\n<div class=\"wpcf7 no-js\" id=\"wpcf7-f13762-o1\" lang=\"en-GB\" dir=\"ltr\" data-wpcf7-id=\"13762\">\n<div class=\"screen-reader-response\"><p role=\"status\" aria-live=\"polite\" aria-atomic=\"true\"><\/p> <ul><\/ul><\/div>\n<form action=\"\/fr\/wp-json\/wp\/v2\/pages\/15941#wpcf7-f13762-o1\" method=\"post\" class=\"wpcf7-form init\" aria-label=\"Formulaire de contact\" novalidate=\"novalidate\" data-status=\"init\" data-trp-original-action=\"\/fr\/wp-json\/wp\/v2\/pages\/15941#wpcf7-f13762-o1\">\n<fieldset class=\"hidden-fields-container\"><input type=\"hidden\" name=\"_wpcf7\" value=\"13762\" \/><input type=\"hidden\" name=\"_wpcf7_version\" value=\"6.1.5\" \/><input type=\"hidden\" name=\"_wpcf7_locale\" value=\"en_GB\" \/><input type=\"hidden\" name=\"_wpcf7_unit_tag\" value=\"wpcf7-f13762-o1\" \/><input type=\"hidden\" name=\"_wpcf7_container_post\" value=\"0\" \/><input type=\"hidden\" name=\"_wpcf7_posted_data_hash\" value=\"\" \/>\n<\/fieldset>\n<p><label><span class=\"wpcf7-form-control-wrap\" data-name=\"your-name\"><input size=\"40\" maxlength=\"400\" class=\"wpcf7-form-control wpcf7-text wpcf7-validates-as-required wpctf7-my-custom-class\" aria-required=\"true\" aria-invalid=\"false\" placeholder=\"Votre nom\" value=\"\" type=\"text\" name=\"your-name\" \/><\/span><\/label>\n<\/p>\n<p><span class=\"wpcf7-form-control-wrap\" data-name=\"email\"><input size=\"40\" maxlength=\"400\" class=\"wpcf7-form-control wpcf7-email wpcf7-validates-as-required wpcf7-text wpcf7-validates-as-email wpctf7-my-custom-class\" aria-required=\"true\" aria-invalid=\"false\" placeholder=\"E-mail*.\" value=\"\" type=\"email\" name=\"email\" \/><\/span>\n<\/p>\n<p><div class=\"cf7-cf-turnstile\" style=\"margin-top: 0px; margin-bottom: -15px;\"> <div id=\"cf-turnstile-cf7-543853362\" class=\"cf-turnstile\" data-sitekey=\"0x4AAAAAAB8YGArd9ML-HbMW\" data-theme=\"light\" data-language=\"auto\" data-size=\"normal\" data-retry=\"auto\" data-retry-interval=\"1000\" data-refresh-expired=\"auto\" data-action=\"contact-form-7\" data-appearance=\"always\"><\/div> <script>document.addEventListener(\"DOMContentLoaded\", function() { setTimeout(function(){ var e=document.getElementById(\"cf-turnstile-cf7-543853362\"); e&&!e.innerHTML.trim()&&(turnstile.remove(\"#cf-turnstile-cf7-543853362\"), turnstile.render(\"#cf-turnstile-cf7-543853362\", {sitekey:\"0x4AAAAAAB8YGArd9ML-HbMW\"})); }, 100); });<\/script> <br class=\"cf-turnstile-br cf-turnstile-br-cf7-543853362\"> <style>#cf-turnstile-cf7-543853362 { margin-left: -15px; }<\/style> <script>document.addEventListener(\"DOMContentLoaded\",function(){document.querySelectorAll('.wpcf7-form').forEach(function(e){e.addEventListener('submit',function(){if(document.getElementById('cf-turnstile-cf7-543853362')){setTimeout(function(){turnstile.reset('#cf-turnstile-cf7-543853362');},1000)}})})});<\/script> <\/div><br\/><input class=\"wpcf7-form-control wpcf7-submit has-spinner\" type=\"submit\" value=\"Orientations pour les commandes\" \/>\n<\/p><div class=\"wpcf7-response-output\" aria-hidden=\"true\"><\/div>\n<input type=\"hidden\" name=\"trp-form-language\" value=\"fr\"\/><\/form>\n<\/div>\n\n\t\t\t<a href=\"https:\/\/calendly.com\/gm--nzwp\/30min\"  target=\"_blank\" rel=\"noopener\">\n\t\t\t\t\t\t\tR\u00e9server une d\u00e9monstration\n\t\t\t\t\t<\/a>\n\t<p>avec Glen<\/p>","protected":false},"excerpt":{"rendered":"<p>Int\u00e9gration SMS pour ideal.shop SMS depuis ideal.shop SureSMS a cr\u00e9\u00e9 une int\u00e9gration cl\u00e9 en main pour ideal.shop afin que les nouveaux clients que vous obtenez dans votre ideal.shop soient automatiquement transf\u00e9r\u00e9s vers votre compte SureSMS. A partir de SureSMS, vous pouvez envoyer des SMS \u00e0 vos clients (ceux qui ont accept\u00e9 les SMS). Toutes les fonctionnalit\u00e9s SMS que vous avez dans SureSMS fonctionnent... <a title=\"Int\u00e9gration des SMS pour ideal.shop\" class=\"read-more\" href=\"https:\/\/suresms.com\/fr\/integrationer\/shop-systemer\/ideal-shop-shoppingsystem\/\" aria-label=\"En savoir plus sur l&#039;int\u00e9gration des SMS pour ideal.shop\">En savoir plus<\/a><\/p>","protected":false},"author":1,"featured_media":0,"parent":15935,"menu_order":1,"comment_status":"closed","ping_status":"closed","template":"","meta":{"_fl_builder_enabled":"1","_fl_builder_data":null,"_fl_builder_draft":null,"_fl_builder_data_settings":null,"_fl_builder_css":"","_fl_builder_css_version":"","_fl_builder_js":"","footnotes":""},"categories":[],"tags":[],"class_list":["post-15941","page","type-page","status-publish"],"yoast_head":"<!-- This site is optimized with the Yoast SEO Premium plugin v27.3 (Yoast SEO v27.3) - https:\/\/yoast.com\/product\/yoast-seo-premium-wordpress\/ -->\r\n<title>SMS integration til ideal.shop -<\/title>\r\n<meta name=\"description\" content=\"Dyb SMS integration til ideal.shop. F\u00e5 det meste ud af dine kontakter med direkte integration mellem ideal.shop og SureSMS.\" \/>\r\n<meta name=\"robots\" content=\"index, follow, max-snippet:-1, max-image-preview:large, max-video-preview:-1\" \/>\r\n<link rel=\"canonical\" href=\"https:\/\/suresms.com\/fr\/integrations\/systemes-de-magasins\/systeme-dachat-ideal\/\" \/>\r\n<meta property=\"og:locale\" content=\"fr_FR\" \/>\r\n<meta property=\"og:type\" content=\"article\" \/>\r\n<meta property=\"og:title\" content=\"SMS integration til ideal.shop\" \/>\r\n<meta property=\"og:description\" content=\"Dyb SMS integration til ideal.shop. F\u00e5 det meste ud af dine kontakter med direkte integration mellem ideal.shop og SureSMS.\" \/>\r\n<meta property=\"og:url\" content=\"https:\/\/suresms.com\/fr\/integrations\/systemes-de-magasins\/systeme-dachat-ideal\/\" \/>\r\n<meta property=\"article:publisher\" content=\"https:\/\/www.facebook.com\/p\/SureSMS-100044607956149\/\" \/>\r\n<meta property=\"article:modified_time\" content=\"2026-03-25T15:49:14+00:00\" \/>\r\n<meta property=\"og:image\" content=\"https:\/\/suresms.com\/wp-content\/uploads\/2022\/09\/ideal.shop-suresms-1.png\" \/>\r\n<meta name=\"twitter:card\" content=\"summary_large_image\" \/>\r\n<meta name=\"twitter:label1\" content=\"Dur\u00e9e de lecture estim\u00e9e\" \/>\n\t<meta name=\"twitter:data1\" content=\"4 minutes\" \/>\r\n<script type=\"application\/ld+json\" class=\"yoast-schema-graph\">{\"@context\":\"https:\\\/\\\/schema.org\",\"@graph\":[{\"@type\":\"WebPage\",\"@id\":\"https:\\\/\\\/suresms.com\\\/integrationer\\\/shop-systemer\\\/ideal-shop-shoppingsystem\\\/\",\"url\":\"https:\\\/\\\/suresms.com\\\/integrationer\\\/shop-systemer\\\/ideal-shop-shoppingsystem\\\/\",\"name\":\"SMS integration til ideal.shop -\",\"isPartOf\":{\"@id\":\"https:\\\/\\\/suresms.com\\\/en\\\/#website\"},\"primaryImageOfPage\":{\"@id\":\"https:\\\/\\\/suresms.com\\\/integrationer\\\/shop-systemer\\\/ideal-shop-shoppingsystem\\\/#primaryimage\"},\"image\":{\"@id\":\"https:\\\/\\\/suresms.com\\\/integrationer\\\/shop-systemer\\\/ideal-shop-shoppingsystem\\\/#primaryimage\"},\"thumbnailUrl\":\"https:\\\/\\\/suresms.com\\\/wp-content\\\/uploads\\\/2022\\\/09\\\/ideal.shop-suresms-1.png\",\"datePublished\":\"2022-09-05T14:47:14+00:00\",\"dateModified\":\"2026-03-25T15:49:14+00:00\",\"description\":\"Dyb SMS integration til ideal.shop. F\u00e5 det meste ud af dine kontakter med direkte integration mellem ideal.shop og SureSMS.\",\"breadcrumb\":{\"@id\":\"https:\\\/\\\/suresms.com\\\/integrationer\\\/shop-systemer\\\/ideal-shop-shoppingsystem\\\/#breadcrumb\"},\"inLanguage\":\"fr-FR\",\"potentialAction\":[{\"@type\":\"ReadAction\",\"target\":[\"https:\\\/\\\/suresms.com\\\/integrationer\\\/shop-systemer\\\/ideal-shop-shoppingsystem\\\/\"]}]},{\"@type\":\"ImageObject\",\"inLanguage\":\"fr-FR\",\"@id\":\"https:\\\/\\\/suresms.com\\\/integrationer\\\/shop-systemer\\\/ideal-shop-shoppingsystem\\\/#primaryimage\",\"url\":\"https:\\\/\\\/suresms.com\\\/wp-content\\\/uploads\\\/2022\\\/09\\\/ideal.shop-suresms-1.png\",\"contentUrl\":\"https:\\\/\\\/suresms.com\\\/wp-content\\\/uploads\\\/2022\\\/09\\\/ideal.shop-suresms-1.png\"},{\"@type\":\"BreadcrumbList\",\"@id\":\"https:\\\/\\\/suresms.com\\\/integrationer\\\/shop-systemer\\\/ideal-shop-shoppingsystem\\\/#breadcrumb\",\"itemListElement\":[{\"@type\":\"ListItem\",\"position\":1,\"name\":\"Home\",\"item\":\"https:\\\/\\\/suresms.com\\\/dk\\\/\"},{\"@type\":\"ListItem\",\"position\":2,\"name\":\"Integrationer\",\"item\":\"https:\\\/\\\/suresms.com\\\/dk\\\/integrationer\\\/\"},{\"@type\":\"ListItem\",\"position\":3,\"name\":\"SMS integration til Shop systemer\",\"item\":\"https:\\\/\\\/suresms.com\\\/dk\\\/integrationer\\\/shop-systemer\\\/\"},{\"@type\":\"ListItem\",\"position\":4,\"name\":\"SMS integration til ideal.shop\"}]},{\"@type\":\"WebSite\",\"@id\":\"https:\\\/\\\/suresms.com\\\/en\\\/#website\",\"url\":\"https:\\\/\\\/suresms.com\\\/en\\\/\",\"name\":\"SureSMS\",\"description\":\"Professionel SMS Gateway\",\"publisher\":{\"@id\":\"https:\\\/\\\/suresms.com\\\/en\\\/#organization\"},\"potentialAction\":[{\"@type\":\"SearchAction\",\"target\":{\"@type\":\"EntryPoint\",\"urlTemplate\":\"https:\\\/\\\/suresms.com\\\/en\\\/?s={search_term_string}\"},\"query-input\":{\"@type\":\"PropertyValueSpecification\",\"valueRequired\":true,\"valueName\":\"search_term_string\"}}],\"inLanguage\":\"fr-FR\"},{\"@type\":\"Organization\",\"@id\":\"https:\\\/\\\/suresms.com\\\/en\\\/#organization\",\"name\":\"SureSMS\",\"url\":\"https:\\\/\\\/suresms.com\\\/en\\\/\",\"logo\":{\"@type\":\"ImageObject\",\"inLanguage\":\"fr-FR\",\"@id\":\"https:\\\/\\\/suresms.com\\\/en\\\/#\\\/schema\\\/logo\\\/image\\\/\",\"url\":\"https:\\\/\\\/suresms.com\\\/wp-content\\\/uploads\\\/2024\\\/11\\\/suresms-300x65-1.png\",\"contentUrl\":\"https:\\\/\\\/suresms.com\\\/wp-content\\\/uploads\\\/2024\\\/11\\\/suresms-300x65-1.png\",\"width\":300,\"height\":65,\"caption\":\"SureSMS\"},\"image\":{\"@id\":\"https:\\\/\\\/suresms.com\\\/en\\\/#\\\/schema\\\/logo\\\/image\\\/\"},\"sameAs\":[\"https:\\\/\\\/www.facebook.com\\\/p\\\/SureSMS-100044607956149\\\/\"]}]}<\/script>\r\n<!-- \/ Yoast SEO Premium plugin. -->","yoast_head_json":{"title":"Int\u00e9gration des SMS \u00e0 ideal.shop","description":"Int\u00e9gration SMS approfondie pour ideal.shop. Tirez le meilleur parti de vos contacts gr\u00e2ce \u00e0 l'int\u00e9gration directe entre ideal.shop et SureSMS.","robots":{"index":"index","follow":"follow","max-snippet":"max-snippet:-1","max-image-preview":"max-image-preview:large","max-video-preview":"max-video-preview:-1"},"canonical":"https:\/\/suresms.com\/fr\/integrations\/systemes-de-magasins\/systeme-dachat-ideal\/","og_locale":"fr_FR","og_type":"article","og_title":"SMS integration til ideal.shop","og_description":"Dyb SMS integration til ideal.shop. F\u00e5 det meste ud af dine kontakter med direkte integration mellem ideal.shop og SureSMS.","og_url":"https:\/\/suresms.com\/fr\/integrations\/systemes-de-magasins\/systeme-dachat-ideal\/","article_publisher":"https:\/\/www.facebook.com\/p\/SureSMS-100044607956149\/","article_modified_time":"2026-03-25T15:49:14+00:00","og_image":[{"url":"https:\/\/suresms.com\/wp-content\/uploads\/2022\/09\/ideal.shop-suresms-1.png","type":"","width":"","height":""}],"twitter_card":"summary_large_image","twitter_misc":{"Dur\u00e9e de lecture estim\u00e9e":"4 minutes"},"schema":{"@context":"https:\/\/schema.org","@graph":[{"@type":"WebPage","@id":"https:\/\/suresms.com\/integrationer\/shop-systemer\/ideal-shop-shoppingsystem\/","url":"https:\/\/suresms.com\/integrationer\/shop-systemer\/ideal-shop-shoppingsystem\/","name":"Int\u00e9gration des SMS \u00e0 ideal.shop","isPartOf":{"@id":"https:\/\/suresms.com\/en\/#website"},"primaryImageOfPage":{"@id":"https:\/\/suresms.com\/integrationer\/shop-systemer\/ideal-shop-shoppingsystem\/#primaryimage"},"image":{"@id":"https:\/\/suresms.com\/integrationer\/shop-systemer\/ideal-shop-shoppingsystem\/#primaryimage"},"thumbnailUrl":"https:\/\/suresms.com\/wp-content\/uploads\/2022\/09\/ideal.shop-suresms-1.png","datePublished":"2022-09-05T14:47:14+00:00","dateModified":"2026-03-25T15:49:14+00:00","description":"Int\u00e9gration SMS approfondie pour ideal.shop. Tirez le meilleur parti de vos contacts gr\u00e2ce \u00e0 l'int\u00e9gration directe entre ideal.shop et SureSMS.","breadcrumb":{"@id":"https:\/\/suresms.com\/integrationer\/shop-systemer\/ideal-shop-shoppingsystem\/#breadcrumb"},"inLanguage":"fr-FR","potentialAction":[{"@type":"ReadAction","target":["https:\/\/suresms.com\/integrationer\/shop-systemer\/ideal-shop-shoppingsystem\/"]}]},{"@type":"ImageObject","inLanguage":"fr-FR","@id":"https:\/\/suresms.com\/integrationer\/shop-systemer\/ideal-shop-shoppingsystem\/#primaryimage","url":"https:\/\/suresms.com\/wp-content\/uploads\/2022\/09\/ideal.shop-suresms-1.png","contentUrl":"https:\/\/suresms.com\/wp-content\/uploads\/2022\/09\/ideal.shop-suresms-1.png"},{"@type":"BreadcrumbList","@id":"https:\/\/suresms.com\/integrationer\/shop-systemer\/ideal-shop-shoppingsystem\/#breadcrumb","itemListElement":[{"@type":"ListItem","position":1,"name":"Home","item":"https:\/\/suresms.com\/dk\/"},{"@type":"ListItem","position":2,"name":"Integrationer","item":"https:\/\/suresms.com\/dk\/integrationer\/"},{"@type":"ListItem","position":3,"name":"SMS integration til Shop systemer","item":"https:\/\/suresms.com\/dk\/integrationer\/shop-systemer\/"},{"@type":"ListItem","position":4,"name":"SMS integration til ideal.shop"}]},{"@type":"WebSite","@id":"https:\/\/suresms.com\/en\/#website","url":"https:\/\/suresms.com\/en\/","name":"SureSMS","description":"Passerelle SMS professionnelle","publisher":{"@id":"https:\/\/suresms.com\/en\/#organization"},"potentialAction":[{"@type":"SearchAction","target":{"@type":"EntryPoint","urlTemplate":"https:\/\/suresms.com\/en\/?s={search_term_string}"},"query-input":{"@type":"PropertyValueSpecification","valueRequired":true,"valueName":"search_term_string"}}],"inLanguage":"fr-FR"},{"@type":"Organization","@id":"https:\/\/suresms.com\/en\/#organization","name":"SureSMS","url":"https:\/\/suresms.com\/en\/","logo":{"@type":"ImageObject","inLanguage":"fr-FR","@id":"https:\/\/suresms.com\/en\/#\/schema\/logo\/image\/","url":"https:\/\/suresms.com\/wp-content\/uploads\/2024\/11\/suresms-300x65-1.png","contentUrl":"https:\/\/suresms.com\/wp-content\/uploads\/2024\/11\/suresms-300x65-1.png","width":300,"height":65,"caption":"SureSMS"},"image":{"@id":"https:\/\/suresms.com\/en\/#\/schema\/logo\/image\/"},"sameAs":["https:\/\/www.facebook.com\/p\/SureSMS-100044607956149\/"]}]}},"_links":{"self":[{"href":"https:\/\/suresms.com\/fr\/wp-json\/wp\/v2\/pages\/15941","targetHints":{"allow":["GET"]}}],"collection":[{"href":"https:\/\/suresms.com\/fr\/wp-json\/wp\/v2\/pages"}],"about":[{"href":"https:\/\/suresms.com\/fr\/wp-json\/wp\/v2\/types\/page"}],"author":[{"embeddable":true,"href":"https:\/\/suresms.com\/fr\/wp-json\/wp\/v2\/users\/1"}],"replies":[{"embeddable":true,"href":"https:\/\/suresms.com\/fr\/wp-json\/wp\/v2\/comments?post=15941"}],"version-history":[{"count":10,"href":"https:\/\/suresms.com\/fr\/wp-json\/wp\/v2\/pages\/15941\/revisions"}],"predecessor-version":[{"id":23859,"href":"https:\/\/suresms.com\/fr\/wp-json\/wp\/v2\/pages\/15941\/revisions\/23859"}],"up":[{"embeddable":true,"href":"https:\/\/suresms.com\/fr\/wp-json\/wp\/v2\/pages\/15935"}],"wp:attachment":[{"href":"https:\/\/suresms.com\/fr\/wp-json\/wp\/v2\/media?parent=15941"}],"wp:term":[{"taxonomy":"category","embeddable":true,"href":"https:\/\/suresms.com\/fr\/wp-json\/wp\/v2\/categories?post=15941"},{"taxonomy":"post_tag","embeddable":true,"href":"https:\/\/suresms.com\/fr\/wp-json\/wp\/v2\/tags?post=15941"}],"curies":[{"name":"wp","href":"https:\/\/api.w.org\/{rel}","templated":true}]}}