{"id":15657,"date":"2022-06-29T23:49:16","date_gmt":"2022-06-29T21:49:16","guid":{"rendered":"https:\/\/www.suresms.com\/dk\/?page_id=15657"},"modified":"2025-11-06T05:51:06","modified_gmt":"2025-11-06T05:51:06","slug":"envoyer-des-sms-depuis-un-pc","status":"publish","type":"page","link":"https:\/\/suresms.com\/fr\/funktioner\/send-sms-fra-pc\/","title":{"rendered":"Envoyer des SMS depuis un PC"},"content":{"rendered":"<!-- Flexy Breadcrumb -->\r\n\t\t\t<div class=\"fbc fbc-page\">\r\n\r\n\t\t\t\t<!-- Breadcrumb wrapper -->\r\n\t\t\t\t<div class=\"fbc-wrap\">\r\n\r\n\t\t\t\t\t<!-- Ordered list-->\r\n\t\t\t\t\t<ol class=\"fbc-items\" itemscope itemtype=\"https:\/\/schema.org\/BreadcrumbList\">\r\n\t\t\t\t\t\t            <li itemprop=\"itemListElement\" itemscope itemtype=\"https:\/\/schema.org\/ListItem\">\r\n                <span itemprop=\"name\">\r\n                    <!-- Home Link -->\r\n                    <a itemprop=\"item\" href=\"https:\/\/suresms.com\/fr\/\">\r\n                    \r\n                                                    <i class=\"fa fa-home\" aria-hidden=\"true\"><\/i>Accueil                    <\/a>\r\n                <\/span>\r\n                <meta itemprop=\"position\" content=\"1\" \/><!-- Meta Position-->\r\n             <\/li><li><span class=\"fbc-separator\">\/<\/span><\/li><li class=\"active\" itemprop=\"itemListElement\" itemscope itemtype=\"https:\/\/schema.org\/ListItem\"><span itemprop=\"name\" title=\"Envoyer des SMS depuis un PC\">Envoyer des SMS depuis un PC<\/span><meta itemprop=\"position\" content=\"2\" \/><\/li>\t\t\t\t\t<\/ol>\r\n\t\t\t\t\t<div class=\"clearfix\"><\/div>\r\n\t\t\t\t<\/div>\r\n\t\t\t<\/div>\r\n\t\t\t\n\t\t\t\t<img decoding=\"async\" src=\"https:\/\/suresms.com\/wp-content\/uploads\/2022\/06\/Send-sms-online-1.png\" alt=\"Envoyer des SMS en ligne -image\" itemprop=\"image\" height=\"367\" width=\"900\" title=\"Envoyer des messages texte en ligne\" onerror=\"this.style.display='none'\" loading=\"lazy\" \/>\n\t<h1>Envoyez des SMS \u00e0 partir d'un PC ou d'un Mac avec notre exp\u00e9diteur de SMS en ligne<\/h1>\n<p>Il est beaucoup plus rapide et facile d'envoyer des SMS \u00e0 partir de votre ordinateur qu'\u00e0 partir de votre t\u00e9l\u00e9phone. En outre, l'utilisation d'un PC ou d'un Mac offre beaucoup plus d'options. Par exemple, vous pouvez joindre des fichiers PDF, cr\u00e9er des listes illimit\u00e9es, envoyer des vid\u00e9os (que le destinataire peut voir), envoyer des liens MobilePay et bien plus encore.<\/p>\n<p>Vous \u00eates un utilisateur professionnel et vous avez besoin d'envoyer des messages SMS \u00e0 vos clients, employ\u00e9s ou membres de votre organisation ? Dans ce cas, il est judicieux d'envoyer des SMS en ligne \u00e0 l'aide d'un exp\u00e9diteur de SMS en ligne.<\/p>\n<p>Que vous utilisiez un PC ou un Mac ou une tablette avec Android, vous pouvez utiliser notre syst\u00e8me pour envoyer des SMS en ligne. Il fonctionne sur tous les ordinateurs et tablettes, quel que soit leur syst\u00e8me d'exploitation. En vous connectant \u00e0 notre application web, vous acc\u00e9dez \u00e0 un syst\u00e8me \u00e0 partir duquel vous pouvez envoyer des SMS.<\/p>\n<p>&nbsp;<\/p>\n\t<h2>Envoyer des messages SMS<\/h2>\n<p>Avec l'acc\u00e8s \u00e0 notre exp\u00e9diteur de SMS, que vous pouvez commander gratuitement juste \u00e0 droite, vous pouvez envoyer et recevoir des SMS via votre ordinateur ou votre tablette. Vous pouvez envoyer un message SMS \u00e0 une seule personne en saisissant son num\u00e9ro de t\u00e9l\u00e9phone ou \u00e0 une liste. Vous pouvez importer la liste dans le syst\u00e8me \u00e0 partir de votre syst\u00e8me CRM, de votre syst\u00e8me d'adh\u00e9sion ou simplement d'une feuille de calcul que vous avez sous la main.<\/p>\n<p>Si vous souhaitez recevoir des SMS en ligne \u00e9galement, vous devez acheter un module SMS bidirectionnel. Il co\u00fbte 99 DKK par mois, mais vous pouvez alors recevoir des SMS \u00e0 la fois sur notre site web et dans votre bo\u00eete aux lettres \u00e9lectronique.<\/p>\n\t\t\t\t<img decoding=\"async\" src=\"https:\/\/suresms.com\/wp-content\/uploads\/2022\/06\/What-is-your-message-1.png\" alt=\"Quel est votre message SMS ?\" itemprop=\"image\" height=\"238\" width=\"319\" title=\"Quel est votre message ?\" onerror=\"this.style.display='none'\" loading=\"lazy\" \/>\n\t\t\t<a href=\"https:\/\/app.suresms.com\/account\/signup\" target=\"_blank\" rel=\"noopener\">\n\t\t\t\t\t\t\tCr\u00e9er un compte gratuit\n\t\t\t\t\t<\/a>\n\t<h2>Envoyer des SMS depuis un PC \/ Envoyer des SMS depuis un Mac<\/h2>\n<p>La fa\u00e7on la plus simple d'envoyer des SMS en ligne est de les envoyer \u00e0 partir de votre PC en vous connectant \u00e0 notre site web. Tapez votre message et appuyez sur \"Envoyer\". Nous enverrons alors un SMS au destinataire. C'est rapide et facile d'envoyer des SMS en ligne.<\/p>\n<p>Nous prenons en charge tous les principaux navigateurs, de sorte que vous n'avez pas \u00e0 vous soucier de savoir si notre syst\u00e8me fonctionne sur votre ordinateur. Tout le monde peut utiliser notre exp\u00e9diteur de SMS.<\/p>\n\t<h2>Envoyer un SMS via le web<\/h2>\n<p>Il existe d'autres moyens d'envoyer un SMS que le navigateur. Vous pouvez \u00e9galement envoyer vos messages par courrier \u00e9lectronique. En utilisant une solution appel\u00e9e mail2sms, vous pouvez envoyer des SMS en ligne \u00e0 partir de votre programme de messagerie. Ceci est valable quel que soit votre programme de messagerie et votre fournisseur de services de messagerie.<\/p>\n<p>&nbsp;<\/p>\n<h2>\u00c0 propos des messages SMS<\/h2>\n<p>Un SMS a une longueur maximale de 160 caract\u00e8res (espaces compris). Si vous \u00e9crivez un message plus long, le message sera quand m\u00eame envoy\u00e9, mais il sera factur\u00e9 comme 2 SMS ou plus en fonction de sa longueur<\/p>\n<p>Vous ne pouvez PAS envoyer de messages SMS \u00e0 des num\u00e9ros \u00e0 3, 4 ou 5 chiffres - les \"shortcodes\" de SureSMS.<\/p>\n<p>Depuis notre site web, vous pouvez facilement utiliser les nombreuses options : exporter des contacts, cr\u00e9er des groupes, programmer des envois et cr\u00e9er des mod\u00e8les pour rendre votre communication plus rapide, plus facile et plus professionnelle.<\/p>\n<p>Pour en savoir plus, consultez la rubrique Caract\u00e9ristiques et fonctions du site web ou suivez le lien en bas de page vers notre cha\u00eene YouTube pour visionner nos vid\u00e9os d'instruction.<\/p>\n<h2>SMS gratuits ?<\/h2>\n<p>La plupart des abonnements de t\u00e9l\u00e9phonie mobile incluent des SMS gratuits. Malheureusement, comme nous payons les op\u00e9rateurs pour chaque SMS envoy\u00e9, il ne nous est pas possible d'offrir cette gratuit\u00e9. Chaque SMS envoy\u00e9 en ligne co\u00fbte 28 \u00f8re.<\/p>\n<p>&nbsp;<\/p>\n\t<h4><strong>Notre interface WEB est facile \u00e0 utiliser<\/strong><\/h4>\n<p>Vous pouvez vous connecter \u00e0 notre site web via le lien suivant <a href=\"https:\/\/app.suresms.com\">http:\/\/app.suresms.com<\/a> ou en cliquant sur le bouton de connexion dans le coin sup\u00e9rieur droit de cette page.<\/p>\n<p>SureSMS Gateway est sp\u00e9cialement con\u00e7u pour les entreprises et les organisations. Nous examinons manuellement tous les comptes avant leur cr\u00e9ation afin de nous assurer que toutes les demandes sont s\u00e9rieuses. Par cons\u00e9quent, il peut y avoir un court d\u00e9lai d'attente avant que vous ne receviez l'e-mail contenant les informations de connexion et que vous puissiez commencer \u00e0 envoyer des SMS.<\/p>\n<p>Notre solution est dite \"ind\u00e9pendante de la plateforme\". Cela signifie qu'elle convient \u00e0 tous les utilisateurs, qu'il s'agisse d'un PC ou d'un Mac, d'une tablette Android ou de Windows. Notre syst\u00e8me fonctionne aussi pour vous.<\/p>\n<p>Nous avons r\u00e9solu la question de l'ind\u00e9pendance des plateformes en utilisant les langages utilis\u00e9s sur le web que tous les appareils comprennent. Par exemple, vous pouvez utiliser notre solution SMS via <a title=\"Description du protocole http\" href=\"http:\/\/da.wikipedia.org\/wiki\/HTTP\">http<\/a>\u00a0ou via <a title=\"Protocoles SMTP\" href=\"http:\/\/da.wikipedia.org\/wiki\/Simple_Mail_Transfer_Protocol\">SMTP <\/a>(\u00e9galement appel\u00e9 courriel).<\/p>\n\t<h4><strong>Obtenez un login imm\u00e9diatement !<\/strong><\/h4>\n<p>Pour se connecter, un nom d'utilisateur et un mot de passe sont n\u00e9cessaires. <strong>Vous pouvez le faire en cr\u00e9ant un compte test sur cette page.<\/strong><\/p>\n<p>L'obtention d'un nom d'utilisateur est gratuite. La cr\u00e9ation d'un compte dans notre passerelle est gratuite et l'abonnement co\u00fbte 0,- DKK.<br \/>Nous privil\u00e9gions une politique tarifaire transparente, sans frais cach\u00e9s ni abonnements. Nos clients paient un prix mesur\u00e9, c'est-\u00e0-dire uniquement pour les SMS qu'ils envoient. Vous pouvez consulter nos tarifs actualis\u00e9s <a title=\"Prix de la passerelle SMS, pas d&#039;installation, pas d&#039;abonnement\" href=\"https:\/\/suresms.com\/fr\/prix-des-passerelles-sms\/\">Prix<\/a>\u00a0Ici.<\/p>\n<p>Avec les 50 messages gratuits que vous recevez lorsque vous cr\u00e9ez un compte test, vous avez la possibilit\u00e9 d'essayer notre passerelle SMS sans payer. Vous n'avez PAS besoin de fournir les d\u00e9tails de votre carte de cr\u00e9dit pour ouvrir un compte test.<\/p>\n\t\t\t\t<img decoding=\"async\" src=\"https:\/\/suresms.com\/wp-content\/uploads\/2022\/08\/Webinterface-1-1.png\" alt=\"Envoyer des SMS depuis un PC\" itemprop=\"image\" height=\"1557\" width=\"2665\" title=\"Interface web SureSMS\" onerror=\"this.style.display='none'\" loading=\"lazy\" \/>\n\t<h4><strong>API facile \u00e0 int\u00e9grer et nombreuses fonctionnalit\u00e9s\u00a0<\/strong><\/h4>\n<p>Nous aimons d\u00e9velopper et nos clients nous utilisent de diff\u00e9rentes mani\u00e8res. Nous en sommes fiers.<\/p>\n<p>Au fil des ans, nous avons d\u00e9velopp\u00e9 de nombreuses caract\u00e9ristiques et fonctions pour nos clients. Vous trouverez la description de bon nombre d'entre elles dans les menus de ce site web, mais si vous ne trouvez pas ce que vous cherchez, n'h\u00e9sitez pas \u00e0 nous contacter. Nous avons tout pr\u00e9vu et nous sommes toujours heureux de relever de nouveaux d\u00e9fis.<\/p>\n<p>Vous \u00eates un d\u00e9veloppeur et vous souhaitez en savoir plus sur notre API ? Consultez nos pages destin\u00e9es aux d\u00e9veloppeurs ou appelez-nous au 50 322 322. Vous pouvez \u00e9galement <a title=\"Contactez nous\" href=\"https:\/\/suresms.com\/fr\/contact\/\">Envoyez-nous un message ici.<\/a><\/p>\n\t\t\t\t<img decoding=\"async\" src=\"https:\/\/suresms.com\/wp-content\/uploads\/2022\/06\/API-connection-1.png\" alt=\"Envoyer des SMS avec l&#039;API\" itemprop=\"image\" height=\"528\" width=\"960\" title=\"Connexion API\" onerror=\"this.style.display='none'\" loading=\"lazy\" \/>\n\t<h4><strong>Voici quelques exemples de la fa\u00e7on dont nos clients utilisent aujourd'hui notre service de SMS en ligne :<\/strong><\/h4>\n<ul>\n<li>Une organisation syndicale danoise utilise notre service SMS en ligne pour envoyer des bulletins d'information \u00e0 ses clients. Il est \u00e9videmment plus facile d'envoyer de longues lettres d'information via le clavier plus grand d'un ordinateur, et cela vous permet \u00e9galement de joindre des liens avec des articles pertinents pour les membres de l'organisation.<\/li>\n<li>Une association de chasseurs z\u00e9landaise a ouvert un compte sur notre passerelle. Comme les membres de l'association organisent les chasses \u00e0 tour de r\u00f4le, ils ont tous un acc\u00e8s au compte de l'association \u00e0 partir duquel ils envoient des messages sur les chasses \u00e0 venir aux autres membres.<\/li>\n<li>Une compagnie de chauffage utilise notre passerelle pour informer les habitants des interruptions de l'approvisionnement. Par exemple, lorsque le chauffage est coup\u00e9 en raison de r\u00e9parations dans une zone donn\u00e9e, les num\u00e9ros de t\u00e9l\u00e9phone sont extraits du syst\u00e8me de la compagnie de chauffage et coll\u00e9s sur notre site web, o\u00f9 ils peuvent simplement envoyer un message \u00e0 tous les m\u00e9nages concern\u00e9s.<\/li>\n<\/ul>","protected":false},"excerpt":{"rendered":"<p>Envoyez des SMS \u00e0 partir d'un PC ou d'un Mac avec notre exp\u00e9diteur de SMS en ligne Il est beaucoup plus rapide et facile d'envoyer des SMS \u00e0 partir de votre ordinateur qu'\u00e0 partir de votre t\u00e9l\u00e9phone. De plus, l'utilisation d'un PC ou d'un Mac offre beaucoup plus d'options. Vous pouvez par exemple joindre des fichiers PDF, cr\u00e9er des listes illimit\u00e9es, envoyer des vid\u00e9os (que le destinataire ... <a title=\"Envoyer des SMS depuis un PC\" class=\"read-more\" href=\"https:\/\/suresms.com\/fr\/funktioner\/send-sms-fra-pc\/\" aria-label=\"En savoir plus sur l&#039;envoi de sms depuis un PC\">En savoir plus<\/a><\/p>","protected":false},"author":1,"featured_media":0,"parent":958,"menu_order":2,"comment_status":"closed","ping_status":"closed","template":"","meta":{"_fl_builder_enabled":"1","_fl_builder_data":null,"_fl_builder_draft":null,"_fl_builder_data_settings":null,"_fl_builder_css":"","_fl_builder_css_version":"","_fl_builder_js":"","footnotes":""},"categories":[17],"tags":[],"class_list":{"0":"post-15657","1":"page","2":"type-page","3":"status-publish","5":"category-linkfracornorstone"},"yoast_head":"<!-- This site is optimized with the Yoast SEO Premium plugin v27.3 (Yoast SEO v27.3) - https:\/\/yoast.com\/product\/yoast-seo-premium-wordpress\/ -->\r\n<title>Send SMS fra PC - Send SMS fra Mac - Send SMS fra computer<\/title>\r\n<meta name=\"description\" content=\"Send SMS fra PC eller Send SMS fra Mac. Fordele ved at sende fra computer er arkivering, hastighed og deling af kontakter. Pr\u00f8v det gratis.\" \/>\r\n<meta name=\"robots\" content=\"index, follow, max-snippet:-1, max-image-preview:large, max-video-preview:-1\" \/>\r\n<link rel=\"canonical\" href=\"https:\/\/suresms.com\/fr\/caracteristiques\/envoyer-des-sms-depuis-un-pc\/\" \/>\r\n<meta property=\"og:locale\" content=\"fr_FR\" \/>\r\n<meta property=\"og:type\" content=\"article\" \/>\r\n<meta property=\"og:title\" content=\"Send sms fra PC\" \/>\r\n<meta property=\"og:description\" content=\"Send SMS fra PC eller Send SMS fra Mac. Fordele ved at sende fra computer er arkivering, hastighed og deling af kontakter. Pr\u00f8v det gratis.\" \/>\r\n<meta property=\"og:url\" content=\"https:\/\/suresms.com\/fr\/caracteristiques\/envoyer-des-sms-depuis-un-pc\/\" \/>\r\n<meta property=\"article:publisher\" content=\"https:\/\/www.facebook.com\/p\/SureSMS-100044607956149\/\" \/>\r\n<meta property=\"article:modified_time\" content=\"2025-11-06T05:51:06+00:00\" \/>\r\n<meta property=\"og:image\" content=\"https:\/\/suresms.com\/wp-content\/uploads\/2022\/06\/Send-sms-online-1.png\" \/>\r\n<meta name=\"twitter:card\" content=\"summary_large_image\" \/>\r\n<meta name=\"twitter:label1\" content=\"Dur\u00e9e de lecture estim\u00e9e\" \/>\n\t<meta name=\"twitter:data1\" content=\"9 minutes\" \/>\r\n<script type=\"application\/ld+json\" class=\"yoast-schema-graph\">{\"@context\":\"https:\\\/\\\/schema.org\",\"@graph\":[{\"@type\":\"WebPage\",\"@id\":\"https:\\\/\\\/suresms.com\\\/dk\\\/funktioner\\\/send-sms-fra-pc\\\/\",\"url\":\"https:\\\/\\\/suresms.com\\\/dk\\\/funktioner\\\/send-sms-fra-pc\\\/\",\"name\":\"Send SMS fra PC - Send SMS fra Mac - Send SMS fra computer\",\"isPartOf\":{\"@id\":\"https:\\\/\\\/suresms.com\\\/en\\\/#website\"},\"primaryImageOfPage\":{\"@id\":\"https:\\\/\\\/suresms.com\\\/dk\\\/funktioner\\\/send-sms-fra-pc\\\/#primaryimage\"},\"image\":{\"@id\":\"https:\\\/\\\/suresms.com\\\/dk\\\/funktioner\\\/send-sms-fra-pc\\\/#primaryimage\"},\"thumbnailUrl\":\"https:\\\/\\\/suresms.com\\\/wp-content\\\/uploads\\\/2022\\\/06\\\/Send-sms-online-1.png\",\"datePublished\":\"2022-06-29T21:49:16+00:00\",\"dateModified\":\"2025-11-06T05:51:06+00:00\",\"description\":\"Send SMS fra PC eller Send SMS fra Mac. Fordele ved at sende fra computer er arkivering, hastighed og deling af kontakter. Pr\u00f8v det gratis.\",\"breadcrumb\":{\"@id\":\"https:\\\/\\\/suresms.com\\\/dk\\\/funktioner\\\/send-sms-fra-pc\\\/#breadcrumb\"},\"inLanguage\":\"fr-FR\",\"potentialAction\":[{\"@type\":\"ReadAction\",\"target\":[\"https:\\\/\\\/suresms.com\\\/dk\\\/funktioner\\\/send-sms-fra-pc\\\/\"]}]},{\"@type\":\"ImageObject\",\"inLanguage\":\"fr-FR\",\"@id\":\"https:\\\/\\\/suresms.com\\\/dk\\\/funktioner\\\/send-sms-fra-pc\\\/#primaryimage\",\"url\":\"https:\\\/\\\/suresms.com\\\/wp-content\\\/uploads\\\/2022\\\/06\\\/Send-sms-online-1.png\",\"contentUrl\":\"https:\\\/\\\/suresms.com\\\/wp-content\\\/uploads\\\/2022\\\/06\\\/Send-sms-online-1.png\"},{\"@type\":\"BreadcrumbList\",\"@id\":\"https:\\\/\\\/suresms.com\\\/dk\\\/funktioner\\\/send-sms-fra-pc\\\/#breadcrumb\",\"itemListElement\":[{\"@type\":\"ListItem\",\"position\":1,\"name\":\"Home\",\"item\":\"https:\\\/\\\/suresms.com\\\/dk\\\/\"},{\"@type\":\"ListItem\",\"position\":2,\"name\":\"Funktioner\",\"item\":\"https:\\\/\\\/suresms.com\\\/dk\\\/funktioner\\\/\"},{\"@type\":\"ListItem\",\"position\":3,\"name\":\"Send sms fra PC\"}]},{\"@type\":\"WebSite\",\"@id\":\"https:\\\/\\\/suresms.com\\\/en\\\/#website\",\"url\":\"https:\\\/\\\/suresms.com\\\/en\\\/\",\"name\":\"SureSMS\",\"description\":\"Professionel SMS Gateway\",\"publisher\":{\"@id\":\"https:\\\/\\\/suresms.com\\\/en\\\/#organization\"},\"potentialAction\":[{\"@type\":\"SearchAction\",\"target\":{\"@type\":\"EntryPoint\",\"urlTemplate\":\"https:\\\/\\\/suresms.com\\\/en\\\/?s={search_term_string}\"},\"query-input\":{\"@type\":\"PropertyValueSpecification\",\"valueRequired\":true,\"valueName\":\"search_term_string\"}}],\"inLanguage\":\"fr-FR\"},{\"@type\":\"Organization\",\"@id\":\"https:\\\/\\\/suresms.com\\\/en\\\/#organization\",\"name\":\"SureSMS\",\"url\":\"https:\\\/\\\/suresms.com\\\/en\\\/\",\"logo\":{\"@type\":\"ImageObject\",\"inLanguage\":\"fr-FR\",\"@id\":\"https:\\\/\\\/suresms.com\\\/en\\\/#\\\/schema\\\/logo\\\/image\\\/\",\"url\":\"https:\\\/\\\/suresms.com\\\/wp-content\\\/uploads\\\/2024\\\/11\\\/suresms-300x65-1.png\",\"contentUrl\":\"https:\\\/\\\/suresms.com\\\/wp-content\\\/uploads\\\/2024\\\/11\\\/suresms-300x65-1.png\",\"width\":300,\"height\":65,\"caption\":\"SureSMS\"},\"image\":{\"@id\":\"https:\\\/\\\/suresms.com\\\/en\\\/#\\\/schema\\\/logo\\\/image\\\/\"},\"sameAs\":[\"https:\\\/\\\/www.facebook.com\\\/p\\\/SureSMS-100044607956149\\\/\"]}]}<\/script>\r\n<!-- \/ Yoast SEO Premium plugin. -->","yoast_head_json":{"title":"Envoyer des SMS depuis un PC - Envoyer des SMS depuis un Mac - Envoyer des SMS depuis un ordinateur","description":"Envoyez des SMS \u00e0 partir d'un PC ou d'un Mac. Les avantages de l'envoi depuis l'ordinateur sont l'archivage, la rapidit\u00e9 et le partage des contacts. Essayez-le gratuitement.","robots":{"index":"index","follow":"follow","max-snippet":"max-snippet:-1","max-image-preview":"max-image-preview:large","max-video-preview":"max-video-preview:-1"},"canonical":"https:\/\/suresms.com\/fr\/caracteristiques\/envoyer-des-sms-depuis-un-pc\/","og_locale":"fr_FR","og_type":"article","og_title":"Send sms fra PC","og_description":"Send SMS fra PC eller Send SMS fra Mac. Fordele ved at sende fra computer er arkivering, hastighed og deling af kontakter. Pr\u00f8v det gratis.","og_url":"https:\/\/suresms.com\/fr\/caracteristiques\/envoyer-des-sms-depuis-un-pc\/","article_publisher":"https:\/\/www.facebook.com\/p\/SureSMS-100044607956149\/","article_modified_time":"2025-11-06T05:51:06+00:00","og_image":[{"url":"https:\/\/suresms.com\/wp-content\/uploads\/2022\/06\/Send-sms-online-1.png","type":"","width":"","height":""}],"twitter_card":"summary_large_image","twitter_misc":{"Dur\u00e9e de lecture estim\u00e9e":"9 minutes"},"schema":{"@context":"https:\/\/schema.org","@graph":[{"@type":"WebPage","@id":"https:\/\/suresms.com\/dk\/funktioner\/send-sms-fra-pc\/","url":"https:\/\/suresms.com\/dk\/funktioner\/send-sms-fra-pc\/","name":"Envoyer des SMS depuis un PC - Envoyer des SMS depuis un Mac - Envoyer des SMS depuis un ordinateur","isPartOf":{"@id":"https:\/\/suresms.com\/en\/#website"},"primaryImageOfPage":{"@id":"https:\/\/suresms.com\/dk\/funktioner\/send-sms-fra-pc\/#primaryimage"},"image":{"@id":"https:\/\/suresms.com\/dk\/funktioner\/send-sms-fra-pc\/#primaryimage"},"thumbnailUrl":"https:\/\/suresms.com\/wp-content\/uploads\/2022\/06\/Send-sms-online-1.png","datePublished":"2022-06-29T21:49:16+00:00","dateModified":"2025-11-06T05:51:06+00:00","description":"Envoyez des SMS \u00e0 partir d'un PC ou d'un Mac. Les avantages de l'envoi depuis l'ordinateur sont l'archivage, la rapidit\u00e9 et le partage des contacts. Essayez-le gratuitement.","breadcrumb":{"@id":"https:\/\/suresms.com\/dk\/funktioner\/send-sms-fra-pc\/#breadcrumb"},"inLanguage":"fr-FR","potentialAction":[{"@type":"ReadAction","target":["https:\/\/suresms.com\/dk\/funktioner\/send-sms-fra-pc\/"]}]},{"@type":"ImageObject","inLanguage":"fr-FR","@id":"https:\/\/suresms.com\/dk\/funktioner\/send-sms-fra-pc\/#primaryimage","url":"https:\/\/suresms.com\/wp-content\/uploads\/2022\/06\/Send-sms-online-1.png","contentUrl":"https:\/\/suresms.com\/wp-content\/uploads\/2022\/06\/Send-sms-online-1.png"},{"@type":"BreadcrumbList","@id":"https:\/\/suresms.com\/dk\/funktioner\/send-sms-fra-pc\/#breadcrumb","itemListElement":[{"@type":"ListItem","position":1,"name":"Home","item":"https:\/\/suresms.com\/dk\/"},{"@type":"ListItem","position":2,"name":"Funktioner","item":"https:\/\/suresms.com\/dk\/funktioner\/"},{"@type":"ListItem","position":3,"name":"Send sms fra PC"}]},{"@type":"WebSite","@id":"https:\/\/suresms.com\/en\/#website","url":"https:\/\/suresms.com\/en\/","name":"SureSMS","description":"Passerelle SMS professionnelle","publisher":{"@id":"https:\/\/suresms.com\/en\/#organization"},"potentialAction":[{"@type":"SearchAction","target":{"@type":"EntryPoint","urlTemplate":"https:\/\/suresms.com\/en\/?s={search_term_string}"},"query-input":{"@type":"PropertyValueSpecification","valueRequired":true,"valueName":"search_term_string"}}],"inLanguage":"fr-FR"},{"@type":"Organization","@id":"https:\/\/suresms.com\/en\/#organization","name":"SureSMS","url":"https:\/\/suresms.com\/en\/","logo":{"@type":"ImageObject","inLanguage":"fr-FR","@id":"https:\/\/suresms.com\/en\/#\/schema\/logo\/image\/","url":"https:\/\/suresms.com\/wp-content\/uploads\/2024\/11\/suresms-300x65-1.png","contentUrl":"https:\/\/suresms.com\/wp-content\/uploads\/2024\/11\/suresms-300x65-1.png","width":300,"height":65,"caption":"SureSMS"},"image":{"@id":"https:\/\/suresms.com\/en\/#\/schema\/logo\/image\/"},"sameAs":["https:\/\/www.facebook.com\/p\/SureSMS-100044607956149\/"]}]}},"_links":{"self":[{"href":"https:\/\/suresms.com\/fr\/wp-json\/wp\/v2\/pages\/15657","targetHints":{"allow":["GET"]}}],"collection":[{"href":"https:\/\/suresms.com\/fr\/wp-json\/wp\/v2\/pages"}],"about":[{"href":"https:\/\/suresms.com\/fr\/wp-json\/wp\/v2\/types\/page"}],"author":[{"embeddable":true,"href":"https:\/\/suresms.com\/fr\/wp-json\/wp\/v2\/users\/1"}],"replies":[{"embeddable":true,"href":"https:\/\/suresms.com\/fr\/wp-json\/wp\/v2\/comments?post=15657"}],"version-history":[{"count":6,"href":"https:\/\/suresms.com\/fr\/wp-json\/wp\/v2\/pages\/15657\/revisions"}],"predecessor-version":[{"id":23528,"href":"https:\/\/suresms.com\/fr\/wp-json\/wp\/v2\/pages\/15657\/revisions\/23528"}],"up":[{"embeddable":true,"href":"https:\/\/suresms.com\/fr\/wp-json\/wp\/v2\/pages\/958"}],"wp:attachment":[{"href":"https:\/\/suresms.com\/fr\/wp-json\/wp\/v2\/media?parent=15657"}],"wp:term":[{"taxonomy":"category","embeddable":true,"href":"https:\/\/suresms.com\/fr\/wp-json\/wp\/v2\/categories?post=15657"},{"taxonomy":"post_tag","embeddable":true,"href":"https:\/\/suresms.com\/fr\/wp-json\/wp\/v2\/tags?post=15657"}],"curies":[{"name":"wp","href":"https:\/\/api.w.org\/{rel}","templated":true}]}}