{"id":1507,"date":"2016-01-14T15:20:23","date_gmt":"2016-01-14T13:20:23","guid":{"rendered":"https:\/\/www.suresms.com\/dk\/?page_id=1507"},"modified":"2025-11-13T10:54:51","modified_gmt":"2025-11-13T10:54:51","slug":"prix-et-paiement","status":"publish","type":"page","link":"https:\/\/suresms.com\/fr\/om-suresms\/priser-og-betaling\/","title":{"rendered":"Prix et paiement"},"content":{"rendered":"<h1>Prix et paiement<\/h1>\n<p>Avec SureSMS, vous avez la possibilit\u00e9 de choisir notre <a href=\"https:\/\/suresms.com\/fr\/commande\/compte-test-sms-gratuit\/\">Compte de la passerelle<\/a>o\u00f9 vous ne payez que pour les SMS que vous envoyez, ou l'un de nos services d'envoi de SMS. <a href=\"https:\/\/suresms.com\/fr\/caracteristiques\/recevoir-des-messages-texte-sur-votre-ordinateur\/\">Solutions \u00e0 double sens<\/a>o\u00f9 vous payez un abonnement mensuel et le tarif des SMS.<\/p>\n<p>(Tous les prix indiqu\u00e9s sur cette page sont en couronnes danoises, hors TVA)<\/p>\n\t<h2>Tarifs des SMS<\/h2>\n<p>Chez SureSMS, nous avons conclu de tr\u00e8s bons accords avec les soci\u00e9t\u00e9s de t\u00e9l\u00e9communications des pays nordiques, mais nous pouvons bien s\u00fbr envoyer des messages partout dans le monde avec une couverture mobile.<\/p>\n<ul>\n<li>\n<ul>\n<li>Danemark 0,31 DKK\/SMS<\/li>\n<\/ul>\n<\/li>\n<\/ul>\n<ul>\n<li>\n<ul>\n<li>Su\u00e8de 0,23 DKK\/SMS<\/li>\n<\/ul>\n<\/li>\n<\/ul>\n<ul>\n<li>\n<ul>\n<li>Norv\u00e8ge 0,25 DKK\/SMS<\/li>\n<\/ul>\n<\/li>\n<\/ul>\n<ul>\n<li>\n<ul>\n<li>Finlande 0,29 DKK\/SMS<\/li>\n<\/ul>\n<\/li>\n<\/ul>\n<ul>\n<li>\n<ul>\n<li>Groenland 0,07 DKK\/SMS<\/li>\n<\/ul>\n<\/li>\n<\/ul>\n<ul>\n<li>\n<ul>\n<li>\u00celes F\u00e9ro\u00e9 0,25 DKK\/SMS<\/li>\n<\/ul>\n<\/li>\n<\/ul>\n<ul>\n<li>\n<ul>\n<li>Reste du monde x-x kr\/SMS<\/li>\n<\/ul>\n<\/li>\n<\/ul>\n<p>&nbsp;<\/p>\n<p>N'h\u00e9sitez pas \u00e0 nous contacter si vous avez des questions sur les prix en Europe ou dans le reste du monde. Si vous avez besoin d'envoyer un grand nombre de SMS, nous pouvons probablement n\u00e9gocier un bon prix.<\/p>\n<ul>\n<li>\n<ul>\n<li>Num\u00e9ro de t\u00e9l\u00e9phone SMS entrant 99,00 kr\/mois<\/li>\n<\/ul>\n<\/li>\n<\/ul>\n<ul>\n<li>\n<ul>\n<li>Propre num\u00e9ro de t\u00e9l\u00e9phone entrant sur la carte SIM 199,00 kr\/mois<\/li>\n<\/ul>\n<\/li>\n<\/ul>\n<ul>\n<li>\n<ul>\n<li>Joindre des fichiers aux SMS 0.20 kr\/SMS<\/li>\n<\/ul>\n<\/li>\n<\/ul>\n<p>&nbsp;<\/p>\n\t<h1>Options de paiement<\/h1>\n<p>Nous proposons \u00e0 nos clients diverses options de paiement flexibles.<\/p>\n<ul>\n<li>\n<ul>\n<li>Avec le compte SureSMS Gateway, vous pouvez acheter des SMS par carte de cr\u00e9dit directement sur notre site web. Vous recevrez un e-mail de notre part lorsqu'il sera temps de recharger votre compte. Imm\u00e9diatement apr\u00e8s le paiement, vous recevrez une facture de notre part.<\/li>\n<\/ul>\n<\/li>\n<\/ul>\n<ul>\n<li>\n<ul>\n<li>Facturez votre comptable une fois par mois ou par trimestre sur la base de la consommation de la p\u00e9riode pr\u00e9c\u00e9dente. Si vous optez pour la facturation bas\u00e9e sur la consommation, vous devez facturer au minimum 100,- par mois.<\/li>\n<\/ul>\n<\/li>\n<\/ul>\n<ul>\n<li>\n<ul>\n<li>Facture avec pr\u00e9paiement de 200 ou 1000 DKK, d\u00e9pos\u00e9 sur votre compte SMS.<\/li>\n<\/ul>\n<\/li>\n<\/ul>\n<ul>\n<li>\n<ul>\n<li>Facturation par num\u00e9ro EAN. Si vous repr\u00e9sentez une institution publique, nous avons la possibilit\u00e9 de vous envoyer la facture via le num\u00e9ro EAN.<\/li>\n<\/ul>\n<\/li>\n<\/ul>\n<p>NB : NOUS ACCEPTONS LES CARTES MASTERCARD, VISA ET MOBILEPAY. Nous acceptons les cartes MasterCard, Visa et MobilePay. <\/p>\n\t<h1>Solde exc\u00e9dentaire \u00e0 la cl\u00f4ture du compte<\/h1>\n<p>Si vous choisissez le pr\u00e9paiement ou le paiement par carte de cr\u00e9dit, il est important de noter que tout montant exc\u00e9dentaire ne sera pas pay\u00e9 si le compte est d\u00e9sactiv\u00e9 ou cl\u00f4tur\u00e9 par la suite.<\/p>\n<p>Les fonds d\u00e9pos\u00e9s sont utilis\u00e9s exclusivement pour l'utilisation des SMS et des services connexes, et tout solde restant sera annul\u00e9 \u00e0 la cl\u00f4ture du compte. Cette r\u00e8gle s'applique ind\u00e9pendamment du fait que le paiement soit effectu\u00e9 en une seule fois ou qu'il s'agisse de recharges r\u00e9guli\u00e8res par carte de cr\u00e9dit.<\/p>\n\t<h2>Les petits caract\u00e8res<\/h2>\n<p>N'oubliez pas qu'un message SMS peut toujours contenir un maximum de 160 caract\u00e8res, espaces compris !<\/p>\n<p>Si votre message d\u00e9passe 160 caract\u00e8res, il sera en pratique envoy\u00e9 sous forme de SMS distincts et combin\u00e9 en un seul texte long sur le t\u00e9l\u00e9phone du destinataire. En tant que client, vous devrez payer pour le nombre de SMS que nous envoyons, de sorte que les SMS plus longs seront l\u00e9g\u00e8rement plus chers.<\/p>\n<p>Dans notre application en ligne, il y a un compteur qui vous permet de voir \u00e0 tout moment le nombre de caract\u00e8res\/SMS dont vous disposez lorsque vous tapez vos SMS.<\/p>\n<p>&nbsp;<\/p>\n<table>\n<thead>\n<tr>\n<th>Nombre de caract\u00e8res<\/th>\n<th>Nombre de SMS<\/th>\n<\/tr>\n<\/thead>\n<tbody>\n<tr>\n<td>0 - 160 caract\u00e8res<\/td>\n<td>1 segment<\/td>\n<\/tr>\n<tr>\n<td>161 - 306 caract\u00e8res<\/td>\n<td>2 segments<\/td>\n<\/tr>\n<tr>\n<td>307 - 459 caract\u00e8res<\/td>\n<td>3 segments<\/td>\n<\/tr>\n<tr>\n<td>460 - 612 caract\u00e8res<\/td>\n<td>4 segments<\/td>\n<\/tr>\n<tr>\n<td>613 - 765 caract\u00e8res<\/td>\n<td>5 segments<\/td>\n<\/tr>\n<tr>\n<td>766 - 918 caract\u00e8res<\/td>\n<td>6 segments<\/td>\n<\/tr>\n<tr>\n<td>919 - 1071 caract\u00e8res<\/td>\n<td>7 segments<\/td>\n<\/tr>\n<tr>\n<td>1072 - 1224 caract\u00e8res<\/td>\n<td>8 segments<\/td>\n<\/tr>\n<tr>\n<td>1225 - 1377 caract\u00e8res<\/td>\n<td>9 segments<\/td>\n<\/tr>\n<tr>\n<td>1378 - 1530 caract\u00e8res<\/td>\n<td>10 segments<\/td>\n<\/tr>\n<\/tbody>\n<\/table>\n<p>Si vous choisissez d'envoyer des caract\u00e8res qui ne font pas partie de l'alphabet \"normal\", comme les emojis, le texte est envoy\u00e9 d'une mani\u00e8re diff\u00e9rente et le nombre de caract\u00e8res pouvant figurer dans le message est r\u00e9duit, conform\u00e9ment au tableau suivant.<\/p>\n<p>&nbsp;<\/p>\n<table>\n<thead>\n<tr>\n<th>Nombre de caract\u00e8res<\/th>\n<th>Nombre de SMS<\/th>\n<\/tr>\n<\/thead>\n<tbody>\n<tr>\n<td>0 - 70 caract\u00e8res<\/td>\n<td>1 segment<\/td>\n<\/tr>\n<tr>\n<td>71 - 134 caract\u00e8res<\/td>\n<td>2 segments<\/td>\n<\/tr>\n<tr>\n<td>135 - 201 caract\u00e8res<\/td>\n<td>3 segments<\/td>\n<\/tr>\n<tr>\n<td>202 - 268 caract\u00e8res<\/td>\n<td>4 segments<\/td>\n<\/tr>\n<tr>\n<td>269 - 335 caract\u00e8res<\/td>\n<td>5 segments<\/td>\n<\/tr>\n<tr>\n<td>336 - 402 caract\u00e8res<\/td>\n<td>6 segments<\/td>\n<\/tr>\n<tr>\n<td>403 - 469 caract\u00e8res<\/td>\n<td>7 segments<\/td>\n<\/tr>\n<tr>\n<td>470 - 536 caract\u00e8res<\/td>\n<td>8 segments<\/td>\n<\/tr>\n<tr>\n<td>537 - 603 caract\u00e8res<\/td>\n<td>9 segments<\/td>\n<\/tr>\n<tr>\n<td>604 - 670 caract\u00e8res<\/td>\n<td>10 segments<\/td>\n<\/tr>\n<\/tbody>\n<\/table>\n<p>&nbsp;<\/p>\n<p>Notez \u00e9galement qu'il n'est pas techniquement possible d'envoyer des messages SMS \u00e0 des num\u00e9ros \u00e0 3, 4 ou 5 chiffres - appel\u00e9s codes courts - \u00e0 partir de la passerelle SMS Sure.<\/p>","protected":false},"excerpt":{"rendered":"<p>Prix et paiement Avec SureSMS, vous avez la possibilit\u00e9 d'opter pour notre compte passerelle, o\u00f9 vous ne payez que pour les SMS que vous envoyez, ou pour l'une de nos solutions bidirectionnelles, o\u00f9 vous payez un abonnement mensuel plus un tarif SMS (tous les prix sur cette page sont en couronnes danoises hors TVA) Tarifs SMS Chez SureSMS, nous avons... <a title=\"Prix et paiement\" class=\"read-more\" href=\"https:\/\/suresms.com\/fr\/om-suresms\/priser-og-betaling\/\" aria-label=\"En savoir plus sur Prix et paiement\">En savoir plus<\/a><\/p>","protected":false},"author":1,"featured_media":0,"parent":18594,"menu_order":26,"comment_status":"closed","ping_status":"closed","template":"","meta":{"_fl_builder_enabled":"1","_fl_builder_data":null,"_fl_builder_draft":null,"_fl_builder_data_settings":null,"_fl_builder_css":"","_fl_builder_css_version":"","_fl_builder_js":"","footnotes":""},"categories":[],"tags":[],"class_list":["post-1507","page","type-page","status-publish"],"yoast_head":"<!-- This site is optimized with the Yoast SEO Premium plugin v27.3 (Yoast SEO v27.3) - https:\/\/yoast.com\/product\/yoast-seo-premium-wordpress\/ -->\r\n<title>Betaling - SureSMS. Gratis faktura. SE info om betaling her!<\/title>\r\n<meta name=\"description\" content=\"Hos SureSMS har du mulighed for at v\u00e6lge forskellige betalingsformer. \u00d8nsker du en faktura sender vi selvf\u00f8lgelig GRATIS faktura til alle vore kunder.\" \/>\r\n<meta name=\"robots\" content=\"index, follow, max-snippet:-1, max-image-preview:large, max-video-preview:-1\" \/>\r\n<link rel=\"canonical\" href=\"https:\/\/suresms.com\/fr\/a-propos-de-suresms\/prix-et-paiement\/\" \/>\r\n<meta property=\"og:locale\" content=\"fr_FR\" \/>\r\n<meta property=\"og:type\" content=\"article\" \/>\r\n<meta property=\"og:title\" content=\"Priser og betaling\" \/>\r\n<meta property=\"og:description\" content=\"Hos SureSMS har du mulighed for at v\u00e6lge forskellige betalingsformer. \u00d8nsker du en faktura sender vi selvf\u00f8lgelig GRATIS faktura til alle vore kunder.\" \/>\r\n<meta property=\"og:url\" content=\"https:\/\/suresms.com\/fr\/a-propos-de-suresms\/prix-et-paiement\/\" \/>\r\n<meta property=\"article:publisher\" content=\"https:\/\/www.facebook.com\/p\/SureSMS-100044607956149\/\" \/>\r\n<meta property=\"article:modified_time\" content=\"2025-11-13T10:54:51+00:00\" \/>\r\n<meta name=\"twitter:card\" content=\"summary_large_image\" \/>\r\n<meta name=\"twitter:label1\" content=\"Dur\u00e9e de lecture estim\u00e9e\" \/>\n\t<meta name=\"twitter:data1\" content=\"3 minutes\" \/>\r\n<script type=\"application\/ld+json\" class=\"yoast-schema-graph\">{\"@context\":\"https:\\\/\\\/schema.org\",\"@graph\":[{\"@type\":\"WebPage\",\"@id\":\"https:\\\/\\\/suresms.com\\\/dk\\\/om-suresms\\\/priser-og-betaling\\\/\",\"url\":\"https:\\\/\\\/suresms.com\\\/dk\\\/om-suresms\\\/priser-og-betaling\\\/\",\"name\":\"Betaling - SureSMS. Gratis faktura. SE info om betaling her!\",\"isPartOf\":{\"@id\":\"https:\\\/\\\/suresms.com\\\/en\\\/#website\"},\"datePublished\":\"2016-01-14T13:20:23+00:00\",\"dateModified\":\"2025-11-13T10:54:51+00:00\",\"description\":\"Hos SureSMS har du mulighed for at v\u00e6lge forskellige betalingsformer. \u00d8nsker du en faktura sender vi selvf\u00f8lgelig GRATIS faktura til alle vore kunder.\",\"breadcrumb\":{\"@id\":\"https:\\\/\\\/suresms.com\\\/dk\\\/om-suresms\\\/priser-og-betaling\\\/#breadcrumb\"},\"inLanguage\":\"fr-FR\",\"potentialAction\":[{\"@type\":\"ReadAction\",\"target\":[\"https:\\\/\\\/suresms.com\\\/dk\\\/om-suresms\\\/priser-og-betaling\\\/\"]}]},{\"@type\":\"BreadcrumbList\",\"@id\":\"https:\\\/\\\/suresms.com\\\/dk\\\/om-suresms\\\/priser-og-betaling\\\/#breadcrumb\",\"itemListElement\":[{\"@type\":\"ListItem\",\"position\":1,\"name\":\"Home\",\"item\":\"https:\\\/\\\/suresms.com\\\/dk\\\/\"},{\"@type\":\"ListItem\",\"position\":2,\"name\":\"Om SureSMS\",\"item\":\"https:\\\/\\\/suresms.com\\\/dk\\\/om-suresms\\\/\"},{\"@type\":\"ListItem\",\"position\":3,\"name\":\"Priser og betaling\"}]},{\"@type\":\"WebSite\",\"@id\":\"https:\\\/\\\/suresms.com\\\/en\\\/#website\",\"url\":\"https:\\\/\\\/suresms.com\\\/en\\\/\",\"name\":\"SureSMS\",\"description\":\"Professionel SMS Gateway\",\"publisher\":{\"@id\":\"https:\\\/\\\/suresms.com\\\/en\\\/#organization\"},\"potentialAction\":[{\"@type\":\"SearchAction\",\"target\":{\"@type\":\"EntryPoint\",\"urlTemplate\":\"https:\\\/\\\/suresms.com\\\/en\\\/?s={search_term_string}\"},\"query-input\":{\"@type\":\"PropertyValueSpecification\",\"valueRequired\":true,\"valueName\":\"search_term_string\"}}],\"inLanguage\":\"fr-FR\"},{\"@type\":\"Organization\",\"@id\":\"https:\\\/\\\/suresms.com\\\/en\\\/#organization\",\"name\":\"SureSMS\",\"url\":\"https:\\\/\\\/suresms.com\\\/en\\\/\",\"logo\":{\"@type\":\"ImageObject\",\"inLanguage\":\"fr-FR\",\"@id\":\"https:\\\/\\\/suresms.com\\\/en\\\/#\\\/schema\\\/logo\\\/image\\\/\",\"url\":\"https:\\\/\\\/suresms.com\\\/wp-content\\\/uploads\\\/2024\\\/11\\\/suresms-300x65-1.png\",\"contentUrl\":\"https:\\\/\\\/suresms.com\\\/wp-content\\\/uploads\\\/2024\\\/11\\\/suresms-300x65-1.png\",\"width\":300,\"height\":65,\"caption\":\"SureSMS\"},\"image\":{\"@id\":\"https:\\\/\\\/suresms.com\\\/en\\\/#\\\/schema\\\/logo\\\/image\\\/\"},\"sameAs\":[\"https:\\\/\\\/www.facebook.com\\\/p\\\/SureSMS-100044607956149\\\/\"]}]}<\/script>\r\n<!-- \/ Yoast SEO Premium plugin. -->","yoast_head_json":{"title":"Paiement - SureSMS. Facture gratuite. VOIR les informations de paiement ici !","description":"Chez SureSMS, vous avez la possibilit\u00e9 de choisir diff\u00e9rents modes de paiement. Si vous souhaitez une facture, nous envoyons bien entendu une facture GRATUITE \u00e0 tous nos clients.","robots":{"index":"index","follow":"follow","max-snippet":"max-snippet:-1","max-image-preview":"max-image-preview:large","max-video-preview":"max-video-preview:-1"},"canonical":"https:\/\/suresms.com\/fr\/a-propos-de-suresms\/prix-et-paiement\/","og_locale":"fr_FR","og_type":"article","og_title":"Priser og betaling","og_description":"Hos SureSMS har du mulighed for at v\u00e6lge forskellige betalingsformer. \u00d8nsker du en faktura sender vi selvf\u00f8lgelig GRATIS faktura til alle vore kunder.","og_url":"https:\/\/suresms.com\/fr\/a-propos-de-suresms\/prix-et-paiement\/","article_publisher":"https:\/\/www.facebook.com\/p\/SureSMS-100044607956149\/","article_modified_time":"2025-11-13T10:54:51+00:00","twitter_card":"summary_large_image","twitter_misc":{"Dur\u00e9e de lecture estim\u00e9e":"3 minutes"},"schema":{"@context":"https:\/\/schema.org","@graph":[{"@type":"WebPage","@id":"https:\/\/suresms.com\/dk\/om-suresms\/priser-og-betaling\/","url":"https:\/\/suresms.com\/dk\/om-suresms\/priser-og-betaling\/","name":"Paiement - SureSMS. Facture gratuite. VOIR les informations de paiement ici !","isPartOf":{"@id":"https:\/\/suresms.com\/en\/#website"},"datePublished":"2016-01-14T13:20:23+00:00","dateModified":"2025-11-13T10:54:51+00:00","description":"Chez SureSMS, vous avez la possibilit\u00e9 de choisir diff\u00e9rents modes de paiement. Si vous souhaitez une facture, nous envoyons bien entendu une facture GRATUITE \u00e0 tous nos clients.","breadcrumb":{"@id":"https:\/\/suresms.com\/dk\/om-suresms\/priser-og-betaling\/#breadcrumb"},"inLanguage":"fr-FR","potentialAction":[{"@type":"ReadAction","target":["https:\/\/suresms.com\/dk\/om-suresms\/priser-og-betaling\/"]}]},{"@type":"BreadcrumbList","@id":"https:\/\/suresms.com\/dk\/om-suresms\/priser-og-betaling\/#breadcrumb","itemListElement":[{"@type":"ListItem","position":1,"name":"Home","item":"https:\/\/suresms.com\/dk\/"},{"@type":"ListItem","position":2,"name":"Om SureSMS","item":"https:\/\/suresms.com\/dk\/om-suresms\/"},{"@type":"ListItem","position":3,"name":"Priser og betaling"}]},{"@type":"WebSite","@id":"https:\/\/suresms.com\/en\/#website","url":"https:\/\/suresms.com\/en\/","name":"SureSMS","description":"Passerelle SMS professionnelle","publisher":{"@id":"https:\/\/suresms.com\/en\/#organization"},"potentialAction":[{"@type":"SearchAction","target":{"@type":"EntryPoint","urlTemplate":"https:\/\/suresms.com\/en\/?s={search_term_string}"},"query-input":{"@type":"PropertyValueSpecification","valueRequired":true,"valueName":"search_term_string"}}],"inLanguage":"fr-FR"},{"@type":"Organization","@id":"https:\/\/suresms.com\/en\/#organization","name":"SureSMS","url":"https:\/\/suresms.com\/en\/","logo":{"@type":"ImageObject","inLanguage":"fr-FR","@id":"https:\/\/suresms.com\/en\/#\/schema\/logo\/image\/","url":"https:\/\/suresms.com\/wp-content\/uploads\/2024\/11\/suresms-300x65-1.png","contentUrl":"https:\/\/suresms.com\/wp-content\/uploads\/2024\/11\/suresms-300x65-1.png","width":300,"height":65,"caption":"SureSMS"},"image":{"@id":"https:\/\/suresms.com\/en\/#\/schema\/logo\/image\/"},"sameAs":["https:\/\/www.facebook.com\/p\/SureSMS-100044607956149\/"]}]}},"_links":{"self":[{"href":"https:\/\/suresms.com\/fr\/wp-json\/wp\/v2\/pages\/1507","targetHints":{"allow":["GET"]}}],"collection":[{"href":"https:\/\/suresms.com\/fr\/wp-json\/wp\/v2\/pages"}],"about":[{"href":"https:\/\/suresms.com\/fr\/wp-json\/wp\/v2\/types\/page"}],"author":[{"embeddable":true,"href":"https:\/\/suresms.com\/fr\/wp-json\/wp\/v2\/users\/1"}],"replies":[{"embeddable":true,"href":"https:\/\/suresms.com\/fr\/wp-json\/wp\/v2\/comments?post=1507"}],"version-history":[{"count":12,"href":"https:\/\/suresms.com\/fr\/wp-json\/wp\/v2\/pages\/1507\/revisions"}],"predecessor-version":[{"id":23542,"href":"https:\/\/suresms.com\/fr\/wp-json\/wp\/v2\/pages\/1507\/revisions\/23542"}],"up":[{"embeddable":true,"href":"https:\/\/suresms.com\/fr\/wp-json\/wp\/v2\/pages\/18594"}],"wp:attachment":[{"href":"https:\/\/suresms.com\/fr\/wp-json\/wp\/v2\/media?parent=1507"}],"wp:term":[{"taxonomy":"category","embeddable":true,"href":"https:\/\/suresms.com\/fr\/wp-json\/wp\/v2\/categories?post=1507"},{"taxonomy":"post_tag","embeddable":true,"href":"https:\/\/suresms.com\/fr\/wp-json\/wp\/v2\/tags?post=1507"}],"curies":[{"name":"wp","href":"https:\/\/api.w.org\/{rel}","templated":true}]}}