{"id":1449,"date":"2015-12-14T16:52:32","date_gmt":"2015-12-14T14:52:32","guid":{"rendered":"https:\/\/www.suresms.com\/dk\/?page_id=1449"},"modified":"2025-01-10T11:01:15","modified_gmt":"2025-01-10T11:01:15","slug":"controle","status":"publish","type":"page","link":"https:\/\/suresms.com\/fr\/om-suresms\/overvagning\/","title":{"rendered":"Contr\u00f4le"},"content":{"rendered":"<!-- Flexy Breadcrumb -->\r\n\t\t\t<div class=\"fbc fbc-page\">\r\n\r\n\t\t\t\t<!-- Breadcrumb wrapper -->\r\n\t\t\t\t<div class=\"fbc-wrap\">\r\n\r\n\t\t\t\t\t<!-- Ordered list-->\r\n\t\t\t\t\t<ol class=\"fbc-items\" itemscope itemtype=\"https:\/\/schema.org\/BreadcrumbList\">\r\n\t\t\t\t\t\t            <li itemprop=\"itemListElement\" itemscope itemtype=\"https:\/\/schema.org\/ListItem\">\r\n                <span itemprop=\"name\">\r\n                    <!-- Home Link -->\r\n                    <a itemprop=\"item\" href=\"https:\/\/suresms.com\/fr\/\">\r\n                    \r\n                                                    <i class=\"fa fa-home\" aria-hidden=\"true\"><\/i>Accueil                    <\/a>\r\n                <\/span>\r\n                <meta itemprop=\"position\" content=\"1\" \/><!-- Meta Position-->\r\n             <\/li><li><span class=\"fbc-separator\">\/<\/span><\/li><li class=\"active\" itemprop=\"itemListElement\" itemscope itemtype=\"https:\/\/schema.org\/ListItem\"><span itemprop=\"name\" title=\"Contr\u00f4le\">Contr\u00f4le<\/span><meta itemprop=\"position\" content=\"2\" \/><\/li>\t\t\t\t\t<\/ol>\r\n\t\t\t\t\t<div class=\"clearfix\"><\/div>\r\n\t\t\t\t<\/div>\r\n\t\t\t<\/div>\r\n\t\t\t\n\t<h1>Contr\u00f4le<\/h1>\n<p>Notre premi\u00e8re priorit\u00e9 est de veiller \u00e0 ce que les messages textuels soient envoy\u00e9s.<\/p>\n<p>Lors de la fourniture d'un service SMS, la surveillance des syst\u00e8mes est essentielle pour garantir un temps de fonctionnement ad\u00e9quat et s'assurer que les messages sont effectivement envoy\u00e9s et remis aux clients. Il y a beaucoup trop de choses qui peuvent mal tourner lors de l'envoi d'un message SMS pour se fier uniquement aux alarmes et aux machines.<\/p>\n<h4><strong>Surveillance compl\u00e8te et permanence 24 heures sur 24, 7 jours sur 7<\/strong><\/h4>\n<p>Nous avons plus de 100 points de mesure sur notre r\u00e9seau et notre infrastructure qui sont surveill\u00e9s toutes les minutes, mais nous ne nous fions pas uniquement aux machines.<\/p>\n<p>D\u00e8s que quelque chose ne va pas, notre responsable des op\u00e9rations \/ technicien de garde est imm\u00e9diatement inform\u00e9. Il y a toujours un homme sur le terrain si un serveur n'envoie ou ne re\u00e7oit pas comme pr\u00e9vu.<\/p>\n<p>Nous surveillons constamment nos serveurs ! 24 heures sur 24, 7 jours sur 7, 365 jours par an. Nous veillons pendant que vous dormez pour garantir le meilleur temps de disponibilit\u00e9.<\/p>\n<p>Nous surveillons tous les op\u00e9rateurs danois ainsi que les grands op\u00e9rateurs nordiques afin de garantir une livraison optimale. Cela signifie que nous savons si l'un d'entre eux est en panne ou si, pour une autre raison, il ne fournit pas le service. Cela nous permet de r\u00e9agir imm\u00e9diatement et de trouver des solutions au probl\u00e8me.<\/p>\n<p><strong>Nous sommes toujours \u00e0 l'avant-garde avec les meilleurs \u00e9quipements<\/strong><\/p>\n<p>Pour garantir des livraisons toujours optimales, nous veillons \u00e0 \u00eatre toujours \u00e0 la pointe de la technologie. Notre \u00e9quipement apprend de ses erreurs. Lorsqu'une erreur s'est produite une fois, la m\u00eame action la fois suivante d\u00e9clenchera une action corrective qui r\u00e9tablira automatiquement le syst\u00e8me \u00e0 son plein fonctionnement.\u00a0<\/p>\n<p>L'apprentissage automatique... La machine \u00e0 apprendre en action.<\/p>\n<h4><strong>Temps de disponibilit\u00e9 maximal ! Plus de 99,9 %<\/strong><\/h4>\n<p>Chez SureSMS, nous avons un temps de disponibilit\u00e9 maximal. Sur de nombreuses pages de vente de l'industrie, on peut lire que le temps de disponibilit\u00e9 est de 99,7 % ou de 100 %.  Chez SureSMS, notre temps de disponibilit\u00e9 est sup\u00e9rieur \u00e0 99,9, mais dans la pratique, ces chiffres ne sont que des arrondis.<\/p>\n<p>Nous veillons \u00e0 ce que nos syst\u00e8mes fonctionnent en permanence et \u00e0 ce qu'ils soient toujours surveill\u00e9s afin de d\u00e9tecter toute erreur survenant au niveau des machines ou des fournisseurs.\u00a0<\/p>\n<p>Si le t\u00e9l\u00e9phone vers lequel vous envoyez votre message est allum\u00e9, nous assurons un suivi optimal afin de garantir que votre message passe bien.<\/p>\n<p>\u00a0<\/p>\n\t<h4><strong>Voici quelques exemples d'utilisation de notre solution SIM h\u00e9berg\u00e9e par nos clients :<\/strong><\/h4>\n<ul>\n<li><strong>Une entreprise danoise de fourniture de chaleur<\/strong> utiliser notre solution SIM h\u00e9berg\u00e9e pour <strong>leurs activit\u00e9s en Norv\u00e8ge et en Su\u00e8de<\/strong>. Tout comme au Danemark, leur personnel doit envoyer des rappels de rendez-vous aux r\u00e9sidents, mais comme il s'agit de num\u00e9ros norv\u00e9giens et su\u00e9dois, la solution bidirectionnelle devrait bien s\u00fbr \u00eatre la m\u00eame.<\/li>\n<li><strong>Une agence de publicit\u00e9 danoise<\/strong> envoie aux clients des lettres physiques contenant des offres. Ces lettres contiennent un num\u00e9ro de t\u00e9l\u00e9phone o\u00f9 les clients peuvent s'inscrire pour recevoir les offres \u00e0 l'aide d'un MOT CL\u00c9. Le num\u00e9ro est transf\u00e9r\u00e9 au t\u00e9l\u00e9phone client de l'agence de publicit\u00e9 afin que les futurs clients puissent \u00e9galement appeler.<\/li>\n<li><strong>Un h\u00f4tel pr\u00e8s de la fronti\u00e8re germano-danoise<\/strong> utilise notre solution bidirectionnelle pour communiquer avec ses futurs et anciens clients. Comme il y a des Danois et des Allemands parmi les clients, la solution bidirectionnelle doit bien s\u00fbr avoir un num\u00e9ro de portable danois et un num\u00e9ro de portable allemand.<\/li>\n<\/ul>\n\t\t<h3><a href=\"http:\/\/suresms.com\/fr\/documents\/\" target=\"_self\">Visitez le site web de notre manuel<\/a><\/h3>\n\t\t\t\t<a href=\"http:\/\/suresms.com\/fr\/documents\/\" target=\"_self\" itemprop=\"url\">\n\t\t\t\t<img loading=\"lazy\" decoding=\"async\" src=\"https:\/\/suresms.com\/wp-content\/uploads\/2016\/03\/Manual-400x250-px1.jpg\" alt=\"manuel site web suresms\" itemprop=\"image\" height=\"250\" width=\"400\" title=\"Manuel 400x250 px\" onerror=\"this.style.display='none'\"  \/>\n\t\t\t\t<\/a>\n<p>Pour aider nos clients, nous avons rassembl\u00e9 toutes les instructions et descriptions sur suresms.com\/docs. Vous pouvez y voir comment fonctionne notre passerelle et obtenir des instructions simples et conviviales pour les nombreuses fonctionnalit\u00e9s.<\/p>\n\t\t<h3><a href=\"http:\/\/developer.suresms.com\/\" target=\"_self\">developer.suresms.com<\/a><\/h3>\n\t\t\t\t<a href=\"http:\/\/developer.suresms.com\/\" target=\"_self\" itemprop=\"url\">\n\t\t\t\t<img loading=\"lazy\" decoding=\"async\" src=\"https:\/\/suresms.com\/wp-content\/uploads\/2016\/03\/developer-400x250-px.jpg\" alt=\"d\u00e9veloppeur suresms site web pour d\u00e9veloppeurs\" itemprop=\"image\" height=\"250\" width=\"400\" title=\"d\u00e9veloppeur 400x250 px\" onerror=\"this.style.display='none'\"  \/>\n\t\t\t\t<\/a>\nSureSMS est con\u00e7u par des d\u00e9veloppeurs pour des d\u00e9veloppeurs !<br \/>\nSur developer.suresms.com, nous avons rassembl\u00e9 de la documentation et des exemples de code pour faciliter l'int\u00e9gration de notre passerelle dans votre syst\u00e8me.\n\t\t<h3><a href=\"https:\/\/www.youtube.com\/channel\/UC1XGC5rl9mI9ndtBVn8yq7g\" target=\"_self\">Regardez nos vid\u00e9os d'instruction !<\/a><\/h3>\n\t\t\t\t<a href=\"https:\/\/www.youtube.com\/channel\/UC1XGC5rl9mI9ndtBVn8yq7g\" target=\"_self\" itemprop=\"url\">\n\t\t\t\t<img loading=\"lazy\" decoding=\"async\" src=\"https:\/\/suresms.com\/wp-content\/uploads\/2016\/03\/you-tube400x250px.jpg\" alt=\"suresms sms gateway you tube videos\" itemprop=\"image\" height=\"250\" width=\"400\" title=\"you tube 400x250px\" onerror=\"this.style.display='none'\"  \/>\n\t\t\t\t<\/a>\n<p>Vous commencez \u00e0 utiliser une nouvelle fonctionnalit\u00e9 ? Ou avez-vous simplement besoin d'en savoir un peu plus sur le fonctionnement de notre passerelle ? Sur Youtube, nous avons rassembl\u00e9 nos vid\u00e9os d'instruction. Pr\u00eat \u00e0 l'emploi !<\/p>","protected":false},"excerpt":{"rendered":"<p>Surveillance S'assurer que les messages SMS sont envoy\u00e9s est notre priorit\u00e9 num\u00e9ro un. Lors de la fourniture d'un service SMS, il est primordial de surveiller les syst\u00e8mes afin de garantir un temps de fonctionnement ad\u00e9quat et de s'assurer que les messages sont effectivement envoy\u00e9s et d\u00e9livr\u00e9s aux clients. Il y a trop de choses qui peuvent mal tourner lors de l'envoi d'un message SMS... <a title=\"Contr\u00f4le\" class=\"read-more\" href=\"https:\/\/suresms.com\/fr\/om-suresms\/overvagning\/\" aria-label=\"En savoir plus sur Overv\u00e5gning\">En savoir plus<\/a><\/p>","protected":false},"author":1,"featured_media":0,"parent":18594,"menu_order":16,"comment_status":"closed","ping_status":"closed","template":"","meta":{"_fl_builder_enabled":"1","_fl_builder_data":null,"_fl_builder_draft":null,"_fl_builder_data_settings":null,"_fl_builder_css":"","_fl_builder_css_version":"","_fl_builder_js":"","footnotes":""},"categories":[],"tags":[],"class_list":["post-1449","page","type-page","status-publish"],"yoast_head":"<!-- This site is optimized with the Yoast SEO Premium plugin v27.3 (Yoast SEO v27.3) - https:\/\/yoast.com\/product\/yoast-seo-premium-wordpress\/ -->\r\n<title>SMS Overv\u00e5gning | Fuld overv\u00e5gning og altid vagt 24\/7 \u2713<\/title>\r\n<meta name=\"description\" content=\"Overv\u00e5gning af servere og alle danske operat\u00f8rer 24 \/7 . Altid teknikere p\u00e5 vagt. Vi garanterer optimal kvalitet &amp; levering . H\u00f8j oppetid p\u00e5 99,9 %.\" \/>\r\n<meta name=\"robots\" content=\"index, follow, max-snippet:-1, max-image-preview:large, max-video-preview:-1\" \/>\r\n<link rel=\"canonical\" href=\"https:\/\/suresms.com\/fr\/a-propos-de-suresms\/controle\/\" \/>\r\n<meta property=\"og:locale\" content=\"fr_FR\" \/>\r\n<meta property=\"og:type\" content=\"article\" \/>\r\n<meta property=\"og:title\" content=\"Overv\u00e5gning\" \/>\r\n<meta property=\"og:description\" content=\"Overv\u00e5gning af servere og alle danske operat\u00f8rer 24 \/7 . Altid teknikere p\u00e5 vagt. Vi garanterer optimal kvalitet &amp; levering . H\u00f8j oppetid p\u00e5 99,9 %.\" \/>\r\n<meta property=\"og:url\" content=\"https:\/\/suresms.com\/fr\/a-propos-de-suresms\/controle\/\" \/>\r\n<meta property=\"article:publisher\" content=\"https:\/\/www.facebook.com\/p\/SureSMS-100044607956149\/\" \/>\r\n<meta property=\"article:modified_time\" content=\"2025-01-10T11:01:15+00:00\" \/>\r\n<meta property=\"og:image\" content=\"https:\/\/suresms.com\/wp-content\/uploads\/2016\/03\/Manual-400x250-px1.jpg\" \/>\r\n<meta name=\"twitter:card\" content=\"summary_large_image\" \/>\r\n<meta name=\"twitter:label1\" content=\"Dur\u00e9e de lecture estim\u00e9e\" \/>\n\t<meta name=\"twitter:data1\" content=\"3 minutes\" \/>\r\n<script type=\"application\/ld+json\" class=\"yoast-schema-graph\">{\"@context\":\"https:\\\/\\\/schema.org\",\"@graph\":[{\"@type\":\"WebPage\",\"@id\":\"https:\\\/\\\/suresms.com\\\/dk\\\/om-suresms\\\/overvagning\\\/\",\"url\":\"https:\\\/\\\/suresms.com\\\/dk\\\/om-suresms\\\/overvagning\\\/\",\"name\":\"SMS Overv\u00e5gning | Fuld overv\u00e5gning og altid vagt 24\\\/7 \u2713\",\"isPartOf\":{\"@id\":\"https:\\\/\\\/suresms.com\\\/en\\\/#website\"},\"primaryImageOfPage\":{\"@id\":\"https:\\\/\\\/suresms.com\\\/dk\\\/om-suresms\\\/overvagning\\\/#primaryimage\"},\"image\":{\"@id\":\"https:\\\/\\\/suresms.com\\\/dk\\\/om-suresms\\\/overvagning\\\/#primaryimage\"},\"thumbnailUrl\":\"https:\\\/\\\/suresms.com\\\/wp-content\\\/uploads\\\/2016\\\/03\\\/Manual-400x250-px1.jpg\",\"datePublished\":\"2015-12-14T14:52:32+00:00\",\"dateModified\":\"2025-01-10T11:01:15+00:00\",\"description\":\"Overv\u00e5gning af servere og alle danske operat\u00f8rer 24 \\\/7 . Altid teknikere p\u00e5 vagt. Vi garanterer optimal kvalitet & levering . H\u00f8j oppetid p\u00e5 99,9 %.\",\"breadcrumb\":{\"@id\":\"https:\\\/\\\/suresms.com\\\/dk\\\/om-suresms\\\/overvagning\\\/#breadcrumb\"},\"inLanguage\":\"fr-FR\",\"potentialAction\":[{\"@type\":\"ReadAction\",\"target\":[\"https:\\\/\\\/suresms.com\\\/dk\\\/om-suresms\\\/overvagning\\\/\"]}]},{\"@type\":\"ImageObject\",\"inLanguage\":\"fr-FR\",\"@id\":\"https:\\\/\\\/suresms.com\\\/dk\\\/om-suresms\\\/overvagning\\\/#primaryimage\",\"url\":\"https:\\\/\\\/suresms.com\\\/wp-content\\\/uploads\\\/2016\\\/03\\\/Manual-400x250-px1.jpg\",\"contentUrl\":\"https:\\\/\\\/suresms.com\\\/wp-content\\\/uploads\\\/2016\\\/03\\\/Manual-400x250-px1.jpg\"},{\"@type\":\"BreadcrumbList\",\"@id\":\"https:\\\/\\\/suresms.com\\\/dk\\\/om-suresms\\\/overvagning\\\/#breadcrumb\",\"itemListElement\":[{\"@type\":\"ListItem\",\"position\":1,\"name\":\"Home\",\"item\":\"https:\\\/\\\/suresms.com\\\/dk\\\/\"},{\"@type\":\"ListItem\",\"position\":2,\"name\":\"Om SureSMS\",\"item\":\"https:\\\/\\\/suresms.com\\\/dk\\\/om-suresms\\\/\"},{\"@type\":\"ListItem\",\"position\":3,\"name\":\"Overv\u00e5gning\"}]},{\"@type\":\"WebSite\",\"@id\":\"https:\\\/\\\/suresms.com\\\/en\\\/#website\",\"url\":\"https:\\\/\\\/suresms.com\\\/en\\\/\",\"name\":\"SureSMS\",\"description\":\"Professionel SMS Gateway\",\"publisher\":{\"@id\":\"https:\\\/\\\/suresms.com\\\/en\\\/#organization\"},\"potentialAction\":[{\"@type\":\"SearchAction\",\"target\":{\"@type\":\"EntryPoint\",\"urlTemplate\":\"https:\\\/\\\/suresms.com\\\/en\\\/?s={search_term_string}\"},\"query-input\":{\"@type\":\"PropertyValueSpecification\",\"valueRequired\":true,\"valueName\":\"search_term_string\"}}],\"inLanguage\":\"fr-FR\"},{\"@type\":\"Organization\",\"@id\":\"https:\\\/\\\/suresms.com\\\/en\\\/#organization\",\"name\":\"SureSMS\",\"url\":\"https:\\\/\\\/suresms.com\\\/en\\\/\",\"logo\":{\"@type\":\"ImageObject\",\"inLanguage\":\"fr-FR\",\"@id\":\"https:\\\/\\\/suresms.com\\\/en\\\/#\\\/schema\\\/logo\\\/image\\\/\",\"url\":\"https:\\\/\\\/suresms.com\\\/wp-content\\\/uploads\\\/2024\\\/11\\\/suresms-300x65-1.png\",\"contentUrl\":\"https:\\\/\\\/suresms.com\\\/wp-content\\\/uploads\\\/2024\\\/11\\\/suresms-300x65-1.png\",\"width\":300,\"height\":65,\"caption\":\"SureSMS\"},\"image\":{\"@id\":\"https:\\\/\\\/suresms.com\\\/en\\\/#\\\/schema\\\/logo\\\/image\\\/\"},\"sameAs\":[\"https:\\\/\\\/www.facebook.com\\\/p\\\/SureSMS-100044607956149\\\/\"]}]}<\/script>\r\n<!-- \/ Yoast SEO Premium plugin. -->","yoast_head_json":{"title":"Surveillance par SMS | Surveillance compl\u00e8te et toujours disponible 24 heures sur 24, 7 jours sur 7 \u2713","description":"Surveillance des serveurs et de tous les op\u00e9rateurs danois 24\/7. Techniciens toujours en service. Nous garantissons une qualit\u00e9 et une livraison optimales. Temps de disponibilit\u00e9 \u00e9lev\u00e9 de 99,9 %.","robots":{"index":"index","follow":"follow","max-snippet":"max-snippet:-1","max-image-preview":"max-image-preview:large","max-video-preview":"max-video-preview:-1"},"canonical":"https:\/\/suresms.com\/fr\/a-propos-de-suresms\/controle\/","og_locale":"fr_FR","og_type":"article","og_title":"Overv\u00e5gning","og_description":"Overv\u00e5gning af servere og alle danske operat\u00f8rer 24 \/7 . Altid teknikere p\u00e5 vagt. Vi garanterer optimal kvalitet & levering . H\u00f8j oppetid p\u00e5 99,9 %.","og_url":"https:\/\/suresms.com\/fr\/a-propos-de-suresms\/controle\/","article_publisher":"https:\/\/www.facebook.com\/p\/SureSMS-100044607956149\/","article_modified_time":"2025-01-10T11:01:15+00:00","og_image":[{"url":"https:\/\/suresms.com\/wp-content\/uploads\/2016\/03\/Manual-400x250-px1.jpg","type":"","width":"","height":""}],"twitter_card":"summary_large_image","twitter_misc":{"Dur\u00e9e de lecture estim\u00e9e":"3 minutes"},"schema":{"@context":"https:\/\/schema.org","@graph":[{"@type":"WebPage","@id":"https:\/\/suresms.com\/dk\/om-suresms\/overvagning\/","url":"https:\/\/suresms.com\/dk\/om-suresms\/overvagning\/","name":"Surveillance par SMS | Surveillance compl\u00e8te et toujours disponible 24 heures sur 24, 7 jours sur 7 \u2713","isPartOf":{"@id":"https:\/\/suresms.com\/en\/#website"},"primaryImageOfPage":{"@id":"https:\/\/suresms.com\/dk\/om-suresms\/overvagning\/#primaryimage"},"image":{"@id":"https:\/\/suresms.com\/dk\/om-suresms\/overvagning\/#primaryimage"},"thumbnailUrl":"https:\/\/suresms.com\/wp-content\/uploads\/2016\/03\/Manual-400x250-px1.jpg","datePublished":"2015-12-14T14:52:32+00:00","dateModified":"2025-01-10T11:01:15+00:00","description":"Surveillance des serveurs et de tous les op\u00e9rateurs danois 24\/7. Techniciens toujours en service. Nous garantissons une qualit\u00e9 et une livraison optimales. Temps de disponibilit\u00e9 \u00e9lev\u00e9 de 99,9 %.","breadcrumb":{"@id":"https:\/\/suresms.com\/dk\/om-suresms\/overvagning\/#breadcrumb"},"inLanguage":"fr-FR","potentialAction":[{"@type":"ReadAction","target":["https:\/\/suresms.com\/dk\/om-suresms\/overvagning\/"]}]},{"@type":"ImageObject","inLanguage":"fr-FR","@id":"https:\/\/suresms.com\/dk\/om-suresms\/overvagning\/#primaryimage","url":"https:\/\/suresms.com\/wp-content\/uploads\/2016\/03\/Manual-400x250-px1.jpg","contentUrl":"https:\/\/suresms.com\/wp-content\/uploads\/2016\/03\/Manual-400x250-px1.jpg"},{"@type":"BreadcrumbList","@id":"https:\/\/suresms.com\/dk\/om-suresms\/overvagning\/#breadcrumb","itemListElement":[{"@type":"ListItem","position":1,"name":"Home","item":"https:\/\/suresms.com\/dk\/"},{"@type":"ListItem","position":2,"name":"Om SureSMS","item":"https:\/\/suresms.com\/dk\/om-suresms\/"},{"@type":"ListItem","position":3,"name":"Overv\u00e5gning"}]},{"@type":"WebSite","@id":"https:\/\/suresms.com\/en\/#website","url":"https:\/\/suresms.com\/en\/","name":"SureSMS","description":"Passerelle SMS professionnelle","publisher":{"@id":"https:\/\/suresms.com\/en\/#organization"},"potentialAction":[{"@type":"SearchAction","target":{"@type":"EntryPoint","urlTemplate":"https:\/\/suresms.com\/en\/?s={search_term_string}"},"query-input":{"@type":"PropertyValueSpecification","valueRequired":true,"valueName":"search_term_string"}}],"inLanguage":"fr-FR"},{"@type":"Organization","@id":"https:\/\/suresms.com\/en\/#organization","name":"SureSMS","url":"https:\/\/suresms.com\/en\/","logo":{"@type":"ImageObject","inLanguage":"fr-FR","@id":"https:\/\/suresms.com\/en\/#\/schema\/logo\/image\/","url":"https:\/\/suresms.com\/wp-content\/uploads\/2024\/11\/suresms-300x65-1.png","contentUrl":"https:\/\/suresms.com\/wp-content\/uploads\/2024\/11\/suresms-300x65-1.png","width":300,"height":65,"caption":"SureSMS"},"image":{"@id":"https:\/\/suresms.com\/en\/#\/schema\/logo\/image\/"},"sameAs":["https:\/\/www.facebook.com\/p\/SureSMS-100044607956149\/"]}]}},"_links":{"self":[{"href":"https:\/\/suresms.com\/fr\/wp-json\/wp\/v2\/pages\/1449","targetHints":{"allow":["GET"]}}],"collection":[{"href":"https:\/\/suresms.com\/fr\/wp-json\/wp\/v2\/pages"}],"about":[{"href":"https:\/\/suresms.com\/fr\/wp-json\/wp\/v2\/types\/page"}],"author":[{"embeddable":true,"href":"https:\/\/suresms.com\/fr\/wp-json\/wp\/v2\/users\/1"}],"replies":[{"embeddable":true,"href":"https:\/\/suresms.com\/fr\/wp-json\/wp\/v2\/comments?post=1449"}],"version-history":[{"count":7,"href":"https:\/\/suresms.com\/fr\/wp-json\/wp\/v2\/pages\/1449\/revisions"}],"predecessor-version":[{"id":21406,"href":"https:\/\/suresms.com\/fr\/wp-json\/wp\/v2\/pages\/1449\/revisions\/21406"}],"up":[{"embeddable":true,"href":"https:\/\/suresms.com\/fr\/wp-json\/wp\/v2\/pages\/18594"}],"wp:attachment":[{"href":"https:\/\/suresms.com\/fr\/wp-json\/wp\/v2\/media?parent=1449"}],"wp:term":[{"taxonomy":"category","embeddable":true,"href":"https:\/\/suresms.com\/fr\/wp-json\/wp\/v2\/categories?post=1449"},{"taxonomy":"post_tag","embeddable":true,"href":"https:\/\/suresms.com\/fr\/wp-json\/wp\/v2\/tags?post=1449"}],"curies":[{"name":"wp","href":"https:\/\/api.w.org\/{rel}","templated":true}]}}