{"id":14437,"date":"2022-02-16T13:45:49","date_gmt":"2022-02-16T11:45:49","guid":{"rendered":"https:\/\/www.suresms.com\/dk\/?page_id=14437"},"modified":"2025-01-05T00:00:36","modified_gmt":"2025-01-05T00:00:36","slug":"cms-systeme-de-gestion-de-contenu-integration-sms","status":"publish","type":"page","link":"https:\/\/suresms.com\/fr\/integrationer\/cms-content-management-system-sms-integration\/","title":{"rendered":"Int\u00e9gration des SMS aux syst\u00e8mes de gestion de contenu (CMS)"},"content":{"rendered":"<!-- Flexy Breadcrumb -->\r\n\t\t\t<div class=\"fbc fbc-page\">\r\n\r\n\t\t\t\t<!-- Breadcrumb wrapper -->\r\n\t\t\t\t<div class=\"fbc-wrap\">\r\n\r\n\t\t\t\t\t<!-- Ordered list-->\r\n\t\t\t\t\t<ol class=\"fbc-items\" itemscope itemtype=\"https:\/\/schema.org\/BreadcrumbList\">\r\n\t\t\t\t\t\t            <li itemprop=\"itemListElement\" itemscope itemtype=\"https:\/\/schema.org\/ListItem\">\r\n                <span itemprop=\"name\">\r\n                    <!-- Home Link -->\r\n                    <a itemprop=\"item\" href=\"https:\/\/suresms.com\/fr\/\">\r\n                    \r\n                                                    <i class=\"fa fa-home\" aria-hidden=\"true\"><\/i>Accueil                    <\/a>\r\n                <\/span>\r\n                <meta itemprop=\"position\" content=\"1\" \/><!-- Meta Position-->\r\n             <\/li><li><span class=\"fbc-separator\">\/<\/span><\/li><li class=\"active\" itemprop=\"itemListElement\" itemscope itemtype=\"https:\/\/schema.org\/ListItem\"><span itemprop=\"name\" title=\"Int\u00e9gration des SMS aux syst\u00e8mes de gestion de contenu (CMS)\">Int\u00e9gration de SMS pour le contenu...<\/span><meta itemprop=\"position\" content=\"2\" \/><\/li>\t\t\t\t\t<\/ol>\r\n\t\t\t\t\t<div class=\"clearfix\"><\/div>\r\n\t\t\t\t<\/div>\r\n\t\t\t<\/div>\r\n\t\t\t\n\t\t<h1><strong>Int\u00e9gration du SMS dans les syst\u00e8mes de gestion de contenu (CMS)<\/strong><\/h1>\n\t\t\t\t<img loading=\"lazy\" decoding=\"async\" src=\"https:\/\/suresms.com\/wp-content\/uploads\/2022\/02\/ContentManagementSystem-1.png\" alt=\"Syst\u00e8me de gestion de contenu\" itemprop=\"image\" height=\"440\" width=\"1109\" title=\"Syst\u00e8me de gestion de contenu\" onerror=\"this.style.display='none'\"  \/>\n\t<h3>Gr\u00e2ce \u00e0 l'int\u00e9gration des SMS \u00e0 votre syst\u00e8me de gestion de contenu (Content Management System ou CMS), vous pouvez communiquer avec vos clients et vos employ\u00e9s rapidement et efficacement.<\/h3>\n\t\t<h3>SMS dans les syst\u00e8mes CMS<\/h3><p>De nombreuses possibilit\u00e9s s'offrent \u00e0 vous lorsque vous connectez votre CMS \u00e0 une passerelle SMS. Vous pouvez envoyer des notifications aux administrateurs lorsque de nouveaux utilisateurs s'inscrivent, lorsque de nouveaux commentaires sont faits sur votre contenu, lorsque des utilisateurs se connectent \u00e0 votre CMS. Vous pouvez \u00e9galement int\u00e9grer, par exemple, Contact Form 7, WooCommerce et Easy Digital Downloads afin de recevoir un SMS lorsque quelqu'un t\u00e9l\u00e9charge du mat\u00e9riel.<\/p>\n<p>Les visiteurs de votre site web ont \u00e9galement la possibilit\u00e9 de s'inscrire \u00e0 des bulletins d'information par SMS et de recevoir des codes d'activation par SMS.<\/p>\n<p>L'int\u00e9gration des SMS dans votre syst\u00e8me CMS n\u00e9cessite que vous disposiez d'un plug-in pour votre syst\u00e8me CMS, tel que WordPress ou Joomla, et que vous ayez acc\u00e8s \u00e0 une passerelle SMS. SureSMS est une telle passerelle.<\/p>\n<p>Sur cette page, vous trouverez une liste de plugins pour diff\u00e9rents syst\u00e8mes CMS qui prennent en charge SureSMS en tant que passerelle. Avant de l'installer, vous pouvez commander un compte d'essai SureSMS gratuit pour voir si le plugin et SureSMS peuvent r\u00e9soudre votre probl\u00e8me sp\u00e9cifique.<\/p>\n\t<p>Vous trouverez ci-dessous quelques-unes des int\u00e9grations qui existent d\u00e9j\u00e0 entre SureSMS et les syst\u00e8mes CMS.<\/p>\n\t\t\t\t<a href=\"https:\/\/suresms.com\/fr\/integrations\/cms-systeme-de-gestion-de-contenu-integration-sms\/integration-sms-wordpress\/\" target=\"_self\" itemprop=\"url\">\n\t\t\t\t<img loading=\"lazy\" decoding=\"async\" src=\"https:\/\/suresms.com\/wp-content\/uploads\/2022\/02\/WpSMS-SureSMS-1-1.png\" alt=\"SMS WordPress avec WP-SMS\" itemprop=\"image\" height=\"460\" width=\"1281\" title=\"WpSMS-SureSMS\" onerror=\"this.style.display='none'\"  \/>\n\t\t\t\t<\/a>\n<h3><a href=\"https:\/\/suresms.com\/fr\/integrations\/cms-systeme-de-gestion-de-contenu-integration-sms\/integration-sms-wordpress\/\" target=\"_self\">WP-SMS<\/a><\/h3><p>WP-SMS est un plugin WordPress gratuit qui vous offre de nombreuses options pour int\u00e9grer les SMS sur votre site web. Listes de SMS, int\u00e9gration \u00e0 WooCommerce, ContactForm7, BuddyPress et bien d'autres encore.<\/p>\n\t\t<h3><a href=\"https:\/\/suresms.com\/fr\/integrations\/cms-systeme-de-gestion-de-contenu-integration-sms\/solution-joomla-sms\/\" target=\"_self\">Joomla<\/a><\/h3><p>SureSMS a \u00e9t\u00e9 choisi comme l'une des passerelles SMS standard qu'Acyba utilise dans sa solution AcySMS.<\/p>\n<p>AcySMS est une extension gratuite pour Joomla. L'extension est enti\u00e8rement int\u00e9gr\u00e9e \u00e0 votre site Joomla et vous permet de cr\u00e9er des campagnes de suivi, des autor\u00e9pondeurs, des newsletters, des publicit\u00e9s, des promotions, des offres et des autor\u00e9pondeurs .... le tout via SMS.<\/p>","protected":false},"excerpt":{"rendered":"<p>Int\u00e9gration de SMS pour les syst\u00e8mes de gestion de contenu (CMS) L'int\u00e9gration de SMS \u00e0 votre syst\u00e8me de gestion de contenu (CMS) vous permet de communiquer rapidement et efficacement avec vos clients et vos employ\u00e9s. Les SMS dans les syst\u00e8mes CMS Il existe de nombreuses possibilit\u00e9s lorsque vous connectez votre syst\u00e8me CMS \u00e0 une passerelle SMS. Par exemple, vous pouvez envoyer des notifications \u00e0 ... <a title=\"Int\u00e9gration des SMS aux syst\u00e8mes de gestion de contenu (CMS)\" class=\"read-more\" href=\"https:\/\/suresms.com\/fr\/integrationer\/cms-content-management-system-sms-integration\/\" aria-label=\"En savoir plus sur l&#039;int\u00e9gration des SMS dans les syst\u00e8mes de gestion de contenu (CMS)\">En savoir plus<\/a><\/p>","protected":false},"author":1,"featured_media":0,"parent":9400,"menu_order":1,"comment_status":"closed","ping_status":"closed","template":"","meta":{"_fl_builder_enabled":"1","_fl_builder_data":null,"_fl_builder_draft":null,"_fl_builder_data_settings":null,"_fl_builder_css":"","_fl_builder_css_version":"","_fl_builder_js":"","footnotes":""},"categories":[],"tags":[],"class_list":["post-14437","page","type-page","status-publish"],"yoast_head":"<!-- This site is optimized with the Yoast SEO Premium plugin v27.3 (Yoast SEO v27.3) - https:\/\/yoast.com\/product\/yoast-seo-premium-wordpress\/ -->\r\n<title>SMS integration til Content Management Systemer (CMS systemer) - SMS integrationer til 2000+ systemer<\/title>\r\n<meta name=\"description\" content=\"SMS integrationer med 2000+ systemer. Mange forskellige muligheder og gratis ops\u00e6tning. API, webservice, JSON og meget mere\" \/>\r\n<meta name=\"robots\" content=\"index, follow, max-snippet:-1, max-image-preview:large, max-video-preview:-1\" \/>\r\n<link rel=\"canonical\" href=\"https:\/\/suresms.com\/fr\/integrations\/cms-systeme-de-gestion-de-contenu-integration-sms\/\" \/>\r\n<meta property=\"og:locale\" content=\"fr_FR\" \/>\r\n<meta property=\"og:type\" content=\"article\" \/>\r\n<meta property=\"og:title\" content=\"SMS integration til Content Management Systemer (CMS systemer)\" \/>\r\n<meta property=\"og:description\" content=\"SMS integrationer med 2000+ systemer. Mange forskellige muligheder og gratis ops\u00e6tning. API, webservice, JSON og meget mere\" \/>\r\n<meta property=\"og:url\" content=\"https:\/\/suresms.com\/fr\/integrations\/cms-systeme-de-gestion-de-contenu-integration-sms\/\" \/>\r\n<meta property=\"article:publisher\" content=\"https:\/\/www.facebook.com\/p\/SureSMS-100044607956149\/\" \/>\r\n<meta property=\"article:modified_time\" content=\"2025-01-05T00:00:36+00:00\" \/>\r\n<meta property=\"og:image\" content=\"https:\/\/suresms.com\/wp-content\/uploads\/2022\/02\/ContentManagementSystem-1.png\" \/>\r\n<meta name=\"twitter:card\" content=\"summary_large_image\" \/>\r\n<meta name=\"twitter:label1\" content=\"Dur\u00e9e de lecture estim\u00e9e\" \/>\n\t<meta name=\"twitter:data1\" content=\"6 minutes\" \/>\r\n<script type=\"application\/ld+json\" class=\"yoast-schema-graph\">{\"@context\":\"https:\\\/\\\/schema.org\",\"@graph\":[{\"@type\":\"WebPage\",\"@id\":\"https:\\\/\\\/suresms.com\\\/dk\\\/integrationer\\\/cms-content-management-system-sms-integration\\\/\",\"url\":\"https:\\\/\\\/suresms.com\\\/dk\\\/integrationer\\\/cms-content-management-system-sms-integration\\\/\",\"name\":\"SMS integration til Content Management Systemer (CMS systemer) - SMS integrationer til 2000+ systemer\",\"isPartOf\":{\"@id\":\"https:\\\/\\\/suresms.com\\\/en\\\/#website\"},\"primaryImageOfPage\":{\"@id\":\"https:\\\/\\\/suresms.com\\\/dk\\\/integrationer\\\/cms-content-management-system-sms-integration\\\/#primaryimage\"},\"image\":{\"@id\":\"https:\\\/\\\/suresms.com\\\/dk\\\/integrationer\\\/cms-content-management-system-sms-integration\\\/#primaryimage\"},\"thumbnailUrl\":\"https:\\\/\\\/suresms.com\\\/wp-content\\\/uploads\\\/2022\\\/02\\\/ContentManagementSystem-1.png\",\"datePublished\":\"2022-02-16T11:45:49+00:00\",\"dateModified\":\"2025-01-05T00:00:36+00:00\",\"description\":\"SMS integrationer med 2000+ systemer. Mange forskellige muligheder og gratis ops\u00e6tning. API, webservice, JSON og meget mere\",\"breadcrumb\":{\"@id\":\"https:\\\/\\\/suresms.com\\\/dk\\\/integrationer\\\/cms-content-management-system-sms-integration\\\/#breadcrumb\"},\"inLanguage\":\"fr-FR\",\"potentialAction\":[{\"@type\":\"ReadAction\",\"target\":[\"https:\\\/\\\/suresms.com\\\/dk\\\/integrationer\\\/cms-content-management-system-sms-integration\\\/\"]}]},{\"@type\":\"ImageObject\",\"inLanguage\":\"fr-FR\",\"@id\":\"https:\\\/\\\/suresms.com\\\/dk\\\/integrationer\\\/cms-content-management-system-sms-integration\\\/#primaryimage\",\"url\":\"https:\\\/\\\/suresms.com\\\/wp-content\\\/uploads\\\/2022\\\/02\\\/ContentManagementSystem-1.png\",\"contentUrl\":\"https:\\\/\\\/suresms.com\\\/wp-content\\\/uploads\\\/2022\\\/02\\\/ContentManagementSystem-1.png\"},{\"@type\":\"BreadcrumbList\",\"@id\":\"https:\\\/\\\/suresms.com\\\/dk\\\/integrationer\\\/cms-content-management-system-sms-integration\\\/#breadcrumb\",\"itemListElement\":[{\"@type\":\"ListItem\",\"position\":1,\"name\":\"Home\",\"item\":\"https:\\\/\\\/suresms.com\\\/dk\\\/\"},{\"@type\":\"ListItem\",\"position\":2,\"name\":\"Integrationer\",\"item\":\"https:\\\/\\\/suresms.com\\\/dk\\\/integrationer\\\/\"},{\"@type\":\"ListItem\",\"position\":3,\"name\":\"SMS integration til Content Management Systemer (CMS systemer)\"}]},{\"@type\":\"WebSite\",\"@id\":\"https:\\\/\\\/suresms.com\\\/en\\\/#website\",\"url\":\"https:\\\/\\\/suresms.com\\\/en\\\/\",\"name\":\"SureSMS\",\"description\":\"Professionel SMS Gateway\",\"publisher\":{\"@id\":\"https:\\\/\\\/suresms.com\\\/en\\\/#organization\"},\"potentialAction\":[{\"@type\":\"SearchAction\",\"target\":{\"@type\":\"EntryPoint\",\"urlTemplate\":\"https:\\\/\\\/suresms.com\\\/en\\\/?s={search_term_string}\"},\"query-input\":{\"@type\":\"PropertyValueSpecification\",\"valueRequired\":true,\"valueName\":\"search_term_string\"}}],\"inLanguage\":\"fr-FR\"},{\"@type\":\"Organization\",\"@id\":\"https:\\\/\\\/suresms.com\\\/en\\\/#organization\",\"name\":\"SureSMS\",\"url\":\"https:\\\/\\\/suresms.com\\\/en\\\/\",\"logo\":{\"@type\":\"ImageObject\",\"inLanguage\":\"fr-FR\",\"@id\":\"https:\\\/\\\/suresms.com\\\/en\\\/#\\\/schema\\\/logo\\\/image\\\/\",\"url\":\"https:\\\/\\\/suresms.com\\\/wp-content\\\/uploads\\\/2024\\\/11\\\/suresms-300x65-1.png\",\"contentUrl\":\"https:\\\/\\\/suresms.com\\\/wp-content\\\/uploads\\\/2024\\\/11\\\/suresms-300x65-1.png\",\"width\":300,\"height\":65,\"caption\":\"SureSMS\"},\"image\":{\"@id\":\"https:\\\/\\\/suresms.com\\\/en\\\/#\\\/schema\\\/logo\\\/image\\\/\"},\"sameAs\":[\"https:\\\/\\\/www.facebook.com\\\/p\\\/SureSMS-100044607956149\\\/\"]}]}<\/script>\r\n<!-- \/ Yoast SEO Premium plugin. -->","yoast_head_json":{"title":"Int\u00e9gration SMS pour les syst\u00e8mes de gestion de contenu (CMS) - Int\u00e9gration SMS pour plus de 2000 syst\u00e8mes","description":"Int\u00e9grations SMS avec plus de 2000 syst\u00e8mes. Nombreuses options et installation gratuite. API, service web, JSON et bien plus encore.","robots":{"index":"index","follow":"follow","max-snippet":"max-snippet:-1","max-image-preview":"max-image-preview:large","max-video-preview":"max-video-preview:-1"},"canonical":"https:\/\/suresms.com\/fr\/integrations\/cms-systeme-de-gestion-de-contenu-integration-sms\/","og_locale":"fr_FR","og_type":"article","og_title":"SMS integration til Content Management Systemer (CMS systemer)","og_description":"SMS integrationer med 2000+ systemer. Mange forskellige muligheder og gratis ops\u00e6tning. API, webservice, JSON og meget mere","og_url":"https:\/\/suresms.com\/fr\/integrations\/cms-systeme-de-gestion-de-contenu-integration-sms\/","article_publisher":"https:\/\/www.facebook.com\/p\/SureSMS-100044607956149\/","article_modified_time":"2025-01-05T00:00:36+00:00","og_image":[{"url":"https:\/\/suresms.com\/wp-content\/uploads\/2022\/02\/ContentManagementSystem-1.png","type":"","width":"","height":""}],"twitter_card":"summary_large_image","twitter_misc":{"Dur\u00e9e de lecture estim\u00e9e":"6 minutes"},"schema":{"@context":"https:\/\/schema.org","@graph":[{"@type":"WebPage","@id":"https:\/\/suresms.com\/dk\/integrationer\/cms-content-management-system-sms-integration\/","url":"https:\/\/suresms.com\/dk\/integrationer\/cms-content-management-system-sms-integration\/","name":"Int\u00e9gration SMS pour les syst\u00e8mes de gestion de contenu (CMS) - Int\u00e9gration SMS pour plus de 2000 syst\u00e8mes","isPartOf":{"@id":"https:\/\/suresms.com\/en\/#website"},"primaryImageOfPage":{"@id":"https:\/\/suresms.com\/dk\/integrationer\/cms-content-management-system-sms-integration\/#primaryimage"},"image":{"@id":"https:\/\/suresms.com\/dk\/integrationer\/cms-content-management-system-sms-integration\/#primaryimage"},"thumbnailUrl":"https:\/\/suresms.com\/wp-content\/uploads\/2022\/02\/ContentManagementSystem-1.png","datePublished":"2022-02-16T11:45:49+00:00","dateModified":"2025-01-05T00:00:36+00:00","description":"Int\u00e9grations SMS avec plus de 2000 syst\u00e8mes. Nombreuses options et installation gratuite. API, service web, JSON et bien plus encore.","breadcrumb":{"@id":"https:\/\/suresms.com\/dk\/integrationer\/cms-content-management-system-sms-integration\/#breadcrumb"},"inLanguage":"fr-FR","potentialAction":[{"@type":"ReadAction","target":["https:\/\/suresms.com\/dk\/integrationer\/cms-content-management-system-sms-integration\/"]}]},{"@type":"ImageObject","inLanguage":"fr-FR","@id":"https:\/\/suresms.com\/dk\/integrationer\/cms-content-management-system-sms-integration\/#primaryimage","url":"https:\/\/suresms.com\/wp-content\/uploads\/2022\/02\/ContentManagementSystem-1.png","contentUrl":"https:\/\/suresms.com\/wp-content\/uploads\/2022\/02\/ContentManagementSystem-1.png"},{"@type":"BreadcrumbList","@id":"https:\/\/suresms.com\/dk\/integrationer\/cms-content-management-system-sms-integration\/#breadcrumb","itemListElement":[{"@type":"ListItem","position":1,"name":"Home","item":"https:\/\/suresms.com\/dk\/"},{"@type":"ListItem","position":2,"name":"Integrationer","item":"https:\/\/suresms.com\/dk\/integrationer\/"},{"@type":"ListItem","position":3,"name":"SMS integration til Content Management Systemer (CMS systemer)"}]},{"@type":"WebSite","@id":"https:\/\/suresms.com\/en\/#website","url":"https:\/\/suresms.com\/en\/","name":"SureSMS","description":"Passerelle SMS professionnelle","publisher":{"@id":"https:\/\/suresms.com\/en\/#organization"},"potentialAction":[{"@type":"SearchAction","target":{"@type":"EntryPoint","urlTemplate":"https:\/\/suresms.com\/en\/?s={search_term_string}"},"query-input":{"@type":"PropertyValueSpecification","valueRequired":true,"valueName":"search_term_string"}}],"inLanguage":"fr-FR"},{"@type":"Organization","@id":"https:\/\/suresms.com\/en\/#organization","name":"SureSMS","url":"https:\/\/suresms.com\/en\/","logo":{"@type":"ImageObject","inLanguage":"fr-FR","@id":"https:\/\/suresms.com\/en\/#\/schema\/logo\/image\/","url":"https:\/\/suresms.com\/wp-content\/uploads\/2024\/11\/suresms-300x65-1.png","contentUrl":"https:\/\/suresms.com\/wp-content\/uploads\/2024\/11\/suresms-300x65-1.png","width":300,"height":65,"caption":"SureSMS"},"image":{"@id":"https:\/\/suresms.com\/en\/#\/schema\/logo\/image\/"},"sameAs":["https:\/\/www.facebook.com\/p\/SureSMS-100044607956149\/"]}]}},"_links":{"self":[{"href":"https:\/\/suresms.com\/fr\/wp-json\/wp\/v2\/pages\/14437","targetHints":{"allow":["GET"]}}],"collection":[{"href":"https:\/\/suresms.com\/fr\/wp-json\/wp\/v2\/pages"}],"about":[{"href":"https:\/\/suresms.com\/fr\/wp-json\/wp\/v2\/types\/page"}],"author":[{"embeddable":true,"href":"https:\/\/suresms.com\/fr\/wp-json\/wp\/v2\/users\/1"}],"replies":[{"embeddable":true,"href":"https:\/\/suresms.com\/fr\/wp-json\/wp\/v2\/comments?post=14437"}],"version-history":[{"count":3,"href":"https:\/\/suresms.com\/fr\/wp-json\/wp\/v2\/pages\/14437\/revisions"}],"predecessor-version":[{"id":21037,"href":"https:\/\/suresms.com\/fr\/wp-json\/wp\/v2\/pages\/14437\/revisions\/21037"}],"up":[{"embeddable":true,"href":"https:\/\/suresms.com\/fr\/wp-json\/wp\/v2\/pages\/9400"}],"wp:attachment":[{"href":"https:\/\/suresms.com\/fr\/wp-json\/wp\/v2\/media?parent=14437"}],"wp:term":[{"taxonomy":"category","embeddable":true,"href":"https:\/\/suresms.com\/fr\/wp-json\/wp\/v2\/categories?post=14437"},{"taxonomy":"post_tag","embeddable":true,"href":"https:\/\/suresms.com\/fr\/wp-json\/wp\/v2\/tags?post=14437"}],"curies":[{"name":"wp","href":"https:\/\/api.w.org\/{rel}","templated":true}]}}