{"id":1437,"date":"2015-12-14T16:33:49","date_gmt":"2015-12-14T14:33:49","guid":{"rendered":"https:\/\/www.suresms.com\/dk\/?page_id=1437"},"modified":"2024-12-05T15:49:04","modified_gmt":"2024-12-05T15:49:04","slug":"journalisation-et-surveillance-completes","status":"publish","type":"page","link":"https:\/\/suresms.com\/fr\/funktioner\/komplet-log-og-monitorering\/","title":{"rendered":"Journal et suivi complets"},"content":{"rendered":"<!-- Flexy Breadcrumb -->\r\n\t\t\t<div class=\"fbc fbc-page\">\r\n\r\n\t\t\t\t<!-- Breadcrumb wrapper -->\r\n\t\t\t\t<div class=\"fbc-wrap\">\r\n\r\n\t\t\t\t\t<!-- Ordered list-->\r\n\t\t\t\t\t<ol class=\"fbc-items\" itemscope itemtype=\"https:\/\/schema.org\/BreadcrumbList\">\r\n\t\t\t\t\t\t            <li itemprop=\"itemListElement\" itemscope itemtype=\"https:\/\/schema.org\/ListItem\">\r\n                <span itemprop=\"name\">\r\n                    <!-- Home Link -->\r\n                    <a itemprop=\"item\" href=\"https:\/\/suresms.com\/fr\/\">\r\n                    \r\n                                                    <i class=\"fa fa-home\" aria-hidden=\"true\"><\/i>Accueil                    <\/a>\r\n                <\/span>\r\n                <meta itemprop=\"position\" content=\"1\" \/><!-- Meta Position-->\r\n             <\/li><li><span class=\"fbc-separator\">\/<\/span><\/li><li class=\"active\" itemprop=\"itemListElement\" itemscope itemtype=\"https:\/\/schema.org\/ListItem\"><span itemprop=\"name\" title=\"Journal et suivi complets\">Journal et suivi complets<\/span><meta itemprop=\"position\" content=\"2\" \/><\/li>\t\t\t\t\t<\/ol>\r\n\t\t\t\t\t<div class=\"clearfix\"><\/div>\r\n\t\t\t\t<\/div>\r\n\t\t\t<\/div>\r\n\t\t\t\n<h1>\n\t\tBo\u00eete d'envoi de SMS\n\t<\/h1>\n\t<p>En tant que client SureSMS, vous vous connectez \u00e0 notre portail web. De l\u00e0, il est possible de voir tous les messages que vous avez envoy\u00e9s (et re\u00e7us si vous disposez d'une solution bidirectionnelle).<\/p>\n<p>Vous pouvez voir l'\u00e9tat de chaque message. Par statut, nous entendons que vous pouvez voir quand le message a \u00e9t\u00e9 re\u00e7u sur notre serveur, quand nous l'avons envoy\u00e9 \u00e0 l'op\u00e9rateur et quand l'op\u00e9rateur l'a livr\u00e9 au t\u00e9l\u00e9phone. En d'autres termes, vous pouvez toujours voir exactement le chemin parcouru par tous vos messages.<\/p>\n<p>Vous disposez toujours d'un registre complet du nombre de messages envoy\u00e9s et de leur \u00e9tat.<\/p>\n\t<ul>\n\t\t<li>\t\t\t\t\n\t\t<h3>Voir tous les messages envoy\u00e9s<\/h3><p>Vous avez toujours une vue d'ensemble du nombre de messages que vous avez envoy\u00e9s, des destinataires et de l'\u00e9tat de chaque message. Est-il programm\u00e9, en file d'attente, en cours d'acheminement, livr\u00e9 ou la livraison a-t-elle \u00e9chou\u00e9 ?\u00a0<\/p><\/li><li>\t\t\t\t\n\t\t<h3>Filtre sur le statut<\/h3><p>Dans le journal, vous avez \u00e9galement la possibilit\u00e9 de filtrer les messages en fonction de leur \u00e9tat. Cela signifie que vous pouvez, par exemple, cr\u00e9er un filtre qui affiche tous les messages qui ont \u00e9chou\u00e9. Vous pouvez alors les examiner et vous assurer que vous disposez des num\u00e9ros corrects de vos destinataires.<\/p><\/li><li>\t\t\t\t\n\t\t<h3>V\u00e9rifier si les liens sont activ\u00e9s<\/h3><p>Si vous avez envoy\u00e9 un lien ou un fichier dans le message SMS, vous pouvez voir si le lien a \u00e9t\u00e9 ouvert et quand. Vous pouvez \u00e9galement filtrer les messages dans lesquels le lien a \u00e9t\u00e9 ouvert, par exemple.\u00a0<\/p><\/li><li>\t\t\t\t\n\t\t<h3>Exporter tous vos messages<\/h3><p>Si vous devez continuer \u00e0 travailler avec vos messages dans un autre syst\u00e8me, vous pouvez facilement s\u00e9lectionner les messages avec lesquels vous souhaitez continuer \u00e0 travailler et les exporter vers Excel, par exemple.\u00a0<\/p><\/li><li>\t\t\t\t\n\t\t<h3>D\u00e9tails sur chaque message<\/h3><p>\u00c0 c\u00f4t\u00e9 de chaque message, vous pouvez voir tous les d\u00e9tails le concernant. Combien de temps a-t-il dur\u00e9, combien a-t-il co\u00fbt\u00e9, quand l'avons-nous re\u00e7u, quand a-t-il \u00e9t\u00e9 livr\u00e9 au t\u00e9l\u00e9phone et bien plus encore.\u00a0<\/p><\/li>\t<\/ul>\n\t\t<h4>Voulez-vous cr\u00e9er un compte imm\u00e9diatement ? <\/h4>\n\t\t<p>Nous sommes pr\u00eats \u00e0 vous accueillir en tant que client de SureSMS !<\/p>\n\t\t\t<a href=\"https:\/\/suresms.com\/fr\/creer-un-compte-sms-gateway\/\" target=\"_self\">\n\t\t\t\t\t\t\tCr\u00e9ez un compte SureSMS !\n\t\t\t\t\t<\/a>\n\t\t<h4>Commandez une solution \u00e0 deux voies !<\/h4>\n\t\t<p>Vous avez d\u00e9j\u00e0 un compte ? Commandez une solution bidirectionnelle et b\u00e9n\u00e9ficiez des options suppl\u00e9mentaires offertes par votre propre solution.<\/p>\n\t\t\t<a href=\"https:\/\/suresms.com\/fr\/commande-dun-dechargement-a-deux-voies\/\" target=\"_self\">\n\t\t\t\t\t\t\tCommander une solution \u00e0 deux voies\n\t\t\t\t\t<\/a>\n\t<h4><strong>Vous trouverez ici quelques exemples de la mani\u00e8re dont nos clients tirent aujourd'hui profit de notre module de journalisation et de reporting :<\/strong><\/h4>\n\n<ul> \t\n<li>L'un de nos clients est <strong>Revendeur de SMS<\/strong>. Chaque trimestre, il r\u00e9cup\u00e8re un extrait des messages que ses clients ont envoy\u00e9s via notre Gateway. Il peut alors facilement trier les SMS par exp\u00e9diteur et facturer chaque client en fonction de son utilisation. Cela lui permet d'\u00e9conomiser sur le plan administratif.<\/li>\n\n<li><strong>Un concessionnaire automobile<\/strong>Le directeur g\u00e9n\u00e9ral de l'entreprise, M. K., utilise chaque mois notre module de rapport pour cr\u00e9er un extrait du nombre de messages SMS envoy\u00e9s par chacun de ses vendeurs. Il peut ainsi voir lesquels de ses employ\u00e9s sont les plus actifs en termes de contact avec les clients par SMS. Plus il y a de vendeurs actifs, plus il y a de ventes.<\/li>\n\n<li>Et nombre de nos clients l'utilisent pour v\u00e9rifier que le nombre de messages qu'ils ont envoy\u00e9s correspond \u00e0 celui que leur propre syst\u00e8me indique. Ils peuvent ainsi \u00eatre s\u00fbrs que<strong> la qualit\u00e9 est bonne<\/strong>.<\/li>\n<\/ul>","protected":false},"excerpt":{"rendered":"<p>Bo\u00eete d'envoi de SMS En tant que client SureSMS, vous vous connectez \u00e0 notre portail web. De l\u00e0, vous pouvez consulter tous les messages que vous avez envoy\u00e9s (et re\u00e7us si vous disposez d'une solution bidirectionnelle). Vous pouvez voir le statut de chaque message. Par statut, nous entendons que vous pouvez voir quand le message a \u00e9t\u00e9 re\u00e7u sur notre serveur, ... <a title=\"Journal et suivi complets\" class=\"read-more\" href=\"https:\/\/suresms.com\/fr\/funktioner\/komplet-log-og-monitorering\/\" aria-label=\"En savoir plus sur Enregistrement et suivi complets\">En savoir plus<\/a><\/p>","protected":false},"author":1,"featured_media":0,"parent":958,"menu_order":14,"comment_status":"closed","ping_status":"closed","template":"","meta":{"_fl_builder_enabled":"1","_fl_builder_data":null,"_fl_builder_draft":null,"_fl_builder_data_settings":null,"_fl_builder_css":"","_fl_builder_css_version":"","_fl_builder_js":"","footnotes":""},"categories":[17],"tags":[],"class_list":{"0":"post-1437","1":"page","2":"type-page","3":"status-publish","5":"category-linkfracornorstone"},"yoast_head":"<!-- This site is optimized with the Yoast SEO Premium plugin v27.3 (Yoast SEO v27.3) - https:\/\/yoast.com\/product\/yoast-seo-premium-wordpress\/ -->\r\n<title>SMS log | F\u00e5 styr p\u00e5 firmaets SMS med sms log fra SureSMS \u2713<\/title>\r\n<meta name=\"description\" content=\"F\u00e5 overblik over dine sendte beskeder hos SureSMS med SMS log, monitorering og overblik via vores rapporteringsmodul. Abonnement 0,-- Betal kun pr. SMS.\" \/>\r\n<meta name=\"robots\" content=\"index, follow, max-snippet:-1, max-image-preview:large, max-video-preview:-1\" \/>\r\n<link rel=\"canonical\" href=\"https:\/\/suresms.com\/fr\/caracteristiques\/journalisation-et-surveillance-completes\/\" \/>\r\n<meta property=\"og:locale\" content=\"fr_FR\" \/>\r\n<meta property=\"og:type\" content=\"article\" \/>\r\n<meta property=\"og:title\" content=\"Komplet log og monitorering\" \/>\r\n<meta property=\"og:description\" content=\"F\u00e5 overblik over dine sendte beskeder hos SureSMS med SMS log, monitorering og overblik via vores rapporteringsmodul. Abonnement 0,-- Betal kun pr. SMS.\" \/>\r\n<meta property=\"og:url\" content=\"https:\/\/suresms.com\/fr\/caracteristiques\/journalisation-et-surveillance-completes\/\" \/>\r\n<meta property=\"article:publisher\" content=\"https:\/\/www.facebook.com\/p\/SureSMS-100044607956149\/\" \/>\r\n<meta property=\"article:modified_time\" content=\"2024-12-05T15:49:04+00:00\" \/>\r\n<meta name=\"twitter:card\" content=\"summary_large_image\" \/>\r\n<meta name=\"twitter:label1\" content=\"Dur\u00e9e de lecture estim\u00e9e\" \/>\n\t<meta name=\"twitter:data1\" content=\"7 minutes\" \/>\r\n<script type=\"application\/ld+json\" class=\"yoast-schema-graph\">{\"@context\":\"https:\\\/\\\/schema.org\",\"@graph\":[{\"@type\":\"WebPage\",\"@id\":\"https:\\\/\\\/suresms.com\\\/dk\\\/funktioner\\\/komplet-log-og-monitorering\\\/\",\"url\":\"https:\\\/\\\/suresms.com\\\/dk\\\/funktioner\\\/komplet-log-og-monitorering\\\/\",\"name\":\"SMS log | F\u00e5 styr p\u00e5 firmaets SMS med sms log fra SureSMS \u2713\",\"isPartOf\":{\"@id\":\"https:\\\/\\\/suresms.com\\\/en\\\/#website\"},\"datePublished\":\"2015-12-14T14:33:49+00:00\",\"dateModified\":\"2024-12-05T15:49:04+00:00\",\"description\":\"F\u00e5 overblik over dine sendte beskeder hos SureSMS med SMS log, monitorering og overblik via vores rapporteringsmodul. Abonnement 0,-- Betal kun pr. SMS.\",\"breadcrumb\":{\"@id\":\"https:\\\/\\\/suresms.com\\\/dk\\\/funktioner\\\/komplet-log-og-monitorering\\\/#breadcrumb\"},\"inLanguage\":\"fr-FR\",\"potentialAction\":[{\"@type\":\"ReadAction\",\"target\":[\"https:\\\/\\\/suresms.com\\\/dk\\\/funktioner\\\/komplet-log-og-monitorering\\\/\"]}]},{\"@type\":\"BreadcrumbList\",\"@id\":\"https:\\\/\\\/suresms.com\\\/dk\\\/funktioner\\\/komplet-log-og-monitorering\\\/#breadcrumb\",\"itemListElement\":[{\"@type\":\"ListItem\",\"position\":1,\"name\":\"Home\",\"item\":\"https:\\\/\\\/suresms.com\\\/dk\\\/\"},{\"@type\":\"ListItem\",\"position\":2,\"name\":\"Funktioner\",\"item\":\"https:\\\/\\\/suresms.com\\\/dk\\\/funktioner\\\/\"},{\"@type\":\"ListItem\",\"position\":3,\"name\":\"Komplet log og monitorering\"}]},{\"@type\":\"WebSite\",\"@id\":\"https:\\\/\\\/suresms.com\\\/en\\\/#website\",\"url\":\"https:\\\/\\\/suresms.com\\\/en\\\/\",\"name\":\"SureSMS\",\"description\":\"Professionel SMS Gateway\",\"publisher\":{\"@id\":\"https:\\\/\\\/suresms.com\\\/en\\\/#organization\"},\"potentialAction\":[{\"@type\":\"SearchAction\",\"target\":{\"@type\":\"EntryPoint\",\"urlTemplate\":\"https:\\\/\\\/suresms.com\\\/en\\\/?s={search_term_string}\"},\"query-input\":{\"@type\":\"PropertyValueSpecification\",\"valueRequired\":true,\"valueName\":\"search_term_string\"}}],\"inLanguage\":\"fr-FR\"},{\"@type\":\"Organization\",\"@id\":\"https:\\\/\\\/suresms.com\\\/en\\\/#organization\",\"name\":\"SureSMS\",\"url\":\"https:\\\/\\\/suresms.com\\\/en\\\/\",\"logo\":{\"@type\":\"ImageObject\",\"inLanguage\":\"fr-FR\",\"@id\":\"https:\\\/\\\/suresms.com\\\/en\\\/#\\\/schema\\\/logo\\\/image\\\/\",\"url\":\"https:\\\/\\\/suresms.com\\\/wp-content\\\/uploads\\\/2024\\\/11\\\/suresms-300x65-1.png\",\"contentUrl\":\"https:\\\/\\\/suresms.com\\\/wp-content\\\/uploads\\\/2024\\\/11\\\/suresms-300x65-1.png\",\"width\":300,\"height\":65,\"caption\":\"SureSMS\"},\"image\":{\"@id\":\"https:\\\/\\\/suresms.com\\\/en\\\/#\\\/schema\\\/logo\\\/image\\\/\"},\"sameAs\":[\"https:\\\/\\\/www.facebook.com\\\/p\\\/SureSMS-100044607956149\\\/\"]}]}<\/script>\r\n<!-- \/ Yoast SEO Premium plugin. -->","yoast_head_json":{"title":"Journal des SMS - Gardez une trace des SMS de votre entreprise avec le journal des SMS de SureSMS \u2713 SureSMS","description":"Obtenez une vue d'ensemble de vos messages envoy\u00e9s avec SureSMS gr\u00e2ce au journal SMS, au contr\u00f4le et \u00e0 la vue d'ensemble via notre module de rapport. Abonnement 0,-- Payez uniquement par SMS.","robots":{"index":"index","follow":"follow","max-snippet":"max-snippet:-1","max-image-preview":"max-image-preview:large","max-video-preview":"max-video-preview:-1"},"canonical":"https:\/\/suresms.com\/fr\/caracteristiques\/journalisation-et-surveillance-completes\/","og_locale":"fr_FR","og_type":"article","og_title":"Komplet log og monitorering","og_description":"F\u00e5 overblik over dine sendte beskeder hos SureSMS med SMS log, monitorering og overblik via vores rapporteringsmodul. Abonnement 0,-- Betal kun pr. SMS.","og_url":"https:\/\/suresms.com\/fr\/caracteristiques\/journalisation-et-surveillance-completes\/","article_publisher":"https:\/\/www.facebook.com\/p\/SureSMS-100044607956149\/","article_modified_time":"2024-12-05T15:49:04+00:00","twitter_card":"summary_large_image","twitter_misc":{"Dur\u00e9e de lecture estim\u00e9e":"7 minutes"},"schema":{"@context":"https:\/\/schema.org","@graph":[{"@type":"WebPage","@id":"https:\/\/suresms.com\/dk\/funktioner\/komplet-log-og-monitorering\/","url":"https:\/\/suresms.com\/dk\/funktioner\/komplet-log-og-monitorering\/","name":"Journal des SMS - Gardez une trace des SMS de votre entreprise avec le journal des SMS de SureSMS \u2713 SureSMS","isPartOf":{"@id":"https:\/\/suresms.com\/en\/#website"},"datePublished":"2015-12-14T14:33:49+00:00","dateModified":"2024-12-05T15:49:04+00:00","description":"Obtenez une vue d'ensemble de vos messages envoy\u00e9s avec SureSMS gr\u00e2ce au journal SMS, au contr\u00f4le et \u00e0 la vue d'ensemble via notre module de rapport. Abonnement 0,-- Payez uniquement par SMS.","breadcrumb":{"@id":"https:\/\/suresms.com\/dk\/funktioner\/komplet-log-og-monitorering\/#breadcrumb"},"inLanguage":"fr-FR","potentialAction":[{"@type":"ReadAction","target":["https:\/\/suresms.com\/dk\/funktioner\/komplet-log-og-monitorering\/"]}]},{"@type":"BreadcrumbList","@id":"https:\/\/suresms.com\/dk\/funktioner\/komplet-log-og-monitorering\/#breadcrumb","itemListElement":[{"@type":"ListItem","position":1,"name":"Home","item":"https:\/\/suresms.com\/dk\/"},{"@type":"ListItem","position":2,"name":"Funktioner","item":"https:\/\/suresms.com\/dk\/funktioner\/"},{"@type":"ListItem","position":3,"name":"Komplet log og monitorering"}]},{"@type":"WebSite","@id":"https:\/\/suresms.com\/en\/#website","url":"https:\/\/suresms.com\/en\/","name":"SureSMS","description":"Passerelle SMS professionnelle","publisher":{"@id":"https:\/\/suresms.com\/en\/#organization"},"potentialAction":[{"@type":"SearchAction","target":{"@type":"EntryPoint","urlTemplate":"https:\/\/suresms.com\/en\/?s={search_term_string}"},"query-input":{"@type":"PropertyValueSpecification","valueRequired":true,"valueName":"search_term_string"}}],"inLanguage":"fr-FR"},{"@type":"Organization","@id":"https:\/\/suresms.com\/en\/#organization","name":"SureSMS","url":"https:\/\/suresms.com\/en\/","logo":{"@type":"ImageObject","inLanguage":"fr-FR","@id":"https:\/\/suresms.com\/en\/#\/schema\/logo\/image\/","url":"https:\/\/suresms.com\/wp-content\/uploads\/2024\/11\/suresms-300x65-1.png","contentUrl":"https:\/\/suresms.com\/wp-content\/uploads\/2024\/11\/suresms-300x65-1.png","width":300,"height":65,"caption":"SureSMS"},"image":{"@id":"https:\/\/suresms.com\/en\/#\/schema\/logo\/image\/"},"sameAs":["https:\/\/www.facebook.com\/p\/SureSMS-100044607956149\/"]}]}},"_links":{"self":[{"href":"https:\/\/suresms.com\/fr\/wp-json\/wp\/v2\/pages\/1437","targetHints":{"allow":["GET"]}}],"collection":[{"href":"https:\/\/suresms.com\/fr\/wp-json\/wp\/v2\/pages"}],"about":[{"href":"https:\/\/suresms.com\/fr\/wp-json\/wp\/v2\/types\/page"}],"author":[{"embeddable":true,"href":"https:\/\/suresms.com\/fr\/wp-json\/wp\/v2\/users\/1"}],"replies":[{"embeddable":true,"href":"https:\/\/suresms.com\/fr\/wp-json\/wp\/v2\/comments?post=1437"}],"version-history":[{"count":1,"href":"https:\/\/suresms.com\/fr\/wp-json\/wp\/v2\/pages\/1437\/revisions"}],"predecessor-version":[{"id":19453,"href":"https:\/\/suresms.com\/fr\/wp-json\/wp\/v2\/pages\/1437\/revisions\/19453"}],"up":[{"embeddable":true,"href":"https:\/\/suresms.com\/fr\/wp-json\/wp\/v2\/pages\/958"}],"wp:attachment":[{"href":"https:\/\/suresms.com\/fr\/wp-json\/wp\/v2\/media?parent=1437"}],"wp:term":[{"taxonomy":"category","embeddable":true,"href":"https:\/\/suresms.com\/fr\/wp-json\/wp\/v2\/categories?post=1437"},{"taxonomy":"post_tag","embeddable":true,"href":"https:\/\/suresms.com\/fr\/wp-json\/wp\/v2\/tags?post=1437"}],"curies":[{"name":"wp","href":"https:\/\/api.w.org\/{rel}","templated":true}]}}