{"id":1409,"date":"2015-12-14T16:00:43","date_gmt":"2015-12-14T14:00:43","guid":{"rendered":"https:\/\/www.suresms.com\/dk\/?page_id=1409"},"modified":"2024-12-05T15:40:42","modified_gmt":"2024-12-05T15:40:42","slug":"fonction-sms-vers-sms","status":"publish","type":"page","link":"https:\/\/suresms.com\/fr\/funktioner\/sms-til-sms-funktion\/","title":{"rendered":"Fonction SMS vers SMS"},"content":{"rendered":"<!-- Flexy Breadcrumb -->\r\n\t\t\t<div class=\"fbc fbc-page\">\r\n\r\n\t\t\t\t<!-- Breadcrumb wrapper -->\r\n\t\t\t\t<div class=\"fbc-wrap\">\r\n\r\n\t\t\t\t\t<!-- Ordered list-->\r\n\t\t\t\t\t<ol class=\"fbc-items\" itemscope itemtype=\"https:\/\/schema.org\/BreadcrumbList\">\r\n\t\t\t\t\t\t            <li itemprop=\"itemListElement\" itemscope itemtype=\"https:\/\/schema.org\/ListItem\">\r\n                <span itemprop=\"name\">\r\n                    <!-- Home Link -->\r\n                    <a itemprop=\"item\" href=\"https:\/\/suresms.com\/fr\/\">\r\n                    \r\n                                                    <i class=\"fa fa-home\" aria-hidden=\"true\"><\/i>Accueil                    <\/a>\r\n                <\/span>\r\n                <meta itemprop=\"position\" content=\"1\" \/><!-- Meta Position-->\r\n             <\/li><li><span class=\"fbc-separator\">\/<\/span><\/li><li class=\"active\" itemprop=\"itemListElement\" itemscope itemtype=\"https:\/\/schema.org\/ListItem\"><span itemprop=\"name\" title=\"Fonction SMS vers SMS\">Fonction SMS vers SMS<\/span><meta itemprop=\"position\" content=\"2\" \/><\/li>\t\t\t\t\t<\/ol>\r\n\t\t\t\t\t<div class=\"clearfix\"><\/div>\r\n\t\t\t\t<\/div>\r\n\t\t\t<\/div>\r\n\t\t\t\n<h1>\n\t\tFonction SMS vers SMS\n\t<\/h1>\n\t<p>Il s'agit peut-\u00eatre de l'une des fonctions les plus avanc\u00e9es de SureSMS. Avec la fonction SMS-to-SMS, il est possible d'envoyer un SMS \u00e0 SureSMS. Ce SMS est transf\u00e9r\u00e9 vers un autre t\u00e9l\u00e9phone, \u00e9ventuellement avec un exp\u00e9diteur diff\u00e9rent.<\/p>\n<h4><strong>Comment cela se fait-il ?<\/strong><\/h4>\n<p>Si vous faites partie d'une organisation et que vous souhaitez une solution permettant \u00e0 chacun d'envoyer un message \u00e0 tous les membres de l'organisation, par exemple \u00e0 l'occasion d'un \u00e9v\u00e9nement, vous pouvez le faire gr\u00e2ce \u00e0 cette fonction.<\/p>\n<p>En cr\u00e9ant un compte chez SureSMS et un groupe, par exemple le conseil d'administration, n'importe qui peut envoyer un SMS \u00e0 un num\u00e9ro avec le texte \"Conseil d'administration\" suivi du message. Le message sera alors transmis \u00e0 tous les membres du conseil d'administration.<\/p>\n<p>Cela signifie que le membre individuel n'a m\u00eame pas besoin de conna\u00eetre le num\u00e9ro de la personne \u00e0 qui il envoie son message. C'est simple pour l'exp\u00e9diteur et la protection de la vie priv\u00e9e pour le destinataire du message.<\/p>\n<p>Un autre exemple est celui d'une association de logement qui effectue des travaux de r\u00e9novation. Avec SMS2SMS, vous pouvez donner un num\u00e9ro et un nom aux constructeurs. Ceux-ci peuvent alors envoyer un SMS et tous les membres de l'organisation recevront le message.<\/p>\n<h4><strong>SMS2SMS gratuit pour tous nos clients<\/strong><\/h4>\n<p>La fonction de SMS \u00e0 SMS ne co\u00fbte rien de plus dans SureSMS. Elle fait partie de notre service. Cependant, en fonction de vos exigences en mati\u00e8re de mots-cl\u00e9s, vous devrez peut-\u00eatre acheter une solution bidirectionnelle. Dans SureSMS, nous avons cr\u00e9\u00e9 cette solution pour tous nos clients, ce qui signifie que nous disposons d'une solution bidirectionnelle que nos clients peuvent utiliser gratuitement. MAIS, cela signifie \u00e9galement que la solution est partag\u00e9e entre les clients. Par cons\u00e9quent, vous ne pouvez obtenir que les mots-cl\u00e9s disponibles. Si un client a d\u00e9j\u00e0 pris un mot-cl\u00e9, vous devrez en choisir un autre.<\/p>\n<h4><strong>Cr\u00e9er une solution \u00e0 deux voies pour le libre choix<\/strong><\/h4>\n<p>C'est pourquoi certains clients choisissent d'acheter leur propre solution bidirectionnelle. Ils peuvent ainsi choisir librement les mots-cl\u00e9s et, \u00e9ventuellement, le num\u00e9ro de portable auquel le message doit \u00eatre envoy\u00e9. Si vous achetez votre propre solution bidirectionnelle, vous n'\u00eates pas d\u00e9pendant des autres, les possibilit\u00e9s sont plus nombreuses et le souci de choisir des mots-cl\u00e9s adapt\u00e9s \u00e0 l'occasion est r\u00e9duit.<\/p>\n<p>Il existe diff\u00e9rents produits, mais que vous choisissiez notre solution SIM h\u00e9berg\u00e9e ou un num\u00e9ro long virtuel, vous disposez d'un nombre illimit\u00e9 de num\u00e9ros et d'un libre choix de mots-cl\u00e9s.<\/p>\n<p>Pour plus de d\u00e9tails sur les solutions bidirectionnelles, voir le menu SMS bidirectionnel.<\/p>\n<p>Voir le lien ici pour <a title=\"Prix des passerelles SMS\" href=\"https:\/\/suresms.com\/fr\/prix-des-passerelles-sms\/\">les prix actualis\u00e9s de nos solutions bidirectionnelles.<\/a><\/p>\n\t\t<h4>Voulez-vous cr\u00e9er un compte imm\u00e9diatement ? <\/h4>\n\t\t<p>Nous sommes pr\u00eats \u00e0 vous accueillir en tant que client de SureSMS !<\/p>\n\t\t\t<a href=\"https:\/\/suresms.com\/fr\/creer-un-compte-sms-gateway\/\" target=\"_self\">\n\t\t\t\t\t\t\tCr\u00e9ez un compte SureSMS !\n\t\t\t\t\t<\/a>\n\t\t<h4>Commandez une solution \u00e0 deux voies !<\/h4>\n\t\t<p>Vous avez d\u00e9j\u00e0 un compte ? Commandez une solution bidirectionnelle et b\u00e9n\u00e9ficiez des options suppl\u00e9mentaires offertes par votre propre solution.\u00a0<\/p>\n\t\t\t<a href=\"https:\/\/suresms.com\/fr\/commande-dun-dechargement-a-deux-voies\/\" target=\"_self\">\n\t\t\t\t\t\t\tCommander une solution \u00e0 deux voies\n\t\t\t\t\t<\/a>\n\t<h4><strong>Voici un exemple de la fa\u00e7on dont nos clients utilisent SMS2SMS aujourd'hui<\/strong><\/h4>\n<ul>\n<li>Nous avons d\u00e9velopp\u00e9 notre solution SMS2SMS pour un cabinet d'architecture danois. L'entreprise souhaitait une solution SMS qui pourrait \u00eatre utilis\u00e9e dans le cadre de ses projets de construction. La solution faciliterait la communication et permettrait aux entrepreneurs et aux sous-traitants de communiquer avec les r\u00e9sidents sur l'avancement des projets de construction, les offres, etc. Parall\u00e8lement, le cabinet d'architectes souhaitait une solution permettant aux habitants de s'inscrire eux-m\u00eames au flux d'informations.\u00a0 <br \/><strong>SureSMS a d\u00e9velopp\u00e9 le produit SMS2SMS pour les architectes.<\/strong>. N'importe qui peut envoyer des informations \u00e0 la solution par le biais d'un simple SMS et les r\u00e9sidents peuvent s'inscrire eux-m\u00eames \u00e0 la solution par le biais de mots-cl\u00e9s.<\/li>\n<\/ul>\n<p>\u00a0<\/p>","protected":false},"excerpt":{"rendered":"<p>Fonctionnalit\u00e9 SMS \u00e0 SMS Il s'agit peut-\u00eatre de l'une des fonctions les plus avanc\u00e9es de SureSMS. Avec la fonction SMS vers SMS, il est possible d'envoyer un SMS \u00e0 SureSMS. Ce SMS est transf\u00e9r\u00e9 vers un autre t\u00e9l\u00e9phone, \u00e9ventuellement avec un exp\u00e9diteur diff\u00e9rent. Pourquoi faire cela ? Si vous faites partie d'une organisation et que vous souhaitez une solution qui... <a title=\"Fonction SMS vers SMS\" class=\"read-more\" href=\"https:\/\/suresms.com\/fr\/funktioner\/sms-til-sms-funktion\/\" aria-label=\"En savoir plus sur la fonction SMS\">En savoir plus<\/a><\/p>","protected":false},"author":1,"featured_media":0,"parent":958,"menu_order":3,"comment_status":"closed","ping_status":"closed","template":"","meta":{"_fl_builder_enabled":"1","_fl_builder_data":null,"_fl_builder_draft":null,"_fl_builder_data_settings":null,"_fl_builder_css":"","_fl_builder_css_version":"","_fl_builder_js":"","footnotes":""},"categories":[17],"tags":[],"class_list":{"0":"post-1409","1":"page","2":"type-page","3":"status-publish","5":"category-linkfracornorstone"},"yoast_head":"<!-- This site is optimized with the Yoast SEO Premium plugin v27.3 (Yoast SEO v27.3) - https:\/\/yoast.com\/product\/yoast-seo-premium-wordpress\/ -->\r\n<title>SMS til SMS funktion - SureSMS. NYT avanceret produkt - tilmeld selv<\/title>\r\n<meta name=\"description\" content=\"SMS til SMS. Send informationer til grupper uden at kende kontakternes identitet. Godt til f.x underlevand\u00f8rer. 2-vejsl\u00f8sning, hvortil man kan sende tilbud\" \/>\r\n<meta name=\"robots\" content=\"index, follow, max-snippet:-1, max-image-preview:large, max-video-preview:-1\" \/>\r\n<link rel=\"canonical\" href=\"https:\/\/suresms.com\/fr\/caracteristiques\/fonction-sms-vers-sms\/\" \/>\r\n<meta property=\"og:locale\" content=\"fr_FR\" \/>\r\n<meta property=\"og:type\" content=\"article\" \/>\r\n<meta property=\"og:title\" content=\"SMS til SMS funktion\" \/>\r\n<meta property=\"og:description\" content=\"SMS til SMS. Send informationer til grupper uden at kende kontakternes identitet. Godt til f.x underlevand\u00f8rer. 2-vejsl\u00f8sning, hvortil man kan sende tilbud\" \/>\r\n<meta property=\"og:url\" content=\"https:\/\/suresms.com\/fr\/caracteristiques\/fonction-sms-vers-sms\/\" \/>\r\n<meta property=\"article:publisher\" content=\"https:\/\/www.facebook.com\/p\/SureSMS-100044607956149\/\" \/>\r\n<meta property=\"article:modified_time\" content=\"2024-12-05T15:40:42+00:00\" \/>\r\n<meta name=\"twitter:card\" content=\"summary_large_image\" \/>\r\n<meta name=\"twitter:label1\" content=\"Dur\u00e9e de lecture estim\u00e9e\" \/>\n\t<meta name=\"twitter:data1\" content=\"4 minutes\" \/>\r\n<script type=\"application\/ld+json\" class=\"yoast-schema-graph\">{\"@context\":\"https:\\\/\\\/schema.org\",\"@graph\":[{\"@type\":\"WebPage\",\"@id\":\"https:\\\/\\\/suresms.com\\\/dk\\\/funktioner\\\/sms-til-sms-funktion\\\/\",\"url\":\"https:\\\/\\\/suresms.com\\\/dk\\\/funktioner\\\/sms-til-sms-funktion\\\/\",\"name\":\"SMS til SMS funktion - SureSMS. NYT avanceret produkt - tilmeld selv\",\"isPartOf\":{\"@id\":\"https:\\\/\\\/suresms.com\\\/en\\\/#website\"},\"datePublished\":\"2015-12-14T14:00:43+00:00\",\"dateModified\":\"2024-12-05T15:40:42+00:00\",\"description\":\"SMS til SMS. Send informationer til grupper uden at kende kontakternes identitet. Godt til f.x underlevand\u00f8rer. 2-vejsl\u00f8sning, hvortil man kan sende tilbud\",\"breadcrumb\":{\"@id\":\"https:\\\/\\\/suresms.com\\\/dk\\\/funktioner\\\/sms-til-sms-funktion\\\/#breadcrumb\"},\"inLanguage\":\"fr-FR\",\"potentialAction\":[{\"@type\":\"ReadAction\",\"target\":[\"https:\\\/\\\/suresms.com\\\/dk\\\/funktioner\\\/sms-til-sms-funktion\\\/\"]}]},{\"@type\":\"BreadcrumbList\",\"@id\":\"https:\\\/\\\/suresms.com\\\/dk\\\/funktioner\\\/sms-til-sms-funktion\\\/#breadcrumb\",\"itemListElement\":[{\"@type\":\"ListItem\",\"position\":1,\"name\":\"Home\",\"item\":\"https:\\\/\\\/suresms.com\\\/dk\\\/\"},{\"@type\":\"ListItem\",\"position\":2,\"name\":\"Funktioner\",\"item\":\"https:\\\/\\\/suresms.com\\\/dk\\\/funktioner\\\/\"},{\"@type\":\"ListItem\",\"position\":3,\"name\":\"SMS til SMS funktion\"}]},{\"@type\":\"WebSite\",\"@id\":\"https:\\\/\\\/suresms.com\\\/en\\\/#website\",\"url\":\"https:\\\/\\\/suresms.com\\\/en\\\/\",\"name\":\"SureSMS\",\"description\":\"Professionel SMS Gateway\",\"publisher\":{\"@id\":\"https:\\\/\\\/suresms.com\\\/en\\\/#organization\"},\"potentialAction\":[{\"@type\":\"SearchAction\",\"target\":{\"@type\":\"EntryPoint\",\"urlTemplate\":\"https:\\\/\\\/suresms.com\\\/en\\\/?s={search_term_string}\"},\"query-input\":{\"@type\":\"PropertyValueSpecification\",\"valueRequired\":true,\"valueName\":\"search_term_string\"}}],\"inLanguage\":\"fr-FR\"},{\"@type\":\"Organization\",\"@id\":\"https:\\\/\\\/suresms.com\\\/en\\\/#organization\",\"name\":\"SureSMS\",\"url\":\"https:\\\/\\\/suresms.com\\\/en\\\/\",\"logo\":{\"@type\":\"ImageObject\",\"inLanguage\":\"fr-FR\",\"@id\":\"https:\\\/\\\/suresms.com\\\/en\\\/#\\\/schema\\\/logo\\\/image\\\/\",\"url\":\"https:\\\/\\\/suresms.com\\\/wp-content\\\/uploads\\\/2024\\\/11\\\/suresms-300x65-1.png\",\"contentUrl\":\"https:\\\/\\\/suresms.com\\\/wp-content\\\/uploads\\\/2024\\\/11\\\/suresms-300x65-1.png\",\"width\":300,\"height\":65,\"caption\":\"SureSMS\"},\"image\":{\"@id\":\"https:\\\/\\\/suresms.com\\\/en\\\/#\\\/schema\\\/logo\\\/image\\\/\"},\"sameAs\":[\"https:\\\/\\\/www.facebook.com\\\/p\\\/SureSMS-100044607956149\\\/\"]}]}<\/script>\r\n<!-- \/ Yoast SEO Premium plugin. -->","yoast_head_json":{"title":"Fonction SMS vers SMS - SureSMS. NOUVEAU produit avanc\u00e9 - inscrivez-vous","description":"SMS \u00e0 SMS. Envoyez des informations \u00e0 des groupes sans conna\u00eetre l'identit\u00e9 des contacts. Id\u00e9al pour les sous-traitants, par exemple. Solution bidirectionnelle \u00e0 laquelle vous pouvez envoyer des offres.","robots":{"index":"index","follow":"follow","max-snippet":"max-snippet:-1","max-image-preview":"max-image-preview:large","max-video-preview":"max-video-preview:-1"},"canonical":"https:\/\/suresms.com\/fr\/caracteristiques\/fonction-sms-vers-sms\/","og_locale":"fr_FR","og_type":"article","og_title":"SMS til SMS funktion","og_description":"SMS til SMS. Send informationer til grupper uden at kende kontakternes identitet. Godt til f.x underlevand\u00f8rer. 2-vejsl\u00f8sning, hvortil man kan sende tilbud","og_url":"https:\/\/suresms.com\/fr\/caracteristiques\/fonction-sms-vers-sms\/","article_publisher":"https:\/\/www.facebook.com\/p\/SureSMS-100044607956149\/","article_modified_time":"2024-12-05T15:40:42+00:00","twitter_card":"summary_large_image","twitter_misc":{"Dur\u00e9e de lecture estim\u00e9e":"4 minutes"},"schema":{"@context":"https:\/\/schema.org","@graph":[{"@type":"WebPage","@id":"https:\/\/suresms.com\/dk\/funktioner\/sms-til-sms-funktion\/","url":"https:\/\/suresms.com\/dk\/funktioner\/sms-til-sms-funktion\/","name":"Fonction SMS vers SMS - SureSMS. NOUVEAU produit avanc\u00e9 - inscrivez-vous","isPartOf":{"@id":"https:\/\/suresms.com\/en\/#website"},"datePublished":"2015-12-14T14:00:43+00:00","dateModified":"2024-12-05T15:40:42+00:00","description":"SMS \u00e0 SMS. Envoyez des informations \u00e0 des groupes sans conna\u00eetre l'identit\u00e9 des contacts. Id\u00e9al pour les sous-traitants, par exemple. Solution bidirectionnelle \u00e0 laquelle vous pouvez envoyer des offres.","breadcrumb":{"@id":"https:\/\/suresms.com\/dk\/funktioner\/sms-til-sms-funktion\/#breadcrumb"},"inLanguage":"fr-FR","potentialAction":[{"@type":"ReadAction","target":["https:\/\/suresms.com\/dk\/funktioner\/sms-til-sms-funktion\/"]}]},{"@type":"BreadcrumbList","@id":"https:\/\/suresms.com\/dk\/funktioner\/sms-til-sms-funktion\/#breadcrumb","itemListElement":[{"@type":"ListItem","position":1,"name":"Home","item":"https:\/\/suresms.com\/dk\/"},{"@type":"ListItem","position":2,"name":"Funktioner","item":"https:\/\/suresms.com\/dk\/funktioner\/"},{"@type":"ListItem","position":3,"name":"SMS til SMS funktion"}]},{"@type":"WebSite","@id":"https:\/\/suresms.com\/en\/#website","url":"https:\/\/suresms.com\/en\/","name":"SureSMS","description":"Passerelle SMS professionnelle","publisher":{"@id":"https:\/\/suresms.com\/en\/#organization"},"potentialAction":[{"@type":"SearchAction","target":{"@type":"EntryPoint","urlTemplate":"https:\/\/suresms.com\/en\/?s={search_term_string}"},"query-input":{"@type":"PropertyValueSpecification","valueRequired":true,"valueName":"search_term_string"}}],"inLanguage":"fr-FR"},{"@type":"Organization","@id":"https:\/\/suresms.com\/en\/#organization","name":"SureSMS","url":"https:\/\/suresms.com\/en\/","logo":{"@type":"ImageObject","inLanguage":"fr-FR","@id":"https:\/\/suresms.com\/en\/#\/schema\/logo\/image\/","url":"https:\/\/suresms.com\/wp-content\/uploads\/2024\/11\/suresms-300x65-1.png","contentUrl":"https:\/\/suresms.com\/wp-content\/uploads\/2024\/11\/suresms-300x65-1.png","width":300,"height":65,"caption":"SureSMS"},"image":{"@id":"https:\/\/suresms.com\/en\/#\/schema\/logo\/image\/"},"sameAs":["https:\/\/www.facebook.com\/p\/SureSMS-100044607956149\/"]}]}},"_links":{"self":[{"href":"https:\/\/suresms.com\/fr\/wp-json\/wp\/v2\/pages\/1409","targetHints":{"allow":["GET"]}}],"collection":[{"href":"https:\/\/suresms.com\/fr\/wp-json\/wp\/v2\/pages"}],"about":[{"href":"https:\/\/suresms.com\/fr\/wp-json\/wp\/v2\/types\/page"}],"author":[{"embeddable":true,"href":"https:\/\/suresms.com\/fr\/wp-json\/wp\/v2\/users\/1"}],"replies":[{"embeddable":true,"href":"https:\/\/suresms.com\/fr\/wp-json\/wp\/v2\/comments?post=1409"}],"version-history":[{"count":1,"href":"https:\/\/suresms.com\/fr\/wp-json\/wp\/v2\/pages\/1409\/revisions"}],"predecessor-version":[{"id":19474,"href":"https:\/\/suresms.com\/fr\/wp-json\/wp\/v2\/pages\/1409\/revisions\/19474"}],"up":[{"embeddable":true,"href":"https:\/\/suresms.com\/fr\/wp-json\/wp\/v2\/pages\/958"}],"wp:attachment":[{"href":"https:\/\/suresms.com\/fr\/wp-json\/wp\/v2\/media?parent=1409"}],"wp:term":[{"taxonomy":"category","embeddable":true,"href":"https:\/\/suresms.com\/fr\/wp-json\/wp\/v2\/categories?post=1409"},{"taxonomy":"post_tag","embeddable":true,"href":"https:\/\/suresms.com\/fr\/wp-json\/wp\/v2\/tags?post=1409"}],"curies":[{"name":"wp","href":"https:\/\/api.w.org\/{rel}","templated":true}]}}