{"id":13370,"date":"2021-08-26T07:01:51","date_gmt":"2021-08-26T05:01:51","guid":{"rendered":"https:\/\/www.suresms.com\/dk\/?page_id=13370"},"modified":"2025-01-03T13:51:44","modified_gmt":"2025-01-03T13:51:44","slug":"papier-a-message-textuel","status":"publish","type":"page","link":"https:\/\/suresms.com\/fr\/integrationer\/marketing-automation\/activecampaign\/guide\/","title":{"rendered":"Int\u00e9gration SMS pour ActiveCampaign - guide"},"content":{"rendered":"<!-- Flexy Breadcrumb -->\r\n\t\t\t<div class=\"fbc fbc-page\">\r\n\r\n\t\t\t\t<!-- Breadcrumb wrapper -->\r\n\t\t\t\t<div class=\"fbc-wrap\">\r\n\r\n\t\t\t\t\t<!-- Ordered list-->\r\n\t\t\t\t\t<ol class=\"fbc-items\" itemscope itemtype=\"https:\/\/schema.org\/BreadcrumbList\">\r\n\t\t\t\t\t\t            <li itemprop=\"itemListElement\" itemscope itemtype=\"https:\/\/schema.org\/ListItem\">\r\n                <span itemprop=\"name\">\r\n                    <!-- Home Link -->\r\n                    <a itemprop=\"item\" href=\"https:\/\/suresms.com\/fr\/\">\r\n                    \r\n                                                    <i class=\"fa fa-home\" aria-hidden=\"true\"><\/i>Accueil                    <\/a>\r\n                <\/span>\r\n                <meta itemprop=\"position\" content=\"1\" \/><!-- Meta Position-->\r\n             <\/li><li><span class=\"fbc-separator\">\/<\/span><\/li><li class=\"active\" itemprop=\"itemListElement\" itemscope itemtype=\"https:\/\/schema.org\/ListItem\"><span itemprop=\"name\" title=\"Int\u00e9gration SMS pour ActiveCampaign - guide\">Int\u00e9gration SMS pour ActiveCampaign...<\/span><meta itemprop=\"position\" content=\"2\" \/><\/li>\t\t\t\t\t<\/ol>\r\n\t\t\t\t\t<div class=\"clearfix\"><\/div>\r\n\t\t\t\t<\/div>\r\n\t\t\t<\/div>\r\n\t\t\t\n\t\t\t\t<img loading=\"lazy\" decoding=\"async\" src=\"https:\/\/suresms.com\/wp-content\/uploads\/2021\/08\/Product-Image-01-1.png\" alt=\"Image du produit 01\" itemprop=\"image\" height=\"286\" width=\"980\" title=\"Image du produit 01\" onerror=\"this.style.display='none'\"  \/>\n\t<h1>Guide d'installation<\/h1>\n<h2>\n\t\tConfiguration dans SureSMS\n\t<\/h2>\n\t<p>1. Cr\u00e9ez un compte SureSMS si vous ne l'avez pas encore fait.\u00a0<a href=\"https:\/\/suresms.com\/fr\/\">Cliquez ici pour cr\u00e9er un compte SMS Gateway.<\/a><\/p>\n<p>2. Pour l'int\u00e9gration, vous avez besoin d'un SecretID et d'une Secretkey. Vous pouvez les obtenir dans SureSMS.<\/p>\n<p>3. Connectez-vous \u00e0 https:\/\/app.suresms.com avec vos donn\u00e9es du point 1).<\/p>\n<p>4) Dans le menu, s\u00e9lectionnez Cl\u00e9s API dans le menu Param\u00e8tres.<\/p>\n<p><img loading=\"lazy\" decoding=\"async\" src=\"https:\/\/manual.suresms.com\/wp-content\/uploads\/2022\/03\/SureSMS-menu-API-Key.png\" sizes=\"auto, (max-width: 238px) 100vw, 238px\" srcset=\"https:\/\/manual.suresms.com\/wp-content\/uploads\/2022\/03\/SureSMS-menu-API-Key.png 478w, https:\/\/manual.suresms.com\/wp-content\/uploads\/2022\/03\/SureSMS-menu-API-Key-168x300.png 168w\" alt=\"Menu SureSMS - Cl\u00e9 API\" width=\"238\" height=\"425\" \/><\/p>\n<p>5. S\u00e9lectionnez ensuite le menu \"Options\" dans le coin sup\u00e9rieur droit, puis la cl\u00e9 OAuth2 :<\/p>\n<p><img loading=\"lazy\" decoding=\"async\" src=\"https:\/\/manual.suresms.com\/wp-content\/uploads\/2022\/03\/SureSMS-menu-OAuth2-key.png\" sizes=\"auto, (max-width: 399px) 100vw, 399px\" srcset=\"https:\/\/manual.suresms.com\/wp-content\/uploads\/2022\/03\/SureSMS-menu-OAuth2-key.png 610w, https:\/\/manual.suresms.com\/wp-content\/uploads\/2022\/03\/SureSMS-menu-OAuth2-key-300x115.png 300w\" alt=\"\" width=\"399\" height=\"153\" \/><\/p>\n<p>6. Le syst\u00e8me propose un ClientID et un SecretId, mais vous devez saisir un nom. Par exemple, tapez ActiveCampaign :<\/p>\n<p><img loading=\"lazy\" decoding=\"async\" src=\"https:\/\/manual.suresms.com\/wp-content\/uploads\/2022\/03\/SureSMS-menu-OAuth2-key1-1024x682.png\" sizes=\"auto, (max-width: 437px) 100vw, 437px\" srcset=\"https:\/\/manual.suresms.com\/wp-content\/uploads\/2022\/03\/SureSMS-menu-OAuth2-key1-1024x682.png 1024w, https:\/\/manual.suresms.com\/wp-content\/uploads\/2022\/03\/SureSMS-menu-OAuth2-key1-300x200.png 300w, https:\/\/manual.suresms.com\/wp-content\/uploads\/2022\/03\/SureSMS-menu-OAuth2-key1-768x511.png 768w, https:\/\/manual.suresms.com\/wp-content\/uploads\/2022\/03\/SureSMS-menu-OAuth2-key1.png 1395w\" alt=\"\" width=\"437\" height=\"291\" \/><\/p>\n<p>7. Copiez l'identifiant du client et l'identifiant secret de cette page et appuyez sur \"Enregistrer\".<\/p>\n<h2>\n\t\tConfiguration dans ActiveCampaign\n\t<\/h2>\n\t<p>8. Ouvrez ActiveCampaign, allez dans \"Automation\" et cliquez sur<\/p>\n<p><img loading=\"lazy\" decoding=\"async\" src=\"https:\/\/manual.suresms.com\/wp-content\/uploads\/2022\/03\/ActiveCampaign-automation.png\" sizes=\"auto, (max-width: 238px) 100vw, 238px\" srcset=\"https:\/\/manual.suresms.com\/wp-content\/uploads\/2022\/03\/ActiveCampaign-automation.png 332w, https:\/\/manual.suresms.com\/wp-content\/uploads\/2022\/03\/ActiveCampaign-automation-120x300.png 120w\" alt=\"\" width=\"238\" height=\"594\" \/><\/p>\n<p>puis cliquez sur \"Cr\u00e9er une automatisation\" dans le coin sup\u00e9rieur droit :<\/p>\n<p><img loading=\"lazy\" decoding=\"async\" src=\"https:\/\/manual.suresms.com\/wp-content\/uploads\/2022\/03\/ActivceCampaign-Create-Automation.png\" sizes=\"auto, (max-width: 643px) 100vw, 643px\" srcset=\"https:\/\/manual.suresms.com\/wp-content\/uploads\/2022\/03\/ActivceCampaign-Create-Automation.png 643w, https:\/\/manual.suresms.com\/wp-content\/uploads\/2022\/03\/ActivceCampaign-Create-Automation-300x94.png 300w\" alt=\"\" width=\"643\" height=\"202\" \/><\/p>\n<p>10. Cliquez maintenant sur \"Recommencer \u00e0 z\u00e9ro\"<\/p>\n<p><img loading=\"lazy\" decoding=\"async\" src=\"https:\/\/manual.suresms.com\/wp-content\/uploads\/2022\/03\/ActiveCampaign-start-from-scratch-1-1024x679.png\" sizes=\"auto, (max-width: 1024px) 100vw, 1024px\" srcset=\"https:\/\/manual.suresms.com\/wp-content\/uploads\/2022\/03\/ActiveCampaign-start-from-scratch-1-1024x679.png 1024w, https:\/\/manual.suresms.com\/wp-content\/uploads\/2022\/03\/ActiveCampaign-start-from-scratch-1-300x199.png 300w, https:\/\/manual.suresms.com\/wp-content\/uploads\/2022\/03\/ActiveCampaign-start-from-scratch-1-768x509.png 768w, https:\/\/manual.suresms.com\/wp-content\/uploads\/2022\/03\/ActiveCampaign-start-from-scratch-1.png 1336w\" alt=\"\" width=\"1024\" height=\"679\" \/><\/p>\n<p>11. S\u00e9lectionnez ensuite un \"d\u00e9clencheur\"<\/p>\n<p><img loading=\"lazy\" decoding=\"async\" src=\"https:\/\/manual.suresms.com\/wp-content\/uploads\/2022\/03\/ActivceCampaign-Select-trigger-1024x610.png\" sizes=\"auto, (max-width: 1024px) 100vw, 1024px\" srcset=\"https:\/\/manual.suresms.com\/wp-content\/uploads\/2022\/03\/ActivceCampaign-Select-trigger-1024x610.png 1024w, https:\/\/manual.suresms.com\/wp-content\/uploads\/2022\/03\/ActivceCampaign-Select-trigger-300x179.png 300w, https:\/\/manual.suresms.com\/wp-content\/uploads\/2022\/03\/ActivceCampaign-Select-trigger-768x457.png 768w, https:\/\/manual.suresms.com\/wp-content\/uploads\/2022\/03\/ActivceCampaign-Select-trigger.png 1172w\" alt=\"\" width=\"1024\" height=\"610\" \/><\/p>\n<p>Par exemple, vous pouvez envoyer un SMS lorsqu'un contact s'inscrit \u00e0 une liste. \"Abonnement \u00e0 une liste\".<\/p>\n<p>12. Dans l'automatisation elle-m\u00eame, vous pouvez maintenant rechercher SureSMS dans le coin droit comme suit :<\/p>\n<p><img loading=\"lazy\" decoding=\"async\" src=\"https:\/\/manual.suresms.com\/wp-content\/uploads\/2022\/03\/ActiveCampaign-select-SureSMS.png\" sizes=\"auto, (max-width: 737px) 100vw, 737px\" srcset=\"https:\/\/manual.suresms.com\/wp-content\/uploads\/2022\/03\/ActiveCampaign-select-SureSMS.png 737w, https:\/\/manual.suresms.com\/wp-content\/uploads\/2022\/03\/ActiveCampaign-select-SureSMS-268x300.png 268w\" alt=\"\" width=\"737\" height=\"825\" \/><\/p>\n<p>Par exemple, s\u00e9lectionnez \"Envoyer des SMS avec SureSMS\".<\/p>\n<p>13. On vous demandera alors l'ID secret et la cl\u00e9 secr\u00e8te de l'\u00e9tape 7.\u00a0<img loading=\"lazy\" decoding=\"async\" src=\"https:\/\/manual.suresms.com\/wp-content\/uploads\/2022\/03\/SureSMS-ClientIDAndClientSecret.png\" sizes=\"auto, (max-width: 855px) 100vw, 855px\" srcset=\"https:\/\/manual.suresms.com\/wp-content\/uploads\/2022\/03\/SureSMS-ClientIDAndClientSecret.png 855w, https:\/\/manual.suresms.com\/wp-content\/uploads\/2022\/03\/SureSMS-ClientIDAndClientSecret-300x290.png 300w, https:\/\/manual.suresms.com\/wp-content\/uploads\/2022\/03\/SureSMS-ClientIDAndClientSecret-768x743.png 768w\" alt=\"\" width=\"855\" height=\"827\" \/><\/p>\n<p>Saisissez les valeurs de ClientID et Client Secret dans ces deux champs et cliquez sur \"Connect\".<\/p>\n<p>14. Vous devez maintenant r\u00e9diger le message SMS \u00e0 envoyer.<\/p>\n<p><img loading=\"lazy\" decoding=\"async\" src=\"https:\/\/manual.suresms.com\/wp-content\/uploads\/2022\/03\/SureSMS-SendSMS-1.png\" sizes=\"auto, (max-width: 858px) 100vw, 858px\" srcset=\"https:\/\/manual.suresms.com\/wp-content\/uploads\/2022\/03\/SureSMS-SendSMS-1.png 858w, https:\/\/manual.suresms.com\/wp-content\/uploads\/2022\/03\/SureSMS-SendSMS-1-300x254.png 300w, https:\/\/manual.suresms.com\/wp-content\/uploads\/2022\/03\/SureSMS-SendSMS-1-768x651.png 768w\" alt=\"\" width=\"858\" height=\"727\" \/><\/p>\n<p>S\u00e9lectionnez l'un de vos \"ID d'exp\u00e9diteur\" autoris\u00e9s dans la liste. C'est cette valeur que nous utilisons comme exp\u00e9diteur lors de l'envoi. Si vous avez besoin d'un exp\u00e9diteur diff\u00e9rent, par exemple le nom d'une entreprise ou d'une campagne, vous pouvez demander l'approbation de cet exp\u00e9diteur ici :\u00a0<a href=\"https:\/\/app.suresms.com\/Message\/SenderData\">https:\/\/app.suresms.com\/ (n\u00e9cessite une connexion)<\/a><\/p>\n<p>Vous r\u00e9digez ensuite le message SMS que vous pouvez personnaliser gr\u00e2ce aux champs d'ActiveCampaign.<\/p>\n<p>Appuyez sur \"Finish\" - et vous avez termin\u00e9 ! F\u00e9licitations \u00e0 vous<\/p>\n<p>Vous avez des questions ? Ecrivez \u00e0 support@suresms.com et obtenez toutes les r\u00e9ponses \ud83d\ude42 .<\/p>\n<p>&nbsp;<\/p>\n\t<p>Regardez la vid\u00e9o qui vous guide pas \u00e0 pas dans l'installation.<\/p>\n\t\t\t\t\t<video src=\"https:\/\/suresms.com\/wp-content\/uploads\/2024\/09\/Dokumentation-SMS-fra-Klaviyo-flows-1.mp4\" alt=\"hosted-video-thumbnail\"><\/video>","protected":false},"excerpt":{"rendered":"<p>Guide d'installation Installation dans SureSMS 1. Cr\u00e9ez un compte SureSMS si vous ne l'avez pas encore fait. Cliquez ici pour cr\u00e9er un compte de passerelle SMS. 2. Pour l'int\u00e9gration, vous avez besoin d'un SecretID et d'une Secretkey. Vous pouvez les obtenir dans SureSMS. 3. Connectez-vous \u00e0 https:\/\/app.suresms.com avec vos informations du point 1). 4. Dans le menu ... <a title=\"Int\u00e9gration SMS pour ActiveCampaign - guide\" class=\"read-more\" href=\"https:\/\/suresms.com\/fr\/integrationer\/marketing-automation\/activecampaign\/guide\/\" aria-label=\"En savoir plus sur l&#039;int\u00e9gration SMS pour ActiveCampaign - guide\">En savoir plus<\/a><\/p>","protected":false},"author":1,"featured_media":0,"parent":18361,"menu_order":1,"comment_status":"closed","ping_status":"closed","template":"","meta":{"_fl_builder_enabled":"1","_fl_builder_data":null,"_fl_builder_draft":null,"_fl_builder_data_settings":null,"_fl_builder_css":"","_fl_builder_css_version":"","_fl_builder_js":"","footnotes":""},"categories":[],"tags":[],"class_list":["post-13370","page","type-page","status-publish"],"yoast_head":"<!-- This site is optimized with the Yoast SEO Premium plugin v27.3 (Yoast SEO v27.3) - https:\/\/yoast.com\/product\/yoast-seo-premium-wordpress\/ -->\r\n<title>SMS integration til ActiveCampaign - guide -<\/title>\r\n<meta name=\"description\" content=\"Integrer i dag, og kom i gang med at skabe v\u00e6rdifulde automations og kampagner! En \u00e5bningsrate p\u00e5 98 % lyver ikke \u2713\" \/>\r\n<meta name=\"robots\" content=\"noindex, follow\" \/>\r\n<meta property=\"og:locale\" content=\"fr_FR\" \/>\r\n<meta property=\"og:type\" content=\"article\" \/>\r\n<meta property=\"og:title\" content=\"SMS integration til ActiveCampaign - guide\" \/>\r\n<meta property=\"og:description\" content=\"Integrer i dag, og kom i gang med at skabe v\u00e6rdifulde automations og kampagner! En \u00e5bningsrate p\u00e5 98 % lyver ikke \u2713\" \/>\r\n<meta property=\"og:url\" content=\"https:\/\/suresms.com\/fr\/integrations\/automatisation-du-marketing\/campagne-active\/papier-a-message-textuel\/\" \/>\r\n<meta property=\"article:publisher\" content=\"https:\/\/www.facebook.com\/p\/SureSMS-100044607956149\/\" \/>\r\n<meta property=\"article:modified_time\" content=\"2025-01-03T13:51:44+00:00\" \/>\r\n<meta property=\"og:image\" content=\"https:\/\/suresms.com\/wp-content\/uploads\/2021\/08\/Product-Image-01-1.png\" \/>\r\n<meta name=\"twitter:card\" content=\"summary_large_image\" \/>\r\n<meta name=\"twitter:label1\" content=\"Dur\u00e9e de lecture estim\u00e9e\" \/>\n\t<meta name=\"twitter:data1\" content=\"4 minutes\" \/>\r\n<script type=\"application\/ld+json\" class=\"yoast-schema-graph\">{\"@context\":\"https:\\\/\\\/schema.org\",\"@graph\":[{\"@type\":\"WebPage\",\"@id\":\"https:\\\/\\\/suresms.com\\\/dk\\\/integrationer\\\/marketing-automation\\\/activecampaign\\\/guide\\\/\",\"url\":\"https:\\\/\\\/suresms.com\\\/dk\\\/integrationer\\\/marketing-automation\\\/activecampaign\\\/guide\\\/\",\"name\":\"SMS integration til ActiveCampaign - guide -\",\"isPartOf\":{\"@id\":\"https:\\\/\\\/suresms.com\\\/en\\\/#website\"},\"primaryImageOfPage\":{\"@id\":\"https:\\\/\\\/suresms.com\\\/dk\\\/integrationer\\\/marketing-automation\\\/activecampaign\\\/guide\\\/#primaryimage\"},\"image\":{\"@id\":\"https:\\\/\\\/suresms.com\\\/dk\\\/integrationer\\\/marketing-automation\\\/activecampaign\\\/guide\\\/#primaryimage\"},\"thumbnailUrl\":\"https:\\\/\\\/suresms.com\\\/wp-content\\\/uploads\\\/2021\\\/08\\\/Product-Image-01-1.png\",\"datePublished\":\"2021-08-26T05:01:51+00:00\",\"dateModified\":\"2025-01-03T13:51:44+00:00\",\"description\":\"Integrer i dag, og kom i gang med at skabe v\u00e6rdifulde automations og kampagner! En \u00e5bningsrate p\u00e5 98 % lyver ikke \u2713\",\"breadcrumb\":{\"@id\":\"https:\\\/\\\/suresms.com\\\/dk\\\/integrationer\\\/marketing-automation\\\/activecampaign\\\/guide\\\/#breadcrumb\"},\"inLanguage\":\"fr-FR\",\"potentialAction\":[{\"@type\":\"ReadAction\",\"target\":[\"https:\\\/\\\/suresms.com\\\/dk\\\/integrationer\\\/marketing-automation\\\/activecampaign\\\/guide\\\/\"]}]},{\"@type\":\"ImageObject\",\"inLanguage\":\"fr-FR\",\"@id\":\"https:\\\/\\\/suresms.com\\\/dk\\\/integrationer\\\/marketing-automation\\\/activecampaign\\\/guide\\\/#primaryimage\",\"url\":\"https:\\\/\\\/suresms.com\\\/wp-content\\\/uploads\\\/2021\\\/08\\\/Product-Image-01-1.png\",\"contentUrl\":\"https:\\\/\\\/suresms.com\\\/wp-content\\\/uploads\\\/2021\\\/08\\\/Product-Image-01-1.png\"},{\"@type\":\"BreadcrumbList\",\"@id\":\"https:\\\/\\\/suresms.com\\\/dk\\\/integrationer\\\/marketing-automation\\\/activecampaign\\\/guide\\\/#breadcrumb\",\"itemListElement\":[{\"@type\":\"ListItem\",\"position\":1,\"name\":\"Home\",\"item\":\"https:\\\/\\\/suresms.com\\\/dk\\\/\"},{\"@type\":\"ListItem\",\"position\":2,\"name\":\"Integrationer\",\"item\":\"https:\\\/\\\/suresms.com\\\/dk\\\/integrationer\\\/\"},{\"@type\":\"ListItem\",\"position\":3,\"name\":\"SMS integration til Marketing Automation\",\"item\":\"https:\\\/\\\/suresms.com\\\/dk\\\/integrationer\\\/marketing-automation\\\/\"},{\"@type\":\"ListItem\",\"position\":4,\"name\":\"SMS integration til ActiveCampaign\",\"item\":\"https:\\\/\\\/suresms.com\\\/dk\\\/integrationer\\\/marketing-automation\\\/activecampaign\\\/\"},{\"@type\":\"ListItem\",\"position\":5,\"name\":\"SMS integration til ActiveCampaign &#8211; guide\"}]},{\"@type\":\"WebSite\",\"@id\":\"https:\\\/\\\/suresms.com\\\/en\\\/#website\",\"url\":\"https:\\\/\\\/suresms.com\\\/en\\\/\",\"name\":\"SureSMS\",\"description\":\"Professionel SMS Gateway\",\"publisher\":{\"@id\":\"https:\\\/\\\/suresms.com\\\/en\\\/#organization\"},\"potentialAction\":[{\"@type\":\"SearchAction\",\"target\":{\"@type\":\"EntryPoint\",\"urlTemplate\":\"https:\\\/\\\/suresms.com\\\/en\\\/?s={search_term_string}\"},\"query-input\":{\"@type\":\"PropertyValueSpecification\",\"valueRequired\":true,\"valueName\":\"search_term_string\"}}],\"inLanguage\":\"fr-FR\"},{\"@type\":\"Organization\",\"@id\":\"https:\\\/\\\/suresms.com\\\/en\\\/#organization\",\"name\":\"SureSMS\",\"url\":\"https:\\\/\\\/suresms.com\\\/en\\\/\",\"logo\":{\"@type\":\"ImageObject\",\"inLanguage\":\"fr-FR\",\"@id\":\"https:\\\/\\\/suresms.com\\\/en\\\/#\\\/schema\\\/logo\\\/image\\\/\",\"url\":\"https:\\\/\\\/suresms.com\\\/wp-content\\\/uploads\\\/2024\\\/11\\\/suresms-300x65-1.png\",\"contentUrl\":\"https:\\\/\\\/suresms.com\\\/wp-content\\\/uploads\\\/2024\\\/11\\\/suresms-300x65-1.png\",\"width\":300,\"height\":65,\"caption\":\"SureSMS\"},\"image\":{\"@id\":\"https:\\\/\\\/suresms.com\\\/en\\\/#\\\/schema\\\/logo\\\/image\\\/\"},\"sameAs\":[\"https:\\\/\\\/www.facebook.com\\\/p\\\/SureSMS-100044607956149\\\/\"]}]}<\/script>\r\n<!-- \/ Yoast SEO Premium plugin. -->","yoast_head_json":{"title":"Int\u00e9gration SMS pour ActiveCampaign - guide","description":"Int\u00e9grez d\u00e8s aujourd'hui et commencez \u00e0 cr\u00e9er des automatisations et des campagnes de grande valeur ! Un taux d'ouverture de 98 % ne ment pas \u2713","robots":{"index":"noindex","follow":"follow"},"og_locale":"fr_FR","og_type":"article","og_title":"SMS integration til ActiveCampaign - guide","og_description":"Integrer i dag, og kom i gang med at skabe v\u00e6rdifulde automations og kampagner! En \u00e5bningsrate p\u00e5 98 % lyver ikke \u2713","og_url":"https:\/\/suresms.com\/fr\/integrations\/automatisation-du-marketing\/campagne-active\/papier-a-message-textuel\/","article_publisher":"https:\/\/www.facebook.com\/p\/SureSMS-100044607956149\/","article_modified_time":"2025-01-03T13:51:44+00:00","og_image":[{"url":"https:\/\/suresms.com\/wp-content\/uploads\/2021\/08\/Product-Image-01-1.png","type":"","width":"","height":""}],"twitter_card":"summary_large_image","twitter_misc":{"Dur\u00e9e de lecture estim\u00e9e":"4 minutes"},"schema":{"@context":"https:\/\/schema.org","@graph":[{"@type":"WebPage","@id":"https:\/\/suresms.com\/dk\/integrationer\/marketing-automation\/activecampaign\/guide\/","url":"https:\/\/suresms.com\/dk\/integrationer\/marketing-automation\/activecampaign\/guide\/","name":"Int\u00e9gration SMS pour ActiveCampaign - guide","isPartOf":{"@id":"https:\/\/suresms.com\/en\/#website"},"primaryImageOfPage":{"@id":"https:\/\/suresms.com\/dk\/integrationer\/marketing-automation\/activecampaign\/guide\/#primaryimage"},"image":{"@id":"https:\/\/suresms.com\/dk\/integrationer\/marketing-automation\/activecampaign\/guide\/#primaryimage"},"thumbnailUrl":"https:\/\/suresms.com\/wp-content\/uploads\/2021\/08\/Product-Image-01-1.png","datePublished":"2021-08-26T05:01:51+00:00","dateModified":"2025-01-03T13:51:44+00:00","description":"Int\u00e9grez d\u00e8s aujourd'hui et commencez \u00e0 cr\u00e9er des automatisations et des campagnes de grande valeur ! Un taux d'ouverture de 98 % ne ment pas \u2713","breadcrumb":{"@id":"https:\/\/suresms.com\/dk\/integrationer\/marketing-automation\/activecampaign\/guide\/#breadcrumb"},"inLanguage":"fr-FR","potentialAction":[{"@type":"ReadAction","target":["https:\/\/suresms.com\/dk\/integrationer\/marketing-automation\/activecampaign\/guide\/"]}]},{"@type":"ImageObject","inLanguage":"fr-FR","@id":"https:\/\/suresms.com\/dk\/integrationer\/marketing-automation\/activecampaign\/guide\/#primaryimage","url":"https:\/\/suresms.com\/wp-content\/uploads\/2021\/08\/Product-Image-01-1.png","contentUrl":"https:\/\/suresms.com\/wp-content\/uploads\/2021\/08\/Product-Image-01-1.png"},{"@type":"BreadcrumbList","@id":"https:\/\/suresms.com\/dk\/integrationer\/marketing-automation\/activecampaign\/guide\/#breadcrumb","itemListElement":[{"@type":"ListItem","position":1,"name":"Home","item":"https:\/\/suresms.com\/dk\/"},{"@type":"ListItem","position":2,"name":"Integrationer","item":"https:\/\/suresms.com\/dk\/integrationer\/"},{"@type":"ListItem","position":3,"name":"SMS integration til Marketing Automation","item":"https:\/\/suresms.com\/dk\/integrationer\/marketing-automation\/"},{"@type":"ListItem","position":4,"name":"SMS integration til ActiveCampaign","item":"https:\/\/suresms.com\/dk\/integrationer\/marketing-automation\/activecampaign\/"},{"@type":"ListItem","position":5,"name":"SMS integration til ActiveCampaign &#8211; guide"}]},{"@type":"WebSite","@id":"https:\/\/suresms.com\/en\/#website","url":"https:\/\/suresms.com\/en\/","name":"SureSMS","description":"Passerelle SMS professionnelle","publisher":{"@id":"https:\/\/suresms.com\/en\/#organization"},"potentialAction":[{"@type":"SearchAction","target":{"@type":"EntryPoint","urlTemplate":"https:\/\/suresms.com\/en\/?s={search_term_string}"},"query-input":{"@type":"PropertyValueSpecification","valueRequired":true,"valueName":"search_term_string"}}],"inLanguage":"fr-FR"},{"@type":"Organization","@id":"https:\/\/suresms.com\/en\/#organization","name":"SureSMS","url":"https:\/\/suresms.com\/en\/","logo":{"@type":"ImageObject","inLanguage":"fr-FR","@id":"https:\/\/suresms.com\/en\/#\/schema\/logo\/image\/","url":"https:\/\/suresms.com\/wp-content\/uploads\/2024\/11\/suresms-300x65-1.png","contentUrl":"https:\/\/suresms.com\/wp-content\/uploads\/2024\/11\/suresms-300x65-1.png","width":300,"height":65,"caption":"SureSMS"},"image":{"@id":"https:\/\/suresms.com\/en\/#\/schema\/logo\/image\/"},"sameAs":["https:\/\/www.facebook.com\/p\/SureSMS-100044607956149\/"]}]}},"_links":{"self":[{"href":"https:\/\/suresms.com\/fr\/wp-json\/wp\/v2\/pages\/13370","targetHints":{"allow":["GET"]}}],"collection":[{"href":"https:\/\/suresms.com\/fr\/wp-json\/wp\/v2\/pages"}],"about":[{"href":"https:\/\/suresms.com\/fr\/wp-json\/wp\/v2\/types\/page"}],"author":[{"embeddable":true,"href":"https:\/\/suresms.com\/fr\/wp-json\/wp\/v2\/users\/1"}],"replies":[{"embeddable":true,"href":"https:\/\/suresms.com\/fr\/wp-json\/wp\/v2\/comments?post=13370"}],"version-history":[{"count":2,"href":"https:\/\/suresms.com\/fr\/wp-json\/wp\/v2\/pages\/13370\/revisions"}],"predecessor-version":[{"id":19402,"href":"https:\/\/suresms.com\/fr\/wp-json\/wp\/v2\/pages\/13370\/revisions\/19402"}],"up":[{"embeddable":true,"href":"https:\/\/suresms.com\/fr\/wp-json\/wp\/v2\/pages\/18361"}],"wp:attachment":[{"href":"https:\/\/suresms.com\/fr\/wp-json\/wp\/v2\/media?parent=13370"}],"wp:term":[{"taxonomy":"category","embeddable":true,"href":"https:\/\/suresms.com\/fr\/wp-json\/wp\/v2\/categories?post=13370"},{"taxonomy":"post_tag","embeddable":true,"href":"https:\/\/suresms.com\/fr\/wp-json\/wp\/v2\/tags?post=13370"}],"curies":[{"name":"wp","href":"https:\/\/api.w.org\/{rel}","templated":true}]}}