{"id":1076,"date":"2015-02-26T15:14:08","date_gmt":"2015-02-26T13:14:08","guid":{"rendered":"https:\/\/www.suresms.com\/dk\/?page_id=1076"},"modified":"2024-12-06T13:00:45","modified_gmt":"2024-12-06T13:00:45","slug":"modeles-de-sms","status":"publish","type":"page","link":"https:\/\/suresms.com\/fr\/funktioner\/sms-skabeloner\/","title":{"rendered":"Mod\u00e8les de SMS"},"content":{"rendered":"<!-- Flexy Breadcrumb -->\r\n\t\t\t<div class=\"fbc fbc-page\">\r\n\r\n\t\t\t\t<!-- Breadcrumb wrapper -->\r\n\t\t\t\t<div class=\"fbc-wrap\">\r\n\r\n\t\t\t\t\t<!-- Ordered list-->\r\n\t\t\t\t\t<ol class=\"fbc-items\" itemscope itemtype=\"https:\/\/schema.org\/BreadcrumbList\">\r\n\t\t\t\t\t\t            <li itemprop=\"itemListElement\" itemscope itemtype=\"https:\/\/schema.org\/ListItem\">\r\n                <span itemprop=\"name\">\r\n                    <!-- Home Link -->\r\n                    <a itemprop=\"item\" href=\"https:\/\/suresms.com\/fr\/\">\r\n                    \r\n                                                    <i class=\"fa fa-home\" aria-hidden=\"true\"><\/i>Accueil                    <\/a>\r\n                <\/span>\r\n                <meta itemprop=\"position\" content=\"1\" \/><!-- Meta Position-->\r\n             <\/li><li><span class=\"fbc-separator\">\/<\/span><\/li><li class=\"active\" itemprop=\"itemListElement\" itemscope itemtype=\"https:\/\/schema.org\/ListItem\"><span itemprop=\"name\" title=\"Mod\u00e8les de SMS\">Mod\u00e8les de SMS<\/span><meta itemprop=\"position\" content=\"2\" \/><\/li>\t\t\t\t\t<\/ol>\r\n\t\t\t\t\t<div class=\"clearfix\"><\/div>\r\n\t\t\t\t<\/div>\r\n\t\t\t<\/div>\r\n\t\t\t\n<h1>\n\t\tMod\u00e8les de SMS\n\t<\/h1>\n\t<p>Nombre de nos clients envoient fr\u00e9quemment le m\u00eame type de messages \u00e0 leurs clients ou \u00e0 leurs partenaires commerciaux. C'est une bonne id\u00e9e d'utiliser l'option de cr\u00e9ation de mod\u00e8les dans notre syst\u00e8me SMS.<\/p>\n<p><strong>Avec un mod\u00e8le, vous pouvez \u00e9conomiser du temps de travail et vous assurer que tous vos utilisateurs re\u00e7oivent le meilleur service possible !<\/strong><\/p>\n<p>Un mod\u00e8le est un texte que vous pouvez utiliser plusieurs fois. Au lieu d'\u00e9crire le message chaque fois que vous devez l'envoyer, vous pouvez cr\u00e9er un mod\u00e8le. Une fois le mod\u00e8le cr\u00e9\u00e9, vous pouvez le s\u00e9lectionner dans une liste et le message que vous avez choisi sera envoy\u00e9 automatiquement.<\/p>\n<p>&nbsp;<\/p>\n\t<ul>\n\t\t<li>\t\t\t\t\n\t\t<h3>Diff\u00e9rents mod\u00e8les<\/h3><p>Il est possible de cr\u00e9er tous les mod\u00e8les dont vous avez besoin. Par exemple, si vous devez envoyer un message \"N'oubliez pas votre heure...\", mais aussi un message \"Vos marchandises sont arriv\u00e9es...\", il vous suffit de cr\u00e9er deux mod\u00e8les diff\u00e9rents.<\/p><\/li><li>\t\t\t\t\n\t\t<h3>Une administration facile<\/h3><p>\u00c0 partir de notre site web, il est facile de cr\u00e9er, de modifier et de supprimer des mod\u00e8les pour n'importe quel usage. Il est \u00e9galement possible de cr\u00e9er un nombre illimit\u00e9 de mod\u00e8les pour n'importe quel usage.<\/p><\/li><li>\t\t\t\t\n\t\t<h3>Messages personnalis\u00e9s<\/h3><p>Si vous souhaitez personnaliser vos messages pour obtenir une meilleure r\u00e9ponse des clients, vous pouvez choisir de fusionner les noms dans les messages afin de ne pas faire de compromis et d'envoyer des messages personnalis\u00e9s \u00e0 vos clients. Pour en savoir plus sur la fonction Fusionner les messages personnalis\u00e9s dans des groupes, cliquez ici.<\/p><\/li>\t<\/ul>\n\t<p>Lire le guide sur <a href=\"https:\/\/suresms.com\/fr\/documents\/documents-9\/documents-12\/#___Brug_af_skabeloner__\">Utilisez les mod\u00e8les ici<\/a>.<\/p>\n\t\t<h4>Voulez-vous cr\u00e9er un compte imm\u00e9diatement ? <\/h4>\n\t\t<p>Nous sommes pr\u00eats \u00e0 vous accueillir en tant que client de SureSMS !<\/p>\n\t\t\t<a href=\"https:\/\/suresms.com\/fr\/creer-un-compte-sms-gateway\/\" target=\"_self\">\n\t\t\t\t\t\t\tCr\u00e9ez un compte SureSMS !\n\t\t\t\t\t<\/a>\n\t\t<h4>Commandez une solution \u00e0 deux voies !<\/h4>\n\t\t<p>Vous avez d\u00e9j\u00e0 un compte ? Commandez une solution bidirectionnelle et b\u00e9n\u00e9ficiez des options suppl\u00e9mentaires offertes par votre propre solution.\u00a0<\/p>\n\t\t\t<a href=\"https:\/\/suresms.com\/fr\/commande-dun-dechargement-a-deux-voies\/\" target=\"_self\">\n\t\t\t\t\t\t\tCommander une solution \u00e0 deux voies\n\t\t\t\t\t<\/a>\n\t<h4><strong>Voici quelques exemples d'utilisation de cette fonctionnalit\u00e9 par nos clients : \"E-mail2SMS\"<\/strong><\/h4>\n<ul>\n<li>Plusieurs municipalit\u00e9s utilisent E-mail2SMS de SureSMS pour surveiller leur syst\u00e8me informatique. Une tendance r\u00e9cente parmi les pirates informatiques est d'envoyer des virus qui cryptent les donn\u00e9es du destinataire et demandent ensuite une ran\u00e7on pour les lib\u00e9rer \u00e0 nouveau. Plus vite les lecteurs partag\u00e9s, etc. sont d\u00e9connect\u00e9s du r\u00e9seau, moins les d\u00e9g\u00e2ts sont importants. La surveillance utilise e-mail2SMS pour envoyer un SMS aux partisans de la municipalit\u00e9 afin qu'ils puissent r\u00e9agir rapidement et minimiser les d\u00e9g\u00e2ts.<\/li>\n<li>Nous comptons parmi nos clients plusieurs grandes soci\u00e9t\u00e9s d'informatique et d'\u00e9lectronique qui ont int\u00e9gr\u00e9 notre solution e-mail2SMS dans leurs syst\u00e8mes. Ces syst\u00e8mes envoient un SMS aux clients pour les informer de l'\u00e9tat de leur dossier de service.<\/li>\n<li>La m\u00eame fonction, facile \u00e0 int\u00e9grer, est utilis\u00e9e par plusieurs compagnies d'assurance pour envoyer des notifications d'\u00e9tat aux clients concernant leurs demandes d'indemnisation et d'autres questions d'assurance.<\/li>\n<li>Nous avons \u00e9galement une association de jardinage entreprenante de la verte Amager, qui envoie \u00e0 ses colons des invitations \u00e0 des assembl\u00e9es g\u00e9n\u00e9rales et d'autres informations et \u00e9v\u00e9nements. <strong>Que le Danemark fleurisse et que le printemps arrive !<\/strong><\/li>\n<\/ul>","protected":false},"excerpt":{"rendered":"<p>Mod\u00e8les de SMS Beaucoup de nos clients envoient fr\u00e9quemment le m\u00eame type de messages \u00e0 leurs clients ou partenaires commerciaux. C'est une bonne id\u00e9e d'utiliser l'option de cr\u00e9ation de mod\u00e8les dans notre syst\u00e8me SMS. Avec un mod\u00e8le, vous pouvez gagner du temps et vous assurer que tous vos utilisateurs re\u00e7oivent le meilleur... <a title=\"Mod\u00e8les de SMS\" class=\"read-more\" href=\"https:\/\/suresms.com\/fr\/funktioner\/sms-skabeloner\/\" aria-label=\"En savoir plus sur les mod\u00e8les de SMS\">En savoir plus<\/a><\/p>","protected":false},"author":1,"featured_media":0,"parent":958,"menu_order":8,"comment_status":"closed","ping_status":"closed","template":"","meta":{"_fl_builder_enabled":"1","_fl_builder_data":null,"_fl_builder_draft":null,"_fl_builder_data_settings":null,"_fl_builder_css":"","_fl_builder_css_version":"","_fl_builder_js":"","footnotes":""},"categories":[17],"tags":[],"class_list":{"0":"post-1076","1":"page","2":"type-page","3":"status-publish","5":"category-linkfracornorstone"},"yoast_head":"<!-- This site is optimized with the Yoast SEO Premium plugin v27.3 (Yoast SEO v27.3) - https:\/\/yoast.com\/product\/yoast-seo-premium-wordpress\/ -->\r\n<title>SMS Templates | Opret let mange SMS skabeloner og spar tid<\/title>\r\n<meta name=\"description\" content=\"Skal du sende mange ens beskeder? Opret nemt SMS skabeloner og spar tid og arbejde. gratis funktion . Opret gratis testkonto inkl. 100 SMS&#039;er og pr\u00f8v nu.\" \/>\r\n<meta name=\"robots\" content=\"index, follow, max-snippet:-1, max-image-preview:large, max-video-preview:-1\" \/>\r\n<link rel=\"canonical\" href=\"https:\/\/suresms.com\/fr\/caracteristiques\/modeles-de-sms\/\" \/>\r\n<meta property=\"og:locale\" content=\"fr_FR\" \/>\r\n<meta property=\"og:type\" content=\"article\" \/>\r\n<meta property=\"og:title\" content=\"SMS skabeloner\" \/>\r\n<meta property=\"og:description\" content=\"Skal du sende mange ens beskeder? Opret nemt SMS skabeloner og spar tid og arbejde. gratis funktion . Opret gratis testkonto inkl. 100 SMS&#039;er og pr\u00f8v nu.\" \/>\r\n<meta property=\"og:url\" content=\"https:\/\/suresms.com\/fr\/caracteristiques\/modeles-de-sms\/\" \/>\r\n<meta property=\"article:publisher\" content=\"https:\/\/www.facebook.com\/p\/SureSMS-100044607956149\/\" \/>\r\n<meta property=\"article:modified_time\" content=\"2024-12-06T13:00:45+00:00\" \/>\r\n<meta name=\"twitter:card\" content=\"summary_large_image\" \/>\r\n<meta name=\"twitter:label1\" content=\"Dur\u00e9e de lecture estim\u00e9e\" \/>\n\t<meta name=\"twitter:data1\" content=\"7 minutes\" \/>\r\n<script type=\"application\/ld+json\" class=\"yoast-schema-graph\">{\"@context\":\"https:\\\/\\\/schema.org\",\"@graph\":[{\"@type\":\"WebPage\",\"@id\":\"https:\\\/\\\/suresms.com\\\/dk\\\/funktioner\\\/sms-skabeloner\\\/\",\"url\":\"https:\\\/\\\/suresms.com\\\/dk\\\/funktioner\\\/sms-skabeloner\\\/\",\"name\":\"SMS Templates | Opret let mange SMS skabeloner og spar tid\",\"isPartOf\":{\"@id\":\"https:\\\/\\\/suresms.com\\\/en\\\/#website\"},\"datePublished\":\"2015-02-26T13:14:08+00:00\",\"dateModified\":\"2024-12-06T13:00:45+00:00\",\"description\":\"Skal du sende mange ens beskeder? Opret nemt SMS skabeloner og spar tid og arbejde. gratis funktion . Opret gratis testkonto inkl. 100 SMS'er og pr\u00f8v nu.\",\"breadcrumb\":{\"@id\":\"https:\\\/\\\/suresms.com\\\/dk\\\/funktioner\\\/sms-skabeloner\\\/#breadcrumb\"},\"inLanguage\":\"fr-FR\",\"potentialAction\":[{\"@type\":\"ReadAction\",\"target\":[\"https:\\\/\\\/suresms.com\\\/dk\\\/funktioner\\\/sms-skabeloner\\\/\"]}]},{\"@type\":\"BreadcrumbList\",\"@id\":\"https:\\\/\\\/suresms.com\\\/dk\\\/funktioner\\\/sms-skabeloner\\\/#breadcrumb\",\"itemListElement\":[{\"@type\":\"ListItem\",\"position\":1,\"name\":\"Home\",\"item\":\"https:\\\/\\\/suresms.com\\\/dk\\\/\"},{\"@type\":\"ListItem\",\"position\":2,\"name\":\"Funktioner\",\"item\":\"https:\\\/\\\/suresms.com\\\/dk\\\/funktioner\\\/\"},{\"@type\":\"ListItem\",\"position\":3,\"name\":\"SMS skabeloner\"}]},{\"@type\":\"WebSite\",\"@id\":\"https:\\\/\\\/suresms.com\\\/en\\\/#website\",\"url\":\"https:\\\/\\\/suresms.com\\\/en\\\/\",\"name\":\"SureSMS\",\"description\":\"Professionel SMS Gateway\",\"publisher\":{\"@id\":\"https:\\\/\\\/suresms.com\\\/en\\\/#organization\"},\"potentialAction\":[{\"@type\":\"SearchAction\",\"target\":{\"@type\":\"EntryPoint\",\"urlTemplate\":\"https:\\\/\\\/suresms.com\\\/en\\\/?s={search_term_string}\"},\"query-input\":{\"@type\":\"PropertyValueSpecification\",\"valueRequired\":true,\"valueName\":\"search_term_string\"}}],\"inLanguage\":\"fr-FR\"},{\"@type\":\"Organization\",\"@id\":\"https:\\\/\\\/suresms.com\\\/en\\\/#organization\",\"name\":\"SureSMS\",\"url\":\"https:\\\/\\\/suresms.com\\\/en\\\/\",\"logo\":{\"@type\":\"ImageObject\",\"inLanguage\":\"fr-FR\",\"@id\":\"https:\\\/\\\/suresms.com\\\/en\\\/#\\\/schema\\\/logo\\\/image\\\/\",\"url\":\"https:\\\/\\\/suresms.com\\\/wp-content\\\/uploads\\\/2024\\\/11\\\/suresms-300x65-1.png\",\"contentUrl\":\"https:\\\/\\\/suresms.com\\\/wp-content\\\/uploads\\\/2024\\\/11\\\/suresms-300x65-1.png\",\"width\":300,\"height\":65,\"caption\":\"SureSMS\"},\"image\":{\"@id\":\"https:\\\/\\\/suresms.com\\\/en\\\/#\\\/schema\\\/logo\\\/image\\\/\"},\"sameAs\":[\"https:\\\/\\\/www.facebook.com\\\/p\\\/SureSMS-100044607956149\\\/\"]}]}<\/script>\r\n<!-- \/ Yoast SEO Premium plugin. -->","yoast_head_json":{"title":"Mod\u00e8les de SMS | Cr\u00e9ez facilement de nombreux mod\u00e8les de SMS et gagnez du temps","description":"Vous avez besoin d'envoyer de nombreux messages similaires ? Cr\u00e9ez facilement des mod\u00e8les de SMS et \u00e9conomisez du temps et des efforts. Fonction gratuite. Cr\u00e9ez un compte d'essai gratuit comprenant 100 messages SMS et essayez-le d\u00e8s maintenant.","robots":{"index":"index","follow":"follow","max-snippet":"max-snippet:-1","max-image-preview":"max-image-preview:large","max-video-preview":"max-video-preview:-1"},"canonical":"https:\/\/suresms.com\/fr\/caracteristiques\/modeles-de-sms\/","og_locale":"fr_FR","og_type":"article","og_title":"SMS skabeloner","og_description":"Skal du sende mange ens beskeder? Opret nemt SMS skabeloner og spar tid og arbejde. gratis funktion . Opret gratis testkonto inkl. 100 SMS'er og pr\u00f8v nu.","og_url":"https:\/\/suresms.com\/fr\/caracteristiques\/modeles-de-sms\/","article_publisher":"https:\/\/www.facebook.com\/p\/SureSMS-100044607956149\/","article_modified_time":"2024-12-06T13:00:45+00:00","twitter_card":"summary_large_image","twitter_misc":{"Dur\u00e9e de lecture estim\u00e9e":"7 minutes"},"schema":{"@context":"https:\/\/schema.org","@graph":[{"@type":"WebPage","@id":"https:\/\/suresms.com\/dk\/funktioner\/sms-skabeloner\/","url":"https:\/\/suresms.com\/dk\/funktioner\/sms-skabeloner\/","name":"Mod\u00e8les de SMS | Cr\u00e9ez facilement de nombreux mod\u00e8les de SMS et gagnez du temps","isPartOf":{"@id":"https:\/\/suresms.com\/en\/#website"},"datePublished":"2015-02-26T13:14:08+00:00","dateModified":"2024-12-06T13:00:45+00:00","description":"Vous avez besoin d'envoyer de nombreux messages similaires ? Cr\u00e9ez facilement des mod\u00e8les de SMS et \u00e9conomisez du temps et des efforts. Fonction gratuite. Cr\u00e9ez un compte d'essai gratuit comprenant 100 messages SMS et essayez-le d\u00e8s maintenant.","breadcrumb":{"@id":"https:\/\/suresms.com\/dk\/funktioner\/sms-skabeloner\/#breadcrumb"},"inLanguage":"fr-FR","potentialAction":[{"@type":"ReadAction","target":["https:\/\/suresms.com\/dk\/funktioner\/sms-skabeloner\/"]}]},{"@type":"BreadcrumbList","@id":"https:\/\/suresms.com\/dk\/funktioner\/sms-skabeloner\/#breadcrumb","itemListElement":[{"@type":"ListItem","position":1,"name":"Home","item":"https:\/\/suresms.com\/dk\/"},{"@type":"ListItem","position":2,"name":"Funktioner","item":"https:\/\/suresms.com\/dk\/funktioner\/"},{"@type":"ListItem","position":3,"name":"SMS skabeloner"}]},{"@type":"WebSite","@id":"https:\/\/suresms.com\/en\/#website","url":"https:\/\/suresms.com\/en\/","name":"SureSMS","description":"Passerelle SMS professionnelle","publisher":{"@id":"https:\/\/suresms.com\/en\/#organization"},"potentialAction":[{"@type":"SearchAction","target":{"@type":"EntryPoint","urlTemplate":"https:\/\/suresms.com\/en\/?s={search_term_string}"},"query-input":{"@type":"PropertyValueSpecification","valueRequired":true,"valueName":"search_term_string"}}],"inLanguage":"fr-FR"},{"@type":"Organization","@id":"https:\/\/suresms.com\/en\/#organization","name":"SureSMS","url":"https:\/\/suresms.com\/en\/","logo":{"@type":"ImageObject","inLanguage":"fr-FR","@id":"https:\/\/suresms.com\/en\/#\/schema\/logo\/image\/","url":"https:\/\/suresms.com\/wp-content\/uploads\/2024\/11\/suresms-300x65-1.png","contentUrl":"https:\/\/suresms.com\/wp-content\/uploads\/2024\/11\/suresms-300x65-1.png","width":300,"height":65,"caption":"SureSMS"},"image":{"@id":"https:\/\/suresms.com\/en\/#\/schema\/logo\/image\/"},"sameAs":["https:\/\/www.facebook.com\/p\/SureSMS-100044607956149\/"]}]}},"_links":{"self":[{"href":"https:\/\/suresms.com\/fr\/wp-json\/wp\/v2\/pages\/1076","targetHints":{"allow":["GET"]}}],"collection":[{"href":"https:\/\/suresms.com\/fr\/wp-json\/wp\/v2\/pages"}],"about":[{"href":"https:\/\/suresms.com\/fr\/wp-json\/wp\/v2\/types\/page"}],"author":[{"embeddable":true,"href":"https:\/\/suresms.com\/fr\/wp-json\/wp\/v2\/users\/1"}],"replies":[{"embeddable":true,"href":"https:\/\/suresms.com\/fr\/wp-json\/wp\/v2\/comments?post=1076"}],"version-history":[{"count":2,"href":"https:\/\/suresms.com\/fr\/wp-json\/wp\/v2\/pages\/1076\/revisions"}],"predecessor-version":[{"id":19491,"href":"https:\/\/suresms.com\/fr\/wp-json\/wp\/v2\/pages\/1076\/revisions\/19491"}],"up":[{"embeddable":true,"href":"https:\/\/suresms.com\/fr\/wp-json\/wp\/v2\/pages\/958"}],"wp:attachment":[{"href":"https:\/\/suresms.com\/fr\/wp-json\/wp\/v2\/media?parent=1076"}],"wp:term":[{"taxonomy":"category","embeddable":true,"href":"https:\/\/suresms.com\/fr\/wp-json\/wp\/v2\/categories?post=1076"},{"taxonomy":"post_tag","embeddable":true,"href":"https:\/\/suresms.com\/fr\/wp-json\/wp\/v2\/tags?post=1076"}],"curies":[{"name":"wp","href":"https:\/\/api.w.org\/{rel}","templated":true}]}}