{"id":1070,"date":"2015-02-26T13:10:48","date_gmt":"2015-02-26T11:10:48","guid":{"rendered":"https:\/\/www.suresms.com\/dk\/?page_id=1070"},"modified":"2025-12-03T11:07:56","modified_gmt":"2025-12-03T11:07:56","slug":"expediteur-auto-selectionne-de-votre-message","status":"publish","type":"page","link":"https:\/\/suresms.com\/fr\/funktioner\/selvvalgt-afsender-pa-din-besked\/","title":{"rendered":"Exp\u00e9diteur auto-s\u00e9lectionn\u00e9 de votre message"},"content":{"rendered":"<!-- Flexy Breadcrumb -->\r\n\t\t\t<div class=\"fbc fbc-page\">\r\n\r\n\t\t\t\t<!-- Breadcrumb wrapper -->\r\n\t\t\t\t<div class=\"fbc-wrap\">\r\n\r\n\t\t\t\t\t<!-- Ordered list-->\r\n\t\t\t\t\t<ol class=\"fbc-items\" itemscope itemtype=\"https:\/\/schema.org\/BreadcrumbList\">\r\n\t\t\t\t\t\t            <li itemprop=\"itemListElement\" itemscope itemtype=\"https:\/\/schema.org\/ListItem\">\r\n                <span itemprop=\"name\">\r\n                    <!-- Home Link -->\r\n                    <a itemprop=\"item\" href=\"https:\/\/suresms.com\/fr\/\">\r\n                    \r\n                                                    <i class=\"fa fa-home\" aria-hidden=\"true\"><\/i>Accueil                    <\/a>\r\n                <\/span>\r\n                <meta itemprop=\"position\" content=\"1\" \/><!-- Meta Position-->\r\n             <\/li><li><span class=\"fbc-separator\">\/<\/span><\/li><li class=\"active\" itemprop=\"itemListElement\" itemscope itemtype=\"https:\/\/schema.org\/ListItem\"><span itemprop=\"name\" title=\"Exp\u00e9diteur auto-s\u00e9lectionn\u00e9 de votre message\">Exp\u00e9diteur auto-s\u00e9lectionn\u00e9 sur votre...<\/span><meta itemprop=\"position\" content=\"2\" \/><\/li>\t\t\t\t\t<\/ol>\r\n\t\t\t\t\t<div class=\"clearfix\"><\/div>\r\n\t\t\t\t<\/div>\r\n\t\t\t<\/div>\r\n\t\t\t\n\t<h1>Exp\u00e9diteur auto-s\u00e9lectionn\u00e9 de votre message<\/h1>\n\t\t\t\t<img decoding=\"async\" src=\"https:\/\/suresms.com\/wp-content\/uploads\/2022\/06\/Not-allowed-senderid-1.png\" alt=\"Identification facultative de l&#039;exp\u00e9diteur sur vos messages\" itemprop=\"image\" height=\"388\" width=\"1400\" title=\"Non autoris\u00e9 senderid\" onerror=\"this.style.display='none'\" loading=\"lazy\" \/>\n\t<p>Lorsque vous envoyez un message SMS \u00e0 partir de notre passerelle SMS, vous pouvez choisir l'exp\u00e9diteur. Cela signifie que vous pouvez d\u00e9cider qui est l'exp\u00e9diteur lorsque le message arrive sur le t\u00e9l\u00e9phone du destinataire. Bien s\u00fbr, vous ne pouvez pas choisir SKAT, Nets ou Police comme le montre l'image ci-dessus. Nous devons approuver l'exp\u00e9diteur et s'il n'est pas li\u00e9 \u00e0 votre entreprise ou organisation, nous ne l'approuverons pas.<\/p>\n\t\t\t\t<img decoding=\"async\" src=\"https:\/\/suresms.com\/wp-content\/uploads\/2022\/06\/All-senderids-are-manually-approved-1.png\" alt=\"Tous les senderids sont approuv\u00e9s manuellement\" itemprop=\"image\" height=\"137\" width=\"1271\" title=\"Tous les senderids sont approuv\u00e9s manuellement\" onerror=\"this.style.display='none'\" loading=\"lazy\" \/>\n\t<h4><strong>Exp\u00e9diteur alphanum\u00e9rique ou num\u00e9rique<\/strong><\/h4>\n<p>La premi\u00e8re chose \u00e0 faire est de d\u00e9cider si vous souhaitez utiliser un exp\u00e9diteur alphanum\u00e9rique ou num\u00e9rique.<\/p>\n<p><strong>Un exp\u00e9diteur alphanum\u00e9rique est une combinaison de lettres.<\/strong> Par exemple, vous pouvez choisir l'exp\u00e9diteur \"Club\" ou \"FashionShop\". Si vous choisissez un exp\u00e9diteur alphanum\u00e9rique, le destinataire ne pourra pas r\u00e9pondre au message. Vous devez donc inclure un num\u00e9ro dans le message si vous voulez que le destinataire puisse vous contacter.<\/p>\n<p>Une autre option consiste \u00e0 s\u00e9lectionner un exp\u00e9diteur num\u00e9rique.<\/p>\n<p><strong>Un exp\u00e9diteur num\u00e9rique est simplement un num\u00e9ro de t\u00e9l\u00e9phone.<\/strong> Vous pouvez choisir comme exp\u00e9diteur votre propre num\u00e9ro de t\u00e9l\u00e9phone ou, par exemple, le num\u00e9ro de t\u00e9l\u00e9phone de votre entreprise. Lorsque le destinataire du message y r\u00e9pond, la r\u00e9ponse aboutit automatiquement sur le t\u00e9l\u00e9phone contenant la carte SIM avec le num\u00e9ro s\u00e9lectionn\u00e9.<\/p>\n<p>&nbsp;<\/p>\n\t<h4><strong>Seuls les exp\u00e9diteurs l\u00e9gitimes<\/strong><\/h4>\n<p>Nous approuvons manuellement tous les exp\u00e9diteurs avant qu'ils ne soient lib\u00e9r\u00e9s. Cela signifie que vous ne pouvez pas recevoir des exp\u00e9diteurs tels que PostNord, Nets ou POLITI. Nous proc\u00e9dons ainsi pour renforcer la s\u00e9curit\u00e9 en g\u00e9n\u00e9ral et la confiance dans les SMS en particulier.<\/p>\n<h4><strong>Avantages et inconv\u00e9nients<\/strong><\/h4>\n<p>Les deux solutions pr\u00e9sentent des avantages et des inconv\u00e9nients. Avec un exp\u00e9diteur alphanum\u00e9rique, votre marque est plus forte et le message est plus personnalis\u00e9. L'exp\u00e9diteur alphanum\u00e9rique n'indique PAS le num\u00e9ro \u00e0 partir duquel le message est envoy\u00e9. Cela signifie que dans le message SMS, vous devez indiquer comment le destinataire peut vous joindre si vous souhaitez obtenir une r\u00e9ponse.<\/p>\n<p>Avec un exp\u00e9diteur num\u00e9rique, il est facile et rapide de r\u00e9pondre. La facilit\u00e9 du flux de travail rend l'envoi de la r\u00e9ponse plus accessible au destinataire, \u00e9vitant ainsi qu'un utilisateur ne vous envoie une r\u00e9ponse que vous n'avez PAS re\u00e7ue.<\/p>\n\t\t\t<a href=\"https:\/\/app.suresms.com\/account\/signup\" target=\"_blank\" rel=\"noopener\">\n\t\t\t\t\t\t\tCr\u00e9er un compte gratuit\n\t\t\t\t\t<\/a>\n\t<h4><strong>Quelques limites<\/strong><\/h4>\n<p>Si vous choisissez l'exp\u00e9diteur alphanum\u00e9rique, sachez que vous ne pouvez choisir qu'un exp\u00e9diteur de 11 caract\u00e8res au maximum. Il s'agit d'une limitation du protocole SMS, ce qui signifie qu'elle s'applique \u00e0 tous ceux qui envoient des messages SMS. Ce n'est pas quelque chose que nous, \u00e0 SureSMS, pouvons changer.<\/p>\n<p>Si vous choisissez un exp\u00e9diteur alphanum\u00e9rique, Sure SMS changera l'exp\u00e9diteur. Nous le faisons pour des raisons de s\u00e9curit\u00e9 afin de nous assurer que vous ne vous faites pas passer pour quelqu'un d'autre que vous \u00eates. Il s'agit d'une mesure de s\u00e9curit\u00e9 que nous avons introduite apr\u00e8s que les passerelles SMS de coll\u00e8gues du secteur ont \u00e9t\u00e9 utilis\u00e9es \u00e0 mauvais escient pour envoyer des messages avec de faux exp\u00e9diteurs.<\/p>\n<p>Vous pouvez commander autant d'exp\u00e9diteurs alphanum\u00e9riques diff\u00e9rents que vous le souhaitez. Il n'y a pas de frais suppl\u00e9mentaires, nous les introduisons simplement dans le syst\u00e8me pour vous.<\/p>\n<p>En savoir plus sur les nombreuses autres fonctionnalit\u00e9s gratuites de notre passerelle. <a title=\"Caract\u00e9ristiques et fonctions\" href=\"https:\/\/suresms.com\/fr\/caracteristiques\/\">Retournez au menu Caract\u00e9ristiques et fonctions.<\/a><\/p>\n\t\t<h4>Voulez-vous cr\u00e9er un compte imm\u00e9diatement ? <\/h4>\n\t\t<p>Nous sommes pr\u00eats \u00e0 vous accueillir en tant que client de SureSMS !<\/p>\n\t\t\t<a href=\"https:\/\/suresms.com\/fr\/creer-un-compte-sms-gateway\/\" target=\"_self\">\n\t\t\t\t\t\t\tCr\u00e9ez un compte SureSMS !\n\t\t\t\t\t<\/a>\n\t\t<h4>Commandez une solution \u00e0 deux voies !<\/h4>\n\t\t<p>Vous avez d\u00e9j\u00e0 un compte ? Commandez une solution bidirectionnelle et b\u00e9n\u00e9ficiez des options suppl\u00e9mentaires offertes par votre propre solution.\u00a0<\/p>\n\t\t\t<a href=\"https:\/\/suresms.com\/fr\/commande-dun-dechargement-a-deux-voies\/\" target=\"_self\">\n\t\t\t\t\t\t\tCommander une solution \u00e0 deux voies\n\t\t\t\t\t<\/a>\n\t<h4><strong>Voici quelques exemples de l'utilisation de cette fonctionnalit\u00e9 par nos clients : \"Self-selected sender on SMS\" (exp\u00e9diteur auto-s\u00e9lectionn\u00e9 par SMS)<\/strong><\/h4>\n\n<ul> \t\n<li>Plusieurs de nos entreprises qui repr\u00e9sentent plusieurs marques ont une administration qui g\u00e8re la communication. Lorsqu'elles envoient des messages SMS aux utilisateurs, elles ont cr\u00e9\u00e9 plusieurs exp\u00e9diteurs et s\u00e9lectionnent simplement la marque pour laquelle elles \u00e9crivent dans le champ de l'exp\u00e9diteur. Plusieurs marques, mais une seule entreprise et une seule administration.<\/li>\n\n<li>Plusieurs de nos organisations ont diff\u00e9rents membres du conseil d'administration qui envoient des messages SMS \u00e0 partir de notre site web. Dans le champ de l'exp\u00e9diteur, ils peuvent facilement s\u00e9lectionner \"Tr\u00e9sorier\", \"Pr\u00e9sident\" ou \"Conseil d'administration\", en fonction de la personne qui envoie le message. L'ensemble du groupe dispose ainsi d'une vue d'ensemble des messages de l'organisation.<\/li>\n\n<li>L'un de nos salons choisit son num\u00e9ro de portable ou le nom du salon comme exp\u00e9diteur, selon qu'il s'agit de messages ou de campagnes envoy\u00e9s aux clients. Pour les campagnes, le nom est important ; pour les offres d'emploi ou d'autres demandes, les clients doivent pouvoir r\u00e9pondre.<\/li>\n<\/ul>\n\t\t<h3><a href=\"http:\/\/suresms.com\/fr\/documents\/\" target=\"_self\">Visitez le site web de notre manuel<\/a><\/h3>\n\t\t\t\t<a href=\"http:\/\/suresms.com\/fr\/documents\/\"  target=\"_self\" itemprop=\"url\">\n\t\t\t\t<img decoding=\"async\" src=\"https:\/\/suresms.com\/wp-content\/uploads\/bb-plugin\/cache\/Manual-400x250-px1-panorama-e9e3d5dc2346ff0881cf6ebd5537712d-.jpg\" alt=\"manuel site web suresms\" itemprop=\"image\" height=\"250\" width=\"400\" title=\"Manuel 400x250 px\" onerror=\"this.style.display='none'\" loading=\"lazy\" \/>\n\t\t\t\t<\/a>\n<p>Pour aider nos clients, nous avons rassembl\u00e9 toutes les instructions et descriptions sur suresms.com\/docs. Vous pouvez y voir comment fonctionne notre passerelle et obtenir des instructions simples et conviviales pour les nombreuses fonctionnalit\u00e9s.<\/p>\n\t\t<h3><a href=\"http:\/\/developer.suresms.com\/\" target=\"_self\">developer.suresms.com<\/a><\/h3>\n\t\t\t\t<a href=\"http:\/\/developer.suresms.com\/\"  target=\"_self\" itemprop=\"url\">\n\t\t\t\t<img decoding=\"async\" src=\"https:\/\/suresms.com\/wp-content\/uploads\/bb-plugin\/cache\/developer-400x250-px-panorama-dcae33984faa2af9c04c6a2b37f15958-.jpg\" alt=\"d\u00e9veloppeur suresms site web pour d\u00e9veloppeurs\" itemprop=\"image\" height=\"250\" width=\"400\" title=\"d\u00e9veloppeur 400x250 px\" onerror=\"this.style.display='none'\" loading=\"lazy\" \/>\n\t\t\t\t<\/a>\nSureSMS est con\u00e7u par des d\u00e9veloppeurs pour des d\u00e9veloppeurs !<br \/>\nSur developer.suresms.com, nous avons rassembl\u00e9 de la documentation et des exemples de code pour faciliter l'int\u00e9gration de notre passerelle dans votre syst\u00e8me.\n\t\t<h3><a href=\"https:\/\/www.youtube.com\/channel\/UC1XGC5rl9mI9ndtBVn8yq7g\" target=\"_self\">Regardez nos vid\u00e9os d'instruction !<\/a><\/h3>\n\t\t\t\t<a href=\"https:\/\/www.youtube.com\/channel\/UC1XGC5rl9mI9ndtBVn8yq7g\"  target=\"_self\" itemprop=\"url\">\n\t\t\t\t<img decoding=\"async\" src=\"https:\/\/suresms.com\/wp-content\/uploads\/bb-plugin\/cache\/you-tube400x250px-panorama-60bfdf50fa411bc1f1119324993b555c-.jpg\" alt=\"suresms sms gateway you tube videos\" itemprop=\"image\" height=\"250\" width=\"400\" title=\"you tube 400x250px\" onerror=\"this.style.display='none'\" loading=\"lazy\" \/>\n\t\t\t\t<\/a>\n<p>Vous commencez \u00e0 utiliser une nouvelle fonctionnalit\u00e9 ? Ou avez-vous simplement besoin d'en savoir un peu plus sur le fonctionnement de notre passerelle ? Sur Youtube, nous avons rassembl\u00e9 nos vid\u00e9os d'instruction. Pr\u00eat \u00e0 l'emploi !<\/p>","protected":false},"excerpt":{"rendered":"<p>Choisissez l'exp\u00e9diteur de votre message Lorsque vous envoyez un message SMS \u00e0 partir de notre passerelle SMS, vous pouvez choisir vous-m\u00eame l'exp\u00e9diteur. Cela signifie que vous pouvez choisir qui sera l'exp\u00e9diteur lorsque le message arrivera sur le t\u00e9l\u00e9phone du destinataire. Bien s\u00fbr, vous ne pouvez pas choisir SKAT, Nets ou Police comme sur l'image ci-dessus... <a title=\"Exp\u00e9diteur auto-s\u00e9lectionn\u00e9 de votre message\" class=\"read-more\" href=\"https:\/\/suresms.com\/fr\/funktioner\/selvvalgt-afsender-pa-din-besked\/\" aria-label=\"En savoir plus sur Personnaliser l&#039;exp\u00e9diteur de votre message\">En savoir plus<\/a><\/p>","protected":false},"author":1,"featured_media":0,"parent":958,"menu_order":7,"comment_status":"closed","ping_status":"closed","template":"","meta":{"_fl_builder_enabled":"1","_fl_builder_data":null,"_fl_builder_draft":null,"_fl_builder_data_settings":null,"_fl_builder_css":"","_fl_builder_css_version":"","_fl_builder_js":"","footnotes":""},"categories":[17],"tags":[],"class_list":{"0":"post-1070","1":"page","2":"type-page","3":"status-publish","5":"category-linkfracornorstone"},"yoast_head":"<!-- This site is optimized with the Yoast SEO Premium plugin v27.3 (Yoast SEO v27.3) - https:\/\/yoast.com\/product\/yoast-seo-premium-wordpress\/ -->\r\n<title>Send anonym SMS | Send dine beskeder fra selvvalgt afsender<\/title>\r\n<meta name=\"description\" content=\"Find fleksible sms l\u00f8sninger her. Send anonym sms, send sms til hele verden eller send sms til brugere og kunder.\" \/>\r\n<meta name=\"robots\" content=\"index, follow, max-snippet:-1, max-image-preview:large, max-video-preview:-1\" \/>\r\n<link rel=\"canonical\" href=\"https:\/\/suresms.com\/fr\/caracteristiques\/expediteur-auto-selectionne-de-votre-message\/\" \/>\r\n<meta property=\"og:locale\" content=\"fr_FR\" \/>\r\n<meta property=\"og:type\" content=\"article\" \/>\r\n<meta property=\"og:title\" content=\"Selvvalgt afsender p\u00e5 din besked\" \/>\r\n<meta property=\"og:description\" content=\"Find fleksible sms l\u00f8sninger her. Send anonym sms, send sms til hele verden eller send sms til brugere og kunder.\" \/>\r\n<meta property=\"og:url\" content=\"https:\/\/suresms.com\/fr\/caracteristiques\/expediteur-auto-selectionne-de-votre-message\/\" \/>\r\n<meta property=\"article:publisher\" content=\"https:\/\/www.facebook.com\/p\/SureSMS-100044607956149\/\" \/>\r\n<meta property=\"article:modified_time\" content=\"2025-12-03T11:07:56+00:00\" \/>\r\n<meta property=\"og:image\" content=\"https:\/\/suresms.com\/wp-content\/uploads\/2022\/06\/Not-allowed-senderid-1.png\" \/>\r\n<meta name=\"twitter:card\" content=\"summary_large_image\" \/>\r\n<meta name=\"twitter:label1\" content=\"Dur\u00e9e de lecture estim\u00e9e\" \/>\n\t<meta name=\"twitter:data1\" content=\"6 minutes\" \/>\r\n<script type=\"application\/ld+json\" class=\"yoast-schema-graph\">{\"@context\":\"https:\\\/\\\/schema.org\",\"@graph\":[{\"@type\":\"WebPage\",\"@id\":\"https:\\\/\\\/suresms.com\\\/dk\\\/funktioner\\\/selvvalgt-afsender-pa-din-besked\\\/\",\"url\":\"https:\\\/\\\/suresms.com\\\/dk\\\/funktioner\\\/selvvalgt-afsender-pa-din-besked\\\/\",\"name\":\"Send anonym SMS | Send dine beskeder fra selvvalgt afsender\",\"isPartOf\":{\"@id\":\"https:\\\/\\\/suresms.com\\\/en\\\/#website\"},\"primaryImageOfPage\":{\"@id\":\"https:\\\/\\\/suresms.com\\\/dk\\\/funktioner\\\/selvvalgt-afsender-pa-din-besked\\\/#primaryimage\"},\"image\":{\"@id\":\"https:\\\/\\\/suresms.com\\\/dk\\\/funktioner\\\/selvvalgt-afsender-pa-din-besked\\\/#primaryimage\"},\"thumbnailUrl\":\"https:\\\/\\\/suresms.com\\\/wp-content\\\/uploads\\\/2022\\\/06\\\/Not-allowed-senderid-1.png\",\"datePublished\":\"2015-02-26T11:10:48+00:00\",\"dateModified\":\"2025-12-03T11:07:56+00:00\",\"description\":\"Find fleksible sms l\u00f8sninger her. Send anonym sms, send sms til hele verden eller send sms til brugere og kunder.\",\"breadcrumb\":{\"@id\":\"https:\\\/\\\/suresms.com\\\/dk\\\/funktioner\\\/selvvalgt-afsender-pa-din-besked\\\/#breadcrumb\"},\"inLanguage\":\"fr-FR\",\"potentialAction\":[{\"@type\":\"ReadAction\",\"target\":[\"https:\\\/\\\/suresms.com\\\/dk\\\/funktioner\\\/selvvalgt-afsender-pa-din-besked\\\/\"]}]},{\"@type\":\"ImageObject\",\"inLanguage\":\"fr-FR\",\"@id\":\"https:\\\/\\\/suresms.com\\\/dk\\\/funktioner\\\/selvvalgt-afsender-pa-din-besked\\\/#primaryimage\",\"url\":\"https:\\\/\\\/suresms.com\\\/wp-content\\\/uploads\\\/2022\\\/06\\\/Not-allowed-senderid-1.png\",\"contentUrl\":\"https:\\\/\\\/suresms.com\\\/wp-content\\\/uploads\\\/2022\\\/06\\\/Not-allowed-senderid-1.png\"},{\"@type\":\"BreadcrumbList\",\"@id\":\"https:\\\/\\\/suresms.com\\\/dk\\\/funktioner\\\/selvvalgt-afsender-pa-din-besked\\\/#breadcrumb\",\"itemListElement\":[{\"@type\":\"ListItem\",\"position\":1,\"name\":\"Home\",\"item\":\"https:\\\/\\\/suresms.com\\\/dk\\\/\"},{\"@type\":\"ListItem\",\"position\":2,\"name\":\"Funktioner\",\"item\":\"https:\\\/\\\/suresms.com\\\/dk\\\/funktioner\\\/\"},{\"@type\":\"ListItem\",\"position\":3,\"name\":\"Selvvalgt afsender p\u00e5 din besked\"}]},{\"@type\":\"WebSite\",\"@id\":\"https:\\\/\\\/suresms.com\\\/en\\\/#website\",\"url\":\"https:\\\/\\\/suresms.com\\\/en\\\/\",\"name\":\"SureSMS\",\"description\":\"Professionel SMS Gateway\",\"publisher\":{\"@id\":\"https:\\\/\\\/suresms.com\\\/en\\\/#organization\"},\"potentialAction\":[{\"@type\":\"SearchAction\",\"target\":{\"@type\":\"EntryPoint\",\"urlTemplate\":\"https:\\\/\\\/suresms.com\\\/en\\\/?s={search_term_string}\"},\"query-input\":{\"@type\":\"PropertyValueSpecification\",\"valueRequired\":true,\"valueName\":\"search_term_string\"}}],\"inLanguage\":\"fr-FR\"},{\"@type\":\"Organization\",\"@id\":\"https:\\\/\\\/suresms.com\\\/en\\\/#organization\",\"name\":\"SureSMS\",\"url\":\"https:\\\/\\\/suresms.com\\\/en\\\/\",\"logo\":{\"@type\":\"ImageObject\",\"inLanguage\":\"fr-FR\",\"@id\":\"https:\\\/\\\/suresms.com\\\/en\\\/#\\\/schema\\\/logo\\\/image\\\/\",\"url\":\"https:\\\/\\\/suresms.com\\\/wp-content\\\/uploads\\\/2024\\\/11\\\/suresms-300x65-1.png\",\"contentUrl\":\"https:\\\/\\\/suresms.com\\\/wp-content\\\/uploads\\\/2024\\\/11\\\/suresms-300x65-1.png\",\"width\":300,\"height\":65,\"caption\":\"SureSMS\"},\"image\":{\"@id\":\"https:\\\/\\\/suresms.com\\\/en\\\/#\\\/schema\\\/logo\\\/image\\\/\"},\"sameAs\":[\"https:\\\/\\\/www.facebook.com\\\/p\\\/SureSMS-100044607956149\\\/\"]}]}<\/script>\r\n<!-- \/ Yoast SEO Premium plugin. -->","yoast_head_json":{"title":"Envoyer des SMS anonymes | Envoyez vos messages \u00e0 partir de l'exp\u00e9diteur de votre choix","description":"Vous trouverez ici des solutions SMS flexibles. Envoyez des SMS anonymes, envoyez des SMS au monde entier ou envoyez des SMS aux utilisateurs et aux clients.","robots":{"index":"index","follow":"follow","max-snippet":"max-snippet:-1","max-image-preview":"max-image-preview:large","max-video-preview":"max-video-preview:-1"},"canonical":"https:\/\/suresms.com\/fr\/caracteristiques\/expediteur-auto-selectionne-de-votre-message\/","og_locale":"fr_FR","og_type":"article","og_title":"Selvvalgt afsender p\u00e5 din besked","og_description":"Find fleksible sms l\u00f8sninger her. Send anonym sms, send sms til hele verden eller send sms til brugere og kunder.","og_url":"https:\/\/suresms.com\/fr\/caracteristiques\/expediteur-auto-selectionne-de-votre-message\/","article_publisher":"https:\/\/www.facebook.com\/p\/SureSMS-100044607956149\/","article_modified_time":"2025-12-03T11:07:56+00:00","og_image":[{"url":"https:\/\/suresms.com\/wp-content\/uploads\/2022\/06\/Not-allowed-senderid-1.png","type":"","width":"","height":""}],"twitter_card":"summary_large_image","twitter_misc":{"Dur\u00e9e de lecture estim\u00e9e":"6 minutes"},"schema":{"@context":"https:\/\/schema.org","@graph":[{"@type":"WebPage","@id":"https:\/\/suresms.com\/dk\/funktioner\/selvvalgt-afsender-pa-din-besked\/","url":"https:\/\/suresms.com\/dk\/funktioner\/selvvalgt-afsender-pa-din-besked\/","name":"Envoyer des SMS anonymes | Envoyez vos messages \u00e0 partir de l'exp\u00e9diteur de votre choix","isPartOf":{"@id":"https:\/\/suresms.com\/en\/#website"},"primaryImageOfPage":{"@id":"https:\/\/suresms.com\/dk\/funktioner\/selvvalgt-afsender-pa-din-besked\/#primaryimage"},"image":{"@id":"https:\/\/suresms.com\/dk\/funktioner\/selvvalgt-afsender-pa-din-besked\/#primaryimage"},"thumbnailUrl":"https:\/\/suresms.com\/wp-content\/uploads\/2022\/06\/Not-allowed-senderid-1.png","datePublished":"2015-02-26T11:10:48+00:00","dateModified":"2025-12-03T11:07:56+00:00","description":"Vous trouverez ici des solutions SMS flexibles. Envoyez des SMS anonymes, envoyez des SMS au monde entier ou envoyez des SMS aux utilisateurs et aux clients.","breadcrumb":{"@id":"https:\/\/suresms.com\/dk\/funktioner\/selvvalgt-afsender-pa-din-besked\/#breadcrumb"},"inLanguage":"fr-FR","potentialAction":[{"@type":"ReadAction","target":["https:\/\/suresms.com\/dk\/funktioner\/selvvalgt-afsender-pa-din-besked\/"]}]},{"@type":"ImageObject","inLanguage":"fr-FR","@id":"https:\/\/suresms.com\/dk\/funktioner\/selvvalgt-afsender-pa-din-besked\/#primaryimage","url":"https:\/\/suresms.com\/wp-content\/uploads\/2022\/06\/Not-allowed-senderid-1.png","contentUrl":"https:\/\/suresms.com\/wp-content\/uploads\/2022\/06\/Not-allowed-senderid-1.png"},{"@type":"BreadcrumbList","@id":"https:\/\/suresms.com\/dk\/funktioner\/selvvalgt-afsender-pa-din-besked\/#breadcrumb","itemListElement":[{"@type":"ListItem","position":1,"name":"Home","item":"https:\/\/suresms.com\/dk\/"},{"@type":"ListItem","position":2,"name":"Funktioner","item":"https:\/\/suresms.com\/dk\/funktioner\/"},{"@type":"ListItem","position":3,"name":"Selvvalgt afsender p\u00e5 din besked"}]},{"@type":"WebSite","@id":"https:\/\/suresms.com\/en\/#website","url":"https:\/\/suresms.com\/en\/","name":"SureSMS","description":"Passerelle SMS professionnelle","publisher":{"@id":"https:\/\/suresms.com\/en\/#organization"},"potentialAction":[{"@type":"SearchAction","target":{"@type":"EntryPoint","urlTemplate":"https:\/\/suresms.com\/en\/?s={search_term_string}"},"query-input":{"@type":"PropertyValueSpecification","valueRequired":true,"valueName":"search_term_string"}}],"inLanguage":"fr-FR"},{"@type":"Organization","@id":"https:\/\/suresms.com\/en\/#organization","name":"SureSMS","url":"https:\/\/suresms.com\/en\/","logo":{"@type":"ImageObject","inLanguage":"fr-FR","@id":"https:\/\/suresms.com\/en\/#\/schema\/logo\/image\/","url":"https:\/\/suresms.com\/wp-content\/uploads\/2024\/11\/suresms-300x65-1.png","contentUrl":"https:\/\/suresms.com\/wp-content\/uploads\/2024\/11\/suresms-300x65-1.png","width":300,"height":65,"caption":"SureSMS"},"image":{"@id":"https:\/\/suresms.com\/en\/#\/schema\/logo\/image\/"},"sameAs":["https:\/\/www.facebook.com\/p\/SureSMS-100044607956149\/"]}]}},"_links":{"self":[{"href":"https:\/\/suresms.com\/fr\/wp-json\/wp\/v2\/pages\/1070","targetHints":{"allow":["GET"]}}],"collection":[{"href":"https:\/\/suresms.com\/fr\/wp-json\/wp\/v2\/pages"}],"about":[{"href":"https:\/\/suresms.com\/fr\/wp-json\/wp\/v2\/types\/page"}],"author":[{"embeddable":true,"href":"https:\/\/suresms.com\/fr\/wp-json\/wp\/v2\/users\/1"}],"replies":[{"embeddable":true,"href":"https:\/\/suresms.com\/fr\/wp-json\/wp\/v2\/comments?post=1070"}],"version-history":[{"count":9,"href":"https:\/\/suresms.com\/fr\/wp-json\/wp\/v2\/pages\/1070\/revisions"}],"predecessor-version":[{"id":23569,"href":"https:\/\/suresms.com\/fr\/wp-json\/wp\/v2\/pages\/1070\/revisions\/23569"}],"up":[{"embeddable":true,"href":"https:\/\/suresms.com\/fr\/wp-json\/wp\/v2\/pages\/958"}],"wp:attachment":[{"href":"https:\/\/suresms.com\/fr\/wp-json\/wp\/v2\/media?parent=1070"}],"wp:term":[{"taxonomy":"category","embeddable":true,"href":"https:\/\/suresms.com\/fr\/wp-json\/wp\/v2\/categories?post=1070"},{"taxonomy":"post_tag","embeddable":true,"href":"https:\/\/suresms.com\/fr\/wp-json\/wp\/v2\/tags?post=1070"}],"curies":[{"name":"wp","href":"https:\/\/api.w.org\/{rel}","templated":true}]}}