{"id":958,"date":"2015-02-25T14:07:24","date_gmt":"2015-02-25T12:07:24","guid":{"rendered":"https:\/\/www.suresms.com\/dk\/?page_id=958"},"modified":"2025-11-05T08:57:43","modified_gmt":"2025-11-05T08:57:43","slug":"caracteristicas","status":"publish","type":"page","link":"https:\/\/suresms.com\/es\/funktioner\/","title":{"rendered":"Caracter\u00edsticas y funciones"},"content":{"rendered":"<!-- Flexy Breadcrumb -->\r\n\t\t\t<div class=\"fbc fbc-page\">\r\n\r\n\t\t\t\t<!-- Breadcrumb wrapper -->\r\n\t\t\t\t<div class=\"fbc-wrap\">\r\n\r\n\t\t\t\t\t<!-- Ordered list-->\r\n\t\t\t\t\t<ol class=\"fbc-items\" itemscope itemtype=\"https:\/\/schema.org\/BreadcrumbList\">\r\n\t\t\t\t\t\t            <li itemprop=\"itemListElement\" itemscope itemtype=\"https:\/\/schema.org\/ListItem\">\r\n                <span itemprop=\"name\">\r\n                    <!-- Home Link -->\r\n                    <a itemprop=\"item\" href=\"https:\/\/suresms.com\/es\/\">\r\n                    \r\n                                                    <i class=\"fa fa-home\" aria-hidden=\"true\"><\/i>Inicio                    <\/a>\r\n                <\/span>\r\n                <meta itemprop=\"position\" content=\"1\" \/><!-- Meta Position-->\r\n             <\/li><li><span class=\"fbc-separator\">\/<\/span><\/li><li class=\"active\" itemprop=\"itemListElement\" itemscope itemtype=\"https:\/\/schema.org\/ListItem\"><span itemprop=\"name\" title=\"Caracter\u00edsticas y funciones\">Caracter\u00edsticas y funciones<\/span><meta itemprop=\"position\" content=\"2\" \/><\/li>\t\t\t\t\t<\/ol>\r\n\t\t\t\t\t<div class=\"clearfix\"><\/div>\r\n\t\t\t\t<\/div>\r\n\t\t\t<\/div>\r\n\t\t\t\n\t<h1>Caracter\u00edsticas y funciones<\/h1>\n<p>Nuestro sistema de SMS tiene muchas funciones \u00fatiles. Diferentes tipos de clientes utilizan diferentes funciones. Tal vez est\u00e9s buscando una de las funciones que enumeramos a continuaci\u00f3n. Haz clic en la funci\u00f3n para obtener m\u00e1s informaci\u00f3n. Tambi\u00e9n puedes visitar nuestra p\u00e1gina <a href=\"https:\/\/suresms.com\/es\/descargas-de-rama\/\">gu\u00eda del sector<\/a>para ver c\u00f3mo utilizan nuestra soluci\u00f3n distintos sectores.<\/p>\n\t\t<h3><a href=\"https:\/\/suresms.com\/es\/caracteristicas\/enviar-sms-desde-pc\/\"  target=\"_self\">\t\n\tEnviar SMS desde el PC<\/a><\/h3><p>La funci\u00f3n b\u00e1sica de nuestra pasarela SMS es que puedes escribir un SMS desde tu PC y enviarlo igual que env\u00edas un correo electr\u00f3nico. La funci\u00f3n muy b\u00e1sica.<\/p>\n\t\t<h3><a href=\"https:\/\/suresms.com\/es\/caracteristicas\/plantillas-sms\/\"  target=\"_self\">\t\n\tPlantillas de SMS<\/a><\/h3><p>Si env\u00edas muchos mensajes id\u00e9nticos, o casi id\u00e9nticos, las plantillas son para ti. Puede crear todas las plantillas que desee. Con los campos de fusi\u00f3n puedes personalizar tus plantillas.<\/p>\n\t\t<h3><a href=\"https:\/\/suresms.com\/es\/caracteristicas\/autorremitente-de-su-mensaje\/\"  target=\"_self\">\t\n\tID de remitente seleccionada por el usuario<\/a><\/h3><p>Elige cu\u00e1l quieres que sea el remitente de tu mensaje. Por ejemplo, puede ser Coca-Cola. Puede utilizarse para dar a conocer su empresa u organizaci\u00f3n. No se puede responder a los mensajes.<\/p>\n\t\t<h3><a href=\"https:\/\/suresms.com\/es\/caracteristicas\/mensajes-sms-combinados-para-grupos\/\"  target=\"_self\">\t\n\tOpci\u00f3n trenza<\/a><\/h3><p>Fusiona la informaci\u00f3n de la libreta de direcciones en los mensajes. Normalmente se combina el nombre, pero se puede combinar toda la informaci\u00f3n. Por ejemplo, los mec\u00e1nicos fusionan el modelo de coche en los mensajes.<\/p>\n\t\t<h3><a href=\"https:\/\/suresms.com\/es\/caracteristicas\/grupo-sms\/\"  target=\"_self\">\t\n\tGrupo SMS<\/a><\/h3><p>Puedes crear todos los grupos que quieras en SureSMS. Puedes a\u00f1adir todos los contactos que quieras. Enviar un SMS de grupo no puede ser m\u00e1s f\u00e1cil. Se puede hacer con s\u00f3lo unos clics.<\/p>\n\t\t<h3><a href=\"https:\/\/suresms.com\/es\/caracteristicas\/funcion-de-sms-a-sms\/\"  target=\"_self\">\t\n\tSMS-2-SMS<\/a><\/h3><p>Con nuestra soluci\u00f3n de SMS bidireccionales, puedes enviar un SMS que luego se env\u00ede a otro n\u00famero o a todo un grupo.<\/p>\n\t\t<h3><a href=\"https:\/\/suresms.com\/es\/caracteristicas\/recibe-mensajes-de-texto-en-tu-ordenador\/\"  target=\"_self\">\t\n\tRecibir SMS<\/a><\/h3><p>Con 2-way SMS puede recibir SMS en l\u00ednea. Cree un di\u00e1logo con sus clientes o empleados. Reciba pedidos por SMS. Muy utilizado por empresas de trabajo temporal. Reciba SMS en la bandeja de entrada de su correo electr\u00f3nico.<\/p>\n\t\t<h3><a href=\"https:\/\/suresms.com\/es\/caracteristicas\/enviar-mensajes-de-texto-temporizados\/\"  target=\"_self\">\t\n\tProgramar el env\u00edo<\/a><\/h3><p>Aseg\u00farese de llegar a su p\u00fablico objetivo en el momento adecuado. Puede planificar con antelaci\u00f3n y seguir enviando cuando le convenga.<\/p>\n\t\t<h3><a href=\"https:\/\/suresms.com\/es\/caracteristicas\/email2sms-el-camino-mas-facil\/\"  target=\"_self\">\t\n\tcorreo electr\u00f3nico-2-SMS<\/a><\/h3><p>Independientemente del sistema de correo electr\u00f3nico que utilices, puedes utilizar nuestra funci\u00f3n email-2-SMS. Usted env\u00eda un correo electr\u00f3nico a SureSMS y nosotros lo reenviamos como SMS.<\/p>\n\t\t<h3><a href=\"https:\/\/suresms.com\/es\/caracteristicas\/registro-y-supervision-completos\/\"  target=\"_self\">\t\n\tBuz\u00f3n de salida de SMS<\/a><\/h3><p>Vista general completa de todos los mensajes SMS enviados y recibidos. Consulta los hilos con cada destinatario. \u00bfQu\u00e9 mensajes se han entregado y cu\u00e1ndo? Todas las listas se pueden exportar a Excel\/CSV.<\/p>\n\t\t<h3>\t\n\tAdjuntar archivos<\/h3><p>Nuestra plataforma le permite adjuntar archivos. Pueden ser v\u00eddeos, archivos pdf o im\u00e1genes.<\/p>\n\t\t<h3><a href=\"https:\/\/suresms.com\/es\/caracteristicas\/enlace-sms-3\/\"  target=\"_self\">\t\n\tURL de marca<\/a><\/h3><p>Utilice su propio nombre de dominio en los enlaces insertados en sus mensajes. 39% mayor porcentaje de clics y mensajes m\u00e1s fiables son s\u00f3lo algunas de las ventajas.<\/p>\n\t\t<h3><a href=\"https:\/\/suresms.com\/es\/caracteristicas\/enlace-sms\/\"  target=\"_self\">\t\n\tEnlace SMS<\/a><\/h3><p>Inserta enlaces, im\u00e1genes o v\u00eddeos en tus mensajes. Ver estad\u00edsticas sobre cu\u00e1ntas personas han visto el v\u00eddeo. Qui\u00e9n ha hecho clic en el enlace. Por ejemplo, para enviar listas de precios actuales u ofertas especiales.<\/p>\n\t\t<h3>\t\n\tInformes<\/h3><p>Obt\u00e9n una visi\u00f3n completa de cu\u00e1nto has enviado y cu\u00e1ndo. Consulta tambi\u00e9n las cifras de ventas de Shopify en los informes.<\/p>\n\t\t<h3><a href=\"https:\/\/suresms.com\/es\/caracteristicas\/sms-internacionales\/\"  target=\"_self\">\t\n\tSMS a todo el mundo<\/a><\/h3><p>Las conexiones con m\u00e1s de 1900 operadores de todo el mundo garantizan la entrega de su mensaje. Tenemos una entrega especialmente buena en los pa\u00edses n\u00f3rdicos y el norte de Europa.<\/p>\n\t\t<h3><a href=\"https:\/\/suresms.com\/es\/caracteristicas\/formulario-de-inscripcion\/\"  target=\"_self\">\t\n\tListas de inscripci\u00f3n sencillas<\/a><\/h3><p>Incruste el formulario de inscripci\u00f3n en su sitio web, mediante c\u00f3digos QR o enviando un SMS. Facilita a tus destinatarios la inscripci\u00f3n en tus listas y obt\u00e9n informaci\u00f3n valiosa.<\/p>\n\t\t<h3><a href=\"https:\/\/suresms.com\/es\/caracteristicas\/registro-de-mensajes-de-texto\/\"  target=\"_self\">\t\n\tRegistro de SMS<\/a><\/h3><p>Con nuestra soluci\u00f3n de SMS bidireccionales, puedes enviar un SMS que luego se env\u00ede a otro n\u00famero o a todo un grupo.<\/p>\n\t\t<h3>Enviar SMS<\/h3>\n\t\t\t\t<img decoding=\"async\" src=\"https:\/\/suresms.com\/wp-content\/uploads\/2015\/02\/sky-250x100pix.jpg\" alt=\"Pasarela SMS enviar sms online\" itemprop=\"image\" height=\"100\" width=\"250\" title=\"cielo-250x100pix\" onerror=\"this.style.display='none'\" loading=\"lazy\" \/>\n<ul>\n<li>\n<ul>\n<li><a title=\"Enviar SMS en l\u00ednea\" href=\"https:\/\/suresms.com\/es\/caracteristicas\/enviar-sms-desde-pc\/\">Enviar SMS a trav\u00e9s de nuestro portal web<\/a><\/li>\n<\/ul>\n<\/li>\n<\/ul>\n<ul>\n<li>\n<ul>\n<li><a title=\"Soluci\u00f3n SMS internacional\" href=\"https:\/\/suresms.com\/es\/caracteristicas\/sms-internacionales\/\">SMS a todo el mundo<\/a><\/li>\n<\/ul>\n<\/li>\n<\/ul>\n<ul>\n<li>\n<ul>\n<li><a title=\"Autorremitente de su mensaje\" href=\"https:\/\/suresms.com\/es\/caracteristicas\/autorremitente-de-su-mensaje\/\">Remitente autoseleccionado en tus SMS<\/a><\/li>\n<\/ul>\n<\/li>\n<\/ul>\n<ul>\n<li>\n<ul>\n<li><a title=\"Plantillas de SMS\" href=\"https:\/\/suresms.com\/es\/caracteristicas\/plantillas-sms\/\">Plantillas de SMS<\/a><\/li>\n<\/ul>\n<\/li>\n<\/ul>\n<ul>\n<li>\n<ul>\n<li><a title=\"Enviar mensajes SMS temporizados\" href=\"https:\/\/suresms.com\/es\/caracteristicas\/enviar-mensajes-de-texto-temporizados\/\">Mensajes SMS cronometrados<\/a><\/li>\n<\/ul>\n<\/li>\n<\/ul>\n<ul>\n<li>\n<ul>\n<li><a title=\"email2sms - la soluci\u00f3n f\u00e1cil\" href=\"https:\/\/suresms.com\/es\/caracteristicas\/email2sms-el-camino-mas-facil\/\">Correo electr\u00f3nico 2 SMS<\/a><\/li>\n<\/ul>\n<\/li>\n<\/ul>\n<ul>\n<li>\n<ul>\n<li><a href=\"https:\/\/suresms.com\/es\/integraciones\/correo_y_calendario\/sms-outlook-addin\/\">Enviar SMS desde Outlook<\/a><\/li>\n<\/ul>\n<\/li>\n<\/ul>\n<ul>\n\n<\/ul>\n<p>&nbsp;<\/p>\n\t\t<h3>GRUPO-SMS<\/h3>\n\t\t\t\t<img decoding=\"async\" src=\"https:\/\/suresms.com\/wp-content\/uploads\/2015\/02\/GruppeSMS-250x100-pix.jpg\" alt=\"Funciones de la pasarela SMS SMS de grupo\" itemprop=\"image\" height=\"100\" width=\"250\" title=\"GroupSMS 250x100 p\u00edxeles\" onerror=\"this.style.display='none'\" loading=\"lazy\" \/>\n<ul>\n<li>\n<ul>\n<li><a title=\"GroupSMS: Crear y enviar a grupos\" href=\"https:\/\/suresms.com\/es\/caracteristicas\/grupo-sms\/\">Crear y enviar SMS de grupo<\/a><\/li>\n<\/ul>\n<\/li>\n<\/ul>\n<ul>\n<li>\n<ul>\n<li><a title=\"Importar contactos\" href=\"https:\/\/suresms.com\/es\/docs\/cuenta-4\/nombre-de-la-estacion-7\/\">Importar contactos<\/a><\/li>\n<\/ul>\n<\/li>\n<\/ul>\n<ul>\n<li>\n<ul>\n<li><a title=\"Contactos y grupos ilimitados\" href=\"https:\/\/suresms.com\/es\/docs\/cuenta-4\/nombre-de-la-estacion-6\/\">N\u00famero ilimitado de destinatarios \/ grupos<\/a><\/li>\n<\/ul>\n<\/li>\n<\/ul>\n<ul>\n<li>\n<ul>\n<li><a title=\"Fusi\u00f3n de mensajes SMS a grupos\" href=\"https:\/\/suresms.com\/es\/mensajes-sms-combinados-para-grupos\/\">Fusionar nombre de destinatario en SMS de grupo<\/a><\/li>\n<\/ul>\n<\/li>\n<\/ul>\n<ul>\n<li>\n<ul>\n<li><a title=\"Formularios de inscripci\u00f3n WEB\" href=\"https:\/\/suresms.com\/es\/formulario-de-inscripcion\/\">Suscripci\u00f3n \/ baja de listas v\u00eda WEB<\/a><\/li>\n<\/ul>\n<\/li>\n<\/ul>\n<ul>\n<li>\n<ul>\n<li><a title=\"Suscripci\u00f3n\/cancelaci\u00f3n de listas por SMS\" href=\"https:\/\/suresms.com\/es\/formulario-de-inscripcion\/\">Suscripci\u00f3n\/cancelaci\u00f3n de listas por SMS<\/a><\/li>\n<\/ul>\n<\/li>\n<\/ul>\n\t\t<h3>PARA DESARROLLADORES<\/h3>\n\t\t\t\t<img decoding=\"async\" src=\"https:\/\/suresms.com\/wp-content\/uploads\/2015\/02\/Udviklere-250x100-pix.jpg\" alt=\"API para desarrolladores de funciones SMS\" itemprop=\"image\" height=\"100\" width=\"250\" title=\"Desarrolladores 250x100 pix\" onerror=\"this.style.display='none'\" loading=\"lazy\" \/>\n<ul>\n<li>\n<ul>\n<li><a title=\"API de SMS para desarrolladores\" href=\"https:\/\/developer.suresms.com\">API\u00a0<\/a><\/li>\n<\/ul>\n<\/li>\n<\/ul>\n<ul>\n<li>\n<ul>\n<li><a title=\"Funciones SMS bidireccionales\" href=\"https:\/\/suresms.com\/es\/caracteristicas\/recibe-mensajes-de-texto-en-tu-ordenador\/\">SMS entrantes bidireccionales<\/a><\/li>\n<\/ul>\n<\/li>\n<\/ul>\n<ul>\n<li>\n<ul>\n<li><a title=\"SMS bidireccionales con Hosted SIM\" href=\"https:\/\/suresms.com\/es\/descarga-de-sms-bidireccionales-con-sim-alojada\/\">Acerca de Hosted SIM<\/a><\/li>\n<\/ul>\n<\/li>\n<\/ul>\n<ul>\n<li>\n<ul>\n<li><a title=\"Funci\u00f3n SMS a SMS\" href=\"https:\/\/suresms.com\/es\/funcion-de-sms-a-sms\/\">SMS a SMS<\/a><\/li>\n<\/ul>\n<\/li>\n<\/ul>\n<ul>\n<li>\n<ul>\n<li><a title=\"Integraciones de SMS\" href=\"https:\/\/suresms.com\/es\/integraciones\/\">Integraciones<\/a><\/li>\n<\/ul>\n<\/li>\n<\/ul>\n<ul>\n<li>\n<ul>\n<li><a href=\"http:\/\/developer.suresms.com\/\">Documentaci\u00f3n<\/a><\/li>\n<\/ul>\n<\/li>\n<\/ul>\n<p>&nbsp;<\/p>\n\t\t<h3>SEGURIDAD<\/h3>\n\t\t\t\t<img decoding=\"async\" src=\"https:\/\/suresms.com\/wp-content\/uploads\/2015\/02\/Sikkerhed-250x100-pix.jpg\" alt=\"Pasarela SMS sobre seguridad\" itemprop=\"image\" height=\"100\" width=\"250\" title=\"Seguridad 250x100 p\u00edxeles\" onerror=\"this.style.display='none'\" loading=\"lazy\" \/>\n<ul>\n<li>\n<ul>\n<li><a title=\"Seguridad y protecci\u00f3n\" href=\"https:\/\/suresms.com\/es\/seguridad\/\">Seguridad y protecci\u00f3n<\/a><\/li>\n<\/ul>\n<\/li>\n<\/ul>\n<ul>\n<li>\n<ul>\n<li><a title=\"Registro y seguimiento completos\" href=\"https:\/\/suresms.com\/es\/registro-y-supervision-completos\/\">Registro y seguimiento completos<\/a><\/li>\n<\/ul>\n<\/li>\n<\/ul>\n<ul>\n<li>\n<ul>\n<li><a title=\"Supervisi\u00f3n\" href=\"https:\/\/suresms.com\/es\/control\/\">Supervisi\u00f3n<\/a><\/li>\n<\/ul>\n<\/li>\n<\/ul>\n<ul>\n<li>\n<ul>\n<li><a href=\"https:\/\/suresms.com\/es\/caracteristicas\/registro-de-mensajes-de-texto\/\">Diario<\/a><\/li>\n<\/ul>\n<\/li>\n<\/ul>\n<ul>\n<li>\n<ul>\n<li><a href=\"https:\/\/suresms.com\/es\/caracteristicas\/sms-internacionales-2\/\">RCP-Abrir<\/a><\/li>\n<\/ul>\n<\/li>\n<\/ul>\n<ul>\n<li>\n<ul>\n<li><a title=\"Asistencia telef\u00f3nica y por correo electr\u00f3nico 24 horas al d\u00eda, 7 d\u00edas a la semana\" href=\"https:\/\/suresms.com\/es\/soporte-suresms\/\">Asistencia por correo electr\u00f3nico y tel\u00e9fono<\/a><\/li>\n<\/ul>\n<\/li>\n<\/ul>\n<p>&nbsp;<\/p>\n\t\t<h3>\u00bfTiene dudas sobre algo?<\/h3>\n\t\t<p>Siempre puedes utilizar nuestra ayuda en l\u00ednea o escribir a nuestro chat\/l\u00ednea de ayuda en nuestro sitio web. Estamos preparados para responder a tus preguntas y ayudarte a empezar.<\/p>\n\t\t\t<a href=\"https:\/\/suresms.com\/es\/pongase-en-contacto-con\/\" target=\"_self\">\n\t\t\t\t\t\t\tVer informaci\u00f3n de contacto\n\t\t\t\t\t<\/a>\n<h3><b>En la actualidad, nuestros clientes nos utilizan para:<\/b><\/h3>\n<ul>\n<li>Recordatorios por SMS<\/li>\n<li>Contrase\u00f1a \u00fanica<\/li>\n<li>Control del tr\u00e1fico<\/li>\n<li>Clubes de clientes y noticias SMS<\/li>\n<li>Marketing m\u00f3vil<\/li>\n<li>Votar<\/li>\n<li>Concursos\u00a0<\/li>\n<\/ul>\n\t\t\t\t<img decoding=\"async\" src=\"https:\/\/suresms.com\/wp-content\/uploads\/2024\/09\/Glen100x118.png\" alt=\"Glen100x118\" itemprop=\"image\" title=\"Glen100x118\" onerror=\"this.style.display='none'\" loading=\"lazy\" \/>\n\t\t\t<a href=\"https:\/\/calendly.com\/gm--nzwp\/30min\" target=\"_self\">\n\t\t\t\t\t\t\tReservar una demostraci\u00f3n\n\t\t\t\t\t<\/a>\n\t<p>con Glen<\/p>","protected":false},"excerpt":{"rendered":"<p>Caracter\u00edsticas y funciones Nuestro sistema de SMS tiene muchas caracter\u00edsticas \u00fatiles. Diferentes tipos de clientes utilizan diferentes funciones. Tal vez est\u00e9s buscando una de las funciones que enumeramos a continuaci\u00f3n. Haz clic en la funci\u00f3n para obtener m\u00e1s informaci\u00f3n. Tambi\u00e9n puedes visitar nuestra gu\u00eda de sectores para ver c\u00f3mo utilizan nuestra soluci\u00f3n los distintos sectores. Enviar ... <a title=\"Caracter\u00edsticas y funciones\" class=\"read-more\" href=\"https:\/\/suresms.com\/es\/funktioner\/\" aria-label=\"Leer m\u00e1s sobre Funciones\">M\u00e1s informaci\u00f3n<\/a><\/p>","protected":false},"author":1,"featured_media":0,"parent":0,"menu_order":3,"comment_status":"closed","ping_status":"closed","template":"","meta":{"_fl_builder_enabled":"1","_fl_builder_data":null,"_fl_builder_draft":null,"_fl_builder_data_settings":null,"_fl_builder_css":"","_fl_builder_css_version":"","_fl_builder_js":"","footnotes":""},"categories":[],"tags":[],"class_list":["post-958","page","type-page","status-publish"],"yoast_head":"<!-- This site is optimized with the Yoast SEO Premium plugin v27.3 (Yoast SEO v27.3) - https:\/\/yoast.com\/product\/yoast-seo-premium-wordpress\/ -->\r\n<title>Funktioner i vores online SMS platform<\/title>\r\n<meta name=\"description\" content=\"Her kan du se mange af de funktioner vi tilbyder i vores SMS platform. Lister, grupper, adressebog, keywords, tovejs sms og meget mere...\" \/>\r\n<meta name=\"robots\" content=\"index, follow, max-snippet:-1, max-image-preview:large, max-video-preview:-1\" \/>\r\n<link rel=\"canonical\" href=\"https:\/\/suresms.com\/es\/caracteristicas\/\" \/>\r\n<meta property=\"og:locale\" content=\"es_ES\" \/>\r\n<meta property=\"og:type\" content=\"article\" \/>\r\n<meta property=\"og:title\" content=\"Fleksibele SMS l\u00f8sninger til udviklere og virksomheder\" \/>\r\n<meta property=\"og:description\" content=\"Se de mange funktioner og features, som f\u00f8lger med vores SureSMS L\u00f8sning. Find inspiration til , hvordan du let kan bruge SMS&#039;er til kkommunikation med alle typer brugere og systemer.\" \/>\r\n<meta property=\"og:url\" content=\"https:\/\/suresms.com\/es\/caracteristicas\/\" \/>\r\n<meta property=\"article:publisher\" content=\"https:\/\/www.facebook.com\/p\/SureSMS-100044607956149\/\" \/>\r\n<meta property=\"article:modified_time\" content=\"2025-11-05T08:57:43+00:00\" \/>\r\n<meta property=\"og:image\" content=\"https:\/\/suresms.com\/wp-content\/uploads\/2016\/06\/SMS-til-butikker.jpg\" \/>\r\n\t<meta property=\"og:image:width\" content=\"400\" \/>\r\n\t<meta property=\"og:image:height\" content=\"266\" \/>\r\n\t<meta property=\"og:image:type\" content=\"image\/jpeg\" \/>\r\n<meta name=\"twitter:card\" content=\"summary_large_image\" \/>\r\n<meta name=\"twitter:title\" content=\"Funktioner\" \/>\r\n<meta name=\"twitter:label1\" content=\"Tiempo de lectura\" \/>\n\t<meta name=\"twitter:data1\" content=\"10 minutos\" \/>\r\n<script type=\"application\/ld+json\" class=\"yoast-schema-graph\">{\"@context\":\"https:\\\/\\\/schema.org\",\"@graph\":[{\"@type\":\"WebPage\",\"@id\":\"https:\\\/\\\/suresms.com\\\/dk\\\/funktioner\\\/\",\"url\":\"https:\\\/\\\/suresms.com\\\/dk\\\/funktioner\\\/\",\"name\":\"Funktioner i vores online SMS platform\",\"isPartOf\":{\"@id\":\"https:\\\/\\\/suresms.com\\\/en\\\/#website\"},\"primaryImageOfPage\":{\"@id\":\"https:\\\/\\\/suresms.com\\\/dk\\\/funktioner\\\/#primaryimage\"},\"image\":{\"@id\":\"https:\\\/\\\/suresms.com\\\/dk\\\/funktioner\\\/#primaryimage\"},\"thumbnailUrl\":\"https:\\\/\\\/suresms.com\\\/wp-content\\\/uploads\\\/2015\\\/02\\\/sky-250x100pix.jpg\",\"datePublished\":\"2015-02-25T12:07:24+00:00\",\"dateModified\":\"2025-11-05T08:57:43+00:00\",\"description\":\"Her kan du se mange af de funktioner vi tilbyder i vores SMS platform. Lister, grupper, adressebog, keywords, tovejs sms og meget mere...\",\"breadcrumb\":{\"@id\":\"https:\\\/\\\/suresms.com\\\/dk\\\/funktioner\\\/#breadcrumb\"},\"inLanguage\":\"es\",\"potentialAction\":[{\"@type\":\"ReadAction\",\"target\":[\"https:\\\/\\\/suresms.com\\\/dk\\\/funktioner\\\/\"]}]},{\"@type\":\"ImageObject\",\"inLanguage\":\"es\",\"@id\":\"https:\\\/\\\/suresms.com\\\/dk\\\/funktioner\\\/#primaryimage\",\"url\":\"https:\\\/\\\/suresms.com\\\/wp-content\\\/uploads\\\/2015\\\/02\\\/sky-250x100pix.jpg\",\"contentUrl\":\"https:\\\/\\\/suresms.com\\\/wp-content\\\/uploads\\\/2015\\\/02\\\/sky-250x100pix.jpg\"},{\"@type\":\"BreadcrumbList\",\"@id\":\"https:\\\/\\\/suresms.com\\\/dk\\\/funktioner\\\/#breadcrumb\",\"itemListElement\":[{\"@type\":\"ListItem\",\"position\":1,\"name\":\"Home\",\"item\":\"https:\\\/\\\/suresms.com\\\/dk\\\/\"},{\"@type\":\"ListItem\",\"position\":2,\"name\":\"Funktioner\"}]},{\"@type\":\"WebSite\",\"@id\":\"https:\\\/\\\/suresms.com\\\/en\\\/#website\",\"url\":\"https:\\\/\\\/suresms.com\\\/en\\\/\",\"name\":\"SureSMS\",\"description\":\"Professionel SMS Gateway\",\"publisher\":{\"@id\":\"https:\\\/\\\/suresms.com\\\/en\\\/#organization\"},\"potentialAction\":[{\"@type\":\"SearchAction\",\"target\":{\"@type\":\"EntryPoint\",\"urlTemplate\":\"https:\\\/\\\/suresms.com\\\/en\\\/?s={search_term_string}\"},\"query-input\":{\"@type\":\"PropertyValueSpecification\",\"valueRequired\":true,\"valueName\":\"search_term_string\"}}],\"inLanguage\":\"es\"},{\"@type\":\"Organization\",\"@id\":\"https:\\\/\\\/suresms.com\\\/en\\\/#organization\",\"name\":\"SureSMS\",\"url\":\"https:\\\/\\\/suresms.com\\\/en\\\/\",\"logo\":{\"@type\":\"ImageObject\",\"inLanguage\":\"es\",\"@id\":\"https:\\\/\\\/suresms.com\\\/en\\\/#\\\/schema\\\/logo\\\/image\\\/\",\"url\":\"https:\\\/\\\/suresms.com\\\/wp-content\\\/uploads\\\/2024\\\/11\\\/suresms-300x65-1.png\",\"contentUrl\":\"https:\\\/\\\/suresms.com\\\/wp-content\\\/uploads\\\/2024\\\/11\\\/suresms-300x65-1.png\",\"width\":300,\"height\":65,\"caption\":\"SureSMS\"},\"image\":{\"@id\":\"https:\\\/\\\/suresms.com\\\/en\\\/#\\\/schema\\\/logo\\\/image\\\/\"},\"sameAs\":[\"https:\\\/\\\/www.facebook.com\\\/p\\\/SureSMS-100044607956149\\\/\"]}]}<\/script>\r\n<!-- \/ Yoast SEO Premium plugin. -->","yoast_head_json":{"title":"Caracter\u00edsticas de nuestra plataforma de SMS en l\u00ednea","description":"Aqu\u00ed puedes ver muchas de las funciones que ofrecemos en nuestra plataforma de SMS. Listas, grupos, libreta de direcciones, palabras clave, SMS bidireccionales y mucho m\u00e1s...","robots":{"index":"index","follow":"follow","max-snippet":"max-snippet:-1","max-image-preview":"max-image-preview:large","max-video-preview":"max-video-preview:-1"},"canonical":"https:\/\/suresms.com\/es\/caracteristicas\/","og_locale":"es_ES","og_type":"article","og_title":"Fleksibele SMS l\u00f8sninger til udviklere og virksomheder","og_description":"Se de mange funktioner og features, som f\u00f8lger med vores SureSMS L\u00f8sning. Find inspiration til , hvordan du let kan bruge SMS'er til kkommunikation med alle typer brugere og systemer.","og_url":"https:\/\/suresms.com\/es\/caracteristicas\/","article_publisher":"https:\/\/www.facebook.com\/p\/SureSMS-100044607956149\/","article_modified_time":"2025-11-05T08:57:43+00:00","og_image":[{"width":400,"height":266,"url":"https:\/\/suresms.com\/wp-content\/uploads\/2016\/06\/SMS-til-butikker.jpg","type":"image\/jpeg"}],"twitter_card":"summary_large_image","twitter_title":"Funktioner","twitter_misc":{"Tiempo de lectura":"10 minutos"},"schema":{"@context":"https:\/\/schema.org","@graph":[{"@type":"WebPage","@id":"https:\/\/suresms.com\/dk\/funktioner\/","url":"https:\/\/suresms.com\/dk\/funktioner\/","name":"Caracter\u00edsticas de nuestra plataforma de SMS en l\u00ednea","isPartOf":{"@id":"https:\/\/suresms.com\/en\/#website"},"primaryImageOfPage":{"@id":"https:\/\/suresms.com\/dk\/funktioner\/#primaryimage"},"image":{"@id":"https:\/\/suresms.com\/dk\/funktioner\/#primaryimage"},"thumbnailUrl":"https:\/\/suresms.com\/wp-content\/uploads\/2015\/02\/sky-250x100pix.jpg","datePublished":"2015-02-25T12:07:24+00:00","dateModified":"2025-11-05T08:57:43+00:00","description":"Aqu\u00ed puedes ver muchas de las funciones que ofrecemos en nuestra plataforma de SMS. Listas, grupos, libreta de direcciones, palabras clave, SMS bidireccionales y mucho m\u00e1s...","breadcrumb":{"@id":"https:\/\/suresms.com\/dk\/funktioner\/#breadcrumb"},"inLanguage":"es","potentialAction":[{"@type":"ReadAction","target":["https:\/\/suresms.com\/dk\/funktioner\/"]}]},{"@type":"ImageObject","inLanguage":"es","@id":"https:\/\/suresms.com\/dk\/funktioner\/#primaryimage","url":"https:\/\/suresms.com\/wp-content\/uploads\/2015\/02\/sky-250x100pix.jpg","contentUrl":"https:\/\/suresms.com\/wp-content\/uploads\/2015\/02\/sky-250x100pix.jpg"},{"@type":"BreadcrumbList","@id":"https:\/\/suresms.com\/dk\/funktioner\/#breadcrumb","itemListElement":[{"@type":"ListItem","position":1,"name":"Home","item":"https:\/\/suresms.com\/dk\/"},{"@type":"ListItem","position":2,"name":"Funktioner"}]},{"@type":"WebSite","@id":"https:\/\/suresms.com\/en\/#website","url":"https:\/\/suresms.com\/en\/","name":"SureSMS","description":"Pasarela SMS profesional","publisher":{"@id":"https:\/\/suresms.com\/en\/#organization"},"potentialAction":[{"@type":"SearchAction","target":{"@type":"EntryPoint","urlTemplate":"https:\/\/suresms.com\/en\/?s={search_term_string}"},"query-input":{"@type":"PropertyValueSpecification","valueRequired":true,"valueName":"search_term_string"}}],"inLanguage":"es"},{"@type":"Organization","@id":"https:\/\/suresms.com\/en\/#organization","name":"SureSMS","url":"https:\/\/suresms.com\/en\/","logo":{"@type":"ImageObject","inLanguage":"es","@id":"https:\/\/suresms.com\/en\/#\/schema\/logo\/image\/","url":"https:\/\/suresms.com\/wp-content\/uploads\/2024\/11\/suresms-300x65-1.png","contentUrl":"https:\/\/suresms.com\/wp-content\/uploads\/2024\/11\/suresms-300x65-1.png","width":300,"height":65,"caption":"SureSMS"},"image":{"@id":"https:\/\/suresms.com\/en\/#\/schema\/logo\/image\/"},"sameAs":["https:\/\/www.facebook.com\/p\/SureSMS-100044607956149\/"]}]}},"_links":{"self":[{"href":"https:\/\/suresms.com\/es\/wp-json\/wp\/v2\/pages\/958","targetHints":{"allow":["GET"]}}],"collection":[{"href":"https:\/\/suresms.com\/es\/wp-json\/wp\/v2\/pages"}],"about":[{"href":"https:\/\/suresms.com\/es\/wp-json\/wp\/v2\/types\/page"}],"author":[{"embeddable":true,"href":"https:\/\/suresms.com\/es\/wp-json\/wp\/v2\/users\/1"}],"replies":[{"embeddable":true,"href":"https:\/\/suresms.com\/es\/wp-json\/wp\/v2\/comments?post=958"}],"version-history":[{"count":35,"href":"https:\/\/suresms.com\/es\/wp-json\/wp\/v2\/pages\/958\/revisions"}],"predecessor-version":[{"id":23524,"href":"https:\/\/suresms.com\/es\/wp-json\/wp\/v2\/pages\/958\/revisions\/23524"}],"wp:attachment":[{"href":"https:\/\/suresms.com\/es\/wp-json\/wp\/v2\/media?parent=958"}],"wp:term":[{"taxonomy":"category","embeddable":true,"href":"https:\/\/suresms.com\/es\/wp-json\/wp\/v2\/categories?post=958"},{"taxonomy":"post_tag","embeddable":true,"href":"https:\/\/suresms.com\/es\/wp-json\/wp\/v2\/tags?post=958"}],"curies":[{"name":"wp","href":"https:\/\/api.w.org\/{rel}","templated":true}]}}