{"id":9527,"date":"2020-05-13T12:28:25","date_gmt":"2020-05-13T10:28:25","guid":{"rendered":"https:\/\/www.suresms.com\/dk\/?page_id=9527"},"modified":"2026-03-05T12:27:31","modified_gmt":"2026-03-05T12:27:31","slug":"subprocesadores","status":"publish","type":"page","link":"https:\/\/suresms.com\/es\/ressourcer\/gdpr\/underdatabehandlere\/","title":{"rendered":"Subprocesadores"},"content":{"rendered":"<!-- Flexy Breadcrumb -->\r\n\t\t\t<div class=\"fbc fbc-page\">\r\n\r\n\t\t\t\t<!-- Breadcrumb wrapper -->\r\n\t\t\t\t<div class=\"fbc-wrap\">\r\n\r\n\t\t\t\t\t<!-- Ordered list-->\r\n\t\t\t\t\t<ol class=\"fbc-items\" itemscope itemtype=\"https:\/\/schema.org\/BreadcrumbList\">\r\n\t\t\t\t\t\t            <li itemprop=\"itemListElement\" itemscope itemtype=\"https:\/\/schema.org\/ListItem\">\r\n                <span itemprop=\"name\">\r\n                    <!-- Home Link -->\r\n                    <a itemprop=\"item\" href=\"https:\/\/suresms.com\/es\/\">\r\n                    \r\n                                                    <i class=\"fa fa-home\" aria-hidden=\"true\"><\/i>Inicio                    <\/a>\r\n                <\/span>\r\n                <meta itemprop=\"position\" content=\"1\" \/><!-- Meta Position-->\r\n             <\/li><li><span class=\"fbc-separator\">\/<\/span><\/li><li class=\"active\" itemprop=\"itemListElement\" itemscope itemtype=\"https:\/\/schema.org\/ListItem\"><span itemprop=\"name\" title=\"Subprocesadores\">Subprocesadores<\/span><meta itemprop=\"position\" content=\"2\" \/><\/li>\t\t\t\t\t<\/ol>\r\n\t\t\t\t\t<div class=\"clearfix\"><\/div>\r\n\t\t\t\t<\/div>\r\n\t\t\t<\/div>\r\n\t\t\t\n\t<h1><strong>SUBPROCESADORES<\/strong><\/h1>\n\t<p>&nbsp;<\/p>\n<table width=\"1078\">\n<tbody>\n<tr>\n<td width=\"309\">\u00daltima actualizaci\u00f3n:<br \/>\n2020-04-21\n\u00daltima aprobaci\u00f3n:<br \/>\n2026-03-05<\/td>\n<td width=\"283\"><\/td>\n<td width=\"166\"><\/td>\n<\/tr>\n<tr>\n\n\n\n<\/tr>\n<tr>\n<td><strong>Subprocesador<\/strong><\/td>\n<td><strong>Direcci\u00f3n<\/strong><\/td>\n<td><strong>Utilizado para<\/strong><\/td>\n<\/tr>\n<tr>\n<td>AMAZON<\/td>\n<td width=\"283\">Regi\u00f3n de Europa (Fr\u00e1ncfort)<br \/>\n60313 Fr\u00e1ncfort del Meno<br \/>\nAlemania<\/td>\n<td>Centro de almacenamiento de datos<br \/>\n<a href=\"https:\/\/aws.amazon.com\/compliance\/gdpr-center\/\">M\u00e1s informaci\u00f3n sobre AWS y el GDPR<\/a><\/td>\n<\/tr>\n<tr>\n<td>Epay<\/td>\n<td width=\"283\">Bambora Online A\/S<br \/>\nAlfred Nobels Vej 21 A, 1.<br \/>\nDK-9220 Aalborg Este<br \/>\nDinamarca<\/td>\n<td>Soluciones de pago<\/td>\n<\/tr>\n<tr>\n<td>E-conom\u00eda Visma<\/td>\n<td width=\"283\">Langebrogade 1<br \/>\n1411 Copenhague K, Dinamarca<br \/>\nDinamarca<\/td>\n<td>Econom\u00eda<\/td>\n<\/tr>\n<tr>\n<td>Servicio de facturaci\u00f3n<\/td>\n<td width=\"283\">Dinamarca Carretera 26<br \/>\n8660 Skanderborg, Dinamarca<br \/>\nDinamarca<\/td>\n<td>Sistema de facturaci\u00f3n<\/td>\n<\/tr>\n<tr>\n<td>Zendesk<\/td>\n<td width=\"283\">Snaregade 12<br \/>\n1205 Copenhague<br \/>\nDinamarca<\/td>\n<td>Ayuda<\/td>\n<\/tr>\n<tr>\n<td>Omstil.com<\/td>\n<td width=\"283\">Virum Overdrevsvej 23<br \/>\nDK-2830 Virum<br \/>\nDinamarca<\/td>\n<td>Sistema de conversi\u00f3n<\/td>\n<\/tr>\n<tr>\n<td>SimplyCRM<\/td>\n<td width=\"283\">Vesterbrogade 26<br \/>\n1620 Copenhague V<br \/>\nDinamarca<\/td>\n<td>Sistema CRM<\/td>\n<\/tr>\n<\/tbody>\n<\/table>\n<p>&nbsp;<\/p>\n<p>Los operadores de telecomunicaciones son proveedores de servicios de comunicaci\u00f3n electr\u00f3nica (SCE). Los operadores ofrecen a los clientes conexiones directas a los servicios de mensajer\u00eda a trav\u00e9s de protocolos de telecomunicaciones como HTTPS. Dicha transmisi\u00f3n no es una \"transferencia\" de datos personales con arreglo al RGPD, sino una actividad distinta y separada, en virtud de la cual los datos de la transmisi\u00f3n est\u00e1n protegidos por obligaciones de confidencialidad<\/p>\nLos derechos a la intimidad y la confidencialidad est\u00e1n protegidos por varios art\u00edculos de la Carta de los Derechos Fundamentales de la Uni\u00f3n Europea:<br \/>\n1. el derecho a la confidencialidad est\u00e1 protegido por el art\u00edculo 7.<br \/>\n2. El derecho a la intimidad se establece en el art\u00edculo 8.\nA este respecto, las ECS deben considerarse responsables del tratamiento de datos porque est\u00e1n sujetas a normas espec\u00edficas de protecci\u00f3n de datos (confidencialidad frente a privacidad). Al proporcionar ECS, los datos son tratados de forma opaca por el proveedor de ECS, es decir, la transmisi\u00f3n<br \/>\nde se\u00f1ales\/mensajes\/voz y facturaci\u00f3n del servicio de transmisi\u00f3n.\n<p>Por lo tanto, los proveedores de ECS y ECN (red de comunicaci\u00f3n electr\u00f3nica) no proporcionan procesamiento de datos en nombre del cliente y las disposiciones de los acuerdos de procesamiento de datos no son adecuadas para la prestaci\u00f3n de ECS.<\/p>\n<p>El art\u00edculo 95 del RGPD establece que el Reglamento no impondr\u00e1 obligaciones a los proveedores de SCE p\u00fablicos y a los operadores de redes p\u00fablicas que superen las obligaciones ya establecidas en la Directiva sobre privacidad y comunicaciones electr\u00f3nicas.<\/p>\n<p>Los proveedores de SCE tienen prohibido advertir el contenido de cualquier comunicaci\u00f3n que difundan, incluidos los datos personales que puedan formar parte de dicha comunicaci\u00f3n (v\u00e9ase el art\u00edculo 5 de la Directiva 2002\/58\/CE sobre la privacidad y las comunicaciones electr\u00f3nicas), a menos que una de las partes que intervienen en la transmisi\u00f3n haya dado su consentimiento formal.<\/p>\n<p>En consecuencia, los datos personales incluidos en las comunicaciones mediadas no son revelados ni \"tratados\" por ellos. De lo contrario, todo proveedor de servicios de telefon\u00eda ser\u00eda considerado encargado del tratamiento por cada llamada telef\u00f3nica que crea para la persona que llama.<\/p>","protected":false},"excerpt":{"rendered":"<p>PROCESADORES DE DATOS SUB \u00daltima actualizaci\u00f3n: 2020-04-21 \u00daltima aprobaci\u00f3n: 2026-03-05 Procesador de datos sub Direcci\u00f3n utilizada para AMAZON Europa (Frankfurt) Regi\u00f3n 60313 Frankfurt am Main Alemania Centro de retenci\u00f3n de datos Leer m\u00e1s sobre AWS y GDPR Epay Bambora Online A\/S Alfred Nobels Vej 21 A, 1. DK-9220 Aalborg \u00d8st Dinamarca Soluciones de pago Visma E-conomics Langebrogade 1 1411 K\u00f8benhavn K Dinamarca \u00d8konomi Fakturaservice Danmarksvej 26 ... <a title=\"Subprocesadores\" class=\"read-more\" href=\"https:\/\/suresms.com\/es\/ressourcer\/gdpr\/underdatabehandlere\/\" aria-label=\"Leer m\u00e1s sobre Subprocesadores\">M\u00e1s informaci\u00f3n<\/a><\/p>","protected":false},"author":1,"featured_media":0,"parent":5221,"menu_order":0,"comment_status":"closed","ping_status":"closed","template":"","meta":{"_fl_builder_enabled":"1","_fl_builder_data":null,"_fl_builder_draft":null,"_fl_builder_data_settings":null,"_fl_builder_css":"","_fl_builder_css_version":"","_fl_builder_js":"","footnotes":""},"categories":[],"tags":[],"class_list":["post-9527","page","type-page","status-publish"],"yoast_head":"<!-- This site is optimized with the Yoast SEO Premium plugin v27.3 (Yoast SEO v27.3) - https:\/\/yoast.com\/product\/yoast-seo-premium-wordpress\/ -->\r\n<title>Underdatabehandlere -<\/title>\r\n<meta name=\"robots\" content=\"index, follow, max-snippet:-1, max-image-preview:large, max-video-preview:-1\" \/>\r\n<link rel=\"canonical\" href=\"https:\/\/suresms.com\/es\/recursos\/gdpr\/subprocesadores\/\" \/>\r\n<meta property=\"og:locale\" content=\"es_ES\" \/>\r\n<meta property=\"og:type\" content=\"article\" \/>\r\n<meta property=\"og:title\" content=\"Underdatabehandlere\" \/>\r\n<meta property=\"og:description\" content=\"UNDERDATABEHANDLERE &nbsp; Senest opdateret: 2020-04-21 Senest godkendt: 2026-03-05 Underdatabehandler Adresse Anvendes til AMAZON Europe (Frankfurt) Region 60313 Frankfurt am Main Germany Dataopbevaringscenter L\u00e6s mere om AWS og GDPR Epay Bambora Online A\/S Alfred Nobels Vej 21 A, 1. DK-9220 Aalborg \u00d8st Danmark Betalingsl\u00f8sninger Visma E-conomics Langebrogade 1 1411 K\u00f8benhavn K Danmark \u00d8konomi Fakturaservice Danmarksvej 26 ... Leer m\u00e1s\" \/>\r\n<meta property=\"og:url\" content=\"https:\/\/suresms.com\/es\/recursos\/gdpr\/subprocesadores\/\" \/>\r\n<meta property=\"article:publisher\" content=\"https:\/\/www.facebook.com\/p\/SureSMS-100044607956149\/\" \/>\r\n<meta property=\"article:modified_time\" content=\"2026-03-05T12:27:31+00:00\" \/>\r\n<meta name=\"twitter:card\" content=\"summary_large_image\" \/>\r\n<meta name=\"twitter:label1\" content=\"Tiempo de lectura\" \/>\n\t<meta name=\"twitter:data1\" content=\"2 minutos\" \/>\r\n<script type=\"application\/ld+json\" class=\"yoast-schema-graph\">{\"@context\":\"https:\\\/\\\/schema.org\",\"@graph\":[{\"@type\":\"WebPage\",\"@id\":\"https:\\\/\\\/suresms.com\\\/dk\\\/ressourcer\\\/gdpr\\\/underdatabehandlere\\\/\",\"url\":\"https:\\\/\\\/suresms.com\\\/dk\\\/ressourcer\\\/gdpr\\\/underdatabehandlere\\\/\",\"name\":\"Underdatabehandlere -\",\"isPartOf\":{\"@id\":\"https:\\\/\\\/suresms.com\\\/en\\\/#website\"},\"datePublished\":\"2020-05-13T10:28:25+00:00\",\"dateModified\":\"2026-03-05T12:27:31+00:00\",\"breadcrumb\":{\"@id\":\"https:\\\/\\\/suresms.com\\\/dk\\\/ressourcer\\\/gdpr\\\/underdatabehandlere\\\/#breadcrumb\"},\"inLanguage\":\"es\",\"potentialAction\":[{\"@type\":\"ReadAction\",\"target\":[\"https:\\\/\\\/suresms.com\\\/dk\\\/ressourcer\\\/gdpr\\\/underdatabehandlere\\\/\"]}]},{\"@type\":\"BreadcrumbList\",\"@id\":\"https:\\\/\\\/suresms.com\\\/dk\\\/ressourcer\\\/gdpr\\\/underdatabehandlere\\\/#breadcrumb\",\"itemListElement\":[{\"@type\":\"ListItem\",\"position\":1,\"name\":\"Home\",\"item\":\"https:\\\/\\\/suresms.com\\\/dk\\\/\"},{\"@type\":\"ListItem\",\"position\":2,\"name\":\"Ressourcer\",\"item\":\"https:\\\/\\\/suresms.com\\\/ressourcer\\\/\"},{\"@type\":\"ListItem\",\"position\":3,\"name\":\"GDPR\",\"item\":\"https:\\\/\\\/suresms.com\\\/dk\\\/ressourcer\\\/gdpr\\\/\"},{\"@type\":\"ListItem\",\"position\":4,\"name\":\"Underdatabehandlere\"}]},{\"@type\":\"WebSite\",\"@id\":\"https:\\\/\\\/suresms.com\\\/en\\\/#website\",\"url\":\"https:\\\/\\\/suresms.com\\\/en\\\/\",\"name\":\"SureSMS\",\"description\":\"Professionel SMS Gateway\",\"publisher\":{\"@id\":\"https:\\\/\\\/suresms.com\\\/en\\\/#organization\"},\"potentialAction\":[{\"@type\":\"SearchAction\",\"target\":{\"@type\":\"EntryPoint\",\"urlTemplate\":\"https:\\\/\\\/suresms.com\\\/en\\\/?s={search_term_string}\"},\"query-input\":{\"@type\":\"PropertyValueSpecification\",\"valueRequired\":true,\"valueName\":\"search_term_string\"}}],\"inLanguage\":\"es\"},{\"@type\":\"Organization\",\"@id\":\"https:\\\/\\\/suresms.com\\\/en\\\/#organization\",\"name\":\"SureSMS\",\"url\":\"https:\\\/\\\/suresms.com\\\/en\\\/\",\"logo\":{\"@type\":\"ImageObject\",\"inLanguage\":\"es\",\"@id\":\"https:\\\/\\\/suresms.com\\\/en\\\/#\\\/schema\\\/logo\\\/image\\\/\",\"url\":\"https:\\\/\\\/suresms.com\\\/wp-content\\\/uploads\\\/2024\\\/11\\\/suresms-300x65-1.png\",\"contentUrl\":\"https:\\\/\\\/suresms.com\\\/wp-content\\\/uploads\\\/2024\\\/11\\\/suresms-300x65-1.png\",\"width\":300,\"height\":65,\"caption\":\"SureSMS\"},\"image\":{\"@id\":\"https:\\\/\\\/suresms.com\\\/en\\\/#\\\/schema\\\/logo\\\/image\\\/\"},\"sameAs\":[\"https:\\\/\\\/www.facebook.com\\\/p\\\/SureSMS-100044607956149\\\/\"]}]}<\/script>\r\n<!-- \/ Yoast SEO Premium plugin. -->","yoast_head_json":{"title":"Subprocesadores - Subprocesadores","robots":{"index":"index","follow":"follow","max-snippet":"max-snippet:-1","max-image-preview":"max-image-preview:large","max-video-preview":"max-video-preview:-1"},"canonical":"https:\/\/suresms.com\/es\/recursos\/gdpr\/subprocesadores\/","og_locale":"es_ES","og_type":"article","og_title":"Underdatabehandlere","og_description":"UNDERDATABEHANDLERE &nbsp; Senest opdateret: 2020-04-21 Senest godkendt: 2026-03-05 Underdatabehandler Adresse Anvendes til AMAZON Europe (Frankfurt) Region 60313 Frankfurt am Main Germany Dataopbevaringscenter L\u00e6s mere om AWS og GDPR Epay Bambora Online A\/S Alfred Nobels Vej 21 A, 1. DK-9220 Aalborg \u00d8st Danmark Betalingsl\u00f8sninger Visma E-conomics Langebrogade 1 1411 K\u00f8benhavn K Danmark \u00d8konomi Fakturaservice Danmarksvej 26 ... Leer m\u00e1s","og_url":"https:\/\/suresms.com\/es\/recursos\/gdpr\/subprocesadores\/","article_publisher":"https:\/\/www.facebook.com\/p\/SureSMS-100044607956149\/","article_modified_time":"2026-03-05T12:27:31+00:00","twitter_card":"summary_large_image","twitter_misc":{"Tiempo de lectura":"2 minutos"},"schema":{"@context":"https:\/\/schema.org","@graph":[{"@type":"WebPage","@id":"https:\/\/suresms.com\/dk\/ressourcer\/gdpr\/underdatabehandlere\/","url":"https:\/\/suresms.com\/dk\/ressourcer\/gdpr\/underdatabehandlere\/","name":"Subprocesadores - Subprocesadores","isPartOf":{"@id":"https:\/\/suresms.com\/en\/#website"},"datePublished":"2020-05-13T10:28:25+00:00","dateModified":"2026-03-05T12:27:31+00:00","breadcrumb":{"@id":"https:\/\/suresms.com\/dk\/ressourcer\/gdpr\/underdatabehandlere\/#breadcrumb"},"inLanguage":"es","potentialAction":[{"@type":"ReadAction","target":["https:\/\/suresms.com\/dk\/ressourcer\/gdpr\/underdatabehandlere\/"]}]},{"@type":"BreadcrumbList","@id":"https:\/\/suresms.com\/dk\/ressourcer\/gdpr\/underdatabehandlere\/#breadcrumb","itemListElement":[{"@type":"ListItem","position":1,"name":"Home","item":"https:\/\/suresms.com\/dk\/"},{"@type":"ListItem","position":2,"name":"Ressourcer","item":"https:\/\/suresms.com\/ressourcer\/"},{"@type":"ListItem","position":3,"name":"GDPR","item":"https:\/\/suresms.com\/dk\/ressourcer\/gdpr\/"},{"@type":"ListItem","position":4,"name":"Underdatabehandlere"}]},{"@type":"WebSite","@id":"https:\/\/suresms.com\/en\/#website","url":"https:\/\/suresms.com\/en\/","name":"SureSMS","description":"Pasarela SMS profesional","publisher":{"@id":"https:\/\/suresms.com\/en\/#organization"},"potentialAction":[{"@type":"SearchAction","target":{"@type":"EntryPoint","urlTemplate":"https:\/\/suresms.com\/en\/?s={search_term_string}"},"query-input":{"@type":"PropertyValueSpecification","valueRequired":true,"valueName":"search_term_string"}}],"inLanguage":"es"},{"@type":"Organization","@id":"https:\/\/suresms.com\/en\/#organization","name":"SureSMS","url":"https:\/\/suresms.com\/en\/","logo":{"@type":"ImageObject","inLanguage":"es","@id":"https:\/\/suresms.com\/en\/#\/schema\/logo\/image\/","url":"https:\/\/suresms.com\/wp-content\/uploads\/2024\/11\/suresms-300x65-1.png","contentUrl":"https:\/\/suresms.com\/wp-content\/uploads\/2024\/11\/suresms-300x65-1.png","width":300,"height":65,"caption":"SureSMS"},"image":{"@id":"https:\/\/suresms.com\/en\/#\/schema\/logo\/image\/"},"sameAs":["https:\/\/www.facebook.com\/p\/SureSMS-100044607956149\/"]}]}},"_links":{"self":[{"href":"https:\/\/suresms.com\/es\/wp-json\/wp\/v2\/pages\/9527","targetHints":{"allow":["GET"]}}],"collection":[{"href":"https:\/\/suresms.com\/es\/wp-json\/wp\/v2\/pages"}],"about":[{"href":"https:\/\/suresms.com\/es\/wp-json\/wp\/v2\/types\/page"}],"author":[{"embeddable":true,"href":"https:\/\/suresms.com\/es\/wp-json\/wp\/v2\/users\/1"}],"replies":[{"embeddable":true,"href":"https:\/\/suresms.com\/es\/wp-json\/wp\/v2\/comments?post=9527"}],"version-history":[{"count":3,"href":"https:\/\/suresms.com\/es\/wp-json\/wp\/v2\/pages\/9527\/revisions"}],"predecessor-version":[{"id":23846,"href":"https:\/\/suresms.com\/es\/wp-json\/wp\/v2\/pages\/9527\/revisions\/23846"}],"up":[{"embeddable":true,"href":"https:\/\/suresms.com\/es\/wp-json\/wp\/v2\/pages\/5221"}],"wp:attachment":[{"href":"https:\/\/suresms.com\/es\/wp-json\/wp\/v2\/media?parent=9527"}],"wp:term":[{"taxonomy":"category","embeddable":true,"href":"https:\/\/suresms.com\/es\/wp-json\/wp\/v2\/categories?post=9527"},{"taxonomy":"post_tag","embeddable":true,"href":"https:\/\/suresms.com\/es\/wp-json\/wp\/v2\/tags?post=9527"}],"curies":[{"name":"wp","href":"https:\/\/api.w.org\/{rel}","templated":true}]}}