{"id":903,"date":"2015-02-10T15:43:06","date_gmt":"2015-02-10T13:43:06","guid":{"rendered":"https:\/\/www.suresms.com\/dk\/?page_id=903"},"modified":"2025-01-05T00:15:18","modified_gmt":"2025-01-05T00:15:18","slug":"sms-para-empresas","status":"publish","type":"page","link":"https:\/\/suresms.com\/es\/branchelosninger\/sms-til-forretninger\/","title":{"rendered":"SMS a tiendas y comercios"},"content":{"rendered":"<!-- Flexy Breadcrumb -->\r\n\t\t\t<div class=\"fbc fbc-page\">\r\n\r\n\t\t\t\t<!-- Breadcrumb wrapper -->\r\n\t\t\t\t<div class=\"fbc-wrap\">\r\n\r\n\t\t\t\t\t<!-- Ordered list-->\r\n\t\t\t\t\t<ol class=\"fbc-items\" itemscope itemtype=\"https:\/\/schema.org\/BreadcrumbList\">\r\n\t\t\t\t\t\t            <li itemprop=\"itemListElement\" itemscope itemtype=\"https:\/\/schema.org\/ListItem\">\r\n                <span itemprop=\"name\">\r\n                    <!-- Home Link -->\r\n                    <a itemprop=\"item\" href=\"https:\/\/suresms.com\/es\/\">\r\n                    \r\n                                                    <i class=\"fa fa-home\" aria-hidden=\"true\"><\/i>Inicio                    <\/a>\r\n                <\/span>\r\n                <meta itemprop=\"position\" content=\"1\" \/><!-- Meta Position-->\r\n             <\/li><li><span class=\"fbc-separator\">\/<\/span><\/li><li class=\"active\" itemprop=\"itemListElement\" itemscope itemtype=\"https:\/\/schema.org\/ListItem\"><span itemprop=\"name\" title=\"SMS a tiendas y comercios\">SMS a empresas y...<\/span><meta itemprop=\"position\" content=\"2\" \/><\/li>\t\t\t\t\t<\/ol>\r\n\t\t\t\t\t<div class=\"clearfix\"><\/div>\r\n\t\t\t\t<\/div>\r\n\t\t\t<\/div>\r\n\t\t\t\n<h1>\n\t\tSMS a empresas\n\t<\/h1>\n<p>&nbsp;<\/p>\n<p>&nbsp;<\/p>\n<p><strong>\u00bfTienes una panader\u00eda, una joyer\u00eda, una tienda de bicicletas o algo totalmente distinto? Tenemos la soluci\u00f3n de SMS para empresas. Muchos de nuestros clientes son tiendas o cadenas comerciales que env\u00edan mensajes a sus clientes. Nuestras tiendas nos utilizan para resolver diversas tareas: enviar ofertas y novedades, inscribirse en clubes de clientes o informar sobre devoluciones o reparaciones.<\/strong><\/p>\n<p>&nbsp;<\/p>\n<p><strong>Ventajas:<\/strong><\/p>\n<ul>\n<li>\n<ul>\n<li><strong>Env\u00ede recordatorios de citas a los clientes y evite cancelaciones innecesarias.<\/strong><\/li>\n<\/ul>\n<\/li>\n<\/ul>\n<p>&nbsp;<\/p>\n<ul>\n<li>\n<ul>\n<li><strong>Env\u00ede muchos mensajes r\u00e1pidamente desde nuestro portal web en l\u00ednea con SMS de grupo.<\/strong><\/li>\n<\/ul>\n<\/li>\n<\/ul>\n<p>&nbsp;<\/p>\n<ul>\n<li>\n<ul>\n<li><strong>Env\u00eda SMS de grupo con la funci\u00f3n Combinar nombres y personaliza tus mensajes.<\/strong><\/li>\n<\/ul>\n<\/li>\n<\/ul>\n<p>&nbsp;<\/p>\n<ul>\n<li>\n<ul>\n<li><strong>Env\u00ede boletines y ofertas por SMS y genere m\u00e1s ingresos<\/strong><\/li>\n<\/ul>\n<\/li>\n<\/ul>\n<p>&nbsp;<\/p>\n<ul>\n<li>\n<ul>\n<li><strong>Cree una soluci\u00f3n bidireccional y contacte con sus clientes a trav\u00e9s de SMS, desde el PC, la tableta o el m\u00f3vil. F\u00e1cil acceso al sistema para m\u00faltiples usuarios.<\/strong><\/li>\n<\/ul>\n<\/li>\n<\/ul>\n<p>&nbsp;<\/p>\n<p>&nbsp;<\/p>\n<h3>Integre SureSMS en su propio sistema<\/h3>\n<p>Muchos clientes han integrado nuestra soluci\u00f3n en su sistema de punto de venta (TPV). Esto significa que el propio sistema env\u00eda mensajes SMS al cliente, por ejemplo, en cumplea\u00f1os, cuando se acerca una cita o para evaluar un servicio. Otros utilizan nuestro sistema sin integraci\u00f3n y a\u00f1aden ellos mismos los mensajes SMS programados. Nuestra soluci\u00f3n SMS le ofrece muchas oportunidades de marketing, comunicaci\u00f3n o simplemente un buen contacto con el cliente<\/p>\n<h3>Funciones de grupo<\/h3>\nDesde nuestro portal web puedes hacer <a title=\"GroupSMS: Crear y enviar a grupos\" href=\"https:\/\/suresms.com\/es\/grupo-sms\/\">grupos de beneficiarios<\/a>. Puede tratarse de todos sus clientes, de clientes de un c\u00f3digo postal concreto o de clientes que le hayan comprado algo espec\u00edfico.<br \/>\nSi tiene los clientes de sus clientes en una hoja de c\u00e1lculo, puede leerlos en nuestro sistema y crear r\u00e1pidamente sus usuarios sin teclear innecesariamente.\n<h3>Nombre del remitente<\/h3>\n<p>Puede decidir qui\u00e9n ser\u00e1 el remitente del mensaje. Puede ser el n\u00famero de tel\u00e9fono o el nombre de su empresa. La \u00fanica restricci\u00f3n, impuesta por las compa\u00f1\u00edas de telecomunicaciones, es que el identificador del remitente no puede tener m\u00e1s de 11 caracteres.<\/p>\n<h3>Di\u00e1logo con los clientes a trav\u00e9s de una soluci\u00f3n bidireccional<\/h3>\n<p>Con una soluci\u00f3n bidireccional, sus clientes pueden responder a sus mensajes y usted tiene la oportunidad de dialogar con ellos. Por ejemplo, sobre una pieza de recambio que falta, una oferta de reparaci\u00f3n, un art\u00edculo devuelto, etc. Desde aqu\u00ed tambi\u00e9n puede enviar encuestas de usuarios a los clientes y \u00e9stos pueden inscribirse en eventos o suscripciones a trav\u00e9s de los llamados KEYWORDS.<\/p>\n<h3>C\u00f3mo inscribirse<\/h3>\n<p>Con nuestro <a title=\"SMS bidireccionales, recibe SMS en tu ordenador\" href=\"https:\/\/suresms.com\/es\/caracteristicas\/recibe-mensajes-de-texto-en-tu-ordenador\/\">Soluci\u00f3n SMS bidireccional <\/a>los clientes pueden inscribirse ellos mismos en sus grupos\/listas. Tambi\u00e9n ofrecemos una versi\u00f3n en la que puedes instalar un iPad en tu tienda para que los clientes se inscriban ellos mismos. Una tercera opci\u00f3n es a\u00f1adir un peque\u00f1o c\u00f3digo a su sitio web para que los clientes puedan inscribirse desde all\u00ed.<\/p>\n<h3>Empiece ahora mismo<\/h3>\n<p>Hay que considerar si un sistema es adecuado para usted y si le sale rentable. Pero puede empezar ahora y ver c\u00f3mo funciona, sin coste ni compromiso.<\/p>\n<p>Rellena nuestro enlace para obtener una cuenta de prueba gratuita en esta p\u00e1gina y consigue 50 SMS gratis. As\u00ed podr\u00e1s probar a fondo nuestra pasarela de SMS antes de tomar una decisi\u00f3n.<\/p>\n<p>Si decide convertirse en cliente nuestro, el coste es siempre s\u00f3lo por SMS enviado. No tenemos una suscripci\u00f3n para nuestro SMS Gateway. Sin embargo, una soluci\u00f3n bidireccional cuesta una suscripci\u00f3n mensual.\u00a0<a title=\"Precios de las pasarelas SMS\" href=\"https:\/\/suresms.com\/es\/precios-de-las-pasarelas-sms\/\">M\u00e1s informaci\u00f3n sobre precios y productos aqu\u00ed.<\/a><\/p>\n<p>&nbsp;<\/p>\n\t\t\t<p><a href=\"https:\/\/suresms.com\/wp-content\/uploads\/2015\/02\/norriq-logo-20x120-px.jpg\"><img loading=\"lazy\" decoding=\"async\" src=\"https:\/\/suresms.com\/wp-content\/uploads\/2015\/02\/norriq-logo-20x120-px.jpg\" alt=\"logo norriq 20x120 px\" width=\"200\" height=\"96\" \/><\/a><\/p>\n<p><em>\"Hemos utilizado SureSMS para varios de nuestros clientes. SureSMS est\u00e1 integrado con nuestro sistema de punto de venta y nuestro sistema financiero, por lo que los mensajes se env\u00edan autom\u00e1ticamente a los clientes de nuestros clientes cuando se completa el pedido.<\/em><\/p>\n<p><em>SureSMS siempre ha ayudado r\u00e1pidamente a los nuevos clientes a ponerse en marcha. Una vez en marcha, no volvemos a hablar con ellos porque nunca hay problemas.<\/em><\/p>\n<p><em>Algunos de nuestros clientes env\u00edan a n\u00fameros extranjeros y eso tampoco es un problema\".<\/em><\/p>\n<p><strong>S\u00f8ren Christensen,\u00a0<\/strong><strong>Norriq<\/strong><\/p>\n\t\t<h4>Crear una cuenta de prueba gratuita<\/h4>\n\t\t<p>S\u00f3lo le llevar\u00e1 5 minutos. Empiece ahora mismo y consiga <strong>100 SMS gratuitos<\/strong> sin condiciones.<\/p>\n\t\t\t<a href=\"https:\/\/suresms.com\/es\/cuenta-de-prueba-de-sms-gratis\/\" target=\"_self\">\n\t\t\t\t\t\t\tCrear una cuenta de prueba\n\t\t\t\t\t<\/a>\n\t\t<h4>Pida una soluci\u00f3n bidireccional<\/h4>\n\t\t<p>\u00bfYa tiene una cuenta? Pida una soluci\u00f3n bidireccional y obtenga las opciones adicionales que ofrece su propia soluci\u00f3n.<\/p>\n\t\t\t<a href=\"https:\/\/suresms.com\/es\/orden-de-descarga-bidireccional\/\" target=\"_self\">\n\t\t\t\t\t\t\tPedir soluci\u00f3n bidireccional\n\t\t\t\t\t<\/a>\n\t<p>&gt; Volver a <a href=\"https:\/\/suresms.com\/es\/descargas-de-rama\/\">Soluciones sectoriales<\/a><\/p>\n\t\t\t\t<a href=\"https:\/\/suresms.com\/es\/sms-outlook-add\/\" target=\"_self\" itemprop=\"url\">\n\t\t\t\t<img loading=\"lazy\" decoding=\"async\" src=\"https:\/\/suresms.com\/wp-content\/uploads\/2016\/02\/facebook-Outlook-plugin-version-1.4-snippet-1.jpg\" alt=\"fragmento de la versi\u00f3n 1.4 del plugin de facebook para Outlook\" itemprop=\"image\" height=\"630\" width=\"1200\" title=\"fragmento de la versi\u00f3n 1.4 del plugin de facebook para Outlook\" onerror=\"this.style.display='none'\"  \/>\n\t\t\t\t<\/a>\n\t\t<h3><a href=\"https:\/\/suresms.com\/es\/sms-outlook-add\/\" target=\"_self\">Outlook SMS Plugin Versi\u00f3n 2.10<\/a><\/h3>Nuestro complemento SMS est\u00e1 dise\u00f1ado espec\u00edficamente para Outlook. Con una r\u00e1pida instalaci\u00f3n de nuestro complemento, obtendr\u00e1 un remitente de SMS y SMS de grupo integrado en el men\u00fa de Outlook con acceso a sus contactos de Outlook. Dispondr\u00e1 de DOCUMENTACI\u00d3N COMPLETA, ya que todos los mensajes se guardan autom\u00e1ticamente. F\u00e1cil integraci\u00f3n con otros sistemas.<br \/>\nVarias opciones nuevas para la selecci\u00f3n del ID del remitente. Utilice el nombre de su empresa o seleccione su n\u00famero de m\u00f3vil y reciba las respuestas directamente en su m\u00f3vil. \u00bfDebe recibir las respuestas en Outlook? P\u00f3ngase en contacto con nosotros <a href=\"https:\/\/suresms.com\/es\/caracteristicas\/recibe-mensajes-de-texto-en-tu-ordenador\/\">Soluci\u00f3n bidireccional<\/a>.\n<p>&nbsp;<\/p>\n\n\t\t\t<a href=\"https:\/\/suresms.com\/es\/sms-outlook-add\/\" target=\"_self\">\n\t\t\t\t\t\t\tM\u00e1s informaci\u00f3n sobre nuestro complemento SMS para Outlook\n\t\t\t\t\t<\/a>","protected":false},"excerpt":{"rendered":"<p>SMS para empresas \u00bfTienes una panader\u00eda, una joyer\u00eda, una tienda de bicicletas o algo totalmente distinto? Tenemos la soluci\u00f3n de SMS para empresas. Muchos de nuestros clientes son tiendas o cadenas comerciales que env\u00edan mensajes a sus clientes. Nuestros comercios nos utilizan para resolver diversas tareas: env\u00edo de ofertas y novedades, alta de nuevos clientes, ... <a title=\"SMS a tiendas y comercios\" class=\"read-more\" href=\"https:\/\/suresms.com\/es\/branchelosninger\/sms-til-forretninger\/\" aria-label=\"Leer m\u00e1s sobre SMS para tiendas y comercios\">M\u00e1s informaci\u00f3n<\/a><\/p>","protected":false},"author":1,"featured_media":0,"parent":1654,"menu_order":3,"comment_status":"closed","ping_status":"closed","template":"","meta":{"_fl_builder_enabled":"1","_fl_builder_data":null,"_fl_builder_draft":null,"_fl_builder_data_settings":null,"_fl_builder_css":"","_fl_builder_css_version":"","_fl_builder_js":"","footnotes":""},"categories":[],"tags":[],"class_list":["post-903","page","type-page","status-publish"],"yoast_head":"<!-- This site is optimized with the Yoast SEO Premium plugin v27.3 (Yoast SEO v27.3) - https:\/\/yoast.com\/product\/yoast-seo-premium-wordpress\/ -->\r\n<title>SMS til forretninger. F\u00e5 en SMS l\u00f8sning til lige netop din forretning<\/title>\r\n<meta name=\"description\" content=\"S\u00e5dan f\u00e5r du online SMS til din forretning. L\u00e6s hvad du kan med en SMS gateway. Send p\u00e5mindelser &amp; personlige beskeder til kunder. Opret gratis Konto.\" \/>\r\n<meta name=\"robots\" content=\"index, follow, max-snippet:-1, max-image-preview:large, max-video-preview:-1\" \/>\r\n<link rel=\"canonical\" href=\"https:\/\/suresms.com\/es\/descargas-de-rama\/sms-para-empresas\/\" \/>\r\n<meta property=\"og:locale\" content=\"es_ES\" \/>\r\n<meta property=\"og:type\" content=\"article\" \/>\r\n<meta property=\"og:title\" content=\"SMS til forretninger og butikker\" \/>\r\n<meta property=\"og:description\" content=\"S\u00e5dan f\u00e5r du online SMS til din forretning. L\u00e6s hvad du kan med en SMS gateway. Send p\u00e5mindelser &amp; personlige beskeder til kunder. Opret gratis Konto.\" \/>\r\n<meta property=\"og:url\" content=\"https:\/\/suresms.com\/es\/descargas-de-rama\/sms-para-empresas\/\" \/>\r\n<meta property=\"article:publisher\" content=\"https:\/\/www.facebook.com\/p\/SureSMS-100044607956149\/\" \/>\r\n<meta property=\"article:modified_time\" content=\"2025-01-05T00:15:18+00:00\" \/>\r\n<meta property=\"og:image\" content=\"https:\/\/suresms.com\/wp-content\/uploads\/2015\/02\/sms-til-butikker-snippet.jpg\" \/>\r\n\t<meta property=\"og:image:width\" content=\"400\" \/>\r\n\t<meta property=\"og:image:height\" content=\"267\" \/>\r\n\t<meta property=\"og:image:type\" content=\"image\/jpeg\" \/>\r\n<meta name=\"twitter:card\" content=\"summary_large_image\" \/>\r\n<meta name=\"twitter:label1\" content=\"Tiempo de lectura\" \/>\n\t<meta name=\"twitter:data1\" content=\"4 minutos\" \/>\r\n<script type=\"application\/ld+json\" class=\"yoast-schema-graph\">{\"@context\":\"https:\\\/\\\/schema.org\",\"@graph\":[{\"@type\":\"WebPage\",\"@id\":\"https:\\\/\\\/suresms.com\\\/dk\\\/branchelosninger\\\/sms-til-forretninger\\\/\",\"url\":\"https:\\\/\\\/suresms.com\\\/dk\\\/branchelosninger\\\/sms-til-forretninger\\\/\",\"name\":\"SMS til forretninger. F\u00e5 en SMS l\u00f8sning til lige netop din forretning\",\"isPartOf\":{\"@id\":\"https:\\\/\\\/suresms.com\\\/en\\\/#website\"},\"primaryImageOfPage\":{\"@id\":\"https:\\\/\\\/suresms.com\\\/dk\\\/branchelosninger\\\/sms-til-forretninger\\\/#primaryimage\"},\"image\":{\"@id\":\"https:\\\/\\\/suresms.com\\\/dk\\\/branchelosninger\\\/sms-til-forretninger\\\/#primaryimage\"},\"thumbnailUrl\":\"https:\\\/\\\/suresms.com\\\/wp-content\\\/uploads\\\/2015\\\/02\\\/norriq-logo-20x120-px.jpg\",\"datePublished\":\"2015-02-10T13:43:06+00:00\",\"dateModified\":\"2025-01-05T00:15:18+00:00\",\"description\":\"S\u00e5dan f\u00e5r du online SMS til din forretning. L\u00e6s hvad du kan med en SMS gateway. Send p\u00e5mindelser & personlige beskeder til kunder. Opret gratis Konto.\",\"breadcrumb\":{\"@id\":\"https:\\\/\\\/suresms.com\\\/dk\\\/branchelosninger\\\/sms-til-forretninger\\\/#breadcrumb\"},\"inLanguage\":\"es\",\"potentialAction\":[{\"@type\":\"ReadAction\",\"target\":[\"https:\\\/\\\/suresms.com\\\/dk\\\/branchelosninger\\\/sms-til-forretninger\\\/\"]}]},{\"@type\":\"ImageObject\",\"inLanguage\":\"es\",\"@id\":\"https:\\\/\\\/suresms.com\\\/dk\\\/branchelosninger\\\/sms-til-forretninger\\\/#primaryimage\",\"url\":\"https:\\\/\\\/suresms.com\\\/wp-content\\\/uploads\\\/2015\\\/02\\\/norriq-logo-20x120-px.jpg\",\"contentUrl\":\"https:\\\/\\\/suresms.com\\\/wp-content\\\/uploads\\\/2015\\\/02\\\/norriq-logo-20x120-px.jpg\"},{\"@type\":\"BreadcrumbList\",\"@id\":\"https:\\\/\\\/suresms.com\\\/dk\\\/branchelosninger\\\/sms-til-forretninger\\\/#breadcrumb\",\"itemListElement\":[{\"@type\":\"ListItem\",\"position\":1,\"name\":\"Home\",\"item\":\"https:\\\/\\\/suresms.com\\\/dk\\\/\"},{\"@type\":\"ListItem\",\"position\":2,\"name\":\"Branchel\u00f8sninger\",\"item\":\"https:\\\/\\\/suresms.com\\\/dk\\\/branchelosninger\\\/\"},{\"@type\":\"ListItem\",\"position\":3,\"name\":\"SMS til forretninger og butikker\"}]},{\"@type\":\"WebSite\",\"@id\":\"https:\\\/\\\/suresms.com\\\/en\\\/#website\",\"url\":\"https:\\\/\\\/suresms.com\\\/en\\\/\",\"name\":\"SureSMS\",\"description\":\"Professionel SMS Gateway\",\"publisher\":{\"@id\":\"https:\\\/\\\/suresms.com\\\/en\\\/#organization\"},\"potentialAction\":[{\"@type\":\"SearchAction\",\"target\":{\"@type\":\"EntryPoint\",\"urlTemplate\":\"https:\\\/\\\/suresms.com\\\/en\\\/?s={search_term_string}\"},\"query-input\":{\"@type\":\"PropertyValueSpecification\",\"valueRequired\":true,\"valueName\":\"search_term_string\"}}],\"inLanguage\":\"es\"},{\"@type\":\"Organization\",\"@id\":\"https:\\\/\\\/suresms.com\\\/en\\\/#organization\",\"name\":\"SureSMS\",\"url\":\"https:\\\/\\\/suresms.com\\\/en\\\/\",\"logo\":{\"@type\":\"ImageObject\",\"inLanguage\":\"es\",\"@id\":\"https:\\\/\\\/suresms.com\\\/en\\\/#\\\/schema\\\/logo\\\/image\\\/\",\"url\":\"https:\\\/\\\/suresms.com\\\/wp-content\\\/uploads\\\/2024\\\/11\\\/suresms-300x65-1.png\",\"contentUrl\":\"https:\\\/\\\/suresms.com\\\/wp-content\\\/uploads\\\/2024\\\/11\\\/suresms-300x65-1.png\",\"width\":300,\"height\":65,\"caption\":\"SureSMS\"},\"image\":{\"@id\":\"https:\\\/\\\/suresms.com\\\/en\\\/#\\\/schema\\\/logo\\\/image\\\/\"},\"sameAs\":[\"https:\\\/\\\/www.facebook.com\\\/p\\\/SureSMS-100044607956149\\\/\"]}]}<\/script>\r\n<!-- \/ Yoast SEO Premium plugin. -->","yoast_head_json":{"title":"SMS para empresas. Obtenga una soluci\u00f3n SMS para su empresa","description":"C\u00f3mo conseguir SMS online para tu negocio. Lea lo que puede hacer con una pasarela de SMS. Env\u00eda recordatorios y mensajes personalizados a tus clientes. Cree una cuenta gratuita.","robots":{"index":"index","follow":"follow","max-snippet":"max-snippet:-1","max-image-preview":"max-image-preview:large","max-video-preview":"max-video-preview:-1"},"canonical":"https:\/\/suresms.com\/es\/descargas-de-rama\/sms-para-empresas\/","og_locale":"es_ES","og_type":"article","og_title":"SMS til forretninger og butikker","og_description":"S\u00e5dan f\u00e5r du online SMS til din forretning. L\u00e6s hvad du kan med en SMS gateway. Send p\u00e5mindelser & personlige beskeder til kunder. Opret gratis Konto.","og_url":"https:\/\/suresms.com\/es\/descargas-de-rama\/sms-para-empresas\/","article_publisher":"https:\/\/www.facebook.com\/p\/SureSMS-100044607956149\/","article_modified_time":"2025-01-05T00:15:18+00:00","og_image":[{"width":400,"height":267,"url":"https:\/\/suresms.com\/wp-content\/uploads\/2015\/02\/sms-til-butikker-snippet.jpg","type":"image\/jpeg"}],"twitter_card":"summary_large_image","twitter_misc":{"Tiempo de lectura":"4 minutos"},"schema":{"@context":"https:\/\/schema.org","@graph":[{"@type":"WebPage","@id":"https:\/\/suresms.com\/dk\/branchelosninger\/sms-til-forretninger\/","url":"https:\/\/suresms.com\/dk\/branchelosninger\/sms-til-forretninger\/","name":"SMS para empresas. Obtenga una soluci\u00f3n SMS para su empresa","isPartOf":{"@id":"https:\/\/suresms.com\/en\/#website"},"primaryImageOfPage":{"@id":"https:\/\/suresms.com\/dk\/branchelosninger\/sms-til-forretninger\/#primaryimage"},"image":{"@id":"https:\/\/suresms.com\/dk\/branchelosninger\/sms-til-forretninger\/#primaryimage"},"thumbnailUrl":"https:\/\/suresms.com\/wp-content\/uploads\/2015\/02\/norriq-logo-20x120-px.jpg","datePublished":"2015-02-10T13:43:06+00:00","dateModified":"2025-01-05T00:15:18+00:00","description":"C\u00f3mo conseguir SMS online para tu negocio. Lea lo que puede hacer con una pasarela de SMS. Env\u00eda recordatorios y mensajes personalizados a tus clientes. Cree una cuenta gratuita.","breadcrumb":{"@id":"https:\/\/suresms.com\/dk\/branchelosninger\/sms-til-forretninger\/#breadcrumb"},"inLanguage":"es","potentialAction":[{"@type":"ReadAction","target":["https:\/\/suresms.com\/dk\/branchelosninger\/sms-til-forretninger\/"]}]},{"@type":"ImageObject","inLanguage":"es","@id":"https:\/\/suresms.com\/dk\/branchelosninger\/sms-til-forretninger\/#primaryimage","url":"https:\/\/suresms.com\/wp-content\/uploads\/2015\/02\/norriq-logo-20x120-px.jpg","contentUrl":"https:\/\/suresms.com\/wp-content\/uploads\/2015\/02\/norriq-logo-20x120-px.jpg"},{"@type":"BreadcrumbList","@id":"https:\/\/suresms.com\/dk\/branchelosninger\/sms-til-forretninger\/#breadcrumb","itemListElement":[{"@type":"ListItem","position":1,"name":"Home","item":"https:\/\/suresms.com\/dk\/"},{"@type":"ListItem","position":2,"name":"Branchel\u00f8sninger","item":"https:\/\/suresms.com\/dk\/branchelosninger\/"},{"@type":"ListItem","position":3,"name":"SMS til forretninger og butikker"}]},{"@type":"WebSite","@id":"https:\/\/suresms.com\/en\/#website","url":"https:\/\/suresms.com\/en\/","name":"SureSMS","description":"Pasarela SMS profesional","publisher":{"@id":"https:\/\/suresms.com\/en\/#organization"},"potentialAction":[{"@type":"SearchAction","target":{"@type":"EntryPoint","urlTemplate":"https:\/\/suresms.com\/en\/?s={search_term_string}"},"query-input":{"@type":"PropertyValueSpecification","valueRequired":true,"valueName":"search_term_string"}}],"inLanguage":"es"},{"@type":"Organization","@id":"https:\/\/suresms.com\/en\/#organization","name":"SureSMS","url":"https:\/\/suresms.com\/en\/","logo":{"@type":"ImageObject","inLanguage":"es","@id":"https:\/\/suresms.com\/en\/#\/schema\/logo\/image\/","url":"https:\/\/suresms.com\/wp-content\/uploads\/2024\/11\/suresms-300x65-1.png","contentUrl":"https:\/\/suresms.com\/wp-content\/uploads\/2024\/11\/suresms-300x65-1.png","width":300,"height":65,"caption":"SureSMS"},"image":{"@id":"https:\/\/suresms.com\/en\/#\/schema\/logo\/image\/"},"sameAs":["https:\/\/www.facebook.com\/p\/SureSMS-100044607956149\/"]}]}},"_links":{"self":[{"href":"https:\/\/suresms.com\/es\/wp-json\/wp\/v2\/pages\/903","targetHints":{"allow":["GET"]}}],"collection":[{"href":"https:\/\/suresms.com\/es\/wp-json\/wp\/v2\/pages"}],"about":[{"href":"https:\/\/suresms.com\/es\/wp-json\/wp\/v2\/types\/page"}],"author":[{"embeddable":true,"href":"https:\/\/suresms.com\/es\/wp-json\/wp\/v2\/users\/1"}],"replies":[{"embeddable":true,"href":"https:\/\/suresms.com\/es\/wp-json\/wp\/v2\/comments?post=903"}],"version-history":[{"count":5,"href":"https:\/\/suresms.com\/es\/wp-json\/wp\/v2\/pages\/903\/revisions"}],"predecessor-version":[{"id":21048,"href":"https:\/\/suresms.com\/es\/wp-json\/wp\/v2\/pages\/903\/revisions\/21048"}],"up":[{"embeddable":true,"href":"https:\/\/suresms.com\/es\/wp-json\/wp\/v2\/pages\/1654"}],"wp:attachment":[{"href":"https:\/\/suresms.com\/es\/wp-json\/wp\/v2\/media?parent=903"}],"wp:term":[{"taxonomy":"category","embeddable":true,"href":"https:\/\/suresms.com\/es\/wp-json\/wp\/v2\/categories?post=903"},{"taxonomy":"post_tag","embeddable":true,"href":"https:\/\/suresms.com\/es\/wp-json\/wp\/v2\/tags?post=903"}],"curies":[{"name":"wp","href":"https:\/\/api.w.org\/{rel}","templated":true}]}}