{"id":868,"date":"2015-02-09T19:26:23","date_gmt":"2015-02-09T17:26:23","guid":{"rendered":"https:\/\/www.suresms.com\/dk\/?page_id=868"},"modified":"2025-01-05T00:19:58","modified_gmt":"2025-01-05T00:19:58","slug":"clubes-sms","status":"publish","type":"page","link":"https:\/\/suresms.com\/es\/branchelosninger\/sms-klubber\/","title":{"rendered":"SMS para clubes y asociaciones"},"content":{"rendered":"<!-- Flexy Breadcrumb -->\r\n\t\t\t<div class=\"fbc fbc-page\">\r\n\r\n\t\t\t\t<!-- Breadcrumb wrapper -->\r\n\t\t\t\t<div class=\"fbc-wrap\">\r\n\r\n\t\t\t\t\t<!-- Ordered list-->\r\n\t\t\t\t\t<ol class=\"fbc-items\" itemscope itemtype=\"https:\/\/schema.org\/BreadcrumbList\">\r\n\t\t\t\t\t\t            <li itemprop=\"itemListElement\" itemscope itemtype=\"https:\/\/schema.org\/ListItem\">\r\n                <span itemprop=\"name\">\r\n                    <!-- Home Link -->\r\n                    <a itemprop=\"item\" href=\"https:\/\/suresms.com\/es\/\">\r\n                    \r\n                                                    <i class=\"fa fa-home\" aria-hidden=\"true\"><\/i>Inicio                    <\/a>\r\n                <\/span>\r\n                <meta itemprop=\"position\" content=\"1\" \/><!-- Meta Position-->\r\n             <\/li><li><span class=\"fbc-separator\">\/<\/span><\/li><li class=\"active\" itemprop=\"itemListElement\" itemscope itemtype=\"https:\/\/schema.org\/ListItem\"><span itemprop=\"name\" title=\"SMS para clubes y asociaciones\">SMS a clubes y...<\/span><meta itemprop=\"position\" content=\"2\" \/><\/li>\t\t\t\t\t<\/ol>\r\n\t\t\t\t\t<div class=\"clearfix\"><\/div>\r\n\t\t\t\t<\/div>\r\n\t\t\t<\/div>\r\n\t\t\t\n<h1>\n\t\tSMS a clubes y asociaciones\n\t<\/h1>\n<p><strong>Clubes de clientes, de f\u00fatbol y de motos, scouts, patinadores, clubes de tiro y much\u00edsimos m\u00e1s utilizan hoy nuestra soluci\u00f3n SMS. Si t\u00fa tambi\u00e9n perteneces a un club o tienes un club al que tambi\u00e9n le gustar\u00eda utilizar SMS, entonces has llegado al lugar adecuado.<\/strong><\/p>\n<p>Nuestra interfaz f\u00e1cil y clara en nuestro portal WEB facilita el env\u00edo de mensajes SMS a las personas del grupo con las que desea comunicarse. Todo lo que se necesita es Internet. No necesitas instalar ning\u00fan software ni programa para empezar.<\/p>\n<p>Y nuestro portal web puede utilizarse desde PC, iPad o tel\u00e9fonos inteligentes.<\/p>\n<h3>Funciones de grupo<\/h3>\n<p>Desde nuestro portal web puedes hacer<a title=\"GroupSMS: Crear y enviar a grupos\" href=\"https:\/\/suresms.com\/es\/grupo-sms\/\"> grupos de beneficiarios<\/a>. Puede ser la directiva del club de f\u00fatbol, el equipo de balonmano de los lunes o los padres de tu grupo de scouts. Utilizar una soluci\u00f3n SMS te permite enviar muchos mensajes SMS a la vez, sin necesidad de teclear mucho. Y todo el mundo lee los SMS.<\/p>\n<h3>Empiece ahora mismo<\/h3>\n<p>Puede que no seas el \u00fanico que necesite enviar mensajes en tu club, pero ya puedes empezar y ver c\u00f3mo funciona. Puedes compartir un inicio de sesi\u00f3n o conseguir el tuyo propio.<\/p>\n<p>Rellenando nuestro enlace para obtener una cuenta de prueba gratuita, puede empezar a probar nuestro producto en 5 minutos.<\/p>\n<h3>C\u00f3mo inscribirse<\/h3>\n<p>Con nuestro <a title=\"SMS bidireccionales, recibe SMS en tu ordenador\" href=\"https:\/\/suresms.com\/es\/caracteristicas\/recibe-mensajes-de-texto-en-tu-ordenador\/\">Soluci\u00f3n SMS bidireccional <\/a>Los miembros pueden inscribirse en la lista y dar su opini\u00f3n. Tambi\u00e9n puede a\u00f1adir un peque\u00f1o c\u00f3digo a su propio sitio web para que los miembros puedan inscribirse all\u00ed.<\/p>\n<p>Tal vez ya tengas todos tus socios en una hoja de c\u00e1lculo. Puedes cargarla en nuestro sistema para empezar r\u00e1pidamente con tus clubes SMS.<\/p>\n<h3>Nombre del remitente<\/h3>\n<p>Puedes decidir qui\u00e9n debe ser el remitente del mensaje. Puede ser el nombre del club o el n\u00famero de tel\u00e9fono del tesorero. Si tu club es de clientes, podr\u00eda ser el nombre de la empresa. La \u00fanica restricci\u00f3n es que puede tener un m\u00e1ximo de 11 caracteres.<\/p>\n<h3>Todos los miembros del club pueden enviar<\/h3>\n<p>Una de las grandes ventajas de nuestra pasarela SMS es que puedes compartir un inicio de sesi\u00f3n dentro de la organizaci\u00f3n. Esto significa que una vez que tengas una lista de destinatarios, el tesorero, el presidente y cualquier organizador de eventos podr\u00e1n utilizar el sistema.<\/p>\n\t\t\t<p><a href=\"http:\/\/www.rodskovforsamlingshus.dk\"><img loading=\"lazy\" decoding=\"async\" src=\"https:\/\/suresms.com\/wp-content\/uploads\/2015\/02\/REB-Rodskov1.jpg\" alt=\"REB Rodskov\" width=\"172\" height=\"87\" \/><\/a><\/p>\n<p>&nbsp;<\/p>\n<p><em>\"Me los recomend\u00f3 un colega que tambi\u00e9n utiliza su soluci\u00f3n.\u00a0<\/em><\/p>\n<p>&nbsp;<\/p>\n<p><em>He investigado y probado otras soluciones de SMS, y la suya es con diferencia la m\u00e1s flexible y r\u00e1pida, y a un precio razonable. <\/em><\/p>\n<p>&nbsp;<\/p>\n<p><em>\u00a1GRACIAS por un producto excelente! Hace exactamente lo que necesito que haga - \u00a1Super bueno!\"<\/em><\/p>\n<p>&nbsp;<\/p>\n<p><strong>Michel Gorm, Secretario<\/strong><\/p>\n<p>&nbsp;<\/p>\n<p><strong>Centro comunitario de Rodskov<\/strong><\/p>\n<p>&nbsp;<\/p>\n\t\t<h4>Crear una cuenta de prueba gratuita<\/h4>\n\t\t<p>S\u00f3lo le llevar\u00e1 5 minutos. Empiece ahora mismo y consiga <strong>50 SMS gratuitos<\/strong> sin condiciones.<\/p>\n\t\t\t<a href=\"https:\/\/suresms.com\/es\/cuenta-de-prueba-de-sms-gratis\/\" target=\"_self\">\n\t\t\t\t\t\t\tCrear una cuenta de prueba\n\t\t\t\t\t<\/a>\n\t\t<h4>Pida una soluci\u00f3n bidireccional<\/h4>\n\t\t<p>\u00bfYa tiene una cuenta? Pida una soluci\u00f3n bidireccional y obtenga las opciones adicionales que ofrece su propia soluci\u00f3n.\u00a0<\/p>\n\t\t\t<a href=\"https:\/\/suresms.com\/es\/orden-de-descarga-bidireccional\/\" target=\"_self\">\n\t\t\t\t\t\t\tPedir soluci\u00f3n bidireccional\n\t\t\t\t\t<\/a>","protected":false},"excerpt":{"rendered":"<p>SMS para clubes y asociaciones Clubes de clientes, de f\u00fatbol y de motos, scouts, patinadores, clubes de tiro y muchos, muchos m\u00e1s utilizan hoy nuestra soluci\u00f3n SMS. Si t\u00fa tambi\u00e9n perteneces a un club o tienes un club al que tambi\u00e9n le gustar\u00eda utilizar SMS, entonces has llegado al lugar adecuado. Nuestra interfaz de usuario f\u00e1cil y clara ... <a title=\"SMS para clubes y asociaciones\" class=\"read-more\" href=\"https:\/\/suresms.com\/es\/branchelosninger\/sms-klubber\/\" aria-label=\"Leer m\u00e1s sobre SMS para clubes y organizaciones\">M\u00e1s informaci\u00f3n<\/a><\/p>","protected":false},"author":1,"featured_media":0,"parent":1654,"menu_order":7,"comment_status":"closed","ping_status":"closed","template":"","meta":{"_fl_builder_enabled":"1","_fl_builder_data":null,"_fl_builder_draft":null,"_fl_builder_data_settings":null,"_fl_builder_css":"","_fl_builder_css_version":"","_fl_builder_js":"","footnotes":""},"categories":[],"tags":[],"class_list":["post-868","page","type-page","status-publish"],"yoast_head":"<!-- This site is optimized with the Yoast SEO Premium plugin v27.3 (Yoast SEO v27.3) - https:\/\/yoast.com\/product\/yoast-seo-premium-wordpress\/ -->\r\n<title>SMS klub | SMS til klubber og foreninger \u2713 Kom i gang her<\/title>\r\n<meta name=\"description\" content=\"L\u00e6s om SMS til klubber og foreninger. Send enkelt og sikkert mange SMS&#039;er til grupper af personer. Enkelt login og mulighed for flere brugere. Kun 18 \u00f8re\" \/>\r\n<meta name=\"robots\" content=\"index, follow, max-snippet:-1, max-image-preview:large, max-video-preview:-1\" \/>\r\n<link rel=\"canonical\" href=\"https:\/\/suresms.com\/es\/descargas-de-rama\/clubes-sms\/\" \/>\r\n<meta property=\"og:locale\" content=\"es_ES\" \/>\r\n<meta property=\"og:type\" content=\"article\" \/>\r\n<meta property=\"og:title\" content=\"SMS til Klubber og foreninger\" \/>\r\n<meta property=\"og:description\" content=\"L\u00e6s om SMS til klubber og foreninger. Send enkelt og sikkert mange SMS&#039;er til grupper af personer. Enkelt login og mulighed for flere brugere. Kun 18 \u00f8re\" \/>\r\n<meta property=\"og:url\" content=\"https:\/\/suresms.com\/es\/descargas-de-rama\/clubes-sms\/\" \/>\r\n<meta property=\"article:publisher\" content=\"https:\/\/www.facebook.com\/p\/SureSMS-100044607956149\/\" \/>\r\n<meta property=\"article:modified_time\" content=\"2025-01-05T00:19:58+00:00\" \/>\r\n<meta property=\"og:image\" content=\"https:\/\/suresms.com\/wp-content\/uploads\/2015\/02\/sms-til-klubber-snippet.jpg\" \/>\r\n\t<meta property=\"og:image:width\" content=\"400\" \/>\r\n\t<meta property=\"og:image:height\" content=\"266\" \/>\r\n\t<meta property=\"og:image:type\" content=\"image\/jpeg\" \/>\r\n<meta name=\"twitter:card\" content=\"summary_large_image\" \/>\r\n<meta name=\"twitter:label1\" content=\"Tiempo de lectura\" \/>\n\t<meta name=\"twitter:data1\" content=\"3 minutos\" \/>\r\n<script type=\"application\/ld+json\" class=\"yoast-schema-graph\">{\"@context\":\"https:\\\/\\\/schema.org\",\"@graph\":[{\"@type\":\"WebPage\",\"@id\":\"https:\\\/\\\/suresms.com\\\/dk\\\/branchelosninger\\\/sms-klubber\\\/\",\"url\":\"https:\\\/\\\/suresms.com\\\/dk\\\/branchelosninger\\\/sms-klubber\\\/\",\"name\":\"SMS klub | SMS til klubber og foreninger \u2713 Kom i gang her\",\"isPartOf\":{\"@id\":\"https:\\\/\\\/suresms.com\\\/en\\\/#website\"},\"primaryImageOfPage\":{\"@id\":\"https:\\\/\\\/suresms.com\\\/dk\\\/branchelosninger\\\/sms-klubber\\\/#primaryimage\"},\"image\":{\"@id\":\"https:\\\/\\\/suresms.com\\\/dk\\\/branchelosninger\\\/sms-klubber\\\/#primaryimage\"},\"thumbnailUrl\":\"https:\\\/\\\/suresms.com\\\/wp-content\\\/uploads\\\/2015\\\/02\\\/REB-Rodskov1.jpg\",\"datePublished\":\"2015-02-09T17:26:23+00:00\",\"dateModified\":\"2025-01-05T00:19:58+00:00\",\"description\":\"L\u00e6s om SMS til klubber og foreninger. Send enkelt og sikkert mange SMS'er til grupper af personer. Enkelt login og mulighed for flere brugere. Kun 18 \u00f8re\",\"breadcrumb\":{\"@id\":\"https:\\\/\\\/suresms.com\\\/dk\\\/branchelosninger\\\/sms-klubber\\\/#breadcrumb\"},\"inLanguage\":\"es\",\"potentialAction\":[{\"@type\":\"ReadAction\",\"target\":[\"https:\\\/\\\/suresms.com\\\/dk\\\/branchelosninger\\\/sms-klubber\\\/\"]}]},{\"@type\":\"ImageObject\",\"inLanguage\":\"es\",\"@id\":\"https:\\\/\\\/suresms.com\\\/dk\\\/branchelosninger\\\/sms-klubber\\\/#primaryimage\",\"url\":\"https:\\\/\\\/suresms.com\\\/wp-content\\\/uploads\\\/2015\\\/02\\\/REB-Rodskov1.jpg\",\"contentUrl\":\"https:\\\/\\\/suresms.com\\\/wp-content\\\/uploads\\\/2015\\\/02\\\/REB-Rodskov1.jpg\"},{\"@type\":\"BreadcrumbList\",\"@id\":\"https:\\\/\\\/suresms.com\\\/dk\\\/branchelosninger\\\/sms-klubber\\\/#breadcrumb\",\"itemListElement\":[{\"@type\":\"ListItem\",\"position\":1,\"name\":\"Home\",\"item\":\"https:\\\/\\\/suresms.com\\\/dk\\\/\"},{\"@type\":\"ListItem\",\"position\":2,\"name\":\"Branchel\u00f8sninger\",\"item\":\"https:\\\/\\\/suresms.com\\\/dk\\\/branchelosninger\\\/\"},{\"@type\":\"ListItem\",\"position\":3,\"name\":\"SMS til Klubber og foreninger\"}]},{\"@type\":\"WebSite\",\"@id\":\"https:\\\/\\\/suresms.com\\\/en\\\/#website\",\"url\":\"https:\\\/\\\/suresms.com\\\/en\\\/\",\"name\":\"SureSMS\",\"description\":\"Professionel SMS Gateway\",\"publisher\":{\"@id\":\"https:\\\/\\\/suresms.com\\\/en\\\/#organization\"},\"potentialAction\":[{\"@type\":\"SearchAction\",\"target\":{\"@type\":\"EntryPoint\",\"urlTemplate\":\"https:\\\/\\\/suresms.com\\\/en\\\/?s={search_term_string}\"},\"query-input\":{\"@type\":\"PropertyValueSpecification\",\"valueRequired\":true,\"valueName\":\"search_term_string\"}}],\"inLanguage\":\"es\"},{\"@type\":\"Organization\",\"@id\":\"https:\\\/\\\/suresms.com\\\/en\\\/#organization\",\"name\":\"SureSMS\",\"url\":\"https:\\\/\\\/suresms.com\\\/en\\\/\",\"logo\":{\"@type\":\"ImageObject\",\"inLanguage\":\"es\",\"@id\":\"https:\\\/\\\/suresms.com\\\/en\\\/#\\\/schema\\\/logo\\\/image\\\/\",\"url\":\"https:\\\/\\\/suresms.com\\\/wp-content\\\/uploads\\\/2024\\\/11\\\/suresms-300x65-1.png\",\"contentUrl\":\"https:\\\/\\\/suresms.com\\\/wp-content\\\/uploads\\\/2024\\\/11\\\/suresms-300x65-1.png\",\"width\":300,\"height\":65,\"caption\":\"SureSMS\"},\"image\":{\"@id\":\"https:\\\/\\\/suresms.com\\\/en\\\/#\\\/schema\\\/logo\\\/image\\\/\"},\"sameAs\":[\"https:\\\/\\\/www.facebook.com\\\/p\\\/SureSMS-100044607956149\\\/\"]}]}<\/script>\r\n<!-- \/ Yoast SEO Premium plugin. -->","yoast_head_json":{"title":"SMS club | SMS para clubes y asociaciones \u2713 Empieza aqu\u00ed","description":"M\u00e1s informaci\u00f3n sobre SMS para clubes y organizaciones. Env\u00ede muchos mensajes SMS a grupos de personas de forma f\u00e1cil y segura. Un \u00fanico inicio de sesi\u00f3n y varios usuarios. S\u00f3lo 18 \u00f8re","robots":{"index":"index","follow":"follow","max-snippet":"max-snippet:-1","max-image-preview":"max-image-preview:large","max-video-preview":"max-video-preview:-1"},"canonical":"https:\/\/suresms.com\/es\/descargas-de-rama\/clubes-sms\/","og_locale":"es_ES","og_type":"article","og_title":"SMS til Klubber og foreninger","og_description":"L\u00e6s om SMS til klubber og foreninger. Send enkelt og sikkert mange SMS'er til grupper af personer. Enkelt login og mulighed for flere brugere. Kun 18 \u00f8re","og_url":"https:\/\/suresms.com\/es\/descargas-de-rama\/clubes-sms\/","article_publisher":"https:\/\/www.facebook.com\/p\/SureSMS-100044607956149\/","article_modified_time":"2025-01-05T00:19:58+00:00","og_image":[{"width":400,"height":266,"url":"https:\/\/suresms.com\/wp-content\/uploads\/2015\/02\/sms-til-klubber-snippet.jpg","type":"image\/jpeg"}],"twitter_card":"summary_large_image","twitter_misc":{"Tiempo de lectura":"3 minutos"},"schema":{"@context":"https:\/\/schema.org","@graph":[{"@type":"WebPage","@id":"https:\/\/suresms.com\/dk\/branchelosninger\/sms-klubber\/","url":"https:\/\/suresms.com\/dk\/branchelosninger\/sms-klubber\/","name":"SMS club | SMS para clubes y asociaciones \u2713 Empieza aqu\u00ed","isPartOf":{"@id":"https:\/\/suresms.com\/en\/#website"},"primaryImageOfPage":{"@id":"https:\/\/suresms.com\/dk\/branchelosninger\/sms-klubber\/#primaryimage"},"image":{"@id":"https:\/\/suresms.com\/dk\/branchelosninger\/sms-klubber\/#primaryimage"},"thumbnailUrl":"https:\/\/suresms.com\/wp-content\/uploads\/2015\/02\/REB-Rodskov1.jpg","datePublished":"2015-02-09T17:26:23+00:00","dateModified":"2025-01-05T00:19:58+00:00","description":"M\u00e1s informaci\u00f3n sobre SMS para clubes y organizaciones. Env\u00ede muchos mensajes SMS a grupos de personas de forma f\u00e1cil y segura. Un \u00fanico inicio de sesi\u00f3n y varios usuarios. S\u00f3lo 18 \u00f8re","breadcrumb":{"@id":"https:\/\/suresms.com\/dk\/branchelosninger\/sms-klubber\/#breadcrumb"},"inLanguage":"es","potentialAction":[{"@type":"ReadAction","target":["https:\/\/suresms.com\/dk\/branchelosninger\/sms-klubber\/"]}]},{"@type":"ImageObject","inLanguage":"es","@id":"https:\/\/suresms.com\/dk\/branchelosninger\/sms-klubber\/#primaryimage","url":"https:\/\/suresms.com\/wp-content\/uploads\/2015\/02\/REB-Rodskov1.jpg","contentUrl":"https:\/\/suresms.com\/wp-content\/uploads\/2015\/02\/REB-Rodskov1.jpg"},{"@type":"BreadcrumbList","@id":"https:\/\/suresms.com\/dk\/branchelosninger\/sms-klubber\/#breadcrumb","itemListElement":[{"@type":"ListItem","position":1,"name":"Home","item":"https:\/\/suresms.com\/dk\/"},{"@type":"ListItem","position":2,"name":"Branchel\u00f8sninger","item":"https:\/\/suresms.com\/dk\/branchelosninger\/"},{"@type":"ListItem","position":3,"name":"SMS til Klubber og foreninger"}]},{"@type":"WebSite","@id":"https:\/\/suresms.com\/en\/#website","url":"https:\/\/suresms.com\/en\/","name":"SureSMS","description":"Pasarela SMS profesional","publisher":{"@id":"https:\/\/suresms.com\/en\/#organization"},"potentialAction":[{"@type":"SearchAction","target":{"@type":"EntryPoint","urlTemplate":"https:\/\/suresms.com\/en\/?s={search_term_string}"},"query-input":{"@type":"PropertyValueSpecification","valueRequired":true,"valueName":"search_term_string"}}],"inLanguage":"es"},{"@type":"Organization","@id":"https:\/\/suresms.com\/en\/#organization","name":"SureSMS","url":"https:\/\/suresms.com\/en\/","logo":{"@type":"ImageObject","inLanguage":"es","@id":"https:\/\/suresms.com\/en\/#\/schema\/logo\/image\/","url":"https:\/\/suresms.com\/wp-content\/uploads\/2024\/11\/suresms-300x65-1.png","contentUrl":"https:\/\/suresms.com\/wp-content\/uploads\/2024\/11\/suresms-300x65-1.png","width":300,"height":65,"caption":"SureSMS"},"image":{"@id":"https:\/\/suresms.com\/en\/#\/schema\/logo\/image\/"},"sameAs":["https:\/\/www.facebook.com\/p\/SureSMS-100044607956149\/"]}]}},"_links":{"self":[{"href":"https:\/\/suresms.com\/es\/wp-json\/wp\/v2\/pages\/868","targetHints":{"allow":["GET"]}}],"collection":[{"href":"https:\/\/suresms.com\/es\/wp-json\/wp\/v2\/pages"}],"about":[{"href":"https:\/\/suresms.com\/es\/wp-json\/wp\/v2\/types\/page"}],"author":[{"embeddable":true,"href":"https:\/\/suresms.com\/es\/wp-json\/wp\/v2\/users\/1"}],"replies":[{"embeddable":true,"href":"https:\/\/suresms.com\/es\/wp-json\/wp\/v2\/comments?post=868"}],"version-history":[{"count":5,"href":"https:\/\/suresms.com\/es\/wp-json\/wp\/v2\/pages\/868\/revisions"}],"predecessor-version":[{"id":21219,"href":"https:\/\/suresms.com\/es\/wp-json\/wp\/v2\/pages\/868\/revisions\/21219"}],"up":[{"embeddable":true,"href":"https:\/\/suresms.com\/es\/wp-json\/wp\/v2\/pages\/1654"}],"wp:attachment":[{"href":"https:\/\/suresms.com\/es\/wp-json\/wp\/v2\/media?parent=868"}],"wp:term":[{"taxonomy":"category","embeddable":true,"href":"https:\/\/suresms.com\/es\/wp-json\/wp\/v2\/categories?post=868"},{"taxonomy":"post_tag","embeddable":true,"href":"https:\/\/suresms.com\/es\/wp-json\/wp\/v2\/tags?post=868"}],"curies":[{"name":"wp","href":"https:\/\/api.w.org\/{rel}","templated":true}]}}