{"id":755,"date":"2014-12-17T20:12:52","date_gmt":"2014-12-17T18:12:52","guid":{"rendered":"https:\/\/www.suresms.com\/dk\/?page_id=755"},"modified":"2025-01-10T10:55:05","modified_gmt":"2025-01-10T10:55:05","slug":"mensajes-sms-combinados-para-grupos","status":"publish","type":"page","link":"https:\/\/suresms.com\/es\/funktioner\/sms-fletning-af-beskeder-til-grupper\/","title":{"rendered":"Fusi\u00f3n de mensajes SMS a grupos"},"content":{"rendered":"<!-- Flexy Breadcrumb -->\r\n\t\t\t<div class=\"fbc fbc-page\">\r\n\r\n\t\t\t\t<!-- Breadcrumb wrapper -->\r\n\t\t\t\t<div class=\"fbc-wrap\">\r\n\r\n\t\t\t\t\t<!-- Ordered list-->\r\n\t\t\t\t\t<ol class=\"fbc-items\" itemscope itemtype=\"https:\/\/schema.org\/BreadcrumbList\">\r\n\t\t\t\t\t\t            <li itemprop=\"itemListElement\" itemscope itemtype=\"https:\/\/schema.org\/ListItem\">\r\n                <span itemprop=\"name\">\r\n                    <!-- Home Link -->\r\n                    <a itemprop=\"item\" href=\"https:\/\/suresms.com\/es\/\">\r\n                    \r\n                                                    <i class=\"fa fa-home\" aria-hidden=\"true\"><\/i>Inicio                    <\/a>\r\n                <\/span>\r\n                <meta itemprop=\"position\" content=\"1\" \/><!-- Meta Position-->\r\n             <\/li><li><span class=\"fbc-separator\">\/<\/span><\/li><li class=\"active\" itemprop=\"itemListElement\" itemscope itemtype=\"https:\/\/schema.org\/ListItem\"><span itemprop=\"name\" title=\"Fusi\u00f3n de mensajes SMS a grupos\">Fusi\u00f3n de mensajes SMS...<\/span><meta itemprop=\"position\" content=\"2\" \/><\/li>\t\t\t\t\t<\/ol>\r\n\t\t\t\t\t<div class=\"clearfix\"><\/div>\r\n\t\t\t\t<\/div>\r\n\t\t\t<\/div>\r\n\t\t\t\n<h1>\n\t\tTrenzar en mensajes\n\t<\/h1>\n\t<p>Enviar mensajes a muchos usuarios al mismo tiempo es f\u00e1cil y c\u00f3modo, pero \u00bfc\u00f3mo asegurarse de que sus SMS sigan siendo personalizados?<\/p>\n<p>Como usuario de Sure SMS, puedes personalizar tus mensajes fusionando el nombre del destinatario en el propio mensaje. Esto crea un mejor contacto y, por tanto, una mejor relaci\u00f3n con el destinatario, ya sea un empleado, un cliente o un usuario potencial de uno de tus productos.<\/p>\n\t<ul>\n\t\t<li>\t\t\t\t\n\t\t<h3>Opciones para nombre y apellidos<\/h3><p>Por ejemplo, si tienes un grupo de clientes a los que env\u00edas mensajes, puedes crearlos por nombre y apellidos en SureSMS. Cuando env\u00edes mensajes, puedes escribir un peque\u00f1o c\u00f3digo en el mensaje donde deber\u00eda estar el nombre de pila, por ejemplo \"Hola , feliz cumplea\u00f1os\". El sistema fusionar\u00e1 autom\u00e1ticamente el nombre de pila de la persona en el espacio donde est\u00e1 escrito el c\u00f3digo.<\/p><\/li><li>\t\t\t\t\n\t\t<h3>Fusionar otros campos<\/h3><p>Tambi\u00e9n tiene la opci\u00f3n de a\u00f1adir sus propios valores. Por ejemplo, podr\u00eda ser <br \/>Marca de coche si es mec\u00e1nico<br \/>N\u00famero de clase si da clases<br \/>Escalera si se trata de una asociaci\u00f3n de viviendas<\/p><\/li>\t<\/ul>\n<p><em>Por ejemplo, puedes escribir \"Hola , feliz cumplea\u00f1os\". El sistema fusionar\u00e1 autom\u00e1ticamente el nombre de pila de la persona en el espacio donde est\u00e1 escrito el c\u00f3digo.<\/em><\/p>\n<p>Seg\u00fan el destinatario del mensaje y la funci\u00f3n del mismo, puede <strong>seleccione el nombre, los apellidos o su nombre completo<\/strong>.<\/p>\n<p>Hemos realizado un breve v\u00eddeo sobre esta funci\u00f3n, que puede ver siguiendo el enlace de esta p\u00e1gina.<\/p>\n\t\t<h3>\u00a1Pru\u00e9belo YA!<\/h3>\n\t\t<p>Crea ahora una cuenta de prueba gratuita y recibe 50 SMS gratis. Sin compromiso<\/p>\n\t\t\t<a href=\"https:\/\/suresms.com\/es\/cuenta-de-prueba-de-sms-gratis\/\" target=\"_self\">\n\t\t\t\t\t\t\tCrear una cuenta de prueba\n\t\t\t\t\t<\/a>\n\t\t\t\t\t<video src=\"https:\/\/suresms.com\/wp-content\/uploads\/2024\/10\/Dokumentation-Import-af-kontakter-til-adressebogen.mp4\" alt=\"hosted-video-thumbnail\"><\/video>\n\t<p><strong>C\u00f3mo combinar f\u00e1cilmente nombres en los mensajes<\/strong><\/p>\n<ol>\n<li>Seleccionar grupo<\/li>\n<li>Escriba su mensaje como de costumbre en el campo de texto, pero en lugar de un nombre, escriba un c\u00f3digo.<\/li>\n<li>Pulse \"Enviar\". Ver instrucciones detalladas y c\u00f3digos <a title=\"Manual\" href=\"https:\/\/suresms.com\/es\/docs\/cuenta-3\/nombre-de-la-estacion-3\/#___Flet_informationer_i_besked__\" target=\"_blank\" rel=\"noopener\">\u00a1Toma!<\/a><\/li>\n<\/ol>\n<p><strong>Es importante que compruebe que todos los contactos est\u00e1n actualizados con los nombres y apellidos correctos antes de utilizar la funci\u00f3n de fusi\u00f3n.\u00a0<\/strong><\/p>\n\t<h4><strong>Aqu\u00ed puede leer algunos ejemplos de c\u00f3mo utilizan actualmente esta funci\u00f3n nuestros clientes: \"Fusionar nombre de destinatario en GroupSMS\"<\/strong><\/h4>\n\n<ul> \t\n<li>Un hospital utiliza el trenzado de SMS en un proyecto de investigaci\u00f3n. Env\u00edan mensajes diarios a los participantes en el ensayo con informaci\u00f3n, instrucciones sobre medicaci\u00f3n y posolog\u00eda.<\/li>\n\n<li>Un concesionario env\u00eda mensajes de texto autom\u00e1ticos a sus clientes al d\u00eda siguiente de la reparaci\u00f3n de su coche. En el SMS se pregunta al cliente por su experiencia en el proceso. El concesionario obtiene as\u00ed una evaluaci\u00f3n r\u00e1pida y eficaz de su servicio.<\/li>\n\n<li>Un asesor de peso utiliza la funci\u00f3n de fusi\u00f3n cuando env\u00eda mensajes SMS a los afiliados. Los mensajes personalizados con mensajes contundentes son mucho m\u00e1s motivadores y suelen tener mayor impacto.<\/li>\n\n<li>Entre nuestros clientes que utilizan la funci\u00f3n de fusi\u00f3n tambi\u00e9n hay muchos que en realidad no env\u00edan un gran volumen de mensajes, pero en los que los nombres se integran en mensajes m\u00e1s personalizados. Por ejemplo, tenemos empresas que la utilizan para convocar reuniones, al igual que tenemos un relojero que la utiliza para mensajes relativos a mercanc\u00edas para recoger.<\/li>\n<\/ul>","protected":false},"excerpt":{"rendered":"<p>Fusionar mensajes Es f\u00e1cil y c\u00f3modo enviar mensajes a muchos usuarios al mismo tiempo, pero \u00bfc\u00f3mo te aseguras de que tus SMS sigan siendo personalizados? Como usuario de Sure SMS, puedes personalizar tus mensajes incorporando el nombre del destinatario en el propio mensaje. Esto crea un ... <a title=\"Fusi\u00f3n de mensajes SMS a grupos\" class=\"read-more\" href=\"https:\/\/suresms.com\/es\/funktioner\/sms-fletning-af-beskeder-til-grupper\/\" aria-label=\"Leer m\u00e1s sobre Fusi\u00f3n de mensajes SMS para grupos\">M\u00e1s informaci\u00f3n<\/a><\/p>","protected":false},"author":1,"featured_media":0,"parent":958,"menu_order":11,"comment_status":"closed","ping_status":"closed","template":"","meta":{"_fl_builder_enabled":"1","_fl_builder_data":null,"_fl_builder_draft":null,"_fl_builder_data_settings":null,"_fl_builder_css":"","_fl_builder_css_version":"","_fl_builder_js":"","footnotes":""},"categories":[17],"tags":[],"class_list":{"0":"post-755","1":"page","2":"type-page","3":"status-publish","5":"category-linkfracornorstone"},"yoast_head":"<!-- This site is optimized with the Yoast SEO Premium plugin v27.3 (Yoast SEO v27.3) - https:\/\/yoast.com\/product\/yoast-seo-premium-wordpress\/ -->\r\n<title>SMS fletning af beskeder til grupper<\/title>\r\n<meta name=\"description\" content=\"Du kan nemt g\u00f8re dine SMS beskeder personlige med SureSMS. Ved at bruge nogle simple koder, kan du g\u00f8re beskeden helt personlig. Se her hvordan.\" \/>\r\n<meta name=\"robots\" content=\"index, follow, max-snippet:-1, max-image-preview:large, max-video-preview:-1\" \/>\r\n<link rel=\"canonical\" href=\"https:\/\/suresms.com\/es\/caracteristicas\/mensajes-sms-combinados-para-grupos\/\" \/>\r\n<meta property=\"og:locale\" content=\"es_ES\" \/>\r\n<meta property=\"og:type\" content=\"article\" \/>\r\n<meta property=\"og:title\" content=\"SMS fletning af beskeder til grupper\" \/>\r\n<meta property=\"og:description\" content=\"Du kan nemt g\u00f8re dine SMS beskeder personlige med SureSMS. Ved at bruge nogle simple koder, kan du g\u00f8re beskeden helt personlig. Se her hvordan.\" \/>\r\n<meta property=\"og:url\" content=\"https:\/\/suresms.com\/es\/caracteristicas\/mensajes-sms-combinados-para-grupos\/\" \/>\r\n<meta property=\"article:publisher\" content=\"https:\/\/www.facebook.com\/p\/SureSMS-100044607956149\/\" \/>\r\n<meta property=\"article:modified_time\" content=\"2025-01-10T10:55:05+00:00\" \/>\r\n<meta name=\"twitter:card\" content=\"summary_large_image\" \/>\r\n<meta name=\"twitter:label1\" content=\"Tiempo de lectura\" \/>\n\t<meta name=\"twitter:data1\" content=\"3 minutos\" \/>\r\n<script type=\"application\/ld+json\" class=\"yoast-schema-graph\">{\"@context\":\"https:\\\/\\\/schema.org\",\"@graph\":[{\"@type\":\"WebPage\",\"@id\":\"https:\\\/\\\/suresms.com\\\/dk\\\/funktioner\\\/sms-fletning-af-beskeder-til-grupper\\\/\",\"url\":\"https:\\\/\\\/suresms.com\\\/dk\\\/funktioner\\\/sms-fletning-af-beskeder-til-grupper\\\/\",\"name\":\"SMS fletning af beskeder til grupper\",\"isPartOf\":{\"@id\":\"https:\\\/\\\/suresms.com\\\/en\\\/#website\"},\"datePublished\":\"2014-12-17T18:12:52+00:00\",\"dateModified\":\"2025-01-10T10:55:05+00:00\",\"description\":\"Du kan nemt g\u00f8re dine SMS beskeder personlige med SureSMS. Ved at bruge nogle simple koder, kan du g\u00f8re beskeden helt personlig. Se her hvordan.\",\"breadcrumb\":{\"@id\":\"https:\\\/\\\/suresms.com\\\/dk\\\/funktioner\\\/sms-fletning-af-beskeder-til-grupper\\\/#breadcrumb\"},\"inLanguage\":\"es\",\"potentialAction\":[{\"@type\":\"ReadAction\",\"target\":[\"https:\\\/\\\/suresms.com\\\/dk\\\/funktioner\\\/sms-fletning-af-beskeder-til-grupper\\\/\"]}]},{\"@type\":\"BreadcrumbList\",\"@id\":\"https:\\\/\\\/suresms.com\\\/dk\\\/funktioner\\\/sms-fletning-af-beskeder-til-grupper\\\/#breadcrumb\",\"itemListElement\":[{\"@type\":\"ListItem\",\"position\":1,\"name\":\"Home\",\"item\":\"https:\\\/\\\/suresms.com\\\/dk\\\/\"},{\"@type\":\"ListItem\",\"position\":2,\"name\":\"Funktioner\",\"item\":\"https:\\\/\\\/suresms.com\\\/dk\\\/funktioner\\\/\"},{\"@type\":\"ListItem\",\"position\":3,\"name\":\"SMS fletning af beskeder til grupper\"}]},{\"@type\":\"WebSite\",\"@id\":\"https:\\\/\\\/suresms.com\\\/en\\\/#website\",\"url\":\"https:\\\/\\\/suresms.com\\\/en\\\/\",\"name\":\"SureSMS\",\"description\":\"Professionel SMS Gateway\",\"publisher\":{\"@id\":\"https:\\\/\\\/suresms.com\\\/en\\\/#organization\"},\"potentialAction\":[{\"@type\":\"SearchAction\",\"target\":{\"@type\":\"EntryPoint\",\"urlTemplate\":\"https:\\\/\\\/suresms.com\\\/en\\\/?s={search_term_string}\"},\"query-input\":{\"@type\":\"PropertyValueSpecification\",\"valueRequired\":true,\"valueName\":\"search_term_string\"}}],\"inLanguage\":\"es\"},{\"@type\":\"Organization\",\"@id\":\"https:\\\/\\\/suresms.com\\\/en\\\/#organization\",\"name\":\"SureSMS\",\"url\":\"https:\\\/\\\/suresms.com\\\/en\\\/\",\"logo\":{\"@type\":\"ImageObject\",\"inLanguage\":\"es\",\"@id\":\"https:\\\/\\\/suresms.com\\\/en\\\/#\\\/schema\\\/logo\\\/image\\\/\",\"url\":\"https:\\\/\\\/suresms.com\\\/wp-content\\\/uploads\\\/2024\\\/11\\\/suresms-300x65-1.png\",\"contentUrl\":\"https:\\\/\\\/suresms.com\\\/wp-content\\\/uploads\\\/2024\\\/11\\\/suresms-300x65-1.png\",\"width\":300,\"height\":65,\"caption\":\"SureSMS\"},\"image\":{\"@id\":\"https:\\\/\\\/suresms.com\\\/en\\\/#\\\/schema\\\/logo\\\/image\\\/\"},\"sameAs\":[\"https:\\\/\\\/www.facebook.com\\\/p\\\/SureSMS-100044607956149\\\/\"]}]}<\/script>\r\n<!-- \/ Yoast SEO Premium plugin. -->","yoast_head_json":{"title":"Fusi\u00f3n de mensajes SMS a grupos","description":"Puedes personalizar f\u00e1cilmente tus mensajes SMS con SureSMS. Utilizando unos sencillos c\u00f3digos, puedes hacer que tu mensaje sea totalmente personalizado. Vea c\u00f3mo aqu\u00ed.","robots":{"index":"index","follow":"follow","max-snippet":"max-snippet:-1","max-image-preview":"max-image-preview:large","max-video-preview":"max-video-preview:-1"},"canonical":"https:\/\/suresms.com\/es\/caracteristicas\/mensajes-sms-combinados-para-grupos\/","og_locale":"es_ES","og_type":"article","og_title":"SMS fletning af beskeder til grupper","og_description":"Du kan nemt g\u00f8re dine SMS beskeder personlige med SureSMS. Ved at bruge nogle simple koder, kan du g\u00f8re beskeden helt personlig. Se her hvordan.","og_url":"https:\/\/suresms.com\/es\/caracteristicas\/mensajes-sms-combinados-para-grupos\/","article_publisher":"https:\/\/www.facebook.com\/p\/SureSMS-100044607956149\/","article_modified_time":"2025-01-10T10:55:05+00:00","twitter_card":"summary_large_image","twitter_misc":{"Tiempo de lectura":"3 minutos"},"schema":{"@context":"https:\/\/schema.org","@graph":[{"@type":"WebPage","@id":"https:\/\/suresms.com\/dk\/funktioner\/sms-fletning-af-beskeder-til-grupper\/","url":"https:\/\/suresms.com\/dk\/funktioner\/sms-fletning-af-beskeder-til-grupper\/","name":"Fusi\u00f3n de mensajes SMS a grupos","isPartOf":{"@id":"https:\/\/suresms.com\/en\/#website"},"datePublished":"2014-12-17T18:12:52+00:00","dateModified":"2025-01-10T10:55:05+00:00","description":"Puedes personalizar f\u00e1cilmente tus mensajes SMS con SureSMS. Utilizando unos sencillos c\u00f3digos, puedes hacer que tu mensaje sea totalmente personalizado. Vea c\u00f3mo aqu\u00ed.","breadcrumb":{"@id":"https:\/\/suresms.com\/dk\/funktioner\/sms-fletning-af-beskeder-til-grupper\/#breadcrumb"},"inLanguage":"es","potentialAction":[{"@type":"ReadAction","target":["https:\/\/suresms.com\/dk\/funktioner\/sms-fletning-af-beskeder-til-grupper\/"]}]},{"@type":"BreadcrumbList","@id":"https:\/\/suresms.com\/dk\/funktioner\/sms-fletning-af-beskeder-til-grupper\/#breadcrumb","itemListElement":[{"@type":"ListItem","position":1,"name":"Home","item":"https:\/\/suresms.com\/dk\/"},{"@type":"ListItem","position":2,"name":"Funktioner","item":"https:\/\/suresms.com\/dk\/funktioner\/"},{"@type":"ListItem","position":3,"name":"SMS fletning af beskeder til grupper"}]},{"@type":"WebSite","@id":"https:\/\/suresms.com\/en\/#website","url":"https:\/\/suresms.com\/en\/","name":"SureSMS","description":"Pasarela SMS profesional","publisher":{"@id":"https:\/\/suresms.com\/en\/#organization"},"potentialAction":[{"@type":"SearchAction","target":{"@type":"EntryPoint","urlTemplate":"https:\/\/suresms.com\/en\/?s={search_term_string}"},"query-input":{"@type":"PropertyValueSpecification","valueRequired":true,"valueName":"search_term_string"}}],"inLanguage":"es"},{"@type":"Organization","@id":"https:\/\/suresms.com\/en\/#organization","name":"SureSMS","url":"https:\/\/suresms.com\/en\/","logo":{"@type":"ImageObject","inLanguage":"es","@id":"https:\/\/suresms.com\/en\/#\/schema\/logo\/image\/","url":"https:\/\/suresms.com\/wp-content\/uploads\/2024\/11\/suresms-300x65-1.png","contentUrl":"https:\/\/suresms.com\/wp-content\/uploads\/2024\/11\/suresms-300x65-1.png","width":300,"height":65,"caption":"SureSMS"},"image":{"@id":"https:\/\/suresms.com\/en\/#\/schema\/logo\/image\/"},"sameAs":["https:\/\/www.facebook.com\/p\/SureSMS-100044607956149\/"]}]}},"_links":{"self":[{"href":"https:\/\/suresms.com\/es\/wp-json\/wp\/v2\/pages\/755","targetHints":{"allow":["GET"]}}],"collection":[{"href":"https:\/\/suresms.com\/es\/wp-json\/wp\/v2\/pages"}],"about":[{"href":"https:\/\/suresms.com\/es\/wp-json\/wp\/v2\/types\/page"}],"author":[{"embeddable":true,"href":"https:\/\/suresms.com\/es\/wp-json\/wp\/v2\/users\/1"}],"replies":[{"embeddable":true,"href":"https:\/\/suresms.com\/es\/wp-json\/wp\/v2\/comments?post=755"}],"version-history":[{"count":5,"href":"https:\/\/suresms.com\/es\/wp-json\/wp\/v2\/pages\/755\/revisions"}],"predecessor-version":[{"id":21398,"href":"https:\/\/suresms.com\/es\/wp-json\/wp\/v2\/pages\/755\/revisions\/21398"}],"up":[{"embeddable":true,"href":"https:\/\/suresms.com\/es\/wp-json\/wp\/v2\/pages\/958"}],"wp:attachment":[{"href":"https:\/\/suresms.com\/es\/wp-json\/wp\/v2\/media?parent=755"}],"wp:term":[{"taxonomy":"category","embeddable":true,"href":"https:\/\/suresms.com\/es\/wp-json\/wp\/v2\/categories?post=755"},{"taxonomy":"post_tag","embeddable":true,"href":"https:\/\/suresms.com\/es\/wp-json\/wp\/v2\/tags?post=755"}],"curies":[{"name":"wp","href":"https:\/\/api.w.org\/{rel}","templated":true}]}}