{"id":748,"date":"2014-12-16T20:14:42","date_gmt":"2014-12-16T18:14:42","guid":{"rendered":"https:\/\/www.suresms.com\/dk\/?page_id=748"},"modified":"2024-11-24T17:03:16","modified_gmt":"2024-11-24T17:03:16","slug":"wilkaar","status":"publish","type":"page","link":"https:\/\/suresms.com\/es\/politikker\/vilkaar\/","title":{"rendered":"Condiciones generales"},"content":{"rendered":"<p><strong>En general<\/strong><\/p>\n<ol>\n<li>El acceso y uso del sitio web y software de SureSMS est\u00e1 sujeto a los siguientes t\u00e9rminos, condiciones y condiciones\u00a0<a href=\"https:\/\/suresms.com\/es\/politica-de-privacidad\/\">pol\u00edtica de privacidad<\/a>. Al utilizar este sitio web usted acepta nuestros t\u00e9rminos y condiciones y\u00a0<a href=\"https:\/\/suresms.com\/es\/politica-de-privacidad\/\">pol\u00edtica de privacidad<\/a>. Si no est\u00e1 de acuerdo con los siguientes t\u00e9rminos y condiciones o con nuestra pol\u00edtica de privacidad, debe dejar de utilizar inmediatamente el servicio y el software proporcionados por SureSMS.<\/li>\n<li>Al aceptar estas condiciones, usted se compromete a,\n<ul>\n<li>que una persona en representaci\u00f3n de SureSMS pueda ponerse en contacto con usted por tel\u00e9fono, correo electr\u00f3nico o SMS en relaci\u00f3n con los servicios que utiliza.<\/li>\n<li>que una persona en representaci\u00f3n de SureSMS pueda ponerse en contacto con usted por tel\u00e9fono, correo electr\u00f3nico o SMS en relaci\u00f3n con servicios relacionados.<\/li>\n<li>que SureSMS puede utilizar el nombre de la empresa que usted representa con fines de marketing.<\/li>\n<li>que si no desea que nos pongamos en contacto con usted, puede\u00a0<a href=\"https:\/\/suresms.com\/es\/pongase-en-contacto-con\/\">aqu\u00ed <\/a>optar por no ser contactado<\/li>\n<\/ul>\n<\/li>\n<li>Si no cumple todas las condiciones siguientes, su derecho de acceso cesar\u00e1 inmediatamente.<\/li>\n<li>Nos reservamos el derecho a modificar estas condiciones sin previo aviso. Las condiciones modificadas entrar\u00e1n en vigor en el momento especificado en las mismas. Estar\u00e1n disponibles aqu\u00ed, en el sitio web. Por lo tanto, le rogamos que las lea con regularidad cuando visite el sitio web. El uso continuado del sitio web y del software desarrollado por SureSMS implica la aceptaci\u00f3n de las nuevas condiciones de uso.<\/li>\n<li>SureSMS almacena sus datos personales mientras usted sea usuario de nuestros sistemas. SureSMS almacena sus datos personales durante un m\u00e1ximo de cinco a\u00f1os. Como usuario registrado de SureSMS, tiene derecho a oponerse al registro escribiendo a info@suresms.com. Glen Mandsberg es designado responsable del tratamiento de datos en SureSMS y empresas relacionadas. En cualquier momento puede pedirnos que eliminemos sus datos, solicitar la informaci\u00f3n que tenemos sobre usted y pedirnos que corrijamos errores y omisiones en su informaci\u00f3n personal.<\/li>\n<\/ol>\n<p><strong>Nuestros servicios<\/strong><\/p>\n<ol>\n<li>Ofrecemos un servicio que permite utilizar las redes de las compa\u00f1\u00edas telef\u00f3nicas para enviar y recibir mensajes SMS desde tel\u00e9fonos m\u00f3viles.<\/li>\n<li>El precio de nuestros servicios depende de las prestaciones que desee, el pa\u00eds al que quiera enviar y el software que utilice para el env\u00edo. Puede obtener nuestra lista de precios actualizada en cualquier momento enviando un correo electr\u00f3nico a <a href=\"mailto:info@suresms.com\">info@suresms.com<\/a>.<\/li>\n<li>SureSMS proporciona ayuda en l\u00ednea en forma de sitio web. Si el servicio de asistencia no cuenta con personal, hacemos todo lo posible por responder a la asistencia por chat. Siempre puedes pedir ayuda a nuestro personal de soporte escribiendo un correo electr\u00f3nico a <a href=\"mailto:support@suresms.com\">support@suresms.com<\/a>.<\/li>\n<li>Nos esforzamos por ofrecerle acceso ilimitado al sitio web y a otros sistemas. Sin embargo, no podemos garantizar la disponibilidad ininterrumpida de nuestro servicio, al igual que las empresas de telecomunicaciones no pueden garantizar la entrega de mensajes SMS.<\/li>\n<li>Nos reservamos el derecho a editar, borrar, eliminar, modificar y mejorar todos los datos, informaci\u00f3n y contenidos que aparecen en el sitio web en cualquier momento.<\/li>\n<\/ol>\n<p><strong>Uso autorizado<\/strong><\/p>\n<ol start=\"1\">\n<li>No podr\u00e1 utilizar este sitio web con fines ilegales, fraudulentos o deshonestos.<\/li>\n<li>Con nuestros sistemas no puedes hacerte pasar por otra persona que no seas t\u00fa.<\/li>\n<li>No debe perturbar, interrumpir o imponer una carga desproporcionada a nuestros sistemas de comunicaci\u00f3n o t\u00e9cnicos, seg\u00fan nuestra evaluaci\u00f3n.<\/li>\n<li>Usted est\u00e1 obligado a cumplir las leyes de los pa\u00edses a los que se env\u00edan mensajes SMS. Usted est\u00e1 obligado a obtener informaci\u00f3n sobre estas normas.<\/li>\n<li>SureSMS puede bloquear su cuenta sin previo aviso si existe sospecha de uso indebido de la cuenta para enviar mensajes SMS ilegales. Se le notificar\u00e1 inmediatamente si se bloquea su cuenta.<\/li>\n<li>Si SureSMS tiene que hacer frente a reclamaciones de indemnizaci\u00f3n como consecuencia del uso indebido de su cuenta, SureSMS podr\u00e1 hacerle responsable de dichas reclamaciones.<\/li>\n<\/ol>\n<p><strong>Derechos de propiedad intelectual<\/strong><\/p>\n<ol>\n<li>Los derechos de autor de los datos, contenidos e informaci\u00f3n mostrados en nuestro sitio web y sistemas de software asociados pertenecen a SureSMS. Puede imprimir, copiar, transferir o almacenar extractos del material y la informaci\u00f3n mostrados en el sitio web para su propio uso.<\/li>\n<li>Excepto cuando se indique lo contrario en estos t\u00e9rminos y condiciones, ninguno de nuestros derechos de propiedad en y alrededor de este sitio web (datos, contenido, material e informaci\u00f3n aqu\u00ed mostrada) puede ser utilizada, copiada, modificada, publicada, transmitida, vendida, derivada, redise\u00f1ada, reproducida, reformateada y distribuida sin autorizaci\u00f3n previa de SureSMS.<\/li>\n<\/ol>\n<p><strong>Abandono de nuestra responsabilidad<\/strong><\/p>\n<ol>\n<li>SureSMS no se hace responsable de las p\u00e9rdidas sufridas en relaci\u00f3n con el uso de este sitio web o de los productos de software relacionados. Esto no incluye ni las p\u00e9rdidas directas ni las indirectas.<\/li>\n<li>SureSMS no se hace responsable de las consecuencias de la falta de entrega de mensajes SMS, ya que la responsabilidad recae en las compa\u00f1\u00edas de telecomunicaciones.<\/li>\n<\/ol>\n<p><strong>Su responsabilidad<\/strong><\/p>\n<ol>\n<li>Deber\u00e1 tomar todas las precauciones necesarias para garantizar que los datos, contenidos, material e informaci\u00f3n que aporte (incluyendo\u00a0<em>contenido de usuario<\/em>) no contiene virus, programas esp\u00eda, programas maliciosos ni ning\u00fan otro elemento que pueda tener efectos perjudiciales para este sitio web, los sitios web de terceros u otros.<\/li>\n<li>Para utilizar este sitio web debe registrarse. Su nombre de usuario y contrase\u00f1a deben ser confidenciales para evitar abusos. Usted es responsable de las actividades realizadas a trav\u00e9s de su nombre de usuario.<\/li>\n<li>Usted es responsable de sus contribuciones a este sitio web y de los productos de software asociados. Esto abarca tambi\u00e9n el contenido de los mensajes SMS y los destinatarios y la informaci\u00f3n sobre los destinatarios. Debe garantizar que su contenido de usuario no infringe ning\u00fan derecho privado, derecho corporativo o derechos alternativos de terceros (incluida la informaci\u00f3n confidencial).<\/li>\n<li>Usted acepta que ser\u00e1 responsable de cualquier da\u00f1o, p\u00e9rdida, reclamaci\u00f3n, inconveniente, gasto en que SureSMS pueda incurrir como resultado de su uso del sitio web y los productos relacionados.<\/li>\n<li>Si desea oponerse a los c\u00e1lculos de una factura, debe hacerlo antes de la fecha de pago de la factura.<\/li>\n<\/ol>\n<p><strong>Anulaci\u00f3n<\/strong><\/p>\n<ol>\n<li>Puede cancelar su suscripci\u00f3n a SureSMS en cualquier momento. El periodo de cancelaci\u00f3n es de 0 (cero) d\u00edas.<\/li>\n<li>Aplicamos una pol\u00edtica de no devoluci\u00f3n. Esto significa que no reembolsamos los importes ya facturados o pagados. Siempre podr\u00e1s utilizar todo el saldo que tengas en tu cuenta de SureSMS.<\/li>\n<li>El saldo de tu cuenta SureSMS no caduca.<\/li>\n<li>Si deseas eliminar tu cuenta por completo, perder\u00e1s el importe depositado, incluidos los SMS gratuitos.<\/li>\n<\/ol>\n<p><strong>Cambios y actualizaciones<\/strong><\/p>\n<ol>\n<li>Podemos cambiar y actualizar los t\u00e9rminos y condiciones. El uso del sitio web despu\u00e9s de la actualizaci\u00f3n significa la aceptaci\u00f3n de la versi\u00f3n actualizada.<\/li>\n<li>Las condiciones se actualizaron por \u00faltima vez el 19 de diciembre de 2017.<\/li>\n<\/ol>\n<p>&nbsp;<\/p>","protected":false},"excerpt":{"rendered":"<p>General El acceso y uso del sitio web y software de SureSMS est\u00e1 sujeto a los siguientes t\u00e9rminos, condiciones y pol\u00edtica de privacidad. Al utilizar este sitio web, usted acepta nuestros t\u00e9rminos y condiciones y nuestra pol\u00edtica de privacidad. Si no est\u00e1 de acuerdo con los siguientes t\u00e9rminos y condiciones o nuestra pol\u00edtica de privacidad, debe dejar de utilizar inmediatamente el servicio y ... <a title=\"Condiciones generales\" class=\"read-more\" href=\"https:\/\/suresms.com\/es\/politikker\/vilkaar\/\" aria-label=\"Leer m\u00e1s sobre T\u00e9rminos y condiciones\">M\u00e1s informaci\u00f3n<\/a><\/p>","protected":false},"author":1,"featured_media":0,"parent":19124,"menu_order":22,"comment_status":"closed","ping_status":"closed","template":"","meta":{"_fl_builder_enabled":"1","_fl_builder_data":null,"_fl_builder_draft":null,"_fl_builder_data_settings":null,"_fl_builder_css":"","_fl_builder_css_version":"","_fl_builder_js":"","footnotes":""},"categories":[],"tags":[],"class_list":["post-748","page","type-page","status-publish"],"yoast_head":"<!-- This site is optimized with the Yoast SEO Premium plugin v27.3 (Yoast SEO v27.3) - https:\/\/yoast.com\/product\/yoast-seo-premium-wordpress\/ -->\r\n<title>Vilk\u00e5r og betingelser -<\/title>\r\n<meta name=\"robots\" content=\"index, follow, max-snippet:-1, max-image-preview:large, max-video-preview:-1\" \/>\r\n<link rel=\"canonical\" href=\"https:\/\/suresms.com\/es\/caracteristicas-2\/wilkaar\/\" \/>\r\n<meta property=\"og:locale\" content=\"es_ES\" \/>\r\n<meta property=\"og:type\" content=\"article\" \/>\r\n<meta property=\"og:title\" content=\"Vilk\u00e5r og betingelser\" \/>\r\n<meta property=\"og:description\" content=\"Generelt Adgangen og brugen af SureSMS hjemmeside og software sker med udgangspunkt i f\u00f8lgende vilk\u00e5r, betingelser og\u00a0persondatapolitik. Ved brug af denne hjemmeside erkl\u00e6rer du dig enig i vores vilk\u00e5r og betingelser og\u00a0persondatapolitik. Hvis du ikke er enig i de f\u00f8lgende vilk\u00e5r og betingelser eller vores persondatapolitik, skal du straks stoppe med at anvende service og ... Leer m\u00e1s\" \/>\r\n<meta property=\"og:url\" content=\"https:\/\/suresms.com\/es\/caracteristicas-2\/wilkaar\/\" \/>\r\n<meta property=\"article:publisher\" content=\"https:\/\/www.facebook.com\/p\/SureSMS-100044607956149\/\" \/>\r\n<meta property=\"article:modified_time\" content=\"2024-11-24T17:03:16+00:00\" \/>\r\n<meta name=\"twitter:card\" content=\"summary_large_image\" \/>\r\n<meta name=\"twitter:label1\" content=\"Tiempo de lectura\" \/>\n\t<meta name=\"twitter:data1\" content=\"5 minutos\" \/>\r\n<script type=\"application\/ld+json\" class=\"yoast-schema-graph\">{\"@context\":\"https:\\\/\\\/schema.org\",\"@graph\":[{\"@type\":\"WebPage\",\"@id\":\"https:\\\/\\\/suresms.com\\\/politikker\\\/vilkaar\\\/\",\"url\":\"https:\\\/\\\/suresms.com\\\/politikker\\\/vilkaar\\\/\",\"name\":\"Vilk\u00e5r og betingelser -\",\"isPartOf\":{\"@id\":\"https:\\\/\\\/suresms.com\\\/en\\\/#website\"},\"datePublished\":\"2014-12-16T18:14:42+00:00\",\"dateModified\":\"2024-11-24T17:03:16+00:00\",\"breadcrumb\":{\"@id\":\"https:\\\/\\\/suresms.com\\\/politikker\\\/vilkaar\\\/#breadcrumb\"},\"inLanguage\":\"es\",\"potentialAction\":[{\"@type\":\"ReadAction\",\"target\":[\"https:\\\/\\\/suresms.com\\\/politikker\\\/vilkaar\\\/\"]}]},{\"@type\":\"BreadcrumbList\",\"@id\":\"https:\\\/\\\/suresms.com\\\/politikker\\\/vilkaar\\\/#breadcrumb\",\"itemListElement\":[{\"@type\":\"ListItem\",\"position\":1,\"name\":\"Home\",\"item\":\"https:\\\/\\\/suresms.com\\\/dk\\\/\"},{\"@type\":\"ListItem\",\"position\":2,\"name\":\"Politikker\",\"item\":\"https:\\\/\\\/suresms.com\\\/politikker\\\/\"},{\"@type\":\"ListItem\",\"position\":3,\"name\":\"Vilk\u00e5r og betingelser\"}]},{\"@type\":\"WebSite\",\"@id\":\"https:\\\/\\\/suresms.com\\\/en\\\/#website\",\"url\":\"https:\\\/\\\/suresms.com\\\/en\\\/\",\"name\":\"SureSMS\",\"description\":\"Professionel SMS Gateway\",\"publisher\":{\"@id\":\"https:\\\/\\\/suresms.com\\\/en\\\/#organization\"},\"potentialAction\":[{\"@type\":\"SearchAction\",\"target\":{\"@type\":\"EntryPoint\",\"urlTemplate\":\"https:\\\/\\\/suresms.com\\\/en\\\/?s={search_term_string}\"},\"query-input\":{\"@type\":\"PropertyValueSpecification\",\"valueRequired\":true,\"valueName\":\"search_term_string\"}}],\"inLanguage\":\"es\"},{\"@type\":\"Organization\",\"@id\":\"https:\\\/\\\/suresms.com\\\/en\\\/#organization\",\"name\":\"SureSMS\",\"url\":\"https:\\\/\\\/suresms.com\\\/en\\\/\",\"logo\":{\"@type\":\"ImageObject\",\"inLanguage\":\"es\",\"@id\":\"https:\\\/\\\/suresms.com\\\/en\\\/#\\\/schema\\\/logo\\\/image\\\/\",\"url\":\"https:\\\/\\\/suresms.com\\\/wp-content\\\/uploads\\\/2024\\\/11\\\/suresms-300x65-1.png\",\"contentUrl\":\"https:\\\/\\\/suresms.com\\\/wp-content\\\/uploads\\\/2024\\\/11\\\/suresms-300x65-1.png\",\"width\":300,\"height\":65,\"caption\":\"SureSMS\"},\"image\":{\"@id\":\"https:\\\/\\\/suresms.com\\\/en\\\/#\\\/schema\\\/logo\\\/image\\\/\"},\"sameAs\":[\"https:\\\/\\\/www.facebook.com\\\/p\\\/SureSMS-100044607956149\\\/\"]}]}<\/script>\r\n<!-- \/ Yoast SEO Premium plugin. -->","yoast_head_json":{"title":"Condiciones generales","robots":{"index":"index","follow":"follow","max-snippet":"max-snippet:-1","max-image-preview":"max-image-preview:large","max-video-preview":"max-video-preview:-1"},"canonical":"https:\/\/suresms.com\/es\/caracteristicas-2\/wilkaar\/","og_locale":"es_ES","og_type":"article","og_title":"Vilk\u00e5r og betingelser","og_description":"Generelt Adgangen og brugen af SureSMS hjemmeside og software sker med udgangspunkt i f\u00f8lgende vilk\u00e5r, betingelser og\u00a0persondatapolitik. Ved brug af denne hjemmeside erkl\u00e6rer du dig enig i vores vilk\u00e5r og betingelser og\u00a0persondatapolitik. Hvis du ikke er enig i de f\u00f8lgende vilk\u00e5r og betingelser eller vores persondatapolitik, skal du straks stoppe med at anvende service og ... Leer m\u00e1s","og_url":"https:\/\/suresms.com\/es\/caracteristicas-2\/wilkaar\/","article_publisher":"https:\/\/www.facebook.com\/p\/SureSMS-100044607956149\/","article_modified_time":"2024-11-24T17:03:16+00:00","twitter_card":"summary_large_image","twitter_misc":{"Tiempo de lectura":"5 minutos"},"schema":{"@context":"https:\/\/schema.org","@graph":[{"@type":"WebPage","@id":"https:\/\/suresms.com\/politikker\/vilkaar\/","url":"https:\/\/suresms.com\/politikker\/vilkaar\/","name":"Condiciones generales","isPartOf":{"@id":"https:\/\/suresms.com\/en\/#website"},"datePublished":"2014-12-16T18:14:42+00:00","dateModified":"2024-11-24T17:03:16+00:00","breadcrumb":{"@id":"https:\/\/suresms.com\/politikker\/vilkaar\/#breadcrumb"},"inLanguage":"es","potentialAction":[{"@type":"ReadAction","target":["https:\/\/suresms.com\/politikker\/vilkaar\/"]}]},{"@type":"BreadcrumbList","@id":"https:\/\/suresms.com\/politikker\/vilkaar\/#breadcrumb","itemListElement":[{"@type":"ListItem","position":1,"name":"Home","item":"https:\/\/suresms.com\/dk\/"},{"@type":"ListItem","position":2,"name":"Politikker","item":"https:\/\/suresms.com\/politikker\/"},{"@type":"ListItem","position":3,"name":"Vilk\u00e5r og betingelser"}]},{"@type":"WebSite","@id":"https:\/\/suresms.com\/en\/#website","url":"https:\/\/suresms.com\/en\/","name":"SureSMS","description":"Pasarela SMS profesional","publisher":{"@id":"https:\/\/suresms.com\/en\/#organization"},"potentialAction":[{"@type":"SearchAction","target":{"@type":"EntryPoint","urlTemplate":"https:\/\/suresms.com\/en\/?s={search_term_string}"},"query-input":{"@type":"PropertyValueSpecification","valueRequired":true,"valueName":"search_term_string"}}],"inLanguage":"es"},{"@type":"Organization","@id":"https:\/\/suresms.com\/en\/#organization","name":"SureSMS","url":"https:\/\/suresms.com\/en\/","logo":{"@type":"ImageObject","inLanguage":"es","@id":"https:\/\/suresms.com\/en\/#\/schema\/logo\/image\/","url":"https:\/\/suresms.com\/wp-content\/uploads\/2024\/11\/suresms-300x65-1.png","contentUrl":"https:\/\/suresms.com\/wp-content\/uploads\/2024\/11\/suresms-300x65-1.png","width":300,"height":65,"caption":"SureSMS"},"image":{"@id":"https:\/\/suresms.com\/en\/#\/schema\/logo\/image\/"},"sameAs":["https:\/\/www.facebook.com\/p\/SureSMS-100044607956149\/"]}]}},"_links":{"self":[{"href":"https:\/\/suresms.com\/es\/wp-json\/wp\/v2\/pages\/748","targetHints":{"allow":["GET"]}}],"collection":[{"href":"https:\/\/suresms.com\/es\/wp-json\/wp\/v2\/pages"}],"about":[{"href":"https:\/\/suresms.com\/es\/wp-json\/wp\/v2\/types\/page"}],"author":[{"embeddable":true,"href":"https:\/\/suresms.com\/es\/wp-json\/wp\/v2\/users\/1"}],"replies":[{"embeddable":true,"href":"https:\/\/suresms.com\/es\/wp-json\/wp\/v2\/comments?post=748"}],"version-history":[{"count":1,"href":"https:\/\/suresms.com\/es\/wp-json\/wp\/v2\/pages\/748\/revisions"}],"predecessor-version":[{"id":19133,"href":"https:\/\/suresms.com\/es\/wp-json\/wp\/v2\/pages\/748\/revisions\/19133"}],"up":[{"embeddable":true,"href":"https:\/\/suresms.com\/es\/wp-json\/wp\/v2\/pages\/19124"}],"wp:attachment":[{"href":"https:\/\/suresms.com\/es\/wp-json\/wp\/v2\/media?parent=748"}],"wp:term":[{"taxonomy":"category","embeddable":true,"href":"https:\/\/suresms.com\/es\/wp-json\/wp\/v2\/categories?post=748"},{"taxonomy":"post_tag","embeddable":true,"href":"https:\/\/suresms.com\/es\/wp-json\/wp\/v2\/tags?post=748"}],"curies":[{"name":"wp","href":"https:\/\/api.w.org\/{rel}","templated":true}]}}