{"id":602,"date":"2014-11-12T16:16:06","date_gmt":"2014-11-12T14:16:06","guid":{"rendered":"https:\/\/www.suresms.com\/dk\/?page_id=602"},"modified":"2024-12-06T12:48:59","modified_gmt":"2024-12-06T12:48:59","slug":"plugins-sms","status":"publish","type":"page","link":"https:\/\/suresms.com\/es\/sms-gateway-professionelle-sms-losninger\/ikke-navigerbare-sider-suresms-com-parent\/sms-plugins\/","title":{"rendered":"Complementos SMS"},"content":{"rendered":"<img loading=\"lazy\" decoding=\"async\" src=\"https:\/\/www.suresms.com\/dk\/wp-content\/uploads\/2014\/10\/Funktioner-Udviklere-Menu-200x50-pix.jpg\" alt=\"Caracter\u00edsticas y funciones de la API para desarrolladores SureSMS\" itemprop=\"image\" height=\"50\" width=\"200\" title=\"Caracter\u00edsticas Men\u00fa Desarrolladores\" onerror=\"this.style.display='none'\">\n\t<p>&lt; Volver <a title=\"Caracter\u00edsticas y funciones\" href=\"https:\/\/suresms.com\/es\/caracteristicas\/\">Caracter\u00edsticas y funciones<\/a><\/p>\n\t\t<h3>\u00a1Pru\u00e9belo YA!<\/h3>\n\t\t<p>Crea ahora una cuenta de prueba gratuita y recibe 50 SMS gratis. Sin compromiso<\/p>\n\t\t\t<a href=\"https:\/\/suresms.com\/es\/cuenta-de-prueba-de-sms-gratis\/\" target=\"_self\" role=\"button\" rel=\"noopener\">\n\t\t\t\t\t\t\tCrear una cuenta de prueba\n\t\t\t\t\t<\/a>\n\t<h1>Plugin de SMS<\/h1>\n<p>Esta p\u00e1gina contiene plugins SMS hechos por o para SureSMS. Hay plugins SMS hechos por SureSMS, as\u00ed como otros que pueden ser utilizados por SureSMS.<\/p>\n<p>A\u00f1adimos nuevos plugins con regularidad, as\u00ed que eche un vistazo a esta p\u00e1gina para ver las \u00faltimas extensiones.<\/p>\n<h3>\u00bfQu\u00e9 es un plugin?<\/h3>\n<p>Un plugin es una especie de extensi\u00f3n o a\u00f1adido a tu configuraci\u00f3n o sistema est\u00e1ndar. Cuando en SureSMS creamos plug-ins o add-ins, como se llaman para Outlook por ejemplo, es t\u00edpicamente una adici\u00f3n a un sistema para que puedas integrar nuestro servicio SMS en el sistema. As\u00ed que un Plugin o Add-in es una adici\u00f3n.<\/p>\n<h3>Todos los plugins son gratuitos<\/h3>\n<p>Desde el principio, hemos tomado la decisi\u00f3n de que todos los plugins que creamos sean gratuitos. Esto significa que no tienes que pagar para instalarlos o usarlos. Es un servicio gratuito de SureSMS a nuestros clientes.<\/p>\n<h3>Descargar plugins directamente desde Outlook o WordPress<\/h3>\n<p>Cuando creamos plugins, nos aseguramos de que est\u00e9n dise\u00f1ados de acuerdo con las directrices proporcionadas por las aplicaciones est\u00e1ndar. Por lo tanto, nuestros plugins tambi\u00e9n se pueden descargar directamente desde las aplicaciones para las que est\u00e1n dise\u00f1ados. En la pr\u00e1ctica, esto significa que nuestro plugin para WordPress puede descargarse directamente desde su vista general de plugins, del mismo modo que nuestro complemento puede descargarse directamente desde Outlook.<\/p>\n<h3>Obtenga primero una cuenta<\/h3>\n<p>Para todos los plugins, necesitas una cuenta con la que registrarte al instalar el nuevo plugin. SureSMS proporciona dicha cuenta de forma r\u00e1pida, sencilla y gratuita.<\/p>\n<p>Puede crear una cuenta gratuita rellenando el formulario de esta p\u00e1gina. Una vez que hayas enviado tus datos, te enviaremos un correo electr\u00f3nico con la informaci\u00f3n que necesitas para activar tu plugin. No hay costes asociados a la creaci\u00f3n de una cuenta y no hay ataduras a nuestra cuenta de SMS Gateway.<\/p>\n\t\t\t\t<a href=\"https:\/\/suresms.com\/es\/sms-outlook-add\/\" target=\"_self\" itemprop=\"url\" rel=\"noopener\">\n\t\t\t\t<img loading=\"lazy\" decoding=\"async\" src=\"https:\/\/www.suresms.com\/dk\/wp-content\/uploads\/2016\/06\/SureSMS-sms-Outlook-Add-in.png\" alt=\"SureSMS sms Outlook Add-in\" itemprop=\"image\" height=\"250\" width=\"400\" title=\"SureSMS sms Outlook Add-in\" onerror=\"this.style.display='none'\">\n\t\t\t\t<\/a>\n\t\t<h3><a href=\"https:\/\/suresms.com\/es\/sms-outlook-add\/\" target=\"_self\" rel=\"noopener\">Complemento SMS de Outlook<\/a><\/h3>\t\t\n\t\t\t<p>Nuestro complemento de Outlook incluye un bot\u00f3n en su barra de men\u00fas para que pueda enviar mensajes SMS directamente desde su buz\u00f3n de Outlook. Usted decide desde qu\u00e9 n\u00famero de m\u00f3vil y en qu\u00e9 carpeta se guardan los mensajes. Perfecto para documentarse y llevar un diario con su sistema.<\/p>\n<p>Leer <a href=\"https:\/\/suresms.com\/es\/sms-outlook-add\/\">M\u00e1s informaci\u00f3n sobre el complemento SMS Outlook de SureSMS<\/a> Toma.<\/p>\n<p>Puede crear r\u00e1pidamente una cuenta mientras descarga nuestro Complemento. Pruebe nuestro complemento y reciba 50 SMS gratuitos con su cuenta de prueba.<\/p>\n\t\t\t<a href=\"https:\/\/suresms.com\/es\/sms-outlook-add\/\" target=\"_self\" role=\"button\" rel=\"noopener\">\n\t\t\t\t\t\t\tOM SureSMS Outlook Add in\n\t\t\t\t\t<\/a>\n\t\t\t\t<a href=\"https:\/\/suresms.com\/es\/plugins-sms\/wordpress-sms-plugin\/\" target=\"_self\" itemprop=\"url\" rel=\"noopener\">\n\t\t\t\t<img loading=\"lazy\" decoding=\"async\" src=\"https:\/\/www.suresms.com\/dk\/wp-content\/uploads\/2014\/11\/SMS-plugin-Suresms-til-WordPress-2.jpg\" alt=\"Plugin de SMS Suresms para WordPress\" itemprop=\"image\" height=\"250\" width=\"400\" title=\"Plugin de SMS Suresms para WordPress\" onerror=\"this.style.display='none'\">\n\t\t\t\t<\/a>\n\t\t<h3><a href=\"https:\/\/suresms.com\/es\/plugins-sms\/wordpress-sms-plugin\/\" target=\"_self\" rel=\"noopener\">Plugin SMS para WordPress<\/a><\/h3>\t\t\n\t\t\t<p>Nuestro plugin WP incluye un widget que puedes colocar en tu sitio web para que tus visitantes puedan enviar SMS desde all\u00ed. Puedes definir un pie de p\u00e1gina en el mensaje SMS para que recibas un anuncio cuando la gente env\u00ede mensajes desde tu sitio. Un gran servicio para tus clientes y marketing en una \u00fanica soluci\u00f3n.<\/p>\n<p>Leer <a href=\"https:\/\/suresms.com\/es\/plugins-sms\/wordpress-sms-plugin\/\">m\u00e1s sobre SMS WordPress Plugin<\/a>&nbsp;Toma.<\/p>\n<p>Para que funcione, debes introducir tu nombre de usuario y contrase\u00f1a. Cree una cuenta gratuita a trav\u00e9s de este enlace. Le enviaremos sus datos de acceso en 5 minutos.<\/p>\n\t\t\t<a href=\"https:\/\/suresms.com\/es\/plugins-sms\/wordpress-sms-plugin\/\" target=\"_self\" role=\"button\" rel=\"noopener\">\n\t\t\t\t\t\t\tAcerca del plugin SMS para WordPress\n\t\t\t\t\t<\/a>\n\t\t\t\t<a href=\"https:\/\/suresms.com\/es\/woocommerce-solucion-sms\/\" target=\"_self\" itemprop=\"url\" rel=\"noopener\">\n\t\t\t\t<img loading=\"lazy\" decoding=\"async\" src=\"https:\/\/www.suresms.com\/dk\/wp-content\/uploads\/2014\/11\/SMS-til-WooCommerce-call-out.jpg\" alt=\"Llamada SMS a WooCommerce\" itemprop=\"image\" height=\"250\" width=\"400\" title=\"Llamada SMS a WooCommerce\" onerror=\"this.style.display='none'\">\n\t\t\t\t<\/a>\n\t\t<h3><a href=\"https:\/\/suresms.com\/es\/woocommerce-solucion-sms\/\" target=\"_self\" rel=\"noopener\">WooCommerce SMS Plugin<\/a><\/h3>\t\t\n\t\t\t<p>En colaboraci\u00f3n con SureSMS, Rommel.dk ha creado un plugin para WooCommerce. WooCommerce es la plataforma de tiendas online m\u00e1s utilizada del mundo.<\/p>\n<p>Con este plugin, puedes enviar autom\u00e1ticamente SMS a tus clientes cuando ocurra algo con su pedido. Por ejemplo, cuando el pedido ha sido enviado o si necesita hacer una pregunta sobre el pedido.<\/p>\n<p><a href=\"https:\/\/suresms.com\/es\/woocommerce-solucion-sms\/\">M\u00e1s informaci\u00f3n sobre el plugin WooCommerce aqu\u00ed.<\/a><\/p>\n<p>Para que funcione, debes introducir tu nombre de usuario y contrase\u00f1a. Cree una cuenta gratuita a trav\u00e9s de este enlace. Le enviaremos sus datos de acceso en 5 minutos.<\/p>\n\t\t\t<a href=\"https:\/\/suresms.com\/es\/woocommerce-solucion-sms\/\" target=\"_self\" role=\"button\" rel=\"noopener\">\n\t\t\t\t\t\t\tAcerca del plugin WooCommerce\n\t\t\t\t\t<\/a>\n\t\t\t\t<a href=\"https:\/\/suresms.com\/es\/solucion-joomla-sms\/\" target=\"_self\" itemprop=\"url\" rel=\"noopener\">\n\t\t\t\t<img loading=\"lazy\" decoding=\"async\" src=\"https:\/\/www.suresms.com\/dk\/wp-content\/uploads\/2014\/11\/joomla.jpg\" alt=\"joomla\" itemprop=\"image\" height=\"124\" width=\"124\" title=\"joomla\" onerror=\"this.style.display='none'\">\n\t\t\t\t<\/a>\n\t\t<h3><a href=\"https:\/\/suresms.com\/es\/solucion-joomla-sms\/\" target=\"_self\" rel=\"noopener\">Joomla SMS Plugin<\/a><\/h3>\t\t\n\t\t\t<p>SureSMS es una de las pasarelas de SMS favoritas de AcySMS. Acyba ha creado un plugin para Joomla que permite enviar boletines, ofertas, estado de pedidos y mucho m\u00e1s a trav\u00e9s de SMS desde Joomla.<\/p>\n<p><a href=\"https:\/\/suresms.com\/es\/solucion-joomla-sms\/\">M\u00e1s informaci\u00f3n sobre el plugin de Joomla aqu\u00ed.<\/a><\/p>\n<p>Como \u00fanica pasarela de SMS danesa, SureSMS tambi\u00e9n ofrece recepci\u00f3n de SMS en AcySMS y Joomla.<\/p>\n\t\t\t<a href=\"https:\/\/suresms.com\/es\/solucion-joomla-sms\/\" target=\"_self\" role=\"button\" rel=\"noopener\">\n\t\t\t\t\t\t\tAcerca del plugin de Joomla\n\t\t\t\t\t<\/a>\n\t\t<h4>\u00bfDesea crear una cuenta inmediatamente? <\/h4>\n\t\t<p>Estamos preparados para darle la bienvenida como cliente de SureSMS.<\/p>\n\t\t\t<a href=\"https:\/\/suresms.com\/es\/crear-cuenta-sms-gateway\/\" target=\"_self\" role=\"button\" rel=\"noopener\">\n\t\t\t\t\t\t\tCrear una cuenta SureSMS\n\t\t\t\t\t<\/a>\n\t\t<h4>Pida una soluci\u00f3n bidireccional<\/h4>\n\t\t<p>\u00bfYa tiene una cuenta? Pida una soluci\u00f3n bidireccional y obtenga las opciones adicionales que ofrece su propia soluci\u00f3n.&nbsp;<\/p>\n\t\t\t<a href=\"https:\/\/suresms.com\/es\/orden-de-descarga-bidireccional\/\" target=\"_self\" role=\"button\" rel=\"noopener\">\n\t\t\t\t\t\t\tPedir soluci\u00f3n bidireccional\n\t\t\t\t\t<\/a>\n\t<h4><strong>Aqu\u00ed puede leer un ejemplo de c\u00f3mo nuestros clientes utilizan SMS2SMS en la actualidad<\/strong><\/h4>\n<ul>\n<li>Desarrollamos nuestra soluci\u00f3n SMS2SMS para un estudio de arquitectura dan\u00e9s que quer\u00eda una soluci\u00f3n SMS que pudiera utilizarse en sus proyectos de construcci\u00f3n. La soluci\u00f3n facilitar\u00eda la comunicaci\u00f3n y permitir\u00eda a los contratistas y subcontratistas comunicarse con los residentes sobre el progreso de los proyectos de construcci\u00f3n, ofertas y mucho m\u00e1s. Al mismo tiempo, el estudio de arquitectura quer\u00eda una soluci\u00f3n en la que los residentes pudieran suscribirse ellos mismos al flujo de informaci\u00f3n.&nbsp; <strong>SureSMS desarroll\u00f3 el producto SMS2SMS para arquitectos<\/strong>. Cualquiera puede enviar informaci\u00f3n a la soluci\u00f3n a trav\u00e9s de un \u00fanico SMS y los residentes pueden inscribirse en ella mediante palabras clave.<\/li>\n<\/ul>\n<p>&nbsp;<\/p>\n\t\t\t\t<a href=\"https:\/\/manual.suresms.com\/\" target=\"_self\" itemprop=\"url\" rel=\"noopener\">\n\t\t\t\t<img loading=\"lazy\" decoding=\"async\" src=\"https:\/\/www.suresms.com\/dk\/wp-content\/uploads\/bb-plugin\/cache\/Manual-400x250-px1-panorama.jpg\" alt=\"manual sitio web suresms\" itemprop=\"image\" height=\"250\" width=\"400\" title=\"Manual 400x250 px\" onerror=\"this.style.display='none'\">\n\t\t\t\t<\/a>\n<h3><a href=\"https:\/\/manual.suresms.com\/\" target=\"_self\" rel=\"noopener\">Visite nuestro Manual<\/a><\/h3>\t\t\n\t\t\t<p>Para ayudar a nuestros clientes, hemos reunido todas las instrucciones y descripciones en manual.suresms.com. Aqu\u00ed puede ver c\u00f3mo funciona nuestra pasarela y obtener instrucciones sencillas y f\u00e1ciles de usar para las numerosas funciones.&nbsp;<\/p>\n\t\t\t\t<a href=\"https:\/\/developer.suresms.com\/\" target=\"_self\" itemprop=\"url\" rel=\"noopener\">\n\t\t\t\t<img loading=\"lazy\" decoding=\"async\" src=\"https:\/\/www.suresms.com\/dk\/wp-content\/uploads\/bb-plugin\/cache\/developer-400x250-px-panorama.jpg\" alt=\"desarrollador suresms sitio web para desarrolladores\" itemprop=\"image\" height=\"250\" width=\"400\" title=\"desarrollador 400x250 px\" onerror=\"this.style.display='none'\">\n\t\t\t\t<\/a>\n<h3><a href=\"https:\/\/developer.suresms.com\/\" target=\"_self\" rel=\"noopener\">desarrollador.suresms.com <\/a><\/h3>\t\t\n\t\t\t<p>SureSMS est\u00e1 hecho por desarrolladores para desarrolladores.<br \/>En developer.suresms.com hemos reunido documentaci\u00f3n y ejemplos de c\u00f3digo para facilitar la integraci\u00f3n de nuestra pasarela en su sistema.<\/p>\n\t\t\t\t<a href=\"https:\/\/www.youtube.com\/channel\/UC1XGC5rl9mI9ndtBVn8yq7g\" target=\"_self\" itemprop=\"url\" rel=\"noopener\">\n\t\t\t\t<img loading=\"lazy\" decoding=\"async\" src=\"https:\/\/www.suresms.com\/dk\/wp-content\/uploads\/bb-plugin\/cache\/you-tube400x250px-panorama.jpg\" alt=\"suresms sms gateway you tube videos\" itemprop=\"image\" height=\"250\" width=\"400\" title=\"you tube 400x250px\" onerror=\"this.style.display='none'\">\n\t\t\t\t<\/a>\n<h3><a href=\"https:\/\/www.youtube.com\/channel\/UC1XGC5rl9mI9ndtBVn8yq7g\" target=\"_self\" rel=\"noopener\">Vea nuestros v\u00eddeos de instrucciones<\/a><\/h3>\t\t\n\t\t\t<p>\u00bfEst\u00e1 empezando a utilizar una nueva funci\u00f3n? \u00bfO simplemente necesitas saber un poco m\u00e1s sobre c\u00f3mo funciona nuestra pasarela? En Youtube hemos recopilado nuestros v\u00eddeos instructivos. \u00a1Listo para empezar!<\/p>","protected":false},"excerpt":{"rendered":"<p>&lt; Volver a Caracter\u00edsticas y funciones \u00a1Pru\u00e9balo AHORA! Crea ahora una cuenta de prueba gratuita y recibe 50 SMS gratis. Sin compromiso Crear cuenta de prueba Plugin SMS Esta p\u00e1gina contiene plugins SMS hechos por o para SureSMS. Hay plugins SMS hechos por SureSMS as\u00ed como otros que pueden ser usados por SureSMS. Regularmente a\u00f1adimos nuevos... <a title=\"Complementos SMS\" class=\"read-more\" href=\"https:\/\/suresms.com\/es\/sms-gateway-professionelle-sms-losninger\/ikke-navigerbare-sider-suresms-com-parent\/sms-plugins\/\" aria-label=\"Leer m\u00e1s sobre SMS plugins\">M\u00e1s informaci\u00f3n<\/a><\/p>","protected":false},"author":1,"featured_media":0,"parent":2923,"menu_order":5,"comment_status":"closed","ping_status":"closed","template":"","meta":{"_fl_builder_enabled":"1","_fl_builder_data":null,"_fl_builder_draft":null,"_fl_builder_data_settings":null,"_fl_builder_css":"","_fl_builder_css_version":"","_fl_builder_js":"","footnotes":""},"categories":[],"tags":[],"class_list":["post-602","page","type-page","status-publish"],"yoast_head":"<!-- This site is optimized with the Yoast SEO Premium plugin v27.3 (Yoast SEO v27.3) - https:\/\/yoast.com\/product\/yoast-seo-premium-wordpress\/ -->\r\n<title>SMS plugins | Samlet liste over alle SMS plugins - SureSMS \u2713<\/title>\r\n<meta name=\"description\" content=\"En komplet liste over SMS plugins til SureSMS. Find dit SMS plugin p\u00e5 denne side. indeholder undersider for hvert plugin til SMS.\" \/>\r\n<meta name=\"robots\" content=\"index, follow, max-snippet:-1, max-image-preview:large, max-video-preview:-1\" \/>\r\n<link rel=\"canonical\" href=\"https:\/\/suresms.com\/es\/sms-gateway-soluciones-sms-profesionales\/paginas-no-navegables-en-la-matriz-suresms-com\/plugins-sms\/\" \/>\r\n<meta property=\"og:locale\" content=\"es_ES\" \/>\r\n<meta property=\"og:type\" content=\"article\" \/>\r\n<meta property=\"og:title\" content=\"Download vores gratis Plugins - SureSMS\" \/>\r\n<meta property=\"og:description\" content=\"Vi udvikler Plugins, s\u00e5 vores SMS Gateway kan integreres let og hurtigt med dit system. Alle Plugins er gratis. Send SMS direkte fra Outlook eller din WordPress hjemmeside. Betal kun pr. SMS\" \/>\r\n<meta property=\"og:url\" content=\"https:\/\/suresms.com\/es\/sms-gateway-soluciones-sms-profesionales\/paginas-no-navegables-en-la-matriz-suresms-com\/plugins-sms\/\" \/>\r\n<meta property=\"article:publisher\" content=\"https:\/\/www.facebook.com\/p\/SureSMS-100044607956149\/\" \/>\r\n<meta property=\"article:modified_time\" content=\"2024-12-06T12:48:59+00:00\" \/>\r\n<meta property=\"og:image\" content=\"https:\/\/suresms.com\/wp-content\/uploads\/2014\/11\/SureSMS-Plugins-snippet.jpg\" \/>\r\n\t<meta property=\"og:image:width\" content=\"400\" \/>\r\n\t<meta property=\"og:image:height\" content=\"250\" \/>\r\n\t<meta property=\"og:image:type\" content=\"image\/jpeg\" \/>\r\n<meta name=\"twitter:card\" content=\"summary_large_image\" \/>\r\n<meta name=\"twitter:title\" content=\"SMS plugins\" \/>\r\n<meta name=\"twitter:label1\" content=\"Tiempo de lectura\" \/>\n\t<meta name=\"twitter:data1\" content=\"7 minutos\" \/>\r\n<script type=\"application\/ld+json\" class=\"yoast-schema-graph\">{\"@context\":\"https:\\\/\\\/schema.org\",\"@graph\":[{\"@type\":\"WebPage\",\"@id\":\"https:\\\/\\\/suresms.com\\\/dk\\\/sms-gateway-professionelle-sms-losninger\\\/ikke-navigerbare-sider-suresms-com-parent\\\/sms-plugins\\\/\",\"url\":\"https:\\\/\\\/suresms.com\\\/dk\\\/sms-gateway-professionelle-sms-losninger\\\/ikke-navigerbare-sider-suresms-com-parent\\\/sms-plugins\\\/\",\"name\":\"SMS plugins | Samlet liste over alle SMS plugins - SureSMS \u2713\",\"isPartOf\":{\"@id\":\"https:\\\/\\\/suresms.com\\\/en\\\/#website\"},\"primaryImageOfPage\":{\"@id\":\"https:\\\/\\\/suresms.com\\\/dk\\\/sms-gateway-professionelle-sms-losninger\\\/ikke-navigerbare-sider-suresms-com-parent\\\/sms-plugins\\\/#primaryimage\"},\"image\":{\"@id\":\"https:\\\/\\\/suresms.com\\\/dk\\\/sms-gateway-professionelle-sms-losninger\\\/ikke-navigerbare-sider-suresms-com-parent\\\/sms-plugins\\\/#primaryimage\"},\"thumbnailUrl\":\"https:\\\/\\\/www.suresms.com\\\/dk\\\/wp-content\\\/uploads\\\/2014\\\/10\\\/Funktioner-Udviklere-Menu-200x50-pix.jpg\",\"datePublished\":\"2014-11-12T14:16:06+00:00\",\"dateModified\":\"2024-12-06T12:48:59+00:00\",\"description\":\"En komplet liste over SMS plugins til SureSMS. Find dit SMS plugin p\u00e5 denne side. indeholder undersider for hvert plugin til SMS.\",\"breadcrumb\":{\"@id\":\"https:\\\/\\\/suresms.com\\\/dk\\\/sms-gateway-professionelle-sms-losninger\\\/ikke-navigerbare-sider-suresms-com-parent\\\/sms-plugins\\\/#breadcrumb\"},\"inLanguage\":\"es\",\"potentialAction\":[{\"@type\":\"ReadAction\",\"target\":[\"https:\\\/\\\/suresms.com\\\/dk\\\/sms-gateway-professionelle-sms-losninger\\\/ikke-navigerbare-sider-suresms-com-parent\\\/sms-plugins\\\/\"]}]},{\"@type\":\"ImageObject\",\"inLanguage\":\"es\",\"@id\":\"https:\\\/\\\/suresms.com\\\/dk\\\/sms-gateway-professionelle-sms-losninger\\\/ikke-navigerbare-sider-suresms-com-parent\\\/sms-plugins\\\/#primaryimage\",\"url\":\"https:\\\/\\\/www.suresms.com\\\/dk\\\/wp-content\\\/uploads\\\/2014\\\/10\\\/Funktioner-Udviklere-Menu-200x50-pix.jpg\",\"contentUrl\":\"https:\\\/\\\/www.suresms.com\\\/dk\\\/wp-content\\\/uploads\\\/2014\\\/10\\\/Funktioner-Udviklere-Menu-200x50-pix.jpg\"},{\"@type\":\"BreadcrumbList\",\"@id\":\"https:\\\/\\\/suresms.com\\\/dk\\\/sms-gateway-professionelle-sms-losninger\\\/ikke-navigerbare-sider-suresms-com-parent\\\/sms-plugins\\\/#breadcrumb\",\"itemListElement\":[{\"@type\":\"ListItem\",\"position\":1,\"name\":\"Home\",\"item\":\"https:\\\/\\\/suresms.com\\\/dk\\\/\"},{\"@type\":\"ListItem\",\"position\":2,\"name\":\"SMS gateway &#8211; professionelle SMS-l\u00f8sninger\",\"item\":\"https:\\\/\\\/suresms.com\\\/dk\\\/\"},{\"@type\":\"ListItem\",\"position\":3,\"name\":\"Ikke navigerbare sider suresms.com &#8211; parent\",\"item\":\"https:\\\/\\\/suresms.com\\\/dk\\\/sms-gateway-professionelle-sms-losninger\\\/ikke-navigerbare-sider-suresms-com-parent\\\/\"},{\"@type\":\"ListItem\",\"position\":4,\"name\":\"SMS plugins\"}]},{\"@type\":\"WebSite\",\"@id\":\"https:\\\/\\\/suresms.com\\\/en\\\/#website\",\"url\":\"https:\\\/\\\/suresms.com\\\/en\\\/\",\"name\":\"SureSMS\",\"description\":\"Professionel SMS Gateway\",\"publisher\":{\"@id\":\"https:\\\/\\\/suresms.com\\\/en\\\/#organization\"},\"potentialAction\":[{\"@type\":\"SearchAction\",\"target\":{\"@type\":\"EntryPoint\",\"urlTemplate\":\"https:\\\/\\\/suresms.com\\\/en\\\/?s={search_term_string}\"},\"query-input\":{\"@type\":\"PropertyValueSpecification\",\"valueRequired\":true,\"valueName\":\"search_term_string\"}}],\"inLanguage\":\"es\"},{\"@type\":\"Organization\",\"@id\":\"https:\\\/\\\/suresms.com\\\/en\\\/#organization\",\"name\":\"SureSMS\",\"url\":\"https:\\\/\\\/suresms.com\\\/en\\\/\",\"logo\":{\"@type\":\"ImageObject\",\"inLanguage\":\"es\",\"@id\":\"https:\\\/\\\/suresms.com\\\/en\\\/#\\\/schema\\\/logo\\\/image\\\/\",\"url\":\"https:\\\/\\\/suresms.com\\\/wp-content\\\/uploads\\\/2024\\\/11\\\/suresms-300x65-1.png\",\"contentUrl\":\"https:\\\/\\\/suresms.com\\\/wp-content\\\/uploads\\\/2024\\\/11\\\/suresms-300x65-1.png\",\"width\":300,\"height\":65,\"caption\":\"SureSMS\"},\"image\":{\"@id\":\"https:\\\/\\\/suresms.com\\\/en\\\/#\\\/schema\\\/logo\\\/image\\\/\"},\"sameAs\":[\"https:\\\/\\\/www.facebook.com\\\/p\\\/SureSMS-100044607956149\\\/\"]}]}<\/script>\r\n<!-- \/ Yoast SEO Premium plugin. -->","yoast_head_json":{"title":"Plugins para SMS | Lista completa de todos los plugins para SMS - SureSMS \u2713 \u2713 SureSMS","description":"Una lista completa de plugins SMS para SureSMS. Encuentra tu plugin SMS en esta p\u00e1gina. contiene subp\u00e1ginas para cada plugin SMS.","robots":{"index":"index","follow":"follow","max-snippet":"max-snippet:-1","max-image-preview":"max-image-preview:large","max-video-preview":"max-video-preview:-1"},"canonical":"https:\/\/suresms.com\/es\/sms-gateway-soluciones-sms-profesionales\/paginas-no-navegables-en-la-matriz-suresms-com\/plugins-sms\/","og_locale":"es_ES","og_type":"article","og_title":"Download vores gratis Plugins - SureSMS","og_description":"Vi udvikler Plugins, s\u00e5 vores SMS Gateway kan integreres let og hurtigt med dit system. Alle Plugins er gratis. Send SMS direkte fra Outlook eller din WordPress hjemmeside. Betal kun pr. SMS","og_url":"https:\/\/suresms.com\/es\/sms-gateway-soluciones-sms-profesionales\/paginas-no-navegables-en-la-matriz-suresms-com\/plugins-sms\/","article_publisher":"https:\/\/www.facebook.com\/p\/SureSMS-100044607956149\/","article_modified_time":"2024-12-06T12:48:59+00:00","og_image":[{"width":400,"height":250,"url":"https:\/\/suresms.com\/wp-content\/uploads\/2014\/11\/SureSMS-Plugins-snippet.jpg","type":"image\/jpeg"}],"twitter_card":"summary_large_image","twitter_title":"SMS plugins","twitter_misc":{"Tiempo de lectura":"7 minutos"},"schema":{"@context":"https:\/\/schema.org","@graph":[{"@type":"WebPage","@id":"https:\/\/suresms.com\/dk\/sms-gateway-professionelle-sms-losninger\/ikke-navigerbare-sider-suresms-com-parent\/sms-plugins\/","url":"https:\/\/suresms.com\/dk\/sms-gateway-professionelle-sms-losninger\/ikke-navigerbare-sider-suresms-com-parent\/sms-plugins\/","name":"Plugins para SMS | Lista completa de todos los plugins para SMS - SureSMS \u2713 \u2713 SureSMS","isPartOf":{"@id":"https:\/\/suresms.com\/en\/#website"},"primaryImageOfPage":{"@id":"https:\/\/suresms.com\/dk\/sms-gateway-professionelle-sms-losninger\/ikke-navigerbare-sider-suresms-com-parent\/sms-plugins\/#primaryimage"},"image":{"@id":"https:\/\/suresms.com\/dk\/sms-gateway-professionelle-sms-losninger\/ikke-navigerbare-sider-suresms-com-parent\/sms-plugins\/#primaryimage"},"thumbnailUrl":"https:\/\/www.suresms.com\/dk\/wp-content\/uploads\/2014\/10\/Funktioner-Udviklere-Menu-200x50-pix.jpg","datePublished":"2014-11-12T14:16:06+00:00","dateModified":"2024-12-06T12:48:59+00:00","description":"Una lista completa de plugins SMS para SureSMS. Encuentra tu plugin SMS en esta p\u00e1gina. contiene subp\u00e1ginas para cada plugin SMS.","breadcrumb":{"@id":"https:\/\/suresms.com\/dk\/sms-gateway-professionelle-sms-losninger\/ikke-navigerbare-sider-suresms-com-parent\/sms-plugins\/#breadcrumb"},"inLanguage":"es","potentialAction":[{"@type":"ReadAction","target":["https:\/\/suresms.com\/dk\/sms-gateway-professionelle-sms-losninger\/ikke-navigerbare-sider-suresms-com-parent\/sms-plugins\/"]}]},{"@type":"ImageObject","inLanguage":"es","@id":"https:\/\/suresms.com\/dk\/sms-gateway-professionelle-sms-losninger\/ikke-navigerbare-sider-suresms-com-parent\/sms-plugins\/#primaryimage","url":"https:\/\/www.suresms.com\/dk\/wp-content\/uploads\/2014\/10\/Funktioner-Udviklere-Menu-200x50-pix.jpg","contentUrl":"https:\/\/www.suresms.com\/dk\/wp-content\/uploads\/2014\/10\/Funktioner-Udviklere-Menu-200x50-pix.jpg"},{"@type":"BreadcrumbList","@id":"https:\/\/suresms.com\/dk\/sms-gateway-professionelle-sms-losninger\/ikke-navigerbare-sider-suresms-com-parent\/sms-plugins\/#breadcrumb","itemListElement":[{"@type":"ListItem","position":1,"name":"Home","item":"https:\/\/suresms.com\/dk\/"},{"@type":"ListItem","position":2,"name":"SMS gateway &#8211; professionelle SMS-l\u00f8sninger","item":"https:\/\/suresms.com\/dk\/"},{"@type":"ListItem","position":3,"name":"Ikke navigerbare sider suresms.com &#8211; parent","item":"https:\/\/suresms.com\/dk\/sms-gateway-professionelle-sms-losninger\/ikke-navigerbare-sider-suresms-com-parent\/"},{"@type":"ListItem","position":4,"name":"SMS plugins"}]},{"@type":"WebSite","@id":"https:\/\/suresms.com\/en\/#website","url":"https:\/\/suresms.com\/en\/","name":"SureSMS","description":"Pasarela SMS profesional","publisher":{"@id":"https:\/\/suresms.com\/en\/#organization"},"potentialAction":[{"@type":"SearchAction","target":{"@type":"EntryPoint","urlTemplate":"https:\/\/suresms.com\/en\/?s={search_term_string}"},"query-input":{"@type":"PropertyValueSpecification","valueRequired":true,"valueName":"search_term_string"}}],"inLanguage":"es"},{"@type":"Organization","@id":"https:\/\/suresms.com\/en\/#organization","name":"SureSMS","url":"https:\/\/suresms.com\/en\/","logo":{"@type":"ImageObject","inLanguage":"es","@id":"https:\/\/suresms.com\/en\/#\/schema\/logo\/image\/","url":"https:\/\/suresms.com\/wp-content\/uploads\/2024\/11\/suresms-300x65-1.png","contentUrl":"https:\/\/suresms.com\/wp-content\/uploads\/2024\/11\/suresms-300x65-1.png","width":300,"height":65,"caption":"SureSMS"},"image":{"@id":"https:\/\/suresms.com\/en\/#\/schema\/logo\/image\/"},"sameAs":["https:\/\/www.facebook.com\/p\/SureSMS-100044607956149\/"]}]}},"_links":{"self":[{"href":"https:\/\/suresms.com\/es\/wp-json\/wp\/v2\/pages\/602","targetHints":{"allow":["GET"]}}],"collection":[{"href":"https:\/\/suresms.com\/es\/wp-json\/wp\/v2\/pages"}],"about":[{"href":"https:\/\/suresms.com\/es\/wp-json\/wp\/v2\/types\/page"}],"author":[{"embeddable":true,"href":"https:\/\/suresms.com\/es\/wp-json\/wp\/v2\/users\/1"}],"replies":[{"embeddable":true,"href":"https:\/\/suresms.com\/es\/wp-json\/wp\/v2\/comments?post=602"}],"version-history":[{"count":1,"href":"https:\/\/suresms.com\/es\/wp-json\/wp\/v2\/pages\/602\/revisions"}],"predecessor-version":[{"id":19487,"href":"https:\/\/suresms.com\/es\/wp-json\/wp\/v2\/pages\/602\/revisions\/19487"}],"up":[{"embeddable":true,"href":"https:\/\/suresms.com\/es\/wp-json\/wp\/v2\/pages\/2923"}],"wp:attachment":[{"href":"https:\/\/suresms.com\/es\/wp-json\/wp\/v2\/media?parent=602"}],"wp:term":[{"taxonomy":"category","embeddable":true,"href":"https:\/\/suresms.com\/es\/wp-json\/wp\/v2\/categories?post=602"},{"taxonomy":"post_tag","embeddable":true,"href":"https:\/\/suresms.com\/es\/wp-json\/wp\/v2\/tags?post=602"}],"curies":[{"name":"wp","href":"https:\/\/api.w.org\/{rel}","templated":true}]}}