{"id":5320,"date":"2017-12-22T15:17:39","date_gmt":"2017-12-22T13:17:39","guid":{"rendered":"https:\/\/www.suresms.com\/dk\/?page_id=5320"},"modified":"2025-03-24T14:57:40","modified_gmt":"2025-03-24T14:57:40","slug":"politica-de-privacidad","status":"publish","type":"page","link":"https:\/\/suresms.com\/es\/politikker\/persondata-politik\/","title":{"rendered":"Pol\u00edtica de privacidad"},"content":{"rendered":"<p>SureSMS es una empresa danesa registrada con el n\u00famero CVR 33263104. La empresa est\u00e1 registrada en Industriholmen 82, 2650 Hvidovre, Dinamarca.<\/p>\n<p>La siguiente pol\u00edtica de privacidad protege sus datos personales de acuerdo con la Ley de Datos Personales y el Reglamento de Datos Personales de la UE. Esta pol\u00edtica de privacidad explica c\u00f3mo recopilamos y utilizamos sus datos personales y qu\u00e9 medidas tomamos para garantizar la confidencialidad de sus datos.<\/p>\n<h2>\u00bfQu\u00e9 informaci\u00f3n recogemos?<\/h2>\n<p>En relaci\u00f3n con las solicitudes y el registro de cuentas para nuestros servicios, recopilamos sus datos personales. Tambi\u00e9n podemos recoger datos que muestren c\u00f3mo utiliza nuestro sitio web, de qu\u00e9 sitio web procede, qu\u00e9 p\u00e1ginas ha visitado y c\u00f3mo se mueve por el sitio web. Tambi\u00e9n recogemos informaci\u00f3n sobre los mensajes SMS que env\u00eda y los dem\u00e1s servicios que utiliza, incluso si almacena datos de contacto de los destinatarios de sus SMS.<\/p>\n<p>Tambi\u00e9n recopilamos informaci\u00f3n sobre cu\u00e1ndo accede al servicio y los dispositivos desde los que accede al servicio. Tambi\u00e9n recopilamos informaci\u00f3n sobre sucesos inesperados en nuestros sistemas y servicios, tanto si ocurren en su dispositivo como en el nuestro.<\/p>\n<h2>Prop\u00f3sito<\/h2>\n<p>Utilizamos sus datos personales para poder ofrecerle el mejor servicio en los \u00e1mbitos en los que ofrecemos servicios. Incluidos, entre otros:<\/p>\n<ol>\n<li>\n<ol>\n<li>Te permite enviar y recibir mensajes SMS.<\/li>\n<li>\u00a0Realizar informes en relaci\u00f3n con 1)<\/li>\n<li>Mantener un directorio de destinatarios y remitentes de mensajes SMS.<\/li>\n<li>Procese los pagos a nuestra plataforma.<\/li>\n<li>Ponernos en contacto con usted para la rectificaci\u00f3n de defectos, nuevos servicios relacionados.<\/li>\n<\/ol>\n<\/li>\n<\/ol>\n<ol>\n\n<\/ol>\n<p>&nbsp;<\/p>\n<h2>Divulgaci\u00f3n de informaci\u00f3n<\/h2>\n<p>Tratamos su informaci\u00f3n personal de forma confidencial y no la divulgamos. Tampoco se dar\u00e1 acceso a la informaci\u00f3n personal a otras empresas. Divulgamos su informaci\u00f3n a las autoridades que luchan contra el fraude y el blanqueo de dinero si sospechamos que se ha facilitado informaci\u00f3n enga\u00f1osa con fines fraudulentos.<\/p>\n<p>En circunstancias excepcionales, SureSMS ApS se ver\u00e1 obligada a revelar informaci\u00f3n personal. SureSMS ApS est\u00e1 obligada a trabajar de acuerdo con la orden de la ley o de un tribunal en respuesta a una solicitud legal del estado o de las autoridades.<\/p>\n<h2>Mejorar nuestro servicio<\/h2>\n<p>Para asegurarnos de que los servicios que ofrecemos satisfacen sus necesidades, es posible que le pidamos su opini\u00f3n. Sus comentarios se utilizar\u00e1n exclusivamente para mejorar nuestros servicios y no se publicar\u00e1n en el sitio web.<\/p>\n<h2>Cookies<\/h2>\n<p>Consulte nuestra pol\u00edtica de cookies <a href=\"https:\/\/suresms.com\/es\/caracteristicas-2\/politica-de-privacidad-y-cookies\/\">aqu\u00ed<\/a>.<\/p>\n<h2>Seguridad y protecci\u00f3n<\/h2>\n<p>Proteger sus datos es importante para nosotros. Toda la comunicaci\u00f3n entre los dispositivos SureSMS y los clientes est\u00e1 protegida con cifrado. El cifrado lo proporciona Google Trust Services. No almacenamos informaci\u00f3n de tarjetas de cr\u00e9dito.<\/p>\n<p>Aunque nos esforzamos por proteger sus datos, no podemos garantizarlo. Por lo tanto, es por su cuenta y riesgo que nos los facilita.<\/p>\n<h2>Sus derechos<\/h2>\n<p>Tiene derecho a ser informado en cualquier momento de los datos que tenemos registrados sobre usted. Tiene derecho a que se corrijan los datos incorrectos y a solicitar que eliminemos todos sus datos. Sin embargo, tenemos una responsabilidad en relaci\u00f3n con la legislaci\u00f3n sobre terrorismo y la Ley de Contabilidad danesa que implica que no todos los datos pueden suprimirse. Utilice la secci\u00f3n de contacto de este sitio web para encontrar los datos de contacto pertinentes. <a href=\"https:\/\/suresms.com\/es\/acerca-de-suresms\/pongase-en-contacto-con\/\">datos de contacto<\/a>.<\/p>\n<h2>Cambios<\/h2>\n<p>Podemos modificar esta pol\u00edtica de privacidad. El uso del sitio web despu\u00e9s de actualizar la pol\u00edtica de privacidad significa la aceptaci\u00f3n de la pol\u00edtica de privacidad actualizada. Esta pol\u00edtica de privacidad se actualiz\u00f3 por \u00faltima vez el 24 de marzo de 2024.<\/p>\n<h2>P\u00f3ngase en contacto con nosotros<\/h2>\n<p>Siempre puede ponerse en contacto con nosotros en relaci\u00f3n con esta pol\u00edtica u otras cuestiones. Escriba a <a href=\"mailto:support@suresms.com\">support@suresms.com<\/a> y escriba Politik en el campo del asunto.<\/p>","protected":false},"excerpt":{"rendered":"<p>SureSMS es una empresa danesa registrada con el n\u00famero CVR 33263104. La empresa est\u00e1 registrada en Industriholmen 82, 2650 Hvidovre, Dinamarca. La siguiente pol\u00edtica de privacidad protege sus datos personales de acuerdo con la Ley de Datos Personales y el Reglamento de Datos Personales de la UE. Esta pol\u00edtica de privacidad explica la forma en que recogemos y utilizamos sus datos personales y las medidas que tomamos para garantizar la protecci\u00f3n de sus datos personales. <a title=\"Pol\u00edtica de privacidad\" class=\"read-more\" href=\"https:\/\/suresms.com\/es\/politikker\/persondata-politik\/\" aria-label=\"Leer m\u00e1s sobre Persondata politik\">M\u00e1s informaci\u00f3n<\/a><\/p>","protected":false},"author":1,"featured_media":0,"parent":19124,"menu_order":0,"comment_status":"closed","ping_status":"closed","template":"","meta":{"_fl_builder_enabled":"1","_fl_builder_data":null,"_fl_builder_draft":null,"_fl_builder_data_settings":null,"_fl_builder_css":"","_fl_builder_css_version":"","_fl_builder_js":"","footnotes":""},"categories":[],"tags":[],"class_list":["post-5320","page","type-page","status-publish"],"yoast_head":"<!-- This site is optimized with the Yoast SEO Premium plugin v27.3 (Yoast SEO v27.3) - https:\/\/yoast.com\/product\/yoast-seo-premium-wordpress\/ -->\r\n<title>Persondata politik -<\/title>\r\n<meta name=\"robots\" content=\"index, follow, max-snippet:-1, max-image-preview:large, max-video-preview:-1\" \/>\r\n<link rel=\"canonical\" href=\"https:\/\/suresms.com\/es\/caracteristicas-2\/politica-de-privacidad\/\" \/>\r\n<meta property=\"og:locale\" content=\"es_ES\" \/>\r\n<meta property=\"og:type\" content=\"article\" \/>\r\n<meta property=\"og:title\" content=\"Persondata politik\" \/>\r\n<meta property=\"og:description\" content=\"SureSMS er et dansk registreret selskab med CVR nummer 33263104. Selskabet er registreret p\u00e5 adressen Industriholmen 82, 2650 Hvidovre, Danmark. Den f\u00f8lgende persondatapolitik beskytter dine personlige data i overensstemmelse med Persondataloven og EU persondata forordning. Denne fortrolighedspolitik forklarer m\u00e5den, hvorp\u00e5 vi indsamler og bruger dine personlige data, og hvilke foranstaltninger vi tager, for at sikre ... Leer m\u00e1s\" \/>\r\n<meta property=\"og:url\" content=\"https:\/\/suresms.com\/es\/caracteristicas-2\/politica-de-privacidad\/\" \/>\r\n<meta property=\"article:publisher\" content=\"https:\/\/www.facebook.com\/p\/SureSMS-100044607956149\/\" \/>\r\n<meta property=\"article:modified_time\" content=\"2025-03-24T14:57:40+00:00\" \/>\r\n<meta name=\"twitter:card\" content=\"summary_large_image\" \/>\r\n<meta name=\"twitter:label1\" content=\"Tiempo de lectura\" \/>\n\t<meta name=\"twitter:data1\" content=\"3 minutos\" \/>\r\n<script type=\"application\/ld+json\" class=\"yoast-schema-graph\">{\"@context\":\"https:\\\/\\\/schema.org\",\"@graph\":[{\"@type\":\"WebPage\",\"@id\":\"https:\\\/\\\/suresms.com\\\/dk\\\/politikker\\\/persondata-politik\\\/\",\"url\":\"https:\\\/\\\/suresms.com\\\/dk\\\/politikker\\\/persondata-politik\\\/\",\"name\":\"Persondata politik -\",\"isPartOf\":{\"@id\":\"https:\\\/\\\/suresms.com\\\/en\\\/#website\"},\"datePublished\":\"2017-12-22T13:17:39+00:00\",\"dateModified\":\"2025-03-24T14:57:40+00:00\",\"breadcrumb\":{\"@id\":\"https:\\\/\\\/suresms.com\\\/dk\\\/politikker\\\/persondata-politik\\\/#breadcrumb\"},\"inLanguage\":\"es\",\"potentialAction\":[{\"@type\":\"ReadAction\",\"target\":[\"https:\\\/\\\/suresms.com\\\/dk\\\/politikker\\\/persondata-politik\\\/\"]}]},{\"@type\":\"BreadcrumbList\",\"@id\":\"https:\\\/\\\/suresms.com\\\/dk\\\/politikker\\\/persondata-politik\\\/#breadcrumb\",\"itemListElement\":[{\"@type\":\"ListItem\",\"position\":1,\"name\":\"Home\",\"item\":\"https:\\\/\\\/suresms.com\\\/dk\\\/\"},{\"@type\":\"ListItem\",\"position\":2,\"name\":\"Politikker\",\"item\":\"https:\\\/\\\/suresms.com\\\/politikker\\\/\"},{\"@type\":\"ListItem\",\"position\":3,\"name\":\"Persondata politik\"}]},{\"@type\":\"WebSite\",\"@id\":\"https:\\\/\\\/suresms.com\\\/en\\\/#website\",\"url\":\"https:\\\/\\\/suresms.com\\\/en\\\/\",\"name\":\"SureSMS\",\"description\":\"Professionel SMS Gateway\",\"publisher\":{\"@id\":\"https:\\\/\\\/suresms.com\\\/en\\\/#organization\"},\"potentialAction\":[{\"@type\":\"SearchAction\",\"target\":{\"@type\":\"EntryPoint\",\"urlTemplate\":\"https:\\\/\\\/suresms.com\\\/en\\\/?s={search_term_string}\"},\"query-input\":{\"@type\":\"PropertyValueSpecification\",\"valueRequired\":true,\"valueName\":\"search_term_string\"}}],\"inLanguage\":\"es\"},{\"@type\":\"Organization\",\"@id\":\"https:\\\/\\\/suresms.com\\\/en\\\/#organization\",\"name\":\"SureSMS\",\"url\":\"https:\\\/\\\/suresms.com\\\/en\\\/\",\"logo\":{\"@type\":\"ImageObject\",\"inLanguage\":\"es\",\"@id\":\"https:\\\/\\\/suresms.com\\\/en\\\/#\\\/schema\\\/logo\\\/image\\\/\",\"url\":\"https:\\\/\\\/suresms.com\\\/wp-content\\\/uploads\\\/2024\\\/11\\\/suresms-300x65-1.png\",\"contentUrl\":\"https:\\\/\\\/suresms.com\\\/wp-content\\\/uploads\\\/2024\\\/11\\\/suresms-300x65-1.png\",\"width\":300,\"height\":65,\"caption\":\"SureSMS\"},\"image\":{\"@id\":\"https:\\\/\\\/suresms.com\\\/en\\\/#\\\/schema\\\/logo\\\/image\\\/\"},\"sameAs\":[\"https:\\\/\\\/www.facebook.com\\\/p\\\/SureSMS-100044607956149\\\/\"]}]}<\/script>\r\n<!-- \/ Yoast SEO Premium plugin. -->","yoast_head_json":{"title":"Pol\u00edtica de datos personales","robots":{"index":"index","follow":"follow","max-snippet":"max-snippet:-1","max-image-preview":"max-image-preview:large","max-video-preview":"max-video-preview:-1"},"canonical":"https:\/\/suresms.com\/es\/caracteristicas-2\/politica-de-privacidad\/","og_locale":"es_ES","og_type":"article","og_title":"Persondata politik","og_description":"SureSMS er et dansk registreret selskab med CVR nummer 33263104. Selskabet er registreret p\u00e5 adressen Industriholmen 82, 2650 Hvidovre, Danmark. Den f\u00f8lgende persondatapolitik beskytter dine personlige data i overensstemmelse med Persondataloven og EU persondata forordning. Denne fortrolighedspolitik forklarer m\u00e5den, hvorp\u00e5 vi indsamler og bruger dine personlige data, og hvilke foranstaltninger vi tager, for at sikre ... Leer m\u00e1s","og_url":"https:\/\/suresms.com\/es\/caracteristicas-2\/politica-de-privacidad\/","article_publisher":"https:\/\/www.facebook.com\/p\/SureSMS-100044607956149\/","article_modified_time":"2025-03-24T14:57:40+00:00","twitter_card":"summary_large_image","twitter_misc":{"Tiempo de lectura":"3 minutos"},"schema":{"@context":"https:\/\/schema.org","@graph":[{"@type":"WebPage","@id":"https:\/\/suresms.com\/dk\/politikker\/persondata-politik\/","url":"https:\/\/suresms.com\/dk\/politikker\/persondata-politik\/","name":"Pol\u00edtica de datos personales","isPartOf":{"@id":"https:\/\/suresms.com\/en\/#website"},"datePublished":"2017-12-22T13:17:39+00:00","dateModified":"2025-03-24T14:57:40+00:00","breadcrumb":{"@id":"https:\/\/suresms.com\/dk\/politikker\/persondata-politik\/#breadcrumb"},"inLanguage":"es","potentialAction":[{"@type":"ReadAction","target":["https:\/\/suresms.com\/dk\/politikker\/persondata-politik\/"]}]},{"@type":"BreadcrumbList","@id":"https:\/\/suresms.com\/dk\/politikker\/persondata-politik\/#breadcrumb","itemListElement":[{"@type":"ListItem","position":1,"name":"Home","item":"https:\/\/suresms.com\/dk\/"},{"@type":"ListItem","position":2,"name":"Politikker","item":"https:\/\/suresms.com\/politikker\/"},{"@type":"ListItem","position":3,"name":"Persondata politik"}]},{"@type":"WebSite","@id":"https:\/\/suresms.com\/en\/#website","url":"https:\/\/suresms.com\/en\/","name":"SureSMS","description":"Pasarela SMS profesional","publisher":{"@id":"https:\/\/suresms.com\/en\/#organization"},"potentialAction":[{"@type":"SearchAction","target":{"@type":"EntryPoint","urlTemplate":"https:\/\/suresms.com\/en\/?s={search_term_string}"},"query-input":{"@type":"PropertyValueSpecification","valueRequired":true,"valueName":"search_term_string"}}],"inLanguage":"es"},{"@type":"Organization","@id":"https:\/\/suresms.com\/en\/#organization","name":"SureSMS","url":"https:\/\/suresms.com\/en\/","logo":{"@type":"ImageObject","inLanguage":"es","@id":"https:\/\/suresms.com\/en\/#\/schema\/logo\/image\/","url":"https:\/\/suresms.com\/wp-content\/uploads\/2024\/11\/suresms-300x65-1.png","contentUrl":"https:\/\/suresms.com\/wp-content\/uploads\/2024\/11\/suresms-300x65-1.png","width":300,"height":65,"caption":"SureSMS"},"image":{"@id":"https:\/\/suresms.com\/en\/#\/schema\/logo\/image\/"},"sameAs":["https:\/\/www.facebook.com\/p\/SureSMS-100044607956149\/"]}]}},"_links":{"self":[{"href":"https:\/\/suresms.com\/es\/wp-json\/wp\/v2\/pages\/5320","targetHints":{"allow":["GET"]}}],"collection":[{"href":"https:\/\/suresms.com\/es\/wp-json\/wp\/v2\/pages"}],"about":[{"href":"https:\/\/suresms.com\/es\/wp-json\/wp\/v2\/types\/page"}],"author":[{"embeddable":true,"href":"https:\/\/suresms.com\/es\/wp-json\/wp\/v2\/users\/1"}],"replies":[{"embeddable":true,"href":"https:\/\/suresms.com\/es\/wp-json\/wp\/v2\/comments?post=5320"}],"version-history":[{"count":5,"href":"https:\/\/suresms.com\/es\/wp-json\/wp\/v2\/pages\/5320\/revisions"}],"predecessor-version":[{"id":22984,"href":"https:\/\/suresms.com\/es\/wp-json\/wp\/v2\/pages\/5320\/revisions\/22984"}],"up":[{"embeddable":true,"href":"https:\/\/suresms.com\/es\/wp-json\/wp\/v2\/pages\/19124"}],"wp:attachment":[{"href":"https:\/\/suresms.com\/es\/wp-json\/wp\/v2\/media?parent=5320"}],"wp:term":[{"taxonomy":"category","embeddable":true,"href":"https:\/\/suresms.com\/es\/wp-json\/wp\/v2\/categories?post=5320"},{"taxonomy":"post_tag","embeddable":true,"href":"https:\/\/suresms.com\/es\/wp-json\/wp\/v2\/tags?post=5320"}],"curies":[{"name":"wp","href":"https:\/\/api.w.org\/{rel}","templated":true}]}}