{"id":511,"date":"2014-10-29T11:25:11","date_gmt":"2014-10-29T09:25:11","guid":{"rendered":"https:\/\/www.suresms.com\/dk\/?page_id=511"},"modified":"2025-01-21T10:14:51","modified_gmt":"2025-01-21T10:14:51","slug":"descarga-de-sms-bidireccionales-con-sim-alojada","status":"publish","type":"page","link":"https:\/\/suresms.com\/es\/funktioner\/2-vejs-sms-losning-med-hosted-sim\/","title":{"rendered":"SMS bidireccionales con Hosted SIM"},"content":{"rendered":"<!-- Flexy Breadcrumb -->\r\n\t\t\t<div class=\"fbc fbc-page\">\r\n\r\n\t\t\t\t<!-- Breadcrumb wrapper -->\r\n\t\t\t\t<div class=\"fbc-wrap\">\r\n\r\n\t\t\t\t\t<!-- Ordered list-->\r\n\t\t\t\t\t<ol class=\"fbc-items\" itemscope itemtype=\"https:\/\/schema.org\/BreadcrumbList\">\r\n\t\t\t\t\t\t            <li itemprop=\"itemListElement\" itemscope itemtype=\"https:\/\/schema.org\/ListItem\">\r\n                <span itemprop=\"name\">\r\n                    <!-- Home Link -->\r\n                    <a itemprop=\"item\" href=\"https:\/\/suresms.com\/es\/\">\r\n                    \r\n                                                    <i class=\"fa fa-home\" aria-hidden=\"true\"><\/i>Inicio                    <\/a>\r\n                <\/span>\r\n                <meta itemprop=\"position\" content=\"1\" \/><!-- Meta Position-->\r\n             <\/li><li><span class=\"fbc-separator\">\/<\/span><\/li><li class=\"active\" itemprop=\"itemListElement\" itemscope itemtype=\"https:\/\/schema.org\/ListItem\"><span itemprop=\"name\" title=\"SMS bidireccionales con Hosted SIM\">SMS bidireccionales con...<\/span><meta itemprop=\"position\" content=\"2\" \/><\/li>\t\t\t\t\t<\/ol>\r\n\t\t\t\t\t<div class=\"clearfix\"><\/div>\r\n\t\t\t\t<\/div>\r\n\t\t\t<\/div>\r\n\t\t\t\n\t<h1>Soluci\u00f3n SIM alojada<\/h1>\n<p><strong>Si desea utilizar su propia tarjeta SIM para su soluci\u00f3n bidireccional, le ofrecemos una soluci\u00f3n de SIM alojada estable y segura. Ventajas: Usted es el propietario del n\u00famero y puede desviar las llamadas desde el n\u00famero a su tel\u00e9fono para que sus clientes puedan llamarle.<\/strong><\/p>\n<h4><strong>Acerca de Hosted SIM<\/strong><br \/>\nEn pocas palabras, instalamos su tarjeta SIM en una pieza de hardware en nuestras instalaciones. Cuando alguien env\u00eda un mensaje a la tarjeta SIM, el mensaje SMS es le\u00eddo por un software, tras lo cual el mensaje se a\u00f1ade a su cuenta en nuestra interfaz WEB.  Aqu\u00ed puedes conectarte y ver toda la informaci\u00f3n sobre tus mensajes.<\/h4>\n<p>&nbsp;<\/p>\n<h4><strong>Puede elegir el n\u00famero usted mismo<\/strong><\/h4>\n<p>Una de las ventajas de la SIM alojada es que puedes controlar qu\u00e9 n\u00famero obtienes. As\u00ed, puedes hacer que el n\u00famero encaje en una serie num\u00e9rica con los dem\u00e1s n\u00fameros de tu empresa.<\/p>\n<p>Con hosted SIM tambi\u00e9n existe la opci\u00f3n de desv\u00edo de llamadas. Si un cliente intenta llamarle, la llamada puede desviarse a su tel\u00e9fono de servicio normal. Que sus clientes puedan llamarle puede a\u00f1adir un gran valor a sus campa\u00f1as y servicios.<\/p>\n<p>Nuestra soluci\u00f3n bidireccional permite recibir mensajes Flash.<\/p>\n<h4><strong>Opci\u00f3n para n\u00fameros extranjeros<\/strong><\/h4>\n<p>Con hosted SIM puede optar por colocar una tarjeta SIM extranjera en nuestro hardware. Si nos env\u00eda la tarjeta SIM, configuraremos r\u00e1pidamente la soluci\u00f3n para usted.<\/p>\n<p><strong>Si quieres una soluci\u00f3n SIM alojada, tienes que conseguir t\u00fa mismo una tarjeta SIM y envi\u00e1rnosla. Tambi\u00e9n podemos crear una <a href=\"https:\/\/suresms.com\/es\/caracteristicas\/recibe-mensajes-de-texto-en-tu-ordenador\/\">N\u00famero VLN.<\/a><\/strong><\/p>\n<h4><strong>SMS salientes desde SIM alojada<\/strong><\/h4>\n<p>Con hosted SIM NO pagas por los mensajes de texto salientes a tu operador, aunque tengamos tu tarjeta SIM en tu tel\u00e9fono. S\u00f3lo tiene que pagar a su pasarela de SMS, en nuestro caso a SureSMS. Las cuatro compa\u00f1\u00edas de telecomunicaciones danesas establecen en sus t\u00e9rminos y condiciones que NO est\u00e1 permitido crear los llamados mensajes SMS \"generados por m\u00e1quina\" con tu tarjeta SIM. Por lo tanto, ser\u00eda una violaci\u00f3n de los t\u00e9rminos y condiciones de las compa\u00f1\u00edas de telecomunicaciones si las pasarelas SMS env\u00edan mensajes SMS a trav\u00e9s de la tarjeta SIM. Por lo tanto, enviamos el mensaje SMS a trav\u00e9s de nuestra conexi\u00f3n directa con la compa\u00f1\u00eda de telecomunicaciones, pero recibimos la respuesta en la tarjeta SIM. Consulta el precio actual de los SMS salientes en nuestros precios de las pasarelas SMS. En Dinamarca, nunca pagas por los SMS entrantes.<\/p>\n<h4><strong>Reenv\u00edo de mensajes al correo electr\u00f3nico<\/strong><\/h4>\n<p>A partir de aqu\u00ed, tenemos dos opciones para reenviarte el mensaje a ti y a tu sistema. Una opci\u00f3n es que enviemos un correo electr\u00f3nico a una direcci\u00f3n de correo electr\u00f3nico predeterminada. Elegimos autom\u00e1ticamente el correo electr\u00f3nico que utilizaste cuando configuraste tu cuenta en SureSMS.com. El mensaje se env\u00eda en cuanto lo recibimos y, dependiendo de tu sistema de correo, recibir\u00e1s el mensaje casi simult\u00e1neamente en tu bandeja de entrada.<\/p>\n<h4>\u00a0<strong>Reenv\u00edo de mensajes a trav\u00e9s de http(S)<\/strong><\/h4>\n<p>La segunda opci\u00f3n, un poco m\u00e1s t\u00e9cnica, es que hagamos una llamada HTTP a un sitio web que usted haya creado. Configuramos nuestro sistema para conocer su direcci\u00f3n (end-point). Cuando recibimos un SMS en su n\u00famero alojado, lo ponemos en su bandeja de entrada y hacemos una llamada HTTP a su sitio web.<\/p>\n<p><a href=\"http:\/\/manual.suresms.com\/avanceret-opsaetning-af-2-vejs-sms\/\">Para m\u00e1s informaci\u00f3n sobre c\u00f3mo crear una p\u00e1gina http, pulse aqu\u00ed.\u00a0<\/a><\/p>\n<p><strong>Pueden pasar hasta 24 horas desde que recibimos tu tarjeta SIM en nuestra direcci\u00f3n hasta que recibes tu nombre de usuario y tu c\u00f3digo.<\/strong><\/p>\n\t\t<h3><a href=\"https:\/\/suresms.com\/es\/soporte-suresms\/\" target=\"_self\">Al crear una soluci\u00f3n bidireccional<\/a><\/h3><h4>Si desea pedir una soluci\u00f3n bidireccional, haga lo siguiente:<\/h4>\n<p>1. Cree una cuenta rellenando el formulario de esta p\u00e1gina.<\/p>\n<p>2. Decida si desea una SIM alojada o una soluci\u00f3n VLN. Compruebe la\u00a0<a title=\"Precios de la pasarela SMS, sin instalaci\u00f3n ni suscripci\u00f3n\" href=\"https:\/\/suresms.com\/es\/precios-de-las-pasarelas-sms\/\">El precio aqu\u00ed<\/a>.<\/p>\n<p>3. Decida si desea recibir los mensajes por correo electr\u00f3nico o http.<\/p>\n<p>4. Si elige HTTP, deber\u00e1 crear una p\u00e1gina que pueda recibir los par\u00e1metros anteriores.<\/p>\n<p>\u00bfDesea m\u00e1s informaci\u00f3n sobre nuestras soluciones bidireccionales? Estamos listos para hablar con usted.<\/p>\n\t\t\t<a href=\"https:\/\/suresms.com\/es\/soporte-suresms\/\" target=\"_self\">\n\t\t\t\t\t\t\tP\u00f3ngase en contacto con nosotros\n\t\t\t\t\t<\/a>\n\t\t\t\t<a href=\"https:\/\/suresms.com\/es\/soporte-suresms\/\" target=\"_self\" itemprop=\"url\">\n\t\t\t\t<img loading=\"lazy\" decoding=\"async\" src=\"https:\/\/suresms.com\/wp-content\/uploads\/2014\/10\/kommunikation-500x380-px.jpg\" alt=\"soluci\u00f3n sms bidireccional hosted sim\" itemprop=\"image\" height=\"380\" width=\"500\" title=\"Soluci\u00f3n de comunicaci\u00f3n bidireccional\" onerror=\"this.style.display='none'\"  \/>\n\t\t\t\t<\/a>\n\t\t<h4>\u00bfDesea crear una cuenta inmediatamente? <\/h4>\n\t\t<p>Estamos preparados para darle la bienvenida como cliente de SureSMS.<\/p>\n\t\t\t<a href=\"https:\/\/suresms.com\/es\/crear-cuenta-sms-gateway\/\" target=\"_self\">\n\t\t\t\t\t\t\tCrear una cuenta SureSMS\n\t\t\t\t\t<\/a>\n\t\t<h4>Pida una soluci\u00f3n bidireccional<\/h4>\n\t\t<p>\u00bfYa tiene una cuenta? Pida una soluci\u00f3n bidireccional y obtenga las opciones adicionales que ofrece su propia soluci\u00f3n.\u00a0<\/p>\n\t\t\t<a href=\"https:\/\/suresms.com\/es\/orden-de-descarga-bidireccional\/\" target=\"_self\">\n\t\t\t\t\t\t\tPedir soluci\u00f3n bidireccional\n\t\t\t\t\t<\/a>\n\t<h4><strong>Aqu\u00ed puede leer algunos ejemplos de c\u00f3mo nuestros clientes utilizan actualmente nuestra soluci\u00f3n SIM alojada:<\/strong><\/h4>\n<ul>\n<li><strong>Una empresa danesa de suministro de calor<\/strong> utilice nuestra soluci\u00f3n SIM alojada para <strong>sus negocios en Noruega y Suecia<\/strong>. Al igual que en Dinamarca, su personal debe enviar recordatorios de citas a los residentes, pero al tratarse de n\u00fameros noruegos y suecos, la soluci\u00f3n bidireccional debe ser, por supuesto, la misma.<\/li>\n<li><strong>Una agencia de publicidad danesa<\/strong> env\u00eda cartas f\u00edsicas a los clientes con ofertas. Estas cartas incluyen un n\u00famero de tel\u00e9fono al que los clientes pueden apuntarse para recibir las ofertas con una PALABRA CLAVE. El n\u00famero se reenv\u00eda al tel\u00e9fono de atenci\u00f3n al cliente de la agencia de publicidad para que los futuros clientes tambi\u00e9n puedan llamar.<\/li>\n<li><strong>Un hotel cerca de la frontera entre Dinamarca y Alemania<\/strong> utiliza nuestra soluci\u00f3n bidireccional para comunicarse con futuros y anteriores clientes. Como entre los clientes hay tanto daneses como alemanes, la soluci\u00f3n bidireccional debe tener, por supuesto, un n\u00famero de m\u00f3vil dan\u00e9s y otro alem\u00e1n.<\/li>\n<\/ul>\n\t\t<h3><a href=\"http:\/\/manual.suresms.com\/\" target=\"_self\">Visite nuestro Manual<\/a><\/h3>\n\t\t\t\t<a href=\"http:\/\/manual.suresms.com\/\" target=\"_self\" itemprop=\"url\">\n\t\t\t\t<img loading=\"lazy\" decoding=\"async\" src=\"https:\/\/suresms.com\/wp-content\/uploads\/2016\/03\/Manual-400x250-px1.jpg\" alt=\"manual sitio web suresms\" itemprop=\"image\" height=\"250\" width=\"400\" title=\"Manual 400x250 px\" onerror=\"this.style.display='none'\"  \/>\n\t\t\t\t<\/a>\n<p>Para ayudar a nuestros clientes, hemos reunido todas las instrucciones y descripciones en manual.suresms.com. Aqu\u00ed puede ver c\u00f3mo funciona nuestra pasarela y obtener instrucciones sencillas y f\u00e1ciles de usar para las numerosas funciones.<\/p>\n\t\t<h3><a href=\"http:\/\/developer.suresms.com\/\" target=\"_self\">desarrollador.suresms.com<\/a><\/h3>\n\t\t\t\t<a href=\"http:\/\/developer.suresms.com\/\" target=\"_self\" itemprop=\"url\">\n\t\t\t\t<img loading=\"lazy\" decoding=\"async\" src=\"https:\/\/suresms.com\/wp-content\/uploads\/2016\/03\/developer-400x250-px.jpg\" alt=\"desarrollador suresms sitio web para desarrolladores\" itemprop=\"image\" height=\"250\" width=\"400\" title=\"desarrollador 400x250 px\" onerror=\"this.style.display='none'\"  \/>\n\t\t\t\t<\/a>\nSureSMS est\u00e1 hecho por desarrolladores para desarrolladores.<br \/>\nEn developer.suresms.com hemos reunido documentaci\u00f3n y ejemplos de c\u00f3digo para facilitar la integraci\u00f3n de nuestra pasarela en su sistema.\n\t\t<h3><a href=\"https:\/\/www.youtube.com\/channel\/UC1XGC5rl9mI9ndtBVn8yq7g\" target=\"_self\">Vea nuestros v\u00eddeos de instrucciones<\/a><\/h3>\n\t\t\t\t<a href=\"https:\/\/www.youtube.com\/channel\/UC1XGC5rl9mI9ndtBVn8yq7g\" target=\"_self\" itemprop=\"url\">\n\t\t\t\t<img loading=\"lazy\" decoding=\"async\" src=\"https:\/\/suresms.com\/wp-content\/uploads\/2016\/03\/you-tube400x250px.jpg\" alt=\"suresms sms gateway you tube videos\" itemprop=\"image\" height=\"250\" width=\"400\" title=\"you tube 400x250px\" onerror=\"this.style.display='none'\"  \/>\n\t\t\t\t<\/a>\n<p>\u00bfEst\u00e1 empezando a utilizar una nueva funci\u00f3n? \u00bfO simplemente necesitas saber un poco m\u00e1s sobre c\u00f3mo funciona nuestra pasarela? En Youtube hemos recopilado nuestros v\u00eddeos instructivos. \u00a1Listo para empezar!<\/p>","protected":false},"excerpt":{"rendered":"<p>Soluci\u00f3n SIM alojada Si desea utilizar su propia tarjeta SIM para su soluci\u00f3n bidireccional, le ofrecemos una soluci\u00f3n SIM alojada estable y segura. Ventajas: Usted es el propietario del n\u00famero y puede desviar las llamadas desde el n\u00famero a su tel\u00e9fono para que sus clientes puedan llamarle. En resumen, instalamos su tarjeta SIM... <a title=\"SMS bidireccionales con Hosted SIM\" class=\"read-more\" href=\"https:\/\/suresms.com\/es\/funktioner\/2-vejs-sms-losning-med-hosted-sim\/\" aria-label=\"Leer m\u00e1s sobre SMS bidireccionales con Hosted SIM\">M\u00e1s informaci\u00f3n<\/a><\/p>","protected":false},"author":1,"featured_media":0,"parent":958,"menu_order":1,"comment_status":"closed","ping_status":"closed","template":"","meta":{"_fl_builder_enabled":"1","_fl_builder_data":null,"_fl_builder_draft":null,"_fl_builder_data_settings":null,"_fl_builder_css":"","_fl_builder_css_version":"","_fl_builder_js":"","footnotes":""},"categories":[17],"tags":[],"class_list":{"0":"post-511","1":"page","2":"type-page","3":"status-publish","5":"category-linkfracornorstone"},"yoast_head":"<!-- This site is optimized with the Yoast SEO Premium plugin v27.3 (Yoast SEO v27.3) - https:\/\/yoast.com\/product\/yoast-seo-premium-wordpress\/ -->\r\n<title>2-vejs SMS med Hosted SIM I SureSMS I international 2vejs L\u00f8sning<\/title>\r\n<meta name=\"description\" content=\"Hosted SIM - Med en Hosted SIM 2-vejs SMS l\u00f8sning v\u00e6lger du selv nummeret. Brug firmanummer eller udenlandske numre. gratis oprettelse I 18 \u00f8re pr. SMS\" \/>\r\n<meta name=\"robots\" content=\"index, follow, max-snippet:-1, max-image-preview:large, max-video-preview:-1\" \/>\r\n<link rel=\"canonical\" href=\"https:\/\/suresms.com\/es\/caracteristicas\/descarga-de-sms-bidireccionales-con-sim-alojada\/\" \/>\r\n<meta property=\"og:locale\" content=\"es_ES\" \/>\r\n<meta property=\"og:type\" content=\"article\" \/>\r\n<meta property=\"og:title\" content=\"2-vejs SMS med Hosted SIM\" \/>\r\n<meta property=\"og:description\" content=\"Hosted SIM - Med en Hosted SIM 2-vejs SMS l\u00f8sning v\u00e6lger du selv nummeret. Brug firmanummer eller udenlandske numre. gratis oprettelse I 18 \u00f8re pr. SMS\" \/>\r\n<meta property=\"og:url\" content=\"https:\/\/suresms.com\/es\/caracteristicas\/descarga-de-sms-bidireccionales-con-sim-alojada\/\" \/>\r\n<meta property=\"article:publisher\" content=\"https:\/\/www.facebook.com\/p\/SureSMS-100044607956149\/\" \/>\r\n<meta property=\"article:modified_time\" content=\"2025-01-21T10:14:51+00:00\" \/>\r\n<meta property=\"og:image\" content=\"https:\/\/suresms.com\/wp-content\/uploads\/2014\/10\/kommunikation-500x380-px.jpg\" \/>\r\n<meta name=\"twitter:card\" content=\"summary_large_image\" \/>\r\n<meta name=\"twitter:label1\" content=\"Tiempo de lectura\" \/>\n\t<meta name=\"twitter:data1\" content=\"6 minutos\" \/>\r\n<script type=\"application\/ld+json\" class=\"yoast-schema-graph\">{\"@context\":\"https:\\\/\\\/schema.org\",\"@graph\":[{\"@type\":\"WebPage\",\"@id\":\"https:\\\/\\\/suresms.com\\\/dk\\\/funktioner\\\/2-vejs-sms-losning-med-hosted-sim\\\/\",\"url\":\"https:\\\/\\\/suresms.com\\\/dk\\\/funktioner\\\/2-vejs-sms-losning-med-hosted-sim\\\/\",\"name\":\"2-vejs SMS med Hosted SIM I SureSMS I international 2vejs L\u00f8sning\",\"isPartOf\":{\"@id\":\"https:\\\/\\\/suresms.com\\\/en\\\/#website\"},\"primaryImageOfPage\":{\"@id\":\"https:\\\/\\\/suresms.com\\\/dk\\\/funktioner\\\/2-vejs-sms-losning-med-hosted-sim\\\/#primaryimage\"},\"image\":{\"@id\":\"https:\\\/\\\/suresms.com\\\/dk\\\/funktioner\\\/2-vejs-sms-losning-med-hosted-sim\\\/#primaryimage\"},\"thumbnailUrl\":\"https:\\\/\\\/suresms.com\\\/wp-content\\\/uploads\\\/2014\\\/10\\\/kommunikation-500x380-px.jpg\",\"datePublished\":\"2014-10-29T09:25:11+00:00\",\"dateModified\":\"2025-01-21T10:14:51+00:00\",\"description\":\"Hosted SIM - Med en Hosted SIM 2-vejs SMS l\u00f8sning v\u00e6lger du selv nummeret. Brug firmanummer eller udenlandske numre. gratis oprettelse I 18 \u00f8re pr. SMS\",\"breadcrumb\":{\"@id\":\"https:\\\/\\\/suresms.com\\\/dk\\\/funktioner\\\/2-vejs-sms-losning-med-hosted-sim\\\/#breadcrumb\"},\"inLanguage\":\"es\",\"potentialAction\":[{\"@type\":\"ReadAction\",\"target\":[\"https:\\\/\\\/suresms.com\\\/dk\\\/funktioner\\\/2-vejs-sms-losning-med-hosted-sim\\\/\"]}]},{\"@type\":\"ImageObject\",\"inLanguage\":\"es\",\"@id\":\"https:\\\/\\\/suresms.com\\\/dk\\\/funktioner\\\/2-vejs-sms-losning-med-hosted-sim\\\/#primaryimage\",\"url\":\"https:\\\/\\\/suresms.com\\\/wp-content\\\/uploads\\\/2014\\\/10\\\/kommunikation-500x380-px.jpg\",\"contentUrl\":\"https:\\\/\\\/suresms.com\\\/wp-content\\\/uploads\\\/2014\\\/10\\\/kommunikation-500x380-px.jpg\"},{\"@type\":\"BreadcrumbList\",\"@id\":\"https:\\\/\\\/suresms.com\\\/dk\\\/funktioner\\\/2-vejs-sms-losning-med-hosted-sim\\\/#breadcrumb\",\"itemListElement\":[{\"@type\":\"ListItem\",\"position\":1,\"name\":\"Home\",\"item\":\"https:\\\/\\\/suresms.com\\\/dk\\\/\"},{\"@type\":\"ListItem\",\"position\":2,\"name\":\"Funktioner\",\"item\":\"https:\\\/\\\/suresms.com\\\/dk\\\/funktioner\\\/\"},{\"@type\":\"ListItem\",\"position\":3,\"name\":\"2-vejs SMS med Hosted SIM\"}]},{\"@type\":\"WebSite\",\"@id\":\"https:\\\/\\\/suresms.com\\\/en\\\/#website\",\"url\":\"https:\\\/\\\/suresms.com\\\/en\\\/\",\"name\":\"SureSMS\",\"description\":\"Professionel SMS Gateway\",\"publisher\":{\"@id\":\"https:\\\/\\\/suresms.com\\\/en\\\/#organization\"},\"potentialAction\":[{\"@type\":\"SearchAction\",\"target\":{\"@type\":\"EntryPoint\",\"urlTemplate\":\"https:\\\/\\\/suresms.com\\\/en\\\/?s={search_term_string}\"},\"query-input\":{\"@type\":\"PropertyValueSpecification\",\"valueRequired\":true,\"valueName\":\"search_term_string\"}}],\"inLanguage\":\"es\"},{\"@type\":\"Organization\",\"@id\":\"https:\\\/\\\/suresms.com\\\/en\\\/#organization\",\"name\":\"SureSMS\",\"url\":\"https:\\\/\\\/suresms.com\\\/en\\\/\",\"logo\":{\"@type\":\"ImageObject\",\"inLanguage\":\"es\",\"@id\":\"https:\\\/\\\/suresms.com\\\/en\\\/#\\\/schema\\\/logo\\\/image\\\/\",\"url\":\"https:\\\/\\\/suresms.com\\\/wp-content\\\/uploads\\\/2024\\\/11\\\/suresms-300x65-1.png\",\"contentUrl\":\"https:\\\/\\\/suresms.com\\\/wp-content\\\/uploads\\\/2024\\\/11\\\/suresms-300x65-1.png\",\"width\":300,\"height\":65,\"caption\":\"SureSMS\"},\"image\":{\"@id\":\"https:\\\/\\\/suresms.com\\\/en\\\/#\\\/schema\\\/logo\\\/image\\\/\"},\"sameAs\":[\"https:\\\/\\\/www.facebook.com\\\/p\\\/SureSMS-100044607956149\\\/\"]}]}<\/script>\r\n<!-- \/ Yoast SEO Premium plugin. -->","yoast_head_json":{"title":"SMS bidireccionales con SIM alojada en SureSMS I soluci\u00f3n bidireccional internacional","description":"Hosted SIM - Con una soluci\u00f3n de SMS bidireccional Hosted SIM, usted mismo elige el n\u00famero. Utilice n\u00fameros de empresa o n\u00fameros extranjeros. Instalaci\u00f3n gratuita por 18 \u00f8re por SMS","robots":{"index":"index","follow":"follow","max-snippet":"max-snippet:-1","max-image-preview":"max-image-preview:large","max-video-preview":"max-video-preview:-1"},"canonical":"https:\/\/suresms.com\/es\/caracteristicas\/descarga-de-sms-bidireccionales-con-sim-alojada\/","og_locale":"es_ES","og_type":"article","og_title":"2-vejs SMS med Hosted SIM","og_description":"Hosted SIM - Med en Hosted SIM 2-vejs SMS l\u00f8sning v\u00e6lger du selv nummeret. Brug firmanummer eller udenlandske numre. gratis oprettelse I 18 \u00f8re pr. SMS","og_url":"https:\/\/suresms.com\/es\/caracteristicas\/descarga-de-sms-bidireccionales-con-sim-alojada\/","article_publisher":"https:\/\/www.facebook.com\/p\/SureSMS-100044607956149\/","article_modified_time":"2025-01-21T10:14:51+00:00","og_image":[{"url":"https:\/\/suresms.com\/wp-content\/uploads\/2014\/10\/kommunikation-500x380-px.jpg","type":"","width":"","height":""}],"twitter_card":"summary_large_image","twitter_misc":{"Tiempo de lectura":"6 minutos"},"schema":{"@context":"https:\/\/schema.org","@graph":[{"@type":"WebPage","@id":"https:\/\/suresms.com\/dk\/funktioner\/2-vejs-sms-losning-med-hosted-sim\/","url":"https:\/\/suresms.com\/dk\/funktioner\/2-vejs-sms-losning-med-hosted-sim\/","name":"SMS bidireccionales con SIM alojada en SureSMS I soluci\u00f3n bidireccional internacional","isPartOf":{"@id":"https:\/\/suresms.com\/en\/#website"},"primaryImageOfPage":{"@id":"https:\/\/suresms.com\/dk\/funktioner\/2-vejs-sms-losning-med-hosted-sim\/#primaryimage"},"image":{"@id":"https:\/\/suresms.com\/dk\/funktioner\/2-vejs-sms-losning-med-hosted-sim\/#primaryimage"},"thumbnailUrl":"https:\/\/suresms.com\/wp-content\/uploads\/2014\/10\/kommunikation-500x380-px.jpg","datePublished":"2014-10-29T09:25:11+00:00","dateModified":"2025-01-21T10:14:51+00:00","description":"Hosted SIM - Con una soluci\u00f3n de SMS bidireccional Hosted SIM, usted mismo elige el n\u00famero. Utilice n\u00fameros de empresa o n\u00fameros extranjeros. Instalaci\u00f3n gratuita por 18 \u00f8re por SMS","breadcrumb":{"@id":"https:\/\/suresms.com\/dk\/funktioner\/2-vejs-sms-losning-med-hosted-sim\/#breadcrumb"},"inLanguage":"es","potentialAction":[{"@type":"ReadAction","target":["https:\/\/suresms.com\/dk\/funktioner\/2-vejs-sms-losning-med-hosted-sim\/"]}]},{"@type":"ImageObject","inLanguage":"es","@id":"https:\/\/suresms.com\/dk\/funktioner\/2-vejs-sms-losning-med-hosted-sim\/#primaryimage","url":"https:\/\/suresms.com\/wp-content\/uploads\/2014\/10\/kommunikation-500x380-px.jpg","contentUrl":"https:\/\/suresms.com\/wp-content\/uploads\/2014\/10\/kommunikation-500x380-px.jpg"},{"@type":"BreadcrumbList","@id":"https:\/\/suresms.com\/dk\/funktioner\/2-vejs-sms-losning-med-hosted-sim\/#breadcrumb","itemListElement":[{"@type":"ListItem","position":1,"name":"Home","item":"https:\/\/suresms.com\/dk\/"},{"@type":"ListItem","position":2,"name":"Funktioner","item":"https:\/\/suresms.com\/dk\/funktioner\/"},{"@type":"ListItem","position":3,"name":"2-vejs SMS med Hosted SIM"}]},{"@type":"WebSite","@id":"https:\/\/suresms.com\/en\/#website","url":"https:\/\/suresms.com\/en\/","name":"SureSMS","description":"Pasarela SMS profesional","publisher":{"@id":"https:\/\/suresms.com\/en\/#organization"},"potentialAction":[{"@type":"SearchAction","target":{"@type":"EntryPoint","urlTemplate":"https:\/\/suresms.com\/en\/?s={search_term_string}"},"query-input":{"@type":"PropertyValueSpecification","valueRequired":true,"valueName":"search_term_string"}}],"inLanguage":"es"},{"@type":"Organization","@id":"https:\/\/suresms.com\/en\/#organization","name":"SureSMS","url":"https:\/\/suresms.com\/en\/","logo":{"@type":"ImageObject","inLanguage":"es","@id":"https:\/\/suresms.com\/en\/#\/schema\/logo\/image\/","url":"https:\/\/suresms.com\/wp-content\/uploads\/2024\/11\/suresms-300x65-1.png","contentUrl":"https:\/\/suresms.com\/wp-content\/uploads\/2024\/11\/suresms-300x65-1.png","width":300,"height":65,"caption":"SureSMS"},"image":{"@id":"https:\/\/suresms.com\/en\/#\/schema\/logo\/image\/"},"sameAs":["https:\/\/www.facebook.com\/p\/SureSMS-100044607956149\/"]}]}},"_links":{"self":[{"href":"https:\/\/suresms.com\/es\/wp-json\/wp\/v2\/pages\/511","targetHints":{"allow":["GET"]}}],"collection":[{"href":"https:\/\/suresms.com\/es\/wp-json\/wp\/v2\/pages"}],"about":[{"href":"https:\/\/suresms.com\/es\/wp-json\/wp\/v2\/types\/page"}],"author":[{"embeddable":true,"href":"https:\/\/suresms.com\/es\/wp-json\/wp\/v2\/users\/1"}],"replies":[{"embeddable":true,"href":"https:\/\/suresms.com\/es\/wp-json\/wp\/v2\/comments?post=511"}],"version-history":[{"count":5,"href":"https:\/\/suresms.com\/es\/wp-json\/wp\/v2\/pages\/511\/revisions"}],"predecessor-version":[{"id":21888,"href":"https:\/\/suresms.com\/es\/wp-json\/wp\/v2\/pages\/511\/revisions\/21888"}],"up":[{"embeddable":true,"href":"https:\/\/suresms.com\/es\/wp-json\/wp\/v2\/pages\/958"}],"wp:attachment":[{"href":"https:\/\/suresms.com\/es\/wp-json\/wp\/v2\/media?parent=511"}],"wp:term":[{"taxonomy":"category","embeddable":true,"href":"https:\/\/suresms.com\/es\/wp-json\/wp\/v2\/categories?post=511"},{"taxonomy":"post_tag","embeddable":true,"href":"https:\/\/suresms.com\/es\/wp-json\/wp\/v2\/tags?post=511"}],"curies":[{"name":"wp","href":"https:\/\/api.w.org\/{rel}","templated":true}]}}