{"id":449,"date":"2014-10-12T10:47:57","date_gmt":"2014-10-12T08:47:57","guid":{"rendered":"https:\/\/www.suresms.com\/dk\/?page_id=449"},"modified":"2026-03-17T11:40:09","modified_gmt":"2026-03-17T11:40:09","slug":"recibe-mensajes-de-texto-en-tu-ordenador","status":"publish","type":"page","link":"https:\/\/suresms.com\/es\/funktioner\/modtag-sms-pa-din-computer\/","title":{"rendered":"Recibe SMS en tu ordenador"},"content":{"rendered":"<!-- Flexy Breadcrumb -->\r\n\t\t\t<div class=\"fbc fbc-page\">\r\n\r\n\t\t\t\t<!-- Breadcrumb wrapper -->\r\n\t\t\t\t<div class=\"fbc-wrap\">\r\n\r\n\t\t\t\t\t<!-- Ordered list-->\r\n\t\t\t\t\t<ol class=\"fbc-items\" itemscope itemtype=\"https:\/\/schema.org\/BreadcrumbList\">\r\n\t\t\t\t\t\t            <li itemprop=\"itemListElement\" itemscope itemtype=\"https:\/\/schema.org\/ListItem\">\r\n                <span itemprop=\"name\">\r\n                    <!-- Home Link -->\r\n                    <a itemprop=\"item\" href=\"https:\/\/suresms.com\/es\/\">\r\n                    \r\n                                                    <i class=\"fa fa-home\" aria-hidden=\"true\"><\/i>Inicio                    <\/a>\r\n                <\/span>\r\n                <meta itemprop=\"position\" content=\"1\" \/><!-- Meta Position-->\r\n             <\/li><li><span class=\"fbc-separator\">\/<\/span><\/li><li class=\"active\" itemprop=\"itemListElement\" itemscope itemtype=\"https:\/\/schema.org\/ListItem\"><span itemprop=\"name\" title=\"Recibe SMS en tu ordenador\">Recibe SMS en tu...<\/span><meta itemprop=\"position\" content=\"2\" \/><\/li>\t\t\t\t\t<\/ol>\r\n\t\t\t\t\t<div class=\"clearfix\"><\/div>\r\n\t\t\t\t<\/div>\r\n\t\t\t<\/div>\r\n\t\t\t\n<h1>\n\t\t\tRecibe SMS en tu ordenador\t<\/h1>\n\t\u00bfNecesita recibir mensajes SMS de sus clientes? \u00bfO quieres enviar mensajes SMS a grupos directamente desde SMS? Entonces los SMS bidireccionales pueden ser la soluci\u00f3n para ti.<br \/>\nSi ya tienes una cuenta de SMS desde la que env\u00edas mensajes a tus usuarios, puede ser tanto una necesidad como un buen servicio que el destinatario pueda responder.\n\t<ul>\n\t\t<li>\t\t\t\t\n\t\t<h3>Reciba SMS en su bandeja de entrada<\/h3><p>Todos los mensajes SMS recibidos en tu n\u00famero se almacenan en tu bandeja de entrada en http:\/\/app.suresms.com\/. Desde aqu\u00ed puedes responder f\u00e1cilmente al mensaje directamente en tu navegador.\u00a0<\/p><\/li><li>\t\t\t\t\n\t\t<h3>Recibe SMS en tu buz\u00f3n<\/h3><p>Tambi\u00e9n es posible activar SMS-2-Email para que reenviemos los SMS entrantes a tu direcci\u00f3n de correo electr\u00f3nico. Cuando recibas el mensaje, solo tienes que hacer clic en \"Responder\" y te enviaremos la respuesta en forma de SMS.\u00a0<\/p><\/li><li>\t\t\t\t\n\t\t<h3>Recibir SMS como webhook<\/h3><p>Tambi\u00e9n es posible recibir un llamado webhook en su propio servidor. Hacemos una llamada HTTP a un sitio web que usted haya creado. Configuramos nuestro sistema para conocer su direcci\u00f3n (end-point). Cuando recibimos un mensaje SMS en su n\u00famero alojado, lo ponemos en su bandeja de entrada y hacemos una llamada HTTP a su sitio web.<\/p>\n<p><a href=\"http:\/\/manual.suresms.com\/avanceret-opsaetning-af-2-vejs-sms\/\">Para m\u00e1s informaci\u00f3n sobre c\u00f3mo crear una p\u00e1gina http, pulse aqu\u00ed.\u00a0<\/a><\/p>\n<\/li><li>\t\t\t\t\n\t\t<h3>Respuesta autom\u00e1tica a los mensajes entrantes<\/h3><p>A trav\u00e9s de nuestro flujo, tiene la posibilidad de configurar una respuesta autom\u00e1tica cuando reciba un SMS en su n\u00famero entrante.\u00a0<\/p><\/li>\t<\/ul>\n<h3>\n\t\t\tGeneral para nuestras soluciones bidireccionales:\t<\/h3>\n\t<ul>\n<li>La recepci\u00f3n de SMS en el n\u00famero es gratuita. Independientemente del n\u00famero de SMS que te reenviemos, est\u00e1 incluido en la suscripci\u00f3n.<\/li>\n<\/ul>\n<ul>\n<li>Los mensajes SMS que env\u00edes desde tu soluci\u00f3n bidireccional se cobrar\u00e1n seg\u00fan la tarifa aplicable. <a title=\"Precios de las pasarelas SMS\" href=\"https:\/\/suresms.com\/es\/sms-gateway-soluciones-sms-profesionales\/precios-de-las-pasarelas-sms\/\">Consulta aqu\u00ed los precios de nuestras pasarelas SMS.&nbsp;<\/a><\/li>\n<\/ul>\n<ul>\n<li><strong>Si env\u00edas m\u00e1s de 10.000 SMS al mes <a title=\"P\u00f3ngase en contacto con nosotros\" href=\"https:\/\/suresms.com\/es\/pongase-en-contacto-con\/\">P\u00f3ngase en contacto con nosotros<\/a> \u00a1\u00a1\u00a1Por un precio!!!<\/strong><\/li>\n<\/ul>\n<ul>\n<li>Para ambas soluciones, se puede responder al SMS tanto desde nuestro sitio web como desde su propio buz\u00f3n.<\/li>\n<\/ul>\n<ul>\n<li>Nuestra soluci\u00f3n bidireccional permite recibir mensajes Flash.<\/li>\n<\/ul>\n<ul>\n<li>Lamentablemente, no se puede tener un emisor bidireccional y alfanum\u00e9rico al mismo tiempo.<\/li>\n<\/ul>\n\t\t<figure itemscope itemtype=\"https:\/\/schema.org\/ImageObject\">\n\t\t\t\t<a href=\"https:\/\/suresms.com\/es\/pida\/orden-de-descarga-bidireccional\/\"  target=\"_self\" itemprop=\"url\">\n\t\t\t\t<img decoding=\"async\" src=\"https:\/\/suresms.com\/wp-content\/uploads\/2014\/10\/2-vejs-virtuelle-400x150-pix.jpg\" alt=\"N\u00fameros virtuales SMS bidireccionales VLR\" height=\"150\" width=\"400\" title=\"2 v\u00edas virtuales 400x150 p\u00edxeles\" onerror=\"this.style.display='none'\" loading=\"lazy\" \/>\n\t\t\t\t<\/a>\n\t<\/figure>\n<h3><a href=\"https:\/\/suresms.com\/es\/pida\/orden-de-descarga-bidireccional\/\" target=\"_self\">N\u00famero virtual bidireccional<\/a><\/h3><p>Soluci\u00f3n bidireccional basada en la nube, r\u00e1pida y barata. Bueno para recibir muchos mensajes SMS en poco tiempo y para M2M. Si necesitas pocos n\u00fameros.<\/p>\n<ul>\n<li>99,-\/mes de suscripci\u00f3n<\/li>\n<li>Creaci\u00f3n r\u00e1pida y gratuita<\/li>\n<li>1 mes de preaviso<\/li>\n<li>Sin tarjeta SIM f\u00edsica<\/li>\n<li>SureSMS entrega el n\u00famero<\/li>\n<li>Recepci\u00f3n ilimitada<\/li>\n<li>M2M<\/li>\n<li>PALABRAS CLAVE ilimitado<\/li>\n<li>Palabras clave ilimitadas<\/li>\n<\/ul>\n\t\t\t<a href=\"https:\/\/suresms.com\/es\/pida\/orden-de-descarga-bidireccional\/\"  target=\"_self\">\n\t\t\t\t\t\t\tSolicitar un n\u00famero virtual bidireccional\n\t\t\t\t\t<\/a>\n\t\t<figure itemscope itemtype=\"https:\/\/schema.org\/ImageObject\">\n\t\t\t\t<a href=\"https:\/\/suresms.com\/es\/pida\/orden-de-descarga-bidireccional\/\"  target=\"_self\" itemprop=\"url\">\n\t\t\t\t<img decoding=\"async\" src=\"https:\/\/suresms.com\/wp-content\/uploads\/2014\/10\/2-vejs-hostetSIM-400x150-pix.jpg\" alt=\"Soluci\u00f3n bidireccional alojada sim SureSMS\" height=\"150\" width=\"400\" title=\"2 v\u00edas hostedSIM\" onerror=\"this.style.display='none'\" loading=\"lazy\" \/>\n\t\t\t\t<\/a>\n\t<\/figure>\n<h3><a href=\"https:\/\/suresms.com\/es\/pida\/orden-de-descarga-bidireccional\/\" target=\"_self\">SIM alojada bidireccional<\/a><\/h3><p>La mejor soluci\u00f3n si su empresa quiere elegir su propio n\u00famero, si los clientes necesitan devolver la llamada o si desea una tarjeta SIM extranjera.<\/p>\n<ul>\n\n<li>199,-\/mes en abono<\/li>\n<li>299,- en creaci\u00f3n<\/li>\n<li>Opci\u00f3n para n\u00fameros internacionales<\/li>\n<li>Obtienes una tarjeta SIM<\/li>\n<li>6 meses de compromiso\/1 mes de cancelaci\u00f3n<\/li>\n<li>Recibe 10 SMS\/min. El resto en cola.<\/li>\n<li>Libertad de elecci\u00f3n de n\u00famero<\/li>\n<li>El n\u00famero es suyo<\/li>\n<li>Desv\u00edo de llamadas<\/li>\n<li>Palabras clave ilimitadas<\/li>\n<\/ul>\n\t\t\t<a href=\"https:\/\/suresms.com\/es\/pida\/orden-de-descarga-bidireccional\/\"  target=\"_self\">\n\t\t\t\t\t\t\tSolicitar SIM alojada bidireccional\n\t\t\t\t\t<\/a>\n\t\t<figure itemscope itemtype=\"https:\/\/schema.org\/ImageObject\">\n\t\t\t\t<a href=\"https:\/\/suresms.com\/es\/acerca-de-suresms\/pongase-en-contacto-con\/\"  target=\"_self\" itemprop=\"url\">\n\t\t\t\t<img decoding=\"async\" src=\"https:\/\/suresms.com\/wp-content\/uploads\/2014\/10\/2vejs-serier-400x150-pix.jpg\" alt=\"Soluci\u00f3n SMS bidireccional rangos de n\u00fameros VLR\" height=\"150\" width=\"400\" title=\"2-way comics 400x150 pix\" onerror=\"this.style.display='none'\" loading=\"lazy\" \/>\n\t\t\t\t<\/a>\n\t<\/figure>\n<h3><a href=\"https:\/\/suresms.com\/es\/acerca-de-suresms\/pongase-en-contacto-con\/\" target=\"_self\">\"Serie num\u00e9rica\" de 2 v\u00edas<\/a><\/h3><p>Rangos de n\u00fameros virtuales para empresas que necesitan muchos n\u00fameros. El precio var\u00eda en funci\u00f3n del volumen. Contacte con nosotros para m\u00e1s informaci\u00f3n.<\/p>\n<ul>\n<li>Recibir SMS a trav\u00e9s de API<\/li>\n<li>Para muchos n\u00fameros<\/li>\n<li>M\u00e1ximo 49,-\/mes en abono<\/li>\n<li>Precio con cita previa<\/li>\n<li>Para un m\u00ednimo de 10 n\u00fameros de m\u00f3vil<\/li>\n<li>Creaci\u00f3n libre<\/li>\n<li>N\u00fameros daneses<\/li>\n<li>Sin SIM f\u00edsica<\/li>\n<li>Compromiso de 6 meses<\/li>\n<li>1 mes de preaviso<\/li>\n<li>PALABRAS CLAVE ilimitado<\/li>\n<li>Recepci\u00f3n ilimitada<\/li>\n<\/ul>\n\t\t\t<a href=\"https:\/\/suresms.com\/es\/acerca-de-suresms\/pongase-en-contacto-con\/\"  target=\"_self\">\n\t\t\t\t\t\t\tP\u00f3ngase en contacto con nosotros\n\t\t\t\t\t<\/a>\n<h3>\n\t\t\tDesde que pides tu soluci\u00f3n bidireccional hasta que recibes tu nombre de usuario y c\u00f3digo pueden pasar hasta 24 horas.\t<\/h3>\n\t\t<h3>\u00bfQuieres saber m\u00e1s sobre la SIM alojada?<\/h3>\n\t\t<p>Consulte m\u00e1s detalles, descripciones t\u00e9cnicas y documentaci\u00f3n sobre nuestras soluciones SIM alojadas aqu\u00ed.<\/p>\n\t\t\t<a href=\"http:\/\/manual.suresms.com\/2-vejs-sms\/opsaetning-af-2-vejs-sms\/\"  target=\"_blank\" rel=\"noopener\">\n\t\t\t\t\t\tEspecificaciones\n\t\t\t\t\t<\/a>\n\t<h2>Por qu\u00e9 elegimos n\u00fameros SIM y VLN alojados<\/h2>\nT\u00e9cnicamente, hay diferentes maneras de crear una soluci\u00f3n en la que el destinatario pueda responder a tus mensajes.<br \/>\nUna opci\u00f3n en el mercado es utilizar los llamados media codes y shortcodes. Utilizando un c\u00f3digo de medios de 4 d\u00edgitos y una contrase\u00f1a, el cliente puede responder a sus mensajes; por ejemplo, si tiene una tienda de quesos, obtendr\u00e1 el c\u00f3digo de medios \"Queso\". Cuando alguien env\u00eda un mensaje a un c\u00f3digo corto, por ejemplo 9944, tiene que escribir primero \"OST\" y despu\u00e9s el mensaje.El problema de esta soluci\u00f3n es que es compleja para el cliente. Sinceramente. \u00bfQui\u00e9n sabe que tiene que escribir OST? Su mensaje sonar\u00e1 as\u00ed \"Estimada Signe. Los art\u00edculos que pidi\u00f3 han llegado. Para responder a este mensaje, env\u00eda un SMS al 9944 con la palabra OST seguida del mensaje\".\n<p>Adem\u00e1s de ser complicado y con un alto riesgo de errores de comunicaci\u00f3n, es una soluci\u00f3n cara de implantar. En Sure SMS, creemos que debe ser f\u00e1cil y rentable para nuestros clientes.<\/p>\n<p><strong>Por eso hemos optado por ofrecer una soluci\u00f3n, en nuestra opini\u00f3n, mejor.<\/strong><\/p>\n<h2>Nuestra soluci\u00f3n SMS bidireccional<\/h2>\nCon Sure SMS, recibes la respuesta en un n\u00famero de m\u00f3vil que es s\u00f3lo tuyo. Esto significa que recibes TODOS los mensajes escritos a este n\u00famero. Cuando env\u00edas tu mensaje, se env\u00eda desde el mismo n\u00famero. Es una comunicaci\u00f3n sencilla para el cliente con un margen de error mucho menor.<br \/>\nEscribes: \"Querida Signe. Han llegado los art\u00edculos que pediste\".  Si Signe quiere responder al mensaje, s\u00f3lo tiene que pulsar \"Responder\" y escribir la respuesta.\n<p>Usted decide si quiere que utilicemos su tarjeta SIM de su gama de n\u00fameros o si quiere que le proporcionemos tarjetas SIM. Estaremos encantados de acogerle. P\u00f3ngase en contacto con nosotros si desea m\u00e1s informaci\u00f3n o asesoramiento. Tambi\u00e9n puede encontrar m\u00e1s informaci\u00f3n en los siguientes enlaces<\/p>\n<p>V\u00e9ase <a title=\"Precios de las pasarelas SMS\" href=\"https:\/\/suresms.com\/es\/precios-de-las-pasarelas-sms\/\">Precios de SMS y 2 v\u00edas aqu\u00ed<\/a>.<\/p>\n\t\t<h3>\u00bfM\u00e1s preguntas?<\/h3>\n\t\t<p>\u00bfTiene m\u00e1s preguntas sobre las soluciones bidireccionales? Ll\u00e1menos o env\u00edenos un correo electr\u00f3nico.<\/p>\n\t\t\t<a href=\"https:\/\/suresms.com\/es\/pongase-en-contacto-con\/\"  target=\"_self\">\n\t\t\t\t\t\tEnviar un correo electr\u00f3nico\n\t\t\t\t\t<\/a>\n\t\t<h3>Documentaci\u00f3n<\/h3>\n\t\t<p>Consulte aqu\u00ed los detalles y la descripci\u00f3n t\u00e9cnica de nuestra soluci\u00f3n SIM alojada.<\/p>\n\t\t\t<a href=\"https:\/\/suresms.com\/es\/descarga-de-sms-bidireccionales-con-sim-alojada\/\"  target=\"_self\">\n\t\t\t\t\t\tVer m\u00e1s detalles\n\t\t\t\t\t<\/a>\n\t\t<h3>Acerca de SureSMS<\/h3>\n\t\t<p>Siempre estamos encantados de contarle algo sobre nuestra empresa. \u00a1Lea m\u00e1s sobre SureSMS aqu\u00ed!<\/p>\n\t\t\t<a href=\"https:\/\/suresms.com\/es\/acerca-de-suresms\/\"  target=\"_self\">\n\t\t\t\t\t\tAcerca de SureSMS\n\t\t\t\t\t<\/a>\n\t\t<h3>\u00a1Pru\u00e9belo YA!<\/h3>\n\t\t<p>Crea ahora una cuenta de prueba gratuita y recibe 50 SMS gratis sin compromiso.<\/p>\n\t\t\t<a href=\"https:\/\/suresms.com\/es\/cuenta-de-prueba-de-sms-gratis\/\"  target=\"_self\">\n\t\t\t\t\t\t\tCrear una cuenta de prueba\n\t\t\t\t\t<\/a>","protected":false},"excerpt":{"rendered":"<p>Reciba SMS en su ordenador \u00bfNecesita recibir mensajes de texto de sus clientes? \u00bfO quieres enviar mensajes SMS a grupos directamente desde SMS? Entonces los SMS bidireccionales pueden ser la soluci\u00f3n para ti. Si ya tienes una cuenta de SMS desde la que env\u00edas mensajes a tus usuarios, puede ser... <a title=\"Recibe SMS en tu ordenador\" class=\"read-more\" href=\"https:\/\/suresms.com\/es\/funktioner\/modtag-sms-pa-din-computer\/\" aria-label=\"Leer m\u00e1s sobre Recibe SMS en tu ordenador\">M\u00e1s informaci\u00f3n<\/a><\/p>","protected":false},"author":1,"featured_media":0,"parent":958,"menu_order":2,"comment_status":"closed","ping_status":"closed","template":"","meta":{"_fl_builder_enabled":"1","_fl_builder_data":null,"_fl_builder_draft":null,"_fl_builder_data_settings":null,"_fl_builder_css":"","_fl_builder_css_version":"","_fl_builder_js":"","footnotes":""},"categories":[17],"tags":[],"class_list":{"0":"post-449","1":"page","2":"type-page","3":"status-publish","5":"category-linkfracornorstone"},"yoast_head":"<!-- This site is optimized with the Yoast SEO Premium plugin v27.3 (Yoast SEO v27.3) - https:\/\/yoast.com\/product\/yoast-seo-premium-wordpress\/ -->\r\n<title>2 vejs SMS, modtag SMS p\u00e5 din computer og iPad. Bestil 2-vejs l\u00f8sning!<\/title>\r\n<meta name=\"description\" content=\"Med 2 vejs SMS kan du modtage SMS p\u00e5 din computer eller iPad. L\u00f8sning fra SureSMS er den nemmeste for dine kunder. N\u00e5r de modtager SMS kan de svare p\u00e5 den.\" \/>\r\n<meta name=\"robots\" content=\"index, follow, max-snippet:-1, max-image-preview:large, max-video-preview:-1\" \/>\r\n<link rel=\"canonical\" href=\"https:\/\/suresms.com\/es\/caracteristicas\/recibe-mensajes-de-texto-en-tu-ordenador\/\" \/>\r\n<meta property=\"og:locale\" content=\"es_ES\" \/>\r\n<meta property=\"og:type\" content=\"article\" \/>\r\n<meta property=\"og:title\" content=\"Modtag SMS p\u00e5 din computer\" \/>\r\n<meta property=\"og:description\" content=\"Med 2 vejs SMS kan du modtage SMS p\u00e5 din computer eller iPad. L\u00f8sning fra SureSMS er den nemmeste for dine kunder. N\u00e5r de modtager SMS kan de svare p\u00e5 den.\" \/>\r\n<meta property=\"og:url\" content=\"https:\/\/suresms.com\/es\/caracteristicas\/recibe-mensajes-de-texto-en-tu-ordenador\/\" \/>\r\n<meta property=\"article:publisher\" content=\"https:\/\/www.facebook.com\/p\/SureSMS-100044607956149\/\" \/>\r\n<meta property=\"article:modified_time\" content=\"2026-03-17T11:40:09+00:00\" \/>\r\n<meta property=\"og:image\" content=\"https:\/\/suresms.com\/wp-content\/uploads\/2014\/10\/2-vejs-virtuelle-400x150-pix.jpg\" \/>\r\n<meta name=\"twitter:card\" content=\"summary_large_image\" \/>\r\n<meta name=\"twitter:label1\" content=\"Tiempo de lectura\" \/>\n\t<meta name=\"twitter:data1\" content=\"6 minutos\" \/>\r\n<script type=\"application\/ld+json\" class=\"yoast-schema-graph\">{\"@context\":\"https:\\\/\\\/schema.org\",\"@graph\":[{\"@type\":\"WebPage\",\"@id\":\"https:\\\/\\\/suresms.com\\\/dk\\\/funktioner\\\/modtag-sms-pa-din-computer\\\/\",\"url\":\"https:\\\/\\\/suresms.com\\\/dk\\\/funktioner\\\/modtag-sms-pa-din-computer\\\/\",\"name\":\"2 vejs SMS, modtag SMS p\u00e5 din computer og iPad. Bestil 2-vejs l\u00f8sning!\",\"isPartOf\":{\"@id\":\"https:\\\/\\\/suresms.com\\\/en\\\/#website\"},\"primaryImageOfPage\":{\"@id\":\"https:\\\/\\\/suresms.com\\\/dk\\\/funktioner\\\/modtag-sms-pa-din-computer\\\/#primaryimage\"},\"image\":{\"@id\":\"https:\\\/\\\/suresms.com\\\/dk\\\/funktioner\\\/modtag-sms-pa-din-computer\\\/#primaryimage\"},\"thumbnailUrl\":\"https:\\\/\\\/suresms.com\\\/wp-content\\\/uploads\\\/2014\\\/10\\\/2-vejs-virtuelle-400x150-pix.jpg\",\"datePublished\":\"2014-10-12T08:47:57+00:00\",\"dateModified\":\"2026-03-17T11:40:09+00:00\",\"description\":\"Med 2 vejs SMS kan du modtage SMS p\u00e5 din computer eller iPad. L\u00f8sning fra SureSMS er den nemmeste for dine kunder. N\u00e5r de modtager SMS kan de svare p\u00e5 den.\",\"breadcrumb\":{\"@id\":\"https:\\\/\\\/suresms.com\\\/dk\\\/funktioner\\\/modtag-sms-pa-din-computer\\\/#breadcrumb\"},\"inLanguage\":\"es\",\"potentialAction\":[{\"@type\":\"ReadAction\",\"target\":[\"https:\\\/\\\/suresms.com\\\/dk\\\/funktioner\\\/modtag-sms-pa-din-computer\\\/\"]}]},{\"@type\":\"ImageObject\",\"inLanguage\":\"es\",\"@id\":\"https:\\\/\\\/suresms.com\\\/dk\\\/funktioner\\\/modtag-sms-pa-din-computer\\\/#primaryimage\",\"url\":\"https:\\\/\\\/suresms.com\\\/wp-content\\\/uploads\\\/2014\\\/10\\\/2-vejs-virtuelle-400x150-pix.jpg\",\"contentUrl\":\"https:\\\/\\\/suresms.com\\\/wp-content\\\/uploads\\\/2014\\\/10\\\/2-vejs-virtuelle-400x150-pix.jpg\"},{\"@type\":\"BreadcrumbList\",\"@id\":\"https:\\\/\\\/suresms.com\\\/dk\\\/funktioner\\\/modtag-sms-pa-din-computer\\\/#breadcrumb\",\"itemListElement\":[{\"@type\":\"ListItem\",\"position\":1,\"name\":\"Home\",\"item\":\"https:\\\/\\\/suresms.com\\\/dk\\\/\"},{\"@type\":\"ListItem\",\"position\":2,\"name\":\"Funktioner\",\"item\":\"https:\\\/\\\/suresms.com\\\/dk\\\/funktioner\\\/\"},{\"@type\":\"ListItem\",\"position\":3,\"name\":\"Modtag SMS p\u00e5 din computer\"}]},{\"@type\":\"WebSite\",\"@id\":\"https:\\\/\\\/suresms.com\\\/en\\\/#website\",\"url\":\"https:\\\/\\\/suresms.com\\\/en\\\/\",\"name\":\"SureSMS\",\"description\":\"Professionel SMS Gateway\",\"publisher\":{\"@id\":\"https:\\\/\\\/suresms.com\\\/en\\\/#organization\"},\"potentialAction\":[{\"@type\":\"SearchAction\",\"target\":{\"@type\":\"EntryPoint\",\"urlTemplate\":\"https:\\\/\\\/suresms.com\\\/en\\\/?s={search_term_string}\"},\"query-input\":{\"@type\":\"PropertyValueSpecification\",\"valueRequired\":true,\"valueName\":\"search_term_string\"}}],\"inLanguage\":\"es\"},{\"@type\":\"Organization\",\"@id\":\"https:\\\/\\\/suresms.com\\\/en\\\/#organization\",\"name\":\"SureSMS\",\"url\":\"https:\\\/\\\/suresms.com\\\/en\\\/\",\"logo\":{\"@type\":\"ImageObject\",\"inLanguage\":\"es\",\"@id\":\"https:\\\/\\\/suresms.com\\\/en\\\/#\\\/schema\\\/logo\\\/image\\\/\",\"url\":\"https:\\\/\\\/suresms.com\\\/wp-content\\\/uploads\\\/2024\\\/11\\\/suresms-300x65-1.png\",\"contentUrl\":\"https:\\\/\\\/suresms.com\\\/wp-content\\\/uploads\\\/2024\\\/11\\\/suresms-300x65-1.png\",\"width\":300,\"height\":65,\"caption\":\"SureSMS\"},\"image\":{\"@id\":\"https:\\\/\\\/suresms.com\\\/en\\\/#\\\/schema\\\/logo\\\/image\\\/\"},\"sameAs\":[\"https:\\\/\\\/www.facebook.com\\\/p\\\/SureSMS-100044607956149\\\/\"]}]}<\/script>\r\n<!-- \/ Yoast SEO Premium plugin. -->","yoast_head_json":{"title":"SMS bidireccionales, reciba SMS en su ordenador y en su iPad. \u00a1Pida la soluci\u00f3n bidireccional!","description":"Con 2-way SMS puedes recibir SMS en tu ordenador o iPad. La soluci\u00f3n de SureSMS es la m\u00e1s sencilla para sus clientes. Cuando reciben un SMS, pueden responder a \u00e9l.","robots":{"index":"index","follow":"follow","max-snippet":"max-snippet:-1","max-image-preview":"max-image-preview:large","max-video-preview":"max-video-preview:-1"},"canonical":"https:\/\/suresms.com\/es\/caracteristicas\/recibe-mensajes-de-texto-en-tu-ordenador\/","og_locale":"es_ES","og_type":"article","og_title":"Modtag SMS p\u00e5 din computer","og_description":"Med 2 vejs SMS kan du modtage SMS p\u00e5 din computer eller iPad. L\u00f8sning fra SureSMS er den nemmeste for dine kunder. N\u00e5r de modtager SMS kan de svare p\u00e5 den.","og_url":"https:\/\/suresms.com\/es\/caracteristicas\/recibe-mensajes-de-texto-en-tu-ordenador\/","article_publisher":"https:\/\/www.facebook.com\/p\/SureSMS-100044607956149\/","article_modified_time":"2026-03-17T11:40:09+00:00","og_image":[{"url":"https:\/\/suresms.com\/wp-content\/uploads\/2014\/10\/2-vejs-virtuelle-400x150-pix.jpg","type":"","width":"","height":""}],"twitter_card":"summary_large_image","twitter_misc":{"Tiempo de lectura":"6 minutos"},"schema":{"@context":"https:\/\/schema.org","@graph":[{"@type":"WebPage","@id":"https:\/\/suresms.com\/dk\/funktioner\/modtag-sms-pa-din-computer\/","url":"https:\/\/suresms.com\/dk\/funktioner\/modtag-sms-pa-din-computer\/","name":"SMS bidireccionales, reciba SMS en su ordenador y en su iPad. \u00a1Pida la soluci\u00f3n bidireccional!","isPartOf":{"@id":"https:\/\/suresms.com\/en\/#website"},"primaryImageOfPage":{"@id":"https:\/\/suresms.com\/dk\/funktioner\/modtag-sms-pa-din-computer\/#primaryimage"},"image":{"@id":"https:\/\/suresms.com\/dk\/funktioner\/modtag-sms-pa-din-computer\/#primaryimage"},"thumbnailUrl":"https:\/\/suresms.com\/wp-content\/uploads\/2014\/10\/2-vejs-virtuelle-400x150-pix.jpg","datePublished":"2014-10-12T08:47:57+00:00","dateModified":"2026-03-17T11:40:09+00:00","description":"Con 2-way SMS puedes recibir SMS en tu ordenador o iPad. La soluci\u00f3n de SureSMS es la m\u00e1s sencilla para sus clientes. Cuando reciben un SMS, pueden responder a \u00e9l.","breadcrumb":{"@id":"https:\/\/suresms.com\/dk\/funktioner\/modtag-sms-pa-din-computer\/#breadcrumb"},"inLanguage":"es","potentialAction":[{"@type":"ReadAction","target":["https:\/\/suresms.com\/dk\/funktioner\/modtag-sms-pa-din-computer\/"]}]},{"@type":"ImageObject","inLanguage":"es","@id":"https:\/\/suresms.com\/dk\/funktioner\/modtag-sms-pa-din-computer\/#primaryimage","url":"https:\/\/suresms.com\/wp-content\/uploads\/2014\/10\/2-vejs-virtuelle-400x150-pix.jpg","contentUrl":"https:\/\/suresms.com\/wp-content\/uploads\/2014\/10\/2-vejs-virtuelle-400x150-pix.jpg"},{"@type":"BreadcrumbList","@id":"https:\/\/suresms.com\/dk\/funktioner\/modtag-sms-pa-din-computer\/#breadcrumb","itemListElement":[{"@type":"ListItem","position":1,"name":"Home","item":"https:\/\/suresms.com\/dk\/"},{"@type":"ListItem","position":2,"name":"Funktioner","item":"https:\/\/suresms.com\/dk\/funktioner\/"},{"@type":"ListItem","position":3,"name":"Modtag SMS p\u00e5 din computer"}]},{"@type":"WebSite","@id":"https:\/\/suresms.com\/en\/#website","url":"https:\/\/suresms.com\/en\/","name":"SureSMS","description":"Pasarela SMS profesional","publisher":{"@id":"https:\/\/suresms.com\/en\/#organization"},"potentialAction":[{"@type":"SearchAction","target":{"@type":"EntryPoint","urlTemplate":"https:\/\/suresms.com\/en\/?s={search_term_string}"},"query-input":{"@type":"PropertyValueSpecification","valueRequired":true,"valueName":"search_term_string"}}],"inLanguage":"es"},{"@type":"Organization","@id":"https:\/\/suresms.com\/en\/#organization","name":"SureSMS","url":"https:\/\/suresms.com\/en\/","logo":{"@type":"ImageObject","inLanguage":"es","@id":"https:\/\/suresms.com\/en\/#\/schema\/logo\/image\/","url":"https:\/\/suresms.com\/wp-content\/uploads\/2024\/11\/suresms-300x65-1.png","contentUrl":"https:\/\/suresms.com\/wp-content\/uploads\/2024\/11\/suresms-300x65-1.png","width":300,"height":65,"caption":"SureSMS"},"image":{"@id":"https:\/\/suresms.com\/en\/#\/schema\/logo\/image\/"},"sameAs":["https:\/\/www.facebook.com\/p\/SureSMS-100044607956149\/"]}]}},"_links":{"self":[{"href":"https:\/\/suresms.com\/es\/wp-json\/wp\/v2\/pages\/449","targetHints":{"allow":["GET"]}}],"collection":[{"href":"https:\/\/suresms.com\/es\/wp-json\/wp\/v2\/pages"}],"about":[{"href":"https:\/\/suresms.com\/es\/wp-json\/wp\/v2\/types\/page"}],"author":[{"embeddable":true,"href":"https:\/\/suresms.com\/es\/wp-json\/wp\/v2\/users\/1"}],"replies":[{"embeddable":true,"href":"https:\/\/suresms.com\/es\/wp-json\/wp\/v2\/comments?post=449"}],"version-history":[{"count":10,"href":"https:\/\/suresms.com\/es\/wp-json\/wp\/v2\/pages\/449\/revisions"}],"predecessor-version":[{"id":23849,"href":"https:\/\/suresms.com\/es\/wp-json\/wp\/v2\/pages\/449\/revisions\/23849"}],"up":[{"embeddable":true,"href":"https:\/\/suresms.com\/es\/wp-json\/wp\/v2\/pages\/958"}],"wp:attachment":[{"href":"https:\/\/suresms.com\/es\/wp-json\/wp\/v2\/media?parent=449"}],"wp:term":[{"taxonomy":"category","embeddable":true,"href":"https:\/\/suresms.com\/es\/wp-json\/wp\/v2\/categories?post=449"},{"taxonomy":"post_tag","embeddable":true,"href":"https:\/\/suresms.com\/es\/wp-json\/wp\/v2\/tags?post=449"}],"curies":[{"name":"wp","href":"https:\/\/api.w.org\/{rel}","templated":true}]}}