{"id":3864,"date":"2016-11-10T12:31:52","date_gmt":"2016-11-10T10:31:52","guid":{"rendered":"https:\/\/www.suresms.com\/dk\/?page_id=3864"},"modified":"2025-01-16T08:23:24","modified_gmt":"2025-01-16T08:23:24","slug":"woocommerce-solucion-sms","status":"publish","type":"page","link":"https:\/\/suresms.com\/es\/integrationer\/shop-systemer\/woocommerce-sms-loesning\/","title":{"rendered":"Soluci\u00f3n WooCommerce SMS"},"content":{"rendered":"<!-- Flexy Breadcrumb -->\r\n\t\t\t<div class=\"fbc fbc-page\">\r\n\r\n\t\t\t\t<!-- Breadcrumb wrapper -->\r\n\t\t\t\t<div class=\"fbc-wrap\">\r\n\r\n\t\t\t\t\t<!-- Ordered list-->\r\n\t\t\t\t\t<ol class=\"fbc-items\" itemscope itemtype=\"https:\/\/schema.org\/BreadcrumbList\">\r\n\t\t\t\t\t\t            <li itemprop=\"itemListElement\" itemscope itemtype=\"https:\/\/schema.org\/ListItem\">\r\n                <span itemprop=\"name\">\r\n                    <!-- Home Link -->\r\n                    <a itemprop=\"item\" href=\"https:\/\/suresms.com\/es\/\">\r\n                    \r\n                                                    <i class=\"fa fa-home\" aria-hidden=\"true\"><\/i>Inicio                    <\/a>\r\n                <\/span>\r\n                <meta itemprop=\"position\" content=\"1\" \/><!-- Meta Position-->\r\n             <\/li><li><span class=\"fbc-separator\">\/<\/span><\/li><li class=\"active\" itemprop=\"itemListElement\" itemscope itemtype=\"https:\/\/schema.org\/ListItem\"><span itemprop=\"name\" title=\"Soluci\u00f3n WooCommerce SMS\">Soluci\u00f3n WooCommerce SMS<\/span><meta itemprop=\"position\" content=\"2\" \/><\/li>\t\t\t\t\t<\/ol>\r\n\t\t\t\t\t<div class=\"clearfix\"><\/div>\r\n\t\t\t\t<\/div>\r\n\t\t\t<\/div>\r\n\t\t\t\n<p>&nbsp;<\/p>\n<p>&nbsp;<\/p>\n<h1>Enviar SMS desde WooCommerce - Plug'in de Rommel.dk<\/h1>\n<p>En colaboraci\u00f3n con SureSMS, Rommel.dk ha creado un plugin para WooCommerce para que puedas mantener a tus clientes informados del estado de su pedido a trav\u00e9s de WooCommerce y SureSMS.<\/p>\n<p>El plugin cuesta 450,- y luego s\u00f3lo pagas por los SMS enviados a trav\u00e9s de la pasarela Sure SMS.  No hay suscripci\u00f3n. Consulte nuestro<a href=\"https:\/\/suresms.com\/es\/acerca-de-suresms\/precios-y-pago\/\">\u00a0Precios de las pasarelas SMS<\/a> Toma.<\/p>\n<p>El plugin soporta tanto plantillas como env\u00edo de SMS en m\u00faltiples idiomas. Es compatible con WPML y Polylang en WooCommerce.<\/p>\n<h2>Recibir SMS de nuevos pedidos<\/h2>\n<p>Las notificaciones SMS de WooCommerce tambi\u00e9n admiten el env\u00edo de mensajes SMS al administrador de la tienda web cuando se reciben nuevos pedidos. De esta forma, siempre puede estar al tanto de si hay cosas de las que haya que ocuparse en el almac\u00e9n.<\/p>\n<h2>C\u00f3mo empezar<\/h2>\n<p>Para empezar, vaya a <a href=\"https:\/\/rommel.dk\/produkt\/woocommerce-sms-notifikationer\/\">Rommel.dk<\/a>\u00a0y descargar el plugin en s\u00ed. A continuaci\u00f3n, tienes que crear una cuenta de prueba aqu\u00ed con nosotros haciendo clic en el bot\u00f3n amarillo \"Crear cuenta de prueba gratuita\" de abajo. Una vez que tengas todo configurado, simplemente escribe a support@suresms.com y pide cambiar tu cuenta de prueba a cuenta real.<\/p>\n<p>&nbsp;<\/p>\n<p>&nbsp;<\/p>\n\t\t<h3>Crear una cuenta de prueba gratuita de SureSMS<\/h3>\n\t\t<p>Cree ahora una cuenta de prueba y pruebe nuestro plugin para Outlook. No pagas cuota de alta ni suscripci\u00f3n. El precio por SMS es el mismo tanto si env\u00edas pocos como muchos mensajes.<\/p>\n<p>Sin embargo, ahora mismo puedes crear una cuenta de prueba gratuita y obtener 50 SMS gratis al registrarte. As\u00ed podr\u00e1s probar nuestro producto sin coste alguno. Y, por supuesto, nuestra cuenta de prueba no tiene ning\u00fan compromiso.<\/p>\n\t\t\t<a href=\"https:\/\/suresms.com\/es\/pida\/cuenta-de-prueba-de-sms-gratis\/\" target=\"_self\">\n\t\t\t\t\t\t\tCrear cuenta de prueba gratuita\n\t\t\t\t\t<\/a>\n\t\t<h3>Descargar SureSMS Outlook Add-in versi\u00f3n 1.4<\/h3>\n\t\t<p>Desde este enlace puedes descargar nuestro complemento SureSMS SMS directamente a tu ordenador. Este complemento hace que sea r\u00e1pido -y muy, muy f\u00e1cil- enviar SMS desde Outlook.<\/p>\n<strong>El complemento \/ nuestro plugin funciona para Outlook 2013 y 2016.<\/strong><br \/>\nEsto funciona tanto si utilizas Office 365 como tu propio servidor Exchange.\n\t\t\t<a href=\"https:\/\/manual.suresms.com\/download\/Sms2Outlook.msi\" target=\"_self\">\n\t\t\t\t\t\t\tDescargar SMS Outlook Plugin\n\t\t\t\t\t<\/a>\n\t\t<h3><a href=\"https:\/\/suresms.com\/es\/caracteristicas\/recibe-mensajes-de-texto-en-tu-ordenador\/\" target=\"_self\">Recibir SMS - Crear una soluci\u00f3n bidireccional<\/a><\/h3>\n\t\t\t\t<a href=\"https:\/\/suresms.com\/es\/caracteristicas\/recibe-mensajes-de-texto-en-tu-ordenador\/\" target=\"_self\" itemprop=\"url\">\n\t\t\t\t<img loading=\"lazy\" decoding=\"async\" src=\"https:\/\/suresms.com\/wp-content\/uploads\/2016\/06\/2-vejs-sms-outlook-callout.jpg\" alt=\"2 v\u00edas sms outlook callout\" itemprop=\"image\" height=\"300\" width=\"400\" title=\"2 v\u00edas sms outlook callout\" onerror=\"this.style.display='none'\"  \/>\n\t\t\t\t<\/a>\n<p>Cuando utilizas nuestro plugin SMS Outlook, tienes la opci\u00f3n de guardar todos los SMS enviados en una carpeta separada. As\u00ed siempre tendr\u00e1s un archivo de lo que se ha enviado.<\/p>\n<p><strong>Con una soluci\u00f3n bidireccional de pago, tambi\u00e9n puedes recibir SMS en tu Outlook,<\/strong> y obtener as\u00ed un historial de todo el di\u00e1logo SMS. Esto puede ser una gran ventaja si usted est\u00e1 en una posici\u00f3n que requiere el archivo.<\/p>\n<p>Siga el enlace y lea m\u00e1s sobre nuestras soluciones bidireccionales: Desde aqu\u00ed tambi\u00e9n puede crear f\u00e1cilmente su propia soluci\u00f3n bidireccional.<\/p>\n\t\t\t<a href=\"https:\/\/suresms.com\/es\/caracteristicas\/recibe-mensajes-de-texto-en-tu-ordenador\/\" target=\"_self\">\n\t\t\t\t\t\t\tIr a Soluciones bidireccionales\n\t\t\t\t\t<\/a>\n\t\t<h3><a href=\"https:\/\/suresms.com\/es\/?page_id=449\" target=\"_self\">SMS bidireccionales - Rangos de n\u00fameros<\/a><\/h3>\n\t\t\t\t<a href=\"https:\/\/suresms.com\/es\/?page_id=449\" target=\"_self\" itemprop=\"url\">\n\t\t\t\t<img loading=\"lazy\" decoding=\"async\" src=\"https:\/\/suresms.com\/wp-content\/uploads\/2016\/06\/Nummerserier-modtag-sms-Outlook-callout.jpg\" alt=\"Rangos de n\u00fameros recibir sms Outlook callout\" itemprop=\"image\" height=\"300\" width=\"400\" title=\"Rangos de n\u00fameros recibir sms Outlook callout\" onerror=\"this.style.display='none'\"  \/>\n\t\t\t\t<\/a>\n<p>Si tiene muchos empleados en su empresa que necesitan poder enviar y recibir SMS a trav\u00e9s de Outlook, nuestra serie de n\u00fameros virtuales es el producto que necesita. El precio var\u00eda en funci\u00f3n del volumen. <a href=\"http:\/\/suresms.com\/es\/?page_id=2260\">Contactar con SureSMS<\/a> Para m\u00e1s informaci\u00f3n.<\/p>\n<ul>\n<li><strong>Para muchas pistas (m\u00edn. 10)<\/strong><\/li>\n<li><strong>Precio con cita previa<\/strong><\/li>\n<li><strong>N\u00fameros daneses<\/strong><\/li>\n<li><strong>Recepci\u00f3n ilimitada<\/strong><\/li>\n<li><strong>Factura gratuita<\/strong><\/li>\n<\/ul>\n\t\t\t<a href=\"https:\/\/suresms.com\/es\/?page_id=449\" target=\"_self\">\n\t\t\t\t\t\t\tAcerca de los rangos de n\u00fameros SureSMS\n\t\t\t\t\t<\/a>\n\t<h3><strong>Gu\u00eda pr\u00e1ctica<\/strong><\/h3>\n<p>&nbsp;<\/p>\n<h4><strong>Instalar nuestro complemento para Outlook es muy sencillo. S\u00f3lo tiene que seguir estas breves instrucciones.<br \/>\nSi desea una orientaci\u00f3n m\u00e1s detallada, <a href=\"http:\/\/manual.suresms.com\/plugins\/manual-send-sms-fra-outlook\/\">Consulte la descripci\u00f3n completa en nuestro Manualsite<\/a>donde encontrar\u00e1 descripciones detalladas y gu\u00edas de todas nuestras funciones.<\/strong><\/h4>\n\t\t\t\t<img loading=\"lazy\" decoding=\"async\" src=\"https:\/\/suresms.com\/wp-content\/uploads\/2016\/06\/sms-Outlook-vejledning1.png\" alt=\"Orientaci\u00f3n SMS Outlook1\" itemprop=\"image\" height=\"393\" width=\"413\" title=\"Orientaci\u00f3n SMS Outlook1\" onerror=\"this.style.display='none'\"  \/>\n\t\t<h3>Instalar SureSMS para Outlook<\/h3><ol>\n<li>Descargue nuestro plugin a trav\u00e9s del enlace situado en la parte superior de esta p\u00e1gina.<\/li>\n<li>Instalar el programa<\/li>\n<li>Abra su Outlook. Ver\u00e1 una captura de pantalla como la de la izquierda.<\/li>\n<li>Rellene los datos de acceso.<\/li>\n<li>Si a\u00fan no tiene una cuenta, puede obtenerla siguiendo el enlace azul de la pantalla de inicio de sesi\u00f3n.<\/li>\n<\/ol>\n\t\t\t\t<img loading=\"lazy\" decoding=\"async\" src=\"https:\/\/suresms.com\/wp-content\/uploads\/2016\/06\/sms-outlook-plugin-Add-in-vejledning.png\" alt=\"sms outlook plugin Gu\u00eda del complemento\" itemprop=\"image\" height=\"343\" width=\"378\" title=\"sms outlook plugin Gu\u00eda del complemento\" onerror=\"this.style.display='none'\"  \/>\n\t\t<h3>Enviar SMS desde Outlook<\/h3><p>Una vez que haya instalado nuestro complemento, ver\u00e1 un nuevo grupo de iconos en la parte derecha de su men\u00fa, como el que puede ver en la imagen.<\/p>\n<p>A continuaci\u00f3n, s\u00f3lo tienes que escribir el n\u00famero, el mensaje y pulsar enviar.<\/p>\n<p>Puedes escribir +46 y luego el n\u00famero si quieres enviar a, por ejemplo, Suecia, pero si quieres enviar a Dinamarca, s\u00f3lo tienes que poner el c\u00f3digo de pa\u00eds en la pantalla de configuraci\u00f3n y el sistema lo pondr\u00e1 por s\u00ed mismo.<\/p>\n\n\t\t<h3><a href=\"http:\/\/suresms.com\/es\/docs\/\" target=\"_self\">Visite nuestro Manual<\/a><\/h3>\n\t\t\t\t<a href=\"http:\/\/suresms.com\/es\/docs\/\" target=\"_self\" itemprop=\"url\">\n\t\t\t\t<img loading=\"lazy\" decoding=\"async\" src=\"https:\/\/suresms.com\/wp-content\/uploads\/2016\/03\/Manual-400x250-px1.jpg\" alt=\"manual sitio web suresms\" itemprop=\"image\" height=\"250\" width=\"400\" title=\"Manual 400x250 px\" onerror=\"this.style.display='none'\"  \/>\n\t\t\t\t<\/a>\n<p>Para ayudar a nuestros clientes, hemos reunido todas las instrucciones y descripciones en suresms.com\/docs. Aqu\u00ed puede ver c\u00f3mo funciona nuestra pasarela y obtener instrucciones sencillas y f\u00e1ciles de usar para las numerosas funciones.<\/p>\n\t\t<h3><a href=\"http:\/\/developer.suresms.com\/\" target=\"_self\">desarrollador.suresms.com<\/a><\/h3>\n\t\t\t\t<a href=\"http:\/\/developer.suresms.com\/\" target=\"_self\" itemprop=\"url\">\n\t\t\t\t<img loading=\"lazy\" decoding=\"async\" src=\"https:\/\/suresms.com\/wp-content\/uploads\/2016\/03\/developer-400x250-px.jpg\" alt=\"desarrollador suresms sitio web para desarrolladores\" itemprop=\"image\" height=\"250\" width=\"400\" title=\"desarrollador 400x250 px\" onerror=\"this.style.display='none'\"  \/>\n\t\t\t\t<\/a>\nSureSMS est\u00e1 hecho por desarrolladores para desarrolladores.<br \/>\nEn developer.suresms.com hemos reunido documentaci\u00f3n y ejemplos de c\u00f3digo para facilitar la integraci\u00f3n de nuestra pasarela en su sistema.\n\t\t<h3><a href=\"https:\/\/www.youtube.com\/channel\/UC1XGC5rl9mI9ndtBVn8yq7g\" target=\"_self\">Vea nuestros v\u00eddeos de instrucciones<\/a><\/h3>\n\t\t\t\t<a href=\"https:\/\/www.youtube.com\/channel\/UC1XGC5rl9mI9ndtBVn8yq7g\" target=\"_self\" itemprop=\"url\">\n\t\t\t\t<img loading=\"lazy\" decoding=\"async\" src=\"https:\/\/suresms.com\/wp-content\/uploads\/2016\/03\/you-tube400x250px.jpg\" alt=\"suresms sms gateway you tube videos\" itemprop=\"image\" height=\"250\" width=\"400\" title=\"you tube 400x250px\" onerror=\"this.style.display='none'\"  \/>\n\t\t\t\t<\/a>\n<p>\u00bfEst\u00e1 empezando a utilizar una nueva funci\u00f3n? \u00bfO simplemente necesitas saber un poco m\u00e1s sobre c\u00f3mo funciona nuestra pasarela? En Youtube hemos recopilado nuestros v\u00eddeos instructivos. \u00a1Listo para empezar!<\/p>","protected":false},"excerpt":{"rendered":"<p>&nbsp; &nbsp; Enviar SMS desde WooCommerce - Plug'in de Rommel.dk En colaboraci\u00f3n con SureSMS, Rommel.dk ha creado un plugin para WooCommerce para que puedas mantener a tus clientes informados del estado de su pedido a trav\u00e9s de WooCommerce y SureSMS. El plugin cuesta 450,- y s\u00f3lo pagas por los SMS enviados a trav\u00e9s de la pasarela de Sure SMS.  No hay ... <a title=\"Soluci\u00f3n WooCommerce SMS\" class=\"read-more\" href=\"https:\/\/suresms.com\/es\/integrationer\/shop-systemer\/woocommerce-sms-loesning\/\" aria-label=\"Leer m\u00e1s sobre WooCommerce SMS l\u00f8sning\">M\u00e1s informaci\u00f3n<\/a><\/p>","protected":false},"author":1,"featured_media":0,"parent":15935,"menu_order":0,"comment_status":"closed","ping_status":"closed","template":"","meta":{"_fl_builder_enabled":"1","_fl_builder_data":null,"_fl_builder_draft":null,"_fl_builder_data_settings":null,"_fl_builder_css":"","_fl_builder_css_version":"","_fl_builder_js":"","footnotes":""},"categories":[],"tags":[],"class_list":["post-3864","page","type-page","status-publish"],"yoast_head":"<!-- This site is optimized with the Yoast SEO Premium plugin v27.3 (Yoast SEO v27.3) - https:\/\/yoast.com\/product\/yoast-seo-premium-wordpress\/ -->\r\n<title>WooCommerce SMS notifikationer - SMS fra din WooCommerce shop<\/title>\r\n<meta name=\"description\" content=\"WooCommerce SMS integration | SureSMS WooCommerce Plugin | Send SMS ved ordrestatus og f\u00e5 SMS n\u00e5r du f\u00e5r nye ordre. | Betal kun pr. SMS.\" \/>\r\n<meta name=\"robots\" content=\"index, follow, max-snippet:-1, max-image-preview:large, max-video-preview:-1\" \/>\r\n<link rel=\"canonical\" href=\"https:\/\/suresms.com\/es\/integraciones\/sistemas-de-tienda\/woocommerce-solucion-sms\/\" \/>\r\n<meta property=\"og:locale\" content=\"es_ES\" \/>\r\n<meta property=\"og:type\" content=\"article\" \/>\r\n<meta property=\"og:title\" content=\"Update - SMS til Outlook Plugin Version 1.4 - SureSMS\" \/>\r\n<meta property=\"og:description\" content=\"Update - GRATIS SMS Add-in til Outlook. Send SMS til kontakter &amp; grupper - Fuld dokumentation - Gratis testkonto. Flere afsender-ID muligheder. Modtag svar p\u00e5 mobil eller i Outlook med 2-vejs L\u00f8sning. NU op til 800 tegn i beskeden.\" \/>\r\n<meta property=\"og:url\" content=\"https:\/\/suresms.com\/es\/integraciones\/sistemas-de-tienda\/woocommerce-solucion-sms\/\" \/>\r\n<meta property=\"article:publisher\" content=\"https:\/\/www.facebook.com\/p\/SureSMS-100044607956149\/\" \/>\r\n<meta property=\"article:modified_time\" content=\"2025-01-16T08:23:24+00:00\" \/>\r\n<meta property=\"og:image\" content=\"https:\/\/suresms.com\/wp-content\/uploads\/2016\/11\/WooCommerse-sms-plugin-facebook-snippet-1.jpg\" \/>\r\n\t<meta property=\"og:image:width\" content=\"1200\" \/>\r\n\t<meta property=\"og:image:height\" content=\"630\" \/>\r\n\t<meta property=\"og:image:type\" content=\"image\/jpeg\" \/>\r\n<meta name=\"twitter:card\" content=\"summary_large_image\" \/>\r\n<meta name=\"twitter:title\" content=\"WooCommerce SMS l\u00f8sning\" \/>\r\n<meta name=\"twitter:label1\" content=\"Tiempo de lectura\" \/>\n\t<meta name=\"twitter:data1\" content=\"4 minutos\" \/>\r\n<script type=\"application\/ld+json\" class=\"yoast-schema-graph\">{\"@context\":\"https:\\\/\\\/schema.org\",\"@graph\":[{\"@type\":\"WebPage\",\"@id\":\"https:\\\/\\\/suresms.com\\\/dk\\\/integrationer\\\/shop-systemer\\\/woocommerce-sms-loesning\\\/\",\"url\":\"https:\\\/\\\/suresms.com\\\/dk\\\/integrationer\\\/shop-systemer\\\/woocommerce-sms-loesning\\\/\",\"name\":\"WooCommerce SMS notifikationer - SMS fra din WooCommerce shop\",\"isPartOf\":{\"@id\":\"https:\\\/\\\/suresms.com\\\/en\\\/#website\"},\"primaryImageOfPage\":{\"@id\":\"https:\\\/\\\/suresms.com\\\/dk\\\/integrationer\\\/shop-systemer\\\/woocommerce-sms-loesning\\\/#primaryimage\"},\"image\":{\"@id\":\"https:\\\/\\\/suresms.com\\\/dk\\\/integrationer\\\/shop-systemer\\\/woocommerce-sms-loesning\\\/#primaryimage\"},\"thumbnailUrl\":\"https:\\\/\\\/suresms.com\\\/wp-content\\\/uploads\\\/2016\\\/06\\\/2-vejs-sms-outlook-callout.jpg\",\"datePublished\":\"2016-11-10T10:31:52+00:00\",\"dateModified\":\"2025-01-16T08:23:24+00:00\",\"description\":\"WooCommerce SMS integration | SureSMS WooCommerce Plugin | Send SMS ved ordrestatus og f\u00e5 SMS n\u00e5r du f\u00e5r nye ordre. | Betal kun pr. SMS.\",\"breadcrumb\":{\"@id\":\"https:\\\/\\\/suresms.com\\\/dk\\\/integrationer\\\/shop-systemer\\\/woocommerce-sms-loesning\\\/#breadcrumb\"},\"inLanguage\":\"es\",\"potentialAction\":[{\"@type\":\"ReadAction\",\"target\":[\"https:\\\/\\\/suresms.com\\\/dk\\\/integrationer\\\/shop-systemer\\\/woocommerce-sms-loesning\\\/\"]}]},{\"@type\":\"ImageObject\",\"inLanguage\":\"es\",\"@id\":\"https:\\\/\\\/suresms.com\\\/dk\\\/integrationer\\\/shop-systemer\\\/woocommerce-sms-loesning\\\/#primaryimage\",\"url\":\"https:\\\/\\\/suresms.com\\\/wp-content\\\/uploads\\\/2016\\\/06\\\/2-vejs-sms-outlook-callout.jpg\",\"contentUrl\":\"https:\\\/\\\/suresms.com\\\/wp-content\\\/uploads\\\/2016\\\/06\\\/2-vejs-sms-outlook-callout.jpg\"},{\"@type\":\"BreadcrumbList\",\"@id\":\"https:\\\/\\\/suresms.com\\\/dk\\\/integrationer\\\/shop-systemer\\\/woocommerce-sms-loesning\\\/#breadcrumb\",\"itemListElement\":[{\"@type\":\"ListItem\",\"position\":1,\"name\":\"Home\",\"item\":\"https:\\\/\\\/suresms.com\\\/dk\\\/\"},{\"@type\":\"ListItem\",\"position\":2,\"name\":\"Integrationer\",\"item\":\"https:\\\/\\\/suresms.com\\\/dk\\\/integrationer\\\/\"},{\"@type\":\"ListItem\",\"position\":3,\"name\":\"SMS integration til Shop systemer\",\"item\":\"https:\\\/\\\/suresms.com\\\/dk\\\/integrationer\\\/shop-systemer\\\/\"},{\"@type\":\"ListItem\",\"position\":4,\"name\":\"WooCommerce SMS l\u00f8sning\"}]},{\"@type\":\"WebSite\",\"@id\":\"https:\\\/\\\/suresms.com\\\/en\\\/#website\",\"url\":\"https:\\\/\\\/suresms.com\\\/en\\\/\",\"name\":\"SureSMS\",\"description\":\"Professionel SMS Gateway\",\"publisher\":{\"@id\":\"https:\\\/\\\/suresms.com\\\/en\\\/#organization\"},\"potentialAction\":[{\"@type\":\"SearchAction\",\"target\":{\"@type\":\"EntryPoint\",\"urlTemplate\":\"https:\\\/\\\/suresms.com\\\/en\\\/?s={search_term_string}\"},\"query-input\":{\"@type\":\"PropertyValueSpecification\",\"valueRequired\":true,\"valueName\":\"search_term_string\"}}],\"inLanguage\":\"es\"},{\"@type\":\"Organization\",\"@id\":\"https:\\\/\\\/suresms.com\\\/en\\\/#organization\",\"name\":\"SureSMS\",\"url\":\"https:\\\/\\\/suresms.com\\\/en\\\/\",\"logo\":{\"@type\":\"ImageObject\",\"inLanguage\":\"es\",\"@id\":\"https:\\\/\\\/suresms.com\\\/en\\\/#\\\/schema\\\/logo\\\/image\\\/\",\"url\":\"https:\\\/\\\/suresms.com\\\/wp-content\\\/uploads\\\/2024\\\/11\\\/suresms-300x65-1.png\",\"contentUrl\":\"https:\\\/\\\/suresms.com\\\/wp-content\\\/uploads\\\/2024\\\/11\\\/suresms-300x65-1.png\",\"width\":300,\"height\":65,\"caption\":\"SureSMS\"},\"image\":{\"@id\":\"https:\\\/\\\/suresms.com\\\/en\\\/#\\\/schema\\\/logo\\\/image\\\/\"},\"sameAs\":[\"https:\\\/\\\/www.facebook.com\\\/p\\\/SureSMS-100044607956149\\\/\"]}]}<\/script>\r\n<!-- \/ Yoast SEO Premium plugin. -->","yoast_head_json":{"title":"Notificaciones SMS WooCommerce - SMS desde tu tienda WooCommerce","description":"Integraci\u00f3n de SMS en WooCommerce | SureSMS WooCommerce Plugin | Env\u00eda SMS sobre el estado del pedido y recibe SMS cuando recibas nuevos pedidos. | Pagar s\u00f3lo por SMS.","robots":{"index":"index","follow":"follow","max-snippet":"max-snippet:-1","max-image-preview":"max-image-preview:large","max-video-preview":"max-video-preview:-1"},"canonical":"https:\/\/suresms.com\/es\/integraciones\/sistemas-de-tienda\/woocommerce-solucion-sms\/","og_locale":"es_ES","og_type":"article","og_title":"Update - SMS til Outlook Plugin Version 1.4 - SureSMS","og_description":"Update - GRATIS SMS Add-in til Outlook. Send SMS til kontakter & grupper - Fuld dokumentation - Gratis testkonto. Flere afsender-ID muligheder. Modtag svar p\u00e5 mobil eller i Outlook med 2-vejs L\u00f8sning. NU op til 800 tegn i beskeden.","og_url":"https:\/\/suresms.com\/es\/integraciones\/sistemas-de-tienda\/woocommerce-solucion-sms\/","article_publisher":"https:\/\/www.facebook.com\/p\/SureSMS-100044607956149\/","article_modified_time":"2025-01-16T08:23:24+00:00","og_image":[{"width":1200,"height":630,"url":"https:\/\/suresms.com\/wp-content\/uploads\/2016\/11\/WooCommerse-sms-plugin-facebook-snippet-1.jpg","type":"image\/jpeg"}],"twitter_card":"summary_large_image","twitter_title":"WooCommerce SMS l\u00f8sning","twitter_misc":{"Tiempo de lectura":"4 minutos"},"schema":{"@context":"https:\/\/schema.org","@graph":[{"@type":"WebPage","@id":"https:\/\/suresms.com\/dk\/integrationer\/shop-systemer\/woocommerce-sms-loesning\/","url":"https:\/\/suresms.com\/dk\/integrationer\/shop-systemer\/woocommerce-sms-loesning\/","name":"Notificaciones SMS WooCommerce - SMS desde tu tienda WooCommerce","isPartOf":{"@id":"https:\/\/suresms.com\/en\/#website"},"primaryImageOfPage":{"@id":"https:\/\/suresms.com\/dk\/integrationer\/shop-systemer\/woocommerce-sms-loesning\/#primaryimage"},"image":{"@id":"https:\/\/suresms.com\/dk\/integrationer\/shop-systemer\/woocommerce-sms-loesning\/#primaryimage"},"thumbnailUrl":"https:\/\/suresms.com\/wp-content\/uploads\/2016\/06\/2-vejs-sms-outlook-callout.jpg","datePublished":"2016-11-10T10:31:52+00:00","dateModified":"2025-01-16T08:23:24+00:00","description":"Integraci\u00f3n de SMS en WooCommerce | SureSMS WooCommerce Plugin | Env\u00eda SMS sobre el estado del pedido y recibe SMS cuando recibas nuevos pedidos. | Pagar s\u00f3lo por SMS.","breadcrumb":{"@id":"https:\/\/suresms.com\/dk\/integrationer\/shop-systemer\/woocommerce-sms-loesning\/#breadcrumb"},"inLanguage":"es","potentialAction":[{"@type":"ReadAction","target":["https:\/\/suresms.com\/dk\/integrationer\/shop-systemer\/woocommerce-sms-loesning\/"]}]},{"@type":"ImageObject","inLanguage":"es","@id":"https:\/\/suresms.com\/dk\/integrationer\/shop-systemer\/woocommerce-sms-loesning\/#primaryimage","url":"https:\/\/suresms.com\/wp-content\/uploads\/2016\/06\/2-vejs-sms-outlook-callout.jpg","contentUrl":"https:\/\/suresms.com\/wp-content\/uploads\/2016\/06\/2-vejs-sms-outlook-callout.jpg"},{"@type":"BreadcrumbList","@id":"https:\/\/suresms.com\/dk\/integrationer\/shop-systemer\/woocommerce-sms-loesning\/#breadcrumb","itemListElement":[{"@type":"ListItem","position":1,"name":"Home","item":"https:\/\/suresms.com\/dk\/"},{"@type":"ListItem","position":2,"name":"Integrationer","item":"https:\/\/suresms.com\/dk\/integrationer\/"},{"@type":"ListItem","position":3,"name":"SMS integration til Shop systemer","item":"https:\/\/suresms.com\/dk\/integrationer\/shop-systemer\/"},{"@type":"ListItem","position":4,"name":"WooCommerce SMS l\u00f8sning"}]},{"@type":"WebSite","@id":"https:\/\/suresms.com\/en\/#website","url":"https:\/\/suresms.com\/en\/","name":"SureSMS","description":"Pasarela SMS profesional","publisher":{"@id":"https:\/\/suresms.com\/en\/#organization"},"potentialAction":[{"@type":"SearchAction","target":{"@type":"EntryPoint","urlTemplate":"https:\/\/suresms.com\/en\/?s={search_term_string}"},"query-input":{"@type":"PropertyValueSpecification","valueRequired":true,"valueName":"search_term_string"}}],"inLanguage":"es"},{"@type":"Organization","@id":"https:\/\/suresms.com\/en\/#organization","name":"SureSMS","url":"https:\/\/suresms.com\/en\/","logo":{"@type":"ImageObject","inLanguage":"es","@id":"https:\/\/suresms.com\/en\/#\/schema\/logo\/image\/","url":"https:\/\/suresms.com\/wp-content\/uploads\/2024\/11\/suresms-300x65-1.png","contentUrl":"https:\/\/suresms.com\/wp-content\/uploads\/2024\/11\/suresms-300x65-1.png","width":300,"height":65,"caption":"SureSMS"},"image":{"@id":"https:\/\/suresms.com\/en\/#\/schema\/logo\/image\/"},"sameAs":["https:\/\/www.facebook.com\/p\/SureSMS-100044607956149\/"]}]}},"_links":{"self":[{"href":"https:\/\/suresms.com\/es\/wp-json\/wp\/v2\/pages\/3864","targetHints":{"allow":["GET"]}}],"collection":[{"href":"https:\/\/suresms.com\/es\/wp-json\/wp\/v2\/pages"}],"about":[{"href":"https:\/\/suresms.com\/es\/wp-json\/wp\/v2\/types\/page"}],"author":[{"embeddable":true,"href":"https:\/\/suresms.com\/es\/wp-json\/wp\/v2\/users\/1"}],"replies":[{"embeddable":true,"href":"https:\/\/suresms.com\/es\/wp-json\/wp\/v2\/comments?post=3864"}],"version-history":[{"count":7,"href":"https:\/\/suresms.com\/es\/wp-json\/wp\/v2\/pages\/3864\/revisions"}],"predecessor-version":[{"id":21719,"href":"https:\/\/suresms.com\/es\/wp-json\/wp\/v2\/pages\/3864\/revisions\/21719"}],"up":[{"embeddable":true,"href":"https:\/\/suresms.com\/es\/wp-json\/wp\/v2\/pages\/15935"}],"wp:attachment":[{"href":"https:\/\/suresms.com\/es\/wp-json\/wp\/v2\/media?parent=3864"}],"wp:term":[{"taxonomy":"category","embeddable":true,"href":"https:\/\/suresms.com\/es\/wp-json\/wp\/v2\/categories?post=3864"},{"taxonomy":"post_tag","embeddable":true,"href":"https:\/\/suresms.com\/es\/wp-json\/wp\/v2\/tags?post=3864"}],"curies":[{"name":"wp","href":"https:\/\/api.w.org\/{rel}","templated":true}]}}