{"id":333,"date":"2014-09-03T11:24:20","date_gmt":"2014-09-03T09:24:20","guid":{"rendered":"http:\/\/da.suresms.com\/?page_id=333"},"modified":"2026-04-02T18:24:03","modified_gmt":"2026-04-02T18:24:03","slug":"precios-de-las-pasarelas-sms","status":"publish","type":"page","link":"https:\/\/suresms.com\/es\/om-suresms\/sms-gateway-priser\/","title":{"rendered":"Precios de las pasarelas SMS"},"content":{"rendered":"<h1>Precios de las pasarelas SMS<\/h1>\n\t\t\t\t\t<h2>Pasarela SMS<\/h2> 0,- al mes<ul role=\"list\"><li role=\"listitem\">31 \u00f8re por SMS (sin IVA)<\/li><li role=\"listitem\">Creaci\u00f3n libre<\/li><li role=\"listitem\">0,- kr en suscripci\u00f3n<\/li><li role=\"listitem\">No vinculante<\/li><li role=\"listitem\">Facturaci\u00f3n gratuita<\/li><li role=\"listitem\">Carteles RCP de 2 \u00f8re cada uno.<\/li><\/ul>\n\t\t\t<a href=\"https:\/\/suresms.com\/es\/crear-cuenta-sms-gateway\/\"  target=\"_self\">\n\t\t\t\t\t\tCrear una cuenta\n\t\t\t\t\t<\/a>\n\t\t\t\t\t<h2>N\u00fameros VLN bidireccionales<\/h2> 99,- al mes<ul role=\"list\"><li role=\"listitem\">31 \u00f8re por SMS (sin IVA)<\/li><li role=\"listitem\">Creaci\u00f3n libre<\/li><li role=\"listitem\">99,- en abono<\/li><li role=\"listitem\">Compromiso de 6 meses<\/li><li role=\"listitem\">Facturaci\u00f3n gratuita<\/li><li role=\"listitem\">Recibir SMS gratis<\/li><\/ul>\n\t\t\t<a href=\"https:\/\/suresms.com\/es\/orden-de-descarga-bidireccional\/\"  target=\"_self\">\n\t\t\t\t\t\tComprar n\u00famero VLN\n\t\t\t\t\t<\/a>\n\t\t\t\t\t<h2>2 v\u00edas - Hosted SIM <\/h2> 199,- al mes<ul role=\"list\"><li role=\"listitem\">31 \u00f8re por SMS (sin IVA)<\/li><li role=\"listitem\">Creaci\u00f3n libre<\/li><li role=\"listitem\">199,- en suscripci\u00f3n<\/li><li role=\"listitem\">Compromiso de 6 meses<\/li><li role=\"listitem\">Facturaci\u00f3n gratuita<\/li><li role=\"listitem\">Recibir SMS gratis<\/li><\/ul>\n\t\t\t<a href=\"https:\/\/suresms.com\/es\/orden-de-descarga-bidireccional\/\"  target=\"_self\">\n\t\t\t\t\t\tComprar SIM alojada\n\t\t\t\t\t<\/a>\n\t\t\t\t\t<h2>Serie num\u00e9rica de 2 v\u00edas<\/h2> m\u00e1x. 49,- al mes<ul role=\"list\"><li role=\"listitem\">Cont\u00e1ctenos para precios<\/li><li role=\"listitem\">Creaci\u00f3n libre<\/li><li role=\"listitem\">m\u00e1x. 49,- en funci\u00f3n del volumen <\/li><li role=\"listitem\">Compromiso de 6 meses<\/li><li role=\"listitem\">Facturaci\u00f3n gratuita<\/li><li role=\"listitem\">al menos 10 n\u00fameros<\/li><\/ul>\n\t\t\t<a href=\"https:\/\/suresms.com\/es\/pongase-en-contacto-con\/\"  target=\"_self\">\n\t\t\t\t\t\tP\u00f3ngase en contacto con nosotros \n\t\t\t\t\t<\/a>\n\t<p><strong>El precio de un SMS es el mismo y pagas por cada SMS que env\u00edas, \u00a1incluso si el tel\u00e9fono del destinatario est\u00e1 apagado, fuera de cobertura o no se encuentra el n\u00famero!<\/strong><\/p>\n<p><strong>Con hosted SIM, NO pagas por los mensajes de texto salientes a tu compa\u00f1\u00eda telef\u00f3nica, aunque tengamos tu tarjeta SIM en el tel\u00e9fono. S\u00f3lo tiene que pagarnos a nosotros, y son 28 \u00f8re por SMS. Las cuatro compa\u00f1\u00edas de telecomunicaciones danesas establecen en sus t\u00e9rminos y condiciones que NO est\u00e1 permitido enviar los llamados mensajes SMS \"generados por m\u00e1quina\" con tu tarjeta SIM. Por lo tanto, ser\u00eda una violaci\u00f3n de los t\u00e9rminos y condiciones de las compa\u00f1\u00edas de telecomunicaciones si las pasarelas SMS env\u00edan mensajes SMS a trav\u00e9s de la tarjeta SIM. Por lo tanto, enviamos el mensaje SMS a trav\u00e9s de nuestra conexi\u00f3n directa con la compa\u00f1\u00eda de telecomunicaciones, pero recibimos la respuesta en la tarjeta SIM.<\/strong><\/p>\n\t<h3>Acerca de nuestras soluciones bidireccionales<\/h3>\n<p>Necesitas una soluci\u00f3n bidireccional si quieres recibir respuestas a tus SMS. Por ejemplo, los clientes que pueden responder a preguntas o cuando se utilizan mensajes SMS generados por m\u00e1quinas, por ejemplo, utilizados para vigilancia. Una soluci\u00f3n bidireccional NO forma parte de nuestra pasarela SMS gratuita.<\/p>\n<p>Los SMS que recibes forman parte de la suscripci\u00f3n (gratuita) y no hay cuota de alta. La soluci\u00f3n bidireccional tiene un compromiso de 6 meses y puede cancelarse con 1 mes de preaviso. El precio sigue siendo el mismo por SMS enviado.\u00a0<a title=\"SMS bidireccionales, recibe SMS en tu ordenador\" href=\"https:\/\/suresms.com\/es\/caracteristicas\/recibe-mensajes-de-texto-en-tu-ordenador\/\">M\u00e1s informaci\u00f3n sobre nuestra soluci\u00f3n bidireccional AQU\u00cd.<\/a><\/p>\n\t\t<h3><a href=\"https:\/\/suresms.com\/es\/cuenta-de-prueba-de-sms-gratis\/\" target=\"_self\">Cree una cuenta de prueba gratuita AHORA<\/a><\/h3><p>Puedes crear una cuenta gratis para probar nuestro sistema antes de comprarlo. Sigue el enlace y obt\u00e9n de inmediato una cuenta de prueba que incluye 50 SMS gratuitos. No necesitas introducir ning\u00fan dato de pago para abrir una cuenta de prueba, es un servicio de SureSMS para ti sin coste econ\u00f3mico ni compromiso.<\/p>\n<p>Por razones de seguridad, comprobamos cada cuenta manualmente y a veces puede haber un breve tiempo de espera. Le rogamos que lo comprenda.<\/p>\n\t<figure itemscope itemtype=\"https:\/\/schema.org\/ImageObject\">\n\t\t\t\t<a href=\"https:\/\/suresms.com\/es\/cuenta-de-prueba-de-sms-gratis\/\"  target=\"_self\" itemprop=\"url\">\n\t\t\t\t<img decoding=\"async\" src=\"https:\/\/suresms.com\/wp-content\/uploads\/2014\/09\/test320-x243.jpg\" alt=\"crear cuenta de prueba segura sms pasarela sms gratis -100 sms gratis\" height=\"243\" width=\"320\" title=\"test320 x243\" onerror=\"this.style.display='none'\" loading=\"lazy\" \/>\n\t\t\t\t<\/a>\n\t<\/figure>","protected":false},"excerpt":{"rendered":"<p>Precios de la SMS Gateway Pasarela SMS 0,- al mes 31 \u00f8re por SMS (sin IVA) Creaci\u00f3n gratuita 0,- en suscripci\u00f3n Sin compromiso Facturaci\u00f3n gratuita Consultas CPR a 2 \u00f8re cada una Crear cuenta N\u00fameros VLN bidireccionales 99,- al mes 31 \u00f8re por SMS (sin IVA) Creaci\u00f3n gratuita 99,- en suscripci\u00f3n 6 meses de compromiso Facturaci\u00f3n gratuita Recepci\u00f3n gratuita ... <a title=\"Precios de las pasarelas SMS\" class=\"read-more\" href=\"https:\/\/suresms.com\/es\/om-suresms\/sms-gateway-priser\/\" aria-label=\"Leer m\u00e1s sobre Precios de las pasarelas SMS\">M\u00e1s informaci\u00f3n<\/a><\/p>","protected":false},"author":1,"featured_media":0,"parent":18594,"menu_order":4,"comment_status":"closed","ping_status":"closed","template":"","meta":{"_fl_builder_enabled":"1","_fl_builder_data":null,"_fl_builder_draft":null,"_fl_builder_data_settings":null,"_fl_builder_css":"","_fl_builder_css_version":"","_fl_builder_js":"","footnotes":""},"categories":[],"tags":[],"class_list":["post-333","page","type-page","status-publish"],"yoast_head":"<!-- This site is optimized with the Yoast SEO Premium plugin v27.3 (Yoast SEO v27.3) - https:\/\/yoast.com\/product\/yoast-seo-premium-wordpress\/ -->\r\n<title>SMS gateway priser | Se priserne og Opret en gratis testkonto<\/title>\r\n<meta name=\"description\" content=\"Vi tilbyder Danmarks bedste SMS gateway priser. Ingen oprettelse. Intet abonnement. 18 \u00f8re pr. SMS til Danmark. Gratis test konto allerede i dag. Signup!\" \/>\r\n<meta name=\"robots\" content=\"index, follow, max-snippet:-1, max-image-preview:large, max-video-preview:-1\" \/>\r\n<link rel=\"canonical\" href=\"https:\/\/suresms.com\/es\/acerca-de-suresms\/precios-de-las-pasarelas-sms\/\" \/>\r\n<meta property=\"og:locale\" content=\"es_ES\" \/>\r\n<meta property=\"og:type\" content=\"article\" \/>\r\n<meta property=\"og:title\" content=\"SMS gateway priser\" \/>\r\n<meta property=\"og:description\" content=\"Vi tilbyder Danmarks bedste SMS gateway priser. Ingen oprettelse. Intet abonnement. 18 \u00f8re pr. SMS til Danmark. Gratis test konto allerede i dag. Signup!\" \/>\r\n<meta property=\"og:url\" content=\"https:\/\/suresms.com\/es\/acerca-de-suresms\/precios-de-las-pasarelas-sms\/\" \/>\r\n<meta property=\"article:publisher\" content=\"https:\/\/www.facebook.com\/p\/SureSMS-100044607956149\/\" \/>\r\n<meta property=\"article:modified_time\" content=\"2026-04-02T18:24:03+00:00\" \/>\r\n<meta property=\"og:image\" content=\"https:\/\/suresms.com\/wp-content\/uploads\/2014\/09\/test320-x243.jpg\" \/>\r\n<meta name=\"twitter:card\" content=\"summary_large_image\" \/>\r\n<meta name=\"twitter:label1\" content=\"Tiempo de lectura\" \/>\n\t<meta name=\"twitter:data1\" content=\"3 minutos\" \/>\r\n<script type=\"application\/ld+json\" class=\"yoast-schema-graph\">{\"@context\":\"https:\\\/\\\/schema.org\",\"@graph\":[{\"@type\":\"WebPage\",\"@id\":\"https:\\\/\\\/suresms.com\\\/dk\\\/om-suresms\\\/sms-gateway-priser\\\/\",\"url\":\"https:\\\/\\\/suresms.com\\\/dk\\\/om-suresms\\\/sms-gateway-priser\\\/\",\"name\":\"SMS gateway priser | Se priserne og Opret en gratis testkonto\",\"isPartOf\":{\"@id\":\"https:\\\/\\\/suresms.com\\\/en\\\/#website\"},\"primaryImageOfPage\":{\"@id\":\"https:\\\/\\\/suresms.com\\\/dk\\\/om-suresms\\\/sms-gateway-priser\\\/#primaryimage\"},\"image\":{\"@id\":\"https:\\\/\\\/suresms.com\\\/dk\\\/om-suresms\\\/sms-gateway-priser\\\/#primaryimage\"},\"thumbnailUrl\":\"https:\\\/\\\/suresms.com\\\/wp-content\\\/uploads\\\/2014\\\/09\\\/test320-x243.jpg\",\"datePublished\":\"2014-09-03T09:24:20+00:00\",\"dateModified\":\"2026-04-02T18:24:03+00:00\",\"description\":\"Vi tilbyder Danmarks bedste SMS gateway priser. Ingen oprettelse. Intet abonnement. 18 \u00f8re pr. SMS til Danmark. Gratis test konto allerede i dag. Signup!\",\"breadcrumb\":{\"@id\":\"https:\\\/\\\/suresms.com\\\/dk\\\/om-suresms\\\/sms-gateway-priser\\\/#breadcrumb\"},\"inLanguage\":\"es\",\"potentialAction\":[{\"@type\":\"ReadAction\",\"target\":[\"https:\\\/\\\/suresms.com\\\/dk\\\/om-suresms\\\/sms-gateway-priser\\\/\"]}]},{\"@type\":\"ImageObject\",\"inLanguage\":\"es\",\"@id\":\"https:\\\/\\\/suresms.com\\\/dk\\\/om-suresms\\\/sms-gateway-priser\\\/#primaryimage\",\"url\":\"https:\\\/\\\/suresms.com\\\/wp-content\\\/uploads\\\/2014\\\/09\\\/test320-x243.jpg\",\"contentUrl\":\"https:\\\/\\\/suresms.com\\\/wp-content\\\/uploads\\\/2014\\\/09\\\/test320-x243.jpg\"},{\"@type\":\"BreadcrumbList\",\"@id\":\"https:\\\/\\\/suresms.com\\\/dk\\\/om-suresms\\\/sms-gateway-priser\\\/#breadcrumb\",\"itemListElement\":[{\"@type\":\"ListItem\",\"position\":1,\"name\":\"Home\",\"item\":\"https:\\\/\\\/suresms.com\\\/dk\\\/\"},{\"@type\":\"ListItem\",\"position\":2,\"name\":\"Om SureSMS\",\"item\":\"https:\\\/\\\/suresms.com\\\/dk\\\/om-suresms\\\/\"},{\"@type\":\"ListItem\",\"position\":3,\"name\":\"SMS gateway priser\"}]},{\"@type\":\"WebSite\",\"@id\":\"https:\\\/\\\/suresms.com\\\/en\\\/#website\",\"url\":\"https:\\\/\\\/suresms.com\\\/en\\\/\",\"name\":\"SureSMS\",\"description\":\"Professionel SMS Gateway\",\"publisher\":{\"@id\":\"https:\\\/\\\/suresms.com\\\/en\\\/#organization\"},\"potentialAction\":[{\"@type\":\"SearchAction\",\"target\":{\"@type\":\"EntryPoint\",\"urlTemplate\":\"https:\\\/\\\/suresms.com\\\/en\\\/?s={search_term_string}\"},\"query-input\":{\"@type\":\"PropertyValueSpecification\",\"valueRequired\":true,\"valueName\":\"search_term_string\"}}],\"inLanguage\":\"es\"},{\"@type\":\"Organization\",\"@id\":\"https:\\\/\\\/suresms.com\\\/en\\\/#organization\",\"name\":\"SureSMS\",\"url\":\"https:\\\/\\\/suresms.com\\\/en\\\/\",\"logo\":{\"@type\":\"ImageObject\",\"inLanguage\":\"es\",\"@id\":\"https:\\\/\\\/suresms.com\\\/en\\\/#\\\/schema\\\/logo\\\/image\\\/\",\"url\":\"https:\\\/\\\/suresms.com\\\/wp-content\\\/uploads\\\/2024\\\/11\\\/suresms-300x65-1.png\",\"contentUrl\":\"https:\\\/\\\/suresms.com\\\/wp-content\\\/uploads\\\/2024\\\/11\\\/suresms-300x65-1.png\",\"width\":300,\"height\":65,\"caption\":\"SureSMS\"},\"image\":{\"@id\":\"https:\\\/\\\/suresms.com\\\/en\\\/#\\\/schema\\\/logo\\\/image\\\/\"},\"sameAs\":[\"https:\\\/\\\/www.facebook.com\\\/p\\\/SureSMS-100044607956149\\\/\"]}]}<\/script>\r\n<!-- \/ Yoast SEO Premium plugin. -->","yoast_head_json":{"title":"Precios de las pasarelas SMS | Ver precios y crear una cuenta de prueba gratuita","description":"Ofrecemos los mejores precios de pasarela SMS de Dinamarca. Sin instalaci\u00f3n. Sin suscripci\u00f3n. 18 \u00f8re por SMS a Dinamarca. Prueba gratis hoy mismo. Reg\u00edstrate.","robots":{"index":"index","follow":"follow","max-snippet":"max-snippet:-1","max-image-preview":"max-image-preview:large","max-video-preview":"max-video-preview:-1"},"canonical":"https:\/\/suresms.com\/es\/acerca-de-suresms\/precios-de-las-pasarelas-sms\/","og_locale":"es_ES","og_type":"article","og_title":"SMS gateway priser","og_description":"Vi tilbyder Danmarks bedste SMS gateway priser. Ingen oprettelse. Intet abonnement. 18 \u00f8re pr. SMS til Danmark. Gratis test konto allerede i dag. Signup!","og_url":"https:\/\/suresms.com\/es\/acerca-de-suresms\/precios-de-las-pasarelas-sms\/","article_publisher":"https:\/\/www.facebook.com\/p\/SureSMS-100044607956149\/","article_modified_time":"2026-04-02T18:24:03+00:00","og_image":[{"url":"https:\/\/suresms.com\/wp-content\/uploads\/2014\/09\/test320-x243.jpg","type":"","width":"","height":""}],"twitter_card":"summary_large_image","twitter_misc":{"Tiempo de lectura":"3 minutos"},"schema":{"@context":"https:\/\/schema.org","@graph":[{"@type":"WebPage","@id":"https:\/\/suresms.com\/dk\/om-suresms\/sms-gateway-priser\/","url":"https:\/\/suresms.com\/dk\/om-suresms\/sms-gateway-priser\/","name":"Precios de las pasarelas SMS | Ver precios y crear una cuenta de prueba gratuita","isPartOf":{"@id":"https:\/\/suresms.com\/en\/#website"},"primaryImageOfPage":{"@id":"https:\/\/suresms.com\/dk\/om-suresms\/sms-gateway-priser\/#primaryimage"},"image":{"@id":"https:\/\/suresms.com\/dk\/om-suresms\/sms-gateway-priser\/#primaryimage"},"thumbnailUrl":"https:\/\/suresms.com\/wp-content\/uploads\/2014\/09\/test320-x243.jpg","datePublished":"2014-09-03T09:24:20+00:00","dateModified":"2026-04-02T18:24:03+00:00","description":"Ofrecemos los mejores precios de pasarela SMS de Dinamarca. Sin instalaci\u00f3n. Sin suscripci\u00f3n. 18 \u00f8re por SMS a Dinamarca. Prueba gratis hoy mismo. Reg\u00edstrate.","breadcrumb":{"@id":"https:\/\/suresms.com\/dk\/om-suresms\/sms-gateway-priser\/#breadcrumb"},"inLanguage":"es","potentialAction":[{"@type":"ReadAction","target":["https:\/\/suresms.com\/dk\/om-suresms\/sms-gateway-priser\/"]}]},{"@type":"ImageObject","inLanguage":"es","@id":"https:\/\/suresms.com\/dk\/om-suresms\/sms-gateway-priser\/#primaryimage","url":"https:\/\/suresms.com\/wp-content\/uploads\/2014\/09\/test320-x243.jpg","contentUrl":"https:\/\/suresms.com\/wp-content\/uploads\/2014\/09\/test320-x243.jpg"},{"@type":"BreadcrumbList","@id":"https:\/\/suresms.com\/dk\/om-suresms\/sms-gateway-priser\/#breadcrumb","itemListElement":[{"@type":"ListItem","position":1,"name":"Home","item":"https:\/\/suresms.com\/dk\/"},{"@type":"ListItem","position":2,"name":"Om SureSMS","item":"https:\/\/suresms.com\/dk\/om-suresms\/"},{"@type":"ListItem","position":3,"name":"SMS gateway priser"}]},{"@type":"WebSite","@id":"https:\/\/suresms.com\/en\/#website","url":"https:\/\/suresms.com\/en\/","name":"SureSMS","description":"Pasarela SMS profesional","publisher":{"@id":"https:\/\/suresms.com\/en\/#organization"},"potentialAction":[{"@type":"SearchAction","target":{"@type":"EntryPoint","urlTemplate":"https:\/\/suresms.com\/en\/?s={search_term_string}"},"query-input":{"@type":"PropertyValueSpecification","valueRequired":true,"valueName":"search_term_string"}}],"inLanguage":"es"},{"@type":"Organization","@id":"https:\/\/suresms.com\/en\/#organization","name":"SureSMS","url":"https:\/\/suresms.com\/en\/","logo":{"@type":"ImageObject","inLanguage":"es","@id":"https:\/\/suresms.com\/en\/#\/schema\/logo\/image\/","url":"https:\/\/suresms.com\/wp-content\/uploads\/2024\/11\/suresms-300x65-1.png","contentUrl":"https:\/\/suresms.com\/wp-content\/uploads\/2024\/11\/suresms-300x65-1.png","width":300,"height":65,"caption":"SureSMS"},"image":{"@id":"https:\/\/suresms.com\/en\/#\/schema\/logo\/image\/"},"sameAs":["https:\/\/www.facebook.com\/p\/SureSMS-100044607956149\/"]}]}},"_links":{"self":[{"href":"https:\/\/suresms.com\/es\/wp-json\/wp\/v2\/pages\/333","targetHints":{"allow":["GET"]}}],"collection":[{"href":"https:\/\/suresms.com\/es\/wp-json\/wp\/v2\/pages"}],"about":[{"href":"https:\/\/suresms.com\/es\/wp-json\/wp\/v2\/types\/page"}],"author":[{"embeddable":true,"href":"https:\/\/suresms.com\/es\/wp-json\/wp\/v2\/users\/1"}],"replies":[{"embeddable":true,"href":"https:\/\/suresms.com\/es\/wp-json\/wp\/v2\/comments?post=333"}],"version-history":[{"count":8,"href":"https:\/\/suresms.com\/es\/wp-json\/wp\/v2\/pages\/333\/revisions"}],"predecessor-version":[{"id":23891,"href":"https:\/\/suresms.com\/es\/wp-json\/wp\/v2\/pages\/333\/revisions\/23891"}],"up":[{"embeddable":true,"href":"https:\/\/suresms.com\/es\/wp-json\/wp\/v2\/pages\/18594"}],"wp:attachment":[{"href":"https:\/\/suresms.com\/es\/wp-json\/wp\/v2\/media?parent=333"}],"wp:term":[{"taxonomy":"category","embeddable":true,"href":"https:\/\/suresms.com\/es\/wp-json\/wp\/v2\/categories?post=333"},{"taxonomy":"post_tag","embeddable":true,"href":"https:\/\/suresms.com\/es\/wp-json\/wp\/v2\/tags?post=333"}],"curies":[{"name":"wp","href":"https:\/\/api.w.org\/{rel}","templated":true}]}}