{"id":3023,"date":"2016-06-22T12:08:19","date_gmt":"2016-06-22T10:08:19","guid":{"rendered":"https:\/\/www.suresms.com\/dk\/?page_id=3023"},"modified":"2025-01-20T10:13:41","modified_gmt":"2025-01-20T10:13:41","slug":"sms-outlook-addin","status":"publish","type":"page","link":"https:\/\/suresms.com\/es\/integrationer\/mail_og_kalender\/sms-outlook-addin\/","title":{"rendered":"Complemento de Outlook"},"content":{"rendered":"<!-- Flexy Breadcrumb -->\r\n\t\t\t<div class=\"fbc fbc-page\">\r\n\r\n\t\t\t\t<!-- Breadcrumb wrapper -->\r\n\t\t\t\t<div class=\"fbc-wrap\">\r\n\r\n\t\t\t\t\t<!-- Ordered list-->\r\n\t\t\t\t\t<ol class=\"fbc-items\" itemscope itemtype=\"https:\/\/schema.org\/BreadcrumbList\">\r\n\t\t\t\t\t\t            <li itemprop=\"itemListElement\" itemscope itemtype=\"https:\/\/schema.org\/ListItem\">\r\n                <span itemprop=\"name\">\r\n                    <!-- Home Link -->\r\n                    <a itemprop=\"item\" href=\"https:\/\/suresms.com\/es\/\">\r\n                    \r\n                                                    <i class=\"fa fa-home\" aria-hidden=\"true\"><\/i>Inicio                    <\/a>\r\n                <\/span>\r\n                <meta itemprop=\"position\" content=\"1\" \/><!-- Meta Position-->\r\n             <\/li><li><span class=\"fbc-separator\">\/<\/span><\/li><li class=\"active\" itemprop=\"itemListElement\" itemscope itemtype=\"https:\/\/schema.org\/ListItem\"><span itemprop=\"name\" title=\"Complemento de Outlook\">Complemento de Outlook<\/span><meta itemprop=\"position\" content=\"2\" \/><\/li>\t\t\t\t\t<\/ol>\r\n\t\t\t\t\t<div class=\"clearfix\"><\/div>\r\n\t\t\t\t<\/div>\r\n\t\t\t<\/div>\r\n\t\t\t\n\t\t\t\t<img loading=\"lazy\" decoding=\"async\" src=\"https:\/\/suresms.com\/wp-content\/uploads\/2021\/10\/SMS2Outlook-low-1.png\" alt=\"SMS2Outlook bajo\" itemprop=\"image\" height=\"250\" width=\"977\" title=\"SMS2Outlook bajo\" onerror=\"this.style.display='none'\"  \/>\n\t<p><strong>Env\u00eda SMS directamente desde Outlook. Enviar mensajes a listas desde Outlook.<\/strong><br \/><strong>Env\u00eda SMS desde el calendario de Outlook.<\/strong><\/p>\n\t<h2>\u00bfQu\u00e9 es Outlook?<\/h2>\n<p>Outlook es una completa aplicaci\u00f3n de correo electr\u00f3nico y calendario desarrollada por Microsoft, utilizada tanto por particulares como por empresas para gestionar correos electr\u00f3nicos, calendarios, tareas y contactos. Nuestra integraci\u00f3n permite enviar SMS directamente desde Outlook, proporcionando una forma f\u00e1cil y eficaz de comunicarse de forma r\u00e1pida y fiable sin salir de la bandeja de entrada.<\/p>\n\t<h2>Complemento SMS2Outlook<\/h2>\n<p>En SureSMS hemos creado un Add-in para Outlook para que puedas enviar SMS de forma r\u00e1pida y sencilla directamente desde tu Outlook. Utiliza tus contactos de Outlook para enviar mensajes SMS a clientes, usuarios y consumidores. El complemento SureSMS tambi\u00e9n le permite guardar y, por tanto, registrar en un diario los mensajes.<\/p>\n<p>Descargue e instale nuestro plugin para Outlook aqu\u00ed desde el sitio web. El plugin y la suscripci\u00f3n son GRATUITOS y s\u00f3lo pagas por SMS enviado seg\u00fan la tarifa vigente. Consulte nuestra<a href=\"https:\/\/suresms.com\/es\/sms-gateway-soluciones-sms-profesionales\/precios-de-las-pasarelas-sms\/\">\u00a0Precios de las pasarelas SMS<\/a> Toma.<\/p>\n<p>&nbsp;<\/p>\n<h2>\n\t\tDescargar complemento\n\t<\/h2>\n\t<p>Descargue a continuaci\u00f3n el complemento para Outlook normal o para Citrix\/Terminal Server.<\/p>\n\t\t\t\t<a href=\"https:\/\/suresms.com\/wp-content\/uploads\/2025\/01\/Sms2Outlook.msi\" target=\"_self\" itemprop=\"url\">\n\t\t\t\t<img loading=\"lazy\" decoding=\"async\" src=\"https:\/\/suresms.com\/wp-content\/uploads\/2021\/10\/download-1.png\" alt=\"descargar\" itemprop=\"image\" height=\"234\" width=\"600\" title=\"descargar\" onerror=\"this.style.display='none'\"  \/>\n\t\t\t\t<\/a>\n\t\t<h3><a href=\"https:\/\/suresms.com\/wp-content\/uploads\/2025\/01\/Sms2Outlook.msi\" target=\"_self\">Descargar SureSMS Outlook Add-in versi\u00f3n 2.9<\/a><\/h3><p>Desde este enlace puedes descargar nuestro complemento SureSMS SMS directamente a tu ordenador. Este complemento hace que sea r\u00e1pido -y muy, muy f\u00e1cil- enviar SMS desde Outlook.<\/p>\n<p>Notas:<\/p>\n<ul>\n<li>\n<ul>\n<li>El complemento \/ nuestro plugin funciona para Outlook 2013 y superiores<\/li>\n<\/ul>\n<\/li>\n<\/ul>\n<p>&nbsp;<\/p>\n<ul>\n<li>\n<ul>\n<li>El complemento no funciona en \"El nuevo Outlook\".<\/li>\n<\/ul>\n<\/li>\n<\/ul>\n<p>&nbsp;<\/p>\n<ul>\n<li>\n<ul>\n<li>Si accede a Outlook a trav\u00e9s de Terminal Server o soluciones Citrix, utilice la descarga de la siguiente secci\u00f3n.<\/li>\n<\/ul>\n<\/li>\n<\/ul>\n<p>&nbsp;<\/p>\n<p>Esto funciona tanto si utilizas Office 365 como tu propio servidor Exchange.<\/p>\n\t\t\t\t\t<a href=\"#\" id=\"fl-accordion--label-0\" tabindex=\"0\" aria-controls=\"fl-accordion--panel-0\">Instalaci\u00f3n en Terminal Server\/Citrix <\/a>\n\t\t\t\t\t\t\t\t\t\t\t<a href=\"#\" id=\"fl-accordion--icon-0\" tabindex=\"-1\"><i title=\"Ampliar\">Ampliar<\/i><\/a>\n\t\t\t\t\t<p>Nota: Si va a instalar el complemento en una granja de Terminal Server o Citrix, utilice este archivo MSI en su lugar.<\/p>\n<a role=\"button\" href=\"https:\/\/suresms.com\/wp-content\/uploads\/2025\/01\/Sms2Outlook.SetupAllUsers-2.msi\" rel=\"noopener noreferrer\"><br \/>\nSMS Outlook para Terminal Server<br \/>\n<\/a>\n<p>Durante la instalaci\u00f3n, el servidor terminal debe estar en modo de instalaci\u00f3n.<\/p>\n<p>Iniciar una l\u00ednea de comandos en modo administrador<\/p>\n<ol>\n<li>\n<ol>\n<li>Escribe \"cambiar usuario \/instalar\"<\/li>\n<\/ol>\n<\/li>\n<\/ol>\n<p>&nbsp;<\/p>\n<ol>\n<li>\n<ol>\n<li>Ejecutar el instalador<\/li>\n<\/ol>\n<\/li>\n<\/ol>\n<p>&nbsp;<\/p>\n<ol>\n<li>\n<ol>\n<li>Escribe \"cambiar usuario \/ejecutar\"<\/li>\n<\/ol>\n<\/li>\n<\/ol>\n<p>&nbsp;<\/p>\n<p>Entonces lo necesitas:<\/p>\n<ol>\n<li>\n<ol>\n<li>Inicie sesi\u00f3n en Outlook como administrador<\/li>\n<\/ol>\n<\/li>\n<\/ol>\n<p>&nbsp;<\/p>\n<ol>\n<li>\n<ol>\n<li>Vaya a Archivos \/ Configuraci\u00f3n \/ Complementos<\/li>\n<\/ol>\n<\/li>\n<\/ol>\n<p>&nbsp;<\/p>\n<ol>\n<li>\n<ol>\n<li>En la parte inferior, en \"Complementos COM\", en A\u00f1adir.<\/li>\n<\/ol>\n<\/li>\n<\/ol>\n<p>&nbsp;<\/p>\n<ol>\n<li>\n<ol>\n<li>Pulse A\u00f1adir en el cuadro de di\u00e1logo.<\/li>\n<\/ol>\n<\/li>\n<\/ol>\n<p>&nbsp;<\/p>\n<ol>\n<li>\n<ol>\n<li>Busque la ruta del complemento<\/li>\n<\/ol>\n<\/li>\n<\/ol>\n<p>&nbsp;<\/p>\n<ol>\n<li>\n<ol>\n<li>Seleccione el archivo adxloader.ddl y pulse ok.<\/li>\n<\/ol>\n<\/li>\n<\/ol>\n<p>&nbsp;<\/p>\n<ol>\n<li>\n<ol>\n<li>Reiniciar Outlook<\/li>\n<\/ol>\n<\/li>\n<\/ol>\n<p>&nbsp;<\/p>\n<p>&nbsp;<\/p>\n\t<h2>Caracter\u00edsticas de SMS2Outlook<\/h2>\n<p>&nbsp;<\/p>\n<h3>Enviar SMS a trav\u00e9s de contactos y grupos de Outlook<\/h3>\nNuestro complemento SMS est\u00e1 desarrollado espec\u00edficamente para Outlook con los est\u00e1ndares que Microsoft exige a sus complementos. Esto significa que con una r\u00e1pida instalaci\u00f3n de nuestro \"plugin\" obtienes la funcionalidad integrada en tu men\u00fa de Outlook. A trav\u00e9s de un men\u00fa SureSMS en tu barra superior, puedes enviar SMS y SMS de grupo directamente a tus contactos existentes o a\u00f1adir nuevos. S\u00f3lo tienes que introducir el nombre o el n\u00famero de tel\u00e9fono del contacto, escribir el mensaje y pulsar enviar.<br \/>\nUn SMS puede tener un m\u00e1ximo de 160 caracteres (fijado por las compa\u00f1\u00edas de telecomunicaciones), pero desde nuestro remitente de SMS puedes enviar hasta 800 caracteres. Si el mensaje es m\u00e1s largo, ser\u00e1 m\u00e1s caro, como si lo enviaras desde tu tel\u00e9fono m\u00f3vil.\n<h3>Documentaci\u00f3n y diario<\/h3>\nCuando env\u00edas SMS desde tu cliente Outlook a trav\u00e9s de SureSMS, nos hemos asegurado de que tus mensajes se guarden autom\u00e1ticamente. En la configuraci\u00f3n, puedes decidir en qu\u00e9 carpeta se guardan los mensajes SMS, y cualquier sistema de agenda puede recuperar los mensajes de la carpeta.<br \/>\nEsto significa que, al igual que el resto de sus comunicaciones, pueden registrarse y recuperarse cuando se necesite documentaci\u00f3n m\u00e1s adelante. As\u00ed se cumple la obligaci\u00f3n de llevar un diario, que se aplica a todas las instituciones p\u00fablicas y municipales.\n<h3>Seleccionar ID de remitente<\/h3>\n<p>Con nuestra nueva versi\u00f3n 1.4 de SMS para Outlook, hay varias opciones nuevas para seleccionar el ID del remitente. Ahora puede enviar desde su propio n\u00famero de m\u00f3vil y recibir respuestas en su tel\u00e9fono m\u00f3vil de forma gratuita. Si desea recibir las respuestas en su Outlook para poder documentarlas posteriormente, deber\u00e1 utilizar un\u00a0<a href=\"https:\/\/suresms.com\/es\/caracteristicas\/recibe-mensajes-de-texto-en-tu-ordenador\/\">Soluci\u00f3n SMS bidireccional\u00a0<\/a>Por nuestra parte. Es r\u00e1pido y f\u00e1cil de configurar. Eche un vistazo\u00a0<a href=\"https:\/\/suresms.com\/es\/precios-de-las-pasarelas-sms\/\">Precios de nuestras soluciones SMS<\/a>\u00a0aqu\u00ed. Por \u00faltimo, pero no menos importante, puede elegir enviar desde el nombre de su empresa. Esto puede ser de gran valor para empresas u organizaciones para la marca o campa\u00f1as. Si desea varios identificadores de remitente diferentes, p\u00f3ngase en contacto con nosotros. Por motivos de seguridad, nuestros usuarios no pueden crear nuevos, pero nosotros podemos hacerlo en cuesti\u00f3n de minutos.<\/p>\n<h3>Soluci\u00f3n bidireccional<\/h3>\n<p>Cuando creas una cuenta de prueba en la parte superior de esta p\u00e1gina, obtienes 50 mensajes gratuitos para probar. Lamentablemente, la versi\u00f3n de prueba no incluye la opci\u00f3n de recibir mensajes SMS. Ll\u00e1manos para conocer las posibilidades de recibir mensajes SMS.<\/p>\n\t<h2>C\u00f3mo instalar SMS2Outlook<\/h2>\nInstalar nuestro complemento para Outlook es muy sencillo. S\u00f3lo tiene que seguir estas breves instrucciones.<br \/>\nSi desea una orientaci\u00f3n m\u00e1s detallada, <a href=\"https:\/\/suresms.com\/es\/integraciones\/correo_y_calendario\/sms-outlook-addin\/papel-para-mensajes-de-texto\/\">Consulte la descripci\u00f3n completa en nuestro Manualsite<\/a>donde encontrar\u00e1 descripciones detalladas y gu\u00edas de todas nuestras funciones.\n<p><img loading=\"lazy\" decoding=\"async\" title=\"Orientaci\u00f3n SMS Outlook1\" src=\"https:\/\/suresms.com\/wp-content\/uploads\/2016\/06\/sms-Outlook-vejledning1.png\" alt=\"Orientaci\u00f3n SMS Outlook1\" width=\"413\" height=\"393\" \/><\/p>\n<h3>Instalar SureSMS para Outlook<\/h3>\n<p>&nbsp;<\/p>\n<ol>\n<li>\n<ol>\n<li>Descargue nuestro plugin a trav\u00e9s del enlace situado en la parte superior de esta p\u00e1gina.<\/li>\n<\/ol>\n<\/li>\n<\/ol>\n<p>&nbsp;<\/p>\n<ol>\n<li>\n<ol>\n<li>Instalar el programa<\/li>\n<\/ol>\n<\/li>\n<\/ol>\n<p>&nbsp;<\/p>\n<ol>\n<li>\n<ol>\n<li>Abra su Outlook. Ver\u00e1 una captura de pantalla como la de la izquierda.<\/li>\n<\/ol>\n<\/li>\n<\/ol>\n<p>&nbsp;<\/p>\n<ol>\n<li>\n<ol>\n<li>Rellene los datos de acceso.<\/li>\n<\/ol>\n<\/li>\n<\/ol>\n<p>&nbsp;<\/p>\n<ol>\n<li>\n<ol>\n<li>Si a\u00fan no tiene una cuenta, puede obtenerla siguiendo el enlace azul de la pantalla de inicio de sesi\u00f3n.<\/li>\n<\/ol>\n<\/li>\n<\/ol>\n<p>&nbsp;<\/p>\n<p><img loading=\"lazy\" decoding=\"async\" title=\"sms outlook plugin Gu\u00eda del complemento\" src=\"https:\/\/suresms.com\/wp-content\/uploads\/2016\/06\/sms-outlook-plugin-Add-in-vejledning.png\" alt=\"sms outlook plugin Gu\u00eda del complemento\" width=\"378\" height=\"343\" \/><\/p>\n<h3>Enviar SMS desde Outlook<\/h3>\n<p>Una vez que haya instalado nuestro complemento, ver\u00e1 un nuevo grupo de iconos en la parte derecha de su men\u00fa, como el que puede ver en la imagen.<\/p>\n<p>A continuaci\u00f3n, s\u00f3lo tienes que escribir el n\u00famero, el mensaje y pulsar enviar.<\/p>\n<p>Puedes escribir +46 y luego el n\u00famero si quieres enviar a, por ejemplo, Suecia, pero si quieres enviar a Dinamarca, s\u00f3lo tienes que poner el c\u00f3digo de pa\u00eds en la pantalla de configuraci\u00f3n y el sistema lo pondr\u00e1 por s\u00ed mismo.<\/p>\n<p>&nbsp;<\/p>\n\t<h2>Evita desactivar SMS2Oulook<\/h2>\n<p>A veces puede ocurrir que Outlook desactive SMS2Outlook. Esto puede ocurrir por varias razones. A continuaci\u00f3n puedes leer c\u00f3mo puedes reactivar SMS2Outlook y evitar que se vuelva a desactivar.<\/p>\n<h3>Activar de nuevo el complemento<\/h3>\n<p>En primer lugar, debe volver a activar el complemento. Hay una buena gu\u00eda sobre c\u00f3mo hacerlo aqu\u00ed: <a href=\"https:\/\/www.techhit.com\/how-to\/fix-missing-add-in-outlook-2016-2013-2010\/\" target=\"_blank\" rel=\"noopener\">Reactivar el complemento<\/a><\/p>\n<p>&nbsp;<\/p>\n<h3>Desactivaci\u00f3n autom\u00e1tica<\/h3>\n<p>En ocasiones, Outlook desactiva los complementos si considera que interfieren con la funcionalidad de Outlook. En algunos casos, el complemento no es el culpable. Outlook puede ser demasiado agresivo en este caso.<\/p>\n<p>Nota: Si un complemento ya est\u00e1 desactivado, encontrar\u00e1 instrucciones sobre c\u00f3mo reactivarlo\u00a0<a href=\"https:\/\/www.techhit.com\/how-to\/fix-missing-add-in-outlook-2016-2013-2010\/\">Complemento para Outlook<\/a>.<\/p>\n<p>Si dependes de algunos complementos y es importante para ti forzar que permanezcan activados, sigue estas instrucciones para evitar que Outlook desactive los complementos.<\/p>\n<p>Hay dos formas de conseguirlo:<\/p>\nSi es administrador del sistema, utilice la directiva de grupo.<br \/>\n<a href=\"https:\/\/www.microsoft.com\/en-us\/download\/details.aspx?id=49030\">Descargar plantillas ADMX de Microsoft Office<\/a>\u00a0y utilizar una directiva de grupo para configurar los par\u00e1metros. El nombre de la directiva es \"Lista de complementos administrados\". Se encuentra en \"Plantillas administrativasMicrosoft Outlook 2016Varios\". Debe proporcionar el ProgID del complemento de Outlook.\n<p>Si usted es un usuario final o un administrador que prefiere no utilizar la directiva de grupo, puede utilizar el registro. Para forzar que un complemento permanezca siempre activado, cree el siguiente valor de registro:<\/p>\n<p>&nbsp;<\/p>\n<p>Observe la ruta de registro en Outlook 16.0. Aqu\u00ed debe utilizar 15.0 si tiene Outlook 2013 o anterior.<\/p>\n<p>Puede obtener m\u00e1s informaci\u00f3n en\u00a0<a href=\"https:\/\/learn.microsoft.com\/en-us\/office\/vba\/outlook\/concepts\/getting-started\/support-for-keeping-add-ins-enabled\">Sitio web de Microsoft.<\/a><\/p>","protected":false},"excerpt":{"rendered":"<p>Env\u00eda SMS directamente desde Outlook. Env\u00eda mensajes a listas desde Outlook, env\u00eda SMS desde el calendario de Outlook. \u00bfQu\u00e9 es Outlook? Outlook es una completa aplicaci\u00f3n de correo electr\u00f3nico y calendario desarrollada por Microsoft, utilizada tanto por particulares como por empresas para gestionar correos electr\u00f3nicos, calendarios, tareas y contactos. Nuestra integraci\u00f3n permite enviar SMS directamente desde Outlook, lo que... <a title=\"Complemento de Outlook\" class=\"read-more\" href=\"https:\/\/suresms.com\/es\/integrationer\/mail_og_kalender\/sms-outlook-addin\/\" aria-label=\"Leer m\u00e1s sobre Outlook Add-in\">M\u00e1s informaci\u00f3n<\/a><\/p>","protected":false},"author":1,"featured_media":0,"parent":13808,"menu_order":0,"comment_status":"closed","ping_status":"closed","template":"","meta":{"_fl_builder_enabled":"1","_fl_builder_data":null,"_fl_builder_draft":null,"_fl_builder_data_settings":null,"_fl_builder_css":"","_fl_builder_css_version":"","_fl_builder_js":"","footnotes":""},"categories":[],"tags":[],"class_list":["post-3023","page","type-page","status-publish"],"yoast_head":"<!-- This site is optimized with the Yoast SEO Premium plugin v27.3 (Yoast SEO v27.3) - https:\/\/yoast.com\/product\/yoast-seo-premium-wordpress\/ -->\r\n<title>Sende SMS fra Outlook med vores smarte plugin \u2713 L\u00e6s her<\/title>\r\n<meta name=\"description\" content=\"Send SMS fra Outlook | SureSMS Outlook Add-In |Send nemt SMS til kontakter og grupper. Flere afsender-ID muligheder | Download gratis | Betal kun pr. SMS.\" \/>\r\n<meta name=\"robots\" content=\"index, follow, max-snippet:-1, max-image-preview:large, max-video-preview:-1\" \/>\r\n<link rel=\"canonical\" href=\"https:\/\/suresms.com\/es\/integraciones\/correo_y_calendario\/sms-outlook-addin\/\" \/>\r\n<meta property=\"og:locale\" content=\"es_ES\" \/>\r\n<meta property=\"og:type\" content=\"article\" \/>\r\n<meta property=\"og:title\" content=\"Update - SMS til Outlook Plugin Version 1.4 - SureSMS\" \/>\r\n<meta property=\"og:description\" content=\"Update - GRATIS SMS Add-in til Outlook. Send SMS til kontakter &amp; grupper - Fuld dokumentation - Gratis testkonto. Flere afsender-ID muligheder. Modtag svar p\u00e5 mobil eller i Outlook med 2-vejs L\u00f8sning. NU op til 800 tegn i beskeden.\" \/>\r\n<meta property=\"og:url\" content=\"https:\/\/suresms.com\/es\/integraciones\/correo_y_calendario\/sms-outlook-addin\/\" \/>\r\n<meta property=\"article:publisher\" content=\"https:\/\/www.facebook.com\/p\/SureSMS-100044607956149\/\" \/>\r\n<meta property=\"article:modified_time\" content=\"2025-01-20T10:13:41+00:00\" \/>\r\n<meta property=\"og:image\" content=\"https:\/\/suresms.com\/wp-content\/uploads\/2016\/02\/facebook-Outlook-plugin-version-1.4-snippet-1.jpg\" \/>\r\n\t<meta property=\"og:image:width\" content=\"1200\" \/>\r\n\t<meta property=\"og:image:height\" content=\"630\" \/>\r\n\t<meta property=\"og:image:type\" content=\"image\/jpeg\" \/>\r\n<meta name=\"twitter:card\" content=\"summary_large_image\" \/>\r\n<meta name=\"twitter:title\" content=\"Outlook Add-in\" \/>\r\n<meta name=\"twitter:label1\" content=\"Tiempo de lectura\" \/>\n\t<meta name=\"twitter:data1\" content=\"7 minutos\" \/>\r\n<script type=\"application\/ld+json\" class=\"yoast-schema-graph\">{\"@context\":\"https:\\\/\\\/schema.org\",\"@graph\":[{\"@type\":\"WebPage\",\"@id\":\"https:\\\/\\\/suresms.com\\\/dk\\\/integrationer\\\/mail_og_kalender\\\/sms-outlook-addin\\\/\",\"url\":\"https:\\\/\\\/suresms.com\\\/dk\\\/integrationer\\\/mail_og_kalender\\\/sms-outlook-addin\\\/\",\"name\":\"Sende SMS fra Outlook med vores smarte plugin \u2713 L\u00e6s her\",\"isPartOf\":{\"@id\":\"https:\\\/\\\/suresms.com\\\/en\\\/#website\"},\"primaryImageOfPage\":{\"@id\":\"https:\\\/\\\/suresms.com\\\/dk\\\/integrationer\\\/mail_og_kalender\\\/sms-outlook-addin\\\/#primaryimage\"},\"image\":{\"@id\":\"https:\\\/\\\/suresms.com\\\/dk\\\/integrationer\\\/mail_og_kalender\\\/sms-outlook-addin\\\/#primaryimage\"},\"thumbnailUrl\":\"https:\\\/\\\/suresms.com\\\/wp-content\\\/uploads\\\/2021\\\/10\\\/SMS2Outlook-low-1.png\",\"datePublished\":\"2016-06-22T10:08:19+00:00\",\"dateModified\":\"2025-01-20T10:13:41+00:00\",\"description\":\"Send SMS fra Outlook | SureSMS Outlook Add-In |Send nemt SMS til kontakter og grupper. Flere afsender-ID muligheder | Download gratis | Betal kun pr. SMS.\",\"breadcrumb\":{\"@id\":\"https:\\\/\\\/suresms.com\\\/dk\\\/integrationer\\\/mail_og_kalender\\\/sms-outlook-addin\\\/#breadcrumb\"},\"inLanguage\":\"es\",\"potentialAction\":[{\"@type\":\"ReadAction\",\"target\":[\"https:\\\/\\\/suresms.com\\\/dk\\\/integrationer\\\/mail_og_kalender\\\/sms-outlook-addin\\\/\"]}]},{\"@type\":\"ImageObject\",\"inLanguage\":\"es\",\"@id\":\"https:\\\/\\\/suresms.com\\\/dk\\\/integrationer\\\/mail_og_kalender\\\/sms-outlook-addin\\\/#primaryimage\",\"url\":\"https:\\\/\\\/suresms.com\\\/wp-content\\\/uploads\\\/2021\\\/10\\\/SMS2Outlook-low-1.png\",\"contentUrl\":\"https:\\\/\\\/suresms.com\\\/wp-content\\\/uploads\\\/2021\\\/10\\\/SMS2Outlook-low-1.png\"},{\"@type\":\"BreadcrumbList\",\"@id\":\"https:\\\/\\\/suresms.com\\\/dk\\\/integrationer\\\/mail_og_kalender\\\/sms-outlook-addin\\\/#breadcrumb\",\"itemListElement\":[{\"@type\":\"ListItem\",\"position\":1,\"name\":\"Home\",\"item\":\"https:\\\/\\\/suresms.com\\\/dk\\\/\"},{\"@type\":\"ListItem\",\"position\":2,\"name\":\"Integrationer\",\"item\":\"https:\\\/\\\/suresms.com\\\/dk\\\/integrationer\\\/\"},{\"@type\":\"ListItem\",\"position\":3,\"name\":\"Integration til mail- og kalender systemer\",\"item\":\"https:\\\/\\\/suresms.com\\\/dk\\\/integrationer\\\/mail_og_kalender\\\/\"},{\"@type\":\"ListItem\",\"position\":4,\"name\":\"Outlook Add-in\"}]},{\"@type\":\"WebSite\",\"@id\":\"https:\\\/\\\/suresms.com\\\/en\\\/#website\",\"url\":\"https:\\\/\\\/suresms.com\\\/en\\\/\",\"name\":\"SureSMS\",\"description\":\"Professionel SMS Gateway\",\"publisher\":{\"@id\":\"https:\\\/\\\/suresms.com\\\/en\\\/#organization\"},\"potentialAction\":[{\"@type\":\"SearchAction\",\"target\":{\"@type\":\"EntryPoint\",\"urlTemplate\":\"https:\\\/\\\/suresms.com\\\/en\\\/?s={search_term_string}\"},\"query-input\":{\"@type\":\"PropertyValueSpecification\",\"valueRequired\":true,\"valueName\":\"search_term_string\"}}],\"inLanguage\":\"es\"},{\"@type\":\"Organization\",\"@id\":\"https:\\\/\\\/suresms.com\\\/en\\\/#organization\",\"name\":\"SureSMS\",\"url\":\"https:\\\/\\\/suresms.com\\\/en\\\/\",\"logo\":{\"@type\":\"ImageObject\",\"inLanguage\":\"es\",\"@id\":\"https:\\\/\\\/suresms.com\\\/en\\\/#\\\/schema\\\/logo\\\/image\\\/\",\"url\":\"https:\\\/\\\/suresms.com\\\/wp-content\\\/uploads\\\/2024\\\/11\\\/suresms-300x65-1.png\",\"contentUrl\":\"https:\\\/\\\/suresms.com\\\/wp-content\\\/uploads\\\/2024\\\/11\\\/suresms-300x65-1.png\",\"width\":300,\"height\":65,\"caption\":\"SureSMS\"},\"image\":{\"@id\":\"https:\\\/\\\/suresms.com\\\/en\\\/#\\\/schema\\\/logo\\\/image\\\/\"},\"sameAs\":[\"https:\\\/\\\/www.facebook.com\\\/p\\\/SureSMS-100044607956149\\\/\"]}]}<\/script>\r\n<!-- \/ Yoast SEO Premium plugin. -->","yoast_head_json":{"title":"Env\u00eda SMS desde Outlook con nuestro plugin inteligente \u2713 Lee aqu\u00ed","description":"Env\u00eda SMS desde Outlook | SureSMS Outlook Add-In | Env\u00eda SMS f\u00e1cilmente a contactos y grupos. M\u00faltiples opciones de ID de remitente | Descarga gratuita | S\u00f3lo paga por SMS.","robots":{"index":"index","follow":"follow","max-snippet":"max-snippet:-1","max-image-preview":"max-image-preview:large","max-video-preview":"max-video-preview:-1"},"canonical":"https:\/\/suresms.com\/es\/integraciones\/correo_y_calendario\/sms-outlook-addin\/","og_locale":"es_ES","og_type":"article","og_title":"Update - SMS til Outlook Plugin Version 1.4 - SureSMS","og_description":"Update - GRATIS SMS Add-in til Outlook. Send SMS til kontakter & grupper - Fuld dokumentation - Gratis testkonto. Flere afsender-ID muligheder. Modtag svar p\u00e5 mobil eller i Outlook med 2-vejs L\u00f8sning. NU op til 800 tegn i beskeden.","og_url":"https:\/\/suresms.com\/es\/integraciones\/correo_y_calendario\/sms-outlook-addin\/","article_publisher":"https:\/\/www.facebook.com\/p\/SureSMS-100044607956149\/","article_modified_time":"2025-01-20T10:13:41+00:00","og_image":[{"width":1200,"height":630,"url":"https:\/\/suresms.com\/wp-content\/uploads\/2016\/02\/facebook-Outlook-plugin-version-1.4-snippet-1.jpg","type":"image\/jpeg"}],"twitter_card":"summary_large_image","twitter_title":"Outlook Add-in","twitter_misc":{"Tiempo de lectura":"7 minutos"},"schema":{"@context":"https:\/\/schema.org","@graph":[{"@type":"WebPage","@id":"https:\/\/suresms.com\/dk\/integrationer\/mail_og_kalender\/sms-outlook-addin\/","url":"https:\/\/suresms.com\/dk\/integrationer\/mail_og_kalender\/sms-outlook-addin\/","name":"Env\u00eda SMS desde Outlook con nuestro plugin inteligente \u2713 Lee aqu\u00ed","isPartOf":{"@id":"https:\/\/suresms.com\/en\/#website"},"primaryImageOfPage":{"@id":"https:\/\/suresms.com\/dk\/integrationer\/mail_og_kalender\/sms-outlook-addin\/#primaryimage"},"image":{"@id":"https:\/\/suresms.com\/dk\/integrationer\/mail_og_kalender\/sms-outlook-addin\/#primaryimage"},"thumbnailUrl":"https:\/\/suresms.com\/wp-content\/uploads\/2021\/10\/SMS2Outlook-low-1.png","datePublished":"2016-06-22T10:08:19+00:00","dateModified":"2025-01-20T10:13:41+00:00","description":"Env\u00eda SMS desde Outlook | SureSMS Outlook Add-In | Env\u00eda SMS f\u00e1cilmente a contactos y grupos. M\u00faltiples opciones de ID de remitente | Descarga gratuita | S\u00f3lo paga por SMS.","breadcrumb":{"@id":"https:\/\/suresms.com\/dk\/integrationer\/mail_og_kalender\/sms-outlook-addin\/#breadcrumb"},"inLanguage":"es","potentialAction":[{"@type":"ReadAction","target":["https:\/\/suresms.com\/dk\/integrationer\/mail_og_kalender\/sms-outlook-addin\/"]}]},{"@type":"ImageObject","inLanguage":"es","@id":"https:\/\/suresms.com\/dk\/integrationer\/mail_og_kalender\/sms-outlook-addin\/#primaryimage","url":"https:\/\/suresms.com\/wp-content\/uploads\/2021\/10\/SMS2Outlook-low-1.png","contentUrl":"https:\/\/suresms.com\/wp-content\/uploads\/2021\/10\/SMS2Outlook-low-1.png"},{"@type":"BreadcrumbList","@id":"https:\/\/suresms.com\/dk\/integrationer\/mail_og_kalender\/sms-outlook-addin\/#breadcrumb","itemListElement":[{"@type":"ListItem","position":1,"name":"Home","item":"https:\/\/suresms.com\/dk\/"},{"@type":"ListItem","position":2,"name":"Integrationer","item":"https:\/\/suresms.com\/dk\/integrationer\/"},{"@type":"ListItem","position":3,"name":"Integration til mail- og kalender systemer","item":"https:\/\/suresms.com\/dk\/integrationer\/mail_og_kalender\/"},{"@type":"ListItem","position":4,"name":"Outlook Add-in"}]},{"@type":"WebSite","@id":"https:\/\/suresms.com\/en\/#website","url":"https:\/\/suresms.com\/en\/","name":"SureSMS","description":"Pasarela SMS profesional","publisher":{"@id":"https:\/\/suresms.com\/en\/#organization"},"potentialAction":[{"@type":"SearchAction","target":{"@type":"EntryPoint","urlTemplate":"https:\/\/suresms.com\/en\/?s={search_term_string}"},"query-input":{"@type":"PropertyValueSpecification","valueRequired":true,"valueName":"search_term_string"}}],"inLanguage":"es"},{"@type":"Organization","@id":"https:\/\/suresms.com\/en\/#organization","name":"SureSMS","url":"https:\/\/suresms.com\/en\/","logo":{"@type":"ImageObject","inLanguage":"es","@id":"https:\/\/suresms.com\/en\/#\/schema\/logo\/image\/","url":"https:\/\/suresms.com\/wp-content\/uploads\/2024\/11\/suresms-300x65-1.png","contentUrl":"https:\/\/suresms.com\/wp-content\/uploads\/2024\/11\/suresms-300x65-1.png","width":300,"height":65,"caption":"SureSMS"},"image":{"@id":"https:\/\/suresms.com\/en\/#\/schema\/logo\/image\/"},"sameAs":["https:\/\/www.facebook.com\/p\/SureSMS-100044607956149\/"]}]}},"_links":{"self":[{"href":"https:\/\/suresms.com\/es\/wp-json\/wp\/v2\/pages\/3023","targetHints":{"allow":["GET"]}}],"collection":[{"href":"https:\/\/suresms.com\/es\/wp-json\/wp\/v2\/pages"}],"about":[{"href":"https:\/\/suresms.com\/es\/wp-json\/wp\/v2\/types\/page"}],"author":[{"embeddable":true,"href":"https:\/\/suresms.com\/es\/wp-json\/wp\/v2\/users\/1"}],"replies":[{"embeddable":true,"href":"https:\/\/suresms.com\/es\/wp-json\/wp\/v2\/comments?post=3023"}],"version-history":[{"count":20,"href":"https:\/\/suresms.com\/es\/wp-json\/wp\/v2\/pages\/3023\/revisions"}],"predecessor-version":[{"id":21769,"href":"https:\/\/suresms.com\/es\/wp-json\/wp\/v2\/pages\/3023\/revisions\/21769"}],"up":[{"embeddable":true,"href":"https:\/\/suresms.com\/es\/wp-json\/wp\/v2\/pages\/13808"}],"wp:attachment":[{"href":"https:\/\/suresms.com\/es\/wp-json\/wp\/v2\/media?parent=3023"}],"wp:term":[{"taxonomy":"category","embeddable":true,"href":"https:\/\/suresms.com\/es\/wp-json\/wp\/v2\/categories?post=3023"},{"taxonomy":"post_tag","embeddable":true,"href":"https:\/\/suresms.com\/es\/wp-json\/wp\/v2\/tags?post=3023"}],"curies":[{"name":"wp","href":"https:\/\/api.w.org\/{rel}","templated":true}]}}