{"id":289,"date":"2014-07-02T13:30:59","date_gmt":"2014-07-02T11:30:59","guid":{"rendered":"http:\/\/da.suresms.com\/?page_id=289"},"modified":"2024-12-05T15:39:28","modified_gmt":"2024-12-05T15:39:28","slug":"sms-internacionales","status":"publish","type":"page","link":"https:\/\/suresms.com\/es\/funktioner\/international-sms\/","title":{"rendered":"SMS a todo el mundo"},"content":{"rendered":"<!-- Flexy Breadcrumb -->\r\n\t\t\t<div class=\"fbc fbc-page\">\r\n\r\n\t\t\t\t<!-- Breadcrumb wrapper -->\r\n\t\t\t\t<div class=\"fbc-wrap\">\r\n\r\n\t\t\t\t\t<!-- Ordered list-->\r\n\t\t\t\t\t<ol class=\"fbc-items\" itemscope itemtype=\"https:\/\/schema.org\/BreadcrumbList\">\r\n\t\t\t\t\t\t            <li itemprop=\"itemListElement\" itemscope itemtype=\"https:\/\/schema.org\/ListItem\">\r\n                <span itemprop=\"name\">\r\n                    <!-- Home Link -->\r\n                    <a itemprop=\"item\" href=\"https:\/\/suresms.com\/es\/\">\r\n                    \r\n                                                    <i class=\"fa fa-home\" aria-hidden=\"true\"><\/i>Inicio                    <\/a>\r\n                <\/span>\r\n                <meta itemprop=\"position\" content=\"1\" \/><!-- Meta Position-->\r\n             <\/li><li><span class=\"fbc-separator\">\/<\/span><\/li><li class=\"active\" itemprop=\"itemListElement\" itemscope itemtype=\"https:\/\/schema.org\/ListItem\"><span itemprop=\"name\" title=\"SMS a todo el mundo\">SMS a todo el mundo<\/span><meta itemprop=\"position\" content=\"2\" \/><\/li>\t\t\t\t\t<\/ol>\r\n\t\t\t\t\t<div class=\"clearfix\"><\/div>\r\n\t\t\t\t<\/div>\r\n\t\t\t<\/div>\r\n\t\t\t\n<h1>\n\t\tSMS a todo el mundo\n\t<\/h1>\n\t<p>SureSMS es una pasarela internacional de SMS. Esto significa que los SMS en el extranjero SIEMPRE est\u00e1n integrados en nuestra suscripci\u00f3n habitual.<\/p>\n<p>Tenemos una s\u00f3lida cooperaci\u00f3n con m\u00e1s de 800 operadores estables en 170 pa\u00edses. Esto significa que nuestros clientes siempre pueden ponerse en contacto con todos nuestros socios, tanto en Dinamarca como a escala internacional. S\u00f3lo utilizamos proveedores de primera clase y trabajamos constantemente para supervisar el mercado y negociar los mejores precios para nuestros clientes sin comprometer la calidad.<\/p>\n<p>Es tan f\u00e1cil enviar mensajes de texto al extranjero como a tu propio pa\u00eds. S\u00f3lo tienes que introducir el c\u00f3digo de pa\u00eds correcto en el SMS.<\/p>\n<h4><strong>Precios bajos en el extranjero<\/strong><\/h4>\n<p>El coste de enviar un mensaje al extranjero depende del pa\u00eds y de la longitud del mensaje, pero nuestros precios son competitivos y mucho m\u00e1s baratos que los de las telecos y nuestros competidores.<\/p>\n<p>En nuestra Interfaz Web puede ver el precio de un mensaje antes de enviarlo. Introduzca el n\u00famero de tel\u00e9fono, el prefijo del pa\u00eds y escriba el mensaje en el campo de texto y ver\u00e1 el precio actual en el campo inferior.<\/p>\n<p>Para m\u00e1s informaci\u00f3n sobre nuestras tarifas actualizadas de mensajes internacionales, p\u00f3ngase en contacto con nuestro equipo de asistencia en el +45 50 322 322 o env\u00edenos un correo electr\u00f3nico a <a href=\"mailto:info@suresms.com\">info@suresms.com<\/a>.<\/p>\n\t<p>&nbsp;<\/p>\n<h4><strong>\u00bfNecesita una soluci\u00f3n bidireccional con un n\u00famero extranjero?<\/strong><\/h4>\n<p>\u00bfNecesita que sus mensajes procedan de un n\u00famero extranjero? \u00bfNecesita que sus usuarios puedan responder a sus mensajes en el n\u00famero? Podemos encargarnos de ello f\u00e1cilmente. <a title=\"SMS bidireccionales, recibe SMS en tu ordenador\" href=\"https:\/\/suresms.com\/es\/descarga-de-sms-bidireccionales-con-sim-alojada\/\">M\u00e1s informaci\u00f3n sobre nuestra soluci\u00f3n bidireccional Hostet-SIM.<\/a><\/p>\n<h4><strong>Empresa danesa<\/strong><\/h4>\n<p>SureSMS ApS es una empresa danesa que existe desde 2003. Nuestro equipo tiene m\u00e1s de 15 a\u00f1os de experiencia en infraestructuras, incluidas redes, seguridad y servidores.<\/p>\n<p>Desarrolladores, t\u00e9cnicos y personal de servicio bien formados se encargan de la actualizaci\u00f3n, el funcionamiento y la asistencia. Puede dejarnos a cargo de su soluci\u00f3n SMS sin preocuparse por la inestabilidad o la falta de servicio.<\/p>\n\t<h4><strong>Aqu\u00ed puede leer algunos ejemplos de c\u00f3mo utilizan actualmente nuestros clientes la funci\u00f3n \"SMS al extranjero<\/strong><\/h4>\n<ul>\n<li>Un importante proveedor dan\u00e9s de la industria energ\u00e9tica internacional utiliza nuestro servicio internacional de SMS para notificar a clientes de todo el mundo los pedidos realizados.<\/li>\n<li>Uno de nuestros clientes es una gran empresa farmac\u00e9utica danesa que utiliza nuestro servicio de SMS para enviar mensajes a sus empleados en el extranjero, y sus empleados tambi\u00e9n pueden suscribirse a boletines informativos a trav\u00e9s de KEYWORDS.<\/li>\n<li>Nuestro servicio integrado de SMS al extranjero lo utiliza una empresa danesa que suministra contadores de servicios p\u00fablicos a Dinamarca y Escandinavia. Utilizan SureSMS para enviar notificaciones sobre pr\u00f3ximas lecturas a residentes en Dinamarca, Noruega y Suecia.<\/li>\n<li>Y luego tenemos una escuela groenlandesa que env\u00eda mensajes a los padres de los alumnos sobre la cooperaci\u00f3n entre la escuela y el hogar. Puede tratarse de informaci\u00f3n pr\u00e1ctica, ausencia de alumnos u otra informaci\u00f3n importante.<br \/>Porque, por supuesto, somos un servicio de SMS para toda Dinamarca.<\/li>\n<\/ul>","protected":false},"excerpt":{"rendered":"<p>SMS en todo el mundo SureSMS es una pasarela internacional de SMS. Esto significa que los SMS en el extranjero est\u00e1n SIEMPRE integrados en nuestra suscripci\u00f3n regular. Tenemos una asociaci\u00f3n bien establecida con m\u00e1s de 800 operadores estables en 170 pa\u00edses. Esto significa que nuestros clientes siempre pueden ponerse en contacto con todos nuestros socios, tanto en Dinamarca como a nivel internacional. Nosotros ... <a title=\"SMS a todo el mundo\" class=\"read-more\" href=\"https:\/\/suresms.com\/es\/funktioner\/international-sms\/\" aria-label=\"Leer m\u00e1s sobre SMS al mundo\">M\u00e1s informaci\u00f3n<\/a><\/p>","protected":false},"author":1,"featured_media":0,"parent":958,"menu_order":6,"comment_status":"closed","ping_status":"closed","template":"","meta":{"_fl_builder_enabled":"1","_fl_builder_data":null,"_fl_builder_draft":null,"_fl_builder_data_settings":null,"_fl_builder_css":"","_fl_builder_css_version":"","_fl_builder_js":"","footnotes":""},"categories":[17],"tags":[],"class_list":{"0":"post-289","1":"page","2":"type-page","3":"status-publish","5":"category-linkfracornorstone"},"yoast_head":"<!-- This site is optimized with the Yoast SEO Premium plugin v27.5 (Yoast SEO v27.5) - https:\/\/yoast.com\/product\/yoast-seo-premium-wordpress\/ -->\r\n<title>International Gateway \u2192 Effektivt og nemt system at anvende<\/title>\r\n<meta name=\"description\" content=\"International Gateway og professionel SMS Gateway services f\u00e5s her. F\u00e5 hurtig kontakt til dine kunder med effektive l\u00f8sninger.\" \/>\r\n<meta name=\"robots\" content=\"index, follow, max-snippet:-1, max-image-preview:large, max-video-preview:-1\" \/>\r\n<link rel=\"canonical\" href=\"https:\/\/suresms.com\/es\/caracteristicas\/sms-internacionales\/\" \/>\r\n<meta property=\"og:locale\" content=\"es_ES\" \/>\r\n<meta property=\"og:type\" content=\"article\" \/>\r\n<meta property=\"og:title\" content=\"SMS til hele verden\" \/>\r\n<meta property=\"og:description\" content=\"International Gateway og professionel SMS Gateway services f\u00e5s her. F\u00e5 hurtig kontakt til dine kunder med effektive l\u00f8sninger.\" \/>\r\n<meta property=\"og:url\" content=\"https:\/\/suresms.com\/es\/caracteristicas\/sms-internacionales\/\" \/>\r\n<meta property=\"article:publisher\" content=\"https:\/\/www.facebook.com\/p\/SureSMS-100044607956149\/\" \/>\r\n<meta property=\"article:modified_time\" content=\"2024-12-05T15:39:28+00:00\" \/>\r\n<meta name=\"twitter:card\" content=\"summary_large_image\" \/>\r\n<meta name=\"twitter:label1\" content=\"Tiempo de lectura\" \/>\n\t<meta name=\"twitter:data1\" content=\"7 minutos\" \/>\r\n<script type=\"application\/ld+json\" class=\"yoast-schema-graph\">{\"@context\":\"https:\\\/\\\/schema.org\",\"@graph\":[{\"@type\":\"WebPage\",\"@id\":\"https:\\\/\\\/suresms.com\\\/dk\\\/funktioner\\\/international-sms\\\/\",\"url\":\"https:\\\/\\\/suresms.com\\\/dk\\\/funktioner\\\/international-sms\\\/\",\"name\":\"International Gateway \u2192 Effektivt og nemt system at anvende\",\"isPartOf\":{\"@id\":\"https:\\\/\\\/suresms.com\\\/en\\\/#website\"},\"datePublished\":\"2014-07-02T11:30:59+00:00\",\"dateModified\":\"2024-12-05T15:39:28+00:00\",\"description\":\"International Gateway og professionel SMS Gateway services f\u00e5s her. F\u00e5 hurtig kontakt til dine kunder med effektive l\u00f8sninger.\",\"breadcrumb\":{\"@id\":\"https:\\\/\\\/suresms.com\\\/dk\\\/funktioner\\\/international-sms\\\/#breadcrumb\"},\"inLanguage\":\"es\",\"potentialAction\":[{\"@type\":\"ReadAction\",\"target\":[\"https:\\\/\\\/suresms.com\\\/dk\\\/funktioner\\\/international-sms\\\/\"]}]},{\"@type\":\"BreadcrumbList\",\"@id\":\"https:\\\/\\\/suresms.com\\\/dk\\\/funktioner\\\/international-sms\\\/#breadcrumb\",\"itemListElement\":[{\"@type\":\"ListItem\",\"position\":1,\"name\":\"Home\",\"item\":\"https:\\\/\\\/suresms.com\\\/dk\\\/\"},{\"@type\":\"ListItem\",\"position\":2,\"name\":\"Funktioner\",\"item\":\"https:\\\/\\\/suresms.com\\\/dk\\\/funktioner\\\/\"},{\"@type\":\"ListItem\",\"position\":3,\"name\":\"SMS til hele verden\"}]},{\"@type\":\"WebSite\",\"@id\":\"https:\\\/\\\/suresms.com\\\/en\\\/#website\",\"url\":\"https:\\\/\\\/suresms.com\\\/en\\\/\",\"name\":\"SureSMS\",\"description\":\"Professionel SMS Gateway\",\"publisher\":{\"@id\":\"https:\\\/\\\/suresms.com\\\/en\\\/#organization\"},\"potentialAction\":[{\"@type\":\"SearchAction\",\"target\":{\"@type\":\"EntryPoint\",\"urlTemplate\":\"https:\\\/\\\/suresms.com\\\/en\\\/?s={search_term_string}\"},\"query-input\":{\"@type\":\"PropertyValueSpecification\",\"valueRequired\":true,\"valueName\":\"search_term_string\"}}],\"inLanguage\":\"es\"},{\"@type\":\"Organization\",\"@id\":\"https:\\\/\\\/suresms.com\\\/en\\\/#organization\",\"name\":\"SureSMS\",\"url\":\"https:\\\/\\\/suresms.com\\\/en\\\/\",\"logo\":{\"@type\":\"ImageObject\",\"inLanguage\":\"es\",\"@id\":\"https:\\\/\\\/suresms.com\\\/en\\\/#\\\/schema\\\/logo\\\/image\\\/\",\"url\":\"https:\\\/\\\/suresms.com\\\/wp-content\\\/uploads\\\/2024\\\/11\\\/suresms-300x65-1.png\",\"contentUrl\":\"https:\\\/\\\/suresms.com\\\/wp-content\\\/uploads\\\/2024\\\/11\\\/suresms-300x65-1.png\",\"width\":300,\"height\":65,\"caption\":\"SureSMS\"},\"image\":{\"@id\":\"https:\\\/\\\/suresms.com\\\/en\\\/#\\\/schema\\\/logo\\\/image\\\/\"},\"sameAs\":[\"https:\\\/\\\/www.facebook.com\\\/p\\\/SureSMS-100044607956149\\\/\"]}]}<\/script>\r\n<!-- \/ Yoast SEO Premium plugin. -->","yoast_head_json":{"title":"Pasarela internacional \u2192 Sistema eficaz y f\u00e1cil de usar","description":"Pasarela internacional y servicios profesionales de pasarela SMS disponibles aqu\u00ed. Conecte con sus clientes r\u00e1pidamente con soluciones eficientes.","robots":{"index":"index","follow":"follow","max-snippet":"max-snippet:-1","max-image-preview":"max-image-preview:large","max-video-preview":"max-video-preview:-1"},"canonical":"https:\/\/suresms.com\/es\/caracteristicas\/sms-internacionales\/","og_locale":"es_ES","og_type":"article","og_title":"SMS til hele verden","og_description":"International Gateway og professionel SMS Gateway services f\u00e5s her. F\u00e5 hurtig kontakt til dine kunder med effektive l\u00f8sninger.","og_url":"https:\/\/suresms.com\/es\/caracteristicas\/sms-internacionales\/","article_publisher":"https:\/\/www.facebook.com\/p\/SureSMS-100044607956149\/","article_modified_time":"2024-12-05T15:39:28+00:00","twitter_card":"summary_large_image","twitter_misc":{"Tiempo de lectura":"7 minutos"},"schema":{"@context":"https:\/\/schema.org","@graph":[{"@type":"WebPage","@id":"https:\/\/suresms.com\/dk\/funktioner\/international-sms\/","url":"https:\/\/suresms.com\/dk\/funktioner\/international-sms\/","name":"Pasarela internacional \u2192 Sistema eficaz y f\u00e1cil de usar","isPartOf":{"@id":"https:\/\/suresms.com\/en\/#website"},"datePublished":"2014-07-02T11:30:59+00:00","dateModified":"2024-12-05T15:39:28+00:00","description":"Pasarela internacional y servicios profesionales de pasarela SMS disponibles aqu\u00ed. Conecte con sus clientes r\u00e1pidamente con soluciones eficientes.","breadcrumb":{"@id":"https:\/\/suresms.com\/dk\/funktioner\/international-sms\/#breadcrumb"},"inLanguage":"es","potentialAction":[{"@type":"ReadAction","target":["https:\/\/suresms.com\/dk\/funktioner\/international-sms\/"]}]},{"@type":"BreadcrumbList","@id":"https:\/\/suresms.com\/dk\/funktioner\/international-sms\/#breadcrumb","itemListElement":[{"@type":"ListItem","position":1,"name":"Home","item":"https:\/\/suresms.com\/dk\/"},{"@type":"ListItem","position":2,"name":"Funktioner","item":"https:\/\/suresms.com\/dk\/funktioner\/"},{"@type":"ListItem","position":3,"name":"SMS til hele verden"}]},{"@type":"WebSite","@id":"https:\/\/suresms.com\/en\/#website","url":"https:\/\/suresms.com\/en\/","name":"SureSMS","description":"Pasarela SMS profesional","publisher":{"@id":"https:\/\/suresms.com\/en\/#organization"},"potentialAction":[{"@type":"SearchAction","target":{"@type":"EntryPoint","urlTemplate":"https:\/\/suresms.com\/en\/?s={search_term_string}"},"query-input":{"@type":"PropertyValueSpecification","valueRequired":true,"valueName":"search_term_string"}}],"inLanguage":"es"},{"@type":"Organization","@id":"https:\/\/suresms.com\/en\/#organization","name":"SureSMS","url":"https:\/\/suresms.com\/en\/","logo":{"@type":"ImageObject","inLanguage":"es","@id":"https:\/\/suresms.com\/en\/#\/schema\/logo\/image\/","url":"https:\/\/suresms.com\/wp-content\/uploads\/2024\/11\/suresms-300x65-1.png","contentUrl":"https:\/\/suresms.com\/wp-content\/uploads\/2024\/11\/suresms-300x65-1.png","width":300,"height":65,"caption":"SureSMS"},"image":{"@id":"https:\/\/suresms.com\/en\/#\/schema\/logo\/image\/"},"sameAs":["https:\/\/www.facebook.com\/p\/SureSMS-100044607956149\/"]}]}},"_links":{"self":[{"href":"https:\/\/suresms.com\/es\/wp-json\/wp\/v2\/pages\/289","targetHints":{"allow":["GET"]}}],"collection":[{"href":"https:\/\/suresms.com\/es\/wp-json\/wp\/v2\/pages"}],"about":[{"href":"https:\/\/suresms.com\/es\/wp-json\/wp\/v2\/types\/page"}],"author":[{"embeddable":true,"href":"https:\/\/suresms.com\/es\/wp-json\/wp\/v2\/users\/1"}],"replies":[{"embeddable":true,"href":"https:\/\/suresms.com\/es\/wp-json\/wp\/v2\/comments?post=289"}],"version-history":[{"count":2,"href":"https:\/\/suresms.com\/es\/wp-json\/wp\/v2\/pages\/289\/revisions"}],"predecessor-version":[{"id":19466,"href":"https:\/\/suresms.com\/es\/wp-json\/wp\/v2\/pages\/289\/revisions\/19466"}],"up":[{"embeddable":true,"href":"https:\/\/suresms.com\/es\/wp-json\/wp\/v2\/pages\/958"}],"wp:attachment":[{"href":"https:\/\/suresms.com\/es\/wp-json\/wp\/v2\/media?parent=289"}],"wp:term":[{"taxonomy":"category","embeddable":true,"href":"https:\/\/suresms.com\/es\/wp-json\/wp\/v2\/categories?post=289"},{"taxonomy":"post_tag","embeddable":true,"href":"https:\/\/suresms.com\/es\/wp-json\/wp\/v2\/tags?post=289"}],"curies":[{"name":"wp","href":"https:\/\/api.w.org\/{rel}","templated":true}]}}