{"id":2697,"date":"2016-06-02T17:36:31","date_gmt":"2016-06-02T15:36:31","guid":{"rendered":"https:\/\/www.suresms.com\/dk\/?page_id=2697"},"modified":"2025-01-05T00:16:47","modified_gmt":"2025-01-05T00:16:47","slug":"sms-para-empresas-en-linea-y-servicios-web-2","status":"publish","type":"page","link":"https:\/\/suresms.com\/es\/branchelosninger\/sms-til-online-virksomheder-og-web-services-2\/","title":{"rendered":"SMS para empresas en l\u00ednea y servicios WEB"},"content":{"rendered":"<!-- Flexy Breadcrumb -->\r\n\t\t\t<div class=\"fbc fbc-page\">\r\n\r\n\t\t\t\t<!-- Breadcrumb wrapper -->\r\n\t\t\t\t<div class=\"fbc-wrap\">\r\n\r\n\t\t\t\t\t<!-- Ordered list-->\r\n\t\t\t\t\t<ol class=\"fbc-items\" itemscope itemtype=\"https:\/\/schema.org\/BreadcrumbList\">\r\n\t\t\t\t\t\t            <li itemprop=\"itemListElement\" itemscope itemtype=\"https:\/\/schema.org\/ListItem\">\r\n                <span itemprop=\"name\">\r\n                    <!-- Home Link -->\r\n                    <a itemprop=\"item\" href=\"https:\/\/suresms.com\/es\/\">\r\n                    \r\n                                                    <i class=\"fa fa-home\" aria-hidden=\"true\"><\/i>Inicio                    <\/a>\r\n                <\/span>\r\n                <meta itemprop=\"position\" content=\"1\" \/><!-- Meta Position-->\r\n             <\/li><li><span class=\"fbc-separator\">\/<\/span><\/li><li class=\"active\" itemprop=\"itemListElement\" itemscope itemtype=\"https:\/\/schema.org\/ListItem\"><span itemprop=\"name\" title=\"SMS para empresas en l\u00ednea y servicios WEB\">SMS para empresas en l\u00ednea...<\/span><meta itemprop=\"position\" content=\"2\" \/><\/li>\t\t\t\t\t<\/ol>\r\n\t\t\t\t\t<div class=\"clearfix\"><\/div>\r\n\t\t\t\t<\/div>\r\n\t\t\t<\/div>\r\n\t\t\t\n<h1>\n\t\tSMS para empresas en l\u00ednea y servicios WEB\n\t<\/h1>\n\t\n\n<p><strong>Muchos de nuestros clientes actuales son empresas y servicios basados en Internet. Nuestra API se integra f\u00e1cilmente en otros sistemas, y nuestra pasarela SureSMS puede utilizarse en muchos contextos diferentes: c\u00f3digos de acceso, clubes de clientes, marketing y suscripci\u00f3n a servicios o SMS de noticias, por citar algunos.<\/strong><\/p>\n\n<p><strong>Ventajas:<\/strong><\/p>\n<ul> \t\n<li>\n<p><strong>Opciones de API totalmente automatizadas y flexibles<\/strong><\/p>\n<\/li>\n\n<li>\n<p><strong>El estado de cada mensaje puede actualizarse autom\u00e1ticamente en su sistema.<\/strong><\/p>\n<\/li>\n\n<li>\n<p><strong>Puede utilizarse como c\u00f3digo PIN en su sistema.<\/strong><\/p>\n<\/li>\n\n<li><strong>Env\u00ede mensajes SMS con diferentes ID de remitente desde la misma cuenta.<\/strong><\/li>\n<\/ul>\n\n<h3>Utilice nuestra API SureSMS Gateway en sus sistemas<\/h3>\n<p>Crear, mantener y mejorar nuestra API para que se adapte a los sistemas de nuestros clientes es siempre nuestra prioridad. La API de SureSMS es flexible, est\u00e1 bien documentada y es de la m\u00e1s alta calidad, y puedes esperar el apoyo de nuestros ingenieros y desarrolladores para la integraci\u00f3n. <a href=\"http:\/\/developer.suresms.com\/sample-code\/\">En nuestro sitio para desarrolladores hemos recopilado una serie de ejemplos de c\u00f3digo<\/a>. Si no encuentra lo que busca, entonces <a title=\"P\u00f3ngase en contacto con nosotros\" href=\"https:\/\/suresms.com\/es\/pongase-en-contacto-con\/\">p\u00f3ngase en contacto con nuestro servicio de asistencia<\/a> para charlar sobre c\u00f3mo integrar nuestra API en su sistema<\/p>\n<h3>Alta fiabilidad de entrega y servicio profesional a buen precio<\/h3>\n\n<p>Tras muchos a\u00f1os en el sector, sabemos lo importante que es que su comunicaci\u00f3n NO se interrumpa. No escatimamos en equipos, supervisi\u00f3n ni horas de mano de obra. Nuestro equipo se asegura de que nuestro Gateway funcione de forma estable y segura. <a title=\"Precios de las pasarelas SMS\" href=\"https:\/\/suresms.com\/es\/precios-de-las-pasarelas-sms\/\">M\u00e1s informaci\u00f3n sobre nuestras soluciones y precios aqu\u00ed.<\/a><\/p>\n<h3>Interfaz de usuario sencilla y clara en el portal WEB<\/h3>\n<p>Nuestra sencilla y clara interfaz en el portal WEB SureSMS facilita el env\u00edo de mensajes SMS a personas o grupos. Desde aqu\u00ed puedes utilizar f\u00e1cilmente nuestras numerosas funciones: crear y enviar a contactos y grupos, fusionar nombres en los SMS de grupo, programar el env\u00edo y crear palabras clave para que los propios usuarios puedan suscribirse a los servicios. Desde nuestro sitio web tendr\u00e1s acceso a un registro completo y a nuestro m\u00f3dulo de informes SureSMS, donde podr\u00e1s ver toda la informaci\u00f3n sobre el env\u00edo y la entrega de tus mensajes.<\/p>\n<p>Nuestro portal web puede utilizarse desde PC, iPad o tel\u00e9fonos inteligentes.<\/p>\n<h3>Enviar desde varios remitentes<\/h3>\n<p>Muchas empresas en l\u00ednea gestionan varios servicios web de la misma empresa. En este caso, puede ser beneficioso crear varios ID de remitente desde la misma cuenta. Usted decide si el remitente debe estar formado por n\u00fameros (por ejemplo, un n\u00famero de tel\u00e9fono) o por letras. Creamos tantos remitentes como necesite. La \u00fanica limitaci\u00f3n -establecida por las compa\u00f1\u00edas de telecomunicaciones- es que un ID de remitente puede tener un m\u00e1ximo de 11 caracteres.<\/p>\n<h3>M\u00faltiples opciones de n\u00famero de m\u00f3vil: muchos pa\u00edses diferentes<\/h3>\n<p>Si tienes varios n\u00fameros de m\u00f3vil que quieres asociar a tu cuenta SureSMS, se puede configurar f\u00e1cilmente para hacerlo. Tenemos varios clientes que han asociado n\u00fameros con tarjetas SIM de distintos pa\u00edses. Una forma sencilla de enviar SMS a varios pa\u00edses sin comprometer el precio ni la visi\u00f3n de conjunto.<\/p>\n<h3>Empiece ahora mismo<\/h3>\n<p>Empezar a utilizar nuestra pasarela de SMS es r\u00e1pido, sencillo y gratuito.<\/p>\n<p>Rellene nuestro enlace en esta p\u00e1gina para obtener una cuenta de prueba gratuita y empezar en 5 minutos. Te daremos 50 SMS gratis para que puedas probar nuestro servicio y calidad por ti mismo. Si tienes alguna pregunta, estamos aqu\u00ed para ayudarte y tenemos a\u00f1os de experiencia de nuestros otros clientes en la industria.<\/p>\n\n\t\t\t<p><a href=\"https:\/\/suresms.com\/wp-content\/uploads\/2015\/02\/norriq-logo-20x120-px.jpg\"><img loading=\"lazy\" decoding=\"async\" src=\"https:\/\/suresms.com\/wp-content\/uploads\/2015\/02\/norriq-logo-20x120-px.jpg\" alt=\"logo norriq 20x120 px\" width=\"200\" height=\"96\" \/><\/a><em>\"Hemos utilizado SureSMS para varios de nuestros clientes.<br \/>SureSMS est\u00e1 integrado con nuestro sistema financiero y de punto de venta, por lo que los mensajes se env\u00edan autom\u00e1ticamente a los clientes de nuestros clientes cuando se completa el pedido.<\/em><em>Nuestra cooperaci\u00f3n con SureSMS ha sido buena y siempre han sido r\u00e1pidos a la hora de ayudarnos a poner en marcha nuevos clientes. Una vez en marcha, ya no hablamos con ellos porque nunca hay problemas.<\/em><em>Algunos de nuestros clientes tambi\u00e9n env\u00edan a n\u00fameros extranjeros, y eso tampoco es problema\".<\/em><strong>S\u00f8ren Christensen, Director de Grandes Cuentas<\/strong><strong> Norriq.<\/strong><\/p>\t\t\n\t\t<h4>Crear una cuenta de prueba gratuita<\/h4>\n\t\t<p>S\u00f3lo le llevar\u00e1 5 minutos. Empiece ahora mismo y consiga <strong>100 SMS gratuitos<\/strong> sin condiciones.<\/p>\n\t\t\t<a href=\"https:\/\/suresms.com\/es\/cuenta-de-prueba-de-sms-gratis\/\" target=\"_self\">\n\t\t\t\t\t\t\tCrear una cuenta de prueba\n\t\t\t\t\t<\/a>\n\t\t<h4>Pida una soluci\u00f3n bidireccional<\/h4>\n\t\t<p>\u00bfYa tiene una cuenta? Pida una soluci\u00f3n bidireccional y obtenga las opciones adicionales que ofrece su propia soluci\u00f3n.\u00a0<\/p>\n\t\t\t<a href=\"https:\/\/suresms.com\/es\/orden-de-descarga-bidireccional\/\" target=\"_self\">\n\t\t\t\t\t\t\tPedir soluci\u00f3n bidireccional\n\t\t\t\t\t<\/a>\n\t<p>&gt; Volver a <a href=\"https:\/\/suresms.com\/es\/descargas-de-rama\/\">Soluciones sectoriales<\/a><\/p>","protected":false},"excerpt":{"rendered":"<p>SMS para empresas en l\u00ednea y servicios web Muchos de nuestros clientes actuales son empresas y servicios en l\u00ednea. Nuestra API se integra f\u00e1cilmente en otros sistemas, y nuestra pasarela SureSMS puede utilizarse en muchos contextos diferentes: c\u00f3digos de acceso, clubes de clientes, marketing y suscripci\u00f3n a servicios o SMS de noticias, por nombrar algunos. Ventajas: API totalmente automatizada y flexible ... <a title=\"SMS para empresas en l\u00ednea y servicios WEB\" class=\"read-more\" href=\"https:\/\/suresms.com\/es\/branchelosninger\/sms-til-online-virksomheder-og-web-services-2\/\" aria-label=\"Leer m\u00e1s sobre SMS para negocios en l\u00ednea y servicios WEB\">M\u00e1s informaci\u00f3n<\/a><\/p>","protected":false},"author":1,"featured_media":0,"parent":1654,"menu_order":5,"comment_status":"closed","ping_status":"closed","template":"","meta":{"_fl_builder_enabled":"1","_fl_builder_data":null,"_fl_builder_draft":null,"_fl_builder_data_settings":null,"_fl_builder_css":"","_fl_builder_css_version":"","_fl_builder_js":"","footnotes":""},"categories":[],"tags":[],"class_list":["post-2697","page","type-page","status-publish"],"yoast_head":"<!-- This site is optimized with the Yoast SEO Premium plugin v27.3 (Yoast SEO v27.3) - https:\/\/yoast.com\/product\/yoast-seo-premium-wordpress\/ -->\r\n<title>SMS til online virksomheder og WEB-services. Fleksibel SMS Gateway API<\/title>\r\n<meta name=\"description\" content=\"Fleksibel og veldokumenteret online SMS-l\u00f8sning. Pinkoder, nyheds-SMS og mange flere funktioner til online virksomheder og services. Opret gratis Testkonto.\" \/>\r\n<meta name=\"robots\" content=\"index, follow, max-snippet:-1, max-image-preview:large, max-video-preview:-1\" \/>\r\n<link rel=\"canonical\" href=\"https:\/\/suresms.com\/es\/descargas-de-rama\/sms-para-empresas-en-linea-y-servicios-web-2\/\" \/>\r\n<meta property=\"og:locale\" content=\"es_ES\" \/>\r\n<meta property=\"og:type\" content=\"article\" \/>\r\n<meta property=\"og:title\" content=\"SMS til Online Virksomheder og WEB services\" \/>\r\n<meta property=\"og:description\" content=\"Fleksibel og veldokumenteret online SMS-l\u00f8sning. Pinkoder, nyheds-SMS og mange flere funktioner til online virksomheder og services. Opret gratis Testkonto.\" \/>\r\n<meta property=\"og:url\" content=\"https:\/\/suresms.com\/es\/descargas-de-rama\/sms-para-empresas-en-linea-y-servicios-web-2\/\" \/>\r\n<meta property=\"article:publisher\" content=\"https:\/\/www.facebook.com\/p\/SureSMS-100044607956149\/\" \/>\r\n<meta property=\"article:modified_time\" content=\"2025-01-05T00:16:47+00:00\" \/>\r\n<meta property=\"og:image\" content=\"https:\/\/suresms.com\/wp-content\/uploads\/2016\/06\/SMS-til-butikker.jpg\" \/>\r\n\t<meta property=\"og:image:width\" content=\"400\" \/>\r\n\t<meta property=\"og:image:height\" content=\"266\" \/>\r\n\t<meta property=\"og:image:type\" content=\"image\/jpeg\" \/>\r\n<meta name=\"twitter:card\" content=\"summary_large_image\" \/>\r\n<meta name=\"twitter:label1\" content=\"Tiempo de lectura\" \/>\n\t<meta name=\"twitter:data1\" content=\"3 minutos\" \/>\r\n<script type=\"application\/ld+json\" class=\"yoast-schema-graph\">{\"@context\":\"https:\\\/\\\/schema.org\",\"@graph\":[{\"@type\":\"WebPage\",\"@id\":\"https:\\\/\\\/suresms.com\\\/dk\\\/branchelosninger\\\/sms-til-online-virksomheder-og-web-services-2\\\/\",\"url\":\"https:\\\/\\\/suresms.com\\\/dk\\\/branchelosninger\\\/sms-til-online-virksomheder-og-web-services-2\\\/\",\"name\":\"SMS til online virksomheder og WEB-services. Fleksibel SMS Gateway API\",\"isPartOf\":{\"@id\":\"https:\\\/\\\/suresms.com\\\/en\\\/#website\"},\"primaryImageOfPage\":{\"@id\":\"https:\\\/\\\/suresms.com\\\/dk\\\/branchelosninger\\\/sms-til-online-virksomheder-og-web-services-2\\\/#primaryimage\"},\"image\":{\"@id\":\"https:\\\/\\\/suresms.com\\\/dk\\\/branchelosninger\\\/sms-til-online-virksomheder-og-web-services-2\\\/#primaryimage\"},\"thumbnailUrl\":\"https:\\\/\\\/suresms.com\\\/wp-content\\\/uploads\\\/2015\\\/02\\\/norriq-logo-20x120-px.jpg\",\"datePublished\":\"2016-06-02T15:36:31+00:00\",\"dateModified\":\"2025-01-05T00:16:47+00:00\",\"description\":\"Fleksibel og veldokumenteret online SMS-l\u00f8sning. Pinkoder, nyheds-SMS og mange flere funktioner til online virksomheder og services. Opret gratis Testkonto.\",\"breadcrumb\":{\"@id\":\"https:\\\/\\\/suresms.com\\\/dk\\\/branchelosninger\\\/sms-til-online-virksomheder-og-web-services-2\\\/#breadcrumb\"},\"inLanguage\":\"es\",\"potentialAction\":[{\"@type\":\"ReadAction\",\"target\":[\"https:\\\/\\\/suresms.com\\\/dk\\\/branchelosninger\\\/sms-til-online-virksomheder-og-web-services-2\\\/\"]}]},{\"@type\":\"ImageObject\",\"inLanguage\":\"es\",\"@id\":\"https:\\\/\\\/suresms.com\\\/dk\\\/branchelosninger\\\/sms-til-online-virksomheder-og-web-services-2\\\/#primaryimage\",\"url\":\"https:\\\/\\\/suresms.com\\\/wp-content\\\/uploads\\\/2015\\\/02\\\/norriq-logo-20x120-px.jpg\",\"contentUrl\":\"https:\\\/\\\/suresms.com\\\/wp-content\\\/uploads\\\/2015\\\/02\\\/norriq-logo-20x120-px.jpg\"},{\"@type\":\"BreadcrumbList\",\"@id\":\"https:\\\/\\\/suresms.com\\\/dk\\\/branchelosninger\\\/sms-til-online-virksomheder-og-web-services-2\\\/#breadcrumb\",\"itemListElement\":[{\"@type\":\"ListItem\",\"position\":1,\"name\":\"Home\",\"item\":\"https:\\\/\\\/suresms.com\\\/dk\\\/\"},{\"@type\":\"ListItem\",\"position\":2,\"name\":\"Branchel\u00f8sninger\",\"item\":\"https:\\\/\\\/suresms.com\\\/dk\\\/branchelosninger\\\/\"},{\"@type\":\"ListItem\",\"position\":3,\"name\":\"SMS til Online Virksomheder og WEB services\"}]},{\"@type\":\"WebSite\",\"@id\":\"https:\\\/\\\/suresms.com\\\/en\\\/#website\",\"url\":\"https:\\\/\\\/suresms.com\\\/en\\\/\",\"name\":\"SureSMS\",\"description\":\"Professionel SMS Gateway\",\"publisher\":{\"@id\":\"https:\\\/\\\/suresms.com\\\/en\\\/#organization\"},\"potentialAction\":[{\"@type\":\"SearchAction\",\"target\":{\"@type\":\"EntryPoint\",\"urlTemplate\":\"https:\\\/\\\/suresms.com\\\/en\\\/?s={search_term_string}\"},\"query-input\":{\"@type\":\"PropertyValueSpecification\",\"valueRequired\":true,\"valueName\":\"search_term_string\"}}],\"inLanguage\":\"es\"},{\"@type\":\"Organization\",\"@id\":\"https:\\\/\\\/suresms.com\\\/en\\\/#organization\",\"name\":\"SureSMS\",\"url\":\"https:\\\/\\\/suresms.com\\\/en\\\/\",\"logo\":{\"@type\":\"ImageObject\",\"inLanguage\":\"es\",\"@id\":\"https:\\\/\\\/suresms.com\\\/en\\\/#\\\/schema\\\/logo\\\/image\\\/\",\"url\":\"https:\\\/\\\/suresms.com\\\/wp-content\\\/uploads\\\/2024\\\/11\\\/suresms-300x65-1.png\",\"contentUrl\":\"https:\\\/\\\/suresms.com\\\/wp-content\\\/uploads\\\/2024\\\/11\\\/suresms-300x65-1.png\",\"width\":300,\"height\":65,\"caption\":\"SureSMS\"},\"image\":{\"@id\":\"https:\\\/\\\/suresms.com\\\/en\\\/#\\\/schema\\\/logo\\\/image\\\/\"},\"sameAs\":[\"https:\\\/\\\/www.facebook.com\\\/p\\\/SureSMS-100044607956149\\\/\"]}]}<\/script>\r\n<!-- \/ Yoast SEO Premium plugin. -->","yoast_head_json":{"title":"SMS para negocios en l\u00ednea y servicios web. API de pasarela de SMS flexible","description":"Soluci\u00f3n de SMS en l\u00ednea flexible y de eficacia probada. C\u00f3digos PIN, SMS de noticias y muchas m\u00e1s funciones para empresas y servicios en l\u00ednea. Cree una cuenta de prueba gratuita.","robots":{"index":"index","follow":"follow","max-snippet":"max-snippet:-1","max-image-preview":"max-image-preview:large","max-video-preview":"max-video-preview:-1"},"canonical":"https:\/\/suresms.com\/es\/descargas-de-rama\/sms-para-empresas-en-linea-y-servicios-web-2\/","og_locale":"es_ES","og_type":"article","og_title":"SMS til Online Virksomheder og WEB services","og_description":"Fleksibel og veldokumenteret online SMS-l\u00f8sning. Pinkoder, nyheds-SMS og mange flere funktioner til online virksomheder og services. Opret gratis Testkonto.","og_url":"https:\/\/suresms.com\/es\/descargas-de-rama\/sms-para-empresas-en-linea-y-servicios-web-2\/","article_publisher":"https:\/\/www.facebook.com\/p\/SureSMS-100044607956149\/","article_modified_time":"2025-01-05T00:16:47+00:00","og_image":[{"width":400,"height":266,"url":"https:\/\/suresms.com\/wp-content\/uploads\/2016\/06\/SMS-til-butikker.jpg","type":"image\/jpeg"}],"twitter_card":"summary_large_image","twitter_misc":{"Tiempo de lectura":"3 minutos"},"schema":{"@context":"https:\/\/schema.org","@graph":[{"@type":"WebPage","@id":"https:\/\/suresms.com\/dk\/branchelosninger\/sms-til-online-virksomheder-og-web-services-2\/","url":"https:\/\/suresms.com\/dk\/branchelosninger\/sms-til-online-virksomheder-og-web-services-2\/","name":"SMS para negocios en l\u00ednea y servicios web. API de pasarela de SMS flexible","isPartOf":{"@id":"https:\/\/suresms.com\/en\/#website"},"primaryImageOfPage":{"@id":"https:\/\/suresms.com\/dk\/branchelosninger\/sms-til-online-virksomheder-og-web-services-2\/#primaryimage"},"image":{"@id":"https:\/\/suresms.com\/dk\/branchelosninger\/sms-til-online-virksomheder-og-web-services-2\/#primaryimage"},"thumbnailUrl":"https:\/\/suresms.com\/wp-content\/uploads\/2015\/02\/norriq-logo-20x120-px.jpg","datePublished":"2016-06-02T15:36:31+00:00","dateModified":"2025-01-05T00:16:47+00:00","description":"Soluci\u00f3n de SMS en l\u00ednea flexible y de eficacia probada. C\u00f3digos PIN, SMS de noticias y muchas m\u00e1s funciones para empresas y servicios en l\u00ednea. Cree una cuenta de prueba gratuita.","breadcrumb":{"@id":"https:\/\/suresms.com\/dk\/branchelosninger\/sms-til-online-virksomheder-og-web-services-2\/#breadcrumb"},"inLanguage":"es","potentialAction":[{"@type":"ReadAction","target":["https:\/\/suresms.com\/dk\/branchelosninger\/sms-til-online-virksomheder-og-web-services-2\/"]}]},{"@type":"ImageObject","inLanguage":"es","@id":"https:\/\/suresms.com\/dk\/branchelosninger\/sms-til-online-virksomheder-og-web-services-2\/#primaryimage","url":"https:\/\/suresms.com\/wp-content\/uploads\/2015\/02\/norriq-logo-20x120-px.jpg","contentUrl":"https:\/\/suresms.com\/wp-content\/uploads\/2015\/02\/norriq-logo-20x120-px.jpg"},{"@type":"BreadcrumbList","@id":"https:\/\/suresms.com\/dk\/branchelosninger\/sms-til-online-virksomheder-og-web-services-2\/#breadcrumb","itemListElement":[{"@type":"ListItem","position":1,"name":"Home","item":"https:\/\/suresms.com\/dk\/"},{"@type":"ListItem","position":2,"name":"Branchel\u00f8sninger","item":"https:\/\/suresms.com\/dk\/branchelosninger\/"},{"@type":"ListItem","position":3,"name":"SMS til Online Virksomheder og WEB services"}]},{"@type":"WebSite","@id":"https:\/\/suresms.com\/en\/#website","url":"https:\/\/suresms.com\/en\/","name":"SureSMS","description":"Pasarela SMS profesional","publisher":{"@id":"https:\/\/suresms.com\/en\/#organization"},"potentialAction":[{"@type":"SearchAction","target":{"@type":"EntryPoint","urlTemplate":"https:\/\/suresms.com\/en\/?s={search_term_string}"},"query-input":{"@type":"PropertyValueSpecification","valueRequired":true,"valueName":"search_term_string"}}],"inLanguage":"es"},{"@type":"Organization","@id":"https:\/\/suresms.com\/en\/#organization","name":"SureSMS","url":"https:\/\/suresms.com\/en\/","logo":{"@type":"ImageObject","inLanguage":"es","@id":"https:\/\/suresms.com\/en\/#\/schema\/logo\/image\/","url":"https:\/\/suresms.com\/wp-content\/uploads\/2024\/11\/suresms-300x65-1.png","contentUrl":"https:\/\/suresms.com\/wp-content\/uploads\/2024\/11\/suresms-300x65-1.png","width":300,"height":65,"caption":"SureSMS"},"image":{"@id":"https:\/\/suresms.com\/en\/#\/schema\/logo\/image\/"},"sameAs":["https:\/\/www.facebook.com\/p\/SureSMS-100044607956149\/"]}]}},"_links":{"self":[{"href":"https:\/\/suresms.com\/es\/wp-json\/wp\/v2\/pages\/2697","targetHints":{"allow":["GET"]}}],"collection":[{"href":"https:\/\/suresms.com\/es\/wp-json\/wp\/v2\/pages"}],"about":[{"href":"https:\/\/suresms.com\/es\/wp-json\/wp\/v2\/types\/page"}],"author":[{"embeddable":true,"href":"https:\/\/suresms.com\/es\/wp-json\/wp\/v2\/users\/1"}],"replies":[{"embeddable":true,"href":"https:\/\/suresms.com\/es\/wp-json\/wp\/v2\/comments?post=2697"}],"version-history":[{"count":8,"href":"https:\/\/suresms.com\/es\/wp-json\/wp\/v2\/pages\/2697\/revisions"}],"predecessor-version":[{"id":21100,"href":"https:\/\/suresms.com\/es\/wp-json\/wp\/v2\/pages\/2697\/revisions\/21100"}],"up":[{"embeddable":true,"href":"https:\/\/suresms.com\/es\/wp-json\/wp\/v2\/pages\/1654"}],"wp:attachment":[{"href":"https:\/\/suresms.com\/es\/wp-json\/wp\/v2\/media?parent=2697"}],"wp:term":[{"taxonomy":"category","embeddable":true,"href":"https:\/\/suresms.com\/es\/wp-json\/wp\/v2\/categories?post=2697"},{"taxonomy":"post_tag","embeddable":true,"href":"https:\/\/suresms.com\/es\/wp-json\/wp\/v2\/tags?post=2697"}],"curies":[{"name":"wp","href":"https:\/\/api.w.org\/{rel}","templated":true}]}}