{"id":2687,"date":"2016-06-02T10:02:29","date_gmt":"2016-06-02T08:02:29","guid":{"rendered":"https:\/\/www.suresms.com\/dk\/?page_id=2687"},"modified":"2025-01-05T00:19:16","modified_gmt":"2025-01-05T00:19:16","slug":"sms-para-empresas-manufactureras","status":"publish","type":"page","link":"https:\/\/suresms.com\/es\/branchelosninger\/sms-til-produktionsvirksomheder\/","title":{"rendered":"SMS para empresas manufactureras"},"content":{"rendered":"<!-- Flexy Breadcrumb -->\r\n\t\t\t<div class=\"fbc fbc-page\">\r\n\r\n\t\t\t\t<!-- Breadcrumb wrapper -->\r\n\t\t\t\t<div class=\"fbc-wrap\">\r\n\r\n\t\t\t\t\t<!-- Ordered list-->\r\n\t\t\t\t\t<ol class=\"fbc-items\" itemscope itemtype=\"https:\/\/schema.org\/BreadcrumbList\">\r\n\t\t\t\t\t\t            <li itemprop=\"itemListElement\" itemscope itemtype=\"https:\/\/schema.org\/ListItem\">\r\n                <span itemprop=\"name\">\r\n                    <!-- Home Link -->\r\n                    <a itemprop=\"item\" href=\"https:\/\/suresms.com\/es\/\">\r\n                    \r\n                                                    <i class=\"fa fa-home\" aria-hidden=\"true\"><\/i>Inicio                    <\/a>\r\n                <\/span>\r\n                <meta itemprop=\"position\" content=\"1\" \/><!-- Meta Position-->\r\n             <\/li><li><span class=\"fbc-separator\">\/<\/span><\/li><li class=\"active\" itemprop=\"itemListElement\" itemscope itemtype=\"https:\/\/schema.org\/ListItem\"><span itemprop=\"name\" title=\"SMS para empresas manufactureras\">SMS para empresas manufactureras<\/span><meta itemprop=\"position\" content=\"2\" \/><\/li>\t\t\t\t\t<\/ol>\r\n\t\t\t\t\t<div class=\"clearfix\"><\/div>\r\n\t\t\t\t<\/div>\r\n\t\t\t<\/div>\r\n\t\t\t\n<h1>\n\t\tSMS para empresas manufactureras\n\t<\/h1>\n\t\n\n<p><strong>En SureSMS proporcionamos SMS a empresas de fabricaci\u00f3n y negocios. Proporcionamos una pasarela estable y fiable con la m\u00e1xima calidad y supervisi\u00f3n: una soluci\u00f3n de SMS que funciona.<\/strong><\/p>\n\n<p><strong>Ventajas de la pasarela SureSMS:<\/strong><\/p>\n<ul> \t\n<li><strong>Operacionalmente estable y con el mayor tiempo de actividad posible.<\/strong><\/li>\n\n<li><b>Copias de seguridad: Tenemos copias de seguridad de todos los datos en servidores f\u00edsicos en distintas ubicaciones de Zelanda.<\/b><\/li>\n\n<li><strong>Nuestro equipo est\u00e1 formado por personas altamente cualificadas que conocen los procesos. Lo hemos hecho antes y eso se traduce en menos errores y mayor profesionalidad.<\/strong><\/li>\n\n<li><strong>Desde nuestro portal web, es f\u00e1cil trabajar con derechos de usuario flexibles. Sus empleados pueden enviar desde la misma cuenta con varios n\u00fameros de m\u00f3vil.<\/strong><\/li>\n\n<li><strong>Integraciones: Disponemos de muchas, p. ej. SAP, Oracle, SCADA y AS\/400, y si no tenemos la suya, estaremos encantados de ayudarle a crearla. Por supuesto, sin coste adicional.<\/strong><\/li>\n<\/ul>\n\n<h3>Alta fiabilidad de entrega y servicio profesional a buen precio<\/h3>\n\n<p>Tras muchos a\u00f1os en el sector, sabemos lo importante que es que su comunicaci\u00f3n NO se interrumpa. No escatimamos en equipos, supervisi\u00f3n ni horas de mano de obra. Nuestro equipo se asegura de que nuestra pasarela sea profesional, estable y ofrezca un servicio seguro.<\/p>\n\n<p>Tras m\u00e1s de 10 a\u00f1os en el sector, podemos garantizar y entregar un producto probado a fondo y desarrollado adecuadamente.  Eche un vistazo a nuestro<a title=\"Precios de las pasarelas SMS\" href=\"https:\/\/suresms.com\/es\/precios-de-las-pasarelas-sms\/\"> Precios de las pasarelas SMS <\/a>Toma.<\/p>\n<h3>Servidores supervisados y cifrado SSL de todos los datos<\/h3>\n<p>Las empresas dependen de que la comunicaci\u00f3n con clientes y proveedores sea fluida... \u00a1en todo momento!<br \/>En SureSMS, protegemos sus datos en una configuraci\u00f3n de servidor redundante en servidores f\u00edsicos daneses. Esto significa que tenemos todos los datos ubicados f\u00edsicamente en servidores instalados en dos centros de datos diferentes. Si algo le ocurriera a sus datos, siempre tendremos una copia de seguridad completa. Por supuesto, tenemos los mejores sistemas de alarma para la supervisi\u00f3n, pero todas las m\u00e1quinas pueden fallar. <strong>Por eso SIEMPRE tenemos personas competentes supervisando el tr\u00e1fico y los servidores las 24 horas del d\u00eda.<\/strong><\/p>\n<p>Lo \u00faltimo <strong>Cifrado SSL<\/strong> garantiza la protecci\u00f3n de sus datos cuando accede a ellos a trav\u00e9s de Internet. Normalmente guardamos todos los mensajes para que siempre tenga una visi\u00f3n completa de los mensajes enviados desde nuestro portal web. Si lo desea, disponemos de una funci\u00f3n que borra los mensajes de nuestros servidores en cuanto se env\u00edan. P\u00f3ngase en contacto con nuestro servicio de asistencia si desea utilizar esta funci\u00f3n.<\/p>\n<h3>Interfaz de usuario sencilla y clara en el portal WEB<\/h3>\n<p>Nuestra sencilla y clara interfaz en el portal WEB SureSMS facilita el env\u00edo de mensajes SMS a las personas o grupos con los que necesitas comunicarte. Puede mantener una visi\u00f3n general desde su ordenador. Nuestro portal web puede utilizarse desde PC, iPad o smartphones.<\/p>\n<p>Tanto si necesita enviar mensajes a empleados, conductores o clientes, como si el tel\u00e9fono al que los env\u00eda es dan\u00e9s o extranjero, est\u00e9 donde est\u00e9, sus mensajes llegar\u00e1n. Siempre que el tel\u00e9fono est\u00e9 encendido en el otro extremo.<\/p>\n<h3>Realizamos integraciones con la mayor\u00eda de los sistemas<\/h3>\n<p>Nuestra pasarela SMS puede integrarse f\u00e1cilmente en los procesos y sistemas existentes para garantizar una comunicaci\u00f3n r\u00e1pida y estable en la pr\u00e1ctica diaria. Disponemos de una excelente API e integraciones con SAP, Oracle, SCADA y AS\/400, y siempre estaremos encantados de ayudarle si necesita integrarse en un nuevo sistema. <a title=\"Asistencia telef\u00f3nica y por correo electr\u00f3nico 24 horas al d\u00eda, 7 d\u00edas a la semana\" href=\"https:\/\/suresms.com\/es\/soporte-suresms\/\">P\u00f3ngase en contacto con nuestro servicio de asistencia<\/a>. Nuestros desarrolladores est\u00e1n a su disposici\u00f3n para ayudarle y aconsejarle.<\/p>\n<h3>Funci\u00f3n de grupo: Comunicaci\u00f3n a los empleados<\/h3>\n<p>Desde nuestro portal web puede utilizar la funci\u00f3n <a title=\"GroupSMS: Crear y enviar a grupos\" href=\"https:\/\/suresms.com\/es\/grupo-sms\/\">Crear y enviar SMS a grupos<\/a>. Una funci\u00f3n que puede utilizarse de muchas maneras. Varias empresas lo utilizan para comunicarse con sus empleados. Los tel\u00e9fonos m\u00f3viles se han convertido en el medio natural de comunicaci\u00f3n para la informaci\u00f3n pr\u00e1ctica, as\u00ed como para la comunicaci\u00f3n m\u00e1s social.<\/p>\n<h3>Empiece ahora mismo<\/h3>\n<p>Empezar a utilizar nuestra SMS Gateway es r\u00e1pido y sencillo, y no hay ning\u00fan coste asociado a la prueba de nuestro producto.<\/p>\n<p>Rellenando nuestro enlace para obtener una cuenta de prueba gratuita, podr\u00e1s empezar en 5 minutos. Te daremos 50 SMS gratis para que puedas juzgar r\u00e1pidamente nuestro servicio y calidad por ti mismo. Si tienes alguna pregunta, recuerda que siempre estamos aqu\u00ed para ayudarte y que contamos con a\u00f1os de experiencia de nuestros otros clientes en el sector.<\/p>\n\n\t\t\t<p><a href=\"https:\/\/suresms.com\/wp-content\/uploads\/2016\/01\/Herning-Varmforsinkning-100-px.jpg\"><img loading=\"lazy\" decoding=\"async\" src=\"https:\/\/suresms.com\/wp-content\/uploads\/2016\/01\/Herning-Varmforsinkning-100-px.jpg\" alt=\"Herning Disipador de calor 100 px\" width=\"100\" height=\"99\" \/><\/a><\/p>\n<p>Herning Varmforzinkning env\u00eda mensajes a sus clientes a trav\u00e9s de Email2SMS. Los clientes reciben un mensaje flash en su tel\u00e9fono m\u00f3vil cuando se completa un pedido.<\/p>\n<em>\"Deber\u00eda haber m\u00e1s empresas de TI como ustedes.<br \/>\n- Es muy flexible\".<\/em>\n<p><strong>Bjarne J\u00f8rgensen, Director General Director General<\/strong><\/p>\n<p><strong>Herning Galvanizaci\u00f3n en caliente.<\/strong><\/p>\n\t\t<h4>Crear una cuenta de prueba gratuita<\/h4>\n\t\t<p>S\u00f3lo le llevar\u00e1 5 minutos. Empiece ahora mismo y consiga <strong>100 SMS gratuitos<\/strong> sin condiciones.<\/p>\n\t\t\t<a href=\"https:\/\/suresms.com\/es\/cuenta-de-prueba-de-sms-gratis\/\" target=\"_self\">\n\t\t\t\t\t\t\tCrear una cuenta de prueba\n\t\t\t\t\t<\/a>\n\t\t<h4>Pida una soluci\u00f3n bidireccional<\/h4>\n\t\t<p>\u00bfYa tiene una cuenta? Pida una soluci\u00f3n bidireccional y obtenga las opciones adicionales que ofrece su propia soluci\u00f3n.\u00a0<\/p>\n\t\t\t<a href=\"https:\/\/suresms.com\/es\/orden-de-descarga-bidireccional\/\" target=\"_self\">\n\t\t\t\t\t\t\tPedir soluci\u00f3n bidireccional\n\t\t\t\t\t<\/a>\n\t<p>&gt; Volver a <a href=\"https:\/\/suresms.com\/es\/descargas-de-rama\/\">Soluciones sectoriales<\/a><\/p>","protected":false},"excerpt":{"rendered":"<p>SMS para empresas y negocios de fabricaci\u00f3n En SureSMS ofrecemos SMS para empresas y negocios de fabricaci\u00f3n. Proporcionamos una pasarela estable y fiable con la m\u00e1xima calidad y supervisi\u00f3n: una soluci\u00f3n SMS que funciona. Ventajas de la pasarela SureSMS: Estabilidad operativa y el mayor tiempo de actividad posible. Copia de seguridad: Hacemos copias de seguridad de todos los datos en servidores f\u00edsicos en diferentes ubicaciones... <a title=\"SMS para empresas manufactureras\" class=\"read-more\" href=\"https:\/\/suresms.com\/es\/branchelosninger\/sms-til-produktionsvirksomheder\/\" aria-label=\"Leer m\u00e1s sobre SMS para empresas manufactureras\">M\u00e1s informaci\u00f3n<\/a><\/p>","protected":false},"author":1,"featured_media":0,"parent":1654,"menu_order":6,"comment_status":"closed","ping_status":"closed","template":"","meta":{"_fl_builder_enabled":"1","_fl_builder_data":null,"_fl_builder_draft":null,"_fl_builder_data_settings":null,"_fl_builder_css":"","_fl_builder_css_version":"","_fl_builder_js":"","footnotes":""},"categories":[],"tags":[],"class_list":["post-2687","page","type-page","status-publish"],"yoast_head":"<!-- This site is optimized with the Yoast SEO Premium plugin v27.3 (Yoast SEO v27.3) - https:\/\/yoast.com\/product\/yoast-seo-premium-wordpress\/ -->\r\n<title>SMS til Produktionsvirksomheder - SureSMS. Stabil og driftssikker SMS<\/title>\r\n<meta name=\"description\" content=\"Driftstabil og fleksibel online SMS Gateway. H\u00f8j leveringssikkerhed og professionel service til god pris. Bedste leverand\u00f8rer giver h\u00f8jest mulige oppetid.\" \/>\r\n<meta name=\"robots\" content=\"index, follow, max-snippet:-1, max-image-preview:large, max-video-preview:-1\" \/>\r\n<link rel=\"canonical\" href=\"https:\/\/suresms.com\/es\/descargas-de-rama\/sms-para-empresas-manufactureras\/\" \/>\r\n<meta property=\"og:locale\" content=\"es_ES\" \/>\r\n<meta property=\"og:type\" content=\"article\" \/>\r\n<meta property=\"og:title\" content=\"SMS til Produktionsvirksomheder\" \/>\r\n<meta property=\"og:description\" content=\"Driftstabil og fleksibel online SMS Gateway. H\u00f8j leveringssikkerhed og professionel service til god pris. Bedste leverand\u00f8rer giver h\u00f8jest mulige oppetid.\" \/>\r\n<meta property=\"og:url\" content=\"https:\/\/suresms.com\/es\/descargas-de-rama\/sms-para-empresas-manufactureras\/\" \/>\r\n<meta property=\"article:publisher\" content=\"https:\/\/www.facebook.com\/p\/SureSMS-100044607956149\/\" \/>\r\n<meta property=\"article:modified_time\" content=\"2025-01-05T00:19:16+00:00\" \/>\r\n<meta property=\"og:image\" content=\"https:\/\/suresms.com\/wp-content\/uploads\/2016\/06\/sms-til-produktionsvirksomheder-snippet.jpg\" \/>\r\n\t<meta property=\"og:image:width\" content=\"400\" \/>\r\n\t<meta property=\"og:image:height\" content=\"266\" \/>\r\n\t<meta property=\"og:image:type\" content=\"image\/jpeg\" \/>\r\n<meta name=\"twitter:card\" content=\"summary_large_image\" \/>\r\n<meta name=\"twitter:label1\" content=\"Tiempo de lectura\" \/>\n\t<meta name=\"twitter:data1\" content=\"4 minutos\" \/>\r\n<script type=\"application\/ld+json\" class=\"yoast-schema-graph\">{\"@context\":\"https:\\\/\\\/schema.org\",\"@graph\":[{\"@type\":\"WebPage\",\"@id\":\"https:\\\/\\\/suresms.com\\\/dk\\\/branchelosninger\\\/sms-til-produktionsvirksomheder\\\/\",\"url\":\"https:\\\/\\\/suresms.com\\\/dk\\\/branchelosninger\\\/sms-til-produktionsvirksomheder\\\/\",\"name\":\"SMS til Produktionsvirksomheder - SureSMS. Stabil og driftssikker SMS\",\"isPartOf\":{\"@id\":\"https:\\\/\\\/suresms.com\\\/en\\\/#website\"},\"primaryImageOfPage\":{\"@id\":\"https:\\\/\\\/suresms.com\\\/dk\\\/branchelosninger\\\/sms-til-produktionsvirksomheder\\\/#primaryimage\"},\"image\":{\"@id\":\"https:\\\/\\\/suresms.com\\\/dk\\\/branchelosninger\\\/sms-til-produktionsvirksomheder\\\/#primaryimage\"},\"thumbnailUrl\":\"https:\\\/\\\/suresms.com\\\/wp-content\\\/uploads\\\/2016\\\/01\\\/Herning-Varmforsinkning-100-px.jpg\",\"datePublished\":\"2016-06-02T08:02:29+00:00\",\"dateModified\":\"2025-01-05T00:19:16+00:00\",\"description\":\"Driftstabil og fleksibel online SMS Gateway. H\u00f8j leveringssikkerhed og professionel service til god pris. Bedste leverand\u00f8rer giver h\u00f8jest mulige oppetid.\",\"breadcrumb\":{\"@id\":\"https:\\\/\\\/suresms.com\\\/dk\\\/branchelosninger\\\/sms-til-produktionsvirksomheder\\\/#breadcrumb\"},\"inLanguage\":\"es\",\"potentialAction\":[{\"@type\":\"ReadAction\",\"target\":[\"https:\\\/\\\/suresms.com\\\/dk\\\/branchelosninger\\\/sms-til-produktionsvirksomheder\\\/\"]}]},{\"@type\":\"ImageObject\",\"inLanguage\":\"es\",\"@id\":\"https:\\\/\\\/suresms.com\\\/dk\\\/branchelosninger\\\/sms-til-produktionsvirksomheder\\\/#primaryimage\",\"url\":\"https:\\\/\\\/suresms.com\\\/wp-content\\\/uploads\\\/2016\\\/01\\\/Herning-Varmforsinkning-100-px.jpg\",\"contentUrl\":\"https:\\\/\\\/suresms.com\\\/wp-content\\\/uploads\\\/2016\\\/01\\\/Herning-Varmforsinkning-100-px.jpg\"},{\"@type\":\"BreadcrumbList\",\"@id\":\"https:\\\/\\\/suresms.com\\\/dk\\\/branchelosninger\\\/sms-til-produktionsvirksomheder\\\/#breadcrumb\",\"itemListElement\":[{\"@type\":\"ListItem\",\"position\":1,\"name\":\"Home\",\"item\":\"https:\\\/\\\/suresms.com\\\/dk\\\/\"},{\"@type\":\"ListItem\",\"position\":2,\"name\":\"Branchel\u00f8sninger\",\"item\":\"https:\\\/\\\/suresms.com\\\/dk\\\/branchelosninger\\\/\"},{\"@type\":\"ListItem\",\"position\":3,\"name\":\"SMS til Produktionsvirksomheder\"}]},{\"@type\":\"WebSite\",\"@id\":\"https:\\\/\\\/suresms.com\\\/en\\\/#website\",\"url\":\"https:\\\/\\\/suresms.com\\\/en\\\/\",\"name\":\"SureSMS\",\"description\":\"Professionel SMS Gateway\",\"publisher\":{\"@id\":\"https:\\\/\\\/suresms.com\\\/en\\\/#organization\"},\"potentialAction\":[{\"@type\":\"SearchAction\",\"target\":{\"@type\":\"EntryPoint\",\"urlTemplate\":\"https:\\\/\\\/suresms.com\\\/en\\\/?s={search_term_string}\"},\"query-input\":{\"@type\":\"PropertyValueSpecification\",\"valueRequired\":true,\"valueName\":\"search_term_string\"}}],\"inLanguage\":\"es\"},{\"@type\":\"Organization\",\"@id\":\"https:\\\/\\\/suresms.com\\\/en\\\/#organization\",\"name\":\"SureSMS\",\"url\":\"https:\\\/\\\/suresms.com\\\/en\\\/\",\"logo\":{\"@type\":\"ImageObject\",\"inLanguage\":\"es\",\"@id\":\"https:\\\/\\\/suresms.com\\\/en\\\/#\\\/schema\\\/logo\\\/image\\\/\",\"url\":\"https:\\\/\\\/suresms.com\\\/wp-content\\\/uploads\\\/2024\\\/11\\\/suresms-300x65-1.png\",\"contentUrl\":\"https:\\\/\\\/suresms.com\\\/wp-content\\\/uploads\\\/2024\\\/11\\\/suresms-300x65-1.png\",\"width\":300,\"height\":65,\"caption\":\"SureSMS\"},\"image\":{\"@id\":\"https:\\\/\\\/suresms.com\\\/en\\\/#\\\/schema\\\/logo\\\/image\\\/\"},\"sameAs\":[\"https:\\\/\\\/www.facebook.com\\\/p\\\/SureSMS-100044607956149\\\/\"]}]}<\/script>\r\n<!-- \/ Yoast SEO Premium plugin. -->","yoast_head_json":{"title":"SMS para empresas de fabricaci\u00f3n - SureSMS. SMS estables y fiables","description":"Pasarela SMS en l\u00ednea estable y flexible. Alta fiabilidad de entrega y servicio profesional a buen precio. Los mejores proveedores proporcionan el mayor tiempo de actividad posible.","robots":{"index":"index","follow":"follow","max-snippet":"max-snippet:-1","max-image-preview":"max-image-preview:large","max-video-preview":"max-video-preview:-1"},"canonical":"https:\/\/suresms.com\/es\/descargas-de-rama\/sms-para-empresas-manufactureras\/","og_locale":"es_ES","og_type":"article","og_title":"SMS til Produktionsvirksomheder","og_description":"Driftstabil og fleksibel online SMS Gateway. H\u00f8j leveringssikkerhed og professionel service til god pris. Bedste leverand\u00f8rer giver h\u00f8jest mulige oppetid.","og_url":"https:\/\/suresms.com\/es\/descargas-de-rama\/sms-para-empresas-manufactureras\/","article_publisher":"https:\/\/www.facebook.com\/p\/SureSMS-100044607956149\/","article_modified_time":"2025-01-05T00:19:16+00:00","og_image":[{"width":400,"height":266,"url":"https:\/\/suresms.com\/wp-content\/uploads\/2016\/06\/sms-til-produktionsvirksomheder-snippet.jpg","type":"image\/jpeg"}],"twitter_card":"summary_large_image","twitter_misc":{"Tiempo de lectura":"4 minutos"},"schema":{"@context":"https:\/\/schema.org","@graph":[{"@type":"WebPage","@id":"https:\/\/suresms.com\/dk\/branchelosninger\/sms-til-produktionsvirksomheder\/","url":"https:\/\/suresms.com\/dk\/branchelosninger\/sms-til-produktionsvirksomheder\/","name":"SMS para empresas de fabricaci\u00f3n - SureSMS. SMS estables y fiables","isPartOf":{"@id":"https:\/\/suresms.com\/en\/#website"},"primaryImageOfPage":{"@id":"https:\/\/suresms.com\/dk\/branchelosninger\/sms-til-produktionsvirksomheder\/#primaryimage"},"image":{"@id":"https:\/\/suresms.com\/dk\/branchelosninger\/sms-til-produktionsvirksomheder\/#primaryimage"},"thumbnailUrl":"https:\/\/suresms.com\/wp-content\/uploads\/2016\/01\/Herning-Varmforsinkning-100-px.jpg","datePublished":"2016-06-02T08:02:29+00:00","dateModified":"2025-01-05T00:19:16+00:00","description":"Pasarela SMS en l\u00ednea estable y flexible. Alta fiabilidad de entrega y servicio profesional a buen precio. Los mejores proveedores proporcionan el mayor tiempo de actividad posible.","breadcrumb":{"@id":"https:\/\/suresms.com\/dk\/branchelosninger\/sms-til-produktionsvirksomheder\/#breadcrumb"},"inLanguage":"es","potentialAction":[{"@type":"ReadAction","target":["https:\/\/suresms.com\/dk\/branchelosninger\/sms-til-produktionsvirksomheder\/"]}]},{"@type":"ImageObject","inLanguage":"es","@id":"https:\/\/suresms.com\/dk\/branchelosninger\/sms-til-produktionsvirksomheder\/#primaryimage","url":"https:\/\/suresms.com\/wp-content\/uploads\/2016\/01\/Herning-Varmforsinkning-100-px.jpg","contentUrl":"https:\/\/suresms.com\/wp-content\/uploads\/2016\/01\/Herning-Varmforsinkning-100-px.jpg"},{"@type":"BreadcrumbList","@id":"https:\/\/suresms.com\/dk\/branchelosninger\/sms-til-produktionsvirksomheder\/#breadcrumb","itemListElement":[{"@type":"ListItem","position":1,"name":"Home","item":"https:\/\/suresms.com\/dk\/"},{"@type":"ListItem","position":2,"name":"Branchel\u00f8sninger","item":"https:\/\/suresms.com\/dk\/branchelosninger\/"},{"@type":"ListItem","position":3,"name":"SMS til Produktionsvirksomheder"}]},{"@type":"WebSite","@id":"https:\/\/suresms.com\/en\/#website","url":"https:\/\/suresms.com\/en\/","name":"SureSMS","description":"Pasarela SMS profesional","publisher":{"@id":"https:\/\/suresms.com\/en\/#organization"},"potentialAction":[{"@type":"SearchAction","target":{"@type":"EntryPoint","urlTemplate":"https:\/\/suresms.com\/en\/?s={search_term_string}"},"query-input":{"@type":"PropertyValueSpecification","valueRequired":true,"valueName":"search_term_string"}}],"inLanguage":"es"},{"@type":"Organization","@id":"https:\/\/suresms.com\/en\/#organization","name":"SureSMS","url":"https:\/\/suresms.com\/en\/","logo":{"@type":"ImageObject","inLanguage":"es","@id":"https:\/\/suresms.com\/en\/#\/schema\/logo\/image\/","url":"https:\/\/suresms.com\/wp-content\/uploads\/2024\/11\/suresms-300x65-1.png","contentUrl":"https:\/\/suresms.com\/wp-content\/uploads\/2024\/11\/suresms-300x65-1.png","width":300,"height":65,"caption":"SureSMS"},"image":{"@id":"https:\/\/suresms.com\/en\/#\/schema\/logo\/image\/"},"sameAs":["https:\/\/www.facebook.com\/p\/SureSMS-100044607956149\/"]}]}},"_links":{"self":[{"href":"https:\/\/suresms.com\/es\/wp-json\/wp\/v2\/pages\/2687","targetHints":{"allow":["GET"]}}],"collection":[{"href":"https:\/\/suresms.com\/es\/wp-json\/wp\/v2\/pages"}],"about":[{"href":"https:\/\/suresms.com\/es\/wp-json\/wp\/v2\/types\/page"}],"author":[{"embeddable":true,"href":"https:\/\/suresms.com\/es\/wp-json\/wp\/v2\/users\/1"}],"replies":[{"embeddable":true,"href":"https:\/\/suresms.com\/es\/wp-json\/wp\/v2\/comments?post=2687"}],"version-history":[{"count":2,"href":"https:\/\/suresms.com\/es\/wp-json\/wp\/v2\/pages\/2687\/revisions"}],"predecessor-version":[{"id":21218,"href":"https:\/\/suresms.com\/es\/wp-json\/wp\/v2\/pages\/2687\/revisions\/21218"}],"up":[{"embeddable":true,"href":"https:\/\/suresms.com\/es\/wp-json\/wp\/v2\/pages\/1654"}],"wp:attachment":[{"href":"https:\/\/suresms.com\/es\/wp-json\/wp\/v2\/media?parent=2687"}],"wp:term":[{"taxonomy":"category","embeddable":true,"href":"https:\/\/suresms.com\/es\/wp-json\/wp\/v2\/categories?post=2687"},{"taxonomy":"post_tag","embeddable":true,"href":"https:\/\/suresms.com\/es\/wp-json\/wp\/v2\/tags?post=2687"}],"curies":[{"name":"wp","href":"https:\/\/api.w.org\/{rel}","templated":true}]}}