{"id":2681,"date":"2016-06-01T17:49:00","date_gmt":"2016-06-01T15:49:00","guid":{"rendered":"https:\/\/www.suresms.com\/dk\/?page_id=2681"},"modified":"2025-01-03T14:16:29","modified_gmt":"2025-01-03T14:16:29","slug":"sms-para-empresas-de-servicios","status":"publish","type":"page","link":"https:\/\/suresms.com\/es\/branchelosninger\/sms-til-servicevirksomheder\/","title":{"rendered":"SMS para empresas de servicios"},"content":{"rendered":"<!-- Flexy Breadcrumb -->\r\n\t\t\t<div class=\"fbc fbc-page\">\r\n\r\n\t\t\t\t<!-- Breadcrumb wrapper -->\r\n\t\t\t\t<div class=\"fbc-wrap\">\r\n\r\n\t\t\t\t\t<!-- Ordered list-->\r\n\t\t\t\t\t<ol class=\"fbc-items\" itemscope itemtype=\"https:\/\/schema.org\/BreadcrumbList\">\r\n\t\t\t\t\t\t            <li itemprop=\"itemListElement\" itemscope itemtype=\"https:\/\/schema.org\/ListItem\">\r\n                <span itemprop=\"name\">\r\n                    <!-- Home Link -->\r\n                    <a itemprop=\"item\" href=\"https:\/\/suresms.com\/es\/\">\r\n                    \r\n                                                    <i class=\"fa fa-home\" aria-hidden=\"true\"><\/i>Inicio                    <\/a>\r\n                <\/span>\r\n                <meta itemprop=\"position\" content=\"1\" \/><!-- Meta Position-->\r\n             <\/li><li><span class=\"fbc-separator\">\/<\/span><\/li><li class=\"active\" itemprop=\"itemListElement\" itemscope itemtype=\"https:\/\/schema.org\/ListItem\"><span itemprop=\"name\" title=\"SMS para empresas de servicios\">SMS para empresas de servicios<\/span><meta itemprop=\"position\" content=\"2\" \/><\/li>\t\t\t\t\t<\/ol>\r\n\t\t\t\t\t<div class=\"clearfix\"><\/div>\r\n\t\t\t\t<\/div>\r\n\t\t\t<\/div>\r\n\t\t\t\n<h1>\n\t\tSMS para empresas de servicios\n\t<\/h1>\n<p><strong>Talleres de reparaci\u00f3n de coches, dentistas, peluquer\u00edas, cl\u00ednicas y terapeutas. Si necesitas SMS online para empresas de servicios, una pasarela SMS es la soluci\u00f3n \u00f3ptima. Con una soluci\u00f3n SureSMS, puedes enviar mensajes SMS a tus clientes de forma f\u00e1cil y econ\u00f3mica desde tu PC.<\/strong><\/p>\n<p>Nuestra sencilla y directa interfaz facilita el env\u00edo de mensajes SMS exactamente a las personas del grupo con las que quieres comunicarte. Todo lo que necesitas es Internet. No necesitas instalar ning\u00fan software ni programa para empezar.<\/p>\n<p><strong>Ventajas:\u00a0<\/strong><\/p>\n<ul>\n<li><strong>Programe el env\u00edo de mensajes: env\u00ede recordatorios de citas y evite cancelaciones innecesarias.<\/strong><\/li>\n<li><strong>Genere ingresos: env\u00ede grandes ofertas y boletines a los clientes a trav\u00e9s de nuestra funci\u00f3n de grupo.<\/strong><\/li>\n<li><strong>Env\u00ede f\u00e1cilmente mensajes personalizados a grupos desde nuestro portal web con la funci\u00f3n Combinar nombres.<\/strong><\/li>\n<li><strong>Realice encuestas de satisfacci\u00f3n sobre su servicio. Env\u00ede y reciba mensajes del cliente con una soluci\u00f3n bidireccional.<\/strong><\/li>\n<li><strong>Y nuestro portal web puede utilizarse desde PC, iPad o tel\u00e9fonos inteligentes.<\/strong><\/li>\n<\/ul>\n<p>Por supuesto, nuestro servicio tambi\u00e9n puede integrarse con su sistema actual a trav\u00e9s de nuestra API SureSMS. <a title=\"P\u00f3ngase en contacto con nosotros\" href=\"https:\/\/suresms.com\/es\/pongase-en-contacto-con\/\">P\u00f3ngase en contacto con nosotros<\/a> para charlar si desea integrar nuestros SMS en su sistema.<\/p>\n<h3>Env\u00ede recordatorios de citas: evite cancelaciones<\/h3>\n<p>Toda empresa de servicios depende de que los clientes acudan, y lo hagan a tiempo. Cada vez que un cliente no se presenta a la hora acordada, puede poner en peligro la planificaci\u00f3n y los ingresos. Evite perder tiempo y recursos enviando recordatorios a sus clientes. Un peque\u00f1o SMS con control de tiempo puede garantizar que el cliente se presente o se acuerde de enviar una cancelaci\u00f3n a tiempo.<\/p>\n<h3>Funciones de grupo<\/h3>\n<p>Desde nuestro portal web puede utilizar la funci\u00f3n <a title=\"GroupSMS: Crear y enviar a grupos\" href=\"https:\/\/suresms.com\/es\/grupo-sms\/\">Crear y enviar SMS a grupos<\/a>. Puede ser el peluquero que quiere enviar una oferta especial, el fisioterapeuta con un mensaje para el equipo del lunes o el mec\u00e1nico de coches que quiere ponerse en contacto con los clientes a los que cambi\u00f3 los neum\u00e1ticos de invierno el a\u00f1o pasado. Organizando tus contactos en grupos, puedes enviar un SMS de grupo a todo el grupo con s\u00f3lo escribir un SMS. Por supuesto, puedes programar el env\u00edo de un mensaje a un intervalo fijo: por ejemplo, semanal, mensual o anualmente.<\/p>\n<h3>C\u00f3mo inscribirse<\/h3>\n<p>Con nuestro <a title=\"SMS bidireccionales, recibe SMS en tu ordenador\" href=\"https:\/\/suresms.com\/es\/caracteristicas\/recibe-mensajes-de-texto-en-tu-ordenador\/\">Soluci\u00f3n SMS bidireccional <\/a>los miembros pueden inscribirse en una lista y dar su opini\u00f3n ellos mismos. Tambi\u00e9n puede a\u00f1adir un peque\u00f1o c\u00f3digo a su propio sitio web para que los miembros puedan inscribirse all\u00ed.<\/p>\n<p>Tal vez ya tengas todos tus socios en una hoja de c\u00e1lculo. Puedes cargarla en nuestro sistema para empezar r\u00e1pidamente con tus clubes SMS.<\/p>\n<h3>Cree encuestas de satisfacci\u00f3n para sus clientes<\/h3>\nPara muchas empresas de servicios es importante evaluar la buena experiencia que ha tenido el cliente tras adquirir un servicio. Por ejemplo <strong>talleres mec\u00e1nicos<\/strong> que utilizan nuestra soluci\u00f3n bidireccional. Tras recoger el coche, el cliente recibe un mensaje:<br \/>\n<strong>\"\u00bfHa quedado satisfecho con nuestro servicio? Responda S\u00cd o NO\".<\/strong><br \/>\nDe este modo, el mec\u00e1nico tiene la oportunidad de reaccionar y mantener una alta calidad de servicio en su negocio.\n<h3>Nombre del remitente<\/h3>\n<p>Puedes decidir qui\u00e9n debe ser el remitente del mensaje. Si tienes un club de clientes, puede ser el nombre de la empresa, el n\u00famero de tel\u00e9fono u otra cosa.  La \u00fanica limitaci\u00f3n es que las empresas de telecomunicaciones permiten un m\u00e1ximo de 11 caracteres en el remitente.<\/p>\n<h3>Crear una cuenta gratuita en 5 minutos<\/h3>\n<p><strong> Cree una cuenta de prueba gratuita y juzgue usted mismo. No hay costes ocultos ni ataduras. No dude en ponerse en contacto con nosotros si tiene alguna pregunta. Estamos deseando ayudarte.<\/strong><\/p>\n\t\t\t<p><img loading=\"lazy\" decoding=\"async\" src=\"https:\/\/suresms.com\/wp-content\/uploads\/2016\/06\/Frisoergaarden-1.jpg\" alt=\"\" width=\"100\" height=\"100\" \/><em>\"Despu\u00e9s de cambiar de Clickatell a SureSMS, ya no tenemos problemas con nuestro sistema de SMS, as\u00ed que ojal\u00e1 lo hubi\u00e9ramos hecho hace mucho tiempo.<\/em><em>Gracias por una soluci\u00f3n estable y buena que adem\u00e1s es asequible\".<\/em><strong>Julie Thorsen, Maestra peluquera<\/strong><strong>Fris\u00f8rg\u00e5rden.dk, Holb\u00e6k, Dinamarca<\/strong><\/p>\t\t\n\t\t<h4>Crear una cuenta de prueba gratuita<\/h4>\n\t\t<p>S\u00f3lo le llevar\u00e1 5 minutos. Empiece ahora mismo y consiga <strong>50 SMS gratuitos<\/strong> sin condiciones.<\/p>\n\t\t\t<a href=\"https:\/\/suresms.com\/es\/cuenta-de-prueba-de-sms-gratis\/\" target=\"_self\">\n\t\t\t\t\t\t\tCrear una cuenta de prueba\n\t\t\t\t\t<\/a>","protected":false},"excerpt":{"rendered":"<p>SMS para empresas de servicios Talleres mec\u00e1nicos, dentistas, peluquer\u00edas, cl\u00ednicas y terapeutas. Si necesitas SMS online para empresas de servicios, una pasarela SMS es la soluci\u00f3n \u00f3ptima. Con una soluci\u00f3n SureSMS, puedes enviar mensajes SMS a tus clientes de forma f\u00e1cil y econ\u00f3mica desde tu PC. Nuestra sencilla y clara interfaz de usuario facilita el env\u00edo de mensajes SMS exactamente a las personas adecuadas... <a title=\"SMS para empresas de servicios\" class=\"read-more\" href=\"https:\/\/suresms.com\/es\/branchelosninger\/sms-til-servicevirksomheder\/\" aria-label=\"Leer m\u00e1s sobre SMS para empresas de servicios\">M\u00e1s informaci\u00f3n<\/a><\/p>","protected":false},"author":1,"featured_media":0,"parent":1654,"menu_order":1,"comment_status":"closed","ping_status":"closed","template":"","meta":{"_fl_builder_enabled":"1","_fl_builder_data":null,"_fl_builder_draft":null,"_fl_builder_data_settings":null,"_fl_builder_css":"","_fl_builder_css_version":"","_fl_builder_js":"","footnotes":""},"categories":[],"tags":[],"class_list":["post-2681","page","type-page","status-publish"],"yoast_head":"<!-- This site is optimized with the Yoast SEO Premium plugin v27.3 (Yoast SEO v27.3) - https:\/\/yoast.com\/product\/yoast-seo-premium-wordpress\/ -->\r\n<title>Sms til servicevirksomheder. Fleksibel og billig SMS online. SureSMS<\/title>\r\n<meta name=\"description\" content=\"Autov\u00e6rksteder, tandl\u00e6ger, fris\u00f8rer, klinikker .Send nemt og billigt p\u00e5mindelser og personlige SMS&#039;er til kunder direkte fra din PC. Opret gratis Testkonto!\" \/>\r\n<meta name=\"robots\" content=\"index, follow, max-snippet:-1, max-image-preview:large, max-video-preview:-1\" \/>\r\n<link rel=\"canonical\" href=\"https:\/\/suresms.com\/es\/descargas-de-rama\/sms-para-empresas-de-servicios\/\" \/>\r\n<meta property=\"og:locale\" content=\"es_ES\" \/>\r\n<meta property=\"og:type\" content=\"article\" \/>\r\n<meta property=\"og:title\" content=\"SMS til Servicevirksomheder\" \/>\r\n<meta property=\"og:description\" content=\"Autov\u00e6rksteder, tandl\u00e6ger, fris\u00f8rer, klinikker .Send nemt og billigt p\u00e5mindelser og personlige SMS&#039;er til kunder direkte fra din PC. Opret gratis Testkonto!\" \/>\r\n<meta property=\"og:url\" content=\"https:\/\/suresms.com\/es\/descargas-de-rama\/sms-para-empresas-de-servicios\/\" \/>\r\n<meta property=\"article:publisher\" content=\"https:\/\/www.facebook.com\/p\/SureSMS-100044607956149\/\" \/>\r\n<meta property=\"article:modified_time\" content=\"2025-01-03T14:16:29+00:00\" \/>\r\n<meta property=\"og:image\" content=\"https:\/\/suresms.com\/wp-content\/uploads\/2016\/06\/sms-til-service-snippet.jpg\" \/>\r\n\t<meta property=\"og:image:width\" content=\"400\" \/>\r\n\t<meta property=\"og:image:height\" content=\"266\" \/>\r\n\t<meta property=\"og:image:type\" content=\"image\/jpeg\" \/>\r\n<meta name=\"twitter:card\" content=\"summary_large_image\" \/>\r\n<meta name=\"twitter:label1\" content=\"Tiempo de lectura\" \/>\n\t<meta name=\"twitter:data1\" content=\"3 minutos\" \/>\r\n<script type=\"application\/ld+json\" class=\"yoast-schema-graph\">{\"@context\":\"https:\\\/\\\/schema.org\",\"@graph\":[{\"@type\":\"WebPage\",\"@id\":\"https:\\\/\\\/suresms.com\\\/dk\\\/branchelosninger\\\/sms-til-servicevirksomheder\\\/\",\"url\":\"https:\\\/\\\/suresms.com\\\/dk\\\/branchelosninger\\\/sms-til-servicevirksomheder\\\/\",\"name\":\"Sms til servicevirksomheder. Fleksibel og billig SMS online. SureSMS\",\"isPartOf\":{\"@id\":\"https:\\\/\\\/suresms.com\\\/en\\\/#website\"},\"primaryImageOfPage\":{\"@id\":\"https:\\\/\\\/suresms.com\\\/dk\\\/branchelosninger\\\/sms-til-servicevirksomheder\\\/#primaryimage\"},\"image\":{\"@id\":\"https:\\\/\\\/suresms.com\\\/dk\\\/branchelosninger\\\/sms-til-servicevirksomheder\\\/#primaryimage\"},\"thumbnailUrl\":\"https:\\\/\\\/suresms.com\\\/wp-content\\\/uploads\\\/2016\\\/06\\\/Frisoergaarden-1.jpg\",\"datePublished\":\"2016-06-01T15:49:00+00:00\",\"dateModified\":\"2025-01-03T14:16:29+00:00\",\"description\":\"Autov\u00e6rksteder, tandl\u00e6ger, fris\u00f8rer, klinikker .Send nemt og billigt p\u00e5mindelser og personlige SMS'er til kunder direkte fra din PC. Opret gratis Testkonto!\",\"breadcrumb\":{\"@id\":\"https:\\\/\\\/suresms.com\\\/dk\\\/branchelosninger\\\/sms-til-servicevirksomheder\\\/#breadcrumb\"},\"inLanguage\":\"es\",\"potentialAction\":[{\"@type\":\"ReadAction\",\"target\":[\"https:\\\/\\\/suresms.com\\\/dk\\\/branchelosninger\\\/sms-til-servicevirksomheder\\\/\"]}]},{\"@type\":\"ImageObject\",\"inLanguage\":\"es\",\"@id\":\"https:\\\/\\\/suresms.com\\\/dk\\\/branchelosninger\\\/sms-til-servicevirksomheder\\\/#primaryimage\",\"url\":\"https:\\\/\\\/suresms.com\\\/wp-content\\\/uploads\\\/2016\\\/06\\\/Frisoergaarden-1.jpg\",\"contentUrl\":\"https:\\\/\\\/suresms.com\\\/wp-content\\\/uploads\\\/2016\\\/06\\\/Frisoergaarden-1.jpg\"},{\"@type\":\"BreadcrumbList\",\"@id\":\"https:\\\/\\\/suresms.com\\\/dk\\\/branchelosninger\\\/sms-til-servicevirksomheder\\\/#breadcrumb\",\"itemListElement\":[{\"@type\":\"ListItem\",\"position\":1,\"name\":\"Home\",\"item\":\"https:\\\/\\\/suresms.com\\\/dk\\\/\"},{\"@type\":\"ListItem\",\"position\":2,\"name\":\"Branchel\u00f8sninger\",\"item\":\"https:\\\/\\\/suresms.com\\\/dk\\\/branchelosninger\\\/\"},{\"@type\":\"ListItem\",\"position\":3,\"name\":\"SMS til Servicevirksomheder\"}]},{\"@type\":\"WebSite\",\"@id\":\"https:\\\/\\\/suresms.com\\\/en\\\/#website\",\"url\":\"https:\\\/\\\/suresms.com\\\/en\\\/\",\"name\":\"SureSMS\",\"description\":\"Professionel SMS Gateway\",\"publisher\":{\"@id\":\"https:\\\/\\\/suresms.com\\\/en\\\/#organization\"},\"potentialAction\":[{\"@type\":\"SearchAction\",\"target\":{\"@type\":\"EntryPoint\",\"urlTemplate\":\"https:\\\/\\\/suresms.com\\\/en\\\/?s={search_term_string}\"},\"query-input\":{\"@type\":\"PropertyValueSpecification\",\"valueRequired\":true,\"valueName\":\"search_term_string\"}}],\"inLanguage\":\"es\"},{\"@type\":\"Organization\",\"@id\":\"https:\\\/\\\/suresms.com\\\/en\\\/#organization\",\"name\":\"SureSMS\",\"url\":\"https:\\\/\\\/suresms.com\\\/en\\\/\",\"logo\":{\"@type\":\"ImageObject\",\"inLanguage\":\"es\",\"@id\":\"https:\\\/\\\/suresms.com\\\/en\\\/#\\\/schema\\\/logo\\\/image\\\/\",\"url\":\"https:\\\/\\\/suresms.com\\\/wp-content\\\/uploads\\\/2024\\\/11\\\/suresms-300x65-1.png\",\"contentUrl\":\"https:\\\/\\\/suresms.com\\\/wp-content\\\/uploads\\\/2024\\\/11\\\/suresms-300x65-1.png\",\"width\":300,\"height\":65,\"caption\":\"SureSMS\"},\"image\":{\"@id\":\"https:\\\/\\\/suresms.com\\\/en\\\/#\\\/schema\\\/logo\\\/image\\\/\"},\"sameAs\":[\"https:\\\/\\\/www.facebook.com\\\/p\\\/SureSMS-100044607956149\\\/\"]}]}<\/script>\r\n<!-- \/ Yoast SEO Premium plugin. -->","yoast_head_json":{"title":"SMS para empresas de servicios. SMS online flexibles y baratos. SureSMS","description":"Talleres de reparaci\u00f3n de coches, dentistas, peluquer\u00edas, cl\u00ednicas... Env\u00ede recordatorios y mensajes SMS personalizados a sus clientes de forma f\u00e1cil y econ\u00f3mica directamente desde su PC. Cree una cuenta de prueba gratuita","robots":{"index":"index","follow":"follow","max-snippet":"max-snippet:-1","max-image-preview":"max-image-preview:large","max-video-preview":"max-video-preview:-1"},"canonical":"https:\/\/suresms.com\/es\/descargas-de-rama\/sms-para-empresas-de-servicios\/","og_locale":"es_ES","og_type":"article","og_title":"SMS til Servicevirksomheder","og_description":"Autov\u00e6rksteder, tandl\u00e6ger, fris\u00f8rer, klinikker .Send nemt og billigt p\u00e5mindelser og personlige SMS'er til kunder direkte fra din PC. Opret gratis Testkonto!","og_url":"https:\/\/suresms.com\/es\/descargas-de-rama\/sms-para-empresas-de-servicios\/","article_publisher":"https:\/\/www.facebook.com\/p\/SureSMS-100044607956149\/","article_modified_time":"2025-01-03T14:16:29+00:00","og_image":[{"width":400,"height":266,"url":"https:\/\/suresms.com\/wp-content\/uploads\/2016\/06\/sms-til-service-snippet.jpg","type":"image\/jpeg"}],"twitter_card":"summary_large_image","twitter_misc":{"Tiempo de lectura":"3 minutos"},"schema":{"@context":"https:\/\/schema.org","@graph":[{"@type":"WebPage","@id":"https:\/\/suresms.com\/dk\/branchelosninger\/sms-til-servicevirksomheder\/","url":"https:\/\/suresms.com\/dk\/branchelosninger\/sms-til-servicevirksomheder\/","name":"SMS para empresas de servicios. SMS online flexibles y baratos. SureSMS","isPartOf":{"@id":"https:\/\/suresms.com\/en\/#website"},"primaryImageOfPage":{"@id":"https:\/\/suresms.com\/dk\/branchelosninger\/sms-til-servicevirksomheder\/#primaryimage"},"image":{"@id":"https:\/\/suresms.com\/dk\/branchelosninger\/sms-til-servicevirksomheder\/#primaryimage"},"thumbnailUrl":"https:\/\/suresms.com\/wp-content\/uploads\/2016\/06\/Frisoergaarden-1.jpg","datePublished":"2016-06-01T15:49:00+00:00","dateModified":"2025-01-03T14:16:29+00:00","description":"Talleres de reparaci\u00f3n de coches, dentistas, peluquer\u00edas, cl\u00ednicas... Env\u00ede recordatorios y mensajes SMS personalizados a sus clientes de forma f\u00e1cil y econ\u00f3mica directamente desde su PC. Cree una cuenta de prueba gratuita","breadcrumb":{"@id":"https:\/\/suresms.com\/dk\/branchelosninger\/sms-til-servicevirksomheder\/#breadcrumb"},"inLanguage":"es","potentialAction":[{"@type":"ReadAction","target":["https:\/\/suresms.com\/dk\/branchelosninger\/sms-til-servicevirksomheder\/"]}]},{"@type":"ImageObject","inLanguage":"es","@id":"https:\/\/suresms.com\/dk\/branchelosninger\/sms-til-servicevirksomheder\/#primaryimage","url":"https:\/\/suresms.com\/wp-content\/uploads\/2016\/06\/Frisoergaarden-1.jpg","contentUrl":"https:\/\/suresms.com\/wp-content\/uploads\/2016\/06\/Frisoergaarden-1.jpg"},{"@type":"BreadcrumbList","@id":"https:\/\/suresms.com\/dk\/branchelosninger\/sms-til-servicevirksomheder\/#breadcrumb","itemListElement":[{"@type":"ListItem","position":1,"name":"Home","item":"https:\/\/suresms.com\/dk\/"},{"@type":"ListItem","position":2,"name":"Branchel\u00f8sninger","item":"https:\/\/suresms.com\/dk\/branchelosninger\/"},{"@type":"ListItem","position":3,"name":"SMS til Servicevirksomheder"}]},{"@type":"WebSite","@id":"https:\/\/suresms.com\/en\/#website","url":"https:\/\/suresms.com\/en\/","name":"SureSMS","description":"Pasarela SMS profesional","publisher":{"@id":"https:\/\/suresms.com\/en\/#organization"},"potentialAction":[{"@type":"SearchAction","target":{"@type":"EntryPoint","urlTemplate":"https:\/\/suresms.com\/en\/?s={search_term_string}"},"query-input":{"@type":"PropertyValueSpecification","valueRequired":true,"valueName":"search_term_string"}}],"inLanguage":"es"},{"@type":"Organization","@id":"https:\/\/suresms.com\/en\/#organization","name":"SureSMS","url":"https:\/\/suresms.com\/en\/","logo":{"@type":"ImageObject","inLanguage":"es","@id":"https:\/\/suresms.com\/en\/#\/schema\/logo\/image\/","url":"https:\/\/suresms.com\/wp-content\/uploads\/2024\/11\/suresms-300x65-1.png","contentUrl":"https:\/\/suresms.com\/wp-content\/uploads\/2024\/11\/suresms-300x65-1.png","width":300,"height":65,"caption":"SureSMS"},"image":{"@id":"https:\/\/suresms.com\/en\/#\/schema\/logo\/image\/"},"sameAs":["https:\/\/www.facebook.com\/p\/SureSMS-100044607956149\/"]}]}},"_links":{"self":[{"href":"https:\/\/suresms.com\/es\/wp-json\/wp\/v2\/pages\/2681","targetHints":{"allow":["GET"]}}],"collection":[{"href":"https:\/\/suresms.com\/es\/wp-json\/wp\/v2\/pages"}],"about":[{"href":"https:\/\/suresms.com\/es\/wp-json\/wp\/v2\/types\/page"}],"author":[{"embeddable":true,"href":"https:\/\/suresms.com\/es\/wp-json\/wp\/v2\/users\/1"}],"replies":[{"embeddable":true,"href":"https:\/\/suresms.com\/es\/wp-json\/wp\/v2\/comments?post=2681"}],"version-history":[{"count":4,"href":"https:\/\/suresms.com\/es\/wp-json\/wp\/v2\/pages\/2681\/revisions"}],"predecessor-version":[{"id":19575,"href":"https:\/\/suresms.com\/es\/wp-json\/wp\/v2\/pages\/2681\/revisions\/19575"}],"up":[{"embeddable":true,"href":"https:\/\/suresms.com\/es\/wp-json\/wp\/v2\/pages\/1654"}],"wp:attachment":[{"href":"https:\/\/suresms.com\/es\/wp-json\/wp\/v2\/media?parent=2681"}],"wp:term":[{"taxonomy":"category","embeddable":true,"href":"https:\/\/suresms.com\/es\/wp-json\/wp\/v2\/categories?post=2681"},{"taxonomy":"post_tag","embeddable":true,"href":"https:\/\/suresms.com\/es\/wp-json\/wp\/v2\/tags?post=2681"}],"curies":[{"name":"wp","href":"https:\/\/api.w.org\/{rel}","templated":true}]}}