{"id":2659,"date":"2016-06-01T15:30:55","date_gmt":"2016-06-01T13:30:55","guid":{"rendered":"https:\/\/www.suresms.com\/dk\/?page_id=2659"},"modified":"2025-01-05T00:16:13","modified_gmt":"2025-01-05T00:16:13","slug":"sms-para-instituciones-publicas","status":"publish","type":"page","link":"https:\/\/suresms.com\/es\/branchelosninger\/sms-til-offentlige-institutioner\/","title":{"rendered":"SMS a instituciones p\u00fablicas"},"content":{"rendered":"<!-- Flexy Breadcrumb -->\r\n\t\t\t<div class=\"fbc fbc-page\">\r\n\r\n\t\t\t\t<!-- Breadcrumb wrapper -->\r\n\t\t\t\t<div class=\"fbc-wrap\">\r\n\r\n\t\t\t\t\t<!-- Ordered list-->\r\n\t\t\t\t\t<ol class=\"fbc-items\" itemscope itemtype=\"https:\/\/schema.org\/BreadcrumbList\">\r\n\t\t\t\t\t\t            <li itemprop=\"itemListElement\" itemscope itemtype=\"https:\/\/schema.org\/ListItem\">\r\n                <span itemprop=\"name\">\r\n                    <!-- Home Link -->\r\n                    <a itemprop=\"item\" href=\"https:\/\/suresms.com\/es\/\">\r\n                    \r\n                                                    <i class=\"fa fa-home\" aria-hidden=\"true\"><\/i>Inicio                    <\/a>\r\n                <\/span>\r\n                <meta itemprop=\"position\" content=\"1\" \/><!-- Meta Position-->\r\n             <\/li><li><span class=\"fbc-separator\">\/<\/span><\/li><li class=\"active\" itemprop=\"itemListElement\" itemscope itemtype=\"https:\/\/schema.org\/ListItem\"><span itemprop=\"name\" title=\"SMS a instituciones p\u00fablicas\">SMS a instituciones p\u00fablicas<\/span><meta itemprop=\"position\" content=\"2\" \/><\/li>\t\t\t\t\t<\/ol>\r\n\t\t\t\t\t<div class=\"clearfix\"><\/div>\r\n\t\t\t\t<\/div>\r\n\t\t\t<\/div>\r\n\t\t\t\n<h1>\n\t\tSMS a instituciones p\u00fablicas\n\t<\/h1>\n\t\n<p><strong>Municipios, bibliotecas, agencias gubernamentales, escuelas, prisiones estatales y hospitales. En todo el sector p\u00fablico, el SMS se ha convertido en un medio de comunicaci\u00f3n sencillo y eficaz para usuarios y ciudadanos. Con la pasarela de SMS de SureSMS, dispondr\u00e1 autom\u00e1ticamente de la documentaci\u00f3n necesaria y no tendr\u00e1 que renunciar a la seguridad ni a la calidad del producto.<\/strong><\/p>\n<p>Para que la comunicaci\u00f3n entre municipios, instituciones, autoridades y ciudadanos funcione, es crucial que los mensajes y la informaci\u00f3n se reciban \u00a1Y se lean! Los estudios demuestran que la gran mayor\u00eda de los mensajes SMS son le\u00eddos por el destinatario, lo que los convierte en una forma de comunicaci\u00f3n r\u00e1pida y fiable.<\/p>\n<p>Con una pasarela de SMS, las organizaciones p\u00fablicas pueden estar al tanto de todo y cumplir los requisitos de mantenimiento de registros.<\/p>\n<p><strong>Beneficios y ventajas<\/strong><\/p>\n<ul> \t\n<li><strong>Diario incorporado. A trav\u00e9s de nuestro portal web siempre dispondr\u00e1 de documentaci\u00f3n de todos los mensajes enviados a los ciudadanos o empleados.<\/strong><\/li>\n\n<li><strong>Los mensajes de servicio y los recordatorios de citas por SMS son un gran servicio para los ciudadanos y usuarios, al tiempo que garantizan menos cancelaciones y menos desperdicio de recursos. Utilice mensajes SMS generados autom\u00e1ticamente o controle usted mismo el env\u00edo a trav\u00e9s de nuestra interfaz web.<\/strong><\/li>\n\n<li><strong>Toda la comunicaci\u00f3n entre el cliente y nuestros servidores est\u00e1 encriptada utilizando la \u00faltima tecnolog\u00eda de encriptaci\u00f3n SSL. Esto hace que sea seguro enviar informaci\u00f3n personal sensible a trav\u00e9s de SureSMS.<\/strong><\/li>\n\n<li><strong>Sin suscripciones caras. S\u00f3lo cobramos tarifas SMS por el n\u00famero de mensajes que realmente env\u00eda. La facturaci\u00f3n es gratuita y es f\u00e1cil pagar a trav\u00e9s del n\u00famero EAN.<\/strong><\/li>\n<\/ul>\n<p>Esta es una selecci\u00f3n de nuestras prestaciones. Pero hay muchas m\u00e1s. Eche un vistazo a nuestro\u00a0<a href=\"https:\/\/suresms.com\/es\/caracteristicas\/\">p\u00e1ginas destacadas<\/a>\u00a0en suresms.com para inspirarte.<\/p>\n<p><strong>Vista general completa y documentaci\u00f3n a trav\u00e9s del portal web SureSMS<\/strong><\/p>\n<p>Desde nuestro portal web, puedes conectarte f\u00e1cilmente y enviar mensajes SMS a los usuarios a trav\u00e9s de tu ordenador. Desde aqu\u00ed, es f\u00e1cil enviar mensajes a grupos, programar env\u00edos y combinar nombres en los mensajes.<\/p>\n<p>Aqu\u00ed tambi\u00e9n tienes una visi\u00f3n completa de los mensajes que se env\u00edan, y los mensajes se almacenan aqu\u00ed con fines de diario o documentaci\u00f3n. Siempre tendr\u00e1 una visi\u00f3n general tanto del contenido como de la hora de env\u00edo y recepci\u00f3n de los mensajes.<\/p>\n<p><strong>Prestaci\u00f3n de servicios tanto a instituciones estatales como a municipios<\/strong><\/p>\n<p>A lo largo de los a\u00f1os, hemos suministrado SMS a muchas instituciones p\u00fablicas y tenemos una amplia experiencia de trabajo con ellas: bibliotecas, prisiones estatales, centros de tecnolog\u00eda asistencial, organismos gubernamentales y mucho m\u00e1s. Las instituciones p\u00fablicas necesitan comunicarse con un amplio sector de la poblaci\u00f3n, mientras que el precio, la calidad y la seguridad DEBEN ser de primera categor\u00eda. Tenemos la experiencia necesaria para ofrecer una pasarela s\u00f3lida, flexible y f\u00e1cil de usar.<\/p>\n<p><strong>Enviar desde varios n\u00fameros<\/strong><\/p>\n<p>\u00bfNecesita su organizaci\u00f3n enviar desde varios n\u00fameros de tel\u00e9fono, o necesita un inicio de sesi\u00f3n flexible para que varios empleados puedan enviar desde un usuario espec\u00edfico? Puede hacerlo f\u00e1cilmente a trav\u00e9s de nuestro portal en l\u00ednea.<\/p>\n<p><strong>Desde esta p\u00e1gina puede crear una cuenta de prueba gratuita en cinco minutos. \u00bfTiene alguna pregunta o necesita hablar con nosotros? Puede encontrar nuestro\u00a0<\/strong><a href=\"https:\/\/suresms.com\/es\/pongase-en-contacto-con\/\">informaci\u00f3n de contacto<\/a><strong>\u00a0Toma.<\/strong><\/p>\n\n\t<p>&gt; Volver a <a href=\"https:\/\/suresms.com\/es\/descargas-de-rama\/\">Soluciones sectoriales<\/a><\/p>\n\t\t\t<p><a href=\"http:\/\/www.rodskovforsamlingshus.dk\/om-forsamlingshuset.html\"><img loading=\"lazy\" decoding=\"async\" src=\"https:\/\/suresms.com\/wp-content\/uploads\/2015\/02\/REB-Rodskov1.jpg\" alt=\"REB Rodskov\" width=\"172\" height=\"87\" \/><\/a><\/p>\n<p><em>\"Me los recomend\u00f3 un colega que tambi\u00e9n utiliza su soluci\u00f3n.\u00a0<\/em><\/p>\n<p><em>He investigado y probado otras soluciones de SMS, y la suya es con diferencia la m\u00e1s flexible y r\u00e1pida, y a un precio razonable. <\/em><\/p>\n<p><em>\u00a1GRACIAS por un producto excelente! Hace exactamente lo que necesito que haga - \u00a1Super bueno!\"<\/em><\/p>\n<p><strong>Michel Gorm, Secretario<\/strong><\/p>\n<p><strong>Centro comunitario de Rodskov<\/strong><\/p>\n\t\t<h4>Crear una cuenta de prueba gratuita<\/h4>\n\t\t<p>S\u00f3lo le llevar\u00e1 5 minutos. Empiece ahora mismo y consiga <strong>50 SMS gratuitos<\/strong> sin condiciones.<\/p>\n\t\t\t<a href=\"https:\/\/suresms.com\/es\/cuenta-de-prueba-de-sms-gratis\/\" target=\"_self\">\n\t\t\t\t\t\t\tCrear una cuenta de prueba\n\t\t\t\t\t<\/a>\n\t\t<h4>Pida una soluci\u00f3n bidireccional<\/h4>\n\t\t<p>\u00bfYa tiene una cuenta? Pida una soluci\u00f3n bidireccional y obtenga las opciones adicionales que ofrece su propia soluci\u00f3n.\u00a0<\/p>\n\t\t\t<a href=\"https:\/\/suresms.com\/es\/orden-de-descarga-bidireccional\/\" target=\"_self\">\n\t\t\t\t\t\t\tPedir soluci\u00f3n bidireccional\n\t\t\t\t\t<\/a>\n\t\t\t\t<a href=\"https:\/\/suresms.com\/es\/sms-outlook-add\/\" target=\"_self\" itemprop=\"url\">\n\t\t\t\t<img loading=\"lazy\" decoding=\"async\" src=\"https:\/\/suresms.com\/wp-content\/uploads\/2016\/02\/facebook-Outlook-plugin-version-1.4-snippet-1.jpg\" alt=\"fragmento de la versi\u00f3n 1.4 del plugin de facebook para Outlook\" itemprop=\"image\" height=\"630\" width=\"1200\" title=\"fragmento de la versi\u00f3n 1.4 del plugin de facebook para Outlook\" onerror=\"this.style.display='none'\"  \/>\n\t\t\t\t<\/a>\n\t\t<h3><a href=\"https:\/\/suresms.com\/es\/sms-outlook-add\/\" target=\"_self\">Outlook SMS Plugin Versi\u00f3n 2.10<\/a><\/h3>Nuestro complemento SMS est\u00e1 dise\u00f1ado espec\u00edficamente para Outlook. Con una r\u00e1pida instalaci\u00f3n de nuestro complemento, obtendr\u00e1 un remitente de SMS y SMS de grupo integrado en el men\u00fa de Outlook con acceso a sus contactos de Outlook. Dispondr\u00e1 de DOCUMENTACI\u00d3N COMPLETA, ya que todos los mensajes se guardan autom\u00e1ticamente. F\u00e1cil integraci\u00f3n con otros sistemas.<br \/>\nVarias opciones nuevas para la selecci\u00f3n del ID del remitente. Utilice el nombre de su empresa o seleccione su n\u00famero de m\u00f3vil y reciba las respuestas directamente en su m\u00f3vil. \u00bfDebe recibir las respuestas en Outlook? P\u00f3ngase en contacto con nosotros <a href=\"https:\/\/suresms.com\/es\/caracteristicas\/recibe-mensajes-de-texto-en-tu-ordenador\/\">Soluci\u00f3n bidireccional<\/a>.\n<p>&nbsp;<\/p>\n\n\t\t\t<a href=\"https:\/\/suresms.com\/es\/sms-outlook-add\/\" target=\"_self\">\n\t\t\t\t\t\t\tM\u00e1s informaci\u00f3n sobre nuestro complemento SMS para Outlook\n\t\t\t\t\t<\/a>","protected":false},"excerpt":{"rendered":"<p>SMS para instituciones p\u00fablicas Ayuntamientos, bibliotecas, agencias gubernamentales, escuelas, prisiones estatales y hospitales. En todo el sector p\u00fablico, los SMS se han convertido en un medio de comunicaci\u00f3n sencillo y eficaz para usuarios y ciudadanos. Con la pasarela de SMS de SureSMS, dispondr\u00e1 autom\u00e1ticamente de la documentaci\u00f3n necesaria y no tendr\u00e1 que renunciar a la seguridad ni a la calidad del producto. Para que la comunicaci\u00f3n entre municipios, instituciones, autoridades y ... <a title=\"SMS a instituciones p\u00fablicas\" class=\"read-more\" href=\"https:\/\/suresms.com\/es\/branchelosninger\/sms-til-offentlige-institutioner\/\" aria-label=\"Leer m\u00e1s sobre SMS para instituciones p\u00fablicas\">M\u00e1s informaci\u00f3n<\/a><\/p>","protected":false},"author":1,"featured_media":0,"parent":1654,"menu_order":4,"comment_status":"closed","ping_status":"closed","template":"","meta":{"_fl_builder_enabled":"1","_fl_builder_data":null,"_fl_builder_draft":null,"_fl_builder_data_settings":null,"_fl_builder_css":"","_fl_builder_css_version":"","_fl_builder_js":"","footnotes":""},"categories":[],"tags":[],"class_list":["post-2659","page","type-page","status-publish"],"yoast_head":"<!-- This site is optimized with the Yoast SEO Premium plugin v27.3 (Yoast SEO v27.3) - https:\/\/yoast.com\/product\/yoast-seo-premium-wordpress\/ -->\r\n<title>SMS til offentlige institutioner. Integreret online journalisering<\/title>\r\n<meta name=\"description\" content=\"SureSMS samarbejder med og leverer SMS til offentlige institutioner. SSL-kryptering sikrer data med personf\u00f8lsomme oplysninger. Betal pr. SMS - 0,- i abonn.\" \/>\r\n<meta name=\"robots\" content=\"index, follow, max-snippet:-1, max-image-preview:large, max-video-preview:-1\" \/>\r\n<link rel=\"canonical\" href=\"https:\/\/suresms.com\/es\/descargas-de-rama\/sms-para-instituciones-publicas\/\" \/>\r\n<meta property=\"og:locale\" content=\"es_ES\" \/>\r\n<meta property=\"og:type\" content=\"article\" \/>\r\n<meta property=\"og:title\" content=\"SMS til offentlige institutioner\" \/>\r\n<meta property=\"og:description\" content=\"SureSMS samarbejder med og leverer SMS til offentlige institutioner. SSL-kryptering sikrer data med personf\u00f8lsomme oplysninger. Betal pr. SMS - 0,- i abonn.\" \/>\r\n<meta property=\"og:url\" content=\"https:\/\/suresms.com\/es\/descargas-de-rama\/sms-para-instituciones-publicas\/\" \/>\r\n<meta property=\"article:publisher\" content=\"https:\/\/www.facebook.com\/p\/SureSMS-100044607956149\/\" \/>\r\n<meta property=\"article:modified_time\" content=\"2025-01-05T00:16:13+00:00\" \/>\r\n<meta property=\"og:image\" content=\"https:\/\/suresms.com\/wp-content\/uploads\/2016\/06\/sms-til-offentlige-snippet.jpg\" \/>\r\n\t<meta property=\"og:image:width\" content=\"400\" \/>\r\n\t<meta property=\"og:image:height\" content=\"233\" \/>\r\n\t<meta property=\"og:image:type\" content=\"image\/jpeg\" \/>\r\n<meta name=\"twitter:card\" content=\"summary_large_image\" \/>\r\n<meta name=\"twitter:label1\" content=\"Tiempo de lectura\" \/>\n\t<meta name=\"twitter:data1\" content=\"3 minutos\" \/>\r\n<script type=\"application\/ld+json\" class=\"yoast-schema-graph\">{\"@context\":\"https:\\\/\\\/schema.org\",\"@graph\":[{\"@type\":\"WebPage\",\"@id\":\"https:\\\/\\\/suresms.com\\\/dk\\\/branchelosninger\\\/sms-til-offentlige-institutioner\\\/\",\"url\":\"https:\\\/\\\/suresms.com\\\/dk\\\/branchelosninger\\\/sms-til-offentlige-institutioner\\\/\",\"name\":\"SMS til offentlige institutioner. Integreret online journalisering\",\"isPartOf\":{\"@id\":\"https:\\\/\\\/suresms.com\\\/en\\\/#website\"},\"primaryImageOfPage\":{\"@id\":\"https:\\\/\\\/suresms.com\\\/dk\\\/branchelosninger\\\/sms-til-offentlige-institutioner\\\/#primaryimage\"},\"image\":{\"@id\":\"https:\\\/\\\/suresms.com\\\/dk\\\/branchelosninger\\\/sms-til-offentlige-institutioner\\\/#primaryimage\"},\"thumbnailUrl\":\"https:\\\/\\\/suresms.com\\\/wp-content\\\/uploads\\\/2015\\\/02\\\/REB-Rodskov1.jpg\",\"datePublished\":\"2016-06-01T13:30:55+00:00\",\"dateModified\":\"2025-01-05T00:16:13+00:00\",\"description\":\"SureSMS samarbejder med og leverer SMS til offentlige institutioner. SSL-kryptering sikrer data med personf\u00f8lsomme oplysninger. Betal pr. SMS - 0,- i abonn.\",\"breadcrumb\":{\"@id\":\"https:\\\/\\\/suresms.com\\\/dk\\\/branchelosninger\\\/sms-til-offentlige-institutioner\\\/#breadcrumb\"},\"inLanguage\":\"es\",\"potentialAction\":[{\"@type\":\"ReadAction\",\"target\":[\"https:\\\/\\\/suresms.com\\\/dk\\\/branchelosninger\\\/sms-til-offentlige-institutioner\\\/\"]}]},{\"@type\":\"ImageObject\",\"inLanguage\":\"es\",\"@id\":\"https:\\\/\\\/suresms.com\\\/dk\\\/branchelosninger\\\/sms-til-offentlige-institutioner\\\/#primaryimage\",\"url\":\"https:\\\/\\\/suresms.com\\\/wp-content\\\/uploads\\\/2015\\\/02\\\/REB-Rodskov1.jpg\",\"contentUrl\":\"https:\\\/\\\/suresms.com\\\/wp-content\\\/uploads\\\/2015\\\/02\\\/REB-Rodskov1.jpg\"},{\"@type\":\"BreadcrumbList\",\"@id\":\"https:\\\/\\\/suresms.com\\\/dk\\\/branchelosninger\\\/sms-til-offentlige-institutioner\\\/#breadcrumb\",\"itemListElement\":[{\"@type\":\"ListItem\",\"position\":1,\"name\":\"Home\",\"item\":\"https:\\\/\\\/suresms.com\\\/dk\\\/\"},{\"@type\":\"ListItem\",\"position\":2,\"name\":\"Branchel\u00f8sninger\",\"item\":\"https:\\\/\\\/suresms.com\\\/dk\\\/branchelosninger\\\/\"},{\"@type\":\"ListItem\",\"position\":3,\"name\":\"SMS til offentlige institutioner\"}]},{\"@type\":\"WebSite\",\"@id\":\"https:\\\/\\\/suresms.com\\\/en\\\/#website\",\"url\":\"https:\\\/\\\/suresms.com\\\/en\\\/\",\"name\":\"SureSMS\",\"description\":\"Professionel SMS Gateway\",\"publisher\":{\"@id\":\"https:\\\/\\\/suresms.com\\\/en\\\/#organization\"},\"potentialAction\":[{\"@type\":\"SearchAction\",\"target\":{\"@type\":\"EntryPoint\",\"urlTemplate\":\"https:\\\/\\\/suresms.com\\\/en\\\/?s={search_term_string}\"},\"query-input\":{\"@type\":\"PropertyValueSpecification\",\"valueRequired\":true,\"valueName\":\"search_term_string\"}}],\"inLanguage\":\"es\"},{\"@type\":\"Organization\",\"@id\":\"https:\\\/\\\/suresms.com\\\/en\\\/#organization\",\"name\":\"SureSMS\",\"url\":\"https:\\\/\\\/suresms.com\\\/en\\\/\",\"logo\":{\"@type\":\"ImageObject\",\"inLanguage\":\"es\",\"@id\":\"https:\\\/\\\/suresms.com\\\/en\\\/#\\\/schema\\\/logo\\\/image\\\/\",\"url\":\"https:\\\/\\\/suresms.com\\\/wp-content\\\/uploads\\\/2024\\\/11\\\/suresms-300x65-1.png\",\"contentUrl\":\"https:\\\/\\\/suresms.com\\\/wp-content\\\/uploads\\\/2024\\\/11\\\/suresms-300x65-1.png\",\"width\":300,\"height\":65,\"caption\":\"SureSMS\"},\"image\":{\"@id\":\"https:\\\/\\\/suresms.com\\\/en\\\/#\\\/schema\\\/logo\\\/image\\\/\"},\"sameAs\":[\"https:\\\/\\\/www.facebook.com\\\/p\\\/SureSMS-100044607956149\\\/\"]}]}<\/script>\r\n<!-- \/ Yoast SEO Premium plugin. -->","yoast_head_json":{"title":"SMS para instituciones p\u00fablicas. Diario en l\u00ednea integrado","description":"SureSMS colabora y entrega SMS a instituciones p\u00fablicas. La encriptaci\u00f3n SSL asegura los datos con informaci\u00f3n personal sensible. Pago por SMS - 0,- en abonado.","robots":{"index":"index","follow":"follow","max-snippet":"max-snippet:-1","max-image-preview":"max-image-preview:large","max-video-preview":"max-video-preview:-1"},"canonical":"https:\/\/suresms.com\/es\/descargas-de-rama\/sms-para-instituciones-publicas\/","og_locale":"es_ES","og_type":"article","og_title":"SMS til offentlige institutioner","og_description":"SureSMS samarbejder med og leverer SMS til offentlige institutioner. SSL-kryptering sikrer data med personf\u00f8lsomme oplysninger. Betal pr. SMS - 0,- i abonn.","og_url":"https:\/\/suresms.com\/es\/descargas-de-rama\/sms-para-instituciones-publicas\/","article_publisher":"https:\/\/www.facebook.com\/p\/SureSMS-100044607956149\/","article_modified_time":"2025-01-05T00:16:13+00:00","og_image":[{"width":400,"height":233,"url":"https:\/\/suresms.com\/wp-content\/uploads\/2016\/06\/sms-til-offentlige-snippet.jpg","type":"image\/jpeg"}],"twitter_card":"summary_large_image","twitter_misc":{"Tiempo de lectura":"3 minutos"},"schema":{"@context":"https:\/\/schema.org","@graph":[{"@type":"WebPage","@id":"https:\/\/suresms.com\/dk\/branchelosninger\/sms-til-offentlige-institutioner\/","url":"https:\/\/suresms.com\/dk\/branchelosninger\/sms-til-offentlige-institutioner\/","name":"SMS para instituciones p\u00fablicas. Diario en l\u00ednea integrado","isPartOf":{"@id":"https:\/\/suresms.com\/en\/#website"},"primaryImageOfPage":{"@id":"https:\/\/suresms.com\/dk\/branchelosninger\/sms-til-offentlige-institutioner\/#primaryimage"},"image":{"@id":"https:\/\/suresms.com\/dk\/branchelosninger\/sms-til-offentlige-institutioner\/#primaryimage"},"thumbnailUrl":"https:\/\/suresms.com\/wp-content\/uploads\/2015\/02\/REB-Rodskov1.jpg","datePublished":"2016-06-01T13:30:55+00:00","dateModified":"2025-01-05T00:16:13+00:00","description":"SureSMS colabora y entrega SMS a instituciones p\u00fablicas. La encriptaci\u00f3n SSL asegura los datos con informaci\u00f3n personal sensible. Pago por SMS - 0,- en abonado.","breadcrumb":{"@id":"https:\/\/suresms.com\/dk\/branchelosninger\/sms-til-offentlige-institutioner\/#breadcrumb"},"inLanguage":"es","potentialAction":[{"@type":"ReadAction","target":["https:\/\/suresms.com\/dk\/branchelosninger\/sms-til-offentlige-institutioner\/"]}]},{"@type":"ImageObject","inLanguage":"es","@id":"https:\/\/suresms.com\/dk\/branchelosninger\/sms-til-offentlige-institutioner\/#primaryimage","url":"https:\/\/suresms.com\/wp-content\/uploads\/2015\/02\/REB-Rodskov1.jpg","contentUrl":"https:\/\/suresms.com\/wp-content\/uploads\/2015\/02\/REB-Rodskov1.jpg"},{"@type":"BreadcrumbList","@id":"https:\/\/suresms.com\/dk\/branchelosninger\/sms-til-offentlige-institutioner\/#breadcrumb","itemListElement":[{"@type":"ListItem","position":1,"name":"Home","item":"https:\/\/suresms.com\/dk\/"},{"@type":"ListItem","position":2,"name":"Branchel\u00f8sninger","item":"https:\/\/suresms.com\/dk\/branchelosninger\/"},{"@type":"ListItem","position":3,"name":"SMS til offentlige institutioner"}]},{"@type":"WebSite","@id":"https:\/\/suresms.com\/en\/#website","url":"https:\/\/suresms.com\/en\/","name":"SureSMS","description":"Pasarela SMS profesional","publisher":{"@id":"https:\/\/suresms.com\/en\/#organization"},"potentialAction":[{"@type":"SearchAction","target":{"@type":"EntryPoint","urlTemplate":"https:\/\/suresms.com\/en\/?s={search_term_string}"},"query-input":{"@type":"PropertyValueSpecification","valueRequired":true,"valueName":"search_term_string"}}],"inLanguage":"es"},{"@type":"Organization","@id":"https:\/\/suresms.com\/en\/#organization","name":"SureSMS","url":"https:\/\/suresms.com\/en\/","logo":{"@type":"ImageObject","inLanguage":"es","@id":"https:\/\/suresms.com\/en\/#\/schema\/logo\/image\/","url":"https:\/\/suresms.com\/wp-content\/uploads\/2024\/11\/suresms-300x65-1.png","contentUrl":"https:\/\/suresms.com\/wp-content\/uploads\/2024\/11\/suresms-300x65-1.png","width":300,"height":65,"caption":"SureSMS"},"image":{"@id":"https:\/\/suresms.com\/en\/#\/schema\/logo\/image\/"},"sameAs":["https:\/\/www.facebook.com\/p\/SureSMS-100044607956149\/"]}]}},"_links":{"self":[{"href":"https:\/\/suresms.com\/es\/wp-json\/wp\/v2\/pages\/2659","targetHints":{"allow":["GET"]}}],"collection":[{"href":"https:\/\/suresms.com\/es\/wp-json\/wp\/v2\/pages"}],"about":[{"href":"https:\/\/suresms.com\/es\/wp-json\/wp\/v2\/types\/page"}],"author":[{"embeddable":true,"href":"https:\/\/suresms.com\/es\/wp-json\/wp\/v2\/users\/1"}],"replies":[{"embeddable":true,"href":"https:\/\/suresms.com\/es\/wp-json\/wp\/v2\/comments?post=2659"}],"version-history":[{"count":6,"href":"https:\/\/suresms.com\/es\/wp-json\/wp\/v2\/pages\/2659\/revisions"}],"predecessor-version":[{"id":21049,"href":"https:\/\/suresms.com\/es\/wp-json\/wp\/v2\/pages\/2659\/revisions\/21049"}],"up":[{"embeddable":true,"href":"https:\/\/suresms.com\/es\/wp-json\/wp\/v2\/pages\/1654"}],"wp:attachment":[{"href":"https:\/\/suresms.com\/es\/wp-json\/wp\/v2\/media?parent=2659"}],"wp:term":[{"taxonomy":"category","embeddable":true,"href":"https:\/\/suresms.com\/es\/wp-json\/wp\/v2\/categories?post=2659"},{"taxonomy":"post_tag","embeddable":true,"href":"https:\/\/suresms.com\/es\/wp-json\/wp\/v2\/tags?post=2659"}],"curies":[{"name":"wp","href":"https:\/\/api.w.org\/{rel}","templated":true}]}}