{"id":2632,"date":"2016-05-23T15:27:47","date_gmt":"2016-05-23T13:27:47","guid":{"rendered":"https:\/\/www.suresms.com\/dk\/?page_id=2632"},"modified":"2025-01-03T14:17:14","modified_gmt":"2025-01-03T14:17:14","slug":"sms-para-empresas-de-transporte-y-logistica","status":"publish","type":"page","link":"https:\/\/suresms.com\/es\/branchelosninger\/sms-til-transport-og-logistikvirksomheder\/","title":{"rendered":"SMS para empresas de transporte y log\u00edstica"},"content":{"rendered":"<!-- Flexy Breadcrumb -->\r\n\t\t\t<div class=\"fbc fbc-page\">\r\n\r\n\t\t\t\t<!-- Breadcrumb wrapper -->\r\n\t\t\t\t<div class=\"fbc-wrap\">\r\n\r\n\t\t\t\t\t<!-- Ordered list-->\r\n\t\t\t\t\t<ol class=\"fbc-items\" itemscope itemtype=\"https:\/\/schema.org\/BreadcrumbList\">\r\n\t\t\t\t\t\t            <li itemprop=\"itemListElement\" itemscope itemtype=\"https:\/\/schema.org\/ListItem\">\r\n                <span itemprop=\"name\">\r\n                    <!-- Home Link -->\r\n                    <a itemprop=\"item\" href=\"https:\/\/suresms.com\/es\/\">\r\n                    \r\n                                                    <i class=\"fa fa-home\" aria-hidden=\"true\"><\/i>Inicio                    <\/a>\r\n                <\/span>\r\n                <meta itemprop=\"position\" content=\"1\" \/><!-- Meta Position-->\r\n             <\/li><li><span class=\"fbc-separator\">\/<\/span><\/li><li class=\"active\" itemprop=\"itemListElement\" itemscope itemtype=\"https:\/\/schema.org\/ListItem\"><span itemprop=\"name\" title=\"SMS para empresas de transporte y log\u00edstica\">SMS a Transporte y...<\/span><meta itemprop=\"position\" content=\"2\" \/><\/li>\t\t\t\t\t<\/ol>\r\n\t\t\t\t\t<div class=\"clearfix\"><\/div>\r\n\t\t\t\t<\/div>\r\n\t\t\t<\/div>\r\n\t\t\t\n<h1>\n\t\tSMS para empresas de transporte y log\u00edstica\n\t<\/h1>\n\t\n\n<p><strong>En el sector del transporte y la expedici\u00f3n de mercanc\u00edas, tenemos muchos grandes clientes. Podemos garantizar una comunicaci\u00f3n r\u00e1pida entre empresas, conductores y clientes, creando una comunicaci\u00f3n r\u00e1pida y segura a trav\u00e9s de distancias y fronteras.<\/strong><\/p>\n\n<p>Las empresas de transporte y log\u00edstica dependen hoy en d\u00eda de soluciones m\u00f3viles para sus operaciones cotidianas. El sector se ha beneficiado enormemente de soluciones de comunicaci\u00f3n flexibles, asequibles y accesibles, que pueden facilitar y agilizar los flujos de trabajo garantizando que la informaci\u00f3n -y, por tanto, las mercanc\u00edas y los productos- lleguen en el momento y al lugar adecuados.<\/p>\n\n<p><strong>Ventajas:<\/strong><\/p>\n<ul> \t\n<li><strong>Comunicaci\u00f3n r\u00e1pida y segura por SMS con empleados y clientes de todo el mundo.<\/strong><\/li>\n\n<li><strong>La comunicaci\u00f3n segura en torno a la entrega de mercanc\u00edas y cargas minimiza los errores y las p\u00e9rdidas de tiempo en las entregas.<\/strong><\/li>\n\n<li><strong>Obtenga una visi\u00f3n general y env\u00ede desde varios n\u00fameros directamente desde nuestro portal web.<\/strong><\/li>\n\n<li><strong>Utilice los SMS y los mensajes de texto personalizados para crear un buen ambiente de trabajo en un lugar donde los empleados suelen estar dispersos geogr\u00e1ficamente.\u00a0<\/strong><\/li>\n<\/ul>\n\n<h3>Alta fiabilidad de entrega y servicio profesional a buen precio<\/h3>\n\n<p>Tras muchos a\u00f1os en el sector, sabemos lo importante que es que su comunicaci\u00f3n NO se interrumpa. No escatimamos en equipos, supervisi\u00f3n ni horas de mano de obra. Nuestro equipo se asegura de que nuestra pasarela sea profesional, estable y ofrezca un servicio seguro. Consulte nuestra <a title=\"Precios de las pasarelas SMS\" href=\"https:\/\/suresms.com\/es\/precios-de-las-pasarelas-sms\/\">Precios de las pasarelas SMS<\/a> Toma.<\/p>\n<h3>Pasarela SMS internacional<\/h3>\n<p>Vivimos en un mundo internacional y los SMS para empresas de transporte y log\u00edstica se utilizan a menudo m\u00e1s all\u00e1 de las fronteras. Sure SMS gateway es la soluci\u00f3n perfecta para tus comunicaciones. Tanto si necesitas enviar mensajes a empleados, conductores o clientes, como si el tel\u00e9fono al que tienes que enviarlos es dan\u00e9s o extranjero, sea donde sea, tus mensajes llegar\u00e1n. Siempre que el tel\u00e9fono est\u00e9 encendido en el otro extremo.<\/p>\n<p>Los SMS pueden integrarse f\u00e1cilmente en los procesos y sistemas existentes para garantizar una comunicaci\u00f3n r\u00e1pida y estable en la pr\u00e1ctica diaria.<\/p>\n<h3>Interfaz de usuario sencilla y clara en el portal WEB<\/h3>\n<p>Nuestra sencilla y clara interfaz en el portal WEB SureSMS facilita el env\u00edo de mensajes SMS a las personas o grupos con los que necesitas comunicarte. Desde el ordenador, es f\u00e1cil para los comunicadores mantener una visi\u00f3n de conjunto, mientras que los destinatarios suelen llevar sus m\u00f3viles consigo las 24 horas del d\u00eda, los 7 d\u00edas de la semana.<\/p>\n<p>Nuestro portal web puede utilizarse desde PC, iPad o tel\u00e9fonos inteligentes.<\/p>\n<h3>Funci\u00f3n de grupo: Comunicaci\u00f3n a los empleados<\/h3>\n<p>Desde nuestro portal web puede utilizar la funci\u00f3n<a title=\"GroupSMS: Crear y enviar a grupos\" href=\"https:\/\/suresms.com\/es\/grupo-sms\/\">\u00a0Crear y enviar SMS a grupos<\/a>. Una funci\u00f3n que puede utilizarse de muchas maneras. Varias de nuestras empresas de transporte lo utilizan para comunicarse con sus empleados. Como suelen estar repartidos a diario por grandes distancias geogr\u00e1ficas, el tel\u00e9fono m\u00f3vil es el medio de comunicaci\u00f3n natural para la informaci\u00f3n pr\u00e1ctica, as\u00ed como para los mensajes de car\u00e1cter m\u00e1s social.<\/p>\n<h3>Empiece ahora mismo<\/h3>\n<p>Empezar a utilizar nuestra SMS Gateway es r\u00e1pido y sencillo, y no hay ning\u00fan coste asociado a la prueba de nuestro producto.<\/p>\n<p>Rellenando nuestro enlace para obtener una cuenta de prueba gratuita, podr\u00e1s empezar en 5 minutos. Te daremos 50 SMS gratis para que puedas juzgar r\u00e1pidamente nuestro servicio y calidad por ti mismo. Si tienes alguna pregunta, recuerda que siempre estamos aqu\u00ed para ayudarte y que contamos con a\u00f1os de experiencia de nuestros otros clientes en el sector.<\/p>\n\n\t\t\t<p><img loading=\"lazy\" decoding=\"async\" src=\"https:\/\/suresms.com\/wp-content\/uploads\/2016\/05\/Esbjerg-gods-200-x-99-px-daempet.jpg\" alt=\"referencias de clientes Esbjerg mercanc\u00edas sometidas\" width=\"200\" height=\"96\" \/>Esbjerg Estate utiliza SureSMS para enviar mensajes de texto a los conductores. La comunicaci\u00f3n con los conductores es sencilla y fluida con una pasarela de SMS de SureSMS.<em>\"Estamos muy contentos con su sistema.<\/em><em>- Funciona de maravilla\".<\/em><strong>Peter Kristiansen, Interventor<\/strong><strong>Dioses de Esbjerg A\/S.<\/strong><\/p>\t\t\n\t\t<h4>Crear una cuenta de prueba gratuita<\/h4>\n\t\t<p>S\u00f3lo le llevar\u00e1 5 minutos. Empiece ahora mismo y consiga <strong>100 SMS gratuitos<\/strong> sin condiciones.<\/p>\n\t\t\t<a href=\"https:\/\/suresms.com\/es\/cuenta-de-prueba-de-sms-gratis\/\" target=\"_self\">\n\t\t\t\t\t\t\tCrear una cuenta de prueba\n\t\t\t\t\t<\/a>","protected":false},"excerpt":{"rendered":"<p>SMS para empresas de transporte y log\u00edstica En el sector del transporte y la expedici\u00f3n de mercanc\u00edas, tenemos muchos buenos clientes. Podemos garantizar una comunicaci\u00f3n r\u00e1pida entre empresas, conductores y clientes, permitiendo una comunicaci\u00f3n r\u00e1pida y segura a trav\u00e9s de distancias y fronteras. Las empresas de transporte y log\u00edstica conf\u00edan hoy en las soluciones m\u00f3viles para sus operaciones diarias. El sector se ha beneficiado enormemente ... <a title=\"SMS para empresas de transporte y log\u00edstica\" class=\"read-more\" href=\"https:\/\/suresms.com\/es\/branchelosninger\/sms-til-transport-og-logistikvirksomheder\/\" aria-label=\"Leer m\u00e1s sobre SMS para empresas de transporte y log\u00edstica\">M\u00e1s informaci\u00f3n<\/a><\/p>","protected":false},"author":1,"featured_media":0,"parent":1654,"menu_order":2,"comment_status":"closed","ping_status":"closed","template":"","meta":{"_fl_builder_enabled":"1","_fl_builder_data":null,"_fl_builder_draft":null,"_fl_builder_data_settings":null,"_fl_builder_css":"","_fl_builder_css_version":"","_fl_builder_js":"","footnotes":""},"categories":[],"tags":[],"class_list":["post-2632","page","type-page","status-publish"],"yoast_head":"<!-- This site is optimized with the Yoast SEO Premium plugin v27.3 (Yoast SEO v27.3) - https:\/\/yoast.com\/product\/yoast-seo-premium-wordpress\/ -->\r\n<title>Global SMS Gateway til Transport og Logistikvirksomheder. SureSMS<\/title>\r\n<meta name=\"description\" content=\"SureSMS er en Dansk SMS Gateway med mange \u00e5rs erfaring indenfor SMS til transport og logistikbranchen. Stabile SMS&#039;er til gode priser til Professionelle.\" \/>\r\n<meta name=\"robots\" content=\"index, follow, max-snippet:-1, max-image-preview:large, max-video-preview:-1\" \/>\r\n<link rel=\"canonical\" href=\"https:\/\/suresms.com\/es\/descargas-de-rama\/sms-para-empresas-de-transporte-y-logistica\/\" \/>\r\n<meta property=\"og:locale\" content=\"es_ES\" \/>\r\n<meta property=\"og:type\" content=\"article\" \/>\r\n<meta property=\"og:title\" content=\"SMS til Transport og Logistikvirksomheder\" \/>\r\n<meta property=\"og:description\" content=\"SureSMS er en Dansk SMS Gateway med mange \u00e5rs erfaring indenfor SMS til transport og logistikbranchen. Stabile SMS&#039;er til gode priser til Professionelle.\" \/>\r\n<meta property=\"og:url\" content=\"https:\/\/suresms.com\/es\/descargas-de-rama\/sms-para-empresas-de-transporte-y-logistica\/\" \/>\r\n<meta property=\"article:publisher\" content=\"https:\/\/www.facebook.com\/p\/SureSMS-100044607956149\/\" \/>\r\n<meta property=\"article:modified_time\" content=\"2025-01-03T14:17:14+00:00\" \/>\r\n<meta property=\"og:image\" content=\"https:\/\/suresms.com\/wp-content\/uploads\/2015\/02\/SMS-til-Transport-snippet.jpg\" \/>\r\n\t<meta property=\"og:image:width\" content=\"400\" \/>\r\n\t<meta property=\"og:image:height\" content=\"254\" \/>\r\n\t<meta property=\"og:image:type\" content=\"image\/jpeg\" \/>\r\n<meta name=\"twitter:card\" content=\"summary_large_image\" \/>\r\n<meta name=\"twitter:label1\" content=\"Tiempo de lectura\" \/>\n\t<meta name=\"twitter:data1\" content=\"3 minutos\" \/>\r\n<script type=\"application\/ld+json\" class=\"yoast-schema-graph\">{\"@context\":\"https:\\\/\\\/schema.org\",\"@graph\":[{\"@type\":\"WebPage\",\"@id\":\"https:\\\/\\\/suresms.com\\\/dk\\\/branchelosninger\\\/sms-til-transport-og-logistikvirksomheder\\\/\",\"url\":\"https:\\\/\\\/suresms.com\\\/dk\\\/branchelosninger\\\/sms-til-transport-og-logistikvirksomheder\\\/\",\"name\":\"Global SMS Gateway til Transport og Logistikvirksomheder. SureSMS\",\"isPartOf\":{\"@id\":\"https:\\\/\\\/suresms.com\\\/en\\\/#website\"},\"primaryImageOfPage\":{\"@id\":\"https:\\\/\\\/suresms.com\\\/dk\\\/branchelosninger\\\/sms-til-transport-og-logistikvirksomheder\\\/#primaryimage\"},\"image\":{\"@id\":\"https:\\\/\\\/suresms.com\\\/dk\\\/branchelosninger\\\/sms-til-transport-og-logistikvirksomheder\\\/#primaryimage\"},\"thumbnailUrl\":\"https:\\\/\\\/suresms.com\\\/wp-content\\\/uploads\\\/2016\\\/05\\\/Esbjerg-gods-200-x-99-px-daempet.jpg\",\"datePublished\":\"2016-05-23T13:27:47+00:00\",\"dateModified\":\"2025-01-03T14:17:14+00:00\",\"description\":\"SureSMS er en Dansk SMS Gateway med mange \u00e5rs erfaring indenfor SMS til transport og logistikbranchen. Stabile SMS'er til gode priser til Professionelle.\",\"breadcrumb\":{\"@id\":\"https:\\\/\\\/suresms.com\\\/dk\\\/branchelosninger\\\/sms-til-transport-og-logistikvirksomheder\\\/#breadcrumb\"},\"inLanguage\":\"es\",\"potentialAction\":[{\"@type\":\"ReadAction\",\"target\":[\"https:\\\/\\\/suresms.com\\\/dk\\\/branchelosninger\\\/sms-til-transport-og-logistikvirksomheder\\\/\"]}]},{\"@type\":\"ImageObject\",\"inLanguage\":\"es\",\"@id\":\"https:\\\/\\\/suresms.com\\\/dk\\\/branchelosninger\\\/sms-til-transport-og-logistikvirksomheder\\\/#primaryimage\",\"url\":\"https:\\\/\\\/suresms.com\\\/wp-content\\\/uploads\\\/2016\\\/05\\\/Esbjerg-gods-200-x-99-px-daempet.jpg\",\"contentUrl\":\"https:\\\/\\\/suresms.com\\\/wp-content\\\/uploads\\\/2016\\\/05\\\/Esbjerg-gods-200-x-99-px-daempet.jpg\"},{\"@type\":\"BreadcrumbList\",\"@id\":\"https:\\\/\\\/suresms.com\\\/dk\\\/branchelosninger\\\/sms-til-transport-og-logistikvirksomheder\\\/#breadcrumb\",\"itemListElement\":[{\"@type\":\"ListItem\",\"position\":1,\"name\":\"Home\",\"item\":\"https:\\\/\\\/suresms.com\\\/dk\\\/\"},{\"@type\":\"ListItem\",\"position\":2,\"name\":\"Branchel\u00f8sninger\",\"item\":\"https:\\\/\\\/suresms.com\\\/dk\\\/branchelosninger\\\/\"},{\"@type\":\"ListItem\",\"position\":3,\"name\":\"SMS til Transport og Logistikvirksomheder\"}]},{\"@type\":\"WebSite\",\"@id\":\"https:\\\/\\\/suresms.com\\\/en\\\/#website\",\"url\":\"https:\\\/\\\/suresms.com\\\/en\\\/\",\"name\":\"SureSMS\",\"description\":\"Professionel SMS Gateway\",\"publisher\":{\"@id\":\"https:\\\/\\\/suresms.com\\\/en\\\/#organization\"},\"potentialAction\":[{\"@type\":\"SearchAction\",\"target\":{\"@type\":\"EntryPoint\",\"urlTemplate\":\"https:\\\/\\\/suresms.com\\\/en\\\/?s={search_term_string}\"},\"query-input\":{\"@type\":\"PropertyValueSpecification\",\"valueRequired\":true,\"valueName\":\"search_term_string\"}}],\"inLanguage\":\"es\"},{\"@type\":\"Organization\",\"@id\":\"https:\\\/\\\/suresms.com\\\/en\\\/#organization\",\"name\":\"SureSMS\",\"url\":\"https:\\\/\\\/suresms.com\\\/en\\\/\",\"logo\":{\"@type\":\"ImageObject\",\"inLanguage\":\"es\",\"@id\":\"https:\\\/\\\/suresms.com\\\/en\\\/#\\\/schema\\\/logo\\\/image\\\/\",\"url\":\"https:\\\/\\\/suresms.com\\\/wp-content\\\/uploads\\\/2024\\\/11\\\/suresms-300x65-1.png\",\"contentUrl\":\"https:\\\/\\\/suresms.com\\\/wp-content\\\/uploads\\\/2024\\\/11\\\/suresms-300x65-1.png\",\"width\":300,\"height\":65,\"caption\":\"SureSMS\"},\"image\":{\"@id\":\"https:\\\/\\\/suresms.com\\\/en\\\/#\\\/schema\\\/logo\\\/image\\\/\"},\"sameAs\":[\"https:\\\/\\\/www.facebook.com\\\/p\\\/SureSMS-100044607956149\\\/\"]}]}<\/script>\r\n<!-- \/ Yoast SEO Premium plugin. -->","yoast_head_json":{"title":"Pasarela SMS global para empresas de transporte y log\u00edstica. SureSMS","description":"SureSMS es una pasarela de SMS danesa con muchos a\u00f1os de experiencia en SMS para el sector del transporte y la log\u00edstica. Mensajes SMS estables a precios excelentes para profesionales.","robots":{"index":"index","follow":"follow","max-snippet":"max-snippet:-1","max-image-preview":"max-image-preview:large","max-video-preview":"max-video-preview:-1"},"canonical":"https:\/\/suresms.com\/es\/descargas-de-rama\/sms-para-empresas-de-transporte-y-logistica\/","og_locale":"es_ES","og_type":"article","og_title":"SMS til Transport og Logistikvirksomheder","og_description":"SureSMS er en Dansk SMS Gateway med mange \u00e5rs erfaring indenfor SMS til transport og logistikbranchen. Stabile SMS'er til gode priser til Professionelle.","og_url":"https:\/\/suresms.com\/es\/descargas-de-rama\/sms-para-empresas-de-transporte-y-logistica\/","article_publisher":"https:\/\/www.facebook.com\/p\/SureSMS-100044607956149\/","article_modified_time":"2025-01-03T14:17:14+00:00","og_image":[{"width":400,"height":254,"url":"https:\/\/suresms.com\/wp-content\/uploads\/2015\/02\/SMS-til-Transport-snippet.jpg","type":"image\/jpeg"}],"twitter_card":"summary_large_image","twitter_misc":{"Tiempo de lectura":"3 minutos"},"schema":{"@context":"https:\/\/schema.org","@graph":[{"@type":"WebPage","@id":"https:\/\/suresms.com\/dk\/branchelosninger\/sms-til-transport-og-logistikvirksomheder\/","url":"https:\/\/suresms.com\/dk\/branchelosninger\/sms-til-transport-og-logistikvirksomheder\/","name":"Pasarela SMS global para empresas de transporte y log\u00edstica. SureSMS","isPartOf":{"@id":"https:\/\/suresms.com\/en\/#website"},"primaryImageOfPage":{"@id":"https:\/\/suresms.com\/dk\/branchelosninger\/sms-til-transport-og-logistikvirksomheder\/#primaryimage"},"image":{"@id":"https:\/\/suresms.com\/dk\/branchelosninger\/sms-til-transport-og-logistikvirksomheder\/#primaryimage"},"thumbnailUrl":"https:\/\/suresms.com\/wp-content\/uploads\/2016\/05\/Esbjerg-gods-200-x-99-px-daempet.jpg","datePublished":"2016-05-23T13:27:47+00:00","dateModified":"2025-01-03T14:17:14+00:00","description":"SureSMS es una pasarela de SMS danesa con muchos a\u00f1os de experiencia en SMS para el sector del transporte y la log\u00edstica. Mensajes SMS estables a precios excelentes para profesionales.","breadcrumb":{"@id":"https:\/\/suresms.com\/dk\/branchelosninger\/sms-til-transport-og-logistikvirksomheder\/#breadcrumb"},"inLanguage":"es","potentialAction":[{"@type":"ReadAction","target":["https:\/\/suresms.com\/dk\/branchelosninger\/sms-til-transport-og-logistikvirksomheder\/"]}]},{"@type":"ImageObject","inLanguage":"es","@id":"https:\/\/suresms.com\/dk\/branchelosninger\/sms-til-transport-og-logistikvirksomheder\/#primaryimage","url":"https:\/\/suresms.com\/wp-content\/uploads\/2016\/05\/Esbjerg-gods-200-x-99-px-daempet.jpg","contentUrl":"https:\/\/suresms.com\/wp-content\/uploads\/2016\/05\/Esbjerg-gods-200-x-99-px-daempet.jpg"},{"@type":"BreadcrumbList","@id":"https:\/\/suresms.com\/dk\/branchelosninger\/sms-til-transport-og-logistikvirksomheder\/#breadcrumb","itemListElement":[{"@type":"ListItem","position":1,"name":"Home","item":"https:\/\/suresms.com\/dk\/"},{"@type":"ListItem","position":2,"name":"Branchel\u00f8sninger","item":"https:\/\/suresms.com\/dk\/branchelosninger\/"},{"@type":"ListItem","position":3,"name":"SMS til Transport og Logistikvirksomheder"}]},{"@type":"WebSite","@id":"https:\/\/suresms.com\/en\/#website","url":"https:\/\/suresms.com\/en\/","name":"SureSMS","description":"Pasarela SMS profesional","publisher":{"@id":"https:\/\/suresms.com\/en\/#organization"},"potentialAction":[{"@type":"SearchAction","target":{"@type":"EntryPoint","urlTemplate":"https:\/\/suresms.com\/en\/?s={search_term_string}"},"query-input":{"@type":"PropertyValueSpecification","valueRequired":true,"valueName":"search_term_string"}}],"inLanguage":"es"},{"@type":"Organization","@id":"https:\/\/suresms.com\/en\/#organization","name":"SureSMS","url":"https:\/\/suresms.com\/en\/","logo":{"@type":"ImageObject","inLanguage":"es","@id":"https:\/\/suresms.com\/en\/#\/schema\/logo\/image\/","url":"https:\/\/suresms.com\/wp-content\/uploads\/2024\/11\/suresms-300x65-1.png","contentUrl":"https:\/\/suresms.com\/wp-content\/uploads\/2024\/11\/suresms-300x65-1.png","width":300,"height":65,"caption":"SureSMS"},"image":{"@id":"https:\/\/suresms.com\/en\/#\/schema\/logo\/image\/"},"sameAs":["https:\/\/www.facebook.com\/p\/SureSMS-100044607956149\/"]}]}},"_links":{"self":[{"href":"https:\/\/suresms.com\/es\/wp-json\/wp\/v2\/pages\/2632","targetHints":{"allow":["GET"]}}],"collection":[{"href":"https:\/\/suresms.com\/es\/wp-json\/wp\/v2\/pages"}],"about":[{"href":"https:\/\/suresms.com\/es\/wp-json\/wp\/v2\/types\/page"}],"author":[{"embeddable":true,"href":"https:\/\/suresms.com\/es\/wp-json\/wp\/v2\/users\/1"}],"replies":[{"embeddable":true,"href":"https:\/\/suresms.com\/es\/wp-json\/wp\/v2\/comments?post=2632"}],"version-history":[{"count":3,"href":"https:\/\/suresms.com\/es\/wp-json\/wp\/v2\/pages\/2632\/revisions"}],"predecessor-version":[{"id":19576,"href":"https:\/\/suresms.com\/es\/wp-json\/wp\/v2\/pages\/2632\/revisions\/19576"}],"up":[{"embeddable":true,"href":"https:\/\/suresms.com\/es\/wp-json\/wp\/v2\/pages\/1654"}],"wp:attachment":[{"href":"https:\/\/suresms.com\/es\/wp-json\/wp\/v2\/media?parent=2632"}],"wp:term":[{"taxonomy":"category","embeddable":true,"href":"https:\/\/suresms.com\/es\/wp-json\/wp\/v2\/categories?post=2632"},{"taxonomy":"post_tag","embeddable":true,"href":"https:\/\/suresms.com\/es\/wp-json\/wp\/v2\/tags?post=2632"}],"curies":[{"name":"wp","href":"https:\/\/api.w.org\/{rel}","templated":true}]}}