{"id":23804,"date":"2026-01-13T16:10:44","date_gmt":"2026-01-13T16:10:44","guid":{"rendered":"https:\/\/suresms.com\/?page_id=23804"},"modified":"2026-01-14T06:35:34","modified_gmt":"2026-01-14T06:35:34","slug":"integracion-entra-id-via-csv","status":"publish","type":"page","link":"https:\/\/suresms.com\/es\/integrationer\/booking-ldap-2fa\/integration-entra-id-via-csv\/","title":{"rendered":"Integraci\u00f3n de SMS en Entra ID (mediante archivo CSV)"},"content":{"rendered":"<!-- Flexy Breadcrumb -->\r\n\t\t\t<div class=\"fbc fbc-page\">\r\n\r\n\t\t\t\t<!-- Breadcrumb wrapper -->\r\n\t\t\t\t<div class=\"fbc-wrap\">\r\n\r\n\t\t\t\t\t<!-- Ordered list-->\r\n\t\t\t\t\t<ol class=\"fbc-items\" itemscope itemtype=\"https:\/\/schema.org\/BreadcrumbList\">\r\n\t\t\t\t\t\t            <li itemprop=\"itemListElement\" itemscope itemtype=\"https:\/\/schema.org\/ListItem\">\r\n                <span itemprop=\"name\">\r\n                    <!-- Home Link -->\r\n                    <a itemprop=\"item\" href=\"https:\/\/suresms.com\/es\/\">\r\n                    \r\n                                                    <i class=\"fa fa-home\" aria-hidden=\"true\"><\/i>Inicio                    <\/a>\r\n                <\/span>\r\n                <meta itemprop=\"position\" content=\"1\" \/><!-- Meta Position-->\r\n             <\/li><li><span class=\"fbc-separator\">\/<\/span><\/li><li class=\"active\" itemprop=\"itemListElement\" itemscope itemtype=\"https:\/\/schema.org\/ListItem\"><span itemprop=\"name\" title=\"Integraci\u00f3n de SMS en Entra ID (mediante archivo CSV)\">Integraci\u00f3n de SMS para Entra...<\/span><meta itemprop=\"position\" content=\"2\" \/><\/li>\t\t\t\t\t<\/ol>\r\n\t\t\t\t\t<div class=\"clearfix\"><\/div>\r\n\t\t\t\t<\/div>\r\n\t\t\t<\/div>\r\n\t\t\t\n\t\t<h1>Integraci\u00f3n SMS Entra ID mediante archivo CSV<\/h1>\t\n\t\t\t\t<img decoding=\"async\" src=\"https:\/\/suresms.com\/wp-content\/uploads\/2022\/08\/Azure-AD-2-1.png\" alt=\"Azure AD\" itemprop=\"image\" height=\"254\" width=\"700\" title=\"Azure AD\" onerror=\"this.style.display='none'\" loading=\"lazy\" \/>\n<h2>\n\t\t\t\u00bfQu\u00e9 es Entra ID, tambi\u00e9n conocido como Active Directory?\t<\/h2>\n\t<p>Microsoft Entra ID, anteriormente conocido como Azure Active Directory (Azure AD), es un servicio de gesti\u00f3n de identidades y accesos basado en la nube de Microsoft. Este servicio ayuda a las organizaciones a gestionar y proteger el acceso de los usuarios a las aplicaciones y los datos en una infraestructura de TI h\u00edbrida moderna. Mediante el uso de Microsoft Entra ID, las organizaciones pueden ofrecer inicio de sesi\u00f3n \u00fanico (SSO) y autenticaci\u00f3n multifactor para proteger las identidades de los usuarios y mejorar la seguridad. La integraci\u00f3n con Microsoft Entra ID y su Directorio Activo (AD) permite sincronizar y gestionar identidades de forma centralizada, simplificando la gesti\u00f3n de usuarios y el control de acceso. Esto es esencial para las organizaciones que desean una gesti\u00f3n de accesos eficaz y segura.<\/p>\n\t\t<h2>Preste atenci\u00f3n a ....<\/h2><p>Hay algunas cosas que debes tener en cuenta antes de empezar a crear una integraci\u00f3n de SMS AD con SureSMS.<\/p>\n<h4>GDPR<\/h4>\n<p>Lo primero que debe saber es que SureSMS est\u00e1 accediendo a sus datos personales. Esto significa que ahora estamos empezando a procesar datos para usted y, por lo tanto, debemos, en<a href=\"https:\/\/www.datatilsynet.dk\/hvad-siger-reglerne\">cumplir el GDPR<\/a>, tienen un acuerdo de tratamiento de datos.<\/p>\n<h4>N\u00fameros de tel\u00e9fono<\/h4>\n<p>Los n\u00fameros de tel\u00e9fono a los que tenemos que enviar deben estar en tu anuncio. Para poder enviar SMS a una persona, necesitamos conocer su n\u00famero de tel\u00e9fono. Por lo tanto, si usted no tiene n\u00fameros de tel\u00e9fono en su anuncio, o conseguirlo o no hacer una integraci\u00f3n.<\/p>\n<h4>Borrar contactos<\/h4>\n<p>La integraci\u00f3n es \u201cunidireccional\u201d. Esto significa que s\u00f3lo leemos la informaci\u00f3n de AD. La integraci\u00f3n toma todas las personas de su AD, por as\u00ed decirlo. As\u00ed, por ejemplo, si eliminas a una persona en SureSMS, s\u00f3lo volver\u00e1 si todav\u00eda est\u00e1 en AD. Siempre es AD quien tiene los datos correctos.<\/p>\n<h2>\n\t\t\tC\u00f3mo configurar la integraci\u00f3n de Entra ID\t<\/h2>\n\t<p>Tenemos varias opciones cuando se trata de la integraci\u00f3n de EntraID. Este art\u00edculo describe c\u00f3mo se realiza la integraci\u00f3n a trav\u00e9s de un archivo CSV.<\/p>\n<p>En general, la soluci\u00f3n se basa en un peque\u00f1o script que se ejecuta en sus instalaciones (es decir, dentro de los mecanismos de seguridad que haya establecido su organizaci\u00f3n). El script crea un archivo separado por comas con contenido sobre personas, n\u00fameros de tel\u00e9fono y grupos, y este archivo se env\u00eda de forma segura a trav\u00e9s de sFTP a SureSMS. A continuaci\u00f3n, SureSMS carga autom\u00e1ticamente el archivo en la cuenta asociada a las integraciones.<\/p>\n<p>As\u00ed que, empecemos.<\/p>\n<h2>\n\t\t\tC\u00f3mo funciona\t<\/h2>\nEl proceso se basa en un script de PowerShell que realiza las siguientes tareas:\n\n1.Se conecta de forma segura a Microsoft Entra ID utilizando la API Microsoft Graph.\n2. recupera miembros de uno o m\u00e1s grupos de usuarios especificados.\n3. extrae los datos relevantes (Nombre, C\u00f3digo de pa\u00eds, N\u00famero de tel\u00e9fono) y el nombre del grupo al que pertenecen.\n4. formatea los datos en un archivo CSV compatible con la plataforma SureSMS.\n5. carga autom\u00e1ticamente el archivo CSV en el servidor sFTP de SureSMS (sftp.suresms.com).\n<br \/>\nUna vez cargado el archivo, se importar\u00e1 autom\u00e1ticamente a los contactos de tu libreta de direcciones en SureSMS.\n<h2>\n\t\t\tFormato del archivo CSV\t<\/h2>\nEl script genera un archivo CSV con un punto y coma como separador, que es lo habitual en Dinamarca. El archivo contiene las siguientes columnas:\n<table>\n<tbody data-slate-node=\"element\">\n<tr data-slate-node=\"element\">\n<td data-slate-node=\"element\">\nColumna\n<\/td>\n<td data-slate-node=\"element\">\nDescripci\u00f3n\n<\/td>\n<td data-slate-node=\"element\">\nEjemplo\n<\/td>\n<\/tr>\n<tr data-slate-node=\"element\">\n<td data-slate-node=\"element\">\nNombre\n<\/td>\n<td data-slate-node=\"element\">\nNombre completo del usuario de Entra ID\n<\/td>\n<td data-slate-node=\"element\">\nAnders Jensen\n<\/td>\n<\/tr>\n<tr data-slate-node=\"element\">\n<td data-slate-node=\"element\">\nC\u00f3digo del pa\u00eds\n<\/td>\n<td data-slate-node=\"element\">C\u00f3digo de marcaci\u00f3n con prefijo +<\/td>\n<td data-slate-node=\"element\">\n+45\n<\/td>\n<\/tr>\n<tr data-slate-node=\"element\">\n<td data-slate-node=\"element\">\nN\u00famero de tel\u00e9fono\n<\/td>\n<td data-slate-node=\"element\">\nN\u00famero de m\u00f3vil o tel\u00e9fono del trabajo\n<\/td>\n<td data-slate-node=\"element\">\n12345678\n<\/td>\n<\/tr>\n<tr data-slate-node=\"element\">\n<td data-slate-node=\"element\">\nGrupo\n<\/td>\n<td data-slate-node=\"element\">\nEl nombre del grupo Entra ID al que pertenece el usuario\n<\/td>\n<td data-slate-node=\"element\">\nDepartamento de inform\u00e1tica\n<\/td>\n<\/tr>\n<\/tbody>\n<\/table>\nUn ejemplo del contenido del fichero podr\u00eda ser el siguiente:\nTexto sin formato\n\u201cAnders Jensen\u201d; \u201d+45\u2033; \u201d12345678\u2033; \u201dDepartamento de TI\u201d\n\u201cMaria Nielsen\u201d; \u201d+45\u2033; \u201d87654321\u2033; \u201dDepartamento de TI\u201d\n\u201cPeter Hansen\u201d;\u201d+45\u2033;\u201d11223344\u2033;\u201dSalg\u201d\n\u201cJohan Svensson\u201d;\u201d+46\u2033;\u201d701234567\u2033;\u201dSalg\u201d\n\nTenga en cuenta que el script convierte autom\u00e1ticamente los c\u00f3digos de pa\u00eds ISO (por ejemplo, DK, SE, NO) al formato de marcaci\u00f3n correcto (+45, +46, +47) y elimina cualquier prefijo de c\u00f3digo de pa\u00eds de los n\u00fameros de tel\u00e9fono.\n<h2>\n\t\t\tRequisitos previos\t<\/h2>\n<p>Antes de poder utilizar el script, aseg\u00farese de que su sistema cumple los siguientes requisitos:<\/p>\n<ul>\n<li>Windows PowerShell 5.1 o posterior (incluido en Windows 10 y 11).<\/li>\n<li>M\u00f3dulos PowerShell necesarios: El script intentar\u00e1 instalar autom\u00e1ticamente <u>Gr\u00e1fico<\/u> y <u>Posh-SSH<\/u>, si no est\u00e1n ya instalados. Esto requiere derechos de administrador la primera vez.<\/li>\n<li>Permisos en Entra ID: El usuario que ejecuta el script debe tener permiso para leer informaci\u00f3n de usuarios y grupos a trav\u00e9s de Microsoft Graph. La primera vez que se ejecute el script, se le pedir\u00e1 que consienta estos permisos.<\/li>\n<li>Acceso sFTP a SureSMS: Necesita un nombre de usuario y una contrase\u00f1a para el servidor sFTP de SureSMS.<\/li>\n<\/ul>\n<h2>\n\t\t\tGu\u00eda paso a paso\t<\/h2>\n<p>Siga estos pasos para configurar y ejecutar el script.<\/p>\n<h3>\n\t\t\tPaso 1: Descargar el script\t<\/h3>\n<p>Primero tienes que descargar <a href=\"https:\/\/suresms.com\/wp-content\/uploads\/2026\/01\/Export-EntraIDUsersToSFTP.zip\">El script PowerShell<\/a>. Guarde el archivo Export-EntraIDUsersToSFTP.ps1 en una ubicaci\u00f3n adecuada de su ordenador, por ejemplo en C:Scripts<\/p>\n<h3>\n\t\t\tPaso 2: Encuentre los detalles de su sFTP en SureSMS\t<\/h3>\n<p>Para que el script pueda cargar el archivo, necesita sus datos personales de inicio de sesi\u00f3n sFTP de SureSMS. El script ya est\u00e1 configurado para conectarse a sftp.suresms.com, por lo que s\u00f3lo necesita su nombre de usuario y contrase\u00f1a.<\/p>\n<p>Puedes obtener la informaci\u00f3n de tu sFTP enviando un correo electr\u00f3nico a support@suresms.com con tu n\u00famero de usuario y la direcci\u00f3n de correo electr\u00f3nico registrada (consulta la parte inferior izquierda cuando hayas iniciado sesi\u00f3n en app.suresms.com).<\/p>\n<h3>\n\t\t\tPaso 3: Ejecutar el script\t<\/h3>\n<p>Abra una ventana de PowerShell y vaya a la carpeta donde guard\u00f3 el script. Ahora puede ejecutar el script con los par\u00e1metros necesarios.<\/p>\n<p>A continuaci\u00f3n se muestra un ejemplo de c\u00f3mo ejecutar el script. Sustituya los valores por su propia informaci\u00f3n.<\/p>\n<p>.Export-EntraIDUsersToSFTP.ps1 -Groups \u201cAll Employees\u201d, \u201cIT Support\u201d ` -SFTPUsername \u201cditsftp-username\u201d<\/p>\n<p>Al ejecutar el comando:<\/p>\n<ul>\n<li>En primer lugar, se le pedir\u00e1 que inicie sesi\u00f3n en su cuenta de Microsoft para que el script tenga acceso a Entra ID.<\/li>\n<li>A continuaci\u00f3n, se le pedir\u00e1 que introduzca su contrase\u00f1a sFTP.<\/li>\n<\/ul>\n<p>El script recuperar\u00e1 ahora los datos, crear\u00e1 un archivo CSV llamado <u>EntraID_Export.csv<\/u> y c\u00e1rguelo en el servidor sFTP de SureSMS.<\/p>\n<p>&nbsp;<\/p>\n<p><em>Par\u00e1metros del script<\/em><\/p>\n<p>He aqu\u00ed un resumen de los par\u00e1metros que puede utilizar para personalizar la funci\u00f3n del script:<\/p>\n<p>&nbsp;<\/p>\n<table width=\"100%\">\n<thead>\n<tr>\n<td>Par\u00e1metro<\/td>\n<td>Descripci\u00f3n<\/td>\n<\/tr>\n<\/thead>\n<tbody>\n<tr>\n<td><u>-Grupos<\/u><\/td>\n<td>(Obligatorio) Una lista de los nombres de grupo de Entra ID que desea exportar. Sep\u00e1relos con comas, por ejemplo. <u>\u201cGrupo1\u201d, \u201cGrupo2\u201d<\/u>.<\/td>\n<\/tr>\n<tr>\n<td><u>-SFTPUsername<\/u><\/td>\n<td>(Obligatorio) Su nombre de usuario sFTP de SureSMS.<\/td>\n<\/tr>\n<tr>\n<td><u>-Contrase\u00f1a SFTP<\/u><\/td>\n<td>(Opcional) Contrase\u00f1a como SecureString. Si no se especifica, se le pedir\u00e1 que la introduzca.<\/td>\n<\/tr>\n<tr>\n<td><u>-SFTPPort<\/u><\/td>\n<td>(Opcional) Puerto sFTP. Por defecto es 22.<\/td>\n<\/tr>\n<tr>\n<td><u>-SFTPRemotePath<\/u><\/td>\n<td>La carpeta en el servidor sFTP donde el archivo debe ser subido. Por defecto es <u>\/<\/u>.<\/td>\n<\/tr>\n<tr>\n<td><u>-Ruta de salida<\/u><\/td>\n<td>(Opcional) Cambia el nombre o la ubicaci\u00f3n del archivo CSV local. Por defecto es <u>.EntraID_Export.csv<\/u>.<\/td>\n<\/tr>\n<tr>\n<td><u>-SkipSFTPUpload<\/u><\/td>\n<td>(Opcional) Si se especifica, s\u00f3lo se genera localmente el archivo CSV sin cargarlo en sFTP.<\/td>\n<\/tr>\n<\/tbody>\n<\/table>\n<h2>\n\t\t\tEjemplos de uso\t<\/h2>\n<h4>Ejemplo 1: Exportar un grupo y cargarlo en SureSMS<\/h4>\n<p>.Export-EntraIDUsersToSFTP.ps1 -Groups \u201cSales department\u201d -SFTPUsername \u201cmyuser\u201d<\/p>\n<h4>Ejemplo 2: Exportar varios grupos a una carpeta espec\u00edfica<\/h4>\n<p>.Export-EntraIDUsersToSFTP.ps1 -Groups \u201cIT\u201d, \u201cHR\u201d, \u201cManagement\u201d ` -SFTPUsername \u201cmyuser\u201d ` -SFTPRemotePath \u201c\/contacts\u201d<\/p>\n<h4>Ejemplo 3: S\u00f3lo exportaci\u00f3n local sin carga sFTP<\/h4>\n<p>.Export-EntraIDUsersToSFTP.ps1 -Groups \u201cAll Employees\u201d ` -OutputPath \u201cC:Export Employees.csv\u201d ` -SkipSFTPUpload<\/p>\n<h2>\n\t\t\tAutomatizaci\u00f3n con el Programador de tareas de Windows\t<\/h2>\n<p>Para mantener sincronizadas sus listas de contactos, puede configurar una tarea programada en Windows que ejecute el script autom\u00e1ticamente a intervalos regulares. Esto garantiza que los nuevos empleados o los cambios en los n\u00fameros de tel\u00e9fono se reflejen autom\u00e1ticamente en las listas de destinatarios de SureSMS sin ning\u00fan trabajo manual.<\/p>\n<p>Para crear una tarea programada:<\/p>\n<ul>\n<li>Abra el Programador de tareas en Windows.<\/li>\n<li>Haga clic en Crear tarea b\u00e1sica.<\/li>\n<li>Asigne un nombre a la tarea, por ejemplo \u201cSureSMS Contact Sync\u201d.<\/li>\n<li>Seleccione la frecuencia con la que debe ejecutarse la tarea (por ejemplo, diariamente).<\/li>\n<li>Seleccione Iniciar un programa como acci\u00f3n.<\/li>\n<li>Especifique <u>exe<\/u> como aplicaci\u00f3n y a\u00f1ada la ruta completa del script con par\u00e1metros como argumentos.<\/li>\n<\/ul>\n<p>Ejemplo de argumento:<\/p>\n<p>-ExecutionPolicy Bypass -File \u201cC:ScriptsExport-EntraIDUsersToSFTP.ps1\u201d -Groups \u201cAll Employees\u201d -SFTPUsername \u201cmyuser\u201d<\/p>\n<p>Nota: Para la conducci\u00f3n automatizada, debe almacenar la contrase\u00f1a de forma segura. Puede utilizar <u>-Contrase\u00f1a SFTP<\/u> con una SecureString almacenada en un archivo cifrado o ejecute el script bajo una cuenta de servicio con credenciales almacenadas.<\/p>\n<p>&nbsp;<\/p>","protected":false},"excerpt":{"rendered":"<p>Integraci\u00f3n SMS Entra ID v\u00eda archivo CSV \u00bfQu\u00e9 es Entra ID tambi\u00e9n conocido como Directorio Activo? Microsoft Entra ID, anteriormente conocido como Azure Active Directory (Azure AD), es un servicio de gesti\u00f3n de identidades y accesos basado en la nube de Microsoft. Este servicio ayuda a las organizaciones a gestionar y asegurar el acceso de los usuarios a las aplicaciones y los datos a trav\u00e9s de un ... <a title=\"Integraci\u00f3n de SMS en Entra ID (mediante archivo CSV)\" class=\"read-more\" href=\"https:\/\/suresms.com\/es\/integrationer\/booking-ldap-2fa\/integration-entra-id-via-csv\/\" aria-label=\"Leer m\u00e1s sobre Integraci\u00f3n de SMS a Entra ID (mediante archivo CSV)\">M\u00e1s informaci\u00f3n<\/a><\/p>","protected":false},"author":1,"featured_media":0,"parent":19541,"menu_order":1,"comment_status":"closed","ping_status":"closed","template":"","meta":{"_fl_builder_enabled":"1","_fl_builder_data":null,"_fl_builder_draft":null,"_fl_builder_data_settings":null,"_fl_builder_css":"","_fl_builder_css_version":"","_fl_builder_js":"","footnotes":""},"categories":[],"tags":[],"class_list":["post-23804","page","type-page","status-publish"],"yoast_head":"<!-- This site is optimized with the Yoast SEO Premium plugin v27.3 (Yoast SEO v27.3) - https:\/\/yoast.com\/product\/yoast-seo-premium-wordpress\/ -->\r\n<title>SMS integration til Entra ID (via CSV fil) - dyb integration<\/title>\r\n<meta name=\"description\" content=\"SMS AD Integration til Azure Active Directory. Fuldt integreret SMS l\u00f8sning i AD til beredskabs, alarmering, medarbejdere og mere\" \/>\r\n<meta name=\"robots\" content=\"index, follow, max-snippet:-1, max-image-preview:large, max-video-preview:-1\" \/>\r\n<link rel=\"canonical\" href=\"https:\/\/suresms.com\/es\/integraciones\/sistemas-de-contratacion-de-personal-temporal\/integracion-entra-id-via-csv\/\" \/>\r\n<meta property=\"og:locale\" content=\"es_ES\" \/>\r\n<meta property=\"og:type\" content=\"article\" \/>\r\n<meta property=\"og:title\" content=\"SMS integration til Entra ID (via CSV fil)\" \/>\r\n<meta property=\"og:description\" content=\"SMS AD Integration til Azure Active Directory. Fuldt integreret SMS l\u00f8sning i AD til beredskabs, alarmering, medarbejdere og mere\" \/>\r\n<meta property=\"og:url\" content=\"https:\/\/suresms.com\/es\/integraciones\/sistemas-de-contratacion-de-personal-temporal\/integracion-entra-id-via-csv\/\" \/>\r\n<meta property=\"article:publisher\" content=\"https:\/\/www.facebook.com\/p\/SureSMS-100044607956149\/\" \/>\r\n<meta property=\"article:modified_time\" content=\"2026-01-14T06:35:34+00:00\" \/>\r\n<meta property=\"og:image\" content=\"https:\/\/suresms.com\/wp-content\/uploads\/2022\/08\/Azure-AD-2-1.png\" \/>\r\n<meta name=\"twitter:card\" content=\"summary_large_image\" \/>\r\n<meta name=\"twitter:label1\" content=\"Tiempo de lectura\" \/>\n\t<meta name=\"twitter:data1\" content=\"7 minutos\" \/>\r\n<script type=\"application\/ld+json\" class=\"yoast-schema-graph\">{\"@context\":\"https:\\\/\\\/schema.org\",\"@graph\":[{\"@type\":\"WebPage\",\"@id\":\"https:\\\/\\\/suresms.com\\\/dk\\\/integrationer\\\/booking-ldap-2fa\\\/integration-entra-id-via-csv\\\/\",\"url\":\"https:\\\/\\\/suresms.com\\\/dk\\\/integrationer\\\/booking-ldap-2fa\\\/integration-entra-id-via-csv\\\/\",\"name\":\"SMS integration til Entra ID (via CSV fil) - dyb integration\",\"isPartOf\":{\"@id\":\"https:\\\/\\\/suresms.com\\\/en\\\/#website\"},\"primaryImageOfPage\":{\"@id\":\"https:\\\/\\\/suresms.com\\\/dk\\\/integrationer\\\/booking-ldap-2fa\\\/integration-entra-id-via-csv\\\/#primaryimage\"},\"image\":{\"@id\":\"https:\\\/\\\/suresms.com\\\/dk\\\/integrationer\\\/booking-ldap-2fa\\\/integration-entra-id-via-csv\\\/#primaryimage\"},\"thumbnailUrl\":\"https:\\\/\\\/suresms.com\\\/wp-content\\\/uploads\\\/2022\\\/08\\\/Azure-AD-2-1.png\",\"datePublished\":\"2026-01-13T16:10:44+00:00\",\"dateModified\":\"2026-01-14T06:35:34+00:00\",\"description\":\"SMS AD Integration til Azure Active Directory. Fuldt integreret SMS l\u00f8sning i AD til beredskabs, alarmering, medarbejdere og mere\",\"breadcrumb\":{\"@id\":\"https:\\\/\\\/suresms.com\\\/dk\\\/integrationer\\\/booking-ldap-2fa\\\/integration-entra-id-via-csv\\\/#breadcrumb\"},\"inLanguage\":\"es\",\"potentialAction\":[{\"@type\":\"ReadAction\",\"target\":[\"https:\\\/\\\/suresms.com\\\/dk\\\/integrationer\\\/booking-ldap-2fa\\\/integration-entra-id-via-csv\\\/\"]}]},{\"@type\":\"ImageObject\",\"inLanguage\":\"es\",\"@id\":\"https:\\\/\\\/suresms.com\\\/dk\\\/integrationer\\\/booking-ldap-2fa\\\/integration-entra-id-via-csv\\\/#primaryimage\",\"url\":\"https:\\\/\\\/suresms.com\\\/wp-content\\\/uploads\\\/2022\\\/08\\\/Azure-AD-2-1.png\",\"contentUrl\":\"https:\\\/\\\/suresms.com\\\/wp-content\\\/uploads\\\/2022\\\/08\\\/Azure-AD-2-1.png\"},{\"@type\":\"BreadcrumbList\",\"@id\":\"https:\\\/\\\/suresms.com\\\/dk\\\/integrationer\\\/booking-ldap-2fa\\\/integration-entra-id-via-csv\\\/#breadcrumb\",\"itemListElement\":[{\"@type\":\"ListItem\",\"position\":1,\"name\":\"Home\",\"item\":\"https:\\\/\\\/suresms.com\\\/dk\\\/\"},{\"@type\":\"ListItem\",\"position\":2,\"name\":\"Integrationer\",\"item\":\"https:\\\/\\\/suresms.com\\\/dk\\\/integrationer\\\/\"},{\"@type\":\"ListItem\",\"position\":3,\"name\":\"SMS integration til LDAP og brugerdatabaser\",\"item\":\"https:\\\/\\\/suresms.com\\\/dk\\\/integrationer\\\/booking-ldap-2fa\\\/\"},{\"@type\":\"ListItem\",\"position\":4,\"name\":\"SMS integration til Entra ID (via CSV fil)\"}]},{\"@type\":\"WebSite\",\"@id\":\"https:\\\/\\\/suresms.com\\\/en\\\/#website\",\"url\":\"https:\\\/\\\/suresms.com\\\/en\\\/\",\"name\":\"SureSMS\",\"description\":\"Professionel SMS Gateway\",\"publisher\":{\"@id\":\"https:\\\/\\\/suresms.com\\\/en\\\/#organization\"},\"potentialAction\":[{\"@type\":\"SearchAction\",\"target\":{\"@type\":\"EntryPoint\",\"urlTemplate\":\"https:\\\/\\\/suresms.com\\\/en\\\/?s={search_term_string}\"},\"query-input\":{\"@type\":\"PropertyValueSpecification\",\"valueRequired\":true,\"valueName\":\"search_term_string\"}}],\"inLanguage\":\"es\"},{\"@type\":\"Organization\",\"@id\":\"https:\\\/\\\/suresms.com\\\/en\\\/#organization\",\"name\":\"SureSMS\",\"url\":\"https:\\\/\\\/suresms.com\\\/en\\\/\",\"logo\":{\"@type\":\"ImageObject\",\"inLanguage\":\"es\",\"@id\":\"https:\\\/\\\/suresms.com\\\/en\\\/#\\\/schema\\\/logo\\\/image\\\/\",\"url\":\"https:\\\/\\\/suresms.com\\\/wp-content\\\/uploads\\\/2024\\\/11\\\/suresms-300x65-1.png\",\"contentUrl\":\"https:\\\/\\\/suresms.com\\\/wp-content\\\/uploads\\\/2024\\\/11\\\/suresms-300x65-1.png\",\"width\":300,\"height\":65,\"caption\":\"SureSMS\"},\"image\":{\"@id\":\"https:\\\/\\\/suresms.com\\\/en\\\/#\\\/schema\\\/logo\\\/image\\\/\"},\"sameAs\":[\"https:\\\/\\\/www.facebook.com\\\/p\\\/SureSMS-100044607956149\\\/\"]}]}<\/script>\r\n<!-- \/ Yoast SEO Premium plugin. -->","yoast_head_json":{"title":"Integraci\u00f3n de SMS a Entra ID (mediante archivo CSV) - integraci\u00f3n profunda","description":"Integraci\u00f3n de SMS AD para Azure Active Directory. Soluci\u00f3n SMS totalmente integrada en AD para respuestas de emergencia, alertas, empleados y mucho m\u00e1s.","robots":{"index":"index","follow":"follow","max-snippet":"max-snippet:-1","max-image-preview":"max-image-preview:large","max-video-preview":"max-video-preview:-1"},"canonical":"https:\/\/suresms.com\/es\/integraciones\/sistemas-de-contratacion-de-personal-temporal\/integracion-entra-id-via-csv\/","og_locale":"es_ES","og_type":"article","og_title":"SMS integration til Entra ID (via CSV fil)","og_description":"SMS AD Integration til Azure Active Directory. Fuldt integreret SMS l\u00f8sning i AD til beredskabs, alarmering, medarbejdere og mere","og_url":"https:\/\/suresms.com\/es\/integraciones\/sistemas-de-contratacion-de-personal-temporal\/integracion-entra-id-via-csv\/","article_publisher":"https:\/\/www.facebook.com\/p\/SureSMS-100044607956149\/","article_modified_time":"2026-01-14T06:35:34+00:00","og_image":[{"url":"https:\/\/suresms.com\/wp-content\/uploads\/2022\/08\/Azure-AD-2-1.png","type":"","width":"","height":""}],"twitter_card":"summary_large_image","twitter_misc":{"Tiempo de lectura":"7 minutos"},"schema":{"@context":"https:\/\/schema.org","@graph":[{"@type":"WebPage","@id":"https:\/\/suresms.com\/dk\/integrationer\/booking-ldap-2fa\/integration-entra-id-via-csv\/","url":"https:\/\/suresms.com\/dk\/integrationer\/booking-ldap-2fa\/integration-entra-id-via-csv\/","name":"Integraci\u00f3n de SMS a Entra ID (mediante archivo CSV) - integraci\u00f3n profunda","isPartOf":{"@id":"https:\/\/suresms.com\/en\/#website"},"primaryImageOfPage":{"@id":"https:\/\/suresms.com\/dk\/integrationer\/booking-ldap-2fa\/integration-entra-id-via-csv\/#primaryimage"},"image":{"@id":"https:\/\/suresms.com\/dk\/integrationer\/booking-ldap-2fa\/integration-entra-id-via-csv\/#primaryimage"},"thumbnailUrl":"https:\/\/suresms.com\/wp-content\/uploads\/2022\/08\/Azure-AD-2-1.png","datePublished":"2026-01-13T16:10:44+00:00","dateModified":"2026-01-14T06:35:34+00:00","description":"Integraci\u00f3n de SMS AD para Azure Active Directory. Soluci\u00f3n SMS totalmente integrada en AD para respuestas de emergencia, alertas, empleados y mucho m\u00e1s.","breadcrumb":{"@id":"https:\/\/suresms.com\/dk\/integrationer\/booking-ldap-2fa\/integration-entra-id-via-csv\/#breadcrumb"},"inLanguage":"es","potentialAction":[{"@type":"ReadAction","target":["https:\/\/suresms.com\/dk\/integrationer\/booking-ldap-2fa\/integration-entra-id-via-csv\/"]}]},{"@type":"ImageObject","inLanguage":"es","@id":"https:\/\/suresms.com\/dk\/integrationer\/booking-ldap-2fa\/integration-entra-id-via-csv\/#primaryimage","url":"https:\/\/suresms.com\/wp-content\/uploads\/2022\/08\/Azure-AD-2-1.png","contentUrl":"https:\/\/suresms.com\/wp-content\/uploads\/2022\/08\/Azure-AD-2-1.png"},{"@type":"BreadcrumbList","@id":"https:\/\/suresms.com\/dk\/integrationer\/booking-ldap-2fa\/integration-entra-id-via-csv\/#breadcrumb","itemListElement":[{"@type":"ListItem","position":1,"name":"Home","item":"https:\/\/suresms.com\/dk\/"},{"@type":"ListItem","position":2,"name":"Integrationer","item":"https:\/\/suresms.com\/dk\/integrationer\/"},{"@type":"ListItem","position":3,"name":"SMS integration til LDAP og brugerdatabaser","item":"https:\/\/suresms.com\/dk\/integrationer\/booking-ldap-2fa\/"},{"@type":"ListItem","position":4,"name":"SMS integration til Entra ID (via CSV fil)"}]},{"@type":"WebSite","@id":"https:\/\/suresms.com\/en\/#website","url":"https:\/\/suresms.com\/en\/","name":"SureSMS","description":"Pasarela SMS profesional","publisher":{"@id":"https:\/\/suresms.com\/en\/#organization"},"potentialAction":[{"@type":"SearchAction","target":{"@type":"EntryPoint","urlTemplate":"https:\/\/suresms.com\/en\/?s={search_term_string}"},"query-input":{"@type":"PropertyValueSpecification","valueRequired":true,"valueName":"search_term_string"}}],"inLanguage":"es"},{"@type":"Organization","@id":"https:\/\/suresms.com\/en\/#organization","name":"SureSMS","url":"https:\/\/suresms.com\/en\/","logo":{"@type":"ImageObject","inLanguage":"es","@id":"https:\/\/suresms.com\/en\/#\/schema\/logo\/image\/","url":"https:\/\/suresms.com\/wp-content\/uploads\/2024\/11\/suresms-300x65-1.png","contentUrl":"https:\/\/suresms.com\/wp-content\/uploads\/2024\/11\/suresms-300x65-1.png","width":300,"height":65,"caption":"SureSMS"},"image":{"@id":"https:\/\/suresms.com\/en\/#\/schema\/logo\/image\/"},"sameAs":["https:\/\/www.facebook.com\/p\/SureSMS-100044607956149\/"]}]}},"_links":{"self":[{"href":"https:\/\/suresms.com\/es\/wp-json\/wp\/v2\/pages\/23804","targetHints":{"allow":["GET"]}}],"collection":[{"href":"https:\/\/suresms.com\/es\/wp-json\/wp\/v2\/pages"}],"about":[{"href":"https:\/\/suresms.com\/es\/wp-json\/wp\/v2\/types\/page"}],"author":[{"embeddable":true,"href":"https:\/\/suresms.com\/es\/wp-json\/wp\/v2\/users\/1"}],"replies":[{"embeddable":true,"href":"https:\/\/suresms.com\/es\/wp-json\/wp\/v2\/comments?post=23804"}],"version-history":[{"count":7,"href":"https:\/\/suresms.com\/es\/wp-json\/wp\/v2\/pages\/23804\/revisions"}],"predecessor-version":[{"id":23815,"href":"https:\/\/suresms.com\/es\/wp-json\/wp\/v2\/pages\/23804\/revisions\/23815"}],"up":[{"embeddable":true,"href":"https:\/\/suresms.com\/es\/wp-json\/wp\/v2\/pages\/19541"}],"wp:attachment":[{"href":"https:\/\/suresms.com\/es\/wp-json\/wp\/v2\/media?parent=23804"}],"wp:term":[{"taxonomy":"category","embeddable":true,"href":"https:\/\/suresms.com\/es\/wp-json\/wp\/v2\/categories?post=23804"},{"taxonomy":"post_tag","embeddable":true,"href":"https:\/\/suresms.com\/es\/wp-json\/wp\/v2\/tags?post=23804"}],"curies":[{"name":"wp","href":"https:\/\/api.w.org\/{rel}","templated":true}]}}