{"id":23794,"date":"2026-01-08T18:05:23","date_gmt":"2026-01-08T17:05:23","guid":{"rendered":"https:\/\/suresms.com\/?page_id=23651"},"modified":"2026-01-09T05:52:22","modified_gmt":"2026-01-09T05:52:22","slug":"sms-marketing-para-comerciantes-de-vino08-01-2026-180523","status":"publish","type":"page","link":"https:\/\/suresms.com\/es\/lp\/branche\/sms-marketing-for-vinhandlere08-01-2026-180523\/","title":{"rendered":"Marketing por SMS para comerciantes de vino | Fomente la fidelidad y aumente las ventas"},"content":{"rendered":"<!-- Flexy Breadcrumb -->\r\n\t\t\t<div class=\"fbc fbc-page\">\r\n\r\n\t\t\t\t<!-- Breadcrumb wrapper -->\r\n\t\t\t\t<div class=\"fbc-wrap\">\r\n\r\n\t\t\t\t\t<!-- Ordered list-->\r\n\t\t\t\t\t<ol class=\"fbc-items\" itemscope itemtype=\"https:\/\/schema.org\/BreadcrumbList\">\r\n\t\t\t\t\t\t            <li itemprop=\"itemListElement\" itemscope itemtype=\"https:\/\/schema.org\/ListItem\">\r\n                <span itemprop=\"name\">\r\n                    <!-- Home Link -->\r\n                    <a itemprop=\"item\" href=\"https:\/\/suresms.com\/es\/\">\r\n                    \r\n                                                    <i class=\"fa fa-home\" aria-hidden=\"true\"><\/i>Inicio                    <\/a>\r\n                <\/span>\r\n                <meta itemprop=\"position\" content=\"1\" \/><!-- Meta Position-->\r\n             <\/li><li><span class=\"fbc-separator\">\/<\/span><\/li><li class=\"active\" itemprop=\"itemListElement\" itemscope itemtype=\"https:\/\/schema.org\/ListItem\"><span itemprop=\"name\" title=\"Marketing por SMS para comerciantes de vino | Fomente la fidelidad y aumente las ventas\">Marketing por SMS para comerciantes de vino...<\/span><meta itemprop=\"position\" content=\"2\" \/><\/li>\t\t\t\t\t<\/ol>\r\n\t\t\t\t\t<div class=\"clearfix\"><\/div>\r\n\t\t\t\t<\/div>\r\n\t\t\t<\/div>\r\n\t\t\t\n<h1>\n\t\t\tMarketing por SMS eficaz para comerciantes de vino: refuerce su club de clientes\t<\/h1>\n\t<p>Potencie su negocio vin\u00edcola con un eficaz club de clientes por SMS. Ofrezca a sus clientes ofertas exclusivas y actualizaciones directamente en sus m\u00f3viles y aumente las ventas mediante el marketing por SMS dirigido.<\/p>\n\t\t<h2>Optimice su negocio vin\u00edcola con clubes de fidelizaci\u00f3n por SMS<\/h2><p>El marketing por SMS ofrece a los comerciantes de vino una forma eficaz de atraer a los clientes. Estas son algunas de las ventajas de implementar un club de clientes por SMS:<\/p>\n<p><b>Comunicaci\u00f3n r\u00e1pida:<\/b> Los mensajes SMS llegan a los clientes al instante, lo que garantiza que las actualizaciones y ofertas importantes no se pierdan.<\/p>\n<p><b>Alta tasa de apertura:<\/b> Los SMS tienen una tasa de apertura significativamente mayor que los correos electr\u00f3nicos, lo que aumenta las posibilidades de que los clientes respondan a sus mensajes.<\/p>\n<p><b>Contacto personal:<\/b> A trav\u00e9s de los SMS, puede enviar mensajes personalizados que crean una conexi\u00f3n m\u00e1s personal con sus clientes, lo que puede aumentar su fidelidad.<\/p>\n<p><b>Aumento de las ventas:<\/b> Los SMS pueden utilizarse para informar sobre ofertas exclusivas, eventos o nuevos productos, lo que puede atraer tr\u00e1fico a su tienda en l\u00ednea y aumentar las ventas.<\/p>\n<p>Aprovechando estas ventajas, los comerciantes de vino pueden reforzar su base de clientes, mejorar la comunicaci\u00f3n y aumentar los ingresos mediante el marketing por SMS dirigido.<\/p>\n\t\t\t\t<img decoding=\"async\" src=\"https:\/\/suresms.com\/wp-content\/uploads\/2026\/01\/FORDELE-3-8.png\" alt=\"\" itemprop=\"image\" onerror=\"this.style.display='none'\" loading=\"lazy\" \/>\n\t\t\t<a href=\"https:\/\/app.suresms.com\/account\/signup\" target=\"_blank\" rel=\"noopener\">\n\t\t\t\t\t\t\tCrear una cuenta gratuita\n\t\t\t\t\t<\/a>\n\t\t\t\t<img decoding=\"async\" src=\"https:\/\/suresms.com\/wp-content\/uploads\/2026\/01\/HVORFORSURESMS-3-8.png\" alt=\"\" itemprop=\"image\" onerror=\"this.style.display='none'\" loading=\"lazy\" \/>\n<h2>\n\t\t\tOptimice su negocio vin\u00edcola con las potentes soluciones de SMS de SureSMS\t<\/h2>\n\t<p>SureSMS ofrece a los comerciantes de vino una soluci\u00f3n de SMS personalizada que capta eficazmente a los clientes mediante una comunicaci\u00f3n dirigida. Nuestra plataforma permite el env\u00edo r\u00e1pido de promociones, actualizaciones y ofertas exclusivas directamente a los tel\u00e9fonos m\u00f3viles de los clientes. Aumente las ventas y fidelice a sus clientes con nuestro sencillo sistema.<\/p>\n\t\t\t\n<br \/>\n<br \/>\n\n<p>Nuestro club de clientes por SMS ha aumentado considerablemente la fidelidad de nuestros clientes, a quienes les encantan las ofertas exclusivas.<\/p>\n\t\t\t<p><br \/><br \/>Con el marketing por SMS, llegamos directamente a nuestros clientes, lo que se ha traducido en ventas m\u00e1s r\u00e1pidas y un mayor compromiso.<\/p>\t\t\n\t\t\t<br \/>\n<br \/>\n\n<p>Hemos observado un aumento de nuestros pedidos en l\u00ednea desde que implantamos las campa\u00f1as por SMS. \u00a1Funciona!<\/p>\n\t\t\t<br \/>\n<br \/>\n\n<p>El Club de Clientes SMS nos ha permitido comunicarnos personalmente con nuestros clientes, lo que ha cambiado las reglas del juego.<\/p>\n\t\t\t<br \/>\n<br \/>\n\n<p>Nuestros clientes responden r\u00e1pidamente a los mensajes SMS, lo que ha mejorado considerablemente nuestras campa\u00f1as.<\/p>\n\t\t\t<br \/>\n<br \/>\n\n<p>El marketing por SMS nos ha dado una nueva dimensi\u00f3n en nuestra comunicaci\u00f3n: vemos resultados cada semana.<\/p>\n\t\t\t\t\t\t\t\t\t\t<h4 tabindex=\"0\">\u00bfQu\u00e9 es el club de clientes SMS para comerciantes de vino?<\/h4>\n\t\t\t\t\t<p>El club de clientes por SMS es una forma eficaz de que los comerciantes de vino capten a sus clientes directamente a trav\u00e9s del tel\u00e9fono m\u00f3vil. Permite enviar mensajes espec\u00edficos, ofertas e informaci\u00f3n sobre nuevos productos o eventos directamente a los clientes. Al crear un club de clientes por SMS, los comerciantes de vino pueden fidelizar a sus clientes, ya que se crea una conexi\u00f3n personal con ellos. Los clientes suelen unirse al club para recibir ofertas exclusivas, descuentos y actualizaciones, lo que puede aumentar las ventas y mejorar la satisfacci\u00f3n del cliente. Un club de clientes por SMS tambi\u00e9n puede ayudar a segmentar a los clientes, permitiendo a las licorer\u00edas enviar mensajes personalizados basados en las preferencias del cliente y su historial de compras. Esto hace que la comunicaci\u00f3n sea m\u00e1s relevante y eficaz. Es importante cumplir la normativa vigente sobre protecci\u00f3n de datos y asegurarse de que los clientes han dado su consentimiento para recibir mensajes SMS. Al implantar un club de clientes por SMS, las tiendas de vinos no s\u00f3lo pueden aumentar su visibilidad, sino tambi\u00e9n fortalecer las relaciones con sus clientes, lo que puede conducir a una mayor fidelidad y repetici\u00f3n de las compras.<\/p>\n\t\t\t\t\t\t\t\t\t\t<h4 tabindex=\"0\">\u00bfC\u00f3mo puedo inscribir a mis clientes en el Club de Clientes SMS?<\/h4>\n\t\t\t\t\t<p>El club de clientes por SMS es una soluci\u00f3n eficaz para los comerciantes de vino con tiendas online que quieren reforzar su comunicaci\u00f3n con los clientes y aumentar las ventas. Al integrar el marketing por SMS en su estrategia, puede llegar a sus clientes directamente a sus tel\u00e9fonos m\u00f3viles, lo que garantiza que sus mensajes sean vistos y se act\u00fae en consecuencia.<\/p>\n<p>Con un club de clientes por SMS, puede enviar mensajes espec\u00edficos sobre el lanzamiento de nuevos vinos, ofertas exclusivas y pr\u00f3ximos eventos. Esto crea una conexi\u00f3n personalizada con sus clientes y les anima a comprometerse con su marca. Adem\u00e1s, puedes utilizar los SMS para informar sobre actualizaciones importantes, como cambios en los horarios de apertura o en las opciones de entrega.<\/p>\n<p>La eficacia del marketing por SMS radica en la elevada tasa de apertura y la rapidez de respuesta. Los clientes pueden inscribirse r\u00e1pidamente en su club de clientes por SMS y recibir informaci\u00f3n relevante, lo que aumenta las posibilidades de que repitan la compra. Si ofrece incentivos como descuentos o programas de fidelizaci\u00f3n, puede motivar a\u00fan m\u00e1s a los clientes para que se inscriban.<\/p>\n<p>Implantar un club de clientes por SMS no requiere muchos recursos, pero puede tener un impacto significativo en su negocio. Es una forma moderna y c\u00f3moda de mantenerse en contacto con sus clientes y asegurarse de que siempre est\u00e1n al d\u00eda de sus productos y ofertas. Convierta el marketing por SMS en una parte central de su estrategia de comunicaci\u00f3n y experimente los beneficios de una base de clientes comprometida.<\/p>\n\t\t\t\t\t\t\t\t\t\t<h4 tabindex=\"0\">\u00bfQu\u00e9 tipos de mensajes puedo enviar por SMS?<\/h4>\n\t\t\t\t\t<p>Como comerciante de vinos, puedes enviar una variedad de mensajes a tus clientes a trav\u00e9s de SMS, lo que puede ayudar a aumentar el compromiso y las ventas. En primer lugar, puedes enviar ofertas y descuentos exclusivos que s\u00f3lo est\u00e9n disponibles para los miembros de tu club de clientes por SMS. Esto puede motivar a los clientes a actuar m\u00e1s r\u00e1pido y crear una sensaci\u00f3n de exclusividad. Adem\u00e1s, puedes informar sobre nuevos productos que tengas en stock o eventos especiales sobre vinos que est\u00e9s organizando. Tambi\u00e9n puede ser \u00fatil enviar recordatorios sobre pr\u00f3ximos eventos o catas para que los clientes no pierdan la oportunidad de asistir. Otro tipo de mensaje importante es el seguimiento posterior a la compra, en el que puede agradecer a los clientes su compra y animarles a dejar sus comentarios. Esto puede reforzar su relaci\u00f3n con los clientes y demostrar que valora su opini\u00f3n. Por \u00faltimo, tambi\u00e9n puede enviar actualizaciones generales sobre su negocio, como cambios en los horarios de apertura o nuevas iniciativas. Es importante asegurarse de que los mensajes sean relevantes y valiosos para los clientes, a fin de mantener su inter\u00e9s en recibirlos.<\/p>\n\t\t\t\t\t\t\t\t\t\t<h4 tabindex=\"0\">\u00bfC\u00f3mo puedo medir el impacto del marketing por SMS?<\/h4>\n\t\t\t\t\t<p>Medir el impacto del marketing por SMS es crucial para entender c\u00f3mo afecta a tu negocio y optimizar tus futuras campa\u00f1as. Una de las formas m\u00e1s directas de medir el impacto es observar las tasas de apertura de los mensajes SMS que env\u00edas. Dado que los mensajes SMS suelen tener una tasa de apertura superior a la de los correos electr\u00f3nicos, cabe esperar que una gran proporci\u00f3n de tus clientes lean tus mensajes. Tambi\u00e9n puedes saber cu\u00e1ntos clientes responden a tus ofertas analizando las ventas generadas en el periodo posterior a una campa\u00f1a de SMS. Esto puede hacerse comparando las ventas antes y despu\u00e9s de la campa\u00f1a. Adem\u00e1s, puede recoger las opiniones de los clientes para evaluar su grado de satisfacci\u00f3n con las ofertas y la informaci\u00f3n que reciben. Tambi\u00e9n puede ser \u00fatil analizar qu\u00e9 tipos de mensajes generan m\u00e1s participaci\u00f3n para poder adaptar la comunicaci\u00f3n en el futuro. Por \u00faltimo, considere la posibilidad de utilizar c\u00f3digos o enlaces exclusivos en sus mensajes SMS que los clientes puedan utilizar al realizar compras, lo que facilitar\u00e1 el seguimiento de las campa\u00f1as m\u00e1s eficaces. Combinando estos m\u00e9todos, podr\u00e1 hacerse una idea clara de c\u00f3mo su marketing por SMS est\u00e1 afectando a su negocio.<\/p>\n\t\t\t\t\t\t\t\t\t\t<h4 tabindex=\"0\">\u00bfExisten normas para el marketing por SMS?<\/h4>\n\t\t\t\t\t<p>S\u00ed, hay varias normas y directrices que los comerciantes de vino deben seguir<\/p>\n\t\t\t\t\t\t\t\t\t\t<h4 tabindex=\"0\">\u00bfC\u00f3mo puede ayudar el marketing por SMS a los comerciantes de vino?<\/h4>\n\t\t\t\t\t<p>En una era en la que la comunicaci\u00f3n digital es primordial, el marketing por SMS puede cambiar las reglas del juego para los comerciantes de vino con tiendas online. Al implementar un club de clientes por SMS, puedes crear una conexi\u00f3n directa y personalizada con tus clientes, aumentando el compromiso y la fidelidad. Los mensajes SMS tienen una alta tasa de apertura, lo que significa que sus ofertas y noticias llegar\u00e1n a los destinatarios de forma r\u00e1pida y eficaz.<\/p>\n<p>Un club de clientes por SMS te permite enviar mensajes espec\u00edficos a tus clientes, lo que puede ser especialmente valioso para promociones estacionales, lanzamientos de nuevos productos u ofertas exclusivas. Al segmentar su base de clientes, puede adaptar el contenido a diferentes grupos de clientes, aumentando la relevancia de sus mensajes. Por ejemplo, puede enviar ofertas especiales de vinos tintos a clientes que hayan comprado anteriormente vinos tintos o invitar a catas de nuevos vinos blancos a quienes hayan mostrado inter\u00e9s por este segmento.<\/p>\n<p>Adem\u00e1s, el marketing por SMS puede ser una forma eficaz de crear una sensaci\u00f3n de exclusividad en torno a su club de clientes. Al ofrecer a los miembros acceso anticipado a nuevos productos o descuentos especiales, puede motivar a m\u00e1s clientes a inscribirse. Esto no s\u00f3lo crea una base de clientes fieles, sino que tambi\u00e9n puede conducir a un aumento de las ventas y a una identidad de marca m\u00e1s fuerte.<\/p>\n<p>Poner en marcha un club de clientes por SMS requiere un enfoque estrat\u00e9gico, pero las ventajas son evidentes. Utilizando el marketing por SMS, los comerciantes de vino no s\u00f3lo pueden mejorar la comunicaci\u00f3n con sus clientes, sino tambi\u00e9n aumentar las ventas y reforzar su posici\u00f3n en el mercado. Es una inversi\u00f3n de futuro, en la que la comunicaci\u00f3n directa y personalizada ser\u00e1 cada vez m\u00e1s importante.<\/p>","protected":false},"excerpt":{"rendered":"<p>Marketing por SMS eficaz para comerciantes de vino: potencie su club de clientes Potencie su negocio vin\u00edcola con un club de clientes por SMS eficaz. Ofrezca a sus clientes ofertas exclusivas y actualizaciones directamente en sus m\u00f3viles y aumente las ventas a trav\u00e9s del marketing por SMS dirigido. Optimice su negocio de vinos con clubes de clientes por SMS El marketing por SMS ofrece a los comerciantes de vinos una forma eficaz de captar clientes. Estas son algunas de ... <a title=\"Marketing por SMS para comerciantes de vino | Fomente la fidelidad y aumente las ventas\" class=\"read-more\" href=\"https:\/\/suresms.com\/es\/lp\/branche\/sms-marketing-for-vinhandlere08-01-2026-180523\/\" aria-label=\"Leer m\u00e1s sobre Marketing por SMS para tiendas de licores | Fidelizaci\u00f3n y upselling\">M\u00e1s informaci\u00f3n<\/a><\/p>","protected":false},"author":1,"featured_media":0,"parent":23772,"menu_order":0,"comment_status":"closed","ping_status":"closed","template":"","meta":{"_fl_builder_enabled":"1","_fl_builder_data":null,"_fl_builder_draft":null,"_fl_builder_data_settings":null,"_fl_builder_css":"","_fl_builder_css_version":"","_fl_builder_js":"","footnotes":""},"categories":[],"tags":[],"class_list":["post-23794","page","type-page","status-publish"],"yoast_head":"<!-- This site is optimized with the Yoast SEO Premium plugin v27.3 (Yoast SEO v27.3) - https:\/\/yoast.com\/product\/yoast-seo-premium-wordpress\/ -->\r\n<title>SMS marketing til vinhandlere | Skab loyalitet og mersalg -<\/title>\r\n<meta name=\"description\" content=\"Se hvordan vinhandlere bruger SMS til events, nye \u00e5rgange og VIP-kunder. F\u00e5 konkrete eksempler p\u00e5 SMS marketing i vinbranchen.\" \/>\r\n<meta name=\"robots\" content=\"index, follow, max-snippet:-1, max-image-preview:large, max-video-preview:-1\" \/>\r\n<link rel=\"canonical\" href=\"https:\/\/suresms.com\/es\/lp\/sector\/sms-marketing-para-comerciantes-de-vino08-01-2026-180523\/\" \/>\r\n<meta property=\"og:locale\" content=\"es_ES\" \/>\r\n<meta property=\"og:type\" content=\"article\" \/>\r\n<meta property=\"og:title\" content=\"SMS marketing til vinhandlere | Skab loyalitet og mersalg\" \/>\r\n<meta property=\"og:description\" content=\"Se hvordan vinhandlere bruger SMS til events, nye \u00e5rgange og VIP-kunder. F\u00e5 konkrete eksempler p\u00e5 SMS marketing i vinbranchen.\" \/>\r\n<meta property=\"og:url\" content=\"https:\/\/suresms.com\/es\/lp\/sector\/sms-marketing-para-comerciantes-de-vino08-01-2026-180523\/\" \/>\r\n<meta property=\"article:publisher\" content=\"https:\/\/www.facebook.com\/p\/SureSMS-100044607956149\/\" \/>\r\n<meta property=\"article:modified_time\" content=\"2026-01-09T05:52:22+00:00\" \/>\r\n<meta property=\"og:image\" content=\"https:\/\/suresms.com\/wp-content\/uploads\/2026\/01\/FORDELE-3-8.png\" \/>\r\n<meta name=\"twitter:card\" content=\"summary_large_image\" \/>\r\n<meta name=\"twitter:label1\" content=\"Tiempo de lectura\" \/>\n\t<meta name=\"twitter:data1\" content=\"2 minutos\" \/>\r\n<script type=\"application\/ld+json\" class=\"yoast-schema-graph\">{\"@context\":\"https:\\\/\\\/schema.org\",\"@graph\":[{\"@type\":\"WebPage\",\"@id\":\"https:\\\/\\\/suresms.com\\\/dk\\\/lp\\\/branche\\\/sms-marketing-for-vinhandlere08-01-2026-180523\\\/\",\"url\":\"https:\\\/\\\/suresms.com\\\/dk\\\/lp\\\/branche\\\/sms-marketing-for-vinhandlere08-01-2026-180523\\\/\",\"name\":\"SMS marketing til vinhandlere | Skab loyalitet og mersalg -\",\"isPartOf\":{\"@id\":\"https:\\\/\\\/suresms.com\\\/en\\\/#website\"},\"primaryImageOfPage\":{\"@id\":\"https:\\\/\\\/suresms.com\\\/dk\\\/lp\\\/branche\\\/sms-marketing-for-vinhandlere08-01-2026-180523\\\/#primaryimage\"},\"image\":{\"@id\":\"https:\\\/\\\/suresms.com\\\/dk\\\/lp\\\/branche\\\/sms-marketing-for-vinhandlere08-01-2026-180523\\\/#primaryimage\"},\"thumbnailUrl\":\"https:\\\/\\\/suresms.com\\\/wp-content\\\/uploads\\\/2026\\\/01\\\/FORDELE-3-8.png\",\"datePublished\":\"2026-01-08T17:05:23+00:00\",\"dateModified\":\"2026-01-09T05:52:22+00:00\",\"description\":\"Se hvordan vinhandlere bruger SMS til events, nye \u00e5rgange og VIP-kunder. F\u00e5 konkrete eksempler p\u00e5 SMS marketing i vinbranchen.\",\"breadcrumb\":{\"@id\":\"https:\\\/\\\/suresms.com\\\/dk\\\/lp\\\/branche\\\/sms-marketing-for-vinhandlere08-01-2026-180523\\\/#breadcrumb\"},\"inLanguage\":\"es\",\"potentialAction\":[{\"@type\":\"ReadAction\",\"target\":[\"https:\\\/\\\/suresms.com\\\/dk\\\/lp\\\/branche\\\/sms-marketing-for-vinhandlere08-01-2026-180523\\\/\"]}]},{\"@type\":\"ImageObject\",\"inLanguage\":\"es\",\"@id\":\"https:\\\/\\\/suresms.com\\\/dk\\\/lp\\\/branche\\\/sms-marketing-for-vinhandlere08-01-2026-180523\\\/#primaryimage\",\"url\":\"https:\\\/\\\/suresms.com\\\/wp-content\\\/uploads\\\/2026\\\/01\\\/FORDELE-3-8.png\",\"contentUrl\":\"https:\\\/\\\/suresms.com\\\/wp-content\\\/uploads\\\/2026\\\/01\\\/FORDELE-3-8.png\"},{\"@type\":\"BreadcrumbList\",\"@id\":\"https:\\\/\\\/suresms.com\\\/dk\\\/lp\\\/branche\\\/sms-marketing-for-vinhandlere08-01-2026-180523\\\/#breadcrumb\",\"itemListElement\":[{\"@type\":\"ListItem\",\"position\":1,\"name\":\"Home\",\"item\":\"https:\\\/\\\/suresms.com\\\/dk\\\/\"},{\"@type\":\"ListItem\",\"position\":2,\"name\":\"LP\",\"item\":\"https:\\\/\\\/suresms.com\\\/lp\\\/\"},{\"@type\":\"ListItem\",\"position\":3,\"name\":\"LP-Branche\",\"item\":\"https:\\\/\\\/suresms.com\\\/lp\\\/branche\\\/\"},{\"@type\":\"ListItem\",\"position\":4,\"name\":\"SMS marketing til vinhandlere | Skab loyalitet og mersalg\"}]},{\"@type\":\"WebSite\",\"@id\":\"https:\\\/\\\/suresms.com\\\/en\\\/#website\",\"url\":\"https:\\\/\\\/suresms.com\\\/en\\\/\",\"name\":\"SureSMS\",\"description\":\"Professionel SMS Gateway\",\"publisher\":{\"@id\":\"https:\\\/\\\/suresms.com\\\/en\\\/#organization\"},\"potentialAction\":[{\"@type\":\"SearchAction\",\"target\":{\"@type\":\"EntryPoint\",\"urlTemplate\":\"https:\\\/\\\/suresms.com\\\/en\\\/?s={search_term_string}\"},\"query-input\":{\"@type\":\"PropertyValueSpecification\",\"valueRequired\":true,\"valueName\":\"search_term_string\"}}],\"inLanguage\":\"es\"},{\"@type\":\"Organization\",\"@id\":\"https:\\\/\\\/suresms.com\\\/en\\\/#organization\",\"name\":\"SureSMS\",\"url\":\"https:\\\/\\\/suresms.com\\\/en\\\/\",\"logo\":{\"@type\":\"ImageObject\",\"inLanguage\":\"es\",\"@id\":\"https:\\\/\\\/suresms.com\\\/en\\\/#\\\/schema\\\/logo\\\/image\\\/\",\"url\":\"https:\\\/\\\/suresms.com\\\/wp-content\\\/uploads\\\/2024\\\/11\\\/suresms-300x65-1.png\",\"contentUrl\":\"https:\\\/\\\/suresms.com\\\/wp-content\\\/uploads\\\/2024\\\/11\\\/suresms-300x65-1.png\",\"width\":300,\"height\":65,\"caption\":\"SureSMS\"},\"image\":{\"@id\":\"https:\\\/\\\/suresms.com\\\/en\\\/#\\\/schema\\\/logo\\\/image\\\/\"},\"sameAs\":[\"https:\\\/\\\/www.facebook.com\\\/p\\\/SureSMS-100044607956149\\\/\"]}]}<\/script>\r\n<!-- \/ Yoast SEO Premium plugin. -->","yoast_head_json":{"title":"Marketing por SMS para comerciantes de vino | Fomente la fidelidad y aumente las ventas -","description":"Descubre c\u00f3mo los comerciantes de vino usan los SMS para eventos, nuevas cosechas y clientes VIP. Obt\u00e9n ejemplos concretos de marketing por SMS en la industria del vino.","robots":{"index":"index","follow":"follow","max-snippet":"max-snippet:-1","max-image-preview":"max-image-preview:large","max-video-preview":"max-video-preview:-1"},"canonical":"https:\/\/suresms.com\/es\/lp\/sector\/sms-marketing-para-comerciantes-de-vino08-01-2026-180523\/","og_locale":"es_ES","og_type":"article","og_title":"SMS marketing til vinhandlere | Skab loyalitet og mersalg","og_description":"Se hvordan vinhandlere bruger SMS til events, nye \u00e5rgange og VIP-kunder. F\u00e5 konkrete eksempler p\u00e5 SMS marketing i vinbranchen.","og_url":"https:\/\/suresms.com\/es\/lp\/sector\/sms-marketing-para-comerciantes-de-vino08-01-2026-180523\/","article_publisher":"https:\/\/www.facebook.com\/p\/SureSMS-100044607956149\/","article_modified_time":"2026-01-09T05:52:22+00:00","og_image":[{"url":"https:\/\/suresms.com\/wp-content\/uploads\/2026\/01\/FORDELE-3-8.png","type":"","width":"","height":""}],"twitter_card":"summary_large_image","twitter_misc":{"Tiempo de lectura":"2 minutos"},"schema":{"@context":"https:\/\/schema.org","@graph":[{"@type":"WebPage","@id":"https:\/\/suresms.com\/dk\/lp\/branche\/sms-marketing-for-vinhandlere08-01-2026-180523\/","url":"https:\/\/suresms.com\/dk\/lp\/branche\/sms-marketing-for-vinhandlere08-01-2026-180523\/","name":"Marketing por SMS para comerciantes de vino | Fomente la fidelidad y aumente las ventas -","isPartOf":{"@id":"https:\/\/suresms.com\/en\/#website"},"primaryImageOfPage":{"@id":"https:\/\/suresms.com\/dk\/lp\/branche\/sms-marketing-for-vinhandlere08-01-2026-180523\/#primaryimage"},"image":{"@id":"https:\/\/suresms.com\/dk\/lp\/branche\/sms-marketing-for-vinhandlere08-01-2026-180523\/#primaryimage"},"thumbnailUrl":"https:\/\/suresms.com\/wp-content\/uploads\/2026\/01\/FORDELE-3-8.png","datePublished":"2026-01-08T17:05:23+00:00","dateModified":"2026-01-09T05:52:22+00:00","description":"Descubre c\u00f3mo los comerciantes de vino usan los SMS para eventos, nuevas cosechas y clientes VIP. Obt\u00e9n ejemplos concretos de marketing por SMS en la industria del vino.","breadcrumb":{"@id":"https:\/\/suresms.com\/dk\/lp\/branche\/sms-marketing-for-vinhandlere08-01-2026-180523\/#breadcrumb"},"inLanguage":"es","potentialAction":[{"@type":"ReadAction","target":["https:\/\/suresms.com\/dk\/lp\/branche\/sms-marketing-for-vinhandlere08-01-2026-180523\/"]}]},{"@type":"ImageObject","inLanguage":"es","@id":"https:\/\/suresms.com\/dk\/lp\/branche\/sms-marketing-for-vinhandlere08-01-2026-180523\/#primaryimage","url":"https:\/\/suresms.com\/wp-content\/uploads\/2026\/01\/FORDELE-3-8.png","contentUrl":"https:\/\/suresms.com\/wp-content\/uploads\/2026\/01\/FORDELE-3-8.png"},{"@type":"BreadcrumbList","@id":"https:\/\/suresms.com\/dk\/lp\/branche\/sms-marketing-for-vinhandlere08-01-2026-180523\/#breadcrumb","itemListElement":[{"@type":"ListItem","position":1,"name":"Home","item":"https:\/\/suresms.com\/dk\/"},{"@type":"ListItem","position":2,"name":"LP","item":"https:\/\/suresms.com\/lp\/"},{"@type":"ListItem","position":3,"name":"LP-Branche","item":"https:\/\/suresms.com\/lp\/branche\/"},{"@type":"ListItem","position":4,"name":"SMS marketing til vinhandlere | Skab loyalitet og mersalg"}]},{"@type":"WebSite","@id":"https:\/\/suresms.com\/en\/#website","url":"https:\/\/suresms.com\/en\/","name":"SureSMS","description":"Pasarela SMS profesional","publisher":{"@id":"https:\/\/suresms.com\/en\/#organization"},"potentialAction":[{"@type":"SearchAction","target":{"@type":"EntryPoint","urlTemplate":"https:\/\/suresms.com\/en\/?s={search_term_string}"},"query-input":{"@type":"PropertyValueSpecification","valueRequired":true,"valueName":"search_term_string"}}],"inLanguage":"es"},{"@type":"Organization","@id":"https:\/\/suresms.com\/en\/#organization","name":"SureSMS","url":"https:\/\/suresms.com\/en\/","logo":{"@type":"ImageObject","inLanguage":"es","@id":"https:\/\/suresms.com\/en\/#\/schema\/logo\/image\/","url":"https:\/\/suresms.com\/wp-content\/uploads\/2024\/11\/suresms-300x65-1.png","contentUrl":"https:\/\/suresms.com\/wp-content\/uploads\/2024\/11\/suresms-300x65-1.png","width":300,"height":65,"caption":"SureSMS"},"image":{"@id":"https:\/\/suresms.com\/en\/#\/schema\/logo\/image\/"},"sameAs":["https:\/\/www.facebook.com\/p\/SureSMS-100044607956149\/"]}]}},"_links":{"self":[{"href":"https:\/\/suresms.com\/es\/wp-json\/wp\/v2\/pages\/23794","targetHints":{"allow":["GET"]}}],"collection":[{"href":"https:\/\/suresms.com\/es\/wp-json\/wp\/v2\/pages"}],"about":[{"href":"https:\/\/suresms.com\/es\/wp-json\/wp\/v2\/types\/page"}],"author":[{"embeddable":true,"href":"https:\/\/suresms.com\/es\/wp-json\/wp\/v2\/users\/1"}],"replies":[{"embeddable":true,"href":"https:\/\/suresms.com\/es\/wp-json\/wp\/v2\/comments?post=23794"}],"version-history":[{"count":2,"href":"https:\/\/suresms.com\/es\/wp-json\/wp\/v2\/pages\/23794\/revisions"}],"predecessor-version":[{"id":23799,"href":"https:\/\/suresms.com\/es\/wp-json\/wp\/v2\/pages\/23794\/revisions\/23799"}],"up":[{"embeddable":true,"href":"https:\/\/suresms.com\/es\/wp-json\/wp\/v2\/pages\/23772"}],"wp:attachment":[{"href":"https:\/\/suresms.com\/es\/wp-json\/wp\/v2\/media?parent=23794"}],"wp:term":[{"taxonomy":"category","embeddable":true,"href":"https:\/\/suresms.com\/es\/wp-json\/wp\/v2\/categories?post=23794"},{"taxonomy":"post_tag","embeddable":true,"href":"https:\/\/suresms.com\/es\/wp-json\/wp\/v2\/tags?post=23794"}],"curies":[{"name":"wp","href":"https:\/\/api.w.org\/{rel}","templated":true}]}}